{"id":72602,"date":"2025-02-18T10:29:49","date_gmt":"2025-02-18T09:29:49","guid":{"rendered":"https:\/\/innow.pl\/?post_type=product&#038;p=72602"},"modified":"2025-10-03T09:54:40","modified_gmt":"2025-10-03T07:54:40","slug":"wol4971-waga-medyczna-ze-wzrostomierzem-pomiarem-bmi-bsa","status":"publish","type":"product","link":"https:\/\/innow.pl\/fr\/produkt\/wol4971-waga-medyczna-ze-wzrostomierzem-pomiarem-bmi-bsa\/","title":{"rendered":"WOL4971 &#8211; Waga medyczna ze wzrostomierzem, pomiarem BMI, BSA"},"content":{"rendered":"<p>Waga medyczna ze wzrostomierzem, legalizowana.<\/p>\n<p>Cechy:<\/p>\n<ul>\n<li>bardzo dobra jako\u015b\u0107 i wytrzyma\u0142o\u015b\u0107,<\/li>\n<li>wzrostomierz 60-210 cm z podzia\u0142k\u0105 co 1 mm,<\/li>\n<li>mo\u017cliwo\u015b\u0107 pomiaru masy cia\u0142a do 300 kg,<\/li>\n<li>dok\u0142adno\u015b\u0107 100g,<\/li>\n<li>obliczanie BMI,<\/li>\n<li>obliczanie BSA (powierzchnia cia\u0142a pacjenta),<\/li>\n<li>w zestawie zasilacz,<\/li>\n<li>port USB do pod\u0142\u0105czania do komputera,<\/li>\n<li>wy\u015bwietlacz zabezpieczony przed zalaniem,<\/li>\n<li>legalizowana.<\/li>\n<\/ul>\n","protected":false},"excerpt":{"rendered":"<p>Waga medyczna ze wzrostomierzem, legalizowana. Cechy: bardzo dobra jako\u015b\u0107 i wytrzyma\u0142o\u015b\u0107, wzrostomierz 60-210 cm z podzia\u0142k\u0105 co 1 mm, mo\u017cliwo\u015b\u0107 pomiaru masy cia\u0142a do 300 kg, dok\u0142adno\u015b\u0107 100g, obliczanie BMI, obliczanie BSA (powierzchnia cia\u0142a pacjenta), w zestawie zasilacz, port USB do pod\u0142\u0105czania do komputera, wy\u015bwietlacz zabezpieczony przed zalaniem, legalizowana.<\/p>\n","protected":false},"featured_media":72603,"comment_status":"open","ping_status":"closed","template":"","meta":{"_acf_changed":false},"product_brand":[],"product_cat":[528],"product_tag":[],"class_list":{"0":"post-72602","1":"product","2":"type-product","3":"status-publish","4":"has-post-thumbnail","6":"product_cat-wagi-lekarskie","8":"first","9":"instock","10":"taxable","11":"shipping-taxable","12":"purchasable","13":"product-type-simple"},"acf":[],"yoast_head":"<!-- This site is optimized with the Yoast SEO plugin v27.4 - https:\/\/yoast.com\/product\/yoast-seo-wordpress\/ -->\n<title>WOL4971 - Waga medyczna ze wzrostomierzem, pomiarem BMI, BSA - INNOW<\/title>\n<meta name=\"description\" content=\"Wytrzyma\u0142a waga medyczna do 300 kg ze wzrostomierzem 60-210 cm. Mo\u017cliwo\u015b\u0107 pomiaru BMI i BSA, wbudowany port USB, zasilacz w zestawie.\" \/>\n<meta name=\"robots\" content=\"index, follow, max-snippet:-1, max-image-preview:large, max-video-preview:-1\" \/>\n<link rel=\"canonical\" href=\"https:\/\/innow.pl\/produkt\/wol4971-waga-medyczna-ze-wzrostomierzem-pomiarem-bmi-bsa\/\" \/>\n<meta property=\"og:locale\" content=\"fr_FR\" \/>\n<meta property=\"og:type\" content=\"article\" \/>\n<meta property=\"og:title\" content=\"WOL4971 - Waga medyczna ze wzrostomierzem, pomiarem BMI, BSA - INNOW\" \/>\n<meta property=\"og:description\" content=\"Wytrzyma\u0142a waga medyczna do 300 kg ze wzrostomierzem 60-210 cm. Mo\u017cliwo\u015b\u0107 pomiaru BMI i BSA, wbudowany port USB, zasilacz w zestawie.\" \/>\n<meta property=\"og:url\" content=\"https:\/\/innow.pl\/produkt\/wol4971-waga-medyczna-ze-wzrostomierzem-pomiarem-bmi-bsa\/\" \/>\n<meta property=\"og:site_name\" content=\"INNOW\" \/>\n<meta property=\"article:modified_time\" content=\"2025-10-03T07:54:40+00:00\" \/>\n<meta property=\"og:image\" content=\"https:\/\/innow.pl\/wp-content\/uploads\/2025\/02\/WOL4971.jpg\" \/>\n\t<meta property=\"og:image:width\" content=\"1000\" \/>\n\t<meta property=\"og:image:height\" content=\"1000\" \/>\n\t<meta property=\"og:image:type\" content=\"image\/jpeg\" \/>\n<meta name=\"twitter:card\" content=\"summary_large_image\" \/>\n<meta name=\"twitter:label1\" content=\"Dur\u00e9e de lecture estim\u00e9e\" \/>\n\t<meta name=\"twitter:data1\" content=\"1 minute\" \/>\n<script type=\"application\/ld+json\" class=\"yoast-schema-graph\">{\"@context\":\"https:\\\/\\\/schema.org\",\"@graph\":[{\"@type\":\"WebPage\",\"@id\":\"https:\\\/\\\/innow.pl\\\/produkt\\\/wol4971-waga-medyczna-ze-wzrostomierzem-pomiarem-bmi-bsa\\\/\",\"url\":\"https:\\\/\\\/innow.pl\\\/produkt\\\/wol4971-waga-medyczna-ze-wzrostomierzem-pomiarem-bmi-bsa\\\/\",\"name\":\"WOL4971 - Waga medyczna ze wzrostomierzem, pomiarem BMI, BSA - INNOW\",\"isPartOf\":{\"@id\":\"https:\\\/\\\/innow.pl\\\/#website\"},\"primaryImageOfPage\":{\"@id\":\"https:\\\/\\\/innow.pl\\\/produkt\\\/wol4971-waga-medyczna-ze-wzrostomierzem-pomiarem-bmi-bsa\\\/#primaryimage\"},\"image\":{\"@id\":\"https:\\\/\\\/innow.pl\\\/produkt\\\/wol4971-waga-medyczna-ze-wzrostomierzem-pomiarem-bmi-bsa\\\/#primaryimage\"},\"thumbnailUrl\":\"https:\\\/\\\/innow.pl\\\/wp-content\\\/uploads\\\/2025\\\/02\\\/WOL4971.jpg\",\"datePublished\":\"2025-02-18T09:29:49+00:00\",\"dateModified\":\"2025-10-03T07:54:40+00:00\",\"description\":\"Wytrzyma\u0142a waga medyczna do 300 kg ze wzrostomierzem 60-210 cm. Mo\u017cliwo\u015b\u0107 pomiaru BMI i BSA, wbudowany port USB, zasilacz w zestawie.\",\"breadcrumb\":{\"@id\":\"https:\\\/\\\/innow.pl\\\/produkt\\\/wol4971-waga-medyczna-ze-wzrostomierzem-pomiarem-bmi-bsa\\\/#breadcrumb\"},\"inLanguage\":\"fr-FR\",\"potentialAction\":[{\"@type\":\"ReadAction\",\"target\":[\"https:\\\/\\\/innow.pl\\\/produkt\\\/wol4971-waga-medyczna-ze-wzrostomierzem-pomiarem-bmi-bsa\\\/\"]}]},{\"@type\":\"ImageObject\",\"inLanguage\":\"fr-FR\",\"@id\":\"https:\\\/\\\/innow.pl\\\/produkt\\\/wol4971-waga-medyczna-ze-wzrostomierzem-pomiarem-bmi-bsa\\\/#primaryimage\",\"url\":\"https:\\\/\\\/innow.pl\\\/wp-content\\\/uploads\\\/2025\\\/02\\\/WOL4971.jpg\",\"contentUrl\":\"https:\\\/\\\/innow.pl\\\/wp-content\\\/uploads\\\/2025\\\/02\\\/WOL4971.jpg\",\"width\":1000,\"height\":1000},{\"@type\":\"BreadcrumbList\",\"@id\":\"https:\\\/\\\/innow.pl\\\/produkt\\\/wol4971-waga-medyczna-ze-wzrostomierzem-pomiarem-bmi-bsa\\\/#breadcrumb\",\"itemListElement\":[{\"@type\":\"ListItem\",\"position\":1,\"name\":\"INNOW\",\"item\":\"https:\\\/\\\/innow.pl\\\/fr\\\/\"},{\"@type\":\"ListItem\",\"position\":2,\"name\":\"Produkty\",\"item\":\"https:\\\/\\\/innow.pl\\\/produkty\\\/\"},{\"@type\":\"ListItem\",\"position\":3,\"name\":\"Meble medyczne\",\"item\":\"https:\\\/\\\/innow.pl\\\/produkty\\\/meble-medyczne\\\/\"},{\"@type\":\"ListItem\",\"position\":4,\"name\":\"Wagi lekarskie\",\"item\":\"https:\\\/\\\/innow.pl\\\/produkty\\\/meble-medyczne\\\/wagi-lekarskie\\\/\"},{\"@type\":\"ListItem\",\"position\":5,\"name\":\"WOL4971 &#8211; Waga medyczna ze wzrostomierzem, pomiarem BMI, BSA\"}]},{\"@type\":\"WebSite\",\"@id\":\"https:\\\/\\\/innow.pl\\\/#website\",\"url\":\"https:\\\/\\\/innow.pl\\\/\",\"name\":\"INNOW\",\"description\":\"\",\"potentialAction\":[{\"@type\":\"SearchAction\",\"target\":{\"@type\":\"EntryPoint\",\"urlTemplate\":\"https:\\\/\\\/innow.pl\\\/?s={search_term_string}\"},\"query-input\":{\"@type\":\"PropertyValueSpecification\",\"valueRequired\":true,\"valueName\":\"search_term_string\"}}],\"inLanguage\":\"fr-FR\"}]}<\/script>\n<!-- \/ Yoast SEO plugin. -->","yoast_head_json":{"title":"WOL4971 - Waga medyczna ze wzrostomierzem, pomiarem BMI, BSA - INNOW","description":"Wytrzyma\u0142a waga medyczna do 300 kg ze wzrostomierzem 60-210 cm. Mo\u017cliwo\u015b\u0107 pomiaru BMI i BSA, wbudowany port USB, zasilacz w zestawie.","robots":{"index":"index","follow":"follow","max-snippet":"max-snippet:-1","max-image-preview":"max-image-preview:large","max-video-preview":"max-video-preview:-1"},"canonical":"https:\/\/innow.pl\/produkt\/wol4971-waga-medyczna-ze-wzrostomierzem-pomiarem-bmi-bsa\/","og_locale":"fr_FR","og_type":"article","og_title":"WOL4971 - Waga medyczna ze wzrostomierzem, pomiarem BMI, BSA - INNOW","og_description":"Wytrzyma\u0142a waga medyczna do 300 kg ze wzrostomierzem 60-210 cm. Mo\u017cliwo\u015b\u0107 pomiaru BMI i BSA, wbudowany port USB, zasilacz w zestawie.","og_url":"https:\/\/innow.pl\/produkt\/wol4971-waga-medyczna-ze-wzrostomierzem-pomiarem-bmi-bsa\/","og_site_name":"INNOW","article_modified_time":"2025-10-03T07:54:40+00:00","og_image":[{"width":1000,"height":1000,"url":"https:\/\/innow.pl\/wp-content\/uploads\/2025\/02\/WOL4971.jpg","type":"image\/jpeg"}],"twitter_card":"summary_large_image","twitter_misc":{"Dur\u00e9e de lecture estim\u00e9e":"1 minute"},"schema":{"@context":"https:\/\/schema.org","@graph":[{"@type":"WebPage","@id":"https:\/\/innow.pl\/produkt\/wol4971-waga-medyczna-ze-wzrostomierzem-pomiarem-bmi-bsa\/","url":"https:\/\/innow.pl\/produkt\/wol4971-waga-medyczna-ze-wzrostomierzem-pomiarem-bmi-bsa\/","name":"WOL4971 - Waga medyczna ze wzrostomierzem, pomiarem BMI, BSA - INNOW","isPartOf":{"@id":"https:\/\/innow.pl\/#website"},"primaryImageOfPage":{"@id":"https:\/\/innow.pl\/produkt\/wol4971-waga-medyczna-ze-wzrostomierzem-pomiarem-bmi-bsa\/#primaryimage"},"image":{"@id":"https:\/\/innow.pl\/produkt\/wol4971-waga-medyczna-ze-wzrostomierzem-pomiarem-bmi-bsa\/#primaryimage"},"thumbnailUrl":"https:\/\/innow.pl\/wp-content\/uploads\/2025\/02\/WOL4971.jpg","datePublished":"2025-02-18T09:29:49+00:00","dateModified":"2025-10-03T07:54:40+00:00","description":"Wytrzyma\u0142a waga medyczna do 300 kg ze wzrostomierzem 60-210 cm. Mo\u017cliwo\u015b\u0107 pomiaru BMI i BSA, wbudowany port USB, zasilacz w zestawie.","breadcrumb":{"@id":"https:\/\/innow.pl\/produkt\/wol4971-waga-medyczna-ze-wzrostomierzem-pomiarem-bmi-bsa\/#breadcrumb"},"inLanguage":"fr-FR","potentialAction":[{"@type":"ReadAction","target":["https:\/\/innow.pl\/produkt\/wol4971-waga-medyczna-ze-wzrostomierzem-pomiarem-bmi-bsa\/"]}]},{"@type":"ImageObject","inLanguage":"fr-FR","@id":"https:\/\/innow.pl\/produkt\/wol4971-waga-medyczna-ze-wzrostomierzem-pomiarem-bmi-bsa\/#primaryimage","url":"https:\/\/innow.pl\/wp-content\/uploads\/2025\/02\/WOL4971.jpg","contentUrl":"https:\/\/innow.pl\/wp-content\/uploads\/2025\/02\/WOL4971.jpg","width":1000,"height":1000},{"@type":"BreadcrumbList","@id":"https:\/\/innow.pl\/produkt\/wol4971-waga-medyczna-ze-wzrostomierzem-pomiarem-bmi-bsa\/#breadcrumb","itemListElement":[{"@type":"ListItem","position":1,"name":"INNOW","item":"https:\/\/innow.pl\/fr\/"},{"@type":"ListItem","position":2,"name":"Produkty","item":"https:\/\/innow.pl\/produkty\/"},{"@type":"ListItem","position":3,"name":"Meble medyczne","item":"https:\/\/innow.pl\/produkty\/meble-medyczne\/"},{"@type":"ListItem","position":4,"name":"Wagi lekarskie","item":"https:\/\/innow.pl\/produkty\/meble-medyczne\/wagi-lekarskie\/"},{"@type":"ListItem","position":5,"name":"WOL4971 &#8211; Waga medyczna ze wzrostomierzem, pomiarem BMI, BSA"}]},{"@type":"WebSite","@id":"https:\/\/innow.pl\/#website","url":"https:\/\/innow.pl\/","name":"INNOW","description":"","potentialAction":[{"@type":"SearchAction","target":{"@type":"EntryPoint","urlTemplate":"https:\/\/innow.pl\/?s={search_term_string}"},"query-input":{"@type":"PropertyValueSpecification","valueRequired":true,"valueName":"search_term_string"}}],"inLanguage":"fr-FR"}]}},"_links":{"self":[{"href":"https:\/\/innow.pl\/fr\/wp-json\/wp\/v2\/product\/72602","targetHints":{"allow":["GET"]}}],"collection":[{"href":"https:\/\/innow.pl\/fr\/wp-json\/wp\/v2\/product"}],"about":[{"href":"https:\/\/innow.pl\/fr\/wp-json\/wp\/v2\/types\/product"}],"replies":[{"embeddable":true,"href":"https:\/\/innow.pl\/fr\/wp-json\/wp\/v2\/comments?post=72602"}],"wp:featuredmedia":[{"embeddable":true,"href":"https:\/\/innow.pl\/fr\/wp-json\/wp\/v2\/media\/72603"}],"wp:attachment":[{"href":"https:\/\/innow.pl\/fr\/wp-json\/wp\/v2\/media?parent=72602"}],"wp:term":[{"taxonomy":"product_brand","embeddable":true,"href":"https:\/\/innow.pl\/fr\/wp-json\/wp\/v2\/product_brand?post=72602"},{"taxonomy":"product_cat","embeddable":true,"href":"https:\/\/innow.pl\/fr\/wp-json\/wp\/v2\/product_cat?post=72602"},{"taxonomy":"product_tag","embeddable":true,"href":"https:\/\/innow.pl\/fr\/wp-json\/wp\/v2\/product_tag?post=72602"}],"curies":[{"name":"wp","href":"https:\/\/api.w.org\/{rel}","templated":true}]}}