{"id":72599,"date":"2025-02-18T10:32:01","date_gmt":"2025-02-18T09:32:01","guid":{"rendered":"https:\/\/innow.pl\/?post_type=product&#038;p=72599"},"modified":"2025-10-03T09:57:24","modified_gmt":"2025-10-03T07:57:24","slug":"wn2400-waga-medyczna-niemowleca-i-podlogowa","status":"publish","type":"product","link":"https:\/\/innow.pl\/fr\/produkt\/wn2400-waga-medyczna-niemowleca-i-podlogowa\/","title":{"rendered":"WN2400 &#8211; Waga medyczna niemowl\u0119ca i pod\u0142ogowa"},"content":{"rendered":"<p>Waga medyczna niemowl\u0119ca\/dzieci\u0119ca umo\u017cliwiaj\u0105ca wa\u017cenie na le\u017c\u0105co i stoj\u0105co (po zdj\u0119ciu szalki).<\/p>\n<p>Cechy:<\/p>\n<ul>\n<li>mo\u017cliwo\u015b\u0107 monta\u017cu wzrostomierza,<\/li>\n<li>mo\u017cliwo\u015b\u0107 pomiaru masy cia\u0142a do 20 kg,<\/li>\n<li>demontowana szalka umo\u017cliwiaj\u0105ca wa\u017cenie dzieci na stoj\u0105co,<\/li>\n<li>zasilacz w zestawie,<\/li>\n<li>odporny na zalanie panel,<\/li>\n<li>regulowane, gumowe nogi.<\/li>\n<\/ul>\n","protected":false},"excerpt":{"rendered":"<p>Waga medyczna niemowl\u0119ca\/dzieci\u0119ca umo\u017cliwiaj\u0105ca wa\u017cenie na le\u017c\u0105co i stoj\u0105co (po zdj\u0119ciu szalki). Cechy: mo\u017cliwo\u015b\u0107 monta\u017cu wzrostomierza, mo\u017cliwo\u015b\u0107 pomiaru masy cia\u0142a do 20 kg, demontowana szalka umo\u017cliwiaj\u0105ca wa\u017cenie dzieci na stoj\u0105co, zasilacz w zestawie, odporny na zalanie panel, regulowane, gumowe nogi.<\/p>\n","protected":false},"featured_media":72600,"comment_status":"open","ping_status":"closed","template":"","meta":{"_acf_changed":false},"product_brand":[],"product_cat":[528],"product_tag":[],"class_list":{"0":"post-72599","1":"product","2":"type-product","3":"status-publish","4":"has-post-thumbnail","6":"product_cat-wagi-lekarskie","8":"first","9":"instock","10":"taxable","11":"shipping-taxable","12":"purchasable","13":"product-type-simple"},"acf":[],"yoast_head":"<!-- This site is optimized with the Yoast SEO plugin v27.4 - https:\/\/yoast.com\/product\/yoast-seo-wordpress\/ -->\n<title>WN2400 - Waga medyczna niemowl\u0119ca i pod\u0142ogowa - INNOW<\/title>\n<meta name=\"description\" content=\"Waga medyczna niemowl\u0119ca i dzieci\u0119ca do 20 kg, ze zdejmowan\u0105 szalk\u0105 - mo\u017cliwo\u015b\u0107 wa\u017cenia dzieci na stoj\u0105co, zasilacz w zestawie. Zobacz!\" \/>\n<meta name=\"robots\" content=\"index, follow, max-snippet:-1, max-image-preview:large, max-video-preview:-1\" \/>\n<link rel=\"canonical\" href=\"https:\/\/innow.pl\/produkt\/wn2400-waga-medyczna-niemowleca-i-podlogowa\/\" \/>\n<meta property=\"og:locale\" content=\"fr_FR\" \/>\n<meta property=\"og:type\" content=\"article\" \/>\n<meta property=\"og:title\" content=\"WN2400 - Waga medyczna niemowl\u0119ca i pod\u0142ogowa - INNOW\" \/>\n<meta property=\"og:description\" content=\"Waga medyczna niemowl\u0119ca i dzieci\u0119ca do 20 kg, ze zdejmowan\u0105 szalk\u0105 - mo\u017cliwo\u015b\u0107 wa\u017cenia dzieci na stoj\u0105co, zasilacz w zestawie. Zobacz!\" \/>\n<meta property=\"og:url\" content=\"https:\/\/innow.pl\/produkt\/wn2400-waga-medyczna-niemowleca-i-podlogowa\/\" \/>\n<meta property=\"og:site_name\" content=\"INNOW\" \/>\n<meta property=\"article:modified_time\" content=\"2025-10-03T07:57:24+00:00\" \/>\n<meta property=\"og:image\" content=\"https:\/\/innow.pl\/wp-content\/uploads\/2025\/02\/WN4200.jpg\" \/>\n\t<meta property=\"og:image:width\" content=\"1000\" \/>\n\t<meta property=\"og:image:height\" content=\"1000\" \/>\n\t<meta property=\"og:image:type\" content=\"image\/jpeg\" \/>\n<meta name=\"twitter:card\" content=\"summary_large_image\" \/>\n<meta name=\"twitter:label1\" content=\"Dur\u00e9e de lecture estim\u00e9e\" \/>\n\t<meta name=\"twitter:data1\" content=\"1 minute\" \/>\n<script type=\"application\/ld+json\" class=\"yoast-schema-graph\">{\"@context\":\"https:\\\/\\\/schema.org\",\"@graph\":[{\"@type\":\"WebPage\",\"@id\":\"https:\\\/\\\/innow.pl\\\/produkt\\\/wn2400-waga-medyczna-niemowleca-i-podlogowa\\\/\",\"url\":\"https:\\\/\\\/innow.pl\\\/produkt\\\/wn2400-waga-medyczna-niemowleca-i-podlogowa\\\/\",\"name\":\"WN2400 - Waga medyczna niemowl\u0119ca i pod\u0142ogowa - INNOW\",\"isPartOf\":{\"@id\":\"https:\\\/\\\/innow.pl\\\/#website\"},\"primaryImageOfPage\":{\"@id\":\"https:\\\/\\\/innow.pl\\\/produkt\\\/wn2400-waga-medyczna-niemowleca-i-podlogowa\\\/#primaryimage\"},\"image\":{\"@id\":\"https:\\\/\\\/innow.pl\\\/produkt\\\/wn2400-waga-medyczna-niemowleca-i-podlogowa\\\/#primaryimage\"},\"thumbnailUrl\":\"https:\\\/\\\/innow.pl\\\/wp-content\\\/uploads\\\/2025\\\/02\\\/WN4200.jpg\",\"datePublished\":\"2025-02-18T09:32:01+00:00\",\"dateModified\":\"2025-10-03T07:57:24+00:00\",\"description\":\"Waga medyczna niemowl\u0119ca i dzieci\u0119ca do 20 kg, ze zdejmowan\u0105 szalk\u0105 - mo\u017cliwo\u015b\u0107 wa\u017cenia dzieci na stoj\u0105co, zasilacz w zestawie. Zobacz!\",\"breadcrumb\":{\"@id\":\"https:\\\/\\\/innow.pl\\\/produkt\\\/wn2400-waga-medyczna-niemowleca-i-podlogowa\\\/#breadcrumb\"},\"inLanguage\":\"fr-FR\",\"potentialAction\":[{\"@type\":\"ReadAction\",\"target\":[\"https:\\\/\\\/innow.pl\\\/produkt\\\/wn2400-waga-medyczna-niemowleca-i-podlogowa\\\/\"]}]},{\"@type\":\"ImageObject\",\"inLanguage\":\"fr-FR\",\"@id\":\"https:\\\/\\\/innow.pl\\\/produkt\\\/wn2400-waga-medyczna-niemowleca-i-podlogowa\\\/#primaryimage\",\"url\":\"https:\\\/\\\/innow.pl\\\/wp-content\\\/uploads\\\/2025\\\/02\\\/WN4200.jpg\",\"contentUrl\":\"https:\\\/\\\/innow.pl\\\/wp-content\\\/uploads\\\/2025\\\/02\\\/WN4200.jpg\",\"width\":1000,\"height\":1000},{\"@type\":\"BreadcrumbList\",\"@id\":\"https:\\\/\\\/innow.pl\\\/produkt\\\/wn2400-waga-medyczna-niemowleca-i-podlogowa\\\/#breadcrumb\",\"itemListElement\":[{\"@type\":\"ListItem\",\"position\":1,\"name\":\"INNOW\",\"item\":\"https:\\\/\\\/innow.pl\\\/fr\\\/\"},{\"@type\":\"ListItem\",\"position\":2,\"name\":\"Produkty\",\"item\":\"https:\\\/\\\/innow.pl\\\/produkty\\\/\"},{\"@type\":\"ListItem\",\"position\":3,\"name\":\"Meble medyczne\",\"item\":\"https:\\\/\\\/innow.pl\\\/produkty\\\/meble-medyczne\\\/\"},{\"@type\":\"ListItem\",\"position\":4,\"name\":\"Wagi lekarskie\",\"item\":\"https:\\\/\\\/innow.pl\\\/produkty\\\/meble-medyczne\\\/wagi-lekarskie\\\/\"},{\"@type\":\"ListItem\",\"position\":5,\"name\":\"WN2400 &#8211; Waga medyczna niemowl\u0119ca i pod\u0142ogowa\"}]},{\"@type\":\"WebSite\",\"@id\":\"https:\\\/\\\/innow.pl\\\/#website\",\"url\":\"https:\\\/\\\/innow.pl\\\/\",\"name\":\"INNOW\",\"description\":\"\",\"potentialAction\":[{\"@type\":\"SearchAction\",\"target\":{\"@type\":\"EntryPoint\",\"urlTemplate\":\"https:\\\/\\\/innow.pl\\\/?s={search_term_string}\"},\"query-input\":{\"@type\":\"PropertyValueSpecification\",\"valueRequired\":true,\"valueName\":\"search_term_string\"}}],\"inLanguage\":\"fr-FR\"}]}<\/script>\n<!-- \/ Yoast SEO plugin. -->","yoast_head_json":{"title":"WN2400 - Waga medyczna niemowl\u0119ca i pod\u0142ogowa - INNOW","description":"Waga medyczna niemowl\u0119ca i dzieci\u0119ca do 20 kg, ze zdejmowan\u0105 szalk\u0105 - mo\u017cliwo\u015b\u0107 wa\u017cenia dzieci na stoj\u0105co, zasilacz w zestawie. Zobacz!","robots":{"index":"index","follow":"follow","max-snippet":"max-snippet:-1","max-image-preview":"max-image-preview:large","max-video-preview":"max-video-preview:-1"},"canonical":"https:\/\/innow.pl\/produkt\/wn2400-waga-medyczna-niemowleca-i-podlogowa\/","og_locale":"fr_FR","og_type":"article","og_title":"WN2400 - Waga medyczna niemowl\u0119ca i pod\u0142ogowa - INNOW","og_description":"Waga medyczna niemowl\u0119ca i dzieci\u0119ca do 20 kg, ze zdejmowan\u0105 szalk\u0105 - mo\u017cliwo\u015b\u0107 wa\u017cenia dzieci na stoj\u0105co, zasilacz w zestawie. Zobacz!","og_url":"https:\/\/innow.pl\/produkt\/wn2400-waga-medyczna-niemowleca-i-podlogowa\/","og_site_name":"INNOW","article_modified_time":"2025-10-03T07:57:24+00:00","og_image":[{"width":1000,"height":1000,"url":"https:\/\/innow.pl\/wp-content\/uploads\/2025\/02\/WN4200.jpg","type":"image\/jpeg"}],"twitter_card":"summary_large_image","twitter_misc":{"Dur\u00e9e de lecture estim\u00e9e":"1 minute"},"schema":{"@context":"https:\/\/schema.org","@graph":[{"@type":"WebPage","@id":"https:\/\/innow.pl\/produkt\/wn2400-waga-medyczna-niemowleca-i-podlogowa\/","url":"https:\/\/innow.pl\/produkt\/wn2400-waga-medyczna-niemowleca-i-podlogowa\/","name":"WN2400 - Waga medyczna niemowl\u0119ca i pod\u0142ogowa - INNOW","isPartOf":{"@id":"https:\/\/innow.pl\/#website"},"primaryImageOfPage":{"@id":"https:\/\/innow.pl\/produkt\/wn2400-waga-medyczna-niemowleca-i-podlogowa\/#primaryimage"},"image":{"@id":"https:\/\/innow.pl\/produkt\/wn2400-waga-medyczna-niemowleca-i-podlogowa\/#primaryimage"},"thumbnailUrl":"https:\/\/innow.pl\/wp-content\/uploads\/2025\/02\/WN4200.jpg","datePublished":"2025-02-18T09:32:01+00:00","dateModified":"2025-10-03T07:57:24+00:00","description":"Waga medyczna niemowl\u0119ca i dzieci\u0119ca do 20 kg, ze zdejmowan\u0105 szalk\u0105 - mo\u017cliwo\u015b\u0107 wa\u017cenia dzieci na stoj\u0105co, zasilacz w zestawie. Zobacz!","breadcrumb":{"@id":"https:\/\/innow.pl\/produkt\/wn2400-waga-medyczna-niemowleca-i-podlogowa\/#breadcrumb"},"inLanguage":"fr-FR","potentialAction":[{"@type":"ReadAction","target":["https:\/\/innow.pl\/produkt\/wn2400-waga-medyczna-niemowleca-i-podlogowa\/"]}]},{"@type":"ImageObject","inLanguage":"fr-FR","@id":"https:\/\/innow.pl\/produkt\/wn2400-waga-medyczna-niemowleca-i-podlogowa\/#primaryimage","url":"https:\/\/innow.pl\/wp-content\/uploads\/2025\/02\/WN4200.jpg","contentUrl":"https:\/\/innow.pl\/wp-content\/uploads\/2025\/02\/WN4200.jpg","width":1000,"height":1000},{"@type":"BreadcrumbList","@id":"https:\/\/innow.pl\/produkt\/wn2400-waga-medyczna-niemowleca-i-podlogowa\/#breadcrumb","itemListElement":[{"@type":"ListItem","position":1,"name":"INNOW","item":"https:\/\/innow.pl\/fr\/"},{"@type":"ListItem","position":2,"name":"Produkty","item":"https:\/\/innow.pl\/produkty\/"},{"@type":"ListItem","position":3,"name":"Meble medyczne","item":"https:\/\/innow.pl\/produkty\/meble-medyczne\/"},{"@type":"ListItem","position":4,"name":"Wagi lekarskie","item":"https:\/\/innow.pl\/produkty\/meble-medyczne\/wagi-lekarskie\/"},{"@type":"ListItem","position":5,"name":"WN2400 &#8211; Waga medyczna niemowl\u0119ca i pod\u0142ogowa"}]},{"@type":"WebSite","@id":"https:\/\/innow.pl\/#website","url":"https:\/\/innow.pl\/","name":"INNOW","description":"","potentialAction":[{"@type":"SearchAction","target":{"@type":"EntryPoint","urlTemplate":"https:\/\/innow.pl\/?s={search_term_string}"},"query-input":{"@type":"PropertyValueSpecification","valueRequired":true,"valueName":"search_term_string"}}],"inLanguage":"fr-FR"}]}},"_links":{"self":[{"href":"https:\/\/innow.pl\/fr\/wp-json\/wp\/v2\/product\/72599","targetHints":{"allow":["GET"]}}],"collection":[{"href":"https:\/\/innow.pl\/fr\/wp-json\/wp\/v2\/product"}],"about":[{"href":"https:\/\/innow.pl\/fr\/wp-json\/wp\/v2\/types\/product"}],"replies":[{"embeddable":true,"href":"https:\/\/innow.pl\/fr\/wp-json\/wp\/v2\/comments?post=72599"}],"wp:featuredmedia":[{"embeddable":true,"href":"https:\/\/innow.pl\/fr\/wp-json\/wp\/v2\/media\/72600"}],"wp:attachment":[{"href":"https:\/\/innow.pl\/fr\/wp-json\/wp\/v2\/media?parent=72599"}],"wp:term":[{"taxonomy":"product_brand","embeddable":true,"href":"https:\/\/innow.pl\/fr\/wp-json\/wp\/v2\/product_brand?post=72599"},{"taxonomy":"product_cat","embeddable":true,"href":"https:\/\/innow.pl\/fr\/wp-json\/wp\/v2\/product_cat?post=72599"},{"taxonomy":"product_tag","embeddable":true,"href":"https:\/\/innow.pl\/fr\/wp-json\/wp\/v2\/product_tag?post=72599"}],"curies":[{"name":"wp","href":"https:\/\/api.w.org\/{rel}","templated":true}]}}