{"id":50461,"date":"2024-06-18T09:46:43","date_gmt":"2024-06-18T07:46:43","guid":{"rendered":"https:\/\/innow.pl\/produkt\/c227v-taboret-prysznicowy\/"},"modified":"2025-02-07T15:16:39","modified_gmt":"2025-02-07T14:16:39","slug":"c227v-taboret-prysznicowy","status":"publish","type":"product","link":"https:\/\/innow.pl\/fr\/produkt\/c227v-taboret-prysznicowy\/","title":{"rendered":"C227V &#8211; Taboret prysznicowy"},"content":{"rendered":"<p>Taboret prysznicowy z antypo\u015blizgowym siedziskiem, otworami po bokach &#8211; do \u0142atwiejszego przenoszenia oraz ma\u0142ymi otworami w siedzisku, odprowadzaj\u0105cymi wod\u0119. Dzi\u0119ki aluminiowej konstrukcji masa taboretu jest ma\u0142a. N\u00f3\u017cki zako\u0144czone s\u0105 antypo\u015blizgowymi stopkami oraz posiadaj\u0105 regulacj\u0119 wysoko\u015bci.<\/p>\n","protected":false},"excerpt":{"rendered":"<p>Taboret prysznicowy z antypo\u015blizgowym siedziskiem, otworami po bokach &#8211; do \u0142atwiejszego przenoszenia oraz ma\u0142ymi otworami w siedzisku, odprowadzaj\u0105cymi wod\u0119. Dzi\u0119ki aluminiowej konstrukcji masa taboretu jest ma\u0142a. N\u00f3\u017cki zako\u0144czone s\u0105 antypo\u015blizgowymi stopkami oraz posiadaj\u0105 regulacj\u0119 wysoko\u015bci.<\/p>\n","protected":false},"featured_media":50463,"comment_status":"open","ping_status":"closed","template":"","meta":{"_acf_changed":false},"product_brand":[],"product_cat":[436,512,49],"product_tag":[],"class_list":{"0":"post-50461","1":"product","2":"type-product","3":"status-publish","4":"has-post-thumbnail","6":"product_cat-siodelka-siedziska-i-taborety","7":"product_cat-taborety-prysznicowe","8":"product_cat-lazienka-i-wc","9":"pa_glebokosc-42-cm","10":"pa_regulacja-wysokosci-15-cm","11":"pa_szerokosc-51-cm","12":"pa_szerokosc-siedziska-51-cm","13":"pa_wysokosc-siedziska-35-cm","15":"first","16":"instock","17":"taxable","18":"shipping-taxable","19":"purchasable","20":"product-type-simple"},"acf":[],"yoast_head":"<!-- This site is optimized with the Yoast SEO plugin v27.4 - https:\/\/yoast.com\/product\/yoast-seo-wordpress\/ -->\n<title>C227V - Taboret prysznicowy - INNOW<\/title>\n<meta name=\"description\" content=\"Lekki taboret prysznicowy o aluminiowej konstrukcji, z antypo\u015blizgowym siedziskiem, uchwytami. Regulacja wysoko\u015bci, antypo\u015blizgowe n\u00f3\u017cki. Zobacz!\" \/>\n<meta name=\"robots\" content=\"index, follow, max-snippet:-1, max-image-preview:large, max-video-preview:-1\" \/>\n<link rel=\"canonical\" href=\"https:\/\/innow.pl\/produkt\/c227v-taboret-prysznicowy\/\" \/>\n<meta property=\"og:locale\" content=\"fr_FR\" \/>\n<meta property=\"og:type\" content=\"article\" \/>\n<meta property=\"og:title\" content=\"C227V - Taboret prysznicowy - INNOW\" \/>\n<meta property=\"og:description\" content=\"Lekki taboret prysznicowy o aluminiowej konstrukcji, z antypo\u015blizgowym siedziskiem, uchwytami. Regulacja wysoko\u015bci, antypo\u015blizgowe n\u00f3\u017cki. Zobacz!\" \/>\n<meta property=\"og:url\" content=\"https:\/\/innow.pl\/produkt\/c227v-taboret-prysznicowy\/\" \/>\n<meta property=\"og:site_name\" content=\"INNOW\" \/>\n<meta property=\"article:modified_time\" content=\"2025-02-07T14:16:39+00:00\" \/>\n<meta property=\"og:image\" content=\"https:\/\/innow.pl\/wp-content\/uploads\/2024\/11\/C227V.jpg\" \/>\n\t<meta property=\"og:image:width\" content=\"1000\" \/>\n\t<meta property=\"og:image:height\" content=\"1000\" \/>\n\t<meta property=\"og:image:type\" content=\"image\/jpeg\" \/>\n<meta name=\"twitter:card\" content=\"summary_large_image\" \/>\n<meta name=\"twitter:label1\" content=\"Dur\u00e9e de lecture estim\u00e9e\" \/>\n\t<meta name=\"twitter:data1\" content=\"1 minute\" \/>\n<script type=\"application\/ld+json\" class=\"yoast-schema-graph\">{\"@context\":\"https:\\\/\\\/schema.org\",\"@graph\":[{\"@type\":\"WebPage\",\"@id\":\"https:\\\/\\\/innow.pl\\\/produkt\\\/c227v-taboret-prysznicowy\\\/\",\"url\":\"https:\\\/\\\/innow.pl\\\/produkt\\\/c227v-taboret-prysznicowy\\\/\",\"name\":\"C227V - Taboret prysznicowy - INNOW\",\"isPartOf\":{\"@id\":\"https:\\\/\\\/innow.pl\\\/#website\"},\"primaryImageOfPage\":{\"@id\":\"https:\\\/\\\/innow.pl\\\/produkt\\\/c227v-taboret-prysznicowy\\\/#primaryimage\"},\"image\":{\"@id\":\"https:\\\/\\\/innow.pl\\\/produkt\\\/c227v-taboret-prysznicowy\\\/#primaryimage\"},\"thumbnailUrl\":\"https:\\\/\\\/innow.pl\\\/wp-content\\\/uploads\\\/2024\\\/11\\\/C227V.jpg\",\"datePublished\":\"2024-06-18T07:46:43+00:00\",\"dateModified\":\"2025-02-07T14:16:39+00:00\",\"description\":\"Lekki taboret prysznicowy o aluminiowej konstrukcji, z antypo\u015blizgowym siedziskiem, uchwytami. Regulacja wysoko\u015bci, antypo\u015blizgowe n\u00f3\u017cki. Zobacz!\",\"breadcrumb\":{\"@id\":\"https:\\\/\\\/innow.pl\\\/produkt\\\/c227v-taboret-prysznicowy\\\/#breadcrumb\"},\"inLanguage\":\"fr-FR\",\"potentialAction\":[{\"@type\":\"ReadAction\",\"target\":[\"https:\\\/\\\/innow.pl\\\/produkt\\\/c227v-taboret-prysznicowy\\\/\"]}]},{\"@type\":\"ImageObject\",\"inLanguage\":\"fr-FR\",\"@id\":\"https:\\\/\\\/innow.pl\\\/produkt\\\/c227v-taboret-prysznicowy\\\/#primaryimage\",\"url\":\"https:\\\/\\\/innow.pl\\\/wp-content\\\/uploads\\\/2024\\\/11\\\/C227V.jpg\",\"contentUrl\":\"https:\\\/\\\/innow.pl\\\/wp-content\\\/uploads\\\/2024\\\/11\\\/C227V.jpg\",\"width\":1000,\"height\":1000},{\"@type\":\"BreadcrumbList\",\"@id\":\"https:\\\/\\\/innow.pl\\\/produkt\\\/c227v-taboret-prysznicowy\\\/#breadcrumb\",\"itemListElement\":[{\"@type\":\"ListItem\",\"position\":1,\"name\":\"INNOW\",\"item\":\"https:\\\/\\\/innow.pl\\\/fr\\\/\"},{\"@type\":\"ListItem\",\"position\":2,\"name\":\"Produkty\",\"item\":\"https:\\\/\\\/innow.pl\\\/produkty\\\/\"},{\"@type\":\"ListItem\",\"position\":3,\"name\":\"\u0141azienka i WC\",\"item\":\"https:\\\/\\\/innow.pl\\\/produkty\\\/lazienka-i-wc\\\/\"},{\"@type\":\"ListItem\",\"position\":4,\"name\":\"Siode\u0142ka, siedziska i taborety\",\"item\":\"https:\\\/\\\/innow.pl\\\/produkty\\\/lazienka-i-wc\\\/siodelka-siedziska-i-taborety\\\/\"},{\"@type\":\"ListItem\",\"position\":5,\"name\":\"Taborety prysznicowe\",\"item\":\"https:\\\/\\\/innow.pl\\\/produkty\\\/lazienka-i-wc\\\/siodelka-siedziska-i-taborety\\\/taborety-prysznicowe\\\/\"},{\"@type\":\"ListItem\",\"position\":6,\"name\":\"C227V &#8211; Taboret prysznicowy\"}]},{\"@type\":\"WebSite\",\"@id\":\"https:\\\/\\\/innow.pl\\\/#website\",\"url\":\"https:\\\/\\\/innow.pl\\\/\",\"name\":\"INNOW\",\"description\":\"\",\"potentialAction\":[{\"@type\":\"SearchAction\",\"target\":{\"@type\":\"EntryPoint\",\"urlTemplate\":\"https:\\\/\\\/innow.pl\\\/?s={search_term_string}\"},\"query-input\":{\"@type\":\"PropertyValueSpecification\",\"valueRequired\":true,\"valueName\":\"search_term_string\"}}],\"inLanguage\":\"fr-FR\"}]}<\/script>\n<!-- \/ Yoast SEO plugin. -->","yoast_head_json":{"title":"C227V - Taboret prysznicowy - INNOW","description":"Lekki taboret prysznicowy o aluminiowej konstrukcji, z antypo\u015blizgowym siedziskiem, uchwytami. Regulacja wysoko\u015bci, antypo\u015blizgowe n\u00f3\u017cki. Zobacz!","robots":{"index":"index","follow":"follow","max-snippet":"max-snippet:-1","max-image-preview":"max-image-preview:large","max-video-preview":"max-video-preview:-1"},"canonical":"https:\/\/innow.pl\/produkt\/c227v-taboret-prysznicowy\/","og_locale":"fr_FR","og_type":"article","og_title":"C227V - Taboret prysznicowy - INNOW","og_description":"Lekki taboret prysznicowy o aluminiowej konstrukcji, z antypo\u015blizgowym siedziskiem, uchwytami. Regulacja wysoko\u015bci, antypo\u015blizgowe n\u00f3\u017cki. Zobacz!","og_url":"https:\/\/innow.pl\/produkt\/c227v-taboret-prysznicowy\/","og_site_name":"INNOW","article_modified_time":"2025-02-07T14:16:39+00:00","og_image":[{"width":1000,"height":1000,"url":"https:\/\/innow.pl\/wp-content\/uploads\/2024\/11\/C227V.jpg","type":"image\/jpeg"}],"twitter_card":"summary_large_image","twitter_misc":{"Dur\u00e9e de lecture estim\u00e9e":"1 minute"},"schema":{"@context":"https:\/\/schema.org","@graph":[{"@type":"WebPage","@id":"https:\/\/innow.pl\/produkt\/c227v-taboret-prysznicowy\/","url":"https:\/\/innow.pl\/produkt\/c227v-taboret-prysznicowy\/","name":"C227V - Taboret prysznicowy - INNOW","isPartOf":{"@id":"https:\/\/innow.pl\/#website"},"primaryImageOfPage":{"@id":"https:\/\/innow.pl\/produkt\/c227v-taboret-prysznicowy\/#primaryimage"},"image":{"@id":"https:\/\/innow.pl\/produkt\/c227v-taboret-prysznicowy\/#primaryimage"},"thumbnailUrl":"https:\/\/innow.pl\/wp-content\/uploads\/2024\/11\/C227V.jpg","datePublished":"2024-06-18T07:46:43+00:00","dateModified":"2025-02-07T14:16:39+00:00","description":"Lekki taboret prysznicowy o aluminiowej konstrukcji, z antypo\u015blizgowym siedziskiem, uchwytami. Regulacja wysoko\u015bci, antypo\u015blizgowe n\u00f3\u017cki. Zobacz!","breadcrumb":{"@id":"https:\/\/innow.pl\/produkt\/c227v-taboret-prysznicowy\/#breadcrumb"},"inLanguage":"fr-FR","potentialAction":[{"@type":"ReadAction","target":["https:\/\/innow.pl\/produkt\/c227v-taboret-prysznicowy\/"]}]},{"@type":"ImageObject","inLanguage":"fr-FR","@id":"https:\/\/innow.pl\/produkt\/c227v-taboret-prysznicowy\/#primaryimage","url":"https:\/\/innow.pl\/wp-content\/uploads\/2024\/11\/C227V.jpg","contentUrl":"https:\/\/innow.pl\/wp-content\/uploads\/2024\/11\/C227V.jpg","width":1000,"height":1000},{"@type":"BreadcrumbList","@id":"https:\/\/innow.pl\/produkt\/c227v-taboret-prysznicowy\/#breadcrumb","itemListElement":[{"@type":"ListItem","position":1,"name":"INNOW","item":"https:\/\/innow.pl\/fr\/"},{"@type":"ListItem","position":2,"name":"Produkty","item":"https:\/\/innow.pl\/produkty\/"},{"@type":"ListItem","position":3,"name":"\u0141azienka i WC","item":"https:\/\/innow.pl\/produkty\/lazienka-i-wc\/"},{"@type":"ListItem","position":4,"name":"Siode\u0142ka, siedziska i taborety","item":"https:\/\/innow.pl\/produkty\/lazienka-i-wc\/siodelka-siedziska-i-taborety\/"},{"@type":"ListItem","position":5,"name":"Taborety prysznicowe","item":"https:\/\/innow.pl\/produkty\/lazienka-i-wc\/siodelka-siedziska-i-taborety\/taborety-prysznicowe\/"},{"@type":"ListItem","position":6,"name":"C227V &#8211; Taboret prysznicowy"}]},{"@type":"WebSite","@id":"https:\/\/innow.pl\/#website","url":"https:\/\/innow.pl\/","name":"INNOW","description":"","potentialAction":[{"@type":"SearchAction","target":{"@type":"EntryPoint","urlTemplate":"https:\/\/innow.pl\/?s={search_term_string}"},"query-input":{"@type":"PropertyValueSpecification","valueRequired":true,"valueName":"search_term_string"}}],"inLanguage":"fr-FR"}]}},"_links":{"self":[{"href":"https:\/\/innow.pl\/fr\/wp-json\/wp\/v2\/product\/50461","targetHints":{"allow":["GET"]}}],"collection":[{"href":"https:\/\/innow.pl\/fr\/wp-json\/wp\/v2\/product"}],"about":[{"href":"https:\/\/innow.pl\/fr\/wp-json\/wp\/v2\/types\/product"}],"replies":[{"embeddable":true,"href":"https:\/\/innow.pl\/fr\/wp-json\/wp\/v2\/comments?post=50461"}],"wp:featuredmedia":[{"embeddable":true,"href":"https:\/\/innow.pl\/fr\/wp-json\/wp\/v2\/media\/50463"}],"wp:attachment":[{"href":"https:\/\/innow.pl\/fr\/wp-json\/wp\/v2\/media?parent=50461"}],"wp:term":[{"taxonomy":"product_brand","embeddable":true,"href":"https:\/\/innow.pl\/fr\/wp-json\/wp\/v2\/product_brand?post=50461"},{"taxonomy":"product_cat","embeddable":true,"href":"https:\/\/innow.pl\/fr\/wp-json\/wp\/v2\/product_cat?post=50461"},{"taxonomy":"product_tag","embeddable":true,"href":"https:\/\/innow.pl\/fr\/wp-json\/wp\/v2\/product_tag?post=50461"}],"curies":[{"name":"wp","href":"https:\/\/api.w.org\/{rel}","templated":true}]}}