{"id":50132,"date":"2024-04-16T10:59:37","date_gmt":"2024-04-16T08:59:37","guid":{"rendered":"https:\/\/innow.pl\/produkt\/vr-r-nosidlo-chusta-podnosnika-transportowo-kapielowego\/"},"modified":"2026-02-17T13:13:37","modified_gmt":"2026-02-17T12:13:37","slug":"vr-r-nosidlo-chusta-podnosnika-transportowo-kapielowego","status":"publish","type":"product","link":"https:\/\/innow.pl\/fr\/produkt\/vr-r-nosidlo-chusta-podnosnika-transportowo-kapielowego\/","title":{"rendered":"VR-R &#8211; Nosid\u0142o (chusta) do podno\u015bnika transportowo-k\u0105pielowego"},"content":{"rendered":"<p>Nosid\u0142o (chusta) do podno\u015bnika transportowo-k\u0105pielowego przeznaczona dla os\u00f3b kontroluj\u0105cych tu\u0142\u00f3w. Do wyboru materia\u0142 siatkowy &#8211; k\u0105pielowy lub poliestrowy &#8211; przyjazny dla cia\u0142a.<\/p>\n","protected":false},"excerpt":{"rendered":"<p>Nosid\u0142o (chusta) do podno\u015bnika transportowo-k\u0105pielowego przeznaczona dla os\u00f3b kontroluj\u0105cych tu\u0142\u00f3w. Do wyboru materia\u0142 siatkowy &#8211; k\u0105pielowy lub poliestrowy &#8211; przyjazny dla cia\u0142a.<\/p>\n","protected":false},"featured_media":50134,"comment_status":"open","ping_status":"closed","template":"","meta":{"_acf_changed":false},"product_brand":[],"product_cat":[435,518,527],"product_tag":[],"class_list":{"0":"post-50132","1":"product","2":"type-product","3":"status-publish","4":"has-post-thumbnail","6":"product_cat-podnosniki","7":"product_cat-podnosniki-przejezdne","8":"product_cat-siedziska-i-lezyska-do-podnosnikow-przejezdnych","9":"pa_material-poliestrowy","10":"pa_material-siatkowy-kapielowy","11":"pa_rozmiar-l-70-120-kg","12":"pa_rozmiar-m-40-90-kg","13":"pa_rozmiar-xl-100-200-kg","15":"first","16":"instock","17":"taxable","18":"shipping-taxable","19":"purchasable","20":"product-type-variable"},"acf":[],"yoast_head":"<!-- This site is optimized with the Yoast SEO plugin v27.4 - https:\/\/yoast.com\/product\/yoast-seo-wordpress\/ -->\n<title>VR-R - Nosid\u0142o (chusta) do podno\u015bnika transportowo-k\u0105pielowego - INNOW<\/title>\n<meta name=\"description\" content=\"Chusta do podno\u015bnika transportowo-k\u0105pielowego, dla os\u00f3b, kt\u00f3re kontroluj\u0105 tu\u0142\u00f3w. Do wyboru materia\u0142 siatkowy (do k\u0105pieli) lub poliestrowy. Zobacz!\" \/>\n<meta name=\"robots\" content=\"index, follow, max-snippet:-1, max-image-preview:large, max-video-preview:-1\" \/>\n<link rel=\"canonical\" href=\"https:\/\/innow.pl\/produkt\/vr-r-nosidlo-chusta-podnosnika-transportowo-kapielowego\/\" \/>\n<meta property=\"og:locale\" content=\"fr_FR\" \/>\n<meta property=\"og:type\" content=\"article\" \/>\n<meta property=\"og:title\" content=\"VR-R - Nosid\u0142o (chusta) do podno\u015bnika transportowo-k\u0105pielowego - INNOW\" \/>\n<meta property=\"og:description\" content=\"Chusta do podno\u015bnika transportowo-k\u0105pielowego, dla os\u00f3b, kt\u00f3re kontroluj\u0105 tu\u0142\u00f3w. Do wyboru materia\u0142 siatkowy (do k\u0105pieli) lub poliestrowy. Zobacz!\" \/>\n<meta property=\"og:url\" content=\"https:\/\/innow.pl\/produkt\/vr-r-nosidlo-chusta-podnosnika-transportowo-kapielowego\/\" \/>\n<meta property=\"og:site_name\" content=\"INNOW\" \/>\n<meta property=\"article:modified_time\" content=\"2026-02-17T12:13:37+00:00\" \/>\n<meta property=\"og:image\" content=\"https:\/\/innow.pl\/wp-content\/uploads\/2024\/11\/VR-R.jpg\" \/>\n\t<meta property=\"og:image:width\" content=\"359\" \/>\n\t<meta property=\"og:image:height\" content=\"359\" \/>\n\t<meta property=\"og:image:type\" content=\"image\/jpeg\" \/>\n<meta name=\"twitter:card\" content=\"summary_large_image\" \/>\n<meta name=\"twitter:label1\" content=\"Dur\u00e9e de lecture estim\u00e9e\" \/>\n\t<meta name=\"twitter:data1\" content=\"1 minute\" \/>\n<script type=\"application\/ld+json\" class=\"yoast-schema-graph\">{\"@context\":\"https:\\\/\\\/schema.org\",\"@graph\":[{\"@type\":\"WebPage\",\"@id\":\"https:\\\/\\\/innow.pl\\\/produkt\\\/vr-r-nosidlo-chusta-podnosnika-transportowo-kapielowego\\\/\",\"url\":\"https:\\\/\\\/innow.pl\\\/produkt\\\/vr-r-nosidlo-chusta-podnosnika-transportowo-kapielowego\\\/\",\"name\":\"VR-R - Nosid\u0142o (chusta) do podno\u015bnika transportowo-k\u0105pielowego - INNOW\",\"isPartOf\":{\"@id\":\"https:\\\/\\\/innow.pl\\\/#website\"},\"primaryImageOfPage\":{\"@id\":\"https:\\\/\\\/innow.pl\\\/produkt\\\/vr-r-nosidlo-chusta-podnosnika-transportowo-kapielowego\\\/#primaryimage\"},\"image\":{\"@id\":\"https:\\\/\\\/innow.pl\\\/produkt\\\/vr-r-nosidlo-chusta-podnosnika-transportowo-kapielowego\\\/#primaryimage\"},\"thumbnailUrl\":\"https:\\\/\\\/innow.pl\\\/wp-content\\\/uploads\\\/2024\\\/11\\\/VR-R.jpg\",\"datePublished\":\"2024-04-16T08:59:37+00:00\",\"dateModified\":\"2026-02-17T12:13:37+00:00\",\"description\":\"Chusta do podno\u015bnika transportowo-k\u0105pielowego, dla os\u00f3b, kt\u00f3re kontroluj\u0105 tu\u0142\u00f3w. Do wyboru materia\u0142 siatkowy (do k\u0105pieli) lub poliestrowy. Zobacz!\",\"breadcrumb\":{\"@id\":\"https:\\\/\\\/innow.pl\\\/produkt\\\/vr-r-nosidlo-chusta-podnosnika-transportowo-kapielowego\\\/#breadcrumb\"},\"inLanguage\":\"fr-FR\",\"potentialAction\":[{\"@type\":\"ReadAction\",\"target\":[\"https:\\\/\\\/innow.pl\\\/produkt\\\/vr-r-nosidlo-chusta-podnosnika-transportowo-kapielowego\\\/\"]}]},{\"@type\":\"ImageObject\",\"inLanguage\":\"fr-FR\",\"@id\":\"https:\\\/\\\/innow.pl\\\/produkt\\\/vr-r-nosidlo-chusta-podnosnika-transportowo-kapielowego\\\/#primaryimage\",\"url\":\"https:\\\/\\\/innow.pl\\\/wp-content\\\/uploads\\\/2024\\\/11\\\/VR-R.jpg\",\"contentUrl\":\"https:\\\/\\\/innow.pl\\\/wp-content\\\/uploads\\\/2024\\\/11\\\/VR-R.jpg\",\"width\":359,\"height\":359},{\"@type\":\"BreadcrumbList\",\"@id\":\"https:\\\/\\\/innow.pl\\\/produkt\\\/vr-r-nosidlo-chusta-podnosnika-transportowo-kapielowego\\\/#breadcrumb\",\"itemListElement\":[{\"@type\":\"ListItem\",\"position\":1,\"name\":\"INNOW\",\"item\":\"https:\\\/\\\/innow.pl\\\/fr\\\/\"},{\"@type\":\"ListItem\",\"position\":2,\"name\":\"Produkty\",\"item\":\"https:\\\/\\\/innow.pl\\\/produkty\\\/\"},{\"@type\":\"ListItem\",\"position\":3,\"name\":\"Podno\u015bniki\",\"item\":\"https:\\\/\\\/innow.pl\\\/produkty\\\/podnosniki\\\/\"},{\"@type\":\"ListItem\",\"position\":4,\"name\":\"Podno\u015bniki przejezdne\",\"item\":\"https:\\\/\\\/innow.pl\\\/produkty\\\/podnosniki\\\/podnosniki-przejezdne\\\/\"},{\"@type\":\"ListItem\",\"position\":5,\"name\":\"Siedziska i le\u017cyska do podno\u015bnik\u00f3w\",\"item\":\"https:\\\/\\\/innow.pl\\\/produkty\\\/podnosniki\\\/podnosniki-przejezdne\\\/siedziska-i-lezyska-do-podnosnikow-przejezdnych\\\/\"},{\"@type\":\"ListItem\",\"position\":6,\"name\":\"VR-R &#8211; Nosid\u0142o (chusta) do podno\u015bnika transportowo-k\u0105pielowego\"}]},{\"@type\":\"WebSite\",\"@id\":\"https:\\\/\\\/innow.pl\\\/#website\",\"url\":\"https:\\\/\\\/innow.pl\\\/\",\"name\":\"INNOW\",\"description\":\"\",\"potentialAction\":[{\"@type\":\"SearchAction\",\"target\":{\"@type\":\"EntryPoint\",\"urlTemplate\":\"https:\\\/\\\/innow.pl\\\/?s={search_term_string}\"},\"query-input\":{\"@type\":\"PropertyValueSpecification\",\"valueRequired\":true,\"valueName\":\"search_term_string\"}}],\"inLanguage\":\"fr-FR\"}]}<\/script>\n<!-- \/ Yoast SEO plugin. -->","yoast_head_json":{"title":"VR-R - Nosid\u0142o (chusta) do podno\u015bnika transportowo-k\u0105pielowego - INNOW","description":"Chusta do podno\u015bnika transportowo-k\u0105pielowego, dla os\u00f3b, kt\u00f3re kontroluj\u0105 tu\u0142\u00f3w. Do wyboru materia\u0142 siatkowy (do k\u0105pieli) lub poliestrowy. Zobacz!","robots":{"index":"index","follow":"follow","max-snippet":"max-snippet:-1","max-image-preview":"max-image-preview:large","max-video-preview":"max-video-preview:-1"},"canonical":"https:\/\/innow.pl\/produkt\/vr-r-nosidlo-chusta-podnosnika-transportowo-kapielowego\/","og_locale":"fr_FR","og_type":"article","og_title":"VR-R - Nosid\u0142o (chusta) do podno\u015bnika transportowo-k\u0105pielowego - INNOW","og_description":"Chusta do podno\u015bnika transportowo-k\u0105pielowego, dla os\u00f3b, kt\u00f3re kontroluj\u0105 tu\u0142\u00f3w. Do wyboru materia\u0142 siatkowy (do k\u0105pieli) lub poliestrowy. Zobacz!","og_url":"https:\/\/innow.pl\/produkt\/vr-r-nosidlo-chusta-podnosnika-transportowo-kapielowego\/","og_site_name":"INNOW","article_modified_time":"2026-02-17T12:13:37+00:00","og_image":[{"width":359,"height":359,"url":"https:\/\/innow.pl\/wp-content\/uploads\/2024\/11\/VR-R.jpg","type":"image\/jpeg"}],"twitter_card":"summary_large_image","twitter_misc":{"Dur\u00e9e de lecture estim\u00e9e":"1 minute"},"schema":{"@context":"https:\/\/schema.org","@graph":[{"@type":"WebPage","@id":"https:\/\/innow.pl\/produkt\/vr-r-nosidlo-chusta-podnosnika-transportowo-kapielowego\/","url":"https:\/\/innow.pl\/produkt\/vr-r-nosidlo-chusta-podnosnika-transportowo-kapielowego\/","name":"VR-R - Nosid\u0142o (chusta) do podno\u015bnika transportowo-k\u0105pielowego - INNOW","isPartOf":{"@id":"https:\/\/innow.pl\/#website"},"primaryImageOfPage":{"@id":"https:\/\/innow.pl\/produkt\/vr-r-nosidlo-chusta-podnosnika-transportowo-kapielowego\/#primaryimage"},"image":{"@id":"https:\/\/innow.pl\/produkt\/vr-r-nosidlo-chusta-podnosnika-transportowo-kapielowego\/#primaryimage"},"thumbnailUrl":"https:\/\/innow.pl\/wp-content\/uploads\/2024\/11\/VR-R.jpg","datePublished":"2024-04-16T08:59:37+00:00","dateModified":"2026-02-17T12:13:37+00:00","description":"Chusta do podno\u015bnika transportowo-k\u0105pielowego, dla os\u00f3b, kt\u00f3re kontroluj\u0105 tu\u0142\u00f3w. Do wyboru materia\u0142 siatkowy (do k\u0105pieli) lub poliestrowy. Zobacz!","breadcrumb":{"@id":"https:\/\/innow.pl\/produkt\/vr-r-nosidlo-chusta-podnosnika-transportowo-kapielowego\/#breadcrumb"},"inLanguage":"fr-FR","potentialAction":[{"@type":"ReadAction","target":["https:\/\/innow.pl\/produkt\/vr-r-nosidlo-chusta-podnosnika-transportowo-kapielowego\/"]}]},{"@type":"ImageObject","inLanguage":"fr-FR","@id":"https:\/\/innow.pl\/produkt\/vr-r-nosidlo-chusta-podnosnika-transportowo-kapielowego\/#primaryimage","url":"https:\/\/innow.pl\/wp-content\/uploads\/2024\/11\/VR-R.jpg","contentUrl":"https:\/\/innow.pl\/wp-content\/uploads\/2024\/11\/VR-R.jpg","width":359,"height":359},{"@type":"BreadcrumbList","@id":"https:\/\/innow.pl\/produkt\/vr-r-nosidlo-chusta-podnosnika-transportowo-kapielowego\/#breadcrumb","itemListElement":[{"@type":"ListItem","position":1,"name":"INNOW","item":"https:\/\/innow.pl\/fr\/"},{"@type":"ListItem","position":2,"name":"Produkty","item":"https:\/\/innow.pl\/produkty\/"},{"@type":"ListItem","position":3,"name":"Podno\u015bniki","item":"https:\/\/innow.pl\/produkty\/podnosniki\/"},{"@type":"ListItem","position":4,"name":"Podno\u015bniki przejezdne","item":"https:\/\/innow.pl\/produkty\/podnosniki\/podnosniki-przejezdne\/"},{"@type":"ListItem","position":5,"name":"Siedziska i le\u017cyska do podno\u015bnik\u00f3w","item":"https:\/\/innow.pl\/produkty\/podnosniki\/podnosniki-przejezdne\/siedziska-i-lezyska-do-podnosnikow-przejezdnych\/"},{"@type":"ListItem","position":6,"name":"VR-R &#8211; Nosid\u0142o (chusta) do podno\u015bnika transportowo-k\u0105pielowego"}]},{"@type":"WebSite","@id":"https:\/\/innow.pl\/#website","url":"https:\/\/innow.pl\/","name":"INNOW","description":"","potentialAction":[{"@type":"SearchAction","target":{"@type":"EntryPoint","urlTemplate":"https:\/\/innow.pl\/?s={search_term_string}"},"query-input":{"@type":"PropertyValueSpecification","valueRequired":true,"valueName":"search_term_string"}}],"inLanguage":"fr-FR"}]}},"_links":{"self":[{"href":"https:\/\/innow.pl\/fr\/wp-json\/wp\/v2\/product\/50132","targetHints":{"allow":["GET"]}}],"collection":[{"href":"https:\/\/innow.pl\/fr\/wp-json\/wp\/v2\/product"}],"about":[{"href":"https:\/\/innow.pl\/fr\/wp-json\/wp\/v2\/types\/product"}],"replies":[{"embeddable":true,"href":"https:\/\/innow.pl\/fr\/wp-json\/wp\/v2\/comments?post=50132"}],"wp:featuredmedia":[{"embeddable":true,"href":"https:\/\/innow.pl\/fr\/wp-json\/wp\/v2\/media\/50134"}],"wp:attachment":[{"href":"https:\/\/innow.pl\/fr\/wp-json\/wp\/v2\/media?parent=50132"}],"wp:term":[{"taxonomy":"product_brand","embeddable":true,"href":"https:\/\/innow.pl\/fr\/wp-json\/wp\/v2\/product_brand?post=50132"},{"taxonomy":"product_cat","embeddable":true,"href":"https:\/\/innow.pl\/fr\/wp-json\/wp\/v2\/product_cat?post=50132"},{"taxonomy":"product_tag","embeddable":true,"href":"https:\/\/innow.pl\/fr\/wp-json\/wp\/v2\/product_tag?post=50132"}],"curies":[{"name":"wp","href":"https:\/\/api.w.org\/{rel}","templated":true}]}}