{"id":50120,"date":"2024-03-04T12:34:06","date_gmt":"2024-03-04T11:34:06","guid":{"rendered":"https:\/\/innow.pl\/produkt\/md775-orws-taboret-prysznicowy-okragly-obrotowy\/"},"modified":"2025-02-07T15:28:34","modified_gmt":"2025-02-07T14:28:34","slug":"md775-orws-taboret-prysznicowy-okragly-obrotowy","status":"publish","type":"product","link":"https:\/\/innow.pl\/fr\/produkt\/md775-orws-taboret-prysznicowy-okragly-obrotowy\/","title":{"rendered":"MD775 [ORWS] \u2013 Taboret prysznicowy okr\u0105g\u0142y obrotowy"},"content":{"rendered":"<p style=\"text-align: left\">Taboret prysznicowy w regulacj\u0105 wysoko\u015bci oraz okr\u0105g\u0142ym, obrotowym siedziskiem.<\/p>\n<p style=\"text-align: left\">Szczeg\u00f3\u0142owy opis wyrobu tego typu znajduje si\u0119 pod linkiem: <strong><a style=\"color: #00c6e5\" href=\"https:\/\/innow.pl\/produkt\/md775-taboret-prysznicowy-okragly-obrotowy\/\">MD775<\/a><\/strong><\/p>\n","protected":false},"excerpt":{"rendered":"<p>Taboret prysznicowy w regulacj\u0105 wysoko\u015bci oraz okr\u0105g\u0142ym, obrotowym siedziskiem. Szczeg\u00f3\u0142owy opis wyrobu tego typu znajduje si\u0119 pod linkiem: MD775<\/p>\n","protected":false},"featured_media":50122,"comment_status":"open","ping_status":"closed","template":"","meta":{"_acf_changed":false},"product_brand":[],"product_cat":[393,1294],"product_tag":[],"class_list":{"0":"post-50120","1":"product","2":"type-product","3":"status-publish","4":"has-post-thumbnail","6":"product_cat-od-reki-w-salonie","7":"product_cat-wyposazenie-lazienek-i-wc","9":"first","10":"instock","11":"taxable","12":"shipping-taxable","13":"purchasable","14":"product-type-simple"},"acf":[],"yoast_head":"<!-- This site is optimized with the Yoast SEO plugin v27.4 - https:\/\/yoast.com\/product\/yoast-seo-wordpress\/ -->\n<title>MD775 [ORWS] \u2013 Taboret prysznicowy okr\u0105g\u0142y obrotowy - INNOW<\/title>\n<meta name=\"robots\" content=\"index, follow, max-snippet:-1, max-image-preview:large, max-video-preview:-1\" \/>\n<link rel=\"canonical\" href=\"https:\/\/innow.pl\/produkt\/md775-orws-taboret-prysznicowy-okragly-obrotowy\/\" \/>\n<meta property=\"og:locale\" content=\"fr_FR\" \/>\n<meta property=\"og:type\" content=\"article\" \/>\n<meta property=\"og:title\" content=\"MD775 [ORWS] \u2013 Taboret prysznicowy okr\u0105g\u0142y obrotowy - INNOW\" \/>\n<meta property=\"og:description\" content=\"Taboret prysznicowy w regulacj\u0105 wysoko\u015bci oraz okr\u0105g\u0142ym, obrotowym siedziskiem. Szczeg\u00f3\u0142owy opis wyrobu tego typu znajduje si\u0119 pod linkiem: MD775\" \/>\n<meta property=\"og:url\" content=\"https:\/\/innow.pl\/produkt\/md775-orws-taboret-prysznicowy-okragly-obrotowy\/\" \/>\n<meta property=\"og:site_name\" content=\"INNOW\" \/>\n<meta property=\"article:modified_time\" content=\"2025-02-07T14:28:34+00:00\" \/>\n<meta property=\"og:image\" content=\"https:\/\/innow.pl\/wp-content\/uploads\/2024\/11\/MD775_ORWS-2.jpg\" \/>\n\t<meta property=\"og:image:width\" content=\"1000\" \/>\n\t<meta property=\"og:image:height\" content=\"1000\" \/>\n\t<meta property=\"og:image:type\" content=\"image\/jpeg\" \/>\n<meta name=\"twitter:card\" content=\"summary_large_image\" \/>\n<meta name=\"twitter:label1\" content=\"Dur\u00e9e de lecture estim\u00e9e\" \/>\n\t<meta name=\"twitter:data1\" content=\"1 minute\" \/>\n<script type=\"application\/ld+json\" class=\"yoast-schema-graph\">{\"@context\":\"https:\\\/\\\/schema.org\",\"@graph\":[{\"@type\":\"WebPage\",\"@id\":\"https:\\\/\\\/innow.pl\\\/produkt\\\/md775-orws-taboret-prysznicowy-okragly-obrotowy\\\/\",\"url\":\"https:\\\/\\\/innow.pl\\\/produkt\\\/md775-orws-taboret-prysznicowy-okragly-obrotowy\\\/\",\"name\":\"MD775 [ORWS] \u2013 Taboret prysznicowy okr\u0105g\u0142y obrotowy - INNOW\",\"isPartOf\":{\"@id\":\"https:\\\/\\\/innow.pl\\\/#website\"},\"primaryImageOfPage\":{\"@id\":\"https:\\\/\\\/innow.pl\\\/produkt\\\/md775-orws-taboret-prysznicowy-okragly-obrotowy\\\/#primaryimage\"},\"image\":{\"@id\":\"https:\\\/\\\/innow.pl\\\/produkt\\\/md775-orws-taboret-prysznicowy-okragly-obrotowy\\\/#primaryimage\"},\"thumbnailUrl\":\"https:\\\/\\\/innow.pl\\\/wp-content\\\/uploads\\\/2024\\\/11\\\/MD775_ORWS-2.jpg\",\"datePublished\":\"2024-03-04T11:34:06+00:00\",\"dateModified\":\"2025-02-07T14:28:34+00:00\",\"breadcrumb\":{\"@id\":\"https:\\\/\\\/innow.pl\\\/produkt\\\/md775-orws-taboret-prysznicowy-okragly-obrotowy\\\/#breadcrumb\"},\"inLanguage\":\"fr-FR\",\"potentialAction\":[{\"@type\":\"ReadAction\",\"target\":[\"https:\\\/\\\/innow.pl\\\/produkt\\\/md775-orws-taboret-prysznicowy-okragly-obrotowy\\\/\"]}]},{\"@type\":\"ImageObject\",\"inLanguage\":\"fr-FR\",\"@id\":\"https:\\\/\\\/innow.pl\\\/produkt\\\/md775-orws-taboret-prysznicowy-okragly-obrotowy\\\/#primaryimage\",\"url\":\"https:\\\/\\\/innow.pl\\\/wp-content\\\/uploads\\\/2024\\\/11\\\/MD775_ORWS-2.jpg\",\"contentUrl\":\"https:\\\/\\\/innow.pl\\\/wp-content\\\/uploads\\\/2024\\\/11\\\/MD775_ORWS-2.jpg\",\"width\":1000,\"height\":1000},{\"@type\":\"BreadcrumbList\",\"@id\":\"https:\\\/\\\/innow.pl\\\/produkt\\\/md775-orws-taboret-prysznicowy-okragly-obrotowy\\\/#breadcrumb\",\"itemListElement\":[{\"@type\":\"ListItem\",\"position\":1,\"name\":\"INNOW\",\"item\":\"https:\\\/\\\/innow.pl\\\/fr\\\/\"},{\"@type\":\"ListItem\",\"position\":2,\"name\":\"Produkty\",\"item\":\"https:\\\/\\\/innow.pl\\\/produkty\\\/\"},{\"@type\":\"ListItem\",\"position\":3,\"name\":\"Od r\u0119ki w salonie\",\"item\":\"https:\\\/\\\/innow.pl\\\/produkty\\\/od-reki-w-salonie\\\/\"},{\"@type\":\"ListItem\",\"position\":4,\"name\":\"Wyposa\u017cenie \u0142azienek i WC\",\"item\":\"https:\\\/\\\/innow.pl\\\/produkty\\\/od-reki-w-salonie\\\/wyposazenie-lazienek-i-wc\\\/\"},{\"@type\":\"ListItem\",\"position\":5,\"name\":\"MD775 [ORWS] \u2013 Taboret prysznicowy okr\u0105g\u0142y obrotowy\"}]},{\"@type\":\"WebSite\",\"@id\":\"https:\\\/\\\/innow.pl\\\/#website\",\"url\":\"https:\\\/\\\/innow.pl\\\/\",\"name\":\"INNOW\",\"description\":\"\",\"potentialAction\":[{\"@type\":\"SearchAction\",\"target\":{\"@type\":\"EntryPoint\",\"urlTemplate\":\"https:\\\/\\\/innow.pl\\\/?s={search_term_string}\"},\"query-input\":{\"@type\":\"PropertyValueSpecification\",\"valueRequired\":true,\"valueName\":\"search_term_string\"}}],\"inLanguage\":\"fr-FR\"}]}<\/script>\n<!-- \/ Yoast SEO plugin. -->","yoast_head_json":{"title":"MD775 [ORWS] \u2013 Taboret prysznicowy okr\u0105g\u0142y obrotowy - INNOW","robots":{"index":"index","follow":"follow","max-snippet":"max-snippet:-1","max-image-preview":"max-image-preview:large","max-video-preview":"max-video-preview:-1"},"canonical":"https:\/\/innow.pl\/produkt\/md775-orws-taboret-prysznicowy-okragly-obrotowy\/","og_locale":"fr_FR","og_type":"article","og_title":"MD775 [ORWS] \u2013 Taboret prysznicowy okr\u0105g\u0142y obrotowy - INNOW","og_description":"Taboret prysznicowy w regulacj\u0105 wysoko\u015bci oraz okr\u0105g\u0142ym, obrotowym siedziskiem. Szczeg\u00f3\u0142owy opis wyrobu tego typu znajduje si\u0119 pod linkiem: MD775","og_url":"https:\/\/innow.pl\/produkt\/md775-orws-taboret-prysznicowy-okragly-obrotowy\/","og_site_name":"INNOW","article_modified_time":"2025-02-07T14:28:34+00:00","og_image":[{"width":1000,"height":1000,"url":"https:\/\/innow.pl\/wp-content\/uploads\/2024\/11\/MD775_ORWS-2.jpg","type":"image\/jpeg"}],"twitter_card":"summary_large_image","twitter_misc":{"Dur\u00e9e de lecture estim\u00e9e":"1 minute"},"schema":{"@context":"https:\/\/schema.org","@graph":[{"@type":"WebPage","@id":"https:\/\/innow.pl\/produkt\/md775-orws-taboret-prysznicowy-okragly-obrotowy\/","url":"https:\/\/innow.pl\/produkt\/md775-orws-taboret-prysznicowy-okragly-obrotowy\/","name":"MD775 [ORWS] \u2013 Taboret prysznicowy okr\u0105g\u0142y obrotowy - INNOW","isPartOf":{"@id":"https:\/\/innow.pl\/#website"},"primaryImageOfPage":{"@id":"https:\/\/innow.pl\/produkt\/md775-orws-taboret-prysznicowy-okragly-obrotowy\/#primaryimage"},"image":{"@id":"https:\/\/innow.pl\/produkt\/md775-orws-taboret-prysznicowy-okragly-obrotowy\/#primaryimage"},"thumbnailUrl":"https:\/\/innow.pl\/wp-content\/uploads\/2024\/11\/MD775_ORWS-2.jpg","datePublished":"2024-03-04T11:34:06+00:00","dateModified":"2025-02-07T14:28:34+00:00","breadcrumb":{"@id":"https:\/\/innow.pl\/produkt\/md775-orws-taboret-prysznicowy-okragly-obrotowy\/#breadcrumb"},"inLanguage":"fr-FR","potentialAction":[{"@type":"ReadAction","target":["https:\/\/innow.pl\/produkt\/md775-orws-taboret-prysznicowy-okragly-obrotowy\/"]}]},{"@type":"ImageObject","inLanguage":"fr-FR","@id":"https:\/\/innow.pl\/produkt\/md775-orws-taboret-prysznicowy-okragly-obrotowy\/#primaryimage","url":"https:\/\/innow.pl\/wp-content\/uploads\/2024\/11\/MD775_ORWS-2.jpg","contentUrl":"https:\/\/innow.pl\/wp-content\/uploads\/2024\/11\/MD775_ORWS-2.jpg","width":1000,"height":1000},{"@type":"BreadcrumbList","@id":"https:\/\/innow.pl\/produkt\/md775-orws-taboret-prysznicowy-okragly-obrotowy\/#breadcrumb","itemListElement":[{"@type":"ListItem","position":1,"name":"INNOW","item":"https:\/\/innow.pl\/fr\/"},{"@type":"ListItem","position":2,"name":"Produkty","item":"https:\/\/innow.pl\/produkty\/"},{"@type":"ListItem","position":3,"name":"Od r\u0119ki w salonie","item":"https:\/\/innow.pl\/produkty\/od-reki-w-salonie\/"},{"@type":"ListItem","position":4,"name":"Wyposa\u017cenie \u0142azienek i WC","item":"https:\/\/innow.pl\/produkty\/od-reki-w-salonie\/wyposazenie-lazienek-i-wc\/"},{"@type":"ListItem","position":5,"name":"MD775 [ORWS] \u2013 Taboret prysznicowy okr\u0105g\u0142y obrotowy"}]},{"@type":"WebSite","@id":"https:\/\/innow.pl\/#website","url":"https:\/\/innow.pl\/","name":"INNOW","description":"","potentialAction":[{"@type":"SearchAction","target":{"@type":"EntryPoint","urlTemplate":"https:\/\/innow.pl\/?s={search_term_string}"},"query-input":{"@type":"PropertyValueSpecification","valueRequired":true,"valueName":"search_term_string"}}],"inLanguage":"fr-FR"}]}},"_links":{"self":[{"href":"https:\/\/innow.pl\/fr\/wp-json\/wp\/v2\/product\/50120","targetHints":{"allow":["GET"]}}],"collection":[{"href":"https:\/\/innow.pl\/fr\/wp-json\/wp\/v2\/product"}],"about":[{"href":"https:\/\/innow.pl\/fr\/wp-json\/wp\/v2\/types\/product"}],"replies":[{"embeddable":true,"href":"https:\/\/innow.pl\/fr\/wp-json\/wp\/v2\/comments?post=50120"}],"wp:featuredmedia":[{"embeddable":true,"href":"https:\/\/innow.pl\/fr\/wp-json\/wp\/v2\/media\/50122"}],"wp:attachment":[{"href":"https:\/\/innow.pl\/fr\/wp-json\/wp\/v2\/media?parent=50120"}],"wp:term":[{"taxonomy":"product_brand","embeddable":true,"href":"https:\/\/innow.pl\/fr\/wp-json\/wp\/v2\/product_brand?post=50120"},{"taxonomy":"product_cat","embeddable":true,"href":"https:\/\/innow.pl\/fr\/wp-json\/wp\/v2\/product_cat?post=50120"},{"taxonomy":"product_tag","embeddable":true,"href":"https:\/\/innow.pl\/fr\/wp-json\/wp\/v2\/product_tag?post=50120"}],"curies":[{"name":"wp","href":"https:\/\/api.w.org\/{rel}","templated":true}]}}