{"id":48546,"date":"2024-01-12T06:39:03","date_gmt":"2024-01-12T05:39:03","guid":{"rendered":"https:\/\/innow.pl\/produkt\/bateria-umozliwia-regulacje-bez-podlaczenia-pradu\/"},"modified":"2025-04-25T11:27:35","modified_gmt":"2025-04-25T09:27:35","slug":"bateria-umozliwia-regulacje-bez-podlaczenia-pradu","status":"publish","type":"product","link":"https:\/\/innow.pl\/fr\/produkt\/bateria-umozliwia-regulacje-bez-podlaczenia-pradu\/","title":{"rendered":"Bateria (umo\u017cliwia regulacj\u0119 bez pod\u0142\u0105czenia do pr\u0105du)"},"content":{"rendered":"<p>Bateria litowo-jonowa, dzi\u0119ki kt\u00f3rej jest mo\u017cliwo\u015b\u0107 regulacji oparcia plec\u00f3w i segmentu n\u00f3g bez konieczno\u015bci sta\u0142ego pod\u0142\u0105czenia fotela do pr\u0105du.<\/p>\n","protected":false},"excerpt":{"rendered":"<p>Bateria litowo-jonowa, dzi\u0119ki kt\u00f3rej jest mo\u017cliwo\u015b\u0107 regulacji oparcia plec\u00f3w i segmentu n\u00f3g bez konieczno\u015bci sta\u0142ego pod\u0142\u0105czenia fotela do pr\u0105du.<\/p>\n","protected":false},"featured_media":0,"comment_status":"open","ping_status":"closed","template":"","meta":{"_acf_changed":false},"product_brand":[],"product_cat":[2017],"product_tag":[],"class_list":{"0":"post-48546","1":"product","2":"type-product","3":"status-publish","5":"product_cat-wyposazenie-opcjonalne","7":"first","8":"instock","9":"taxable","10":"shipping-taxable","11":"purchasable","12":"product-type-simple"},"acf":[],"yoast_head":"<!-- This site is optimized with the Yoast SEO plugin v27.4 - https:\/\/yoast.com\/product\/yoast-seo-wordpress\/ -->\n<title>Bateria (umo\u017cliwia regulacj\u0119 bez pod\u0142\u0105czenia do pr\u0105du) - INNOW<\/title>\n<meta name=\"robots\" content=\"index, follow, max-snippet:-1, max-image-preview:large, max-video-preview:-1\" \/>\n<link rel=\"canonical\" href=\"https:\/\/innow.pl\/produkt\/bateria-umozliwia-regulacje-bez-podlaczenia-pradu\/\" \/>\n<meta property=\"og:locale\" content=\"fr_FR\" \/>\n<meta property=\"og:type\" content=\"article\" \/>\n<meta property=\"og:title\" content=\"Bateria (umo\u017cliwia regulacj\u0119 bez pod\u0142\u0105czenia do pr\u0105du) - INNOW\" \/>\n<meta property=\"og:description\" content=\"Bateria litowo-jonowa, dzi\u0119ki kt\u00f3rej jest mo\u017cliwo\u015b\u0107 regulacji oparcia plec\u00f3w i segmentu n\u00f3g bez konieczno\u015bci sta\u0142ego pod\u0142\u0105czenia fotela do pr\u0105du.\" \/>\n<meta property=\"og:url\" content=\"https:\/\/innow.pl\/produkt\/bateria-umozliwia-regulacje-bez-podlaczenia-pradu\/\" \/>\n<meta property=\"og:site_name\" content=\"INNOW\" \/>\n<meta property=\"article:modified_time\" content=\"2025-04-25T09:27:35+00:00\" \/>\n<meta name=\"twitter:card\" content=\"summary_large_image\" \/>\n<meta name=\"twitter:label1\" content=\"Dur\u00e9e de lecture estim\u00e9e\" \/>\n\t<meta name=\"twitter:data1\" content=\"1 minute\" \/>\n<script type=\"application\/ld+json\" class=\"yoast-schema-graph\">{\"@context\":\"https:\\\/\\\/schema.org\",\"@graph\":[{\"@type\":\"WebPage\",\"@id\":\"https:\\\/\\\/innow.pl\\\/produkt\\\/bateria-umozliwia-regulacje-bez-podlaczenia-pradu\\\/\",\"url\":\"https:\\\/\\\/innow.pl\\\/produkt\\\/bateria-umozliwia-regulacje-bez-podlaczenia-pradu\\\/\",\"name\":\"Bateria (umo\u017cliwia regulacj\u0119 bez pod\u0142\u0105czenia do pr\u0105du) - INNOW\",\"isPartOf\":{\"@id\":\"https:\\\/\\\/innow.pl\\\/#website\"},\"datePublished\":\"2024-01-12T05:39:03+00:00\",\"dateModified\":\"2025-04-25T09:27:35+00:00\",\"breadcrumb\":{\"@id\":\"https:\\\/\\\/innow.pl\\\/produkt\\\/bateria-umozliwia-regulacje-bez-podlaczenia-pradu\\\/#breadcrumb\"},\"inLanguage\":\"fr-FR\",\"potentialAction\":[{\"@type\":\"ReadAction\",\"target\":[\"https:\\\/\\\/innow.pl\\\/produkt\\\/bateria-umozliwia-regulacje-bez-podlaczenia-pradu\\\/\"]}]},{\"@type\":\"BreadcrumbList\",\"@id\":\"https:\\\/\\\/innow.pl\\\/produkt\\\/bateria-umozliwia-regulacje-bez-podlaczenia-pradu\\\/#breadcrumb\",\"itemListElement\":[{\"@type\":\"ListItem\",\"position\":1,\"name\":\"INNOW\",\"item\":\"https:\\\/\\\/innow.pl\\\/fr\\\/\"},{\"@type\":\"ListItem\",\"position\":2,\"name\":\"Produkty\",\"item\":\"https:\\\/\\\/innow.pl\\\/produkty\\\/\"},{\"@type\":\"ListItem\",\"position\":3,\"name\":\"Wyposa\u017cenie opcjonalne\",\"item\":\"https:\\\/\\\/innow.pl\\\/produkty\\\/wyposazenie-opcjonalne\\\/\"},{\"@type\":\"ListItem\",\"position\":4,\"name\":\"Bateria (umo\u017cliwia regulacj\u0119 bez pod\u0142\u0105czenia do pr\u0105du)\"}]},{\"@type\":\"WebSite\",\"@id\":\"https:\\\/\\\/innow.pl\\\/#website\",\"url\":\"https:\\\/\\\/innow.pl\\\/\",\"name\":\"INNOW\",\"description\":\"\",\"potentialAction\":[{\"@type\":\"SearchAction\",\"target\":{\"@type\":\"EntryPoint\",\"urlTemplate\":\"https:\\\/\\\/innow.pl\\\/?s={search_term_string}\"},\"query-input\":{\"@type\":\"PropertyValueSpecification\",\"valueRequired\":true,\"valueName\":\"search_term_string\"}}],\"inLanguage\":\"fr-FR\"}]}<\/script>\n<!-- \/ Yoast SEO plugin. -->","yoast_head_json":{"title":"Bateria (umo\u017cliwia regulacj\u0119 bez pod\u0142\u0105czenia do pr\u0105du) - INNOW","robots":{"index":"index","follow":"follow","max-snippet":"max-snippet:-1","max-image-preview":"max-image-preview:large","max-video-preview":"max-video-preview:-1"},"canonical":"https:\/\/innow.pl\/produkt\/bateria-umozliwia-regulacje-bez-podlaczenia-pradu\/","og_locale":"fr_FR","og_type":"article","og_title":"Bateria (umo\u017cliwia regulacj\u0119 bez pod\u0142\u0105czenia do pr\u0105du) - INNOW","og_description":"Bateria litowo-jonowa, dzi\u0119ki kt\u00f3rej jest mo\u017cliwo\u015b\u0107 regulacji oparcia plec\u00f3w i segmentu n\u00f3g bez konieczno\u015bci sta\u0142ego pod\u0142\u0105czenia fotela do pr\u0105du.","og_url":"https:\/\/innow.pl\/produkt\/bateria-umozliwia-regulacje-bez-podlaczenia-pradu\/","og_site_name":"INNOW","article_modified_time":"2025-04-25T09:27:35+00:00","twitter_card":"summary_large_image","twitter_misc":{"Dur\u00e9e de lecture estim\u00e9e":"1 minute"},"schema":{"@context":"https:\/\/schema.org","@graph":[{"@type":"WebPage","@id":"https:\/\/innow.pl\/produkt\/bateria-umozliwia-regulacje-bez-podlaczenia-pradu\/","url":"https:\/\/innow.pl\/produkt\/bateria-umozliwia-regulacje-bez-podlaczenia-pradu\/","name":"Bateria (umo\u017cliwia regulacj\u0119 bez pod\u0142\u0105czenia do pr\u0105du) - INNOW","isPartOf":{"@id":"https:\/\/innow.pl\/#website"},"datePublished":"2024-01-12T05:39:03+00:00","dateModified":"2025-04-25T09:27:35+00:00","breadcrumb":{"@id":"https:\/\/innow.pl\/produkt\/bateria-umozliwia-regulacje-bez-podlaczenia-pradu\/#breadcrumb"},"inLanguage":"fr-FR","potentialAction":[{"@type":"ReadAction","target":["https:\/\/innow.pl\/produkt\/bateria-umozliwia-regulacje-bez-podlaczenia-pradu\/"]}]},{"@type":"BreadcrumbList","@id":"https:\/\/innow.pl\/produkt\/bateria-umozliwia-regulacje-bez-podlaczenia-pradu\/#breadcrumb","itemListElement":[{"@type":"ListItem","position":1,"name":"INNOW","item":"https:\/\/innow.pl\/fr\/"},{"@type":"ListItem","position":2,"name":"Produkty","item":"https:\/\/innow.pl\/produkty\/"},{"@type":"ListItem","position":3,"name":"Wyposa\u017cenie opcjonalne","item":"https:\/\/innow.pl\/produkty\/wyposazenie-opcjonalne\/"},{"@type":"ListItem","position":4,"name":"Bateria (umo\u017cliwia regulacj\u0119 bez pod\u0142\u0105czenia do pr\u0105du)"}]},{"@type":"WebSite","@id":"https:\/\/innow.pl\/#website","url":"https:\/\/innow.pl\/","name":"INNOW","description":"","potentialAction":[{"@type":"SearchAction","target":{"@type":"EntryPoint","urlTemplate":"https:\/\/innow.pl\/?s={search_term_string}"},"query-input":{"@type":"PropertyValueSpecification","valueRequired":true,"valueName":"search_term_string"}}],"inLanguage":"fr-FR"}]}},"_links":{"self":[{"href":"https:\/\/innow.pl\/fr\/wp-json\/wp\/v2\/product\/48546","targetHints":{"allow":["GET"]}}],"collection":[{"href":"https:\/\/innow.pl\/fr\/wp-json\/wp\/v2\/product"}],"about":[{"href":"https:\/\/innow.pl\/fr\/wp-json\/wp\/v2\/types\/product"}],"replies":[{"embeddable":true,"href":"https:\/\/innow.pl\/fr\/wp-json\/wp\/v2\/comments?post=48546"}],"wp:attachment":[{"href":"https:\/\/innow.pl\/fr\/wp-json\/wp\/v2\/media?parent=48546"}],"wp:term":[{"taxonomy":"product_brand","embeddable":true,"href":"https:\/\/innow.pl\/fr\/wp-json\/wp\/v2\/product_brand?post=48546"},{"taxonomy":"product_cat","embeddable":true,"href":"https:\/\/innow.pl\/fr\/wp-json\/wp\/v2\/product_cat?post=48546"},{"taxonomy":"product_tag","embeddable":true,"href":"https:\/\/innow.pl\/fr\/wp-json\/wp\/v2\/product_tag?post=48546"}],"curies":[{"name":"wp","href":"https:\/\/api.w.org\/{rel}","templated":true}]}}