{"id":48538,"date":"2024-01-12T06:49:36","date_gmt":"2024-01-12T05:49:36","guid":{"rendered":"https:\/\/innow.pl\/produkt\/podglowek-pozycjonujacy\/"},"modified":"2025-04-25T11:19:05","modified_gmt":"2025-04-25T09:19:05","slug":"podglowek-pozycjonujacy","status":"publish","type":"product","link":"https:\/\/innow.pl\/fr\/produkt\/podglowek-pozycjonujacy\/","title":{"rendered":"Podg\u0142\u00f3wek pozycjonuj\u0105cy"},"content":{"rendered":"<p>Podg\u0142\u00f3wek z wyprofilowanymi bokami u\u0142atwiaj\u0105cymi stabilizacj\u0119 g\u0142owy.<\/p>\n","protected":false},"excerpt":{"rendered":"<p>Podg\u0142\u00f3wek z wyprofilowanymi bokami u\u0142atwiaj\u0105cymi stabilizacj\u0119 g\u0142owy.<\/p>\n","protected":false},"featured_media":48540,"comment_status":"open","ping_status":"closed","template":"","meta":{"_acf_changed":false},"product_brand":[],"product_cat":[2017],"product_tag":[],"class_list":{"0":"post-48538","1":"product","2":"type-product","3":"status-publish","4":"has-post-thumbnail","6":"product_cat-wyposazenie-opcjonalne","8":"first","9":"instock","10":"taxable","11":"shipping-taxable","12":"purchasable","13":"product-type-simple"},"acf":[],"yoast_head":"<!-- This site is optimized with the Yoast SEO plugin v27.4 - https:\/\/yoast.com\/product\/yoast-seo-wordpress\/ -->\n<title>Podg\u0142\u00f3wek pozycjonuj\u0105cy - INNOW<\/title>\n<meta name=\"robots\" content=\"index, follow, max-snippet:-1, max-image-preview:large, max-video-preview:-1\" \/>\n<link rel=\"canonical\" href=\"https:\/\/innow.pl\/produkt\/podglowek-pozycjonujacy\/\" \/>\n<meta property=\"og:locale\" content=\"fr_FR\" \/>\n<meta property=\"og:type\" content=\"article\" \/>\n<meta property=\"og:title\" content=\"Podg\u0142\u00f3wek pozycjonuj\u0105cy - INNOW\" \/>\n<meta property=\"og:description\" content=\"Podg\u0142\u00f3wek z wyprofilowanymi bokami u\u0142atwiaj\u0105cymi stabilizacj\u0119 g\u0142owy.\" \/>\n<meta property=\"og:url\" content=\"https:\/\/innow.pl\/produkt\/podglowek-pozycjonujacy\/\" \/>\n<meta property=\"og:site_name\" content=\"INNOW\" \/>\n<meta property=\"article:modified_time\" content=\"2025-04-25T09:19:05+00:00\" \/>\n<meta property=\"og:image\" content=\"https:\/\/innow.pl\/wp-content\/uploads\/2024\/11\/Podglowek_pozycjonujacy.jpg\" \/>\n\t<meta property=\"og:image:width\" content=\"800\" \/>\n\t<meta property=\"og:image:height\" content=\"800\" \/>\n\t<meta property=\"og:image:type\" content=\"image\/jpeg\" \/>\n<meta name=\"twitter:card\" content=\"summary_large_image\" \/>\n<meta name=\"twitter:label1\" content=\"Dur\u00e9e de lecture estim\u00e9e\" \/>\n\t<meta name=\"twitter:data1\" content=\"1 minute\" \/>\n<script type=\"application\/ld+json\" class=\"yoast-schema-graph\">{\"@context\":\"https:\\\/\\\/schema.org\",\"@graph\":[{\"@type\":\"WebPage\",\"@id\":\"https:\\\/\\\/innow.pl\\\/produkt\\\/podglowek-pozycjonujacy\\\/\",\"url\":\"https:\\\/\\\/innow.pl\\\/produkt\\\/podglowek-pozycjonujacy\\\/\",\"name\":\"Podg\u0142\u00f3wek pozycjonuj\u0105cy - INNOW\",\"isPartOf\":{\"@id\":\"https:\\\/\\\/innow.pl\\\/#website\"},\"primaryImageOfPage\":{\"@id\":\"https:\\\/\\\/innow.pl\\\/produkt\\\/podglowek-pozycjonujacy\\\/#primaryimage\"},\"image\":{\"@id\":\"https:\\\/\\\/innow.pl\\\/produkt\\\/podglowek-pozycjonujacy\\\/#primaryimage\"},\"thumbnailUrl\":\"https:\\\/\\\/innow.pl\\\/wp-content\\\/uploads\\\/2024\\\/11\\\/Podglowek_pozycjonujacy.jpg\",\"datePublished\":\"2024-01-12T05:49:36+00:00\",\"dateModified\":\"2025-04-25T09:19:05+00:00\",\"breadcrumb\":{\"@id\":\"https:\\\/\\\/innow.pl\\\/produkt\\\/podglowek-pozycjonujacy\\\/#breadcrumb\"},\"inLanguage\":\"fr-FR\",\"potentialAction\":[{\"@type\":\"ReadAction\",\"target\":[\"https:\\\/\\\/innow.pl\\\/produkt\\\/podglowek-pozycjonujacy\\\/\"]}]},{\"@type\":\"ImageObject\",\"inLanguage\":\"fr-FR\",\"@id\":\"https:\\\/\\\/innow.pl\\\/produkt\\\/podglowek-pozycjonujacy\\\/#primaryimage\",\"url\":\"https:\\\/\\\/innow.pl\\\/wp-content\\\/uploads\\\/2024\\\/11\\\/Podglowek_pozycjonujacy.jpg\",\"contentUrl\":\"https:\\\/\\\/innow.pl\\\/wp-content\\\/uploads\\\/2024\\\/11\\\/Podglowek_pozycjonujacy.jpg\",\"width\":800,\"height\":800},{\"@type\":\"BreadcrumbList\",\"@id\":\"https:\\\/\\\/innow.pl\\\/produkt\\\/podglowek-pozycjonujacy\\\/#breadcrumb\",\"itemListElement\":[{\"@type\":\"ListItem\",\"position\":1,\"name\":\"INNOW\",\"item\":\"https:\\\/\\\/innow.pl\\\/fr\\\/\"},{\"@type\":\"ListItem\",\"position\":2,\"name\":\"Produkty\",\"item\":\"https:\\\/\\\/innow.pl\\\/produkty\\\/\"},{\"@type\":\"ListItem\",\"position\":3,\"name\":\"Wyposa\u017cenie opcjonalne\",\"item\":\"https:\\\/\\\/innow.pl\\\/produkty\\\/wyposazenie-opcjonalne\\\/\"},{\"@type\":\"ListItem\",\"position\":4,\"name\":\"Podg\u0142\u00f3wek pozycjonuj\u0105cy\"}]},{\"@type\":\"WebSite\",\"@id\":\"https:\\\/\\\/innow.pl\\\/#website\",\"url\":\"https:\\\/\\\/innow.pl\\\/\",\"name\":\"INNOW\",\"description\":\"\",\"potentialAction\":[{\"@type\":\"SearchAction\",\"target\":{\"@type\":\"EntryPoint\",\"urlTemplate\":\"https:\\\/\\\/innow.pl\\\/?s={search_term_string}\"},\"query-input\":{\"@type\":\"PropertyValueSpecification\",\"valueRequired\":true,\"valueName\":\"search_term_string\"}}],\"inLanguage\":\"fr-FR\"}]}<\/script>\n<!-- \/ Yoast SEO plugin. -->","yoast_head_json":{"title":"Podg\u0142\u00f3wek pozycjonuj\u0105cy - INNOW","robots":{"index":"index","follow":"follow","max-snippet":"max-snippet:-1","max-image-preview":"max-image-preview:large","max-video-preview":"max-video-preview:-1"},"canonical":"https:\/\/innow.pl\/produkt\/podglowek-pozycjonujacy\/","og_locale":"fr_FR","og_type":"article","og_title":"Podg\u0142\u00f3wek pozycjonuj\u0105cy - INNOW","og_description":"Podg\u0142\u00f3wek z wyprofilowanymi bokami u\u0142atwiaj\u0105cymi stabilizacj\u0119 g\u0142owy.","og_url":"https:\/\/innow.pl\/produkt\/podglowek-pozycjonujacy\/","og_site_name":"INNOW","article_modified_time":"2025-04-25T09:19:05+00:00","og_image":[{"width":800,"height":800,"url":"https:\/\/innow.pl\/wp-content\/uploads\/2024\/11\/Podglowek_pozycjonujacy.jpg","type":"image\/jpeg"}],"twitter_card":"summary_large_image","twitter_misc":{"Dur\u00e9e de lecture estim\u00e9e":"1 minute"},"schema":{"@context":"https:\/\/schema.org","@graph":[{"@type":"WebPage","@id":"https:\/\/innow.pl\/produkt\/podglowek-pozycjonujacy\/","url":"https:\/\/innow.pl\/produkt\/podglowek-pozycjonujacy\/","name":"Podg\u0142\u00f3wek pozycjonuj\u0105cy - INNOW","isPartOf":{"@id":"https:\/\/innow.pl\/#website"},"primaryImageOfPage":{"@id":"https:\/\/innow.pl\/produkt\/podglowek-pozycjonujacy\/#primaryimage"},"image":{"@id":"https:\/\/innow.pl\/produkt\/podglowek-pozycjonujacy\/#primaryimage"},"thumbnailUrl":"https:\/\/innow.pl\/wp-content\/uploads\/2024\/11\/Podglowek_pozycjonujacy.jpg","datePublished":"2024-01-12T05:49:36+00:00","dateModified":"2025-04-25T09:19:05+00:00","breadcrumb":{"@id":"https:\/\/innow.pl\/produkt\/podglowek-pozycjonujacy\/#breadcrumb"},"inLanguage":"fr-FR","potentialAction":[{"@type":"ReadAction","target":["https:\/\/innow.pl\/produkt\/podglowek-pozycjonujacy\/"]}]},{"@type":"ImageObject","inLanguage":"fr-FR","@id":"https:\/\/innow.pl\/produkt\/podglowek-pozycjonujacy\/#primaryimage","url":"https:\/\/innow.pl\/wp-content\/uploads\/2024\/11\/Podglowek_pozycjonujacy.jpg","contentUrl":"https:\/\/innow.pl\/wp-content\/uploads\/2024\/11\/Podglowek_pozycjonujacy.jpg","width":800,"height":800},{"@type":"BreadcrumbList","@id":"https:\/\/innow.pl\/produkt\/podglowek-pozycjonujacy\/#breadcrumb","itemListElement":[{"@type":"ListItem","position":1,"name":"INNOW","item":"https:\/\/innow.pl\/fr\/"},{"@type":"ListItem","position":2,"name":"Produkty","item":"https:\/\/innow.pl\/produkty\/"},{"@type":"ListItem","position":3,"name":"Wyposa\u017cenie opcjonalne","item":"https:\/\/innow.pl\/produkty\/wyposazenie-opcjonalne\/"},{"@type":"ListItem","position":4,"name":"Podg\u0142\u00f3wek pozycjonuj\u0105cy"}]},{"@type":"WebSite","@id":"https:\/\/innow.pl\/#website","url":"https:\/\/innow.pl\/","name":"INNOW","description":"","potentialAction":[{"@type":"SearchAction","target":{"@type":"EntryPoint","urlTemplate":"https:\/\/innow.pl\/?s={search_term_string}"},"query-input":{"@type":"PropertyValueSpecification","valueRequired":true,"valueName":"search_term_string"}}],"inLanguage":"fr-FR"}]}},"_links":{"self":[{"href":"https:\/\/innow.pl\/fr\/wp-json\/wp\/v2\/product\/48538","targetHints":{"allow":["GET"]}}],"collection":[{"href":"https:\/\/innow.pl\/fr\/wp-json\/wp\/v2\/product"}],"about":[{"href":"https:\/\/innow.pl\/fr\/wp-json\/wp\/v2\/types\/product"}],"replies":[{"embeddable":true,"href":"https:\/\/innow.pl\/fr\/wp-json\/wp\/v2\/comments?post=48538"}],"wp:featuredmedia":[{"embeddable":true,"href":"https:\/\/innow.pl\/fr\/wp-json\/wp\/v2\/media\/48540"}],"wp:attachment":[{"href":"https:\/\/innow.pl\/fr\/wp-json\/wp\/v2\/media?parent=48538"}],"wp:term":[{"taxonomy":"product_brand","embeddable":true,"href":"https:\/\/innow.pl\/fr\/wp-json\/wp\/v2\/product_brand?post=48538"},{"taxonomy":"product_cat","embeddable":true,"href":"https:\/\/innow.pl\/fr\/wp-json\/wp\/v2\/product_cat?post=48538"},{"taxonomy":"product_tag","embeddable":true,"href":"https:\/\/innow.pl\/fr\/wp-json\/wp\/v2\/product_tag?post=48538"}],"curies":[{"name":"wp","href":"https:\/\/api.w.org\/{rel}","templated":true}]}}