{"id":48411,"date":"2022-08-24T06:35:12","date_gmt":"2022-08-24T04:35:12","guid":{"rendered":"https:\/\/innow.pl\/produkt\/97-51-pileczka-rehabilitacyjna-orzeszek-%e2%8c%808x15-cm\/"},"modified":"2025-02-11T11:54:36","modified_gmt":"2025-02-11T10:54:36","slug":"97-51-pileczka-rehabilitacyjna-orzeszek-%e2%8c%808x15-cm","status":"publish","type":"product","link":"https:\/\/innow.pl\/fr\/produkt\/97-51-pileczka-rehabilitacyjna-orzeszek-%e2%8c%808x15-cm\/","title":{"rendered":"97.51 &#8211; Pi\u0142eczka rehabilitacyjna orzeszek \u23008&#215;15 cm"},"content":{"rendered":"<p>Pi\u0142eczka rehabilitacyjna z kolcami przydatna podczas zabieg\u00f3w rehabilitacyjnych, masa\u017cu.<\/p>\n","protected":false},"excerpt":{"rendered":"<p>Pi\u0142eczka rehabilitacyjna z kolcami przydatna podczas zabieg\u00f3w rehabilitacyjnych, masa\u017cu.<\/p>\n","protected":false},"featured_media":48413,"comment_status":"open","ping_status":"closed","template":"","meta":{"_acf_changed":false},"product_brand":[],"product_cat":[483,545,438,574],"product_tag":[],"class_list":{"0":"post-48411","1":"product","2":"type-product","3":"status-publish","4":"has-post-thumbnail","6":"product_cat-aparaty-do-masazu-ciala","7":"product_cat-aparaty-do-masazu-z-tworzywa","8":"product_cat-pielegnacja-i-rehabilitacja","9":"product_cat-pileczki-rehabilitacyjne-z-kolcami","10":"pa_dlugosc-15-cm","11":"pa_srednica-8-cm","13":"first","14":"instock","15":"taxable","16":"shipping-taxable","17":"purchasable","18":"product-type-simple"},"acf":[],"yoast_head":"<!-- This site is optimized with the Yoast SEO plugin v27.4 - https:\/\/yoast.com\/product\/yoast-seo-wordpress\/ -->\n<title>97.51 - Pi\u0142eczka rehabilitacyjna orzeszek \u23008x15 cm - INNOW<\/title>\n<meta name=\"description\" content=\"Czerwona pi\u0142eczka rehabilitacyjna w kszta\u0142cie orzeszka. Szczeg\u00f3lnie przydatna podczas masa\u017cu, \u0107wicze\u0144 rehabilitacyjnych. Zmniejsza napi\u0119cie mi\u0119\u015bni.\" \/>\n<meta name=\"robots\" content=\"index, follow, max-snippet:-1, max-image-preview:large, max-video-preview:-1\" \/>\n<link rel=\"canonical\" href=\"https:\/\/innow.pl\/produkt\/97-51-pileczka-rehabilitacyjna-orzeszek-\u23008x15-cm\/\" \/>\n<meta property=\"og:locale\" content=\"fr_FR\" \/>\n<meta property=\"og:type\" content=\"article\" \/>\n<meta property=\"og:title\" content=\"97.51 - Pi\u0142eczka rehabilitacyjna orzeszek \u23008x15 cm - INNOW\" \/>\n<meta property=\"og:description\" content=\"Czerwona pi\u0142eczka rehabilitacyjna w kszta\u0142cie orzeszka. Szczeg\u00f3lnie przydatna podczas masa\u017cu, \u0107wicze\u0144 rehabilitacyjnych. Zmniejsza napi\u0119cie mi\u0119\u015bni.\" \/>\n<meta property=\"og:url\" content=\"https:\/\/innow.pl\/produkt\/97-51-pileczka-rehabilitacyjna-orzeszek-\u23008x15-cm\/\" \/>\n<meta property=\"og:site_name\" content=\"INNOW\" \/>\n<meta property=\"article:modified_time\" content=\"2025-02-11T10:54:36+00:00\" \/>\n<meta property=\"og:image\" content=\"https:\/\/innow.pl\/wp-content\/uploads\/2024\/11\/97.51_pileczka_rehabilitacyjna_orzeszek.jpg\" \/>\n\t<meta property=\"og:image:width\" content=\"800\" \/>\n\t<meta property=\"og:image:height\" content=\"800\" \/>\n\t<meta property=\"og:image:type\" content=\"image\/jpeg\" \/>\n<meta name=\"twitter:card\" content=\"summary_large_image\" \/>\n<meta name=\"twitter:label1\" content=\"Dur\u00e9e de lecture estim\u00e9e\" \/>\n\t<meta name=\"twitter:data1\" content=\"1 minute\" \/>\n<script type=\"application\/ld+json\" class=\"yoast-schema-graph\">{\"@context\":\"https:\\\/\\\/schema.org\",\"@graph\":[{\"@type\":\"WebPage\",\"@id\":\"https:\\\/\\\/innow.pl\\\/produkt\\\/97-51-pileczka-rehabilitacyjna-orzeszek-%e2%8c%808x15-cm\\\/\",\"url\":\"https:\\\/\\\/innow.pl\\\/produkt\\\/97-51-pileczka-rehabilitacyjna-orzeszek-%e2%8c%808x15-cm\\\/\",\"name\":\"97.51 - Pi\u0142eczka rehabilitacyjna orzeszek \u23008x15 cm - INNOW\",\"isPartOf\":{\"@id\":\"https:\\\/\\\/innow.pl\\\/#website\"},\"primaryImageOfPage\":{\"@id\":\"https:\\\/\\\/innow.pl\\\/produkt\\\/97-51-pileczka-rehabilitacyjna-orzeszek-%e2%8c%808x15-cm\\\/#primaryimage\"},\"image\":{\"@id\":\"https:\\\/\\\/innow.pl\\\/produkt\\\/97-51-pileczka-rehabilitacyjna-orzeszek-%e2%8c%808x15-cm\\\/#primaryimage\"},\"thumbnailUrl\":\"https:\\\/\\\/innow.pl\\\/wp-content\\\/uploads\\\/2024\\\/11\\\/97.51_pileczka_rehabilitacyjna_orzeszek.jpg\",\"datePublished\":\"2022-08-24T04:35:12+00:00\",\"dateModified\":\"2025-02-11T10:54:36+00:00\",\"description\":\"Czerwona pi\u0142eczka rehabilitacyjna w kszta\u0142cie orzeszka. Szczeg\u00f3lnie przydatna podczas masa\u017cu, \u0107wicze\u0144 rehabilitacyjnych. Zmniejsza napi\u0119cie mi\u0119\u015bni.\",\"breadcrumb\":{\"@id\":\"https:\\\/\\\/innow.pl\\\/produkt\\\/97-51-pileczka-rehabilitacyjna-orzeszek-%e2%8c%808x15-cm\\\/#breadcrumb\"},\"inLanguage\":\"fr-FR\",\"potentialAction\":[{\"@type\":\"ReadAction\",\"target\":[\"https:\\\/\\\/innow.pl\\\/produkt\\\/97-51-pileczka-rehabilitacyjna-orzeszek-%e2%8c%808x15-cm\\\/\"]}]},{\"@type\":\"ImageObject\",\"inLanguage\":\"fr-FR\",\"@id\":\"https:\\\/\\\/innow.pl\\\/produkt\\\/97-51-pileczka-rehabilitacyjna-orzeszek-%e2%8c%808x15-cm\\\/#primaryimage\",\"url\":\"https:\\\/\\\/innow.pl\\\/wp-content\\\/uploads\\\/2024\\\/11\\\/97.51_pileczka_rehabilitacyjna_orzeszek.jpg\",\"contentUrl\":\"https:\\\/\\\/innow.pl\\\/wp-content\\\/uploads\\\/2024\\\/11\\\/97.51_pileczka_rehabilitacyjna_orzeszek.jpg\",\"width\":800,\"height\":800},{\"@type\":\"BreadcrumbList\",\"@id\":\"https:\\\/\\\/innow.pl\\\/produkt\\\/97-51-pileczka-rehabilitacyjna-orzeszek-%e2%8c%808x15-cm\\\/#breadcrumb\",\"itemListElement\":[{\"@type\":\"ListItem\",\"position\":1,\"name\":\"INNOW\",\"item\":\"https:\\\/\\\/innow.pl\\\/fr\\\/\"},{\"@type\":\"ListItem\",\"position\":2,\"name\":\"Produkty\",\"item\":\"https:\\\/\\\/innow.pl\\\/produkty\\\/\"},{\"@type\":\"ListItem\",\"position\":3,\"name\":\"Piel\u0119gnacja i rehabilitacja\",\"item\":\"https:\\\/\\\/innow.pl\\\/produkty\\\/pielegnacja-i-rehabilitacja\\\/\"},{\"@type\":\"ListItem\",\"position\":4,\"name\":\"Aparaty do masa\u017cu cia\u0142a\",\"item\":\"https:\\\/\\\/innow.pl\\\/produkty\\\/pielegnacja-i-rehabilitacja\\\/aparaty-do-masazu-ciala\\\/\"},{\"@type\":\"ListItem\",\"position\":5,\"name\":\"Aparaty do masa\u017cu z tworzywa\",\"item\":\"https:\\\/\\\/innow.pl\\\/produkty\\\/pielegnacja-i-rehabilitacja\\\/aparaty-do-masazu-ciala\\\/aparaty-do-masazu-z-tworzywa\\\/\"},{\"@type\":\"ListItem\",\"position\":6,\"name\":\"Pi\u0142eczki rehabilitacyjne z kolcami\",\"item\":\"https:\\\/\\\/innow.pl\\\/produkty\\\/pielegnacja-i-rehabilitacja\\\/aparaty-do-masazu-ciala\\\/aparaty-do-masazu-z-tworzywa\\\/pileczki-rehabilitacyjne-z-kolcami\\\/\"},{\"@type\":\"ListItem\",\"position\":7,\"name\":\"97.51 &#8211; Pi\u0142eczka rehabilitacyjna orzeszek \u23008&#215;15 cm\"}]},{\"@type\":\"WebSite\",\"@id\":\"https:\\\/\\\/innow.pl\\\/#website\",\"url\":\"https:\\\/\\\/innow.pl\\\/\",\"name\":\"INNOW\",\"description\":\"\",\"potentialAction\":[{\"@type\":\"SearchAction\",\"target\":{\"@type\":\"EntryPoint\",\"urlTemplate\":\"https:\\\/\\\/innow.pl\\\/?s={search_term_string}\"},\"query-input\":{\"@type\":\"PropertyValueSpecification\",\"valueRequired\":true,\"valueName\":\"search_term_string\"}}],\"inLanguage\":\"fr-FR\"}]}<\/script>\n<!-- \/ Yoast SEO plugin. -->","yoast_head_json":{"title":"97.51 - Pi\u0142eczka rehabilitacyjna orzeszek \u23008x15 cm - INNOW","description":"Czerwona pi\u0142eczka rehabilitacyjna w kszta\u0142cie orzeszka. Szczeg\u00f3lnie przydatna podczas masa\u017cu, \u0107wicze\u0144 rehabilitacyjnych. Zmniejsza napi\u0119cie mi\u0119\u015bni.","robots":{"index":"index","follow":"follow","max-snippet":"max-snippet:-1","max-image-preview":"max-image-preview:large","max-video-preview":"max-video-preview:-1"},"canonical":"https:\/\/innow.pl\/produkt\/97-51-pileczka-rehabilitacyjna-orzeszek-\u23008x15-cm\/","og_locale":"fr_FR","og_type":"article","og_title":"97.51 - Pi\u0142eczka rehabilitacyjna orzeszek \u23008x15 cm - INNOW","og_description":"Czerwona pi\u0142eczka rehabilitacyjna w kszta\u0142cie orzeszka. Szczeg\u00f3lnie przydatna podczas masa\u017cu, \u0107wicze\u0144 rehabilitacyjnych. Zmniejsza napi\u0119cie mi\u0119\u015bni.","og_url":"https:\/\/innow.pl\/produkt\/97-51-pileczka-rehabilitacyjna-orzeszek-\u23008x15-cm\/","og_site_name":"INNOW","article_modified_time":"2025-02-11T10:54:36+00:00","og_image":[{"width":800,"height":800,"url":"https:\/\/innow.pl\/wp-content\/uploads\/2024\/11\/97.51_pileczka_rehabilitacyjna_orzeszek.jpg","type":"image\/jpeg"}],"twitter_card":"summary_large_image","twitter_misc":{"Dur\u00e9e de lecture estim\u00e9e":"1 minute"},"schema":{"@context":"https:\/\/schema.org","@graph":[{"@type":"WebPage","@id":"https:\/\/innow.pl\/produkt\/97-51-pileczka-rehabilitacyjna-orzeszek-%e2%8c%808x15-cm\/","url":"https:\/\/innow.pl\/produkt\/97-51-pileczka-rehabilitacyjna-orzeszek-%e2%8c%808x15-cm\/","name":"97.51 - Pi\u0142eczka rehabilitacyjna orzeszek \u23008x15 cm - INNOW","isPartOf":{"@id":"https:\/\/innow.pl\/#website"},"primaryImageOfPage":{"@id":"https:\/\/innow.pl\/produkt\/97-51-pileczka-rehabilitacyjna-orzeszek-%e2%8c%808x15-cm\/#primaryimage"},"image":{"@id":"https:\/\/innow.pl\/produkt\/97-51-pileczka-rehabilitacyjna-orzeszek-%e2%8c%808x15-cm\/#primaryimage"},"thumbnailUrl":"https:\/\/innow.pl\/wp-content\/uploads\/2024\/11\/97.51_pileczka_rehabilitacyjna_orzeszek.jpg","datePublished":"2022-08-24T04:35:12+00:00","dateModified":"2025-02-11T10:54:36+00:00","description":"Czerwona pi\u0142eczka rehabilitacyjna w kszta\u0142cie orzeszka. Szczeg\u00f3lnie przydatna podczas masa\u017cu, \u0107wicze\u0144 rehabilitacyjnych. Zmniejsza napi\u0119cie mi\u0119\u015bni.","breadcrumb":{"@id":"https:\/\/innow.pl\/produkt\/97-51-pileczka-rehabilitacyjna-orzeszek-%e2%8c%808x15-cm\/#breadcrumb"},"inLanguage":"fr-FR","potentialAction":[{"@type":"ReadAction","target":["https:\/\/innow.pl\/produkt\/97-51-pileczka-rehabilitacyjna-orzeszek-%e2%8c%808x15-cm\/"]}]},{"@type":"ImageObject","inLanguage":"fr-FR","@id":"https:\/\/innow.pl\/produkt\/97-51-pileczka-rehabilitacyjna-orzeszek-%e2%8c%808x15-cm\/#primaryimage","url":"https:\/\/innow.pl\/wp-content\/uploads\/2024\/11\/97.51_pileczka_rehabilitacyjna_orzeszek.jpg","contentUrl":"https:\/\/innow.pl\/wp-content\/uploads\/2024\/11\/97.51_pileczka_rehabilitacyjna_orzeszek.jpg","width":800,"height":800},{"@type":"BreadcrumbList","@id":"https:\/\/innow.pl\/produkt\/97-51-pileczka-rehabilitacyjna-orzeszek-%e2%8c%808x15-cm\/#breadcrumb","itemListElement":[{"@type":"ListItem","position":1,"name":"INNOW","item":"https:\/\/innow.pl\/fr\/"},{"@type":"ListItem","position":2,"name":"Produkty","item":"https:\/\/innow.pl\/produkty\/"},{"@type":"ListItem","position":3,"name":"Piel\u0119gnacja i rehabilitacja","item":"https:\/\/innow.pl\/produkty\/pielegnacja-i-rehabilitacja\/"},{"@type":"ListItem","position":4,"name":"Aparaty do masa\u017cu cia\u0142a","item":"https:\/\/innow.pl\/produkty\/pielegnacja-i-rehabilitacja\/aparaty-do-masazu-ciala\/"},{"@type":"ListItem","position":5,"name":"Aparaty do masa\u017cu z tworzywa","item":"https:\/\/innow.pl\/produkty\/pielegnacja-i-rehabilitacja\/aparaty-do-masazu-ciala\/aparaty-do-masazu-z-tworzywa\/"},{"@type":"ListItem","position":6,"name":"Pi\u0142eczki rehabilitacyjne z kolcami","item":"https:\/\/innow.pl\/produkty\/pielegnacja-i-rehabilitacja\/aparaty-do-masazu-ciala\/aparaty-do-masazu-z-tworzywa\/pileczki-rehabilitacyjne-z-kolcami\/"},{"@type":"ListItem","position":7,"name":"97.51 &#8211; Pi\u0142eczka rehabilitacyjna orzeszek \u23008&#215;15 cm"}]},{"@type":"WebSite","@id":"https:\/\/innow.pl\/#website","url":"https:\/\/innow.pl\/","name":"INNOW","description":"","potentialAction":[{"@type":"SearchAction","target":{"@type":"EntryPoint","urlTemplate":"https:\/\/innow.pl\/?s={search_term_string}"},"query-input":{"@type":"PropertyValueSpecification","valueRequired":true,"valueName":"search_term_string"}}],"inLanguage":"fr-FR"}]}},"_links":{"self":[{"href":"https:\/\/innow.pl\/fr\/wp-json\/wp\/v2\/product\/48411","targetHints":{"allow":["GET"]}}],"collection":[{"href":"https:\/\/innow.pl\/fr\/wp-json\/wp\/v2\/product"}],"about":[{"href":"https:\/\/innow.pl\/fr\/wp-json\/wp\/v2\/types\/product"}],"replies":[{"embeddable":true,"href":"https:\/\/innow.pl\/fr\/wp-json\/wp\/v2\/comments?post=48411"}],"wp:featuredmedia":[{"embeddable":true,"href":"https:\/\/innow.pl\/fr\/wp-json\/wp\/v2\/media\/48413"}],"wp:attachment":[{"href":"https:\/\/innow.pl\/fr\/wp-json\/wp\/v2\/media?parent=48411"}],"wp:term":[{"taxonomy":"product_brand","embeddable":true,"href":"https:\/\/innow.pl\/fr\/wp-json\/wp\/v2\/product_brand?post=48411"},{"taxonomy":"product_cat","embeddable":true,"href":"https:\/\/innow.pl\/fr\/wp-json\/wp\/v2\/product_cat?post=48411"},{"taxonomy":"product_tag","embeddable":true,"href":"https:\/\/innow.pl\/fr\/wp-json\/wp\/v2\/product_tag?post=48411"}],"curies":[{"name":"wp","href":"https:\/\/api.w.org\/{rel}","templated":true}]}}