{"id":48335,"date":"2022-06-01T11:04:04","date_gmt":"2022-06-01T09:04:04","guid":{"rendered":"https:\/\/innow.pl\/produkt\/wdz-02-wozek-transportu-zwlok-z-regulacja-wysokosci\/"},"modified":"2026-02-26T08:37:08","modified_gmt":"2026-02-26T07:37:08","slug":"wdz-02-wozek-transportu-zwlok-z-regulacja-wysokosci","status":"publish","type":"product","link":"https:\/\/innow.pl\/fr\/produkt\/wdz-02-wozek-transportu-zwlok-z-regulacja-wysokosci\/","title":{"rendered":"WDZ-02 &#8211; W\u00f3zek do transportu zw\u0142ok z regulacj\u0105 wysoko\u015bci"},"content":{"rendered":"<p>W\u00f3zek do transportu zw\u0142ok z hydrauliczn\u0105 regulacj\u0105 wysoko\u015bci (2 d\u017awignie no\u017cne) przeznaczony do stosowania wewn\u0105trz budynk\u00f3w s\u0142u\u017cby zdrowia, prosektori\u00f3w, hospicj\u00f3w, specjalistycznych zak\u0142ad\u00f3w, itd. S\u0142u\u017cy do przewo\u017cenia, mycia i kr\u00f3tkiego przechowywania cia\u0142.<\/p>\n<p>Cechuje go \u0142atwo\u015b\u0107 obs\u0142ugi oraz trwa\u0142a konstrukcja umo\u017cliwiaj\u0105ca wieloletnie u\u017cytkowanie sprz\u0119tu. Regulacja wysoko\u015bci u\u0142atwia wykonywanie czynno\u015bci.<\/p>\n<p>W standardzie 1 ko\u0142o kierunkowe, kt\u00f3re po zablokowaniu d\u017awigni umo\u017cliwia ukierunkowanie jazdy (na wprost).<\/p>\n<p><strong>Konstrukcja standardowa malowana jest na kolor bia\u0142y<\/strong>, natomiast <strong>konstrukcja ze stali nierdzewnej &#8211; <\/strong><strong>malowana na kolor szary<\/strong><em><strong>.<\/strong><\/em><\/p>\n<p>Na zdj\u0119ciach:<\/p>\n<p>1-3 &#8211; w\u00f3zek w wersji standardowej (konstrukcja malowana na kolor bia\u0142y) + pokrywa PCV<\/p>\n<p>4-6, 9-11 &#8211; w\u00f3zek w wersji podstawowej (konstrukcja malowana na kolor bia\u0142y)<\/p>\n<p>7 &#8211; w\u00f3zek w wersji podstawowej + konstrukcja ze stali nierdzewnej (malowana na kolor szary)<\/p>\n<p>8 &#8211; w\u00f3zek w wersji podstawowej + konstrukcja ze stali nierdzewnej (malowana na kolor szary) + pokrywa PCV<\/p>\n<p><strong>Seria ECO:<\/strong> W\u00f3zek z konstrukcj\u0105 standardow\u0105, lakierowan\u0105 proszkowo z pokryw\u0105 lub bez.<\/p>\n","protected":false},"excerpt":{"rendered":"<p>W\u00f3zek do transportu zw\u0142ok z hydrauliczn\u0105 regulacj\u0105 wysoko\u015bci (2 d\u017awignie no\u017cne) przeznaczony do stosowania wewn\u0105trz budynk\u00f3w s\u0142u\u017cby zdrowia, prosektori\u00f3w, hospicj\u00f3w, specjalistycznych zak\u0142ad\u00f3w, itd. S\u0142u\u017cy do przewo\u017cenia, mycia i kr\u00f3tkiego przechowywania cia\u0142. Cechuje go \u0142atwo\u015b\u0107 obs\u0142ugi oraz trwa\u0142a konstrukcja umo\u017cliwiaj\u0105ca wieloletnie u\u017cytkowanie sprz\u0119tu. Regulacja wysoko\u015bci u\u0142atwia wykonywanie czynno\u015bci. W standardzie 1 ko\u0142o kierunkowe, kt\u00f3re po zablokowaniu [&hellip;]<\/p>\n","protected":false},"featured_media":48338,"comment_status":"open","ping_status":"closed","template":"","meta":{"_acf_changed":false},"product_brand":[],"product_cat":[439,443],"product_tag":[],"class_list":{"0":"post-48335","1":"product","2":"type-product","3":"status-publish","4":"has-post-thumbnail","6":"product_cat-transport","7":"product_cat-wozek-do-transportu-zwlok","8":"pa_dlugosc-calkowita-215-cm","9":"pa_dlugosc-tacy-195-cm","10":"pa_szerokosc-calkowita-725-cm","11":"pa_szerokosc-tacy-60-cm","12":"pa_taca-nierdzewna","13":"pa_wysokosc-do-tacy-57-955-cm","15":"first","16":"instock","17":"taxable","18":"shipping-taxable","19":"purchasable","20":"product-type-variable"},"acf":[],"yoast_head":"<!-- This site is optimized with the Yoast SEO plugin v27.4 - https:\/\/yoast.com\/product\/yoast-seo-wordpress\/ -->\n<title>WDZ-02 - W\u00f3zek do transportu zw\u0142ok z regulacj\u0105 wysoko\u015bci - INNOW<\/title>\n<meta name=\"description\" content=\"W\u00f3zek do transportu zw\u0142ok wyposa\u017cony w hydrauliczn\u0105 regulacj\u0119 wysoko\u015bci usprawniaj\u0105c\u0105 wykonywanie czynno\u015bci. Trwa\u0142a konstrukcja, \u0142atwa obs\u0142uga. Zobacz!\" \/>\n<meta name=\"robots\" content=\"index, follow, max-snippet:-1, max-image-preview:large, max-video-preview:-1\" \/>\n<link rel=\"canonical\" href=\"https:\/\/innow.pl\/produkt\/wdz-02-wozek-transportu-zwlok-z-regulacja-wysokosci\/\" \/>\n<meta property=\"og:locale\" content=\"fr_FR\" \/>\n<meta property=\"og:type\" content=\"article\" \/>\n<meta property=\"og:title\" content=\"WDZ-02 - W\u00f3zek do transportu zw\u0142ok z regulacj\u0105 wysoko\u015bci - INNOW\" \/>\n<meta property=\"og:description\" content=\"W\u00f3zek do transportu zw\u0142ok wyposa\u017cony w hydrauliczn\u0105 regulacj\u0119 wysoko\u015bci usprawniaj\u0105c\u0105 wykonywanie czynno\u015bci. Trwa\u0142a konstrukcja, \u0142atwa obs\u0142uga. Zobacz!\" \/>\n<meta property=\"og:url\" content=\"https:\/\/innow.pl\/produkt\/wdz-02-wozek-transportu-zwlok-z-regulacja-wysokosci\/\" \/>\n<meta property=\"og:site_name\" content=\"INNOW\" \/>\n<meta property=\"article:modified_time\" content=\"2026-02-26T07:37:08+00:00\" \/>\n<meta property=\"og:image\" content=\"https:\/\/innow.pl\/wp-content\/uploads\/2024\/11\/WDZ-02_2.jpg\" \/>\n\t<meta property=\"og:image:width\" content=\"800\" \/>\n\t<meta property=\"og:image:height\" content=\"800\" \/>\n\t<meta property=\"og:image:type\" content=\"image\/jpeg\" \/>\n<meta name=\"twitter:card\" content=\"summary_large_image\" \/>\n<meta name=\"twitter:label1\" content=\"Dur\u00e9e de lecture estim\u00e9e\" \/>\n\t<meta name=\"twitter:data1\" content=\"2 minutes\" \/>\n<script type=\"application\/ld+json\" class=\"yoast-schema-graph\">{\"@context\":\"https:\\\/\\\/schema.org\",\"@graph\":[{\"@type\":\"WebPage\",\"@id\":\"https:\\\/\\\/innow.pl\\\/produkt\\\/wdz-02-wozek-transportu-zwlok-z-regulacja-wysokosci\\\/\",\"url\":\"https:\\\/\\\/innow.pl\\\/produkt\\\/wdz-02-wozek-transportu-zwlok-z-regulacja-wysokosci\\\/\",\"name\":\"WDZ-02 - W\u00f3zek do transportu zw\u0142ok z regulacj\u0105 wysoko\u015bci - INNOW\",\"isPartOf\":{\"@id\":\"https:\\\/\\\/innow.pl\\\/#website\"},\"primaryImageOfPage\":{\"@id\":\"https:\\\/\\\/innow.pl\\\/produkt\\\/wdz-02-wozek-transportu-zwlok-z-regulacja-wysokosci\\\/#primaryimage\"},\"image\":{\"@id\":\"https:\\\/\\\/innow.pl\\\/produkt\\\/wdz-02-wozek-transportu-zwlok-z-regulacja-wysokosci\\\/#primaryimage\"},\"thumbnailUrl\":\"https:\\\/\\\/innow.pl\\\/wp-content\\\/uploads\\\/2024\\\/11\\\/WDZ-02_2.jpg\",\"datePublished\":\"2022-06-01T09:04:04+00:00\",\"dateModified\":\"2026-02-26T07:37:08+00:00\",\"description\":\"W\u00f3zek do transportu zw\u0142ok wyposa\u017cony w hydrauliczn\u0105 regulacj\u0119 wysoko\u015bci usprawniaj\u0105c\u0105 wykonywanie czynno\u015bci. Trwa\u0142a konstrukcja, \u0142atwa obs\u0142uga. Zobacz!\",\"breadcrumb\":{\"@id\":\"https:\\\/\\\/innow.pl\\\/produkt\\\/wdz-02-wozek-transportu-zwlok-z-regulacja-wysokosci\\\/#breadcrumb\"},\"inLanguage\":\"fr-FR\",\"potentialAction\":[{\"@type\":\"ReadAction\",\"target\":[\"https:\\\/\\\/innow.pl\\\/produkt\\\/wdz-02-wozek-transportu-zwlok-z-regulacja-wysokosci\\\/\"]}]},{\"@type\":\"ImageObject\",\"inLanguage\":\"fr-FR\",\"@id\":\"https:\\\/\\\/innow.pl\\\/produkt\\\/wdz-02-wozek-transportu-zwlok-z-regulacja-wysokosci\\\/#primaryimage\",\"url\":\"https:\\\/\\\/innow.pl\\\/wp-content\\\/uploads\\\/2024\\\/11\\\/WDZ-02_2.jpg\",\"contentUrl\":\"https:\\\/\\\/innow.pl\\\/wp-content\\\/uploads\\\/2024\\\/11\\\/WDZ-02_2.jpg\",\"width\":800,\"height\":800,\"caption\":\"WDZ-02 - W\u00f3zek do transportu zw\u0142ok z regulacj\u0105 wysoko\u015bci\"},{\"@type\":\"BreadcrumbList\",\"@id\":\"https:\\\/\\\/innow.pl\\\/produkt\\\/wdz-02-wozek-transportu-zwlok-z-regulacja-wysokosci\\\/#breadcrumb\",\"itemListElement\":[{\"@type\":\"ListItem\",\"position\":1,\"name\":\"INNOW\",\"item\":\"https:\\\/\\\/innow.pl\\\/fr\\\/\"},{\"@type\":\"ListItem\",\"position\":2,\"name\":\"Produkty\",\"item\":\"https:\\\/\\\/innow.pl\\\/produkty\\\/\"},{\"@type\":\"ListItem\",\"position\":3,\"name\":\"Transport\",\"item\":\"https:\\\/\\\/innow.pl\\\/produkty\\\/transport\\\/\"},{\"@type\":\"ListItem\",\"position\":4,\"name\":\"W\u00f3zki do transportu zw\u0142ok\",\"item\":\"https:\\\/\\\/innow.pl\\\/produkty\\\/transport\\\/wozek-do-transportu-zwlok\\\/\"},{\"@type\":\"ListItem\",\"position\":5,\"name\":\"WDZ-02 &#8211; W\u00f3zek do transportu zw\u0142ok z regulacj\u0105 wysoko\u015bci\"}]},{\"@type\":\"WebSite\",\"@id\":\"https:\\\/\\\/innow.pl\\\/#website\",\"url\":\"https:\\\/\\\/innow.pl\\\/\",\"name\":\"INNOW\",\"description\":\"\",\"potentialAction\":[{\"@type\":\"SearchAction\",\"target\":{\"@type\":\"EntryPoint\",\"urlTemplate\":\"https:\\\/\\\/innow.pl\\\/?s={search_term_string}\"},\"query-input\":{\"@type\":\"PropertyValueSpecification\",\"valueRequired\":true,\"valueName\":\"search_term_string\"}}],\"inLanguage\":\"fr-FR\"}]}<\/script>\n<!-- \/ Yoast SEO plugin. -->","yoast_head_json":{"title":"WDZ-02 - W\u00f3zek do transportu zw\u0142ok z regulacj\u0105 wysoko\u015bci - INNOW","description":"W\u00f3zek do transportu zw\u0142ok wyposa\u017cony w hydrauliczn\u0105 regulacj\u0119 wysoko\u015bci usprawniaj\u0105c\u0105 wykonywanie czynno\u015bci. Trwa\u0142a konstrukcja, \u0142atwa obs\u0142uga. Zobacz!","robots":{"index":"index","follow":"follow","max-snippet":"max-snippet:-1","max-image-preview":"max-image-preview:large","max-video-preview":"max-video-preview:-1"},"canonical":"https:\/\/innow.pl\/produkt\/wdz-02-wozek-transportu-zwlok-z-regulacja-wysokosci\/","og_locale":"fr_FR","og_type":"article","og_title":"WDZ-02 - W\u00f3zek do transportu zw\u0142ok z regulacj\u0105 wysoko\u015bci - INNOW","og_description":"W\u00f3zek do transportu zw\u0142ok wyposa\u017cony w hydrauliczn\u0105 regulacj\u0119 wysoko\u015bci usprawniaj\u0105c\u0105 wykonywanie czynno\u015bci. Trwa\u0142a konstrukcja, \u0142atwa obs\u0142uga. Zobacz!","og_url":"https:\/\/innow.pl\/produkt\/wdz-02-wozek-transportu-zwlok-z-regulacja-wysokosci\/","og_site_name":"INNOW","article_modified_time":"2026-02-26T07:37:08+00:00","og_image":[{"width":800,"height":800,"url":"https:\/\/innow.pl\/wp-content\/uploads\/2024\/11\/WDZ-02_2.jpg","type":"image\/jpeg"}],"twitter_card":"summary_large_image","twitter_misc":{"Dur\u00e9e de lecture estim\u00e9e":"2 minutes"},"schema":{"@context":"https:\/\/schema.org","@graph":[{"@type":"WebPage","@id":"https:\/\/innow.pl\/produkt\/wdz-02-wozek-transportu-zwlok-z-regulacja-wysokosci\/","url":"https:\/\/innow.pl\/produkt\/wdz-02-wozek-transportu-zwlok-z-regulacja-wysokosci\/","name":"WDZ-02 - W\u00f3zek do transportu zw\u0142ok z regulacj\u0105 wysoko\u015bci - INNOW","isPartOf":{"@id":"https:\/\/innow.pl\/#website"},"primaryImageOfPage":{"@id":"https:\/\/innow.pl\/produkt\/wdz-02-wozek-transportu-zwlok-z-regulacja-wysokosci\/#primaryimage"},"image":{"@id":"https:\/\/innow.pl\/produkt\/wdz-02-wozek-transportu-zwlok-z-regulacja-wysokosci\/#primaryimage"},"thumbnailUrl":"https:\/\/innow.pl\/wp-content\/uploads\/2024\/11\/WDZ-02_2.jpg","datePublished":"2022-06-01T09:04:04+00:00","dateModified":"2026-02-26T07:37:08+00:00","description":"W\u00f3zek do transportu zw\u0142ok wyposa\u017cony w hydrauliczn\u0105 regulacj\u0119 wysoko\u015bci usprawniaj\u0105c\u0105 wykonywanie czynno\u015bci. Trwa\u0142a konstrukcja, \u0142atwa obs\u0142uga. Zobacz!","breadcrumb":{"@id":"https:\/\/innow.pl\/produkt\/wdz-02-wozek-transportu-zwlok-z-regulacja-wysokosci\/#breadcrumb"},"inLanguage":"fr-FR","potentialAction":[{"@type":"ReadAction","target":["https:\/\/innow.pl\/produkt\/wdz-02-wozek-transportu-zwlok-z-regulacja-wysokosci\/"]}]},{"@type":"ImageObject","inLanguage":"fr-FR","@id":"https:\/\/innow.pl\/produkt\/wdz-02-wozek-transportu-zwlok-z-regulacja-wysokosci\/#primaryimage","url":"https:\/\/innow.pl\/wp-content\/uploads\/2024\/11\/WDZ-02_2.jpg","contentUrl":"https:\/\/innow.pl\/wp-content\/uploads\/2024\/11\/WDZ-02_2.jpg","width":800,"height":800,"caption":"WDZ-02 - W\u00f3zek do transportu zw\u0142ok z regulacj\u0105 wysoko\u015bci"},{"@type":"BreadcrumbList","@id":"https:\/\/innow.pl\/produkt\/wdz-02-wozek-transportu-zwlok-z-regulacja-wysokosci\/#breadcrumb","itemListElement":[{"@type":"ListItem","position":1,"name":"INNOW","item":"https:\/\/innow.pl\/fr\/"},{"@type":"ListItem","position":2,"name":"Produkty","item":"https:\/\/innow.pl\/produkty\/"},{"@type":"ListItem","position":3,"name":"Transport","item":"https:\/\/innow.pl\/produkty\/transport\/"},{"@type":"ListItem","position":4,"name":"W\u00f3zki do transportu zw\u0142ok","item":"https:\/\/innow.pl\/produkty\/transport\/wozek-do-transportu-zwlok\/"},{"@type":"ListItem","position":5,"name":"WDZ-02 &#8211; W\u00f3zek do transportu zw\u0142ok z regulacj\u0105 wysoko\u015bci"}]},{"@type":"WebSite","@id":"https:\/\/innow.pl\/#website","url":"https:\/\/innow.pl\/","name":"INNOW","description":"","potentialAction":[{"@type":"SearchAction","target":{"@type":"EntryPoint","urlTemplate":"https:\/\/innow.pl\/?s={search_term_string}"},"query-input":{"@type":"PropertyValueSpecification","valueRequired":true,"valueName":"search_term_string"}}],"inLanguage":"fr-FR"}]}},"_links":{"self":[{"href":"https:\/\/innow.pl\/fr\/wp-json\/wp\/v2\/product\/48335","targetHints":{"allow":["GET"]}}],"collection":[{"href":"https:\/\/innow.pl\/fr\/wp-json\/wp\/v2\/product"}],"about":[{"href":"https:\/\/innow.pl\/fr\/wp-json\/wp\/v2\/types\/product"}],"replies":[{"embeddable":true,"href":"https:\/\/innow.pl\/fr\/wp-json\/wp\/v2\/comments?post=48335"}],"wp:featuredmedia":[{"embeddable":true,"href":"https:\/\/innow.pl\/fr\/wp-json\/wp\/v2\/media\/48338"}],"wp:attachment":[{"href":"https:\/\/innow.pl\/fr\/wp-json\/wp\/v2\/media?parent=48335"}],"wp:term":[{"taxonomy":"product_brand","embeddable":true,"href":"https:\/\/innow.pl\/fr\/wp-json\/wp\/v2\/product_brand?post=48335"},{"taxonomy":"product_cat","embeddable":true,"href":"https:\/\/innow.pl\/fr\/wp-json\/wp\/v2\/product_cat?post=48335"},{"taxonomy":"product_tag","embeddable":true,"href":"https:\/\/innow.pl\/fr\/wp-json\/wp\/v2\/product_tag?post=48335"}],"curies":[{"name":"wp","href":"https:\/\/api.w.org\/{rel}","templated":true}]}}