{"id":46501,"date":"2021-01-16T13:08:07","date_gmt":"2021-01-16T12:08:07","guid":{"rendered":"https:\/\/innow.pl\/produkt\/bbl-inox-barierka-boczna-nierdzewna\/"},"modified":"2025-02-11T13:48:33","modified_gmt":"2025-02-11T12:48:33","slug":"bbl-inox-barierka-boczna-nierdzewna","status":"publish","type":"product","link":"https:\/\/innow.pl\/fr\/produkt\/bbl-inox-barierka-boczna-nierdzewna\/","title":{"rendered":"BBL INOX &#8211; Barierka boczna nierdzewna"},"content":{"rendered":"<p align=\"left\">Barierka boczna ze stali nierdzewnej, r\u0119cznie opuszczana. Mo\u017ce by\u0107 montowana po dowolnej stronie \u0142\u00f3\u017cka, posiada blokad\u0119 wysoko\u015bci.<\/p>\n<p align=\"left\">Stawka 8% VAT obowi\u0105zuje przy zakupie razem z \u0142\u00f3\u017ckiem L01 [ST\u00d3\u0141 PIEL\u0118GNACYJNY].<\/p>\n<p align=\"left\">Przy zakupie samych barierek obowi\u0105zuje stawka 23% VAT.<\/p>\n","protected":false},"excerpt":{"rendered":"<p>Barierka boczna ze stali nierdzewnej, r\u0119cznie opuszczana. Mo\u017ce by\u0107 montowana po dowolnej stronie \u0142\u00f3\u017cka, posiada blokad\u0119 wysoko\u015bci. Stawka 8% VAT obowi\u0105zuje przy zakupie razem z \u0142\u00f3\u017ckiem L01 [ST\u00d3\u0141 PIEL\u0118GNACYJNY]. Przy zakupie samych barierek obowi\u0105zuje stawka 23% VAT.<\/p>\n","protected":false},"featured_media":46503,"comment_status":"open","ping_status":"closed","template":"","meta":{"_acf_changed":false},"product_brand":[],"product_cat":[49],"product_tag":[],"class_list":{"0":"post-46501","1":"product","2":"type-product","3":"status-publish","4":"has-post-thumbnail","6":"product_cat-lazienka-i-wc","8":"first","9":"instock","10":"taxable","11":"shipping-taxable","12":"purchasable","13":"product-type-simple"},"acf":[],"yoast_head":"<!-- This site is optimized with the Yoast SEO plugin v27.4 - https:\/\/yoast.com\/product\/yoast-seo-wordpress\/ -->\n<title>BBL INOX - Barierka boczna nierdzewna - INNOW<\/title>\n<meta name=\"robots\" content=\"index, follow, max-snippet:-1, max-image-preview:large, max-video-preview:-1\" \/>\n<link rel=\"canonical\" href=\"https:\/\/innow.pl\/produkt\/bbl-inox-barierka-boczna-nierdzewna\/\" \/>\n<meta property=\"og:locale\" content=\"fr_FR\" \/>\n<meta property=\"og:type\" content=\"article\" \/>\n<meta property=\"og:title\" content=\"BBL INOX - Barierka boczna nierdzewna - INNOW\" \/>\n<meta property=\"og:description\" content=\"Barierka boczna ze stali nierdzewnej, r\u0119cznie opuszczana. Mo\u017ce by\u0107 montowana po dowolnej stronie \u0142\u00f3\u017cka, posiada blokad\u0119 wysoko\u015bci. Stawka 8% VAT obowi\u0105zuje przy zakupie razem z \u0142\u00f3\u017ckiem L01 [ST\u00d3\u0141 PIEL\u0118GNACYJNY]. Przy zakupie samych barierek obowi\u0105zuje stawka 23% VAT.\" \/>\n<meta property=\"og:url\" content=\"https:\/\/innow.pl\/produkt\/bbl-inox-barierka-boczna-nierdzewna\/\" \/>\n<meta property=\"og:site_name\" content=\"INNOW\" \/>\n<meta property=\"article:modified_time\" content=\"2025-02-11T12:48:33+00:00\" \/>\n<meta property=\"og:image\" content=\"https:\/\/innow.pl\/wp-content\/uploads\/2024\/11\/BBL-INOX.jpg\" \/>\n\t<meta property=\"og:image:width\" content=\"800\" \/>\n\t<meta property=\"og:image:height\" content=\"800\" \/>\n\t<meta property=\"og:image:type\" content=\"image\/jpeg\" \/>\n<meta name=\"twitter:card\" content=\"summary_large_image\" \/>\n<meta name=\"twitter:label1\" content=\"Dur\u00e9e de lecture estim\u00e9e\" \/>\n\t<meta name=\"twitter:data1\" content=\"1 minute\" \/>\n<script type=\"application\/ld+json\" class=\"yoast-schema-graph\">{\"@context\":\"https:\\\/\\\/schema.org\",\"@graph\":[{\"@type\":\"WebPage\",\"@id\":\"https:\\\/\\\/innow.pl\\\/produkt\\\/bbl-inox-barierka-boczna-nierdzewna\\\/\",\"url\":\"https:\\\/\\\/innow.pl\\\/produkt\\\/bbl-inox-barierka-boczna-nierdzewna\\\/\",\"name\":\"BBL INOX - Barierka boczna nierdzewna - INNOW\",\"isPartOf\":{\"@id\":\"https:\\\/\\\/innow.pl\\\/#website\"},\"primaryImageOfPage\":{\"@id\":\"https:\\\/\\\/innow.pl\\\/produkt\\\/bbl-inox-barierka-boczna-nierdzewna\\\/#primaryimage\"},\"image\":{\"@id\":\"https:\\\/\\\/innow.pl\\\/produkt\\\/bbl-inox-barierka-boczna-nierdzewna\\\/#primaryimage\"},\"thumbnailUrl\":\"https:\\\/\\\/innow.pl\\\/wp-content\\\/uploads\\\/2024\\\/11\\\/BBL-INOX.jpg\",\"datePublished\":\"2021-01-16T12:08:07+00:00\",\"dateModified\":\"2025-02-11T12:48:33+00:00\",\"breadcrumb\":{\"@id\":\"https:\\\/\\\/innow.pl\\\/produkt\\\/bbl-inox-barierka-boczna-nierdzewna\\\/#breadcrumb\"},\"inLanguage\":\"fr-FR\",\"potentialAction\":[{\"@type\":\"ReadAction\",\"target\":[\"https:\\\/\\\/innow.pl\\\/produkt\\\/bbl-inox-barierka-boczna-nierdzewna\\\/\"]}]},{\"@type\":\"ImageObject\",\"inLanguage\":\"fr-FR\",\"@id\":\"https:\\\/\\\/innow.pl\\\/produkt\\\/bbl-inox-barierka-boczna-nierdzewna\\\/#primaryimage\",\"url\":\"https:\\\/\\\/innow.pl\\\/wp-content\\\/uploads\\\/2024\\\/11\\\/BBL-INOX.jpg\",\"contentUrl\":\"https:\\\/\\\/innow.pl\\\/wp-content\\\/uploads\\\/2024\\\/11\\\/BBL-INOX.jpg\",\"width\":800,\"height\":800,\"caption\":\"BBL INOX - Barierka boczna nierdzewna\"},{\"@type\":\"BreadcrumbList\",\"@id\":\"https:\\\/\\\/innow.pl\\\/produkt\\\/bbl-inox-barierka-boczna-nierdzewna\\\/#breadcrumb\",\"itemListElement\":[{\"@type\":\"ListItem\",\"position\":1,\"name\":\"INNOW\",\"item\":\"https:\\\/\\\/innow.pl\\\/fr\\\/\"},{\"@type\":\"ListItem\",\"position\":2,\"name\":\"Produkty\",\"item\":\"https:\\\/\\\/innow.pl\\\/produkty\\\/\"},{\"@type\":\"ListItem\",\"position\":3,\"name\":\"\u0141azienka i WC\",\"item\":\"https:\\\/\\\/innow.pl\\\/produkty\\\/lazienka-i-wc\\\/\"},{\"@type\":\"ListItem\",\"position\":4,\"name\":\"BBL INOX &#8211; Barierka boczna nierdzewna\"}]},{\"@type\":\"WebSite\",\"@id\":\"https:\\\/\\\/innow.pl\\\/#website\",\"url\":\"https:\\\/\\\/innow.pl\\\/\",\"name\":\"INNOW\",\"description\":\"\",\"potentialAction\":[{\"@type\":\"SearchAction\",\"target\":{\"@type\":\"EntryPoint\",\"urlTemplate\":\"https:\\\/\\\/innow.pl\\\/?s={search_term_string}\"},\"query-input\":{\"@type\":\"PropertyValueSpecification\",\"valueRequired\":true,\"valueName\":\"search_term_string\"}}],\"inLanguage\":\"fr-FR\"}]}<\/script>\n<!-- \/ Yoast SEO plugin. -->","yoast_head_json":{"title":"BBL INOX - Barierka boczna nierdzewna - INNOW","robots":{"index":"index","follow":"follow","max-snippet":"max-snippet:-1","max-image-preview":"max-image-preview:large","max-video-preview":"max-video-preview:-1"},"canonical":"https:\/\/innow.pl\/produkt\/bbl-inox-barierka-boczna-nierdzewna\/","og_locale":"fr_FR","og_type":"article","og_title":"BBL INOX - Barierka boczna nierdzewna - INNOW","og_description":"Barierka boczna ze stali nierdzewnej, r\u0119cznie opuszczana. Mo\u017ce by\u0107 montowana po dowolnej stronie \u0142\u00f3\u017cka, posiada blokad\u0119 wysoko\u015bci. Stawka 8% VAT obowi\u0105zuje przy zakupie razem z \u0142\u00f3\u017ckiem L01 [ST\u00d3\u0141 PIEL\u0118GNACYJNY]. Przy zakupie samych barierek obowi\u0105zuje stawka 23% VAT.","og_url":"https:\/\/innow.pl\/produkt\/bbl-inox-barierka-boczna-nierdzewna\/","og_site_name":"INNOW","article_modified_time":"2025-02-11T12:48:33+00:00","og_image":[{"width":800,"height":800,"url":"https:\/\/innow.pl\/wp-content\/uploads\/2024\/11\/BBL-INOX.jpg","type":"image\/jpeg"}],"twitter_card":"summary_large_image","twitter_misc":{"Dur\u00e9e de lecture estim\u00e9e":"1 minute"},"schema":{"@context":"https:\/\/schema.org","@graph":[{"@type":"WebPage","@id":"https:\/\/innow.pl\/produkt\/bbl-inox-barierka-boczna-nierdzewna\/","url":"https:\/\/innow.pl\/produkt\/bbl-inox-barierka-boczna-nierdzewna\/","name":"BBL INOX - Barierka boczna nierdzewna - INNOW","isPartOf":{"@id":"https:\/\/innow.pl\/#website"},"primaryImageOfPage":{"@id":"https:\/\/innow.pl\/produkt\/bbl-inox-barierka-boczna-nierdzewna\/#primaryimage"},"image":{"@id":"https:\/\/innow.pl\/produkt\/bbl-inox-barierka-boczna-nierdzewna\/#primaryimage"},"thumbnailUrl":"https:\/\/innow.pl\/wp-content\/uploads\/2024\/11\/BBL-INOX.jpg","datePublished":"2021-01-16T12:08:07+00:00","dateModified":"2025-02-11T12:48:33+00:00","breadcrumb":{"@id":"https:\/\/innow.pl\/produkt\/bbl-inox-barierka-boczna-nierdzewna\/#breadcrumb"},"inLanguage":"fr-FR","potentialAction":[{"@type":"ReadAction","target":["https:\/\/innow.pl\/produkt\/bbl-inox-barierka-boczna-nierdzewna\/"]}]},{"@type":"ImageObject","inLanguage":"fr-FR","@id":"https:\/\/innow.pl\/produkt\/bbl-inox-barierka-boczna-nierdzewna\/#primaryimage","url":"https:\/\/innow.pl\/wp-content\/uploads\/2024\/11\/BBL-INOX.jpg","contentUrl":"https:\/\/innow.pl\/wp-content\/uploads\/2024\/11\/BBL-INOX.jpg","width":800,"height":800,"caption":"BBL INOX - Barierka boczna nierdzewna"},{"@type":"BreadcrumbList","@id":"https:\/\/innow.pl\/produkt\/bbl-inox-barierka-boczna-nierdzewna\/#breadcrumb","itemListElement":[{"@type":"ListItem","position":1,"name":"INNOW","item":"https:\/\/innow.pl\/fr\/"},{"@type":"ListItem","position":2,"name":"Produkty","item":"https:\/\/innow.pl\/produkty\/"},{"@type":"ListItem","position":3,"name":"\u0141azienka i WC","item":"https:\/\/innow.pl\/produkty\/lazienka-i-wc\/"},{"@type":"ListItem","position":4,"name":"BBL INOX &#8211; Barierka boczna nierdzewna"}]},{"@type":"WebSite","@id":"https:\/\/innow.pl\/#website","url":"https:\/\/innow.pl\/","name":"INNOW","description":"","potentialAction":[{"@type":"SearchAction","target":{"@type":"EntryPoint","urlTemplate":"https:\/\/innow.pl\/?s={search_term_string}"},"query-input":{"@type":"PropertyValueSpecification","valueRequired":true,"valueName":"search_term_string"}}],"inLanguage":"fr-FR"}]}},"_links":{"self":[{"href":"https:\/\/innow.pl\/fr\/wp-json\/wp\/v2\/product\/46501","targetHints":{"allow":["GET"]}}],"collection":[{"href":"https:\/\/innow.pl\/fr\/wp-json\/wp\/v2\/product"}],"about":[{"href":"https:\/\/innow.pl\/fr\/wp-json\/wp\/v2\/types\/product"}],"replies":[{"embeddable":true,"href":"https:\/\/innow.pl\/fr\/wp-json\/wp\/v2\/comments?post=46501"}],"wp:featuredmedia":[{"embeddable":true,"href":"https:\/\/innow.pl\/fr\/wp-json\/wp\/v2\/media\/46503"}],"wp:attachment":[{"href":"https:\/\/innow.pl\/fr\/wp-json\/wp\/v2\/media?parent=46501"}],"wp:term":[{"taxonomy":"product_brand","embeddable":true,"href":"https:\/\/innow.pl\/fr\/wp-json\/wp\/v2\/product_brand?post=46501"},{"taxonomy":"product_cat","embeddable":true,"href":"https:\/\/innow.pl\/fr\/wp-json\/wp\/v2\/product_cat?post=46501"},{"taxonomy":"product_tag","embeddable":true,"href":"https:\/\/innow.pl\/fr\/wp-json\/wp\/v2\/product_tag?post=46501"}],"curies":[{"name":"wp","href":"https:\/\/api.w.org\/{rel}","templated":true}]}}