{"id":44308,"date":"2021-12-06T09:56:36","date_gmt":"2021-12-06T08:56:36","guid":{"rendered":"https:\/\/innow.pl\/produkt\/tps-taboret-poliuretanowy-siodlowy\/"},"modified":"2025-02-11T12:34:53","modified_gmt":"2025-02-11T11:34:53","slug":"tps-taboret-poliuretanowy-siodlowy","status":"publish","type":"product","link":"https:\/\/innow.pl\/fr\/produkt\/tps-taboret-poliuretanowy-siodlowy\/","title":{"rendered":"TPS &#8211; Taboret poliuretanowy siod\u0142owy, podstawa do wyboru"},"content":{"rendered":"<p>Taboret lekarski (operatora, laboratoryjny) poliuretanowy siod\u0142owy pozwalaj\u0105cy utrzyma\u0107 odpowiedni\u0105 dla kr\u0119gos\u0142upa, ergonomiczn\u0105 postaw\u0119. Posiada stabiln\u0105 konstrukcj\u0119, regulacj\u0119 wysoko\u015bci siod\u0142a za pomoc\u0105 d\u017awigni znajduj\u0105cej si\u0119 pod nim. Siedzisko poliuretanowe. Dost\u0119pna wersja z podstaw\u0105 z tworzywa, aluminiow\u0105 lub stalow\u0105 chromowan\u0105 (z obr\u0119cz\u0105). Do wyboru stopki lub k\u00f3\u0142ka.<\/p>\n","protected":false},"excerpt":{"rendered":"<p>Taboret lekarski (operatora, laboratoryjny) poliuretanowy siod\u0142owy pozwalaj\u0105cy utrzyma\u0107 odpowiedni\u0105 dla kr\u0119gos\u0142upa, ergonomiczn\u0105 postaw\u0119. Posiada stabiln\u0105 konstrukcj\u0119, regulacj\u0119 wysoko\u015bci siod\u0142a za pomoc\u0105 d\u017awigni znajduj\u0105cej si\u0119 pod nim. Siedzisko poliuretanowe. Dost\u0119pna wersja z podstaw\u0105 z tworzywa, aluminiow\u0105 lub stalow\u0105 chromowan\u0105 (z obr\u0119cz\u0105). Do wyboru stopki lub k\u00f3\u0142ka.<\/p>\n","protected":false},"featured_media":44311,"comment_status":"open","ping_status":"closed","template":"","meta":{"_acf_changed":false},"product_brand":[],"product_cat":[529,440],"product_tag":[],"class_list":{"0":"post-44308","1":"product","2":"type-product","3":"status-publish","4":"has-post-thumbnail","6":"product_cat-krzesla-i-taborety","7":"product_cat-meble-medyczne","8":"pa_material-podstawy-aluminium","9":"pa_material-podstawy-stal-chromowana-z-obrecza","10":"pa_material-podstawy-tworzywo","11":"pa_podstawa-na-kolkach","12":"pa_podstawa-na-stopkach","13":"pa_szerokosc-siedziska-42-cm","14":"pa_wysokosc-47-60-cm","16":"first","17":"instock","18":"taxable","19":"shipping-taxable","20":"purchasable","21":"product-type-variable"},"acf":[],"yoast_head":"<!-- This site is optimized with the Yoast SEO plugin v27.4 - https:\/\/yoast.com\/product\/yoast-seo-wordpress\/ -->\n<title>TPS - Taboret poliuretanowy siod\u0142owy, podstawa do wyboru - INNOW<\/title>\n<meta name=\"description\" content=\"Taboret poliuretanowy z siedziskiem w kszta\u0142cie siod\u0142a, zapewniaj\u0105cym ergonomiczn\u0105 postaw\u0119. Do wyboru materia\u0142 podstawy oraz ko\u0142a lub stopki. Zobacz!\" \/>\n<meta name=\"robots\" content=\"index, follow, max-snippet:-1, max-image-preview:large, max-video-preview:-1\" \/>\n<link rel=\"canonical\" href=\"https:\/\/innow.pl\/produkt\/tps-taboret-poliuretanowy-siodlowy\/\" \/>\n<meta property=\"og:locale\" content=\"fr_FR\" \/>\n<meta property=\"og:type\" content=\"article\" \/>\n<meta property=\"og:title\" content=\"TPS - Taboret poliuretanowy siod\u0142owy, podstawa do wyboru - INNOW\" \/>\n<meta property=\"og:description\" content=\"Taboret poliuretanowy z siedziskiem w kszta\u0142cie siod\u0142a, zapewniaj\u0105cym ergonomiczn\u0105 postaw\u0119. Do wyboru materia\u0142 podstawy oraz ko\u0142a lub stopki. Zobacz!\" \/>\n<meta property=\"og:url\" content=\"https:\/\/innow.pl\/produkt\/tps-taboret-poliuretanowy-siodlowy\/\" \/>\n<meta property=\"og:site_name\" content=\"INNOW\" \/>\n<meta property=\"article:modified_time\" content=\"2025-02-11T11:34:53+00:00\" \/>\n<meta property=\"og:image\" content=\"https:\/\/innow.pl\/wp-content\/uploads\/2024\/11\/TPS-CH-kolka.jpg\" \/>\n\t<meta property=\"og:image:width\" content=\"800\" \/>\n\t<meta property=\"og:image:height\" content=\"800\" \/>\n\t<meta property=\"og:image:type\" content=\"image\/jpeg\" \/>\n<meta name=\"twitter:card\" content=\"summary_large_image\" \/>\n<meta name=\"twitter:label1\" content=\"Dur\u00e9e de lecture estim\u00e9e\" \/>\n\t<meta name=\"twitter:data1\" content=\"1 minute\" \/>\n<script type=\"application\/ld+json\" class=\"yoast-schema-graph\">{\"@context\":\"https:\\\/\\\/schema.org\",\"@graph\":[{\"@type\":\"WebPage\",\"@id\":\"https:\\\/\\\/innow.pl\\\/produkt\\\/tps-taboret-poliuretanowy-siodlowy\\\/\",\"url\":\"https:\\\/\\\/innow.pl\\\/produkt\\\/tps-taboret-poliuretanowy-siodlowy\\\/\",\"name\":\"TPS - Taboret poliuretanowy siod\u0142owy, podstawa do wyboru - INNOW\",\"isPartOf\":{\"@id\":\"https:\\\/\\\/innow.pl\\\/#website\"},\"primaryImageOfPage\":{\"@id\":\"https:\\\/\\\/innow.pl\\\/produkt\\\/tps-taboret-poliuretanowy-siodlowy\\\/#primaryimage\"},\"image\":{\"@id\":\"https:\\\/\\\/innow.pl\\\/produkt\\\/tps-taboret-poliuretanowy-siodlowy\\\/#primaryimage\"},\"thumbnailUrl\":\"https:\\\/\\\/innow.pl\\\/wp-content\\\/uploads\\\/2024\\\/11\\\/TPS-CH-kolka.jpg\",\"datePublished\":\"2021-12-06T08:56:36+00:00\",\"dateModified\":\"2025-02-11T11:34:53+00:00\",\"description\":\"Taboret poliuretanowy z siedziskiem w kszta\u0142cie siod\u0142a, zapewniaj\u0105cym ergonomiczn\u0105 postaw\u0119. Do wyboru materia\u0142 podstawy oraz ko\u0142a lub stopki. Zobacz!\",\"breadcrumb\":{\"@id\":\"https:\\\/\\\/innow.pl\\\/produkt\\\/tps-taboret-poliuretanowy-siodlowy\\\/#breadcrumb\"},\"inLanguage\":\"fr-FR\",\"potentialAction\":[{\"@type\":\"ReadAction\",\"target\":[\"https:\\\/\\\/innow.pl\\\/produkt\\\/tps-taboret-poliuretanowy-siodlowy\\\/\"]}]},{\"@type\":\"ImageObject\",\"inLanguage\":\"fr-FR\",\"@id\":\"https:\\\/\\\/innow.pl\\\/produkt\\\/tps-taboret-poliuretanowy-siodlowy\\\/#primaryimage\",\"url\":\"https:\\\/\\\/innow.pl\\\/wp-content\\\/uploads\\\/2024\\\/11\\\/TPS-CH-kolka.jpg\",\"contentUrl\":\"https:\\\/\\\/innow.pl\\\/wp-content\\\/uploads\\\/2024\\\/11\\\/TPS-CH-kolka.jpg\",\"width\":800,\"height\":800,\"caption\":\"TPS-CHO-kolka - Taboret poliuretanowy siod\u0142owy z podstaw\u0105 ze stali chromowanej z obr\u0119cz\u0105, na k\u00f3\u0142kach\"},{\"@type\":\"BreadcrumbList\",\"@id\":\"https:\\\/\\\/innow.pl\\\/produkt\\\/tps-taboret-poliuretanowy-siodlowy\\\/#breadcrumb\",\"itemListElement\":[{\"@type\":\"ListItem\",\"position\":1,\"name\":\"INNOW\",\"item\":\"https:\\\/\\\/innow.pl\\\/fr\\\/\"},{\"@type\":\"ListItem\",\"position\":2,\"name\":\"Produkty\",\"item\":\"https:\\\/\\\/innow.pl\\\/produkty\\\/\"},{\"@type\":\"ListItem\",\"position\":3,\"name\":\"Meble medyczne\",\"item\":\"https:\\\/\\\/innow.pl\\\/produkty\\\/meble-medyczne\\\/\"},{\"@type\":\"ListItem\",\"position\":4,\"name\":\"Krzes\u0142a i taborety\",\"item\":\"https:\\\/\\\/innow.pl\\\/produkty\\\/meble-medyczne\\\/krzesla-i-taborety\\\/\"},{\"@type\":\"ListItem\",\"position\":5,\"name\":\"TPS &#8211; Taboret poliuretanowy siod\u0142owy, podstawa do wyboru\"}]},{\"@type\":\"WebSite\",\"@id\":\"https:\\\/\\\/innow.pl\\\/#website\",\"url\":\"https:\\\/\\\/innow.pl\\\/\",\"name\":\"INNOW\",\"description\":\"\",\"potentialAction\":[{\"@type\":\"SearchAction\",\"target\":{\"@type\":\"EntryPoint\",\"urlTemplate\":\"https:\\\/\\\/innow.pl\\\/?s={search_term_string}\"},\"query-input\":{\"@type\":\"PropertyValueSpecification\",\"valueRequired\":true,\"valueName\":\"search_term_string\"}}],\"inLanguage\":\"fr-FR\"}]}<\/script>\n<!-- \/ Yoast SEO plugin. -->","yoast_head_json":{"title":"TPS - Taboret poliuretanowy siod\u0142owy, podstawa do wyboru - INNOW","description":"Taboret poliuretanowy z siedziskiem w kszta\u0142cie siod\u0142a, zapewniaj\u0105cym ergonomiczn\u0105 postaw\u0119. Do wyboru materia\u0142 podstawy oraz ko\u0142a lub stopki. Zobacz!","robots":{"index":"index","follow":"follow","max-snippet":"max-snippet:-1","max-image-preview":"max-image-preview:large","max-video-preview":"max-video-preview:-1"},"canonical":"https:\/\/innow.pl\/produkt\/tps-taboret-poliuretanowy-siodlowy\/","og_locale":"fr_FR","og_type":"article","og_title":"TPS - Taboret poliuretanowy siod\u0142owy, podstawa do wyboru - INNOW","og_description":"Taboret poliuretanowy z siedziskiem w kszta\u0142cie siod\u0142a, zapewniaj\u0105cym ergonomiczn\u0105 postaw\u0119. Do wyboru materia\u0142 podstawy oraz ko\u0142a lub stopki. Zobacz!","og_url":"https:\/\/innow.pl\/produkt\/tps-taboret-poliuretanowy-siodlowy\/","og_site_name":"INNOW","article_modified_time":"2025-02-11T11:34:53+00:00","og_image":[{"width":800,"height":800,"url":"https:\/\/innow.pl\/wp-content\/uploads\/2024\/11\/TPS-CH-kolka.jpg","type":"image\/jpeg"}],"twitter_card":"summary_large_image","twitter_misc":{"Dur\u00e9e de lecture estim\u00e9e":"1 minute"},"schema":{"@context":"https:\/\/schema.org","@graph":[{"@type":"WebPage","@id":"https:\/\/innow.pl\/produkt\/tps-taboret-poliuretanowy-siodlowy\/","url":"https:\/\/innow.pl\/produkt\/tps-taboret-poliuretanowy-siodlowy\/","name":"TPS - Taboret poliuretanowy siod\u0142owy, podstawa do wyboru - INNOW","isPartOf":{"@id":"https:\/\/innow.pl\/#website"},"primaryImageOfPage":{"@id":"https:\/\/innow.pl\/produkt\/tps-taboret-poliuretanowy-siodlowy\/#primaryimage"},"image":{"@id":"https:\/\/innow.pl\/produkt\/tps-taboret-poliuretanowy-siodlowy\/#primaryimage"},"thumbnailUrl":"https:\/\/innow.pl\/wp-content\/uploads\/2024\/11\/TPS-CH-kolka.jpg","datePublished":"2021-12-06T08:56:36+00:00","dateModified":"2025-02-11T11:34:53+00:00","description":"Taboret poliuretanowy z siedziskiem w kszta\u0142cie siod\u0142a, zapewniaj\u0105cym ergonomiczn\u0105 postaw\u0119. Do wyboru materia\u0142 podstawy oraz ko\u0142a lub stopki. Zobacz!","breadcrumb":{"@id":"https:\/\/innow.pl\/produkt\/tps-taboret-poliuretanowy-siodlowy\/#breadcrumb"},"inLanguage":"fr-FR","potentialAction":[{"@type":"ReadAction","target":["https:\/\/innow.pl\/produkt\/tps-taboret-poliuretanowy-siodlowy\/"]}]},{"@type":"ImageObject","inLanguage":"fr-FR","@id":"https:\/\/innow.pl\/produkt\/tps-taboret-poliuretanowy-siodlowy\/#primaryimage","url":"https:\/\/innow.pl\/wp-content\/uploads\/2024\/11\/TPS-CH-kolka.jpg","contentUrl":"https:\/\/innow.pl\/wp-content\/uploads\/2024\/11\/TPS-CH-kolka.jpg","width":800,"height":800,"caption":"TPS-CHO-kolka - Taboret poliuretanowy siod\u0142owy z podstaw\u0105 ze stali chromowanej z obr\u0119cz\u0105, na k\u00f3\u0142kach"},{"@type":"BreadcrumbList","@id":"https:\/\/innow.pl\/produkt\/tps-taboret-poliuretanowy-siodlowy\/#breadcrumb","itemListElement":[{"@type":"ListItem","position":1,"name":"INNOW","item":"https:\/\/innow.pl\/fr\/"},{"@type":"ListItem","position":2,"name":"Produkty","item":"https:\/\/innow.pl\/produkty\/"},{"@type":"ListItem","position":3,"name":"Meble medyczne","item":"https:\/\/innow.pl\/produkty\/meble-medyczne\/"},{"@type":"ListItem","position":4,"name":"Krzes\u0142a i taborety","item":"https:\/\/innow.pl\/produkty\/meble-medyczne\/krzesla-i-taborety\/"},{"@type":"ListItem","position":5,"name":"TPS &#8211; Taboret poliuretanowy siod\u0142owy, podstawa do wyboru"}]},{"@type":"WebSite","@id":"https:\/\/innow.pl\/#website","url":"https:\/\/innow.pl\/","name":"INNOW","description":"","potentialAction":[{"@type":"SearchAction","target":{"@type":"EntryPoint","urlTemplate":"https:\/\/innow.pl\/?s={search_term_string}"},"query-input":{"@type":"PropertyValueSpecification","valueRequired":true,"valueName":"search_term_string"}}],"inLanguage":"fr-FR"}]}},"_links":{"self":[{"href":"https:\/\/innow.pl\/fr\/wp-json\/wp\/v2\/product\/44308","targetHints":{"allow":["GET"]}}],"collection":[{"href":"https:\/\/innow.pl\/fr\/wp-json\/wp\/v2\/product"}],"about":[{"href":"https:\/\/innow.pl\/fr\/wp-json\/wp\/v2\/types\/product"}],"replies":[{"embeddable":true,"href":"https:\/\/innow.pl\/fr\/wp-json\/wp\/v2\/comments?post=44308"}],"wp:featuredmedia":[{"embeddable":true,"href":"https:\/\/innow.pl\/fr\/wp-json\/wp\/v2\/media\/44311"}],"wp:attachment":[{"href":"https:\/\/innow.pl\/fr\/wp-json\/wp\/v2\/media?parent=44308"}],"wp:term":[{"taxonomy":"product_brand","embeddable":true,"href":"https:\/\/innow.pl\/fr\/wp-json\/wp\/v2\/product_brand?post=44308"},{"taxonomy":"product_cat","embeddable":true,"href":"https:\/\/innow.pl\/fr\/wp-json\/wp\/v2\/product_cat?post=44308"},{"taxonomy":"product_tag","embeddable":true,"href":"https:\/\/innow.pl\/fr\/wp-json\/wp\/v2\/product_tag?post=44308"}],"curies":[{"name":"wp","href":"https:\/\/api.w.org\/{rel}","templated":true}]}}