{"id":42967,"date":"2020-10-16T10:34:19","date_gmt":"2020-10-16T08:34:19","guid":{"rendered":"https:\/\/innow.pl\/produkt\/s406-mono-orws-kozetka-stol-rehab-z-konstrukcja-monolityczna-do-200-kg-podgl-45-80\/"},"modified":"2026-04-03T09:39:51","modified_gmt":"2026-04-03T07:39:51","slug":"s406-mono-orws-kozetka-stol-rehab-z-konstrukcja-monolityczna-do-200-kg-podgl-45-80","status":"publish","type":"product","link":"https:\/\/innow.pl\/fr\/produkt\/s406-mono-orws-kozetka-stol-rehab-z-konstrukcja-monolityczna-do-200-kg-podgl-45-80\/","title":{"rendered":"S406 +\/- [MONO ORWS] \u2013 Kozetka (st\u00f3\u0142 rehab.) z konstrukcj\u0105 monolityczn\u0105 do 200 kg, podg\u0142. +45\/-80\u00b0"},"content":{"rendered":"<p>St\u00f3\u0142 rehabilitacyjny\/kozetka z konstrukcj\u0105 monolityczn\u0105 i podajnikiem podk\u0142ad\u00f3w. Obci\u0105\u017cenie dopuszczalne do 200 kg. Kozetka wyposa\u017cona w podg\u0142\u00f3wek z regulacj\u0105 r\u0119czn\u0105 w zakresie +45\/-80\u00b0.<\/p>\n<p>Kolor tapicerki: B\u0141\u0118KITNY 5154.<\/p>\n<p><img decoding=\"async\" style=\"width: 200px\" src=\"https:\/\/innow.pl\/wp-content\/uploads\/2024\/11\/5154-245.jpg\" \/><\/p>\n<p style=\"text-align: left\">Szczeg\u00f3\u0142owy opis wyrobu tego typu znajduje si\u0119 pod linkiem: <strong><a style=\"color: #00c6e5\" href=\"https:\/\/innow.pl\/produkt\/s406-mono-kozetka-stol-rehabilitacyjny-do-200-kg-podglowek-45-80\/\">S406 +\/- [MONO]<\/a><\/strong>.<\/p>\n","protected":false},"excerpt":{"rendered":"<p>St\u00f3\u0142 rehabilitacyjny\/kozetka z konstrukcj\u0105 monolityczn\u0105 i podajnikiem podk\u0142ad\u00f3w. Obci\u0105\u017cenie dopuszczalne do 200 kg. Kozetka wyposa\u017cona w podg\u0142\u00f3wek z regulacj\u0105 r\u0119czn\u0105 w zakresie +45\/-80\u00b0. Kolor tapicerki: B\u0141\u0118KITNY 5154. Szczeg\u00f3\u0142owy opis wyrobu tego typu znajduje si\u0119 pod linkiem: S406 +\/- [MONO].<\/p>\n","protected":false},"featured_media":72509,"comment_status":"open","ping_status":"closed","template":"","meta":{"_acf_changed":false},"product_brand":[],"product_cat":[1286,393],"product_tag":[],"class_list":{"0":"post-42967","1":"product","2":"type-product","3":"status-publish","4":"has-post-thumbnail","6":"product_cat-meble-medyczne-od-reki-w-salonie","7":"product_cat-od-reki-w-salonie","9":"first","10":"instock","11":"taxable","12":"shipping-taxable","13":"purchasable","14":"product-type-simple"},"acf":[],"yoast_head":"<!-- This site is optimized with the Yoast SEO plugin v27.4 - https:\/\/yoast.com\/product\/yoast-seo-wordpress\/ -->\n<title>S406 +\/- [MONO ORWS] \u2013 Kozetka (st\u00f3\u0142 rehab.) z konstrukcj\u0105 monolityczn\u0105 do 200 kg, podg\u0142. +45\/-80\u00b0 - INNOW<\/title>\n<meta name=\"robots\" content=\"index, follow, max-snippet:-1, max-image-preview:large, max-video-preview:-1\" \/>\n<link rel=\"canonical\" href=\"https:\/\/innow.pl\/produkt\/s406-mono-orws-kozetka-stol-rehab-z-konstrukcja-monolityczna-do-200-kg-podgl-45-80\/\" \/>\n<meta property=\"og:locale\" content=\"fr_FR\" \/>\n<meta property=\"og:type\" content=\"article\" \/>\n<meta property=\"og:title\" content=\"S406 +\/- [MONO ORWS] \u2013 Kozetka (st\u00f3\u0142 rehab.) z konstrukcj\u0105 monolityczn\u0105 do 200 kg, podg\u0142. +45\/-80\u00b0 - INNOW\" \/>\n<meta property=\"og:description\" content=\"St\u00f3\u0142 rehabilitacyjny\/kozetka z konstrukcj\u0105 monolityczn\u0105 i podajnikiem podk\u0142ad\u00f3w. Obci\u0105\u017cenie dopuszczalne do 200 kg. Kozetka wyposa\u017cona w podg\u0142\u00f3wek z regulacj\u0105 r\u0119czn\u0105 w zakresie +45\/-80\u00b0. Kolor tapicerki: B\u0141\u0118KITNY 5154. Szczeg\u00f3\u0142owy opis wyrobu tego typu znajduje si\u0119 pod linkiem: S406 +\/- [MONO].\" \/>\n<meta property=\"og:url\" content=\"https:\/\/innow.pl\/produkt\/s406-mono-orws-kozetka-stol-rehab-z-konstrukcja-monolityczna-do-200-kg-podgl-45-80\/\" \/>\n<meta property=\"og:site_name\" content=\"INNOW\" \/>\n<meta property=\"article:modified_time\" content=\"2026-04-03T07:39:51+00:00\" \/>\n<meta property=\"og:image\" content=\"https:\/\/innow.pl\/wp-content\/uploads\/2020\/10\/S406-MONO_ORWS_blekit.jpg\" \/>\n\t<meta property=\"og:image:width\" content=\"1000\" \/>\n\t<meta property=\"og:image:height\" content=\"1000\" \/>\n\t<meta property=\"og:image:type\" content=\"image\/jpeg\" \/>\n<meta name=\"twitter:card\" content=\"summary_large_image\" \/>\n<meta name=\"twitter:label1\" content=\"Dur\u00e9e de lecture estim\u00e9e\" \/>\n\t<meta name=\"twitter:data1\" content=\"1 minute\" \/>\n<script type=\"application\/ld+json\" class=\"yoast-schema-graph\">{\"@context\":\"https:\\\/\\\/schema.org\",\"@graph\":[{\"@type\":\"WebPage\",\"@id\":\"https:\\\/\\\/innow.pl\\\/produkt\\\/s406-mono-orws-kozetka-stol-rehab-z-konstrukcja-monolityczna-do-200-kg-podgl-45-80\\\/\",\"url\":\"https:\\\/\\\/innow.pl\\\/produkt\\\/s406-mono-orws-kozetka-stol-rehab-z-konstrukcja-monolityczna-do-200-kg-podgl-45-80\\\/\",\"name\":\"S406 +\\\/- [MONO ORWS] \u2013 Kozetka (st\u00f3\u0142 rehab.) z konstrukcj\u0105 monolityczn\u0105 do 200 kg, podg\u0142. +45\\\/-80\u00b0 - INNOW\",\"isPartOf\":{\"@id\":\"https:\\\/\\\/innow.pl\\\/#website\"},\"primaryImageOfPage\":{\"@id\":\"https:\\\/\\\/innow.pl\\\/produkt\\\/s406-mono-orws-kozetka-stol-rehab-z-konstrukcja-monolityczna-do-200-kg-podgl-45-80\\\/#primaryimage\"},\"image\":{\"@id\":\"https:\\\/\\\/innow.pl\\\/produkt\\\/s406-mono-orws-kozetka-stol-rehab-z-konstrukcja-monolityczna-do-200-kg-podgl-45-80\\\/#primaryimage\"},\"thumbnailUrl\":\"https:\\\/\\\/innow.pl\\\/wp-content\\\/uploads\\\/2020\\\/10\\\/S406-MONO_ORWS_blekit.jpg\",\"datePublished\":\"2020-10-16T08:34:19+00:00\",\"dateModified\":\"2026-04-03T07:39:51+00:00\",\"breadcrumb\":{\"@id\":\"https:\\\/\\\/innow.pl\\\/produkt\\\/s406-mono-orws-kozetka-stol-rehab-z-konstrukcja-monolityczna-do-200-kg-podgl-45-80\\\/#breadcrumb\"},\"inLanguage\":\"fr-FR\",\"potentialAction\":[{\"@type\":\"ReadAction\",\"target\":[\"https:\\\/\\\/innow.pl\\\/produkt\\\/s406-mono-orws-kozetka-stol-rehab-z-konstrukcja-monolityczna-do-200-kg-podgl-45-80\\\/\"]}]},{\"@type\":\"ImageObject\",\"inLanguage\":\"fr-FR\",\"@id\":\"https:\\\/\\\/innow.pl\\\/produkt\\\/s406-mono-orws-kozetka-stol-rehab-z-konstrukcja-monolityczna-do-200-kg-podgl-45-80\\\/#primaryimage\",\"url\":\"https:\\\/\\\/innow.pl\\\/wp-content\\\/uploads\\\/2020\\\/10\\\/S406-MONO_ORWS_blekit.jpg\",\"contentUrl\":\"https:\\\/\\\/innow.pl\\\/wp-content\\\/uploads\\\/2020\\\/10\\\/S406-MONO_ORWS_blekit.jpg\",\"width\":1000,\"height\":1000},{\"@type\":\"BreadcrumbList\",\"@id\":\"https:\\\/\\\/innow.pl\\\/produkt\\\/s406-mono-orws-kozetka-stol-rehab-z-konstrukcja-monolityczna-do-200-kg-podgl-45-80\\\/#breadcrumb\",\"itemListElement\":[{\"@type\":\"ListItem\",\"position\":1,\"name\":\"INNOW\",\"item\":\"https:\\\/\\\/innow.pl\\\/fr\\\/\"},{\"@type\":\"ListItem\",\"position\":2,\"name\":\"Produkty\",\"item\":\"https:\\\/\\\/innow.pl\\\/produkty\\\/\"},{\"@type\":\"ListItem\",\"position\":3,\"name\":\"Od r\u0119ki w salonie\",\"item\":\"https:\\\/\\\/innow.pl\\\/produkty\\\/od-reki-w-salonie\\\/\"},{\"@type\":\"ListItem\",\"position\":4,\"name\":\"Meble medyczne\",\"item\":\"https:\\\/\\\/innow.pl\\\/produkty\\\/od-reki-w-salonie\\\/meble-medyczne-od-reki-w-salonie\\\/\"},{\"@type\":\"ListItem\",\"position\":5,\"name\":\"S406 +\\\/- [MONO ORWS] \u2013 Kozetka (st\u00f3\u0142 rehab.) z konstrukcj\u0105 monolityczn\u0105 do 200 kg, podg\u0142. +45\\\/-80\u00b0\"}]},{\"@type\":\"WebSite\",\"@id\":\"https:\\\/\\\/innow.pl\\\/#website\",\"url\":\"https:\\\/\\\/innow.pl\\\/\",\"name\":\"INNOW\",\"description\":\"\",\"potentialAction\":[{\"@type\":\"SearchAction\",\"target\":{\"@type\":\"EntryPoint\",\"urlTemplate\":\"https:\\\/\\\/innow.pl\\\/?s={search_term_string}\"},\"query-input\":{\"@type\":\"PropertyValueSpecification\",\"valueRequired\":true,\"valueName\":\"search_term_string\"}}],\"inLanguage\":\"fr-FR\"}]}<\/script>\n<!-- \/ Yoast SEO plugin. -->","yoast_head_json":{"title":"S406 +\/- [MONO ORWS] \u2013 Kozetka (st\u00f3\u0142 rehab.) z konstrukcj\u0105 monolityczn\u0105 do 200 kg, podg\u0142. +45\/-80\u00b0 - INNOW","robots":{"index":"index","follow":"follow","max-snippet":"max-snippet:-1","max-image-preview":"max-image-preview:large","max-video-preview":"max-video-preview:-1"},"canonical":"https:\/\/innow.pl\/produkt\/s406-mono-orws-kozetka-stol-rehab-z-konstrukcja-monolityczna-do-200-kg-podgl-45-80\/","og_locale":"fr_FR","og_type":"article","og_title":"S406 +\/- [MONO ORWS] \u2013 Kozetka (st\u00f3\u0142 rehab.) z konstrukcj\u0105 monolityczn\u0105 do 200 kg, podg\u0142. +45\/-80\u00b0 - INNOW","og_description":"St\u00f3\u0142 rehabilitacyjny\/kozetka z konstrukcj\u0105 monolityczn\u0105 i podajnikiem podk\u0142ad\u00f3w. Obci\u0105\u017cenie dopuszczalne do 200 kg. Kozetka wyposa\u017cona w podg\u0142\u00f3wek z regulacj\u0105 r\u0119czn\u0105 w zakresie +45\/-80\u00b0. Kolor tapicerki: B\u0141\u0118KITNY 5154. Szczeg\u00f3\u0142owy opis wyrobu tego typu znajduje si\u0119 pod linkiem: S406 +\/- [MONO].","og_url":"https:\/\/innow.pl\/produkt\/s406-mono-orws-kozetka-stol-rehab-z-konstrukcja-monolityczna-do-200-kg-podgl-45-80\/","og_site_name":"INNOW","article_modified_time":"2026-04-03T07:39:51+00:00","og_image":[{"width":1000,"height":1000,"url":"https:\/\/innow.pl\/wp-content\/uploads\/2020\/10\/S406-MONO_ORWS_blekit.jpg","type":"image\/jpeg"}],"twitter_card":"summary_large_image","twitter_misc":{"Dur\u00e9e de lecture estim\u00e9e":"1 minute"},"schema":{"@context":"https:\/\/schema.org","@graph":[{"@type":"WebPage","@id":"https:\/\/innow.pl\/produkt\/s406-mono-orws-kozetka-stol-rehab-z-konstrukcja-monolityczna-do-200-kg-podgl-45-80\/","url":"https:\/\/innow.pl\/produkt\/s406-mono-orws-kozetka-stol-rehab-z-konstrukcja-monolityczna-do-200-kg-podgl-45-80\/","name":"S406 +\/- [MONO ORWS] \u2013 Kozetka (st\u00f3\u0142 rehab.) z konstrukcj\u0105 monolityczn\u0105 do 200 kg, podg\u0142. +45\/-80\u00b0 - INNOW","isPartOf":{"@id":"https:\/\/innow.pl\/#website"},"primaryImageOfPage":{"@id":"https:\/\/innow.pl\/produkt\/s406-mono-orws-kozetka-stol-rehab-z-konstrukcja-monolityczna-do-200-kg-podgl-45-80\/#primaryimage"},"image":{"@id":"https:\/\/innow.pl\/produkt\/s406-mono-orws-kozetka-stol-rehab-z-konstrukcja-monolityczna-do-200-kg-podgl-45-80\/#primaryimage"},"thumbnailUrl":"https:\/\/innow.pl\/wp-content\/uploads\/2020\/10\/S406-MONO_ORWS_blekit.jpg","datePublished":"2020-10-16T08:34:19+00:00","dateModified":"2026-04-03T07:39:51+00:00","breadcrumb":{"@id":"https:\/\/innow.pl\/produkt\/s406-mono-orws-kozetka-stol-rehab-z-konstrukcja-monolityczna-do-200-kg-podgl-45-80\/#breadcrumb"},"inLanguage":"fr-FR","potentialAction":[{"@type":"ReadAction","target":["https:\/\/innow.pl\/produkt\/s406-mono-orws-kozetka-stol-rehab-z-konstrukcja-monolityczna-do-200-kg-podgl-45-80\/"]}]},{"@type":"ImageObject","inLanguage":"fr-FR","@id":"https:\/\/innow.pl\/produkt\/s406-mono-orws-kozetka-stol-rehab-z-konstrukcja-monolityczna-do-200-kg-podgl-45-80\/#primaryimage","url":"https:\/\/innow.pl\/wp-content\/uploads\/2020\/10\/S406-MONO_ORWS_blekit.jpg","contentUrl":"https:\/\/innow.pl\/wp-content\/uploads\/2020\/10\/S406-MONO_ORWS_blekit.jpg","width":1000,"height":1000},{"@type":"BreadcrumbList","@id":"https:\/\/innow.pl\/produkt\/s406-mono-orws-kozetka-stol-rehab-z-konstrukcja-monolityczna-do-200-kg-podgl-45-80\/#breadcrumb","itemListElement":[{"@type":"ListItem","position":1,"name":"INNOW","item":"https:\/\/innow.pl\/fr\/"},{"@type":"ListItem","position":2,"name":"Produkty","item":"https:\/\/innow.pl\/produkty\/"},{"@type":"ListItem","position":3,"name":"Od r\u0119ki w salonie","item":"https:\/\/innow.pl\/produkty\/od-reki-w-salonie\/"},{"@type":"ListItem","position":4,"name":"Meble medyczne","item":"https:\/\/innow.pl\/produkty\/od-reki-w-salonie\/meble-medyczne-od-reki-w-salonie\/"},{"@type":"ListItem","position":5,"name":"S406 +\/- [MONO ORWS] \u2013 Kozetka (st\u00f3\u0142 rehab.) z konstrukcj\u0105 monolityczn\u0105 do 200 kg, podg\u0142. +45\/-80\u00b0"}]},{"@type":"WebSite","@id":"https:\/\/innow.pl\/#website","url":"https:\/\/innow.pl\/","name":"INNOW","description":"","potentialAction":[{"@type":"SearchAction","target":{"@type":"EntryPoint","urlTemplate":"https:\/\/innow.pl\/?s={search_term_string}"},"query-input":{"@type":"PropertyValueSpecification","valueRequired":true,"valueName":"search_term_string"}}],"inLanguage":"fr-FR"}]}},"_links":{"self":[{"href":"https:\/\/innow.pl\/fr\/wp-json\/wp\/v2\/product\/42967","targetHints":{"allow":["GET"]}}],"collection":[{"href":"https:\/\/innow.pl\/fr\/wp-json\/wp\/v2\/product"}],"about":[{"href":"https:\/\/innow.pl\/fr\/wp-json\/wp\/v2\/types\/product"}],"replies":[{"embeddable":true,"href":"https:\/\/innow.pl\/fr\/wp-json\/wp\/v2\/comments?post=42967"}],"wp:featuredmedia":[{"embeddable":true,"href":"https:\/\/innow.pl\/fr\/wp-json\/wp\/v2\/media\/72509"}],"wp:attachment":[{"href":"https:\/\/innow.pl\/fr\/wp-json\/wp\/v2\/media?parent=42967"}],"wp:term":[{"taxonomy":"product_brand","embeddable":true,"href":"https:\/\/innow.pl\/fr\/wp-json\/wp\/v2\/product_brand?post=42967"},{"taxonomy":"product_cat","embeddable":true,"href":"https:\/\/innow.pl\/fr\/wp-json\/wp\/v2\/product_cat?post=42967"},{"taxonomy":"product_tag","embeddable":true,"href":"https:\/\/innow.pl\/fr\/wp-json\/wp\/v2\/product_tag?post=42967"}],"curies":[{"name":"wp","href":"https:\/\/api.w.org\/{rel}","templated":true}]}}