{"id":29382,"date":"2020-02-28T08:33:34","date_gmt":"2020-02-28T07:33:34","guid":{"rendered":"https:\/\/innow.pl\/produkt\/c227md-taboret-prysznicowy\/"},"modified":"2025-06-11T09:53:54","modified_gmt":"2025-06-11T07:53:54","slug":"c227md-taboret-prysznicowy","status":"publish","type":"product","link":"https:\/\/innow.pl\/fr\/produkt\/c227md-taboret-prysznicowy\/","title":{"rendered":"C227MD &#8211; Taboret prysznicowy"},"content":{"rendered":"<p>Taboret prysznicowy o aluminiowej konstrukcji, z poliuretanowym siedziskiem (materia\u0142 zmywalny) z uchwytami i otworami do odprowadzania wody. Wyr\u00f3b posiada konstrukcj\u0119 zako\u0144czon\u0105 antypo\u015blizgowymi stopkami oraz regulacj\u0119 wysoko\u015bci.<\/p>\n","protected":false},"excerpt":{"rendered":"<p>Taboret prysznicowy o aluminiowej konstrukcji, z poliuretanowym siedziskiem (materia\u0142 zmywalny) z uchwytami i otworami do odprowadzania wody. Wyr\u00f3b posiada konstrukcj\u0119 zako\u0144czon\u0105 antypo\u015blizgowymi stopkami oraz regulacj\u0119 wysoko\u015bci.<\/p>\n","protected":false},"featured_media":29384,"comment_status":"open","ping_status":"closed","template":"","meta":{"_acf_changed":false},"product_brand":[],"product_cat":[436,512,49],"product_tag":[],"class_list":{"0":"post-29382","1":"product","2":"type-product","3":"status-publish","4":"has-post-thumbnail","6":"product_cat-siodelka-siedziska-i-taborety","7":"product_cat-taborety-prysznicowe","8":"product_cat-lazienka-i-wc","9":"pa_glebokosc-29-cm","10":"pa_szerokosc-48-cm","11":"pa_wysokosc-37-56-cm","13":"first","14":"instock","15":"taxable","16":"shipping-taxable","17":"purchasable","18":"product-type-simple"},"acf":[],"yoast_head":"<!-- This site is optimized with the Yoast SEO plugin v27.4 - https:\/\/yoast.com\/product\/yoast-seo-wordpress\/ -->\n<title>C227MD - Taboret prysznicowy - INNOW<\/title>\n<meta name=\"description\" content=\"Taboret prysznicowy o lekkiej, aluminiowej konstrukcji. Gumowe nasadki, uchwyty w siedzisku, otwory do \u015bciekania wody, poliuretanowe siedzisko. Zobacz!\" \/>\n<meta name=\"robots\" content=\"index, follow, max-snippet:-1, max-image-preview:large, max-video-preview:-1\" \/>\n<link rel=\"canonical\" href=\"https:\/\/innow.pl\/produkt\/c227md-taboret-prysznicowy\/\" \/>\n<meta property=\"og:locale\" content=\"fr_FR\" \/>\n<meta property=\"og:type\" content=\"article\" \/>\n<meta property=\"og:title\" content=\"C227MD - Taboret prysznicowy - INNOW\" \/>\n<meta property=\"og:description\" content=\"Taboret prysznicowy o lekkiej, aluminiowej konstrukcji. Gumowe nasadki, uchwyty w siedzisku, otwory do \u015bciekania wody, poliuretanowe siedzisko. Zobacz!\" \/>\n<meta property=\"og:url\" content=\"https:\/\/innow.pl\/produkt\/c227md-taboret-prysznicowy\/\" \/>\n<meta property=\"og:site_name\" content=\"INNOW\" \/>\n<meta property=\"article:modified_time\" content=\"2025-06-11T07:53:54+00:00\" \/>\n<meta property=\"og:image\" content=\"https:\/\/innow.pl\/wp-content\/uploads\/2024\/11\/C227MD_1.jpg\" \/>\n\t<meta property=\"og:image:width\" content=\"600\" \/>\n\t<meta property=\"og:image:height\" content=\"600\" \/>\n\t<meta property=\"og:image:type\" content=\"image\/jpeg\" \/>\n<meta name=\"twitter:card\" content=\"summary_large_image\" \/>\n<meta name=\"twitter:label1\" content=\"Dur\u00e9e de lecture estim\u00e9e\" \/>\n\t<meta name=\"twitter:data1\" content=\"1 minute\" \/>\n<script type=\"application\/ld+json\" class=\"yoast-schema-graph\">{\"@context\":\"https:\\\/\\\/schema.org\",\"@graph\":[{\"@type\":\"WebPage\",\"@id\":\"https:\\\/\\\/innow.pl\\\/produkt\\\/c227md-taboret-prysznicowy\\\/\",\"url\":\"https:\\\/\\\/innow.pl\\\/produkt\\\/c227md-taboret-prysznicowy\\\/\",\"name\":\"C227MD - Taboret prysznicowy - INNOW\",\"isPartOf\":{\"@id\":\"https:\\\/\\\/innow.pl\\\/#website\"},\"primaryImageOfPage\":{\"@id\":\"https:\\\/\\\/innow.pl\\\/produkt\\\/c227md-taboret-prysznicowy\\\/#primaryimage\"},\"image\":{\"@id\":\"https:\\\/\\\/innow.pl\\\/produkt\\\/c227md-taboret-prysznicowy\\\/#primaryimage\"},\"thumbnailUrl\":\"https:\\\/\\\/innow.pl\\\/wp-content\\\/uploads\\\/2024\\\/11\\\/C227MD_1.jpg\",\"datePublished\":\"2020-02-28T07:33:34+00:00\",\"dateModified\":\"2025-06-11T07:53:54+00:00\",\"description\":\"Taboret prysznicowy o lekkiej, aluminiowej konstrukcji. Gumowe nasadki, uchwyty w siedzisku, otwory do \u015bciekania wody, poliuretanowe siedzisko. Zobacz!\",\"breadcrumb\":{\"@id\":\"https:\\\/\\\/innow.pl\\\/produkt\\\/c227md-taboret-prysznicowy\\\/#breadcrumb\"},\"inLanguage\":\"fr-FR\",\"potentialAction\":[{\"@type\":\"ReadAction\",\"target\":[\"https:\\\/\\\/innow.pl\\\/produkt\\\/c227md-taboret-prysznicowy\\\/\"]}]},{\"@type\":\"ImageObject\",\"inLanguage\":\"fr-FR\",\"@id\":\"https:\\\/\\\/innow.pl\\\/produkt\\\/c227md-taboret-prysznicowy\\\/#primaryimage\",\"url\":\"https:\\\/\\\/innow.pl\\\/wp-content\\\/uploads\\\/2024\\\/11\\\/C227MD_1.jpg\",\"contentUrl\":\"https:\\\/\\\/innow.pl\\\/wp-content\\\/uploads\\\/2024\\\/11\\\/C227MD_1.jpg\",\"width\":600,\"height\":600,\"caption\":\"Taboret prysznicowy - C227MD - INNOW\"},{\"@type\":\"BreadcrumbList\",\"@id\":\"https:\\\/\\\/innow.pl\\\/produkt\\\/c227md-taboret-prysznicowy\\\/#breadcrumb\",\"itemListElement\":[{\"@type\":\"ListItem\",\"position\":1,\"name\":\"INNOW\",\"item\":\"https:\\\/\\\/innow.pl\\\/fr\\\/\"},{\"@type\":\"ListItem\",\"position\":2,\"name\":\"Produkty\",\"item\":\"https:\\\/\\\/innow.pl\\\/produkty\\\/\"},{\"@type\":\"ListItem\",\"position\":3,\"name\":\"\u0141azienka i WC\",\"item\":\"https:\\\/\\\/innow.pl\\\/produkty\\\/lazienka-i-wc\\\/\"},{\"@type\":\"ListItem\",\"position\":4,\"name\":\"Siode\u0142ka, siedziska i taborety\",\"item\":\"https:\\\/\\\/innow.pl\\\/produkty\\\/lazienka-i-wc\\\/siodelka-siedziska-i-taborety\\\/\"},{\"@type\":\"ListItem\",\"position\":5,\"name\":\"Taborety prysznicowe\",\"item\":\"https:\\\/\\\/innow.pl\\\/produkty\\\/lazienka-i-wc\\\/siodelka-siedziska-i-taborety\\\/taborety-prysznicowe\\\/\"},{\"@type\":\"ListItem\",\"position\":6,\"name\":\"C227MD &#8211; Taboret prysznicowy\"}]},{\"@type\":\"WebSite\",\"@id\":\"https:\\\/\\\/innow.pl\\\/#website\",\"url\":\"https:\\\/\\\/innow.pl\\\/\",\"name\":\"INNOW\",\"description\":\"\",\"potentialAction\":[{\"@type\":\"SearchAction\",\"target\":{\"@type\":\"EntryPoint\",\"urlTemplate\":\"https:\\\/\\\/innow.pl\\\/?s={search_term_string}\"},\"query-input\":{\"@type\":\"PropertyValueSpecification\",\"valueRequired\":true,\"valueName\":\"search_term_string\"}}],\"inLanguage\":\"fr-FR\"}]}<\/script>\n<!-- \/ Yoast SEO plugin. -->","yoast_head_json":{"title":"C227MD - Taboret prysznicowy - INNOW","description":"Taboret prysznicowy o lekkiej, aluminiowej konstrukcji. Gumowe nasadki, uchwyty w siedzisku, otwory do \u015bciekania wody, poliuretanowe siedzisko. Zobacz!","robots":{"index":"index","follow":"follow","max-snippet":"max-snippet:-1","max-image-preview":"max-image-preview:large","max-video-preview":"max-video-preview:-1"},"canonical":"https:\/\/innow.pl\/produkt\/c227md-taboret-prysznicowy\/","og_locale":"fr_FR","og_type":"article","og_title":"C227MD - Taboret prysznicowy - INNOW","og_description":"Taboret prysznicowy o lekkiej, aluminiowej konstrukcji. Gumowe nasadki, uchwyty w siedzisku, otwory do \u015bciekania wody, poliuretanowe siedzisko. Zobacz!","og_url":"https:\/\/innow.pl\/produkt\/c227md-taboret-prysznicowy\/","og_site_name":"INNOW","article_modified_time":"2025-06-11T07:53:54+00:00","og_image":[{"width":600,"height":600,"url":"https:\/\/innow.pl\/wp-content\/uploads\/2024\/11\/C227MD_1.jpg","type":"image\/jpeg"}],"twitter_card":"summary_large_image","twitter_misc":{"Dur\u00e9e de lecture estim\u00e9e":"1 minute"},"schema":{"@context":"https:\/\/schema.org","@graph":[{"@type":"WebPage","@id":"https:\/\/innow.pl\/produkt\/c227md-taboret-prysznicowy\/","url":"https:\/\/innow.pl\/produkt\/c227md-taboret-prysznicowy\/","name":"C227MD - Taboret prysznicowy - INNOW","isPartOf":{"@id":"https:\/\/innow.pl\/#website"},"primaryImageOfPage":{"@id":"https:\/\/innow.pl\/produkt\/c227md-taboret-prysznicowy\/#primaryimage"},"image":{"@id":"https:\/\/innow.pl\/produkt\/c227md-taboret-prysznicowy\/#primaryimage"},"thumbnailUrl":"https:\/\/innow.pl\/wp-content\/uploads\/2024\/11\/C227MD_1.jpg","datePublished":"2020-02-28T07:33:34+00:00","dateModified":"2025-06-11T07:53:54+00:00","description":"Taboret prysznicowy o lekkiej, aluminiowej konstrukcji. Gumowe nasadki, uchwyty w siedzisku, otwory do \u015bciekania wody, poliuretanowe siedzisko. Zobacz!","breadcrumb":{"@id":"https:\/\/innow.pl\/produkt\/c227md-taboret-prysznicowy\/#breadcrumb"},"inLanguage":"fr-FR","potentialAction":[{"@type":"ReadAction","target":["https:\/\/innow.pl\/produkt\/c227md-taboret-prysznicowy\/"]}]},{"@type":"ImageObject","inLanguage":"fr-FR","@id":"https:\/\/innow.pl\/produkt\/c227md-taboret-prysznicowy\/#primaryimage","url":"https:\/\/innow.pl\/wp-content\/uploads\/2024\/11\/C227MD_1.jpg","contentUrl":"https:\/\/innow.pl\/wp-content\/uploads\/2024\/11\/C227MD_1.jpg","width":600,"height":600,"caption":"Taboret prysznicowy - C227MD - INNOW"},{"@type":"BreadcrumbList","@id":"https:\/\/innow.pl\/produkt\/c227md-taboret-prysznicowy\/#breadcrumb","itemListElement":[{"@type":"ListItem","position":1,"name":"INNOW","item":"https:\/\/innow.pl\/fr\/"},{"@type":"ListItem","position":2,"name":"Produkty","item":"https:\/\/innow.pl\/produkty\/"},{"@type":"ListItem","position":3,"name":"\u0141azienka i WC","item":"https:\/\/innow.pl\/produkty\/lazienka-i-wc\/"},{"@type":"ListItem","position":4,"name":"Siode\u0142ka, siedziska i taborety","item":"https:\/\/innow.pl\/produkty\/lazienka-i-wc\/siodelka-siedziska-i-taborety\/"},{"@type":"ListItem","position":5,"name":"Taborety prysznicowe","item":"https:\/\/innow.pl\/produkty\/lazienka-i-wc\/siodelka-siedziska-i-taborety\/taborety-prysznicowe\/"},{"@type":"ListItem","position":6,"name":"C227MD &#8211; Taboret prysznicowy"}]},{"@type":"WebSite","@id":"https:\/\/innow.pl\/#website","url":"https:\/\/innow.pl\/","name":"INNOW","description":"","potentialAction":[{"@type":"SearchAction","target":{"@type":"EntryPoint","urlTemplate":"https:\/\/innow.pl\/?s={search_term_string}"},"query-input":{"@type":"PropertyValueSpecification","valueRequired":true,"valueName":"search_term_string"}}],"inLanguage":"fr-FR"}]}},"_links":{"self":[{"href":"https:\/\/innow.pl\/fr\/wp-json\/wp\/v2\/product\/29382","targetHints":{"allow":["GET"]}}],"collection":[{"href":"https:\/\/innow.pl\/fr\/wp-json\/wp\/v2\/product"}],"about":[{"href":"https:\/\/innow.pl\/fr\/wp-json\/wp\/v2\/types\/product"}],"replies":[{"embeddable":true,"href":"https:\/\/innow.pl\/fr\/wp-json\/wp\/v2\/comments?post=29382"}],"wp:featuredmedia":[{"embeddable":true,"href":"https:\/\/innow.pl\/fr\/wp-json\/wp\/v2\/media\/29384"}],"wp:attachment":[{"href":"https:\/\/innow.pl\/fr\/wp-json\/wp\/v2\/media?parent=29382"}],"wp:term":[{"taxonomy":"product_brand","embeddable":true,"href":"https:\/\/innow.pl\/fr\/wp-json\/wp\/v2\/product_brand?post=29382"},{"taxonomy":"product_cat","embeddable":true,"href":"https:\/\/innow.pl\/fr\/wp-json\/wp\/v2\/product_cat?post=29382"},{"taxonomy":"product_tag","embeddable":true,"href":"https:\/\/innow.pl\/fr\/wp-json\/wp\/v2\/product_tag?post=29382"}],"curies":[{"name":"wp","href":"https:\/\/api.w.org\/{rel}","templated":true}]}}