{"id":29310,"date":"2020-01-20T07:31:32","date_gmt":"2020-01-20T06:31:32","guid":{"rendered":"https:\/\/innow.pl\/produkt\/c213-e-evo-at-wozek-transportowo-kapielowy-z-elektryczna-regulacja-wysokosci-pozycja-trendelenburga-i-anty-trendelenburga\/"},"modified":"2026-01-30T11:35:00","modified_gmt":"2026-01-30T10:35:00","slug":"c213-e-evo-at-wozek-transportowo-kapielowy-z-elektryczna-regulacja-wysokosci-pozycja-trendelenburga-i-anty-trendelenburga","status":"publish","type":"product","link":"https:\/\/innow.pl\/fr\/produkt\/c213-e-evo-at-wozek-transportowo-kapielowy-z-elektryczna-regulacja-wysokosci-pozycja-trendelenburga-i-anty-trendelenburga\/","title":{"rendered":"C213E EVO AT \u2013 W\u00f3zek transportowo-k\u0105pielowy z elektryczn\u0105 regulacj\u0105 wysoko\u015bci &#8211; pozycja Trendelenburga i anty-Trendelenburga"},"content":{"rendered":"<p style=\"text-align: left;\" align=\"justify\">Mamy <strong>do\u015bwiadczenie<\/strong> w zakresie w\u00f3zk\u00f3w transportowo-k\u0105pielowych &#8211; zajmujemy si\u0119 ich produkcj\u0105 <strong>od 1997 roku<\/strong>!<\/p>\n<h4 align=\"justify\"><strong>W\u00f3zek transportowo-k\u0105pielowy C213E EVO AT regulowany elektrycznie (zintegrowany system do higieny cia\u0142a pacjenta, \u0142\u00f3\u017ckowanna, mobilna wanna, wanna na k\u00f3\u0142kach, w\u00f3zek do mycia pacjent\u00f3w w pozycji le\u017c\u0105cej) <\/strong><\/h4>\n<p align=\"justify\">stosowany jest do <strong>transportu oraz k\u0105pieli<\/strong> os\u00f3b <strong>niepe\u0142nosprawnych ruchowo, <\/strong>ze <strong>schorzeniami neurologicznymi.<\/strong><\/p>\n<p align=\"justify\">Wyr\u00f3b przeznaczony jest do piel\u0119gnacji os\u00f3b, kt\u00f3re nie potrafi\u0105 samodzielnie wsta\u0107 i korzysta\u0107 ze standardowej wanny i prysznica. W\u00f3zek k\u0105pielowy przeznaczony jest do transportu wewn\u0105trz budynk\u00f3w. Komponenty <strong>wysokiej jako\u015bci<\/strong> i <strong>solidna konstrukcja<\/strong> gwarantuj\u0105 <strong>bezpieczne<\/strong> i <strong>d\u0142ugie<\/strong> u\u017cytkowanie.<\/p>\n<p><em>Z okazji 35-lecia istnienia firmy INNOW, do wyposa\u017cenia podstawowego wprowadzono na sta\u0142e: <\/em><\/p>\n<ul>\n<li><em>barierki boczne i szczyty wykonane ze stali nierdzewnej INOX,<\/em><\/li>\n<li><em>ko\u0142o kierunkowe,<\/em><\/li>\n<li><em>obudow\u0119 podwozia.<\/em><\/li>\n<\/ul>\n<p><strong>Standardowe, podstawowe wyposa\u017cenie w\u00f3zk\u00f3w k\u0105pielowych:<\/strong><\/p>\n<ul>\n<li>konstrukcja standardowa lub ze stali nierdzewnej INOX (wyposa\u017cenie opcjonalne, zdj\u0119cie nr 6),<\/li>\n<li>wanna wykonana z PCV,<\/li>\n<li>poduszka z wodoodpornego materia\u0142u,<\/li>\n<li>odp\u0142yw,<\/li>\n<li>4 odbojniki zabezpieczaj\u0105ce wyr\u00f3b i \u015bciany przed otarciami,<\/li>\n<li>odchylane barierki boczne ze stali nierdzewnej,<\/li>\n<li>barierki czo\u0142owe wykonane ze stali nierdzewnej,<\/li>\n<li>regulacja wysoko\u015bci <strong>si\u0142ownikiem elektrycznym<\/strong> &#8211; sterowanie za pomoc\u0105 <strong>pilota r\u0119cznego<\/strong>,<\/li>\n<li>ko\u0142a z <a style=\"color: #3f5ae0;\" href=\"https:\/\/innow.pl\/produkt\/centralny-system-hamowania\/\">centralnym systemem hamowania<\/a>,<\/li>\n<li>obudowa podwozia (ramy dolnej).<\/li>\n<\/ul>\n<p><em>Na zdj\u0119ciu nr 6 widoczny jest w\u00f3zek k\u0105pielowy z nast\u0119puj\u0105cym wyposa\u017ceniem dodatkowym: konstrukcja ze stali nierdzewnej.<\/em><\/p>\n<div>\n<p style=\"text-align: left;\">Polecamy produkty u\u0142atwiaj\u0105ce <strong>przemieszczania pacjent\u00f3w<\/strong>.<\/p>\n<h3><strong><a href=\"https:\/\/innow.pl\/kategoria-produktu\/latwoslizgi-przemieszczanie-pacjentow\/\"><span style=\"color: #3300ff;\">&gt; Sprawd\u017a! &lt;<\/span><\/a><\/strong><\/h3>\n<\/div>\n","protected":false},"excerpt":{"rendered":"<p>Mamy do\u015bwiadczenie w zakresie w\u00f3zk\u00f3w transportowo-k\u0105pielowych &#8211; zajmujemy si\u0119 ich produkcj\u0105 od 1997 roku! W\u00f3zek transportowo-k\u0105pielowy C213E EVO AT regulowany elektrycznie (zintegrowany system do higieny cia\u0142a pacjenta, \u0142\u00f3\u017ckowanna, mobilna wanna, wanna na k\u00f3\u0142kach, w\u00f3zek do mycia pacjent\u00f3w w pozycji le\u017c\u0105cej) stosowany jest do transportu oraz k\u0105pieli os\u00f3b niepe\u0142nosprawnych ruchowo, ze schorzeniami neurologicznymi. Wyr\u00f3b przeznaczony jest [&hellip;]<\/p>\n","protected":false},"featured_media":29312,"comment_status":"open","ping_status":"closed","template":"","meta":{"_acf_changed":false},"product_brand":[],"product_cat":[434],"product_tag":[],"class_list":{"0":"post-29310","1":"product","2":"type-product","3":"status-publish","4":"has-post-thumbnail","6":"product_cat-wozki-kapielowe-wozkowanny","7":"pa_dlugosc-calkowita-2095-cm","8":"pa_dlugosc-dna-wanny-186-cm","9":"pa_srednica-kol-20-cm","10":"pa_szerokosc-calkowita-73-cm","11":"pa_szerokosc-dna-wanny-56-cm","12":"pa_waga-85-kg","13":"pa_wysokosc-calkowita-87-1255-cm","14":"pa_wysokosc-do-dna-wanny-545-93-cm","16":"first","17":"instock","18":"taxable","19":"shipping-taxable","20":"purchasable","21":"product-type-simple"},"acf":[],"yoast_head":"<!-- This site is optimized with the Yoast SEO plugin v27.4 - https:\/\/yoast.com\/product\/yoast-seo-wordpress\/ -->\n<title>C213E EVO AT \u2013 W\u00f3zek transportowo-k\u0105pielowy z elektryczn\u0105 regulacj\u0105 wysoko\u015bci - pozycja Trendelenburga i anty-Trendelenburga - INNOW<\/title>\n<meta name=\"description\" content=\"Elektryczny w\u00f3zek transportowo-k\u0105pielowy, w\u00f3zkowanna z elektryczn\u0105 regulacj\u0105 wysoko\u015bci, z pozycj\u0105 anty-\/Trendelenburga. Sprawd\u017a u producenta! Kliknij!\" \/>\n<meta name=\"robots\" content=\"index, follow, max-snippet:-1, max-image-preview:large, max-video-preview:-1\" \/>\n<link rel=\"canonical\" href=\"https:\/\/innow.pl\/produkt\/c213-e-evo-at-wozek-transportowo-kapielowy-z-elektryczna-regulacja-wysokosci-pozycja-trendelenburga-i-anty-trendelenburga\/\" \/>\n<meta property=\"og:locale\" content=\"fr_FR\" \/>\n<meta property=\"og:type\" content=\"article\" \/>\n<meta property=\"og:title\" content=\"C213E EVO AT \u2013 W\u00f3zek transportowo-k\u0105pielowy z elektryczn\u0105 regulacj\u0105 wysoko\u015bci - pozycja Trendelenburga i anty-Trendelenburga - INNOW\" \/>\n<meta property=\"og:description\" content=\"Elektryczny w\u00f3zek transportowo-k\u0105pielowy, w\u00f3zkowanna z elektryczn\u0105 regulacj\u0105 wysoko\u015bci, z pozycj\u0105 anty-\/Trendelenburga. Sprawd\u017a u producenta! Kliknij!\" \/>\n<meta property=\"og:url\" content=\"https:\/\/innow.pl\/produkt\/c213-e-evo-at-wozek-transportowo-kapielowy-z-elektryczna-regulacja-wysokosci-pozycja-trendelenburga-i-anty-trendelenburga\/\" \/>\n<meta property=\"og:site_name\" content=\"INNOW\" \/>\n<meta property=\"article:modified_time\" content=\"2026-01-30T10:35:00+00:00\" \/>\n<meta property=\"og:image\" content=\"https:\/\/innow.pl\/wp-content\/uploads\/2024\/11\/C213_E_EVO_AT_1_.jpg\" \/>\n\t<meta property=\"og:image:width\" content=\"800\" \/>\n\t<meta property=\"og:image:height\" content=\"800\" \/>\n\t<meta property=\"og:image:type\" content=\"image\/jpeg\" \/>\n<meta name=\"twitter:card\" content=\"summary_large_image\" \/>\n<meta name=\"twitter:label1\" content=\"Dur\u00e9e de lecture estim\u00e9e\" \/>\n\t<meta name=\"twitter:data1\" content=\"2 minutes\" \/>\n<script type=\"application\/ld+json\" class=\"yoast-schema-graph\">{\"@context\":\"https:\\\/\\\/schema.org\",\"@graph\":[{\"@type\":\"WebPage\",\"@id\":\"https:\\\/\\\/innow.pl\\\/produkt\\\/c213-e-evo-at-wozek-transportowo-kapielowy-z-elektryczna-regulacja-wysokosci-pozycja-trendelenburga-i-anty-trendelenburga\\\/\",\"url\":\"https:\\\/\\\/innow.pl\\\/produkt\\\/c213-e-evo-at-wozek-transportowo-kapielowy-z-elektryczna-regulacja-wysokosci-pozycja-trendelenburga-i-anty-trendelenburga\\\/\",\"name\":\"C213E EVO AT \u2013 W\u00f3zek transportowo-k\u0105pielowy z elektryczn\u0105 regulacj\u0105 wysoko\u015bci - pozycja Trendelenburga i anty-Trendelenburga - INNOW\",\"isPartOf\":{\"@id\":\"https:\\\/\\\/innow.pl\\\/#website\"},\"primaryImageOfPage\":{\"@id\":\"https:\\\/\\\/innow.pl\\\/produkt\\\/c213-e-evo-at-wozek-transportowo-kapielowy-z-elektryczna-regulacja-wysokosci-pozycja-trendelenburga-i-anty-trendelenburga\\\/#primaryimage\"},\"image\":{\"@id\":\"https:\\\/\\\/innow.pl\\\/produkt\\\/c213-e-evo-at-wozek-transportowo-kapielowy-z-elektryczna-regulacja-wysokosci-pozycja-trendelenburga-i-anty-trendelenburga\\\/#primaryimage\"},\"thumbnailUrl\":\"https:\\\/\\\/innow.pl\\\/wp-content\\\/uploads\\\/2024\\\/11\\\/C213_E_EVO_AT_1_.jpg\",\"datePublished\":\"2020-01-20T06:31:32+00:00\",\"dateModified\":\"2026-01-30T10:35:00+00:00\",\"description\":\"Elektryczny w\u00f3zek transportowo-k\u0105pielowy, w\u00f3zkowanna z elektryczn\u0105 regulacj\u0105 wysoko\u015bci, z pozycj\u0105 anty-\\\/Trendelenburga. Sprawd\u017a u producenta! Kliknij!\",\"breadcrumb\":{\"@id\":\"https:\\\/\\\/innow.pl\\\/produkt\\\/c213-e-evo-at-wozek-transportowo-kapielowy-z-elektryczna-regulacja-wysokosci-pozycja-trendelenburga-i-anty-trendelenburga\\\/#breadcrumb\"},\"inLanguage\":\"fr-FR\",\"potentialAction\":[{\"@type\":\"ReadAction\",\"target\":[\"https:\\\/\\\/innow.pl\\\/produkt\\\/c213-e-evo-at-wozek-transportowo-kapielowy-z-elektryczna-regulacja-wysokosci-pozycja-trendelenburga-i-anty-trendelenburga\\\/\"]}]},{\"@type\":\"ImageObject\",\"inLanguage\":\"fr-FR\",\"@id\":\"https:\\\/\\\/innow.pl\\\/produkt\\\/c213-e-evo-at-wozek-transportowo-kapielowy-z-elektryczna-regulacja-wysokosci-pozycja-trendelenburga-i-anty-trendelenburga\\\/#primaryimage\",\"url\":\"https:\\\/\\\/innow.pl\\\/wp-content\\\/uploads\\\/2024\\\/11\\\/C213_E_EVO_AT_1_.jpg\",\"contentUrl\":\"https:\\\/\\\/innow.pl\\\/wp-content\\\/uploads\\\/2024\\\/11\\\/C213_E_EVO_AT_1_.jpg\",\"width\":800,\"height\":800,\"caption\":\"W\u00f3zek transportowo-k\u0105pielowy z elektryczn\u0105 regulacj\u0105 wysoko\u015bci - pozycja Trendelenburga i anty-Trendelenburga - C213 E EVO AT \u2013 INNOW\"},{\"@type\":\"BreadcrumbList\",\"@id\":\"https:\\\/\\\/innow.pl\\\/produkt\\\/c213-e-evo-at-wozek-transportowo-kapielowy-z-elektryczna-regulacja-wysokosci-pozycja-trendelenburga-i-anty-trendelenburga\\\/#breadcrumb\",\"itemListElement\":[{\"@type\":\"ListItem\",\"position\":1,\"name\":\"INNOW\",\"item\":\"https:\\\/\\\/innow.pl\\\/fr\\\/\"},{\"@type\":\"ListItem\",\"position\":2,\"name\":\"Produkty\",\"item\":\"https:\\\/\\\/innow.pl\\\/produkty\\\/\"},{\"@type\":\"ListItem\",\"position\":3,\"name\":\"W\u00f3zki k\u0105pielowe (w\u00f3zkowanny)\",\"item\":\"https:\\\/\\\/innow.pl\\\/produkty\\\/wozki-kapielowe-wozkowanny\\\/\"},{\"@type\":\"ListItem\",\"position\":4,\"name\":\"C213E EVO AT \u2013 W\u00f3zek transportowo-k\u0105pielowy z elektryczn\u0105 regulacj\u0105 wysoko\u015bci &#8211; pozycja Trendelenburga i anty-Trendelenburga\"}]},{\"@type\":\"WebSite\",\"@id\":\"https:\\\/\\\/innow.pl\\\/#website\",\"url\":\"https:\\\/\\\/innow.pl\\\/\",\"name\":\"INNOW\",\"description\":\"\",\"potentialAction\":[{\"@type\":\"SearchAction\",\"target\":{\"@type\":\"EntryPoint\",\"urlTemplate\":\"https:\\\/\\\/innow.pl\\\/?s={search_term_string}\"},\"query-input\":{\"@type\":\"PropertyValueSpecification\",\"valueRequired\":true,\"valueName\":\"search_term_string\"}}],\"inLanguage\":\"fr-FR\"}]}<\/script>\n<!-- \/ Yoast SEO plugin. -->","yoast_head_json":{"title":"C213E EVO AT \u2013 W\u00f3zek transportowo-k\u0105pielowy z elektryczn\u0105 regulacj\u0105 wysoko\u015bci - pozycja Trendelenburga i anty-Trendelenburga - INNOW","description":"Elektryczny w\u00f3zek transportowo-k\u0105pielowy, w\u00f3zkowanna z elektryczn\u0105 regulacj\u0105 wysoko\u015bci, z pozycj\u0105 anty-\/Trendelenburga. Sprawd\u017a u producenta! Kliknij!","robots":{"index":"index","follow":"follow","max-snippet":"max-snippet:-1","max-image-preview":"max-image-preview:large","max-video-preview":"max-video-preview:-1"},"canonical":"https:\/\/innow.pl\/produkt\/c213-e-evo-at-wozek-transportowo-kapielowy-z-elektryczna-regulacja-wysokosci-pozycja-trendelenburga-i-anty-trendelenburga\/","og_locale":"fr_FR","og_type":"article","og_title":"C213E EVO AT \u2013 W\u00f3zek transportowo-k\u0105pielowy z elektryczn\u0105 regulacj\u0105 wysoko\u015bci - pozycja Trendelenburga i anty-Trendelenburga - INNOW","og_description":"Elektryczny w\u00f3zek transportowo-k\u0105pielowy, w\u00f3zkowanna z elektryczn\u0105 regulacj\u0105 wysoko\u015bci, z pozycj\u0105 anty-\/Trendelenburga. Sprawd\u017a u producenta! Kliknij!","og_url":"https:\/\/innow.pl\/produkt\/c213-e-evo-at-wozek-transportowo-kapielowy-z-elektryczna-regulacja-wysokosci-pozycja-trendelenburga-i-anty-trendelenburga\/","og_site_name":"INNOW","article_modified_time":"2026-01-30T10:35:00+00:00","og_image":[{"width":800,"height":800,"url":"https:\/\/innow.pl\/wp-content\/uploads\/2024\/11\/C213_E_EVO_AT_1_.jpg","type":"image\/jpeg"}],"twitter_card":"summary_large_image","twitter_misc":{"Dur\u00e9e de lecture estim\u00e9e":"2 minutes"},"schema":{"@context":"https:\/\/schema.org","@graph":[{"@type":"WebPage","@id":"https:\/\/innow.pl\/produkt\/c213-e-evo-at-wozek-transportowo-kapielowy-z-elektryczna-regulacja-wysokosci-pozycja-trendelenburga-i-anty-trendelenburga\/","url":"https:\/\/innow.pl\/produkt\/c213-e-evo-at-wozek-transportowo-kapielowy-z-elektryczna-regulacja-wysokosci-pozycja-trendelenburga-i-anty-trendelenburga\/","name":"C213E EVO AT \u2013 W\u00f3zek transportowo-k\u0105pielowy z elektryczn\u0105 regulacj\u0105 wysoko\u015bci - pozycja Trendelenburga i anty-Trendelenburga - INNOW","isPartOf":{"@id":"https:\/\/innow.pl\/#website"},"primaryImageOfPage":{"@id":"https:\/\/innow.pl\/produkt\/c213-e-evo-at-wozek-transportowo-kapielowy-z-elektryczna-regulacja-wysokosci-pozycja-trendelenburga-i-anty-trendelenburga\/#primaryimage"},"image":{"@id":"https:\/\/innow.pl\/produkt\/c213-e-evo-at-wozek-transportowo-kapielowy-z-elektryczna-regulacja-wysokosci-pozycja-trendelenburga-i-anty-trendelenburga\/#primaryimage"},"thumbnailUrl":"https:\/\/innow.pl\/wp-content\/uploads\/2024\/11\/C213_E_EVO_AT_1_.jpg","datePublished":"2020-01-20T06:31:32+00:00","dateModified":"2026-01-30T10:35:00+00:00","description":"Elektryczny w\u00f3zek transportowo-k\u0105pielowy, w\u00f3zkowanna z elektryczn\u0105 regulacj\u0105 wysoko\u015bci, z pozycj\u0105 anty-\/Trendelenburga. Sprawd\u017a u producenta! Kliknij!","breadcrumb":{"@id":"https:\/\/innow.pl\/produkt\/c213-e-evo-at-wozek-transportowo-kapielowy-z-elektryczna-regulacja-wysokosci-pozycja-trendelenburga-i-anty-trendelenburga\/#breadcrumb"},"inLanguage":"fr-FR","potentialAction":[{"@type":"ReadAction","target":["https:\/\/innow.pl\/produkt\/c213-e-evo-at-wozek-transportowo-kapielowy-z-elektryczna-regulacja-wysokosci-pozycja-trendelenburga-i-anty-trendelenburga\/"]}]},{"@type":"ImageObject","inLanguage":"fr-FR","@id":"https:\/\/innow.pl\/produkt\/c213-e-evo-at-wozek-transportowo-kapielowy-z-elektryczna-regulacja-wysokosci-pozycja-trendelenburga-i-anty-trendelenburga\/#primaryimage","url":"https:\/\/innow.pl\/wp-content\/uploads\/2024\/11\/C213_E_EVO_AT_1_.jpg","contentUrl":"https:\/\/innow.pl\/wp-content\/uploads\/2024\/11\/C213_E_EVO_AT_1_.jpg","width":800,"height":800,"caption":"W\u00f3zek transportowo-k\u0105pielowy z elektryczn\u0105 regulacj\u0105 wysoko\u015bci - pozycja Trendelenburga i anty-Trendelenburga - C213 E EVO AT \u2013 INNOW"},{"@type":"BreadcrumbList","@id":"https:\/\/innow.pl\/produkt\/c213-e-evo-at-wozek-transportowo-kapielowy-z-elektryczna-regulacja-wysokosci-pozycja-trendelenburga-i-anty-trendelenburga\/#breadcrumb","itemListElement":[{"@type":"ListItem","position":1,"name":"INNOW","item":"https:\/\/innow.pl\/fr\/"},{"@type":"ListItem","position":2,"name":"Produkty","item":"https:\/\/innow.pl\/produkty\/"},{"@type":"ListItem","position":3,"name":"W\u00f3zki k\u0105pielowe (w\u00f3zkowanny)","item":"https:\/\/innow.pl\/produkty\/wozki-kapielowe-wozkowanny\/"},{"@type":"ListItem","position":4,"name":"C213E EVO AT \u2013 W\u00f3zek transportowo-k\u0105pielowy z elektryczn\u0105 regulacj\u0105 wysoko\u015bci &#8211; pozycja Trendelenburga i anty-Trendelenburga"}]},{"@type":"WebSite","@id":"https:\/\/innow.pl\/#website","url":"https:\/\/innow.pl\/","name":"INNOW","description":"","potentialAction":[{"@type":"SearchAction","target":{"@type":"EntryPoint","urlTemplate":"https:\/\/innow.pl\/?s={search_term_string}"},"query-input":{"@type":"PropertyValueSpecification","valueRequired":true,"valueName":"search_term_string"}}],"inLanguage":"fr-FR"}]}},"_links":{"self":[{"href":"https:\/\/innow.pl\/fr\/wp-json\/wp\/v2\/product\/29310","targetHints":{"allow":["GET"]}}],"collection":[{"href":"https:\/\/innow.pl\/fr\/wp-json\/wp\/v2\/product"}],"about":[{"href":"https:\/\/innow.pl\/fr\/wp-json\/wp\/v2\/types\/product"}],"replies":[{"embeddable":true,"href":"https:\/\/innow.pl\/fr\/wp-json\/wp\/v2\/comments?post=29310"}],"wp:featuredmedia":[{"embeddable":true,"href":"https:\/\/innow.pl\/fr\/wp-json\/wp\/v2\/media\/29312"}],"wp:attachment":[{"href":"https:\/\/innow.pl\/fr\/wp-json\/wp\/v2\/media?parent=29310"}],"wp:term":[{"taxonomy":"product_brand","embeddable":true,"href":"https:\/\/innow.pl\/fr\/wp-json\/wp\/v2\/product_brand?post=29310"},{"taxonomy":"product_cat","embeddable":true,"href":"https:\/\/innow.pl\/fr\/wp-json\/wp\/v2\/product_cat?post=29310"},{"taxonomy":"product_tag","embeddable":true,"href":"https:\/\/innow.pl\/fr\/wp-json\/wp\/v2\/product_tag?post=29310"}],"curies":[{"name":"wp","href":"https:\/\/api.w.org\/{rel}","templated":true}]}}