{"id":29270,"date":"2019-10-01T07:50:13","date_gmt":"2019-10-01T05:50:13","guid":{"rendered":"https:\/\/innow.pl\/produkt\/centralna-rama-regulacji-wysokosci-lezyska-rama-nozna-klp-fik\/"},"modified":"2025-10-03T09:36:09","modified_gmt":"2025-10-03T07:36:09","slug":"centralna-rama-regulacji-wysokosci-lezyska-rama-nozna-klp-fik","status":"publish","type":"product","link":"https:\/\/innow.pl\/fr\/produkt\/centralna-rama-regulacji-wysokosci-lezyska-rama-nozna-klp-fik\/","title":{"rendered":"Centralna rama regulacji wysoko\u015bci le\u017cyska (rama no\u017cna) &#8211; KLP i FIK"},"content":{"rendered":"<p style=\"text-align: left\">Aby u\u017cywa\u0107 centralnej ramy regulacji wysoko\u015bci dla sto\u0142\u00f3w S412 KLP E i S412 FIK E, niezb\u0119dne jest doposa\u017cenie wyrobu w <a style=\"color: #00c6e5\" href=\"https:\/\/innow.pl\/produkt\/wylacznik-bezpieczenstwa\/\">\u00ab\u00a0Wy\u0142\u0105cznik bezpiecze\u0144stwa\u00a0\u00bb<\/a>\u00a0 mocowany do ramy. Korzystanie z centralnej ramy, ze wzgl\u0119d\u00f3w bezpiecze\u0144stwa, wyklucza r\u00f3wnoczesne u\u017cycie pilota r\u0119cznego (przy zakupie centralnej ramy regulacji wysoko\u015bci, pilot r\u0119czny nie jest do\u0142\u0105czony do zestawu).<\/p>\n","protected":false},"excerpt":{"rendered":"<p>Aby u\u017cywa\u0107 centralnej ramy regulacji wysoko\u015bci dla sto\u0142\u00f3w S412 KLP E i S412 FIK E, niezb\u0119dne jest doposa\u017cenie wyrobu w \u00ab\u00a0Wy\u0142\u0105cznik bezpiecze\u0144stwa\u00a0\u00bb\u00a0 mocowany do ramy. Korzystanie z centralnej ramy, ze wzgl\u0119d\u00f3w bezpiecze\u0144stwa, wyklucza r\u00f3wnoczesne u\u017cycie pilota r\u0119cznego (przy zakupie centralnej ramy regulacji wysoko\u015bci, pilot r\u0119czny nie jest do\u0142\u0105czony do zestawu).<\/p>\n","protected":false},"featured_media":29272,"comment_status":"open","ping_status":"closed","template":"","meta":{"_acf_changed":false},"product_brand":[],"product_cat":[2017],"product_tag":[],"class_list":{"0":"post-29270","1":"product","2":"type-product","3":"status-publish","4":"has-post-thumbnail","6":"product_cat-wyposazenie-opcjonalne","8":"first","9":"instock","10":"taxable","11":"shipping-taxable","12":"purchasable","13":"product-type-simple"},"acf":[],"yoast_head":"<!-- This site is optimized with the Yoast SEO plugin v27.4 - https:\/\/yoast.com\/product\/yoast-seo-wordpress\/ -->\n<title>Centralna rama regulacji wysoko\u015bci le\u017cyska (rama no\u017cna) - KLP i FIK - INNOW<\/title>\n<meta name=\"robots\" content=\"index, follow, max-snippet:-1, max-image-preview:large, max-video-preview:-1\" \/>\n<link rel=\"canonical\" href=\"https:\/\/innow.pl\/produkt\/centralna-rama-regulacji-wysokosci-lezyska-rama-nozna-klp-fik\/\" \/>\n<meta property=\"og:locale\" content=\"fr_FR\" \/>\n<meta property=\"og:type\" content=\"article\" \/>\n<meta property=\"og:title\" content=\"Centralna rama regulacji wysoko\u015bci le\u017cyska (rama no\u017cna) - KLP i FIK - INNOW\" \/>\n<meta property=\"og:description\" content=\"Aby u\u017cywa\u0107 centralnej ramy regulacji wysoko\u015bci dla sto\u0142\u00f3w S412 KLP E i S412 FIK E, niezb\u0119dne jest doposa\u017cenie wyrobu w \u00ab\u00a0Wy\u0142\u0105cznik bezpiecze\u0144stwa\u00a0\u00bb\u00a0 mocowany do ramy. Korzystanie z centralnej ramy, ze wzgl\u0119d\u00f3w bezpiecze\u0144stwa, wyklucza r\u00f3wnoczesne u\u017cycie pilota r\u0119cznego (przy zakupie centralnej ramy regulacji wysoko\u015bci, pilot r\u0119czny nie jest do\u0142\u0105czony do zestawu).\" \/>\n<meta property=\"og:url\" content=\"https:\/\/innow.pl\/produkt\/centralna-rama-regulacji-wysokosci-lezyska-rama-nozna-klp-fik\/\" \/>\n<meta property=\"og:site_name\" content=\"INNOW\" \/>\n<meta property=\"article:modified_time\" content=\"2025-10-03T07:36:09+00:00\" \/>\n<meta property=\"og:image\" content=\"https:\/\/innow.pl\/wp-content\/uploads\/2024\/11\/Centralna_rama_KLP_FIK_nowa.jpg\" \/>\n\t<meta property=\"og:image:width\" content=\"800\" \/>\n\t<meta property=\"og:image:height\" content=\"800\" \/>\n\t<meta property=\"og:image:type\" content=\"image\/jpeg\" \/>\n<meta name=\"twitter:card\" content=\"summary_large_image\" \/>\n<meta name=\"twitter:label1\" content=\"Dur\u00e9e de lecture estim\u00e9e\" \/>\n\t<meta name=\"twitter:data1\" content=\"1 minute\" \/>\n<script type=\"application\/ld+json\" class=\"yoast-schema-graph\">{\"@context\":\"https:\\\/\\\/schema.org\",\"@graph\":[{\"@type\":\"WebPage\",\"@id\":\"https:\\\/\\\/innow.pl\\\/produkt\\\/centralna-rama-regulacji-wysokosci-lezyska-rama-nozna-klp-fik\\\/\",\"url\":\"https:\\\/\\\/innow.pl\\\/produkt\\\/centralna-rama-regulacji-wysokosci-lezyska-rama-nozna-klp-fik\\\/\",\"name\":\"Centralna rama regulacji wysoko\u015bci le\u017cyska (rama no\u017cna) - KLP i FIK - INNOW\",\"isPartOf\":{\"@id\":\"https:\\\/\\\/innow.pl\\\/#website\"},\"primaryImageOfPage\":{\"@id\":\"https:\\\/\\\/innow.pl\\\/produkt\\\/centralna-rama-regulacji-wysokosci-lezyska-rama-nozna-klp-fik\\\/#primaryimage\"},\"image\":{\"@id\":\"https:\\\/\\\/innow.pl\\\/produkt\\\/centralna-rama-regulacji-wysokosci-lezyska-rama-nozna-klp-fik\\\/#primaryimage\"},\"thumbnailUrl\":\"https:\\\/\\\/innow.pl\\\/wp-content\\\/uploads\\\/2024\\\/11\\\/Centralna_rama_KLP_FIK_nowa.jpg\",\"datePublished\":\"2019-10-01T05:50:13+00:00\",\"dateModified\":\"2025-10-03T07:36:09+00:00\",\"breadcrumb\":{\"@id\":\"https:\\\/\\\/innow.pl\\\/produkt\\\/centralna-rama-regulacji-wysokosci-lezyska-rama-nozna-klp-fik\\\/#breadcrumb\"},\"inLanguage\":\"fr-FR\",\"potentialAction\":[{\"@type\":\"ReadAction\",\"target\":[\"https:\\\/\\\/innow.pl\\\/produkt\\\/centralna-rama-regulacji-wysokosci-lezyska-rama-nozna-klp-fik\\\/\"]}]},{\"@type\":\"ImageObject\",\"inLanguage\":\"fr-FR\",\"@id\":\"https:\\\/\\\/innow.pl\\\/produkt\\\/centralna-rama-regulacji-wysokosci-lezyska-rama-nozna-klp-fik\\\/#primaryimage\",\"url\":\"https:\\\/\\\/innow.pl\\\/wp-content\\\/uploads\\\/2024\\\/11\\\/Centralna_rama_KLP_FIK_nowa.jpg\",\"contentUrl\":\"https:\\\/\\\/innow.pl\\\/wp-content\\\/uploads\\\/2024\\\/11\\\/Centralna_rama_KLP_FIK_nowa.jpg\",\"width\":800,\"height\":800,\"caption\":\"Centralna rama regulacji wysoko\u015bci le\u017cyska (rama no\u017cna) dla sto\u0142\u00f3w KLP i FIK - INNOW\"},{\"@type\":\"BreadcrumbList\",\"@id\":\"https:\\\/\\\/innow.pl\\\/produkt\\\/centralna-rama-regulacji-wysokosci-lezyska-rama-nozna-klp-fik\\\/#breadcrumb\",\"itemListElement\":[{\"@type\":\"ListItem\",\"position\":1,\"name\":\"INNOW\",\"item\":\"https:\\\/\\\/innow.pl\\\/fr\\\/\"},{\"@type\":\"ListItem\",\"position\":2,\"name\":\"Produkty\",\"item\":\"https:\\\/\\\/innow.pl\\\/produkty\\\/\"},{\"@type\":\"ListItem\",\"position\":3,\"name\":\"Wyposa\u017cenie opcjonalne\",\"item\":\"https:\\\/\\\/innow.pl\\\/produkty\\\/wyposazenie-opcjonalne\\\/\"},{\"@type\":\"ListItem\",\"position\":4,\"name\":\"Centralna rama regulacji wysoko\u015bci le\u017cyska (rama no\u017cna) &#8211; KLP i FIK\"}]},{\"@type\":\"WebSite\",\"@id\":\"https:\\\/\\\/innow.pl\\\/#website\",\"url\":\"https:\\\/\\\/innow.pl\\\/\",\"name\":\"INNOW\",\"description\":\"\",\"potentialAction\":[{\"@type\":\"SearchAction\",\"target\":{\"@type\":\"EntryPoint\",\"urlTemplate\":\"https:\\\/\\\/innow.pl\\\/?s={search_term_string}\"},\"query-input\":{\"@type\":\"PropertyValueSpecification\",\"valueRequired\":true,\"valueName\":\"search_term_string\"}}],\"inLanguage\":\"fr-FR\"}]}<\/script>\n<!-- \/ Yoast SEO plugin. -->","yoast_head_json":{"title":"Centralna rama regulacji wysoko\u015bci le\u017cyska (rama no\u017cna) - KLP i FIK - INNOW","robots":{"index":"index","follow":"follow","max-snippet":"max-snippet:-1","max-image-preview":"max-image-preview:large","max-video-preview":"max-video-preview:-1"},"canonical":"https:\/\/innow.pl\/produkt\/centralna-rama-regulacji-wysokosci-lezyska-rama-nozna-klp-fik\/","og_locale":"fr_FR","og_type":"article","og_title":"Centralna rama regulacji wysoko\u015bci le\u017cyska (rama no\u017cna) - KLP i FIK - INNOW","og_description":"Aby u\u017cywa\u0107 centralnej ramy regulacji wysoko\u015bci dla sto\u0142\u00f3w S412 KLP E i S412 FIK E, niezb\u0119dne jest doposa\u017cenie wyrobu w \u00ab\u00a0Wy\u0142\u0105cznik bezpiecze\u0144stwa\u00a0\u00bb\u00a0 mocowany do ramy. Korzystanie z centralnej ramy, ze wzgl\u0119d\u00f3w bezpiecze\u0144stwa, wyklucza r\u00f3wnoczesne u\u017cycie pilota r\u0119cznego (przy zakupie centralnej ramy regulacji wysoko\u015bci, pilot r\u0119czny nie jest do\u0142\u0105czony do zestawu).","og_url":"https:\/\/innow.pl\/produkt\/centralna-rama-regulacji-wysokosci-lezyska-rama-nozna-klp-fik\/","og_site_name":"INNOW","article_modified_time":"2025-10-03T07:36:09+00:00","og_image":[{"width":800,"height":800,"url":"https:\/\/innow.pl\/wp-content\/uploads\/2024\/11\/Centralna_rama_KLP_FIK_nowa.jpg","type":"image\/jpeg"}],"twitter_card":"summary_large_image","twitter_misc":{"Dur\u00e9e de lecture estim\u00e9e":"1 minute"},"schema":{"@context":"https:\/\/schema.org","@graph":[{"@type":"WebPage","@id":"https:\/\/innow.pl\/produkt\/centralna-rama-regulacji-wysokosci-lezyska-rama-nozna-klp-fik\/","url":"https:\/\/innow.pl\/produkt\/centralna-rama-regulacji-wysokosci-lezyska-rama-nozna-klp-fik\/","name":"Centralna rama regulacji wysoko\u015bci le\u017cyska (rama no\u017cna) - KLP i FIK - INNOW","isPartOf":{"@id":"https:\/\/innow.pl\/#website"},"primaryImageOfPage":{"@id":"https:\/\/innow.pl\/produkt\/centralna-rama-regulacji-wysokosci-lezyska-rama-nozna-klp-fik\/#primaryimage"},"image":{"@id":"https:\/\/innow.pl\/produkt\/centralna-rama-regulacji-wysokosci-lezyska-rama-nozna-klp-fik\/#primaryimage"},"thumbnailUrl":"https:\/\/innow.pl\/wp-content\/uploads\/2024\/11\/Centralna_rama_KLP_FIK_nowa.jpg","datePublished":"2019-10-01T05:50:13+00:00","dateModified":"2025-10-03T07:36:09+00:00","breadcrumb":{"@id":"https:\/\/innow.pl\/produkt\/centralna-rama-regulacji-wysokosci-lezyska-rama-nozna-klp-fik\/#breadcrumb"},"inLanguage":"fr-FR","potentialAction":[{"@type":"ReadAction","target":["https:\/\/innow.pl\/produkt\/centralna-rama-regulacji-wysokosci-lezyska-rama-nozna-klp-fik\/"]}]},{"@type":"ImageObject","inLanguage":"fr-FR","@id":"https:\/\/innow.pl\/produkt\/centralna-rama-regulacji-wysokosci-lezyska-rama-nozna-klp-fik\/#primaryimage","url":"https:\/\/innow.pl\/wp-content\/uploads\/2024\/11\/Centralna_rama_KLP_FIK_nowa.jpg","contentUrl":"https:\/\/innow.pl\/wp-content\/uploads\/2024\/11\/Centralna_rama_KLP_FIK_nowa.jpg","width":800,"height":800,"caption":"Centralna rama regulacji wysoko\u015bci le\u017cyska (rama no\u017cna) dla sto\u0142\u00f3w KLP i FIK - INNOW"},{"@type":"BreadcrumbList","@id":"https:\/\/innow.pl\/produkt\/centralna-rama-regulacji-wysokosci-lezyska-rama-nozna-klp-fik\/#breadcrumb","itemListElement":[{"@type":"ListItem","position":1,"name":"INNOW","item":"https:\/\/innow.pl\/fr\/"},{"@type":"ListItem","position":2,"name":"Produkty","item":"https:\/\/innow.pl\/produkty\/"},{"@type":"ListItem","position":3,"name":"Wyposa\u017cenie opcjonalne","item":"https:\/\/innow.pl\/produkty\/wyposazenie-opcjonalne\/"},{"@type":"ListItem","position":4,"name":"Centralna rama regulacji wysoko\u015bci le\u017cyska (rama no\u017cna) &#8211; KLP i FIK"}]},{"@type":"WebSite","@id":"https:\/\/innow.pl\/#website","url":"https:\/\/innow.pl\/","name":"INNOW","description":"","potentialAction":[{"@type":"SearchAction","target":{"@type":"EntryPoint","urlTemplate":"https:\/\/innow.pl\/?s={search_term_string}"},"query-input":{"@type":"PropertyValueSpecification","valueRequired":true,"valueName":"search_term_string"}}],"inLanguage":"fr-FR"}]}},"_links":{"self":[{"href":"https:\/\/innow.pl\/fr\/wp-json\/wp\/v2\/product\/29270","targetHints":{"allow":["GET"]}}],"collection":[{"href":"https:\/\/innow.pl\/fr\/wp-json\/wp\/v2\/product"}],"about":[{"href":"https:\/\/innow.pl\/fr\/wp-json\/wp\/v2\/types\/product"}],"replies":[{"embeddable":true,"href":"https:\/\/innow.pl\/fr\/wp-json\/wp\/v2\/comments?post=29270"}],"wp:featuredmedia":[{"embeddable":true,"href":"https:\/\/innow.pl\/fr\/wp-json\/wp\/v2\/media\/29272"}],"wp:attachment":[{"href":"https:\/\/innow.pl\/fr\/wp-json\/wp\/v2\/media?parent=29270"}],"wp:term":[{"taxonomy":"product_brand","embeddable":true,"href":"https:\/\/innow.pl\/fr\/wp-json\/wp\/v2\/product_brand?post=29270"},{"taxonomy":"product_cat","embeddable":true,"href":"https:\/\/innow.pl\/fr\/wp-json\/wp\/v2\/product_cat?post=29270"},{"taxonomy":"product_tag","embeddable":true,"href":"https:\/\/innow.pl\/fr\/wp-json\/wp\/v2\/product_tag?post=29270"}],"curies":[{"name":"wp","href":"https:\/\/api.w.org\/{rel}","templated":true}]}}