{"id":29139,"date":"2019-08-29T12:44:41","date_gmt":"2019-08-29T10:44:41","guid":{"rendered":"https:\/\/innow.pl\/produkt\/otap-oslona-tapicerki\/"},"modified":"2026-01-19T12:28:59","modified_gmt":"2026-01-19T11:28:59","slug":"otap-oslona-tapicerki","status":"publish","type":"product","link":"https:\/\/innow.pl\/fr\/produkt\/otap-oslona-tapicerki\/","title":{"rendered":"OTAP &#8211; Os\u0142ona tapicerki"},"content":{"rendered":"<p>Praktyczna os\u0142ona tapicerki mebla medycznego (fotela zabiegowego, kozetki) przed zabrudzeniami i uszkodzeniem przez obuwie. Zapinana na rzepy.<\/p>\n","protected":false},"excerpt":{"rendered":"<p>Praktyczna os\u0142ona tapicerki mebla medycznego (fotela zabiegowego, kozetki) przed zabrudzeniami i uszkodzeniem przez obuwie. Zapinana na rzepy.<\/p>\n","protected":false},"featured_media":29141,"comment_status":"open","ping_status":"closed","template":"","meta":{"_acf_changed":false},"product_brand":[],"product_cat":[395,432],"product_tag":[],"class_list":{"0":"post-29139","1":"product","2":"type-product","3":"status-publish","4":"has-post-thumbnail","6":"product_cat-ochrona-i-dezynfekcja","7":"product_cat-podklady-ochronne","8":"pa_dlugosc-50-cm","9":"pa_pasuje-na-lezysko-o-szerokosci-60-cm","10":"pa_pasuje-na-lezysko-o-szerokosci-70-cm","12":"first","13":"instock","14":"taxable","15":"shipping-taxable","16":"purchasable","17":"product-type-variable"},"acf":[],"yoast_head":"<!-- This site is optimized with the Yoast SEO plugin v27.4 - https:\/\/yoast.com\/product\/yoast-seo-wordpress\/ -->\n<title>OTAP - Os\u0142ona tapicerki - INNOW<\/title>\n<meta name=\"description\" content=\"Os\u0142ona tapicerki zapewniaj\u0105ca ochron\u0119 mebla medycznego przez uszkodzeniami i zabrudzeniami przez obuwie. Stosowana na kozetki, fotele, itp. Sprawd\u017a!\" \/>\n<meta name=\"robots\" content=\"index, follow, max-snippet:-1, max-image-preview:large, max-video-preview:-1\" \/>\n<link rel=\"canonical\" href=\"https:\/\/innow.pl\/produkt\/otap-oslona-tapicerki\/\" \/>\n<meta property=\"og:locale\" content=\"fr_FR\" \/>\n<meta property=\"og:type\" content=\"article\" \/>\n<meta property=\"og:title\" content=\"OTAP - Os\u0142ona tapicerki - INNOW\" \/>\n<meta property=\"og:description\" content=\"Os\u0142ona tapicerki zapewniaj\u0105ca ochron\u0119 mebla medycznego przez uszkodzeniami i zabrudzeniami przez obuwie. Stosowana na kozetki, fotele, itp. Sprawd\u017a!\" \/>\n<meta property=\"og:url\" content=\"https:\/\/innow.pl\/produkt\/otap-oslona-tapicerki\/\" \/>\n<meta property=\"og:site_name\" content=\"INNOW\" \/>\n<meta property=\"article:modified_time\" content=\"2026-01-19T11:28:59+00:00\" \/>\n<meta property=\"og:image\" content=\"https:\/\/innow.pl\/wp-content\/uploads\/2024\/11\/OTAP_1.jpg\" \/>\n\t<meta property=\"og:image:width\" content=\"600\" \/>\n\t<meta property=\"og:image:height\" content=\"600\" \/>\n\t<meta property=\"og:image:type\" content=\"image\/jpeg\" \/>\n<meta name=\"twitter:card\" content=\"summary_large_image\" \/>\n<meta name=\"twitter:label1\" content=\"Dur\u00e9e de lecture estim\u00e9e\" \/>\n\t<meta name=\"twitter:data1\" content=\"1 minute\" \/>\n<script type=\"application\/ld+json\" class=\"yoast-schema-graph\">{\"@context\":\"https:\\\/\\\/schema.org\",\"@graph\":[{\"@type\":\"WebPage\",\"@id\":\"https:\\\/\\\/innow.pl\\\/produkt\\\/otap-oslona-tapicerki\\\/\",\"url\":\"https:\\\/\\\/innow.pl\\\/produkt\\\/otap-oslona-tapicerki\\\/\",\"name\":\"OTAP - Os\u0142ona tapicerki - INNOW\",\"isPartOf\":{\"@id\":\"https:\\\/\\\/innow.pl\\\/#website\"},\"primaryImageOfPage\":{\"@id\":\"https:\\\/\\\/innow.pl\\\/produkt\\\/otap-oslona-tapicerki\\\/#primaryimage\"},\"image\":{\"@id\":\"https:\\\/\\\/innow.pl\\\/produkt\\\/otap-oslona-tapicerki\\\/#primaryimage\"},\"thumbnailUrl\":\"https:\\\/\\\/innow.pl\\\/wp-content\\\/uploads\\\/2024\\\/11\\\/OTAP_1.jpg\",\"datePublished\":\"2019-08-29T10:44:41+00:00\",\"dateModified\":\"2026-01-19T11:28:59+00:00\",\"description\":\"Os\u0142ona tapicerki zapewniaj\u0105ca ochron\u0119 mebla medycznego przez uszkodzeniami i zabrudzeniami przez obuwie. Stosowana na kozetki, fotele, itp. Sprawd\u017a!\",\"breadcrumb\":{\"@id\":\"https:\\\/\\\/innow.pl\\\/produkt\\\/otap-oslona-tapicerki\\\/#breadcrumb\"},\"inLanguage\":\"fr-FR\",\"potentialAction\":[{\"@type\":\"ReadAction\",\"target\":[\"https:\\\/\\\/innow.pl\\\/produkt\\\/otap-oslona-tapicerki\\\/\"]}]},{\"@type\":\"ImageObject\",\"inLanguage\":\"fr-FR\",\"@id\":\"https:\\\/\\\/innow.pl\\\/produkt\\\/otap-oslona-tapicerki\\\/#primaryimage\",\"url\":\"https:\\\/\\\/innow.pl\\\/wp-content\\\/uploads\\\/2024\\\/11\\\/OTAP_1.jpg\",\"contentUrl\":\"https:\\\/\\\/innow.pl\\\/wp-content\\\/uploads\\\/2024\\\/11\\\/OTAP_1.jpg\",\"width\":600,\"height\":600,\"caption\":\"Os\u0142ona tapicerki - OTAP - INNOW\"},{\"@type\":\"BreadcrumbList\",\"@id\":\"https:\\\/\\\/innow.pl\\\/produkt\\\/otap-oslona-tapicerki\\\/#breadcrumb\",\"itemListElement\":[{\"@type\":\"ListItem\",\"position\":1,\"name\":\"INNOW\",\"item\":\"https:\\\/\\\/innow.pl\\\/fr\\\/\"},{\"@type\":\"ListItem\",\"position\":2,\"name\":\"Produkty\",\"item\":\"https:\\\/\\\/innow.pl\\\/produkty\\\/\"},{\"@type\":\"ListItem\",\"position\":3,\"name\":\"Ochrona i dezynfekcja\",\"item\":\"https:\\\/\\\/innow.pl\\\/produkty\\\/ochrona-i-dezynfekcja\\\/\"},{\"@type\":\"ListItem\",\"position\":4,\"name\":\"Podk\u0142ady ochronne\",\"item\":\"https:\\\/\\\/innow.pl\\\/produkty\\\/ochrona-i-dezynfekcja\\\/podklady-ochronne\\\/\"},{\"@type\":\"ListItem\",\"position\":5,\"name\":\"OTAP &#8211; Os\u0142ona tapicerki\"}]},{\"@type\":\"WebSite\",\"@id\":\"https:\\\/\\\/innow.pl\\\/#website\",\"url\":\"https:\\\/\\\/innow.pl\\\/\",\"name\":\"INNOW\",\"description\":\"\",\"potentialAction\":[{\"@type\":\"SearchAction\",\"target\":{\"@type\":\"EntryPoint\",\"urlTemplate\":\"https:\\\/\\\/innow.pl\\\/?s={search_term_string}\"},\"query-input\":{\"@type\":\"PropertyValueSpecification\",\"valueRequired\":true,\"valueName\":\"search_term_string\"}}],\"inLanguage\":\"fr-FR\"}]}<\/script>\n<!-- \/ Yoast SEO plugin. -->","yoast_head_json":{"title":"OTAP - Os\u0142ona tapicerki - INNOW","description":"Os\u0142ona tapicerki zapewniaj\u0105ca ochron\u0119 mebla medycznego przez uszkodzeniami i zabrudzeniami przez obuwie. Stosowana na kozetki, fotele, itp. Sprawd\u017a!","robots":{"index":"index","follow":"follow","max-snippet":"max-snippet:-1","max-image-preview":"max-image-preview:large","max-video-preview":"max-video-preview:-1"},"canonical":"https:\/\/innow.pl\/produkt\/otap-oslona-tapicerki\/","og_locale":"fr_FR","og_type":"article","og_title":"OTAP - Os\u0142ona tapicerki - INNOW","og_description":"Os\u0142ona tapicerki zapewniaj\u0105ca ochron\u0119 mebla medycznego przez uszkodzeniami i zabrudzeniami przez obuwie. Stosowana na kozetki, fotele, itp. Sprawd\u017a!","og_url":"https:\/\/innow.pl\/produkt\/otap-oslona-tapicerki\/","og_site_name":"INNOW","article_modified_time":"2026-01-19T11:28:59+00:00","og_image":[{"width":600,"height":600,"url":"https:\/\/innow.pl\/wp-content\/uploads\/2024\/11\/OTAP_1.jpg","type":"image\/jpeg"}],"twitter_card":"summary_large_image","twitter_misc":{"Dur\u00e9e de lecture estim\u00e9e":"1 minute"},"schema":{"@context":"https:\/\/schema.org","@graph":[{"@type":"WebPage","@id":"https:\/\/innow.pl\/produkt\/otap-oslona-tapicerki\/","url":"https:\/\/innow.pl\/produkt\/otap-oslona-tapicerki\/","name":"OTAP - Os\u0142ona tapicerki - INNOW","isPartOf":{"@id":"https:\/\/innow.pl\/#website"},"primaryImageOfPage":{"@id":"https:\/\/innow.pl\/produkt\/otap-oslona-tapicerki\/#primaryimage"},"image":{"@id":"https:\/\/innow.pl\/produkt\/otap-oslona-tapicerki\/#primaryimage"},"thumbnailUrl":"https:\/\/innow.pl\/wp-content\/uploads\/2024\/11\/OTAP_1.jpg","datePublished":"2019-08-29T10:44:41+00:00","dateModified":"2026-01-19T11:28:59+00:00","description":"Os\u0142ona tapicerki zapewniaj\u0105ca ochron\u0119 mebla medycznego przez uszkodzeniami i zabrudzeniami przez obuwie. Stosowana na kozetki, fotele, itp. Sprawd\u017a!","breadcrumb":{"@id":"https:\/\/innow.pl\/produkt\/otap-oslona-tapicerki\/#breadcrumb"},"inLanguage":"fr-FR","potentialAction":[{"@type":"ReadAction","target":["https:\/\/innow.pl\/produkt\/otap-oslona-tapicerki\/"]}]},{"@type":"ImageObject","inLanguage":"fr-FR","@id":"https:\/\/innow.pl\/produkt\/otap-oslona-tapicerki\/#primaryimage","url":"https:\/\/innow.pl\/wp-content\/uploads\/2024\/11\/OTAP_1.jpg","contentUrl":"https:\/\/innow.pl\/wp-content\/uploads\/2024\/11\/OTAP_1.jpg","width":600,"height":600,"caption":"Os\u0142ona tapicerki - OTAP - INNOW"},{"@type":"BreadcrumbList","@id":"https:\/\/innow.pl\/produkt\/otap-oslona-tapicerki\/#breadcrumb","itemListElement":[{"@type":"ListItem","position":1,"name":"INNOW","item":"https:\/\/innow.pl\/fr\/"},{"@type":"ListItem","position":2,"name":"Produkty","item":"https:\/\/innow.pl\/produkty\/"},{"@type":"ListItem","position":3,"name":"Ochrona i dezynfekcja","item":"https:\/\/innow.pl\/produkty\/ochrona-i-dezynfekcja\/"},{"@type":"ListItem","position":4,"name":"Podk\u0142ady ochronne","item":"https:\/\/innow.pl\/produkty\/ochrona-i-dezynfekcja\/podklady-ochronne\/"},{"@type":"ListItem","position":5,"name":"OTAP &#8211; Os\u0142ona tapicerki"}]},{"@type":"WebSite","@id":"https:\/\/innow.pl\/#website","url":"https:\/\/innow.pl\/","name":"INNOW","description":"","potentialAction":[{"@type":"SearchAction","target":{"@type":"EntryPoint","urlTemplate":"https:\/\/innow.pl\/?s={search_term_string}"},"query-input":{"@type":"PropertyValueSpecification","valueRequired":true,"valueName":"search_term_string"}}],"inLanguage":"fr-FR"}]}},"_links":{"self":[{"href":"https:\/\/innow.pl\/fr\/wp-json\/wp\/v2\/product\/29139","targetHints":{"allow":["GET"]}}],"collection":[{"href":"https:\/\/innow.pl\/fr\/wp-json\/wp\/v2\/product"}],"about":[{"href":"https:\/\/innow.pl\/fr\/wp-json\/wp\/v2\/types\/product"}],"replies":[{"embeddable":true,"href":"https:\/\/innow.pl\/fr\/wp-json\/wp\/v2\/comments?post=29139"}],"wp:featuredmedia":[{"embeddable":true,"href":"https:\/\/innow.pl\/fr\/wp-json\/wp\/v2\/media\/29141"}],"wp:attachment":[{"href":"https:\/\/innow.pl\/fr\/wp-json\/wp\/v2\/media?parent=29139"}],"wp:term":[{"taxonomy":"product_brand","embeddable":true,"href":"https:\/\/innow.pl\/fr\/wp-json\/wp\/v2\/product_brand?post=29139"},{"taxonomy":"product_cat","embeddable":true,"href":"https:\/\/innow.pl\/fr\/wp-json\/wp\/v2\/product_cat?post=29139"},{"taxonomy":"product_tag","embeddable":true,"href":"https:\/\/innow.pl\/fr\/wp-json\/wp\/v2\/product_tag?post=29139"}],"curies":[{"name":"wp","href":"https:\/\/api.w.org\/{rel}","templated":true}]}}