{"id":29033,"date":"2019-08-04T06:05:35","date_gmt":"2019-08-04T04:05:35","guid":{"rendered":"https:\/\/innow.pl\/produkt\/ek4-ekran-do-parawanow-teleskopowych\/"},"modified":"2025-10-13T11:24:17","modified_gmt":"2025-10-13T09:24:17","slug":"ek4-ekran-do-parawanow-teleskopowych","status":"publish","type":"product","link":"https:\/\/innow.pl\/fr\/produkt\/ek4-ekran-do-parawanow-teleskopowych\/","title":{"rendered":"EK4 &#8211; Dodatkowy ekran do parawan\u00f3w teleskopowych \u015bciennych"},"content":{"rendered":"<p>Ekran zmywalny do parawan\u00f3w teleskopowych \u015bciennych P807. Ekrany nale\u017cy przeciera\u0107 such\u0105 lub lekko zwil\u017con\u0105 szmatk\u0105 z dodatkiem \u015brodka myj\u0105cego posiadaj\u0105cego atest PZH. Dopuszczalne jest r\u00f3wnie\u017c pranie ekran\u00f3w w niskiej temperaturze (40\u00b0).<\/p>\n","protected":false},"excerpt":{"rendered":"<p>Ekran zmywalny do parawan\u00f3w teleskopowych \u015bciennych P807. Ekrany nale\u017cy przeciera\u0107 such\u0105 lub lekko zwil\u017con\u0105 szmatk\u0105 z dodatkiem \u015brodka myj\u0105cego posiadaj\u0105cego atest PZH. Dopuszczalne jest r\u00f3wnie\u017c pranie ekran\u00f3w w niskiej temperaturze (40\u00b0).<\/p>\n","protected":false},"featured_media":29036,"comment_status":"open","ping_status":"closed","template":"","meta":{"_acf_changed":false},"product_brand":[],"product_cat":[440,530,533,534],"product_tag":[],"class_list":{"0":"post-29033","1":"product","2":"type-product","3":"status-publish","4":"has-post-thumbnail","6":"product_cat-meble-medyczne","7":"product_cat-parawany-meble-medyczne","8":"product_cat-parawany-teleskopowe-przejezdne","9":"product_cat-parawany-zmywalne-teleskopowe-scienne","10":"pa_kolor-ekranu-bialy","11":"pa_kolor-ekranu-blekitny","12":"pa_kolor-ekranu-lazur","13":"pa_kolor-ekranu-morski","14":"pa_kolor-ekranu-zielen-medyczna","15":"pa_kolor-ekranu-zolty","17":"first","18":"instock","19":"taxable","20":"shipping-taxable","21":"purchasable","22":"product-type-variable"},"acf":[],"yoast_head":"<!-- This site is optimized with the Yoast SEO plugin v27.4 - https:\/\/yoast.com\/product\/yoast-seo-wordpress\/ -->\n<title>EK4 - Dodatkowy ekran do parawan\u00f3w teleskopowych \u015bciennych - INNOW<\/title>\n<meta name=\"description\" content=\"Zmywalny ekran do parawan\u00f3w teleskopowych firmy INNOW: P806, P806\/2, P806\/3, P806\/4, P807, P808. Du\u017cy wyb\u00f3r kolor\u00f3w. Kliknij i zobacz!\" \/>\n<meta name=\"robots\" content=\"index, follow, max-snippet:-1, max-image-preview:large, max-video-preview:-1\" \/>\n<link rel=\"canonical\" href=\"https:\/\/innow.pl\/produkt\/ek4-ekran-do-parawanow-teleskopowych\/\" \/>\n<meta property=\"og:locale\" content=\"fr_FR\" \/>\n<meta property=\"og:type\" content=\"article\" \/>\n<meta property=\"og:title\" content=\"EK4 - Dodatkowy ekran do parawan\u00f3w teleskopowych \u015bciennych - INNOW\" \/>\n<meta property=\"og:description\" content=\"Zmywalny ekran do parawan\u00f3w teleskopowych firmy INNOW: P806, P806\/2, P806\/3, P806\/4, P807, P808. Du\u017cy wyb\u00f3r kolor\u00f3w. Kliknij i zobacz!\" \/>\n<meta property=\"og:url\" content=\"https:\/\/innow.pl\/produkt\/ek4-ekran-do-parawanow-teleskopowych\/\" \/>\n<meta property=\"og:site_name\" content=\"INNOW\" \/>\n<meta property=\"article:modified_time\" content=\"2025-10-13T09:24:17+00:00\" \/>\n<meta property=\"og:image\" content=\"https:\/\/innow.pl\/wp-content\/uploads\/2024\/11\/Ekrany_parawanow-20.jpg\" \/>\n\t<meta property=\"og:image:width\" content=\"1905\" \/>\n\t<meta property=\"og:image:height\" content=\"1905\" \/>\n\t<meta property=\"og:image:type\" content=\"image\/jpeg\" \/>\n<meta name=\"twitter:card\" content=\"summary_large_image\" \/>\n<meta name=\"twitter:label1\" content=\"Dur\u00e9e de lecture estim\u00e9e\" \/>\n\t<meta name=\"twitter:data1\" content=\"1 minute\" \/>\n<script type=\"application\/ld+json\" class=\"yoast-schema-graph\">{\"@context\":\"https:\\\/\\\/schema.org\",\"@graph\":[{\"@type\":\"WebPage\",\"@id\":\"https:\\\/\\\/innow.pl\\\/produkt\\\/ek4-ekran-do-parawanow-teleskopowych\\\/\",\"url\":\"https:\\\/\\\/innow.pl\\\/produkt\\\/ek4-ekran-do-parawanow-teleskopowych\\\/\",\"name\":\"EK4 - Dodatkowy ekran do parawan\u00f3w teleskopowych \u015bciennych - INNOW\",\"isPartOf\":{\"@id\":\"https:\\\/\\\/innow.pl\\\/#website\"},\"primaryImageOfPage\":{\"@id\":\"https:\\\/\\\/innow.pl\\\/produkt\\\/ek4-ekran-do-parawanow-teleskopowych\\\/#primaryimage\"},\"image\":{\"@id\":\"https:\\\/\\\/innow.pl\\\/produkt\\\/ek4-ekran-do-parawanow-teleskopowych\\\/#primaryimage\"},\"thumbnailUrl\":\"https:\\\/\\\/innow.pl\\\/wp-content\\\/uploads\\\/2024\\\/11\\\/Ekrany_parawanow-20.jpg\",\"datePublished\":\"2019-08-04T04:05:35+00:00\",\"dateModified\":\"2025-10-13T09:24:17+00:00\",\"description\":\"Zmywalny ekran do parawan\u00f3w teleskopowych firmy INNOW: P806, P806\\\/2, P806\\\/3, P806\\\/4, P807, P808. Du\u017cy wyb\u00f3r kolor\u00f3w. Kliknij i zobacz!\",\"breadcrumb\":{\"@id\":\"https:\\\/\\\/innow.pl\\\/produkt\\\/ek4-ekran-do-parawanow-teleskopowych\\\/#breadcrumb\"},\"inLanguage\":\"fr-FR\",\"potentialAction\":[{\"@type\":\"ReadAction\",\"target\":[\"https:\\\/\\\/innow.pl\\\/produkt\\\/ek4-ekran-do-parawanow-teleskopowych\\\/\"]}]},{\"@type\":\"ImageObject\",\"inLanguage\":\"fr-FR\",\"@id\":\"https:\\\/\\\/innow.pl\\\/produkt\\\/ek4-ekran-do-parawanow-teleskopowych\\\/#primaryimage\",\"url\":\"https:\\\/\\\/innow.pl\\\/wp-content\\\/uploads\\\/2024\\\/11\\\/Ekrany_parawanow-20.jpg\",\"contentUrl\":\"https:\\\/\\\/innow.pl\\\/wp-content\\\/uploads\\\/2024\\\/11\\\/Ekrany_parawanow-20.jpg\",\"width\":1905,\"height\":1905,\"caption\":\"Ekrany parawan\u00f3w medycznych - 7 kolor\u00f3w do wyboru: \u017c\u00f3\u0142ty, b\u0142\u0119kitny, morski, ziele\u0144 medyczna, bia\u0142y, lazur\"},{\"@type\":\"BreadcrumbList\",\"@id\":\"https:\\\/\\\/innow.pl\\\/produkt\\\/ek4-ekran-do-parawanow-teleskopowych\\\/#breadcrumb\",\"itemListElement\":[{\"@type\":\"ListItem\",\"position\":1,\"name\":\"INNOW\",\"item\":\"https:\\\/\\\/innow.pl\\\/fr\\\/\"},{\"@type\":\"ListItem\",\"position\":2,\"name\":\"Produkty\",\"item\":\"https:\\\/\\\/innow.pl\\\/produkty\\\/\"},{\"@type\":\"ListItem\",\"position\":3,\"name\":\"Meble medyczne\",\"item\":\"https:\\\/\\\/innow.pl\\\/produkty\\\/meble-medyczne\\\/\"},{\"@type\":\"ListItem\",\"position\":4,\"name\":\"Parawany\",\"item\":\"https:\\\/\\\/innow.pl\\\/produkty\\\/meble-medyczne\\\/parawany-meble-medyczne\\\/\"},{\"@type\":\"ListItem\",\"position\":5,\"name\":\"Parawany teleskopowe przejezdne\",\"item\":\"https:\\\/\\\/innow.pl\\\/produkty\\\/meble-medyczne\\\/parawany-meble-medyczne\\\/parawany-teleskopowe-przejezdne\\\/\"},{\"@type\":\"ListItem\",\"position\":6,\"name\":\"EK4 &#8211; Dodatkowy ekran do parawan\u00f3w teleskopowych \u015bciennych\"}]},{\"@type\":\"WebSite\",\"@id\":\"https:\\\/\\\/innow.pl\\\/#website\",\"url\":\"https:\\\/\\\/innow.pl\\\/\",\"name\":\"INNOW\",\"description\":\"\",\"potentialAction\":[{\"@type\":\"SearchAction\",\"target\":{\"@type\":\"EntryPoint\",\"urlTemplate\":\"https:\\\/\\\/innow.pl\\\/?s={search_term_string}\"},\"query-input\":{\"@type\":\"PropertyValueSpecification\",\"valueRequired\":true,\"valueName\":\"search_term_string\"}}],\"inLanguage\":\"fr-FR\"}]}<\/script>\n<!-- \/ Yoast SEO plugin. -->","yoast_head_json":{"title":"EK4 - Dodatkowy ekran do parawan\u00f3w teleskopowych \u015bciennych - INNOW","description":"Zmywalny ekran do parawan\u00f3w teleskopowych firmy INNOW: P806, P806\/2, P806\/3, P806\/4, P807, P808. Du\u017cy wyb\u00f3r kolor\u00f3w. Kliknij i zobacz!","robots":{"index":"index","follow":"follow","max-snippet":"max-snippet:-1","max-image-preview":"max-image-preview:large","max-video-preview":"max-video-preview:-1"},"canonical":"https:\/\/innow.pl\/produkt\/ek4-ekran-do-parawanow-teleskopowych\/","og_locale":"fr_FR","og_type":"article","og_title":"EK4 - Dodatkowy ekran do parawan\u00f3w teleskopowych \u015bciennych - INNOW","og_description":"Zmywalny ekran do parawan\u00f3w teleskopowych firmy INNOW: P806, P806\/2, P806\/3, P806\/4, P807, P808. Du\u017cy wyb\u00f3r kolor\u00f3w. Kliknij i zobacz!","og_url":"https:\/\/innow.pl\/produkt\/ek4-ekran-do-parawanow-teleskopowych\/","og_site_name":"INNOW","article_modified_time":"2025-10-13T09:24:17+00:00","og_image":[{"width":1905,"height":1905,"url":"https:\/\/innow.pl\/wp-content\/uploads\/2024\/11\/Ekrany_parawanow-20.jpg","type":"image\/jpeg"}],"twitter_card":"summary_large_image","twitter_misc":{"Dur\u00e9e de lecture estim\u00e9e":"1 minute"},"schema":{"@context":"https:\/\/schema.org","@graph":[{"@type":"WebPage","@id":"https:\/\/innow.pl\/produkt\/ek4-ekran-do-parawanow-teleskopowych\/","url":"https:\/\/innow.pl\/produkt\/ek4-ekran-do-parawanow-teleskopowych\/","name":"EK4 - Dodatkowy ekran do parawan\u00f3w teleskopowych \u015bciennych - INNOW","isPartOf":{"@id":"https:\/\/innow.pl\/#website"},"primaryImageOfPage":{"@id":"https:\/\/innow.pl\/produkt\/ek4-ekran-do-parawanow-teleskopowych\/#primaryimage"},"image":{"@id":"https:\/\/innow.pl\/produkt\/ek4-ekran-do-parawanow-teleskopowych\/#primaryimage"},"thumbnailUrl":"https:\/\/innow.pl\/wp-content\/uploads\/2024\/11\/Ekrany_parawanow-20.jpg","datePublished":"2019-08-04T04:05:35+00:00","dateModified":"2025-10-13T09:24:17+00:00","description":"Zmywalny ekran do parawan\u00f3w teleskopowych firmy INNOW: P806, P806\/2, P806\/3, P806\/4, P807, P808. Du\u017cy wyb\u00f3r kolor\u00f3w. Kliknij i zobacz!","breadcrumb":{"@id":"https:\/\/innow.pl\/produkt\/ek4-ekran-do-parawanow-teleskopowych\/#breadcrumb"},"inLanguage":"fr-FR","potentialAction":[{"@type":"ReadAction","target":["https:\/\/innow.pl\/produkt\/ek4-ekran-do-parawanow-teleskopowych\/"]}]},{"@type":"ImageObject","inLanguage":"fr-FR","@id":"https:\/\/innow.pl\/produkt\/ek4-ekran-do-parawanow-teleskopowych\/#primaryimage","url":"https:\/\/innow.pl\/wp-content\/uploads\/2024\/11\/Ekrany_parawanow-20.jpg","contentUrl":"https:\/\/innow.pl\/wp-content\/uploads\/2024\/11\/Ekrany_parawanow-20.jpg","width":1905,"height":1905,"caption":"Ekrany parawan\u00f3w medycznych - 7 kolor\u00f3w do wyboru: \u017c\u00f3\u0142ty, b\u0142\u0119kitny, morski, ziele\u0144 medyczna, bia\u0142y, lazur"},{"@type":"BreadcrumbList","@id":"https:\/\/innow.pl\/produkt\/ek4-ekran-do-parawanow-teleskopowych\/#breadcrumb","itemListElement":[{"@type":"ListItem","position":1,"name":"INNOW","item":"https:\/\/innow.pl\/fr\/"},{"@type":"ListItem","position":2,"name":"Produkty","item":"https:\/\/innow.pl\/produkty\/"},{"@type":"ListItem","position":3,"name":"Meble medyczne","item":"https:\/\/innow.pl\/produkty\/meble-medyczne\/"},{"@type":"ListItem","position":4,"name":"Parawany","item":"https:\/\/innow.pl\/produkty\/meble-medyczne\/parawany-meble-medyczne\/"},{"@type":"ListItem","position":5,"name":"Parawany teleskopowe przejezdne","item":"https:\/\/innow.pl\/produkty\/meble-medyczne\/parawany-meble-medyczne\/parawany-teleskopowe-przejezdne\/"},{"@type":"ListItem","position":6,"name":"EK4 &#8211; Dodatkowy ekran do parawan\u00f3w teleskopowych \u015bciennych"}]},{"@type":"WebSite","@id":"https:\/\/innow.pl\/#website","url":"https:\/\/innow.pl\/","name":"INNOW","description":"","potentialAction":[{"@type":"SearchAction","target":{"@type":"EntryPoint","urlTemplate":"https:\/\/innow.pl\/?s={search_term_string}"},"query-input":{"@type":"PropertyValueSpecification","valueRequired":true,"valueName":"search_term_string"}}],"inLanguage":"fr-FR"}]}},"_links":{"self":[{"href":"https:\/\/innow.pl\/fr\/wp-json\/wp\/v2\/product\/29033","targetHints":{"allow":["GET"]}}],"collection":[{"href":"https:\/\/innow.pl\/fr\/wp-json\/wp\/v2\/product"}],"about":[{"href":"https:\/\/innow.pl\/fr\/wp-json\/wp\/v2\/types\/product"}],"replies":[{"embeddable":true,"href":"https:\/\/innow.pl\/fr\/wp-json\/wp\/v2\/comments?post=29033"}],"wp:featuredmedia":[{"embeddable":true,"href":"https:\/\/innow.pl\/fr\/wp-json\/wp\/v2\/media\/29036"}],"wp:attachment":[{"href":"https:\/\/innow.pl\/fr\/wp-json\/wp\/v2\/media?parent=29033"}],"wp:term":[{"taxonomy":"product_brand","embeddable":true,"href":"https:\/\/innow.pl\/fr\/wp-json\/wp\/v2\/product_brand?post=29033"},{"taxonomy":"product_cat","embeddable":true,"href":"https:\/\/innow.pl\/fr\/wp-json\/wp\/v2\/product_cat?post=29033"},{"taxonomy":"product_tag","embeddable":true,"href":"https:\/\/innow.pl\/fr\/wp-json\/wp\/v2\/product_tag?post=29033"}],"curies":[{"name":"wp","href":"https:\/\/api.w.org\/{rel}","templated":true}]}}