{"id":28906,"date":"2019-08-07T04:45:54","date_gmt":"2019-08-07T02:45:54","guid":{"rendered":"https:\/\/innow.pl\/produkt\/pq804-parawan-medyczny-zmywalny-jednoczesciowy\/"},"modified":"2026-03-03T14:12:44","modified_gmt":"2026-03-03T13:12:44","slug":"pq804-parawan-medyczny-zmywalny-jednoczesciowy","status":"publish","type":"product","link":"https:\/\/innow.pl\/fr\/produkt\/pq804-parawan-medyczny-zmywalny-jednoczesciowy\/","title":{"rendered":"PQ804 &#8211; Parawan medyczny, zmywalny, jednocz\u0119\u015bciowy &#8211; konstrukcja lakierowana proszkowo lub nierdzewna"},"content":{"rendered":"<p>Parawan medyczny (lekarski, szpitalny) o estetycznej, minimalistycznej konstrukcji. Przeznaczony do stosowania w gabinetach lekarskich, szpitalach, przychodniach, plac\u00f3wkach rehabilitacyjnych. Kolor ekranu z pokrycia tapicerskiego do wyrobu. Posiada 3 k\u00f3\u0142ka z hamulcami (parawan mobilny). Cechy ekranu:<\/p>\n<ul>\n<li>sk\u00f3ropodobny materia\u0142 do zastosowa\u0144 medycznych,<\/li>\n<li>sztywniejszy ni\u017c standardowy materia\u0142 do produkcji ekran\u00f3w,<\/li>\n<li>pranie nie jest konieczne,<\/li>\n<li>wysoki poziom zmywalno\u015bci,<\/li>\n<li>mo\u017cliwo\u015b\u0107 wykonania dezynfekcji \u015brodkami medycznymi (bez alkoholu),<\/li>\n<li>du\u017cy wyb\u00f3r dost\u0119pnych kolor\u00f3w.<\/li>\n<\/ul>\n<p>Konstrukcja parawanu wykonana jest ze <strong>stali lakierowanej proszkowo w kolorze bia\u0142ym<\/strong> lub <strong>ze stali nierdzewnej<\/strong>. <em>Na zdj\u0119ciu 2 i 3 widoczny parawan z ekranem standardowym (wyposa\u017cenie dodatkowe).<\/em> Dost\u0119pny jest r\u00f3wnie\u017c parawan tego typu z ekranem poliestrowym: <a style=\"color: #3399ff\" href=\"\/produkt\/pq804ek-parawan-medyczny-zmywalny-jednoczesciowy\/\">PQ804 [EK]<\/a>.<\/p>\n<p style=\"text-align: center\"><a>Informacje o w\u0142a\u015bciwo\u015bciach dost\u0119pnych <strong>materia\u0142\u00f3w obiciowych<\/strong> dost\u0119pne po klikni\u0119ciu w zdj\u0119cie:<\/a> <a href=\"https:\/\/innow.pl\/publikacje\/KatalogPDF\/Pokrycia-obiciowe-tapicerki.pdf\" target=\"_blank\" rel=\"noopener\"><img decoding=\"async\" class=\"aligncenter\" src=\"https:\/\/innow.pl\/wp-content\/uploads\/2024\/11\/Tapicerki.jpg\" \/><\/a><\/p>\n","protected":false},"excerpt":{"rendered":"<p>Parawan medyczny (lekarski, szpitalny) o estetycznej, minimalistycznej konstrukcji. Przeznaczony do stosowania w gabinetach lekarskich, szpitalach, przychodniach, plac\u00f3wkach rehabilitacyjnych. Kolor ekranu z pokrycia tapicerskiego do wyrobu. Posiada 3 k\u00f3\u0142ka z hamulcami (parawan mobilny). Cechy ekranu: sk\u00f3ropodobny materia\u0142 do zastosowa\u0144 medycznych, sztywniejszy ni\u017c standardowy materia\u0142 do produkcji ekran\u00f3w, pranie nie jest konieczne, wysoki poziom zmywalno\u015bci, mo\u017cliwo\u015b\u0107 wykonania [&hellip;]<\/p>\n","protected":false},"featured_media":76332,"comment_status":"open","ping_status":"closed","template":"","meta":{"_acf_changed":false},"product_brand":[],"product_cat":[440,530,531],"product_tag":[],"class_list":{"0":"post-28906","1":"product","2":"type-product","3":"status-publish","4":"has-post-thumbnail","6":"product_cat-meble-medyczne","7":"product_cat-parawany-meble-medyczne","8":"product_cat-parawany-jednoskrzydlowe","9":"pa_konstrukcja-stal-lakierowana-proszkowo","10":"pa_konstrukcja-stal-nierdzewna","11":"pa_szerokosc-100-cm","12":"pa_wysokosc-1825-cm","14":"first","15":"instock","16":"taxable","17":"shipping-taxable","18":"purchasable","19":"product-type-variable"},"acf":[],"yoast_head":"<!-- This site is optimized with the Yoast SEO plugin v27.4 - https:\/\/yoast.com\/product\/yoast-seo-wordpress\/ -->\n<title>PQ804 - Parawan medyczny, zmywalny, jednocz\u0119\u015bciowy - konstrukcja lakierowana proszkowo lub nierdzewna - INNOW<\/title>\n<meta name=\"description\" content=\"Parawan jednocz\u0119\u015bciowy o estetycznej konstrukcji. Zmywalny, tapicerowany ekran. Mo\u017cliwo\u015b\u0107 dokupienia ekranu standardowego. Du\u017cy wyb\u00f3r kolor\u00f3w. Sprawd\u017a!\" \/>\n<meta name=\"robots\" content=\"index, follow, max-snippet:-1, max-image-preview:large, max-video-preview:-1\" \/>\n<link rel=\"canonical\" href=\"https:\/\/innow.pl\/produkt\/pq804-parawan-medyczny-zmywalny-jednoczesciowy\/\" \/>\n<meta property=\"og:locale\" content=\"fr_FR\" \/>\n<meta property=\"og:type\" content=\"article\" \/>\n<meta property=\"og:title\" content=\"PQ804 - Parawan medyczny, zmywalny, jednocz\u0119\u015bciowy - konstrukcja lakierowana proszkowo lub nierdzewna - INNOW\" \/>\n<meta property=\"og:description\" content=\"Parawan jednocz\u0119\u015bciowy o estetycznej konstrukcji. Zmywalny, tapicerowany ekran. Mo\u017cliwo\u015b\u0107 dokupienia ekranu standardowego. Du\u017cy wyb\u00f3r kolor\u00f3w. Sprawd\u017a!\" \/>\n<meta property=\"og:url\" content=\"https:\/\/innow.pl\/produkt\/pq804-parawan-medyczny-zmywalny-jednoczesciowy\/\" \/>\n<meta property=\"og:site_name\" content=\"INNOW\" \/>\n<meta property=\"article:modified_time\" content=\"2026-03-03T13:12:44+00:00\" \/>\n<meta property=\"og:image\" content=\"https:\/\/innow.pl\/wp-content\/uploads\/2019\/08\/IMG_6877-scaled.jpeg\" \/>\n\t<meta property=\"og:image:width\" content=\"1920\" \/>\n\t<meta property=\"og:image:height\" content=\"2560\" \/>\n\t<meta property=\"og:image:type\" content=\"image\/jpeg\" \/>\n<meta name=\"twitter:card\" content=\"summary_large_image\" \/>\n<meta name=\"twitter:label1\" content=\"Dur\u00e9e de lecture estim\u00e9e\" \/>\n\t<meta name=\"twitter:data1\" content=\"2 minutes\" \/>\n<script type=\"application\/ld+json\" class=\"yoast-schema-graph\">{\"@context\":\"https:\\\/\\\/schema.org\",\"@graph\":[{\"@type\":\"WebPage\",\"@id\":\"https:\\\/\\\/innow.pl\\\/produkt\\\/pq804-parawan-medyczny-zmywalny-jednoczesciowy\\\/\",\"url\":\"https:\\\/\\\/innow.pl\\\/produkt\\\/pq804-parawan-medyczny-zmywalny-jednoczesciowy\\\/\",\"name\":\"PQ804 - Parawan medyczny, zmywalny, jednocz\u0119\u015bciowy - konstrukcja lakierowana proszkowo lub nierdzewna - INNOW\",\"isPartOf\":{\"@id\":\"https:\\\/\\\/innow.pl\\\/#website\"},\"primaryImageOfPage\":{\"@id\":\"https:\\\/\\\/innow.pl\\\/produkt\\\/pq804-parawan-medyczny-zmywalny-jednoczesciowy\\\/#primaryimage\"},\"image\":{\"@id\":\"https:\\\/\\\/innow.pl\\\/produkt\\\/pq804-parawan-medyczny-zmywalny-jednoczesciowy\\\/#primaryimage\"},\"thumbnailUrl\":\"https:\\\/\\\/innow.pl\\\/wp-content\\\/uploads\\\/2019\\\/08\\\/IMG_6877-scaled.jpeg\",\"datePublished\":\"2019-08-07T02:45:54+00:00\",\"dateModified\":\"2026-03-03T13:12:44+00:00\",\"description\":\"Parawan jednocz\u0119\u015bciowy o estetycznej konstrukcji. Zmywalny, tapicerowany ekran. Mo\u017cliwo\u015b\u0107 dokupienia ekranu standardowego. Du\u017cy wyb\u00f3r kolor\u00f3w. Sprawd\u017a!\",\"breadcrumb\":{\"@id\":\"https:\\\/\\\/innow.pl\\\/produkt\\\/pq804-parawan-medyczny-zmywalny-jednoczesciowy\\\/#breadcrumb\"},\"inLanguage\":\"fr-FR\",\"potentialAction\":[{\"@type\":\"ReadAction\",\"target\":[\"https:\\\/\\\/innow.pl\\\/produkt\\\/pq804-parawan-medyczny-zmywalny-jednoczesciowy\\\/\"]}]},{\"@type\":\"ImageObject\",\"inLanguage\":\"fr-FR\",\"@id\":\"https:\\\/\\\/innow.pl\\\/produkt\\\/pq804-parawan-medyczny-zmywalny-jednoczesciowy\\\/#primaryimage\",\"url\":\"https:\\\/\\\/innow.pl\\\/wp-content\\\/uploads\\\/2019\\\/08\\\/IMG_6877-scaled.jpeg\",\"contentUrl\":\"https:\\\/\\\/innow.pl\\\/wp-content\\\/uploads\\\/2019\\\/08\\\/IMG_6877-scaled.jpeg\",\"width\":1920,\"height\":2560},{\"@type\":\"BreadcrumbList\",\"@id\":\"https:\\\/\\\/innow.pl\\\/produkt\\\/pq804-parawan-medyczny-zmywalny-jednoczesciowy\\\/#breadcrumb\",\"itemListElement\":[{\"@type\":\"ListItem\",\"position\":1,\"name\":\"INNOW\",\"item\":\"https:\\\/\\\/innow.pl\\\/fr\\\/\"},{\"@type\":\"ListItem\",\"position\":2,\"name\":\"Produkty\",\"item\":\"https:\\\/\\\/innow.pl\\\/produkty\\\/\"},{\"@type\":\"ListItem\",\"position\":3,\"name\":\"Meble medyczne\",\"item\":\"https:\\\/\\\/innow.pl\\\/produkty\\\/meble-medyczne\\\/\"},{\"@type\":\"ListItem\",\"position\":4,\"name\":\"Parawany\",\"item\":\"https:\\\/\\\/innow.pl\\\/produkty\\\/meble-medyczne\\\/parawany-meble-medyczne\\\/\"},{\"@type\":\"ListItem\",\"position\":5,\"name\":\"Parawany jednoskrzyd\u0142owe\",\"item\":\"https:\\\/\\\/innow.pl\\\/produkty\\\/meble-medyczne\\\/parawany-meble-medyczne\\\/parawany-jednoskrzydlowe\\\/\"},{\"@type\":\"ListItem\",\"position\":6,\"name\":\"PQ804 &#8211; Parawan medyczny, zmywalny, jednocz\u0119\u015bciowy &#8211; konstrukcja lakierowana proszkowo lub nierdzewna\"}]},{\"@type\":\"WebSite\",\"@id\":\"https:\\\/\\\/innow.pl\\\/#website\",\"url\":\"https:\\\/\\\/innow.pl\\\/\",\"name\":\"INNOW\",\"description\":\"\",\"potentialAction\":[{\"@type\":\"SearchAction\",\"target\":{\"@type\":\"EntryPoint\",\"urlTemplate\":\"https:\\\/\\\/innow.pl\\\/?s={search_term_string}\"},\"query-input\":{\"@type\":\"PropertyValueSpecification\",\"valueRequired\":true,\"valueName\":\"search_term_string\"}}],\"inLanguage\":\"fr-FR\"}]}<\/script>\n<!-- \/ Yoast SEO plugin. -->","yoast_head_json":{"title":"PQ804 - Parawan medyczny, zmywalny, jednocz\u0119\u015bciowy - konstrukcja lakierowana proszkowo lub nierdzewna - INNOW","description":"Parawan jednocz\u0119\u015bciowy o estetycznej konstrukcji. Zmywalny, tapicerowany ekran. Mo\u017cliwo\u015b\u0107 dokupienia ekranu standardowego. Du\u017cy wyb\u00f3r kolor\u00f3w. Sprawd\u017a!","robots":{"index":"index","follow":"follow","max-snippet":"max-snippet:-1","max-image-preview":"max-image-preview:large","max-video-preview":"max-video-preview:-1"},"canonical":"https:\/\/innow.pl\/produkt\/pq804-parawan-medyczny-zmywalny-jednoczesciowy\/","og_locale":"fr_FR","og_type":"article","og_title":"PQ804 - Parawan medyczny, zmywalny, jednocz\u0119\u015bciowy - konstrukcja lakierowana proszkowo lub nierdzewna - INNOW","og_description":"Parawan jednocz\u0119\u015bciowy o estetycznej konstrukcji. Zmywalny, tapicerowany ekran. Mo\u017cliwo\u015b\u0107 dokupienia ekranu standardowego. Du\u017cy wyb\u00f3r kolor\u00f3w. Sprawd\u017a!","og_url":"https:\/\/innow.pl\/produkt\/pq804-parawan-medyczny-zmywalny-jednoczesciowy\/","og_site_name":"INNOW","article_modified_time":"2026-03-03T13:12:44+00:00","og_image":[{"width":1920,"height":2560,"url":"https:\/\/innow.pl\/wp-content\/uploads\/2019\/08\/IMG_6877-scaled.jpeg","type":"image\/jpeg"}],"twitter_card":"summary_large_image","twitter_misc":{"Dur\u00e9e de lecture estim\u00e9e":"2 minutes"},"schema":{"@context":"https:\/\/schema.org","@graph":[{"@type":"WebPage","@id":"https:\/\/innow.pl\/produkt\/pq804-parawan-medyczny-zmywalny-jednoczesciowy\/","url":"https:\/\/innow.pl\/produkt\/pq804-parawan-medyczny-zmywalny-jednoczesciowy\/","name":"PQ804 - Parawan medyczny, zmywalny, jednocz\u0119\u015bciowy - konstrukcja lakierowana proszkowo lub nierdzewna - INNOW","isPartOf":{"@id":"https:\/\/innow.pl\/#website"},"primaryImageOfPage":{"@id":"https:\/\/innow.pl\/produkt\/pq804-parawan-medyczny-zmywalny-jednoczesciowy\/#primaryimage"},"image":{"@id":"https:\/\/innow.pl\/produkt\/pq804-parawan-medyczny-zmywalny-jednoczesciowy\/#primaryimage"},"thumbnailUrl":"https:\/\/innow.pl\/wp-content\/uploads\/2019\/08\/IMG_6877-scaled.jpeg","datePublished":"2019-08-07T02:45:54+00:00","dateModified":"2026-03-03T13:12:44+00:00","description":"Parawan jednocz\u0119\u015bciowy o estetycznej konstrukcji. Zmywalny, tapicerowany ekran. Mo\u017cliwo\u015b\u0107 dokupienia ekranu standardowego. Du\u017cy wyb\u00f3r kolor\u00f3w. Sprawd\u017a!","breadcrumb":{"@id":"https:\/\/innow.pl\/produkt\/pq804-parawan-medyczny-zmywalny-jednoczesciowy\/#breadcrumb"},"inLanguage":"fr-FR","potentialAction":[{"@type":"ReadAction","target":["https:\/\/innow.pl\/produkt\/pq804-parawan-medyczny-zmywalny-jednoczesciowy\/"]}]},{"@type":"ImageObject","inLanguage":"fr-FR","@id":"https:\/\/innow.pl\/produkt\/pq804-parawan-medyczny-zmywalny-jednoczesciowy\/#primaryimage","url":"https:\/\/innow.pl\/wp-content\/uploads\/2019\/08\/IMG_6877-scaled.jpeg","contentUrl":"https:\/\/innow.pl\/wp-content\/uploads\/2019\/08\/IMG_6877-scaled.jpeg","width":1920,"height":2560},{"@type":"BreadcrumbList","@id":"https:\/\/innow.pl\/produkt\/pq804-parawan-medyczny-zmywalny-jednoczesciowy\/#breadcrumb","itemListElement":[{"@type":"ListItem","position":1,"name":"INNOW","item":"https:\/\/innow.pl\/fr\/"},{"@type":"ListItem","position":2,"name":"Produkty","item":"https:\/\/innow.pl\/produkty\/"},{"@type":"ListItem","position":3,"name":"Meble medyczne","item":"https:\/\/innow.pl\/produkty\/meble-medyczne\/"},{"@type":"ListItem","position":4,"name":"Parawany","item":"https:\/\/innow.pl\/produkty\/meble-medyczne\/parawany-meble-medyczne\/"},{"@type":"ListItem","position":5,"name":"Parawany jednoskrzyd\u0142owe","item":"https:\/\/innow.pl\/produkty\/meble-medyczne\/parawany-meble-medyczne\/parawany-jednoskrzydlowe\/"},{"@type":"ListItem","position":6,"name":"PQ804 &#8211; Parawan medyczny, zmywalny, jednocz\u0119\u015bciowy &#8211; konstrukcja lakierowana proszkowo lub nierdzewna"}]},{"@type":"WebSite","@id":"https:\/\/innow.pl\/#website","url":"https:\/\/innow.pl\/","name":"INNOW","description":"","potentialAction":[{"@type":"SearchAction","target":{"@type":"EntryPoint","urlTemplate":"https:\/\/innow.pl\/?s={search_term_string}"},"query-input":{"@type":"PropertyValueSpecification","valueRequired":true,"valueName":"search_term_string"}}],"inLanguage":"fr-FR"}]}},"_links":{"self":[{"href":"https:\/\/innow.pl\/fr\/wp-json\/wp\/v2\/product\/28906","targetHints":{"allow":["GET"]}}],"collection":[{"href":"https:\/\/innow.pl\/fr\/wp-json\/wp\/v2\/product"}],"about":[{"href":"https:\/\/innow.pl\/fr\/wp-json\/wp\/v2\/types\/product"}],"replies":[{"embeddable":true,"href":"https:\/\/innow.pl\/fr\/wp-json\/wp\/v2\/comments?post=28906"}],"wp:featuredmedia":[{"embeddable":true,"href":"https:\/\/innow.pl\/fr\/wp-json\/wp\/v2\/media\/76332"}],"wp:attachment":[{"href":"https:\/\/innow.pl\/fr\/wp-json\/wp\/v2\/media?parent=28906"}],"wp:term":[{"taxonomy":"product_brand","embeddable":true,"href":"https:\/\/innow.pl\/fr\/wp-json\/wp\/v2\/product_brand?post=28906"},{"taxonomy":"product_cat","embeddable":true,"href":"https:\/\/innow.pl\/fr\/wp-json\/wp\/v2\/product_cat?post=28906"},{"taxonomy":"product_tag","embeddable":true,"href":"https:\/\/innow.pl\/fr\/wp-json\/wp\/v2\/product_tag?post=28906"}],"curies":[{"name":"wp","href":"https:\/\/api.w.org\/{rel}","templated":true}]}}