{"id":28865,"date":"2017-06-26T06:48:32","date_gmt":"2017-06-26T04:48:32","guid":{"rendered":"https:\/\/innow.pl\/produkt\/c227e-taboret-prysznicowy-szeroki\/"},"modified":"2026-02-17T13:23:11","modified_gmt":"2026-02-17T12:23:11","slug":"c227e-taboret-prysznicowy-szeroki","status":"publish","type":"product","link":"https:\/\/innow.pl\/fr\/produkt\/c227e-taboret-prysznicowy-szeroki\/","title":{"rendered":"C227E &#8211; Taboret prysznicowy szeroki"},"content":{"rendered":"<p>Taboret prysznicowy z formatk\u0105 wykonan\u0105 z tworzywa sztucznego, do kt\u00f3rej przytwierdzona jest antypo\u015blizgowa nak\u0142adka. Nogi taboretu zako\u0144czone s\u0105 nasadkami z przyssawkami, kt\u00f3re zapewniaj\u0105 wi\u0119ksz\u0105 stabilno\u015b\u0107. Uchwyty boczne pozwalaj\u0105 na \u0142atwe przenoszenie taboretu prysznicowego.<\/p>\n","protected":false},"excerpt":{"rendered":"<p>Taboret prysznicowy z formatk\u0105 wykonan\u0105 z tworzywa sztucznego, do kt\u00f3rej przytwierdzona jest antypo\u015blizgowa nak\u0142adka. Nogi taboretu zako\u0144czone s\u0105 nasadkami z przyssawkami, kt\u00f3re zapewniaj\u0105 wi\u0119ksz\u0105 stabilno\u015b\u0107. Uchwyty boczne pozwalaj\u0105 na \u0142atwe przenoszenie taboretu prysznicowego.<\/p>\n","protected":false},"featured_media":28867,"comment_status":"open","ping_status":"closed","template":"","meta":{"_acf_changed":false},"product_brand":[],"product_cat":[436,512,49],"product_tag":[],"class_list":{"0":"post-28865","1":"product","2":"type-product","3":"status-publish","4":"has-post-thumbnail","6":"product_cat-siodelka-siedziska-i-taborety","7":"product_cat-taborety-prysznicowe","8":"product_cat-lazienka-i-wc","9":"pa_dlugosc-41-cm","10":"pa_dlugosc-siedziska-31-cm","11":"pa_szerokosc-51-cm","12":"pa_szerokosc-siedziska-51-cm","13":"pa_wysokosc-calkowita-43-58-cm","14":"pa_wysokosc-siedziska-39-54-cm","16":"first","17":"instock","18":"taxable","19":"shipping-taxable","20":"purchasable","21":"product-type-simple"},"acf":[],"yoast_head":"<!-- This site is optimized with the Yoast SEO plugin v27.4 - https:\/\/yoast.com\/product\/yoast-seo-wordpress\/ -->\n<title>C227E - Taboret prysznicowy szeroki - INNOW<\/title>\n<meta name=\"description\" content=\"Lekki taboret prysznicowy - nasadki z przyssawkami zwi\u0119kszaj\u0105ce stabilno\u015b\u0107, uchwyty do przenoszenia, antypo\u015blizgowa nak\u0142adka na siedzisko. Sprawd\u017a teraz!\" \/>\n<meta name=\"robots\" content=\"index, follow, max-snippet:-1, max-image-preview:large, max-video-preview:-1\" \/>\n<link rel=\"canonical\" href=\"https:\/\/innow.pl\/produkt\/c227e-taboret-prysznicowy-szeroki\/\" \/>\n<meta property=\"og:locale\" content=\"fr_FR\" \/>\n<meta property=\"og:type\" content=\"article\" \/>\n<meta property=\"og:title\" content=\"C227E - Taboret prysznicowy szeroki - INNOW\" \/>\n<meta property=\"og:description\" content=\"Lekki taboret prysznicowy - nasadki z przyssawkami zwi\u0119kszaj\u0105ce stabilno\u015b\u0107, uchwyty do przenoszenia, antypo\u015blizgowa nak\u0142adka na siedzisko. Sprawd\u017a teraz!\" \/>\n<meta property=\"og:url\" content=\"https:\/\/innow.pl\/produkt\/c227e-taboret-prysznicowy-szeroki\/\" \/>\n<meta property=\"og:site_name\" content=\"INNOW\" \/>\n<meta property=\"article:modified_time\" content=\"2026-02-17T12:23:11+00:00\" \/>\n<meta property=\"og:image\" content=\"https:\/\/innow.pl\/wp-content\/uploads\/2024\/11\/C227E.jpg\" \/>\n\t<meta property=\"og:image:width\" content=\"800\" \/>\n\t<meta property=\"og:image:height\" content=\"800\" \/>\n\t<meta property=\"og:image:type\" content=\"image\/jpeg\" \/>\n<meta name=\"twitter:card\" content=\"summary_large_image\" \/>\n<meta name=\"twitter:label1\" content=\"Dur\u00e9e de lecture estim\u00e9e\" \/>\n\t<meta name=\"twitter:data1\" content=\"1 minute\" \/>\n<script type=\"application\/ld+json\" class=\"yoast-schema-graph\">{\"@context\":\"https:\\\/\\\/schema.org\",\"@graph\":[{\"@type\":\"WebPage\",\"@id\":\"https:\\\/\\\/innow.pl\\\/produkt\\\/c227e-taboret-prysznicowy-szeroki\\\/\",\"url\":\"https:\\\/\\\/innow.pl\\\/produkt\\\/c227e-taboret-prysznicowy-szeroki\\\/\",\"name\":\"C227E - Taboret prysznicowy szeroki - INNOW\",\"isPartOf\":{\"@id\":\"https:\\\/\\\/innow.pl\\\/#website\"},\"primaryImageOfPage\":{\"@id\":\"https:\\\/\\\/innow.pl\\\/produkt\\\/c227e-taboret-prysznicowy-szeroki\\\/#primaryimage\"},\"image\":{\"@id\":\"https:\\\/\\\/innow.pl\\\/produkt\\\/c227e-taboret-prysznicowy-szeroki\\\/#primaryimage\"},\"thumbnailUrl\":\"https:\\\/\\\/innow.pl\\\/wp-content\\\/uploads\\\/2024\\\/11\\\/C227E.jpg\",\"datePublished\":\"2017-06-26T04:48:32+00:00\",\"dateModified\":\"2026-02-17T12:23:11+00:00\",\"description\":\"Lekki taboret prysznicowy - nasadki z przyssawkami zwi\u0119kszaj\u0105ce stabilno\u015b\u0107, uchwyty do przenoszenia, antypo\u015blizgowa nak\u0142adka na siedzisko. Sprawd\u017a teraz!\",\"breadcrumb\":{\"@id\":\"https:\\\/\\\/innow.pl\\\/produkt\\\/c227e-taboret-prysznicowy-szeroki\\\/#breadcrumb\"},\"inLanguage\":\"fr-FR\",\"potentialAction\":[{\"@type\":\"ReadAction\",\"target\":[\"https:\\\/\\\/innow.pl\\\/produkt\\\/c227e-taboret-prysznicowy-szeroki\\\/\"]}]},{\"@type\":\"ImageObject\",\"inLanguage\":\"fr-FR\",\"@id\":\"https:\\\/\\\/innow.pl\\\/produkt\\\/c227e-taboret-prysznicowy-szeroki\\\/#primaryimage\",\"url\":\"https:\\\/\\\/innow.pl\\\/wp-content\\\/uploads\\\/2024\\\/11\\\/C227E.jpg\",\"contentUrl\":\"https:\\\/\\\/innow.pl\\\/wp-content\\\/uploads\\\/2024\\\/11\\\/C227E.jpg\",\"width\":800,\"height\":800},{\"@type\":\"BreadcrumbList\",\"@id\":\"https:\\\/\\\/innow.pl\\\/produkt\\\/c227e-taboret-prysznicowy-szeroki\\\/#breadcrumb\",\"itemListElement\":[{\"@type\":\"ListItem\",\"position\":1,\"name\":\"INNOW\",\"item\":\"https:\\\/\\\/innow.pl\\\/fr\\\/\"},{\"@type\":\"ListItem\",\"position\":2,\"name\":\"Produkty\",\"item\":\"https:\\\/\\\/innow.pl\\\/produkty\\\/\"},{\"@type\":\"ListItem\",\"position\":3,\"name\":\"\u0141azienka i WC\",\"item\":\"https:\\\/\\\/innow.pl\\\/produkty\\\/lazienka-i-wc\\\/\"},{\"@type\":\"ListItem\",\"position\":4,\"name\":\"Siode\u0142ka, siedziska i taborety\",\"item\":\"https:\\\/\\\/innow.pl\\\/produkty\\\/lazienka-i-wc\\\/siodelka-siedziska-i-taborety\\\/\"},{\"@type\":\"ListItem\",\"position\":5,\"name\":\"Taborety prysznicowe\",\"item\":\"https:\\\/\\\/innow.pl\\\/produkty\\\/lazienka-i-wc\\\/siodelka-siedziska-i-taborety\\\/taborety-prysznicowe\\\/\"},{\"@type\":\"ListItem\",\"position\":6,\"name\":\"C227E &#8211; Taboret prysznicowy szeroki\"}]},{\"@type\":\"WebSite\",\"@id\":\"https:\\\/\\\/innow.pl\\\/#website\",\"url\":\"https:\\\/\\\/innow.pl\\\/\",\"name\":\"INNOW\",\"description\":\"\",\"potentialAction\":[{\"@type\":\"SearchAction\",\"target\":{\"@type\":\"EntryPoint\",\"urlTemplate\":\"https:\\\/\\\/innow.pl\\\/?s={search_term_string}\"},\"query-input\":{\"@type\":\"PropertyValueSpecification\",\"valueRequired\":true,\"valueName\":\"search_term_string\"}}],\"inLanguage\":\"fr-FR\"}]}<\/script>\n<!-- \/ Yoast SEO plugin. -->","yoast_head_json":{"title":"C227E - Taboret prysznicowy szeroki - INNOW","description":"Lekki taboret prysznicowy - nasadki z przyssawkami zwi\u0119kszaj\u0105ce stabilno\u015b\u0107, uchwyty do przenoszenia, antypo\u015blizgowa nak\u0142adka na siedzisko. Sprawd\u017a teraz!","robots":{"index":"index","follow":"follow","max-snippet":"max-snippet:-1","max-image-preview":"max-image-preview:large","max-video-preview":"max-video-preview:-1"},"canonical":"https:\/\/innow.pl\/produkt\/c227e-taboret-prysznicowy-szeroki\/","og_locale":"fr_FR","og_type":"article","og_title":"C227E - Taboret prysznicowy szeroki - INNOW","og_description":"Lekki taboret prysznicowy - nasadki z przyssawkami zwi\u0119kszaj\u0105ce stabilno\u015b\u0107, uchwyty do przenoszenia, antypo\u015blizgowa nak\u0142adka na siedzisko. Sprawd\u017a teraz!","og_url":"https:\/\/innow.pl\/produkt\/c227e-taboret-prysznicowy-szeroki\/","og_site_name":"INNOW","article_modified_time":"2026-02-17T12:23:11+00:00","og_image":[{"width":800,"height":800,"url":"https:\/\/innow.pl\/wp-content\/uploads\/2024\/11\/C227E.jpg","type":"image\/jpeg"}],"twitter_card":"summary_large_image","twitter_misc":{"Dur\u00e9e de lecture estim\u00e9e":"1 minute"},"schema":{"@context":"https:\/\/schema.org","@graph":[{"@type":"WebPage","@id":"https:\/\/innow.pl\/produkt\/c227e-taboret-prysznicowy-szeroki\/","url":"https:\/\/innow.pl\/produkt\/c227e-taboret-prysznicowy-szeroki\/","name":"C227E - Taboret prysznicowy szeroki - INNOW","isPartOf":{"@id":"https:\/\/innow.pl\/#website"},"primaryImageOfPage":{"@id":"https:\/\/innow.pl\/produkt\/c227e-taboret-prysznicowy-szeroki\/#primaryimage"},"image":{"@id":"https:\/\/innow.pl\/produkt\/c227e-taboret-prysznicowy-szeroki\/#primaryimage"},"thumbnailUrl":"https:\/\/innow.pl\/wp-content\/uploads\/2024\/11\/C227E.jpg","datePublished":"2017-06-26T04:48:32+00:00","dateModified":"2026-02-17T12:23:11+00:00","description":"Lekki taboret prysznicowy - nasadki z przyssawkami zwi\u0119kszaj\u0105ce stabilno\u015b\u0107, uchwyty do przenoszenia, antypo\u015blizgowa nak\u0142adka na siedzisko. Sprawd\u017a teraz!","breadcrumb":{"@id":"https:\/\/innow.pl\/produkt\/c227e-taboret-prysznicowy-szeroki\/#breadcrumb"},"inLanguage":"fr-FR","potentialAction":[{"@type":"ReadAction","target":["https:\/\/innow.pl\/produkt\/c227e-taboret-prysznicowy-szeroki\/"]}]},{"@type":"ImageObject","inLanguage":"fr-FR","@id":"https:\/\/innow.pl\/produkt\/c227e-taboret-prysznicowy-szeroki\/#primaryimage","url":"https:\/\/innow.pl\/wp-content\/uploads\/2024\/11\/C227E.jpg","contentUrl":"https:\/\/innow.pl\/wp-content\/uploads\/2024\/11\/C227E.jpg","width":800,"height":800},{"@type":"BreadcrumbList","@id":"https:\/\/innow.pl\/produkt\/c227e-taboret-prysznicowy-szeroki\/#breadcrumb","itemListElement":[{"@type":"ListItem","position":1,"name":"INNOW","item":"https:\/\/innow.pl\/fr\/"},{"@type":"ListItem","position":2,"name":"Produkty","item":"https:\/\/innow.pl\/produkty\/"},{"@type":"ListItem","position":3,"name":"\u0141azienka i WC","item":"https:\/\/innow.pl\/produkty\/lazienka-i-wc\/"},{"@type":"ListItem","position":4,"name":"Siode\u0142ka, siedziska i taborety","item":"https:\/\/innow.pl\/produkty\/lazienka-i-wc\/siodelka-siedziska-i-taborety\/"},{"@type":"ListItem","position":5,"name":"Taborety prysznicowe","item":"https:\/\/innow.pl\/produkty\/lazienka-i-wc\/siodelka-siedziska-i-taborety\/taborety-prysznicowe\/"},{"@type":"ListItem","position":6,"name":"C227E &#8211; Taboret prysznicowy szeroki"}]},{"@type":"WebSite","@id":"https:\/\/innow.pl\/#website","url":"https:\/\/innow.pl\/","name":"INNOW","description":"","potentialAction":[{"@type":"SearchAction","target":{"@type":"EntryPoint","urlTemplate":"https:\/\/innow.pl\/?s={search_term_string}"},"query-input":{"@type":"PropertyValueSpecification","valueRequired":true,"valueName":"search_term_string"}}],"inLanguage":"fr-FR"}]}},"_links":{"self":[{"href":"https:\/\/innow.pl\/fr\/wp-json\/wp\/v2\/product\/28865","targetHints":{"allow":["GET"]}}],"collection":[{"href":"https:\/\/innow.pl\/fr\/wp-json\/wp\/v2\/product"}],"about":[{"href":"https:\/\/innow.pl\/fr\/wp-json\/wp\/v2\/types\/product"}],"replies":[{"embeddable":true,"href":"https:\/\/innow.pl\/fr\/wp-json\/wp\/v2\/comments?post=28865"}],"wp:featuredmedia":[{"embeddable":true,"href":"https:\/\/innow.pl\/fr\/wp-json\/wp\/v2\/media\/28867"}],"wp:attachment":[{"href":"https:\/\/innow.pl\/fr\/wp-json\/wp\/v2\/media?parent=28865"}],"wp:term":[{"taxonomy":"product_brand","embeddable":true,"href":"https:\/\/innow.pl\/fr\/wp-json\/wp\/v2\/product_brand?post=28865"},{"taxonomy":"product_cat","embeddable":true,"href":"https:\/\/innow.pl\/fr\/wp-json\/wp\/v2\/product_cat?post=28865"},{"taxonomy":"product_tag","embeddable":true,"href":"https:\/\/innow.pl\/fr\/wp-json\/wp\/v2\/product_tag?post=28865"}],"curies":[{"name":"wp","href":"https:\/\/api.w.org\/{rel}","templated":true}]}}