{"id":28786,"date":"2019-05-17T09:00:28","date_gmt":"2019-05-17T07:00:28","guid":{"rendered":"https:\/\/innow.pl\/produkt\/fz01-eu-3cw-fotel-zabiegowy-3-czesciowy-z-regulacja-wysokosci\/"},"modified":"2026-04-16T13:58:18","modified_gmt":"2026-04-16T11:58:18","slug":"fz01-eu-3cw-fotel-zabiegowy-3-czesciowy-z-regulacja-wysokosci","status":"publish","type":"product","link":"https:\/\/innow.pl\/fr\/produkt\/fz01-eu-3cw-fotel-zabiegowy-3-czesciowy-z-regulacja-wysokosci\/","title":{"rendered":"FZ01 EU [3CW] &#8211; Fotel zabiegowy 3-cz\u0119\u015bciowy z regulacj\u0105 wysoko\u015bci"},"content":{"rendered":"<p>Ergonomiczny i funkcjonalny fotel do przeprowadzania zabieg\u00f3w i bada\u0144 (fotel zabiegowy medyczny). Wykorzystywany podczas dializ, bada\u0144 i zabieg\u00f3w laryngologicznych, okulistycznych czy podczas pobierania krwi. Cz\u0119\u015b\u0107 no\u017cna oraz segment oparcia plec\u00f3w regulowane za pomoc\u0105 spr\u0119\u017cyn gazowych. Fotel posiada r\u00f3wnie\u017c regulacj\u0119 wysoko\u015bci (<strong>53 cm &#8211; 83 cm<\/strong>), realizowan\u0105 za pomoc\u0105 si\u0142ownika hydraulicznego. Konstrukcja wykonana ze stali malowanej proszkowo na kolor bia\u0142y. <em>Na zdj\u0119ciu widoczny fotel z ruchomym podg\u0142\u00f3wkiem (opcja) oraz wielopozycyjnym poliuretanowym podparciem pod r\u0119k\u0119 (2 sztuki, opcja).<\/em> <strong>Wyposa\u017cenie dodatkowe fotela pod opisem.<\/strong> W przypadku dokupienia podparcia wielopozycyjnego pod r\u0119k\u0119, fotel mo\u017ce by\u0107 u\u017cytkowany jako fotel dla krwiodawstwa, dla dawc\u00f3w krwi.<\/p>\n<p style=\"text-align: left;\"><a>Informacje o w\u0142a\u015bciwo\u015bciach dost\u0119pnych <strong>materia\u0142\u00f3w obiciowych<\/strong> dost\u0119pne po klikni\u0119ciu w zdj\u0119cie:<\/a>\u00a0<\/p>\n<p style=\"text-align: left;\"><a href=\"https:\/\/innow.pl\/publikacje\/KatalogPDF\/Pokrycia-obiciowe-tapicerki.pdf\" target=\"_blank\" rel=\"noopener\"><img decoding=\"async\" src=\"https:\/\/innow.pl\/wp-content\/uploads\/2024\/11\/Tapicerki.jpg\" \/><\/a><\/p>\n<p>&nbsp;<\/p>\n","protected":false},"excerpt":{"rendered":"<p>Ergonomiczny i funkcjonalny fotel do przeprowadzania zabieg\u00f3w i bada\u0144 (fotel zabiegowy medyczny). Wykorzystywany podczas dializ, bada\u0144 i zabieg\u00f3w laryngologicznych, okulistycznych czy podczas pobierania krwi. Cz\u0119\u015b\u0107 no\u017cna oraz segment oparcia plec\u00f3w regulowane za pomoc\u0105 spr\u0119\u017cyn gazowych. Fotel posiada r\u00f3wnie\u017c regulacj\u0119 wysoko\u015bci (53 cm &#8211; 83 cm), realizowan\u0105 za pomoc\u0105 si\u0142ownika hydraulicznego. Konstrukcja wykonana ze stali malowanej [&hellip;]<\/p>\n","protected":false},"featured_media":28789,"comment_status":"open","ping_status":"closed","template":"","meta":{"_acf_changed":false},"product_brand":[],"product_cat":[491,550,440],"product_tag":[],"class_list":{"0":"post-28786","1":"product","2":"type-product","3":"status-publish","4":"has-post-thumbnail","6":"product_cat-fotele-zabiegowe","7":"product_cat-fotele-zabiegowe-uniwersalne","8":"product_cat-meble-medyczne","9":"pa_dlugosc-166-cm","10":"pa_szerokosc-68-cm","11":"pa_wysokosc-53-83-cm","13":"first","14":"instock","15":"taxable","16":"shipping-taxable","17":"purchasable","18":"product-type-simple"},"acf":[],"yoast_head":"<!-- This site is optimized with the Yoast SEO plugin v27.4 - https:\/\/yoast.com\/product\/yoast-seo-wordpress\/ -->\n<title>FZ01 EU [3CW] - Fotel zabiegowy 3-cz\u0119\u015bciowy z regulacj\u0105 wysoko\u015bci - INNOW<\/title>\n<meta name=\"description\" content=\"Komfortowy fotel zabiegowy z regulacj\u0105 wysoko\u015bci (53 - 83 cm). Umo\u017cliwia sprawne wykonywanie zabieg\u00f3w i bada\u0144 medycznych. Kliknij i zobacz!\" \/>\n<meta name=\"robots\" content=\"index, follow, max-snippet:-1, max-image-preview:large, max-video-preview:-1\" \/>\n<link rel=\"canonical\" href=\"https:\/\/innow.pl\/produkt\/fz01-eu-3cw-fotel-zabiegowy-3-czesciowy-z-regulacja-wysokosci\/\" \/>\n<meta property=\"og:locale\" content=\"fr_FR\" \/>\n<meta property=\"og:type\" content=\"article\" \/>\n<meta property=\"og:title\" content=\"FZ01 EU [3CW] - Fotel zabiegowy 3-cz\u0119\u015bciowy z regulacj\u0105 wysoko\u015bci - INNOW\" \/>\n<meta property=\"og:description\" content=\"Komfortowy fotel zabiegowy z regulacj\u0105 wysoko\u015bci (53 - 83 cm). Umo\u017cliwia sprawne wykonywanie zabieg\u00f3w i bada\u0144 medycznych. Kliknij i zobacz!\" \/>\n<meta property=\"og:url\" content=\"https:\/\/innow.pl\/produkt\/fz01-eu-3cw-fotel-zabiegowy-3-czesciowy-z-regulacja-wysokosci\/\" \/>\n<meta property=\"og:site_name\" content=\"INNOW\" \/>\n<meta property=\"article:modified_time\" content=\"2026-04-16T11:58:18+00:00\" \/>\n<meta property=\"og:image\" content=\"https:\/\/innow.pl\/wp-content\/uploads\/2024\/11\/FZ01_EU_3CW_.jpg\" \/>\n\t<meta property=\"og:image:width\" content=\"880\" \/>\n\t<meta property=\"og:image:height\" content=\"880\" \/>\n\t<meta property=\"og:image:type\" content=\"image\/jpeg\" \/>\n<meta name=\"twitter:card\" content=\"summary_large_image\" \/>\n<meta name=\"twitter:label1\" content=\"Dur\u00e9e de lecture estim\u00e9e\" \/>\n\t<meta name=\"twitter:data1\" content=\"2 minutes\" \/>\n<script type=\"application\/ld+json\" class=\"yoast-schema-graph\">{\"@context\":\"https:\\\/\\\/schema.org\",\"@graph\":[{\"@type\":\"WebPage\",\"@id\":\"https:\\\/\\\/innow.pl\\\/produkt\\\/fz01-eu-3cw-fotel-zabiegowy-3-czesciowy-z-regulacja-wysokosci\\\/\",\"url\":\"https:\\\/\\\/innow.pl\\\/produkt\\\/fz01-eu-3cw-fotel-zabiegowy-3-czesciowy-z-regulacja-wysokosci\\\/\",\"name\":\"FZ01 EU [3CW] - Fotel zabiegowy 3-cz\u0119\u015bciowy z regulacj\u0105 wysoko\u015bci - INNOW\",\"isPartOf\":{\"@id\":\"https:\\\/\\\/innow.pl\\\/#website\"},\"primaryImageOfPage\":{\"@id\":\"https:\\\/\\\/innow.pl\\\/produkt\\\/fz01-eu-3cw-fotel-zabiegowy-3-czesciowy-z-regulacja-wysokosci\\\/#primaryimage\"},\"image\":{\"@id\":\"https:\\\/\\\/innow.pl\\\/produkt\\\/fz01-eu-3cw-fotel-zabiegowy-3-czesciowy-z-regulacja-wysokosci\\\/#primaryimage\"},\"thumbnailUrl\":\"https:\\\/\\\/innow.pl\\\/wp-content\\\/uploads\\\/2024\\\/11\\\/FZ01_EU_3CW_.jpg\",\"datePublished\":\"2019-05-17T07:00:28+00:00\",\"dateModified\":\"2026-04-16T11:58:18+00:00\",\"description\":\"Komfortowy fotel zabiegowy z regulacj\u0105 wysoko\u015bci (53 - 83 cm). Umo\u017cliwia sprawne wykonywanie zabieg\u00f3w i bada\u0144 medycznych. Kliknij i zobacz!\",\"breadcrumb\":{\"@id\":\"https:\\\/\\\/innow.pl\\\/produkt\\\/fz01-eu-3cw-fotel-zabiegowy-3-czesciowy-z-regulacja-wysokosci\\\/#breadcrumb\"},\"inLanguage\":\"fr-FR\",\"potentialAction\":[{\"@type\":\"ReadAction\",\"target\":[\"https:\\\/\\\/innow.pl\\\/produkt\\\/fz01-eu-3cw-fotel-zabiegowy-3-czesciowy-z-regulacja-wysokosci\\\/\"]}]},{\"@type\":\"ImageObject\",\"inLanguage\":\"fr-FR\",\"@id\":\"https:\\\/\\\/innow.pl\\\/produkt\\\/fz01-eu-3cw-fotel-zabiegowy-3-czesciowy-z-regulacja-wysokosci\\\/#primaryimage\",\"url\":\"https:\\\/\\\/innow.pl\\\/wp-content\\\/uploads\\\/2024\\\/11\\\/FZ01_EU_3CW_.jpg\",\"contentUrl\":\"https:\\\/\\\/innow.pl\\\/wp-content\\\/uploads\\\/2024\\\/11\\\/FZ01_EU_3CW_.jpg\",\"width\":880,\"height\":880,\"caption\":\"Fotel zabiegowy 3-cz\u0119\u015bciowy z regulacj\u0105 wysoko\u015bci - FZ01 EU [3CW] - INNOW\"},{\"@type\":\"BreadcrumbList\",\"@id\":\"https:\\\/\\\/innow.pl\\\/produkt\\\/fz01-eu-3cw-fotel-zabiegowy-3-czesciowy-z-regulacja-wysokosci\\\/#breadcrumb\",\"itemListElement\":[{\"@type\":\"ListItem\",\"position\":1,\"name\":\"INNOW\",\"item\":\"https:\\\/\\\/innow.pl\\\/fr\\\/\"},{\"@type\":\"ListItem\",\"position\":2,\"name\":\"Produkty\",\"item\":\"https:\\\/\\\/innow.pl\\\/produkty\\\/\"},{\"@type\":\"ListItem\",\"position\":3,\"name\":\"Meble medyczne\",\"item\":\"https:\\\/\\\/innow.pl\\\/produkty\\\/meble-medyczne\\\/\"},{\"@type\":\"ListItem\",\"position\":4,\"name\":\"Fotele zabiegowe\",\"item\":\"https:\\\/\\\/innow.pl\\\/produkty\\\/meble-medyczne\\\/fotele-zabiegowe\\\/\"},{\"@type\":\"ListItem\",\"position\":5,\"name\":\"Fotele zabiegowe uniwersalne\",\"item\":\"https:\\\/\\\/innow.pl\\\/produkty\\\/meble-medyczne\\\/fotele-zabiegowe\\\/fotele-zabiegowe-uniwersalne\\\/\"},{\"@type\":\"ListItem\",\"position\":6,\"name\":\"FZ01 EU [3CW] &#8211; Fotel zabiegowy 3-cz\u0119\u015bciowy z regulacj\u0105 wysoko\u015bci\"}]},{\"@type\":\"WebSite\",\"@id\":\"https:\\\/\\\/innow.pl\\\/#website\",\"url\":\"https:\\\/\\\/innow.pl\\\/\",\"name\":\"INNOW\",\"description\":\"\",\"potentialAction\":[{\"@type\":\"SearchAction\",\"target\":{\"@type\":\"EntryPoint\",\"urlTemplate\":\"https:\\\/\\\/innow.pl\\\/?s={search_term_string}\"},\"query-input\":{\"@type\":\"PropertyValueSpecification\",\"valueRequired\":true,\"valueName\":\"search_term_string\"}}],\"inLanguage\":\"fr-FR\"}]}<\/script>\n<!-- \/ Yoast SEO plugin. -->","yoast_head_json":{"title":"FZ01 EU [3CW] - Fotel zabiegowy 3-cz\u0119\u015bciowy z regulacj\u0105 wysoko\u015bci - INNOW","description":"Komfortowy fotel zabiegowy z regulacj\u0105 wysoko\u015bci (53 - 83 cm). Umo\u017cliwia sprawne wykonywanie zabieg\u00f3w i bada\u0144 medycznych. Kliknij i zobacz!","robots":{"index":"index","follow":"follow","max-snippet":"max-snippet:-1","max-image-preview":"max-image-preview:large","max-video-preview":"max-video-preview:-1"},"canonical":"https:\/\/innow.pl\/produkt\/fz01-eu-3cw-fotel-zabiegowy-3-czesciowy-z-regulacja-wysokosci\/","og_locale":"fr_FR","og_type":"article","og_title":"FZ01 EU [3CW] - Fotel zabiegowy 3-cz\u0119\u015bciowy z regulacj\u0105 wysoko\u015bci - INNOW","og_description":"Komfortowy fotel zabiegowy z regulacj\u0105 wysoko\u015bci (53 - 83 cm). Umo\u017cliwia sprawne wykonywanie zabieg\u00f3w i bada\u0144 medycznych. Kliknij i zobacz!","og_url":"https:\/\/innow.pl\/produkt\/fz01-eu-3cw-fotel-zabiegowy-3-czesciowy-z-regulacja-wysokosci\/","og_site_name":"INNOW","article_modified_time":"2026-04-16T11:58:18+00:00","og_image":[{"width":880,"height":880,"url":"https:\/\/innow.pl\/wp-content\/uploads\/2024\/11\/FZ01_EU_3CW_.jpg","type":"image\/jpeg"}],"twitter_card":"summary_large_image","twitter_misc":{"Dur\u00e9e de lecture estim\u00e9e":"2 minutes"},"schema":{"@context":"https:\/\/schema.org","@graph":[{"@type":"WebPage","@id":"https:\/\/innow.pl\/produkt\/fz01-eu-3cw-fotel-zabiegowy-3-czesciowy-z-regulacja-wysokosci\/","url":"https:\/\/innow.pl\/produkt\/fz01-eu-3cw-fotel-zabiegowy-3-czesciowy-z-regulacja-wysokosci\/","name":"FZ01 EU [3CW] - Fotel zabiegowy 3-cz\u0119\u015bciowy z regulacj\u0105 wysoko\u015bci - INNOW","isPartOf":{"@id":"https:\/\/innow.pl\/#website"},"primaryImageOfPage":{"@id":"https:\/\/innow.pl\/produkt\/fz01-eu-3cw-fotel-zabiegowy-3-czesciowy-z-regulacja-wysokosci\/#primaryimage"},"image":{"@id":"https:\/\/innow.pl\/produkt\/fz01-eu-3cw-fotel-zabiegowy-3-czesciowy-z-regulacja-wysokosci\/#primaryimage"},"thumbnailUrl":"https:\/\/innow.pl\/wp-content\/uploads\/2024\/11\/FZ01_EU_3CW_.jpg","datePublished":"2019-05-17T07:00:28+00:00","dateModified":"2026-04-16T11:58:18+00:00","description":"Komfortowy fotel zabiegowy z regulacj\u0105 wysoko\u015bci (53 - 83 cm). Umo\u017cliwia sprawne wykonywanie zabieg\u00f3w i bada\u0144 medycznych. Kliknij i zobacz!","breadcrumb":{"@id":"https:\/\/innow.pl\/produkt\/fz01-eu-3cw-fotel-zabiegowy-3-czesciowy-z-regulacja-wysokosci\/#breadcrumb"},"inLanguage":"fr-FR","potentialAction":[{"@type":"ReadAction","target":["https:\/\/innow.pl\/produkt\/fz01-eu-3cw-fotel-zabiegowy-3-czesciowy-z-regulacja-wysokosci\/"]}]},{"@type":"ImageObject","inLanguage":"fr-FR","@id":"https:\/\/innow.pl\/produkt\/fz01-eu-3cw-fotel-zabiegowy-3-czesciowy-z-regulacja-wysokosci\/#primaryimage","url":"https:\/\/innow.pl\/wp-content\/uploads\/2024\/11\/FZ01_EU_3CW_.jpg","contentUrl":"https:\/\/innow.pl\/wp-content\/uploads\/2024\/11\/FZ01_EU_3CW_.jpg","width":880,"height":880,"caption":"Fotel zabiegowy 3-cz\u0119\u015bciowy z regulacj\u0105 wysoko\u015bci - FZ01 EU [3CW] - INNOW"},{"@type":"BreadcrumbList","@id":"https:\/\/innow.pl\/produkt\/fz01-eu-3cw-fotel-zabiegowy-3-czesciowy-z-regulacja-wysokosci\/#breadcrumb","itemListElement":[{"@type":"ListItem","position":1,"name":"INNOW","item":"https:\/\/innow.pl\/fr\/"},{"@type":"ListItem","position":2,"name":"Produkty","item":"https:\/\/innow.pl\/produkty\/"},{"@type":"ListItem","position":3,"name":"Meble medyczne","item":"https:\/\/innow.pl\/produkty\/meble-medyczne\/"},{"@type":"ListItem","position":4,"name":"Fotele zabiegowe","item":"https:\/\/innow.pl\/produkty\/meble-medyczne\/fotele-zabiegowe\/"},{"@type":"ListItem","position":5,"name":"Fotele zabiegowe uniwersalne","item":"https:\/\/innow.pl\/produkty\/meble-medyczne\/fotele-zabiegowe\/fotele-zabiegowe-uniwersalne\/"},{"@type":"ListItem","position":6,"name":"FZ01 EU [3CW] &#8211; Fotel zabiegowy 3-cz\u0119\u015bciowy z regulacj\u0105 wysoko\u015bci"}]},{"@type":"WebSite","@id":"https:\/\/innow.pl\/#website","url":"https:\/\/innow.pl\/","name":"INNOW","description":"","potentialAction":[{"@type":"SearchAction","target":{"@type":"EntryPoint","urlTemplate":"https:\/\/innow.pl\/?s={search_term_string}"},"query-input":{"@type":"PropertyValueSpecification","valueRequired":true,"valueName":"search_term_string"}}],"inLanguage":"fr-FR"}]}},"_links":{"self":[{"href":"https:\/\/innow.pl\/fr\/wp-json\/wp\/v2\/product\/28786","targetHints":{"allow":["GET"]}}],"collection":[{"href":"https:\/\/innow.pl\/fr\/wp-json\/wp\/v2\/product"}],"about":[{"href":"https:\/\/innow.pl\/fr\/wp-json\/wp\/v2\/types\/product"}],"replies":[{"embeddable":true,"href":"https:\/\/innow.pl\/fr\/wp-json\/wp\/v2\/comments?post=28786"}],"wp:featuredmedia":[{"embeddable":true,"href":"https:\/\/innow.pl\/fr\/wp-json\/wp\/v2\/media\/28789"}],"wp:attachment":[{"href":"https:\/\/innow.pl\/fr\/wp-json\/wp\/v2\/media?parent=28786"}],"wp:term":[{"taxonomy":"product_brand","embeddable":true,"href":"https:\/\/innow.pl\/fr\/wp-json\/wp\/v2\/product_brand?post=28786"},{"taxonomy":"product_cat","embeddable":true,"href":"https:\/\/innow.pl\/fr\/wp-json\/wp\/v2\/product_cat?post=28786"},{"taxonomy":"product_tag","embeddable":true,"href":"https:\/\/innow.pl\/fr\/wp-json\/wp\/v2\/product_tag?post=28786"}],"curies":[{"name":"wp","href":"https:\/\/api.w.org\/{rel}","templated":true}]}}