{"id":28622,"date":"2019-03-18T11:39:18","date_gmt":"2019-03-18T10:39:18","guid":{"rendered":"https:\/\/innow.pl\/produkt\/regulacja-hydrauliczna-siedziska-odchylanie-siedziska-dla-fz02\/"},"modified":"2025-04-25T11:41:43","modified_gmt":"2025-04-25T09:41:43","slug":"regulacja-hydrauliczna-siedziska-odchylanie-siedziska-dla-fz02","status":"publish","type":"product","link":"https:\/\/innow.pl\/fr\/produkt\/regulacja-hydrauliczna-siedziska-odchylanie-siedziska-dla-fz02\/","title":{"rendered":"Regulacja hydrauliczna siedziska (odchylanie siedziska) [dla FZ02]"},"content":{"rendered":"<p align=\"left\">Regulacja hydrauliczna\u00a0umo\u017cliwia zmian\u0119\u00a0pozycji siedziska &#8211; dzi\u0119ki mo\u017cliwo\u015bci odchylenia do ty\u0142u pozwala na uzyskanie tzw. pozycji \u00ab\u00a0kolebkowej\u00a0\u00bb.<\/p>\n<p lang=\"pl-PL\" align=\"left\">Dzi\u0119ki zastosowanemu peda\u0142owi, mo\u017cna \u0142atwo i szybko zmieni\u0107 po\u0142o\u017cenie siedzenia.<\/p>\n<p lang=\"pl-PL\" align=\"left\">Poprzez kr\u00f3tkie pulsacyjne naciskanie nog\u0105 na peda\u0142 siedzisko fotela\u00a0jest odchylane w prz\u00f3d do pozycji tzw. \u00ab\u00a0katapultowej\u00a0\u00bb, natomiast d\u0142ugie jednostajne naci\u015bni\u0119cie powoduje odchylenie siedziska do\u00a0ty\u0142u.<\/p>\n<p align=\"justify\"><span style=\"color: #000000\"><sup><span style=\"font-size: small\"><span lang=\"pl-PL\">\u00a0<\/span><\/span><\/sup><\/span><\/p>\n","protected":false},"excerpt":{"rendered":"<p>Regulacja hydrauliczna\u00a0umo\u017cliwia zmian\u0119\u00a0pozycji siedziska &#8211; dzi\u0119ki mo\u017cliwo\u015bci odchylenia do ty\u0142u pozwala na uzyskanie tzw. pozycji \u00ab\u00a0kolebkowej\u00a0\u00bb. Dzi\u0119ki zastosowanemu peda\u0142owi, mo\u017cna \u0142atwo i szybko zmieni\u0107 po\u0142o\u017cenie siedzenia. Poprzez kr\u00f3tkie pulsacyjne naciskanie nog\u0105 na peda\u0142 siedzisko fotela\u00a0jest odchylane w prz\u00f3d do pozycji tzw. \u00ab\u00a0katapultowej\u00a0\u00bb, natomiast d\u0142ugie jednostajne naci\u015bni\u0119cie powoduje odchylenie siedziska do\u00a0ty\u0142u. \u00a0<\/p>\n","protected":false},"featured_media":28624,"comment_status":"open","ping_status":"closed","template":"","meta":{"_acf_changed":false},"product_brand":[],"product_cat":[2017],"product_tag":[],"class_list":{"0":"post-28622","1":"product","2":"type-product","3":"status-publish","4":"has-post-thumbnail","6":"product_cat-wyposazenie-opcjonalne","8":"first","9":"instock","10":"taxable","11":"shipping-taxable","12":"purchasable","13":"product-type-simple"},"acf":[],"yoast_head":"<!-- This site is optimized with the Yoast SEO plugin v27.4 - https:\/\/yoast.com\/product\/yoast-seo-wordpress\/ -->\n<title>Regulacja hydrauliczna siedziska (odchylanie siedziska) [dla FZ02] - INNOW<\/title>\n<meta name=\"robots\" content=\"index, follow, max-snippet:-1, max-image-preview:large, max-video-preview:-1\" \/>\n<link rel=\"canonical\" href=\"https:\/\/innow.pl\/produkt\/regulacja-hydrauliczna-siedziska-odchylanie-siedziska-dla-fz02\/\" \/>\n<meta property=\"og:locale\" content=\"fr_FR\" \/>\n<meta property=\"og:type\" content=\"article\" \/>\n<meta property=\"og:title\" content=\"Regulacja hydrauliczna siedziska (odchylanie siedziska) [dla FZ02] - INNOW\" \/>\n<meta property=\"og:description\" content=\"Regulacja hydrauliczna\u00a0umo\u017cliwia zmian\u0119\u00a0pozycji siedziska &#8211; dzi\u0119ki mo\u017cliwo\u015bci odchylenia do ty\u0142u pozwala na uzyskanie tzw. pozycji \u00ab\u00a0kolebkowej\u00a0\u00bb. Dzi\u0119ki zastosowanemu peda\u0142owi, mo\u017cna \u0142atwo i szybko zmieni\u0107 po\u0142o\u017cenie siedzenia. Poprzez kr\u00f3tkie pulsacyjne naciskanie nog\u0105 na peda\u0142 siedzisko fotela\u00a0jest odchylane w prz\u00f3d do pozycji tzw. \u00ab\u00a0katapultowej\u00a0\u00bb, natomiast d\u0142ugie jednostajne naci\u015bni\u0119cie powoduje odchylenie siedziska do\u00a0ty\u0142u. \u00a0\" \/>\n<meta property=\"og:url\" content=\"https:\/\/innow.pl\/produkt\/regulacja-hydrauliczna-siedziska-odchylanie-siedziska-dla-fz02\/\" \/>\n<meta property=\"og:site_name\" content=\"INNOW\" \/>\n<meta property=\"article:modified_time\" content=\"2025-04-25T09:41:43+00:00\" \/>\n<meta property=\"og:image\" content=\"https:\/\/innow.pl\/wp-content\/uploads\/2024\/11\/regulacja_hydrauliczna_odchylanie_1-2.jpg\" \/>\n\t<meta property=\"og:image:width\" content=\"480\" \/>\n\t<meta property=\"og:image:height\" content=\"480\" \/>\n\t<meta property=\"og:image:type\" content=\"image\/jpeg\" \/>\n<meta name=\"twitter:card\" content=\"summary_large_image\" \/>\n<meta name=\"twitter:label1\" content=\"Dur\u00e9e de lecture estim\u00e9e\" \/>\n\t<meta name=\"twitter:data1\" content=\"1 minute\" \/>\n<script type=\"application\/ld+json\" class=\"yoast-schema-graph\">{\"@context\":\"https:\\\/\\\/schema.org\",\"@graph\":[{\"@type\":\"WebPage\",\"@id\":\"https:\\\/\\\/innow.pl\\\/produkt\\\/regulacja-hydrauliczna-siedziska-odchylanie-siedziska-dla-fz02\\\/\",\"url\":\"https:\\\/\\\/innow.pl\\\/produkt\\\/regulacja-hydrauliczna-siedziska-odchylanie-siedziska-dla-fz02\\\/\",\"name\":\"Regulacja hydrauliczna siedziska (odchylanie siedziska) [dla FZ02] - INNOW\",\"isPartOf\":{\"@id\":\"https:\\\/\\\/innow.pl\\\/#website\"},\"primaryImageOfPage\":{\"@id\":\"https:\\\/\\\/innow.pl\\\/produkt\\\/regulacja-hydrauliczna-siedziska-odchylanie-siedziska-dla-fz02\\\/#primaryimage\"},\"image\":{\"@id\":\"https:\\\/\\\/innow.pl\\\/produkt\\\/regulacja-hydrauliczna-siedziska-odchylanie-siedziska-dla-fz02\\\/#primaryimage\"},\"thumbnailUrl\":\"https:\\\/\\\/innow.pl\\\/wp-content\\\/uploads\\\/2024\\\/11\\\/regulacja_hydrauliczna_odchylanie_1-2.jpg\",\"datePublished\":\"2019-03-18T10:39:18+00:00\",\"dateModified\":\"2025-04-25T09:41:43+00:00\",\"breadcrumb\":{\"@id\":\"https:\\\/\\\/innow.pl\\\/produkt\\\/regulacja-hydrauliczna-siedziska-odchylanie-siedziska-dla-fz02\\\/#breadcrumb\"},\"inLanguage\":\"fr-FR\",\"potentialAction\":[{\"@type\":\"ReadAction\",\"target\":[\"https:\\\/\\\/innow.pl\\\/produkt\\\/regulacja-hydrauliczna-siedziska-odchylanie-siedziska-dla-fz02\\\/\"]}]},{\"@type\":\"ImageObject\",\"inLanguage\":\"fr-FR\",\"@id\":\"https:\\\/\\\/innow.pl\\\/produkt\\\/regulacja-hydrauliczna-siedziska-odchylanie-siedziska-dla-fz02\\\/#primaryimage\",\"url\":\"https:\\\/\\\/innow.pl\\\/wp-content\\\/uploads\\\/2024\\\/11\\\/regulacja_hydrauliczna_odchylanie_1-2.jpg\",\"contentUrl\":\"https:\\\/\\\/innow.pl\\\/wp-content\\\/uploads\\\/2024\\\/11\\\/regulacja_hydrauliczna_odchylanie_1-2.jpg\",\"width\":480,\"height\":480,\"caption\":\"Regulacja hydrauliczna siedziska (odchylanie siedziska) - INNOW\"},{\"@type\":\"BreadcrumbList\",\"@id\":\"https:\\\/\\\/innow.pl\\\/produkt\\\/regulacja-hydrauliczna-siedziska-odchylanie-siedziska-dla-fz02\\\/#breadcrumb\",\"itemListElement\":[{\"@type\":\"ListItem\",\"position\":1,\"name\":\"INNOW\",\"item\":\"https:\\\/\\\/innow.pl\\\/fr\\\/\"},{\"@type\":\"ListItem\",\"position\":2,\"name\":\"Produkty\",\"item\":\"https:\\\/\\\/innow.pl\\\/produkty\\\/\"},{\"@type\":\"ListItem\",\"position\":3,\"name\":\"Wyposa\u017cenie opcjonalne\",\"item\":\"https:\\\/\\\/innow.pl\\\/produkty\\\/wyposazenie-opcjonalne\\\/\"},{\"@type\":\"ListItem\",\"position\":4,\"name\":\"Regulacja hydrauliczna siedziska (odchylanie siedziska) [dla FZ02]\"}]},{\"@type\":\"WebSite\",\"@id\":\"https:\\\/\\\/innow.pl\\\/#website\",\"url\":\"https:\\\/\\\/innow.pl\\\/\",\"name\":\"INNOW\",\"description\":\"\",\"potentialAction\":[{\"@type\":\"SearchAction\",\"target\":{\"@type\":\"EntryPoint\",\"urlTemplate\":\"https:\\\/\\\/innow.pl\\\/?s={search_term_string}\"},\"query-input\":{\"@type\":\"PropertyValueSpecification\",\"valueRequired\":true,\"valueName\":\"search_term_string\"}}],\"inLanguage\":\"fr-FR\"}]}<\/script>\n<!-- \/ Yoast SEO plugin. -->","yoast_head_json":{"title":"Regulacja hydrauliczna siedziska (odchylanie siedziska) [dla FZ02] - INNOW","robots":{"index":"index","follow":"follow","max-snippet":"max-snippet:-1","max-image-preview":"max-image-preview:large","max-video-preview":"max-video-preview:-1"},"canonical":"https:\/\/innow.pl\/produkt\/regulacja-hydrauliczna-siedziska-odchylanie-siedziska-dla-fz02\/","og_locale":"fr_FR","og_type":"article","og_title":"Regulacja hydrauliczna siedziska (odchylanie siedziska) [dla FZ02] - INNOW","og_description":"Regulacja hydrauliczna\u00a0umo\u017cliwia zmian\u0119\u00a0pozycji siedziska &#8211; dzi\u0119ki mo\u017cliwo\u015bci odchylenia do ty\u0142u pozwala na uzyskanie tzw. pozycji \u00ab\u00a0kolebkowej\u00a0\u00bb. Dzi\u0119ki zastosowanemu peda\u0142owi, mo\u017cna \u0142atwo i szybko zmieni\u0107 po\u0142o\u017cenie siedzenia. Poprzez kr\u00f3tkie pulsacyjne naciskanie nog\u0105 na peda\u0142 siedzisko fotela\u00a0jest odchylane w prz\u00f3d do pozycji tzw. \u00ab\u00a0katapultowej\u00a0\u00bb, natomiast d\u0142ugie jednostajne naci\u015bni\u0119cie powoduje odchylenie siedziska do\u00a0ty\u0142u. \u00a0","og_url":"https:\/\/innow.pl\/produkt\/regulacja-hydrauliczna-siedziska-odchylanie-siedziska-dla-fz02\/","og_site_name":"INNOW","article_modified_time":"2025-04-25T09:41:43+00:00","og_image":[{"width":480,"height":480,"url":"https:\/\/innow.pl\/wp-content\/uploads\/2024\/11\/regulacja_hydrauliczna_odchylanie_1-2.jpg","type":"image\/jpeg"}],"twitter_card":"summary_large_image","twitter_misc":{"Dur\u00e9e de lecture estim\u00e9e":"1 minute"},"schema":{"@context":"https:\/\/schema.org","@graph":[{"@type":"WebPage","@id":"https:\/\/innow.pl\/produkt\/regulacja-hydrauliczna-siedziska-odchylanie-siedziska-dla-fz02\/","url":"https:\/\/innow.pl\/produkt\/regulacja-hydrauliczna-siedziska-odchylanie-siedziska-dla-fz02\/","name":"Regulacja hydrauliczna siedziska (odchylanie siedziska) [dla FZ02] - INNOW","isPartOf":{"@id":"https:\/\/innow.pl\/#website"},"primaryImageOfPage":{"@id":"https:\/\/innow.pl\/produkt\/regulacja-hydrauliczna-siedziska-odchylanie-siedziska-dla-fz02\/#primaryimage"},"image":{"@id":"https:\/\/innow.pl\/produkt\/regulacja-hydrauliczna-siedziska-odchylanie-siedziska-dla-fz02\/#primaryimage"},"thumbnailUrl":"https:\/\/innow.pl\/wp-content\/uploads\/2024\/11\/regulacja_hydrauliczna_odchylanie_1-2.jpg","datePublished":"2019-03-18T10:39:18+00:00","dateModified":"2025-04-25T09:41:43+00:00","breadcrumb":{"@id":"https:\/\/innow.pl\/produkt\/regulacja-hydrauliczna-siedziska-odchylanie-siedziska-dla-fz02\/#breadcrumb"},"inLanguage":"fr-FR","potentialAction":[{"@type":"ReadAction","target":["https:\/\/innow.pl\/produkt\/regulacja-hydrauliczna-siedziska-odchylanie-siedziska-dla-fz02\/"]}]},{"@type":"ImageObject","inLanguage":"fr-FR","@id":"https:\/\/innow.pl\/produkt\/regulacja-hydrauliczna-siedziska-odchylanie-siedziska-dla-fz02\/#primaryimage","url":"https:\/\/innow.pl\/wp-content\/uploads\/2024\/11\/regulacja_hydrauliczna_odchylanie_1-2.jpg","contentUrl":"https:\/\/innow.pl\/wp-content\/uploads\/2024\/11\/regulacja_hydrauliczna_odchylanie_1-2.jpg","width":480,"height":480,"caption":"Regulacja hydrauliczna siedziska (odchylanie siedziska) - INNOW"},{"@type":"BreadcrumbList","@id":"https:\/\/innow.pl\/produkt\/regulacja-hydrauliczna-siedziska-odchylanie-siedziska-dla-fz02\/#breadcrumb","itemListElement":[{"@type":"ListItem","position":1,"name":"INNOW","item":"https:\/\/innow.pl\/fr\/"},{"@type":"ListItem","position":2,"name":"Produkty","item":"https:\/\/innow.pl\/produkty\/"},{"@type":"ListItem","position":3,"name":"Wyposa\u017cenie opcjonalne","item":"https:\/\/innow.pl\/produkty\/wyposazenie-opcjonalne\/"},{"@type":"ListItem","position":4,"name":"Regulacja hydrauliczna siedziska (odchylanie siedziska) [dla FZ02]"}]},{"@type":"WebSite","@id":"https:\/\/innow.pl\/#website","url":"https:\/\/innow.pl\/","name":"INNOW","description":"","potentialAction":[{"@type":"SearchAction","target":{"@type":"EntryPoint","urlTemplate":"https:\/\/innow.pl\/?s={search_term_string}"},"query-input":{"@type":"PropertyValueSpecification","valueRequired":true,"valueName":"search_term_string"}}],"inLanguage":"fr-FR"}]}},"_links":{"self":[{"href":"https:\/\/innow.pl\/fr\/wp-json\/wp\/v2\/product\/28622","targetHints":{"allow":["GET"]}}],"collection":[{"href":"https:\/\/innow.pl\/fr\/wp-json\/wp\/v2\/product"}],"about":[{"href":"https:\/\/innow.pl\/fr\/wp-json\/wp\/v2\/types\/product"}],"replies":[{"embeddable":true,"href":"https:\/\/innow.pl\/fr\/wp-json\/wp\/v2\/comments?post=28622"}],"wp:featuredmedia":[{"embeddable":true,"href":"https:\/\/innow.pl\/fr\/wp-json\/wp\/v2\/media\/28624"}],"wp:attachment":[{"href":"https:\/\/innow.pl\/fr\/wp-json\/wp\/v2\/media?parent=28622"}],"wp:term":[{"taxonomy":"product_brand","embeddable":true,"href":"https:\/\/innow.pl\/fr\/wp-json\/wp\/v2\/product_brand?post=28622"},{"taxonomy":"product_cat","embeddable":true,"href":"https:\/\/innow.pl\/fr\/wp-json\/wp\/v2\/product_cat?post=28622"},{"taxonomy":"product_tag","embeddable":true,"href":"https:\/\/innow.pl\/fr\/wp-json\/wp\/v2\/product_tag?post=28622"}],"curies":[{"name":"wp","href":"https:\/\/api.w.org\/{rel}","templated":true}]}}