{"id":28502,"date":"2019-03-07T10:26:35","date_gmt":"2019-03-07T09:26:35","guid":{"rendered":"https:\/\/innow.pl\/produkt\/c228v-orws-krzeslo-prysznicowe-z-regulacja-wysokosci\/"},"modified":"2025-02-13T14:38:20","modified_gmt":"2025-02-13T13:38:20","slug":"c228v-orws-krzeslo-prysznicowe-z-regulacja-wysokosci","status":"publish","type":"product","link":"https:\/\/innow.pl\/fr\/produkt\/c228v-orws-krzeslo-prysznicowe-z-regulacja-wysokosci\/","title":{"rendered":"C228V [ORWS] \u2013 Krzes\u0142o prysznicowe z regulacj\u0105 wysoko\u015bci"},"content":{"rendered":"<p style=\"text-align: left\">Krzes\u0142o prysznicowe z wyci\u0119ciem u\u0142atwiaj\u0105cym higien\u0119 miejsc intymnych oraz siedziskiem z warstw\u0105 antypo\u015blizgow\u0105.<\/p>\n<p style=\"text-align: left\">Szczeg\u00f3\u0142owy opis wyrobu tego typu znajduje si\u0119 pod linkiem: <strong><a style=\"color: #00c6e5\" href=\"https:\/\/innow.pl\/produkt\/c228v-krzeslo-prysznicowe-z-regulacja-wysokosci\/\">C228V<\/a><\/strong><\/p>\n","protected":false},"excerpt":{"rendered":"<p>Krzes\u0142o prysznicowe z wyci\u0119ciem u\u0142atwiaj\u0105cym higien\u0119 miejsc intymnych oraz siedziskiem z warstw\u0105 antypo\u015blizgow\u0105. Szczeg\u00f3\u0142owy opis wyrobu tego typu znajduje si\u0119 pod linkiem: C228V<\/p>\n","protected":false},"featured_media":28504,"comment_status":"open","ping_status":"closed","template":"","meta":{"_acf_changed":false},"product_brand":[],"product_cat":[393,1294],"product_tag":[],"class_list":{"0":"post-28502","1":"product","2":"type-product","3":"status-publish","4":"has-post-thumbnail","6":"product_cat-od-reki-w-salonie","7":"product_cat-wyposazenie-lazienek-i-wc","9":"first","10":"instock","11":"taxable","12":"shipping-taxable","13":"purchasable","14":"product-type-simple"},"acf":[],"yoast_head":"<!-- This site is optimized with the Yoast SEO plugin v27.4 - https:\/\/yoast.com\/product\/yoast-seo-wordpress\/ -->\n<title>C228V [ORWS] \u2013 Krzes\u0142o prysznicowe z regulacj\u0105 wysoko\u015bci - INNOW<\/title>\n<meta name=\"robots\" content=\"index, follow, max-snippet:-1, max-image-preview:large, max-video-preview:-1\" \/>\n<link rel=\"canonical\" href=\"https:\/\/innow.pl\/produkt\/c228v-orws-krzeslo-prysznicowe-z-regulacja-wysokosci\/\" \/>\n<meta property=\"og:locale\" content=\"fr_FR\" \/>\n<meta property=\"og:type\" content=\"article\" \/>\n<meta property=\"og:title\" content=\"C228V [ORWS] \u2013 Krzes\u0142o prysznicowe z regulacj\u0105 wysoko\u015bci - INNOW\" \/>\n<meta property=\"og:description\" content=\"Krzes\u0142o prysznicowe z wyci\u0119ciem u\u0142atwiaj\u0105cym higien\u0119 miejsc intymnych oraz siedziskiem z warstw\u0105 antypo\u015blizgow\u0105. Szczeg\u00f3\u0142owy opis wyrobu tego typu znajduje si\u0119 pod linkiem: C228V\" \/>\n<meta property=\"og:url\" content=\"https:\/\/innow.pl\/produkt\/c228v-orws-krzeslo-prysznicowe-z-regulacja-wysokosci\/\" \/>\n<meta property=\"og:site_name\" content=\"INNOW\" \/>\n<meta property=\"article:modified_time\" content=\"2025-02-13T13:38:20+00:00\" \/>\n<meta property=\"og:image\" content=\"https:\/\/innow.pl\/wp-content\/uploads\/2024\/11\/C228V_ORWS_1.jpg\" \/>\n\t<meta property=\"og:image:width\" content=\"480\" \/>\n\t<meta property=\"og:image:height\" content=\"480\" \/>\n\t<meta property=\"og:image:type\" content=\"image\/jpeg\" \/>\n<meta name=\"twitter:card\" content=\"summary_large_image\" \/>\n<meta name=\"twitter:label1\" content=\"Dur\u00e9e de lecture estim\u00e9e\" \/>\n\t<meta name=\"twitter:data1\" content=\"1 minute\" \/>\n<script type=\"application\/ld+json\" class=\"yoast-schema-graph\">{\"@context\":\"https:\\\/\\\/schema.org\",\"@graph\":[{\"@type\":\"WebPage\",\"@id\":\"https:\\\/\\\/innow.pl\\\/produkt\\\/c228v-orws-krzeslo-prysznicowe-z-regulacja-wysokosci\\\/\",\"url\":\"https:\\\/\\\/innow.pl\\\/produkt\\\/c228v-orws-krzeslo-prysznicowe-z-regulacja-wysokosci\\\/\",\"name\":\"C228V [ORWS] \u2013 Krzes\u0142o prysznicowe z regulacj\u0105 wysoko\u015bci - INNOW\",\"isPartOf\":{\"@id\":\"https:\\\/\\\/innow.pl\\\/#website\"},\"primaryImageOfPage\":{\"@id\":\"https:\\\/\\\/innow.pl\\\/produkt\\\/c228v-orws-krzeslo-prysznicowe-z-regulacja-wysokosci\\\/#primaryimage\"},\"image\":{\"@id\":\"https:\\\/\\\/innow.pl\\\/produkt\\\/c228v-orws-krzeslo-prysznicowe-z-regulacja-wysokosci\\\/#primaryimage\"},\"thumbnailUrl\":\"https:\\\/\\\/innow.pl\\\/wp-content\\\/uploads\\\/2024\\\/11\\\/C228V_ORWS_1.jpg\",\"datePublished\":\"2019-03-07T09:26:35+00:00\",\"dateModified\":\"2025-02-13T13:38:20+00:00\",\"breadcrumb\":{\"@id\":\"https:\\\/\\\/innow.pl\\\/produkt\\\/c228v-orws-krzeslo-prysznicowe-z-regulacja-wysokosci\\\/#breadcrumb\"},\"inLanguage\":\"fr-FR\",\"potentialAction\":[{\"@type\":\"ReadAction\",\"target\":[\"https:\\\/\\\/innow.pl\\\/produkt\\\/c228v-orws-krzeslo-prysznicowe-z-regulacja-wysokosci\\\/\"]}]},{\"@type\":\"ImageObject\",\"inLanguage\":\"fr-FR\",\"@id\":\"https:\\\/\\\/innow.pl\\\/produkt\\\/c228v-orws-krzeslo-prysznicowe-z-regulacja-wysokosci\\\/#primaryimage\",\"url\":\"https:\\\/\\\/innow.pl\\\/wp-content\\\/uploads\\\/2024\\\/11\\\/C228V_ORWS_1.jpg\",\"contentUrl\":\"https:\\\/\\\/innow.pl\\\/wp-content\\\/uploads\\\/2024\\\/11\\\/C228V_ORWS_1.jpg\",\"width\":480,\"height\":480,\"caption\":\"Krzes\u0142o prysznicowe z regulacj\u0105 wysoko\u015bci - C228V [ORWS] \u2013 INNOW\"},{\"@type\":\"BreadcrumbList\",\"@id\":\"https:\\\/\\\/innow.pl\\\/produkt\\\/c228v-orws-krzeslo-prysznicowe-z-regulacja-wysokosci\\\/#breadcrumb\",\"itemListElement\":[{\"@type\":\"ListItem\",\"position\":1,\"name\":\"INNOW\",\"item\":\"https:\\\/\\\/innow.pl\\\/fr\\\/\"},{\"@type\":\"ListItem\",\"position\":2,\"name\":\"Produkty\",\"item\":\"https:\\\/\\\/innow.pl\\\/produkty\\\/\"},{\"@type\":\"ListItem\",\"position\":3,\"name\":\"Available immediately in showroom\",\"item\":\"https:\\\/\\\/innow.pl\\\/en\\\/produkty\\\/available-immediately-in-showroom\\\/\"},{\"@type\":\"ListItem\",\"position\":4,\"name\":\"Bathroom and toilet equipment\",\"item\":\"https:\\\/\\\/innow.pl\\\/en\\\/produkty\\\/available-immediately-in-showroom\\\/bathroom-and-toilet-equipment\\\/\"},{\"@type\":\"ListItem\",\"position\":5,\"name\":\"C228V [ORWS] \u2013 Krzes\u0142o prysznicowe z regulacj\u0105 wysoko\u015bci\"}]},{\"@type\":\"WebSite\",\"@id\":\"https:\\\/\\\/innow.pl\\\/#website\",\"url\":\"https:\\\/\\\/innow.pl\\\/\",\"name\":\"INNOW\",\"description\":\"\",\"potentialAction\":[{\"@type\":\"SearchAction\",\"target\":{\"@type\":\"EntryPoint\",\"urlTemplate\":\"https:\\\/\\\/innow.pl\\\/?s={search_term_string}\"},\"query-input\":{\"@type\":\"PropertyValueSpecification\",\"valueRequired\":true,\"valueName\":\"search_term_string\"}}],\"inLanguage\":\"fr-FR\"}]}<\/script>\n<!-- \/ Yoast SEO plugin. -->","yoast_head_json":{"title":"C228V [ORWS] \u2013 Krzes\u0142o prysznicowe z regulacj\u0105 wysoko\u015bci - INNOW","robots":{"index":"index","follow":"follow","max-snippet":"max-snippet:-1","max-image-preview":"max-image-preview:large","max-video-preview":"max-video-preview:-1"},"canonical":"https:\/\/innow.pl\/produkt\/c228v-orws-krzeslo-prysznicowe-z-regulacja-wysokosci\/","og_locale":"fr_FR","og_type":"article","og_title":"C228V [ORWS] \u2013 Krzes\u0142o prysznicowe z regulacj\u0105 wysoko\u015bci - INNOW","og_description":"Krzes\u0142o prysznicowe z wyci\u0119ciem u\u0142atwiaj\u0105cym higien\u0119 miejsc intymnych oraz siedziskiem z warstw\u0105 antypo\u015blizgow\u0105. Szczeg\u00f3\u0142owy opis wyrobu tego typu znajduje si\u0119 pod linkiem: C228V","og_url":"https:\/\/innow.pl\/produkt\/c228v-orws-krzeslo-prysznicowe-z-regulacja-wysokosci\/","og_site_name":"INNOW","article_modified_time":"2025-02-13T13:38:20+00:00","og_image":[{"width":480,"height":480,"url":"https:\/\/innow.pl\/wp-content\/uploads\/2024\/11\/C228V_ORWS_1.jpg","type":"image\/jpeg"}],"twitter_card":"summary_large_image","twitter_misc":{"Dur\u00e9e de lecture estim\u00e9e":"1 minute"},"schema":{"@context":"https:\/\/schema.org","@graph":[{"@type":"WebPage","@id":"https:\/\/innow.pl\/produkt\/c228v-orws-krzeslo-prysznicowe-z-regulacja-wysokosci\/","url":"https:\/\/innow.pl\/produkt\/c228v-orws-krzeslo-prysznicowe-z-regulacja-wysokosci\/","name":"C228V [ORWS] \u2013 Krzes\u0142o prysznicowe z regulacj\u0105 wysoko\u015bci - INNOW","isPartOf":{"@id":"https:\/\/innow.pl\/#website"},"primaryImageOfPage":{"@id":"https:\/\/innow.pl\/produkt\/c228v-orws-krzeslo-prysznicowe-z-regulacja-wysokosci\/#primaryimage"},"image":{"@id":"https:\/\/innow.pl\/produkt\/c228v-orws-krzeslo-prysznicowe-z-regulacja-wysokosci\/#primaryimage"},"thumbnailUrl":"https:\/\/innow.pl\/wp-content\/uploads\/2024\/11\/C228V_ORWS_1.jpg","datePublished":"2019-03-07T09:26:35+00:00","dateModified":"2025-02-13T13:38:20+00:00","breadcrumb":{"@id":"https:\/\/innow.pl\/produkt\/c228v-orws-krzeslo-prysznicowe-z-regulacja-wysokosci\/#breadcrumb"},"inLanguage":"fr-FR","potentialAction":[{"@type":"ReadAction","target":["https:\/\/innow.pl\/produkt\/c228v-orws-krzeslo-prysznicowe-z-regulacja-wysokosci\/"]}]},{"@type":"ImageObject","inLanguage":"fr-FR","@id":"https:\/\/innow.pl\/produkt\/c228v-orws-krzeslo-prysznicowe-z-regulacja-wysokosci\/#primaryimage","url":"https:\/\/innow.pl\/wp-content\/uploads\/2024\/11\/C228V_ORWS_1.jpg","contentUrl":"https:\/\/innow.pl\/wp-content\/uploads\/2024\/11\/C228V_ORWS_1.jpg","width":480,"height":480,"caption":"Krzes\u0142o prysznicowe z regulacj\u0105 wysoko\u015bci - C228V [ORWS] \u2013 INNOW"},{"@type":"BreadcrumbList","@id":"https:\/\/innow.pl\/produkt\/c228v-orws-krzeslo-prysznicowe-z-regulacja-wysokosci\/#breadcrumb","itemListElement":[{"@type":"ListItem","position":1,"name":"INNOW","item":"https:\/\/innow.pl\/fr\/"},{"@type":"ListItem","position":2,"name":"Produkty","item":"https:\/\/innow.pl\/produkty\/"},{"@type":"ListItem","position":3,"name":"Available immediately in showroom","item":"https:\/\/innow.pl\/en\/produkty\/available-immediately-in-showroom\/"},{"@type":"ListItem","position":4,"name":"Bathroom and toilet equipment","item":"https:\/\/innow.pl\/en\/produkty\/available-immediately-in-showroom\/bathroom-and-toilet-equipment\/"},{"@type":"ListItem","position":5,"name":"C228V [ORWS] \u2013 Krzes\u0142o prysznicowe z regulacj\u0105 wysoko\u015bci"}]},{"@type":"WebSite","@id":"https:\/\/innow.pl\/#website","url":"https:\/\/innow.pl\/","name":"INNOW","description":"","potentialAction":[{"@type":"SearchAction","target":{"@type":"EntryPoint","urlTemplate":"https:\/\/innow.pl\/?s={search_term_string}"},"query-input":{"@type":"PropertyValueSpecification","valueRequired":true,"valueName":"search_term_string"}}],"inLanguage":"fr-FR"}]}},"_links":{"self":[{"href":"https:\/\/innow.pl\/fr\/wp-json\/wp\/v2\/product\/28502","targetHints":{"allow":["GET"]}}],"collection":[{"href":"https:\/\/innow.pl\/fr\/wp-json\/wp\/v2\/product"}],"about":[{"href":"https:\/\/innow.pl\/fr\/wp-json\/wp\/v2\/types\/product"}],"replies":[{"embeddable":true,"href":"https:\/\/innow.pl\/fr\/wp-json\/wp\/v2\/comments?post=28502"}],"wp:featuredmedia":[{"embeddable":true,"href":"https:\/\/innow.pl\/fr\/wp-json\/wp\/v2\/media\/28504"}],"wp:attachment":[{"href":"https:\/\/innow.pl\/fr\/wp-json\/wp\/v2\/media?parent=28502"}],"wp:term":[{"taxonomy":"product_brand","embeddable":true,"href":"https:\/\/innow.pl\/fr\/wp-json\/wp\/v2\/product_brand?post=28502"},{"taxonomy":"product_cat","embeddable":true,"href":"https:\/\/innow.pl\/fr\/wp-json\/wp\/v2\/product_cat?post=28502"},{"taxonomy":"product_tag","embeddable":true,"href":"https:\/\/innow.pl\/fr\/wp-json\/wp\/v2\/product_tag?post=28502"}],"curies":[{"name":"wp","href":"https:\/\/api.w.org\/{rel}","templated":true}]}}