{"id":28475,"date":"2019-03-07T08:38:17","date_gmt":"2019-03-07T07:38:17","guid":{"rendered":"https:\/\/innow.pl\/produkt\/wst-03-wozek-oddzialowy\/"},"modified":"2025-02-13T14:44:12","modified_gmt":"2025-02-13T13:44:12","slug":"wst-03-wozek-oddzialowy","status":"publish","type":"product","link":"https:\/\/innow.pl\/fr\/produkt\/wst-03-wozek-oddzialowy\/","title":{"rendered":"WST-03 &#8211; W\u00f3zek oddzia\u0142owy"},"content":{"rendered":"<p>W\u00f3zek oddzia\u0142owy o metalowej konstrukcji lakierowanej proszkowo. Wyposa\u017cony jest w wyjmowane pojemniki z tworzywa, foliowy worek z pokrywk\u0105, kosz oraz 4 k\u00f3\u0142ka, w tym 2 z blokad\u0105.<\/p>\n","protected":false},"excerpt":{"rendered":"<p>W\u00f3zek oddzia\u0142owy o metalowej konstrukcji lakierowanej proszkowo. Wyposa\u017cony jest w wyjmowane pojemniki z tworzywa, foliowy worek z pokrywk\u0105, kosz oraz 4 k\u00f3\u0142ka, w tym 2 z blokad\u0105.<\/p>\n","protected":false},"featured_media":28477,"comment_status":"open","ping_status":"closed","template":"","meta":{"_acf_changed":false},"product_brand":[],"product_cat":[396,412],"product_tag":[],"class_list":{"0":"post-28475","1":"product","2":"type-product","3":"status-publish","4":"has-post-thumbnail","6":"product_cat-stoliki-i-wozki-medyczne","7":"product_cat-stoliki-zabiegowe-i-oddzialowe","8":"pa_dlugosc-645-cm","9":"pa_szerokosc-425-cm","10":"pa_wysokosc-905-cm","12":"first","13":"instock","14":"taxable","15":"shipping-taxable","16":"purchasable","17":"product-type-simple"},"acf":[],"yoast_head":"<!-- This site is optimized with the Yoast SEO plugin v27.4 - https:\/\/yoast.com\/product\/yoast-seo-wordpress\/ -->\n<title>WST-03 - W\u00f3zek oddzia\u0142owy - INNOW<\/title>\n<meta name=\"description\" content=\"Praktyczny w\u00f3zek oddzia\u0142owy wyposa\u017cony w 4 k\u00f3\u0142ka, koszyk, wyjmowane pojemniki z tworzywa i foliowy worek z pokrywk\u0105. Kliknij i dowiedz si\u0119 wi\u0119cej!\" \/>\n<meta name=\"robots\" content=\"index, follow, max-snippet:-1, max-image-preview:large, max-video-preview:-1\" \/>\n<link rel=\"canonical\" href=\"https:\/\/innow.pl\/produkt\/wst-03-wozek-oddzialowy\/\" \/>\n<meta property=\"og:locale\" content=\"fr_FR\" \/>\n<meta property=\"og:type\" content=\"article\" \/>\n<meta property=\"og:title\" content=\"WST-03 - W\u00f3zek oddzia\u0142owy - INNOW\" \/>\n<meta property=\"og:description\" content=\"Praktyczny w\u00f3zek oddzia\u0142owy wyposa\u017cony w 4 k\u00f3\u0142ka, koszyk, wyjmowane pojemniki z tworzywa i foliowy worek z pokrywk\u0105. Kliknij i dowiedz si\u0119 wi\u0119cej!\" \/>\n<meta property=\"og:url\" content=\"https:\/\/innow.pl\/produkt\/wst-03-wozek-oddzialowy\/\" \/>\n<meta property=\"og:site_name\" content=\"INNOW\" \/>\n<meta property=\"article:modified_time\" content=\"2025-02-13T13:44:12+00:00\" \/>\n<meta property=\"og:image\" content=\"https:\/\/innow.pl\/wp-content\/uploads\/2024\/11\/WST-03_nowy.jpg\" \/>\n\t<meta property=\"og:image:width\" content=\"800\" \/>\n\t<meta property=\"og:image:height\" content=\"800\" \/>\n\t<meta property=\"og:image:type\" content=\"image\/jpeg\" \/>\n<meta name=\"twitter:card\" content=\"summary_large_image\" \/>\n<meta name=\"twitter:label1\" content=\"Dur\u00e9e de lecture estim\u00e9e\" \/>\n\t<meta name=\"twitter:data1\" content=\"1 minute\" \/>\n<script type=\"application\/ld+json\" class=\"yoast-schema-graph\">{\"@context\":\"https:\\\/\\\/schema.org\",\"@graph\":[{\"@type\":\"WebPage\",\"@id\":\"https:\\\/\\\/innow.pl\\\/produkt\\\/wst-03-wozek-oddzialowy\\\/\",\"url\":\"https:\\\/\\\/innow.pl\\\/produkt\\\/wst-03-wozek-oddzialowy\\\/\",\"name\":\"WST-03 - W\u00f3zek oddzia\u0142owy - INNOW\",\"isPartOf\":{\"@id\":\"https:\\\/\\\/innow.pl\\\/#website\"},\"primaryImageOfPage\":{\"@id\":\"https:\\\/\\\/innow.pl\\\/produkt\\\/wst-03-wozek-oddzialowy\\\/#primaryimage\"},\"image\":{\"@id\":\"https:\\\/\\\/innow.pl\\\/produkt\\\/wst-03-wozek-oddzialowy\\\/#primaryimage\"},\"thumbnailUrl\":\"https:\\\/\\\/innow.pl\\\/wp-content\\\/uploads\\\/2024\\\/11\\\/WST-03_nowy.jpg\",\"datePublished\":\"2019-03-07T07:38:17+00:00\",\"dateModified\":\"2025-02-13T13:44:12+00:00\",\"description\":\"Praktyczny w\u00f3zek oddzia\u0142owy wyposa\u017cony w 4 k\u00f3\u0142ka, koszyk, wyjmowane pojemniki z tworzywa i foliowy worek z pokrywk\u0105. Kliknij i dowiedz si\u0119 wi\u0119cej!\",\"breadcrumb\":{\"@id\":\"https:\\\/\\\/innow.pl\\\/produkt\\\/wst-03-wozek-oddzialowy\\\/#breadcrumb\"},\"inLanguage\":\"fr-FR\",\"potentialAction\":[{\"@type\":\"ReadAction\",\"target\":[\"https:\\\/\\\/innow.pl\\\/produkt\\\/wst-03-wozek-oddzialowy\\\/\"]}]},{\"@type\":\"ImageObject\",\"inLanguage\":\"fr-FR\",\"@id\":\"https:\\\/\\\/innow.pl\\\/produkt\\\/wst-03-wozek-oddzialowy\\\/#primaryimage\",\"url\":\"https:\\\/\\\/innow.pl\\\/wp-content\\\/uploads\\\/2024\\\/11\\\/WST-03_nowy.jpg\",\"contentUrl\":\"https:\\\/\\\/innow.pl\\\/wp-content\\\/uploads\\\/2024\\\/11\\\/WST-03_nowy.jpg\",\"width\":800,\"height\":800,\"caption\":\"WST-03 - W\u00f3zek oddzia\u0142owy\"},{\"@type\":\"BreadcrumbList\",\"@id\":\"https:\\\/\\\/innow.pl\\\/produkt\\\/wst-03-wozek-oddzialowy\\\/#breadcrumb\",\"itemListElement\":[{\"@type\":\"ListItem\",\"position\":1,\"name\":\"INNOW\",\"item\":\"https:\\\/\\\/innow.pl\\\/fr\\\/\"},{\"@type\":\"ListItem\",\"position\":2,\"name\":\"Produkty\",\"item\":\"https:\\\/\\\/innow.pl\\\/produkty\\\/\"},{\"@type\":\"ListItem\",\"position\":3,\"name\":\"Stoliki i w\u00f3zki medyczne\",\"item\":\"https:\\\/\\\/innow.pl\\\/produkty\\\/stoliki-i-wozki-medyczne\\\/\"},{\"@type\":\"ListItem\",\"position\":4,\"name\":\"Stoliki zabiegowe i oddzia\u0142owe\",\"item\":\"https:\\\/\\\/innow.pl\\\/produkty\\\/stoliki-i-wozki-medyczne\\\/stoliki-zabiegowe-i-oddzialowe\\\/\"},{\"@type\":\"ListItem\",\"position\":5,\"name\":\"WST-03 &#8211; W\u00f3zek oddzia\u0142owy\"}]},{\"@type\":\"WebSite\",\"@id\":\"https:\\\/\\\/innow.pl\\\/#website\",\"url\":\"https:\\\/\\\/innow.pl\\\/\",\"name\":\"INNOW\",\"description\":\"\",\"potentialAction\":[{\"@type\":\"SearchAction\",\"target\":{\"@type\":\"EntryPoint\",\"urlTemplate\":\"https:\\\/\\\/innow.pl\\\/?s={search_term_string}\"},\"query-input\":{\"@type\":\"PropertyValueSpecification\",\"valueRequired\":true,\"valueName\":\"search_term_string\"}}],\"inLanguage\":\"fr-FR\"}]}<\/script>\n<!-- \/ Yoast SEO plugin. -->","yoast_head_json":{"title":"WST-03 - W\u00f3zek oddzia\u0142owy - INNOW","description":"Praktyczny w\u00f3zek oddzia\u0142owy wyposa\u017cony w 4 k\u00f3\u0142ka, koszyk, wyjmowane pojemniki z tworzywa i foliowy worek z pokrywk\u0105. Kliknij i dowiedz si\u0119 wi\u0119cej!","robots":{"index":"index","follow":"follow","max-snippet":"max-snippet:-1","max-image-preview":"max-image-preview:large","max-video-preview":"max-video-preview:-1"},"canonical":"https:\/\/innow.pl\/produkt\/wst-03-wozek-oddzialowy\/","og_locale":"fr_FR","og_type":"article","og_title":"WST-03 - W\u00f3zek oddzia\u0142owy - INNOW","og_description":"Praktyczny w\u00f3zek oddzia\u0142owy wyposa\u017cony w 4 k\u00f3\u0142ka, koszyk, wyjmowane pojemniki z tworzywa i foliowy worek z pokrywk\u0105. Kliknij i dowiedz si\u0119 wi\u0119cej!","og_url":"https:\/\/innow.pl\/produkt\/wst-03-wozek-oddzialowy\/","og_site_name":"INNOW","article_modified_time":"2025-02-13T13:44:12+00:00","og_image":[{"width":800,"height":800,"url":"https:\/\/innow.pl\/wp-content\/uploads\/2024\/11\/WST-03_nowy.jpg","type":"image\/jpeg"}],"twitter_card":"summary_large_image","twitter_misc":{"Dur\u00e9e de lecture estim\u00e9e":"1 minute"},"schema":{"@context":"https:\/\/schema.org","@graph":[{"@type":"WebPage","@id":"https:\/\/innow.pl\/produkt\/wst-03-wozek-oddzialowy\/","url":"https:\/\/innow.pl\/produkt\/wst-03-wozek-oddzialowy\/","name":"WST-03 - W\u00f3zek oddzia\u0142owy - INNOW","isPartOf":{"@id":"https:\/\/innow.pl\/#website"},"primaryImageOfPage":{"@id":"https:\/\/innow.pl\/produkt\/wst-03-wozek-oddzialowy\/#primaryimage"},"image":{"@id":"https:\/\/innow.pl\/produkt\/wst-03-wozek-oddzialowy\/#primaryimage"},"thumbnailUrl":"https:\/\/innow.pl\/wp-content\/uploads\/2024\/11\/WST-03_nowy.jpg","datePublished":"2019-03-07T07:38:17+00:00","dateModified":"2025-02-13T13:44:12+00:00","description":"Praktyczny w\u00f3zek oddzia\u0142owy wyposa\u017cony w 4 k\u00f3\u0142ka, koszyk, wyjmowane pojemniki z tworzywa i foliowy worek z pokrywk\u0105. Kliknij i dowiedz si\u0119 wi\u0119cej!","breadcrumb":{"@id":"https:\/\/innow.pl\/produkt\/wst-03-wozek-oddzialowy\/#breadcrumb"},"inLanguage":"fr-FR","potentialAction":[{"@type":"ReadAction","target":["https:\/\/innow.pl\/produkt\/wst-03-wozek-oddzialowy\/"]}]},{"@type":"ImageObject","inLanguage":"fr-FR","@id":"https:\/\/innow.pl\/produkt\/wst-03-wozek-oddzialowy\/#primaryimage","url":"https:\/\/innow.pl\/wp-content\/uploads\/2024\/11\/WST-03_nowy.jpg","contentUrl":"https:\/\/innow.pl\/wp-content\/uploads\/2024\/11\/WST-03_nowy.jpg","width":800,"height":800,"caption":"WST-03 - W\u00f3zek oddzia\u0142owy"},{"@type":"BreadcrumbList","@id":"https:\/\/innow.pl\/produkt\/wst-03-wozek-oddzialowy\/#breadcrumb","itemListElement":[{"@type":"ListItem","position":1,"name":"INNOW","item":"https:\/\/innow.pl\/fr\/"},{"@type":"ListItem","position":2,"name":"Produkty","item":"https:\/\/innow.pl\/produkty\/"},{"@type":"ListItem","position":3,"name":"Stoliki i w\u00f3zki medyczne","item":"https:\/\/innow.pl\/produkty\/stoliki-i-wozki-medyczne\/"},{"@type":"ListItem","position":4,"name":"Stoliki zabiegowe i oddzia\u0142owe","item":"https:\/\/innow.pl\/produkty\/stoliki-i-wozki-medyczne\/stoliki-zabiegowe-i-oddzialowe\/"},{"@type":"ListItem","position":5,"name":"WST-03 &#8211; W\u00f3zek oddzia\u0142owy"}]},{"@type":"WebSite","@id":"https:\/\/innow.pl\/#website","url":"https:\/\/innow.pl\/","name":"INNOW","description":"","potentialAction":[{"@type":"SearchAction","target":{"@type":"EntryPoint","urlTemplate":"https:\/\/innow.pl\/?s={search_term_string}"},"query-input":{"@type":"PropertyValueSpecification","valueRequired":true,"valueName":"search_term_string"}}],"inLanguage":"fr-FR"}]}},"_links":{"self":[{"href":"https:\/\/innow.pl\/fr\/wp-json\/wp\/v2\/product\/28475","targetHints":{"allow":["GET"]}}],"collection":[{"href":"https:\/\/innow.pl\/fr\/wp-json\/wp\/v2\/product"}],"about":[{"href":"https:\/\/innow.pl\/fr\/wp-json\/wp\/v2\/types\/product"}],"replies":[{"embeddable":true,"href":"https:\/\/innow.pl\/fr\/wp-json\/wp\/v2\/comments?post=28475"}],"wp:featuredmedia":[{"embeddable":true,"href":"https:\/\/innow.pl\/fr\/wp-json\/wp\/v2\/media\/28477"}],"wp:attachment":[{"href":"https:\/\/innow.pl\/fr\/wp-json\/wp\/v2\/media?parent=28475"}],"wp:term":[{"taxonomy":"product_brand","embeddable":true,"href":"https:\/\/innow.pl\/fr\/wp-json\/wp\/v2\/product_brand?post=28475"},{"taxonomy":"product_cat","embeddable":true,"href":"https:\/\/innow.pl\/fr\/wp-json\/wp\/v2\/product_cat?post=28475"},{"taxonomy":"product_tag","embeddable":true,"href":"https:\/\/innow.pl\/fr\/wp-json\/wp\/v2\/product_tag?post=28475"}],"curies":[{"name":"wp","href":"https:\/\/api.w.org\/{rel}","templated":true}]}}