{"id":28427,"date":"2019-02-01T11:07:59","date_gmt":"2019-02-01T10:07:59","guid":{"rendered":"https:\/\/innow.pl\/produkt\/sk803p-alu-inox-stojak-z-wieszakiem-na-kroplowki-ze-stali-nierdzewnej-podstawa-z-aluminium-stali-chromowanej\/"},"modified":"2025-07-07T12:57:41","modified_gmt":"2025-07-07T10:57:41","slug":"sk803p-alu-inox-stojak-z-wieszakiem-na-kroplowki-ze-stali-nierdzewnej-podstawa-z-aluminium-stali-chromowanej","status":"publish","type":"product","link":"https:\/\/innow.pl\/fr\/produkt\/sk803p-alu-inox-stojak-z-wieszakiem-na-kroplowki-ze-stali-nierdzewnej-podstawa-z-aluminium-stali-chromowanej\/","title":{"rendered":"SK803P [CH INOX] &#8211; Stojak z wieszakiem na kropl\u00f3wki ze stali nierdzewnej na 5 k\u00f3\u0142kach &#8211; podstawa ze stali chromowanej"},"content":{"rendered":"<p>Stojak przejezdny z wieszakiem na kropl\u00f3wki (na p\u0142yny infuzyjne) \u2013 oba elementy ze stali nierdzewnej. Gwie\u017adzista podstawa wykonana ze stali chromowanej. Do podstawowego wyposa\u017cenia nale\u017cy wieszak dwuramienny, a wyposa\u017cenie opcjonalne dost\u0119pne jest poni\u017cej.<\/p>\n","protected":false},"excerpt":{"rendered":"<p>Stojak przejezdny z wieszakiem na kropl\u00f3wki (na p\u0142yny infuzyjne) \u2013 oba elementy ze stali nierdzewnej. Gwie\u017adzista podstawa wykonana ze stali chromowanej. Do podstawowego wyposa\u017cenia nale\u017cy wieszak dwuramienny, a wyposa\u017cenie opcjonalne dost\u0119pne jest poni\u017cej.<\/p>\n","protected":false},"featured_media":28429,"comment_status":"open","ping_status":"closed","template":"","meta":{"_acf_changed":false},"product_brand":[],"product_cat":[440,458],"product_tag":[],"class_list":{"0":"post-28427","1":"product","2":"type-product","3":"status-publish","4":"has-post-thumbnail","6":"product_cat-meble-medyczne","7":"product_cat-stojaki-wieszaki-na-kroplowki","9":"first","10":"instock","11":"taxable","12":"shipping-taxable","13":"purchasable","14":"product-type-simple"},"acf":[],"yoast_head":"<!-- This site is optimized with the Yoast SEO plugin v27.4 - https:\/\/yoast.com\/product\/yoast-seo-wordpress\/ -->\n<title>SK803P [CH INOX] - Stojak z wieszakiem na kropl\u00f3wki ze stali nierdzewnej na 5 k\u00f3\u0142kach - podstawa ze stali chromowanej - INNOW<\/title>\n<meta name=\"description\" content=\"Por\u0119czny, solidny stojak z wieszakiem na kropl\u00f3wki ze stali nierdzewnej, 2-ramienny wieszak na p\u0142yny infuzyjne w komplecie. Zobacz wi\u0119cej!\" \/>\n<meta name=\"robots\" content=\"index, follow, max-snippet:-1, max-image-preview:large, max-video-preview:-1\" \/>\n<link rel=\"canonical\" href=\"https:\/\/innow.pl\/produkt\/sk803p-alu-inox-stojak-z-wieszakiem-na-kroplowki-ze-stali-nierdzewnej-podstawa-z-aluminium-stali-chromowanej\/\" \/>\n<meta property=\"og:locale\" content=\"fr_FR\" \/>\n<meta property=\"og:type\" content=\"article\" \/>\n<meta property=\"og:title\" content=\"SK803P [CH INOX] - Stojak z wieszakiem na kropl\u00f3wki ze stali nierdzewnej na 5 k\u00f3\u0142kach - podstawa ze stali chromowanej - INNOW\" \/>\n<meta property=\"og:description\" content=\"Por\u0119czny, solidny stojak z wieszakiem na kropl\u00f3wki ze stali nierdzewnej, 2-ramienny wieszak na p\u0142yny infuzyjne w komplecie. Zobacz wi\u0119cej!\" \/>\n<meta property=\"og:url\" content=\"https:\/\/innow.pl\/produkt\/sk803p-alu-inox-stojak-z-wieszakiem-na-kroplowki-ze-stali-nierdzewnej-podstawa-z-aluminium-stali-chromowanej\/\" \/>\n<meta property=\"og:site_name\" content=\"INNOW\" \/>\n<meta property=\"article:modified_time\" content=\"2025-07-07T10:57:41+00:00\" \/>\n<meta property=\"og:image\" content=\"https:\/\/innow.pl\/wp-content\/uploads\/2024\/11\/SK803P_INOX.jpg\" \/>\n\t<meta property=\"og:image:width\" content=\"800\" \/>\n\t<meta property=\"og:image:height\" content=\"800\" \/>\n\t<meta property=\"og:image:type\" content=\"image\/jpeg\" \/>\n<meta name=\"twitter:card\" content=\"summary_large_image\" \/>\n<meta name=\"twitter:label1\" content=\"Dur\u00e9e de lecture estim\u00e9e\" \/>\n\t<meta name=\"twitter:data1\" content=\"1 minute\" \/>\n<script type=\"application\/ld+json\" class=\"yoast-schema-graph\">{\"@context\":\"https:\\\/\\\/schema.org\",\"@graph\":[{\"@type\":\"WebPage\",\"@id\":\"https:\\\/\\\/innow.pl\\\/produkt\\\/sk803p-alu-inox-stojak-z-wieszakiem-na-kroplowki-ze-stali-nierdzewnej-podstawa-z-aluminium-stali-chromowanej\\\/\",\"url\":\"https:\\\/\\\/innow.pl\\\/produkt\\\/sk803p-alu-inox-stojak-z-wieszakiem-na-kroplowki-ze-stali-nierdzewnej-podstawa-z-aluminium-stali-chromowanej\\\/\",\"name\":\"SK803P [CH INOX] - Stojak z wieszakiem na kropl\u00f3wki ze stali nierdzewnej na 5 k\u00f3\u0142kach - podstawa ze stali chromowanej - INNOW\",\"isPartOf\":{\"@id\":\"https:\\\/\\\/innow.pl\\\/#website\"},\"primaryImageOfPage\":{\"@id\":\"https:\\\/\\\/innow.pl\\\/produkt\\\/sk803p-alu-inox-stojak-z-wieszakiem-na-kroplowki-ze-stali-nierdzewnej-podstawa-z-aluminium-stali-chromowanej\\\/#primaryimage\"},\"image\":{\"@id\":\"https:\\\/\\\/innow.pl\\\/produkt\\\/sk803p-alu-inox-stojak-z-wieszakiem-na-kroplowki-ze-stali-nierdzewnej-podstawa-z-aluminium-stali-chromowanej\\\/#primaryimage\"},\"thumbnailUrl\":\"https:\\\/\\\/innow.pl\\\/wp-content\\\/uploads\\\/2024\\\/11\\\/SK803P_INOX.jpg\",\"datePublished\":\"2019-02-01T10:07:59+00:00\",\"dateModified\":\"2025-07-07T10:57:41+00:00\",\"description\":\"Por\u0119czny, solidny stojak z wieszakiem na kropl\u00f3wki ze stali nierdzewnej, 2-ramienny wieszak na p\u0142yny infuzyjne w komplecie. Zobacz wi\u0119cej!\",\"breadcrumb\":{\"@id\":\"https:\\\/\\\/innow.pl\\\/produkt\\\/sk803p-alu-inox-stojak-z-wieszakiem-na-kroplowki-ze-stali-nierdzewnej-podstawa-z-aluminium-stali-chromowanej\\\/#breadcrumb\"},\"inLanguage\":\"fr-FR\",\"potentialAction\":[{\"@type\":\"ReadAction\",\"target\":[\"https:\\\/\\\/innow.pl\\\/produkt\\\/sk803p-alu-inox-stojak-z-wieszakiem-na-kroplowki-ze-stali-nierdzewnej-podstawa-z-aluminium-stali-chromowanej\\\/\"]}]},{\"@type\":\"ImageObject\",\"inLanguage\":\"fr-FR\",\"@id\":\"https:\\\/\\\/innow.pl\\\/produkt\\\/sk803p-alu-inox-stojak-z-wieszakiem-na-kroplowki-ze-stali-nierdzewnej-podstawa-z-aluminium-stali-chromowanej\\\/#primaryimage\",\"url\":\"https:\\\/\\\/innow.pl\\\/wp-content\\\/uploads\\\/2024\\\/11\\\/SK803P_INOX.jpg\",\"contentUrl\":\"https:\\\/\\\/innow.pl\\\/wp-content\\\/uploads\\\/2024\\\/11\\\/SK803P_INOX.jpg\",\"width\":800,\"height\":800,\"caption\":\"Stojak z wieszakiem na kropl\u00f3wki ze stali nierdzewnej na 5 k\u00f3\u0142kach - podstawa z aluminium polerowanego - SK803P [ALU INOX] - INNOW\"},{\"@type\":\"BreadcrumbList\",\"@id\":\"https:\\\/\\\/innow.pl\\\/produkt\\\/sk803p-alu-inox-stojak-z-wieszakiem-na-kroplowki-ze-stali-nierdzewnej-podstawa-z-aluminium-stali-chromowanej\\\/#breadcrumb\",\"itemListElement\":[{\"@type\":\"ListItem\",\"position\":1,\"name\":\"INNOW\",\"item\":\"https:\\\/\\\/innow.pl\\\/fr\\\/\"},{\"@type\":\"ListItem\",\"position\":2,\"name\":\"Produkty\",\"item\":\"https:\\\/\\\/innow.pl\\\/produkty\\\/\"},{\"@type\":\"ListItem\",\"position\":3,\"name\":\"Meble medyczne\",\"item\":\"https:\\\/\\\/innow.pl\\\/produkty\\\/meble-medyczne\\\/\"},{\"@type\":\"ListItem\",\"position\":4,\"name\":\"Stojaki, wieszaki na kropl\u00f3wki\",\"item\":\"https:\\\/\\\/innow.pl\\\/produkty\\\/meble-medyczne\\\/stojaki-wieszaki-na-kroplowki\\\/\"},{\"@type\":\"ListItem\",\"position\":5,\"name\":\"SK803P [CH INOX] &#8211; Stojak z wieszakiem na kropl\u00f3wki ze stali nierdzewnej na 5 k\u00f3\u0142kach &#8211; podstawa ze stali chromowanej\"}]},{\"@type\":\"WebSite\",\"@id\":\"https:\\\/\\\/innow.pl\\\/#website\",\"url\":\"https:\\\/\\\/innow.pl\\\/\",\"name\":\"INNOW\",\"description\":\"\",\"potentialAction\":[{\"@type\":\"SearchAction\",\"target\":{\"@type\":\"EntryPoint\",\"urlTemplate\":\"https:\\\/\\\/innow.pl\\\/?s={search_term_string}\"},\"query-input\":{\"@type\":\"PropertyValueSpecification\",\"valueRequired\":true,\"valueName\":\"search_term_string\"}}],\"inLanguage\":\"fr-FR\"}]}<\/script>\n<!-- \/ Yoast SEO plugin. -->","yoast_head_json":{"title":"SK803P [CH INOX] - Stojak z wieszakiem na kropl\u00f3wki ze stali nierdzewnej na 5 k\u00f3\u0142kach - podstawa ze stali chromowanej - INNOW","description":"Por\u0119czny, solidny stojak z wieszakiem na kropl\u00f3wki ze stali nierdzewnej, 2-ramienny wieszak na p\u0142yny infuzyjne w komplecie. Zobacz wi\u0119cej!","robots":{"index":"index","follow":"follow","max-snippet":"max-snippet:-1","max-image-preview":"max-image-preview:large","max-video-preview":"max-video-preview:-1"},"canonical":"https:\/\/innow.pl\/produkt\/sk803p-alu-inox-stojak-z-wieszakiem-na-kroplowki-ze-stali-nierdzewnej-podstawa-z-aluminium-stali-chromowanej\/","og_locale":"fr_FR","og_type":"article","og_title":"SK803P [CH INOX] - Stojak z wieszakiem na kropl\u00f3wki ze stali nierdzewnej na 5 k\u00f3\u0142kach - podstawa ze stali chromowanej - INNOW","og_description":"Por\u0119czny, solidny stojak z wieszakiem na kropl\u00f3wki ze stali nierdzewnej, 2-ramienny wieszak na p\u0142yny infuzyjne w komplecie. Zobacz wi\u0119cej!","og_url":"https:\/\/innow.pl\/produkt\/sk803p-alu-inox-stojak-z-wieszakiem-na-kroplowki-ze-stali-nierdzewnej-podstawa-z-aluminium-stali-chromowanej\/","og_site_name":"INNOW","article_modified_time":"2025-07-07T10:57:41+00:00","og_image":[{"width":800,"height":800,"url":"https:\/\/innow.pl\/wp-content\/uploads\/2024\/11\/SK803P_INOX.jpg","type":"image\/jpeg"}],"twitter_card":"summary_large_image","twitter_misc":{"Dur\u00e9e de lecture estim\u00e9e":"1 minute"},"schema":{"@context":"https:\/\/schema.org","@graph":[{"@type":"WebPage","@id":"https:\/\/innow.pl\/produkt\/sk803p-alu-inox-stojak-z-wieszakiem-na-kroplowki-ze-stali-nierdzewnej-podstawa-z-aluminium-stali-chromowanej\/","url":"https:\/\/innow.pl\/produkt\/sk803p-alu-inox-stojak-z-wieszakiem-na-kroplowki-ze-stali-nierdzewnej-podstawa-z-aluminium-stali-chromowanej\/","name":"SK803P [CH INOX] - Stojak z wieszakiem na kropl\u00f3wki ze stali nierdzewnej na 5 k\u00f3\u0142kach - podstawa ze stali chromowanej - INNOW","isPartOf":{"@id":"https:\/\/innow.pl\/#website"},"primaryImageOfPage":{"@id":"https:\/\/innow.pl\/produkt\/sk803p-alu-inox-stojak-z-wieszakiem-na-kroplowki-ze-stali-nierdzewnej-podstawa-z-aluminium-stali-chromowanej\/#primaryimage"},"image":{"@id":"https:\/\/innow.pl\/produkt\/sk803p-alu-inox-stojak-z-wieszakiem-na-kroplowki-ze-stali-nierdzewnej-podstawa-z-aluminium-stali-chromowanej\/#primaryimage"},"thumbnailUrl":"https:\/\/innow.pl\/wp-content\/uploads\/2024\/11\/SK803P_INOX.jpg","datePublished":"2019-02-01T10:07:59+00:00","dateModified":"2025-07-07T10:57:41+00:00","description":"Por\u0119czny, solidny stojak z wieszakiem na kropl\u00f3wki ze stali nierdzewnej, 2-ramienny wieszak na p\u0142yny infuzyjne w komplecie. Zobacz wi\u0119cej!","breadcrumb":{"@id":"https:\/\/innow.pl\/produkt\/sk803p-alu-inox-stojak-z-wieszakiem-na-kroplowki-ze-stali-nierdzewnej-podstawa-z-aluminium-stali-chromowanej\/#breadcrumb"},"inLanguage":"fr-FR","potentialAction":[{"@type":"ReadAction","target":["https:\/\/innow.pl\/produkt\/sk803p-alu-inox-stojak-z-wieszakiem-na-kroplowki-ze-stali-nierdzewnej-podstawa-z-aluminium-stali-chromowanej\/"]}]},{"@type":"ImageObject","inLanguage":"fr-FR","@id":"https:\/\/innow.pl\/produkt\/sk803p-alu-inox-stojak-z-wieszakiem-na-kroplowki-ze-stali-nierdzewnej-podstawa-z-aluminium-stali-chromowanej\/#primaryimage","url":"https:\/\/innow.pl\/wp-content\/uploads\/2024\/11\/SK803P_INOX.jpg","contentUrl":"https:\/\/innow.pl\/wp-content\/uploads\/2024\/11\/SK803P_INOX.jpg","width":800,"height":800,"caption":"Stojak z wieszakiem na kropl\u00f3wki ze stali nierdzewnej na 5 k\u00f3\u0142kach - podstawa z aluminium polerowanego - SK803P [ALU INOX] - INNOW"},{"@type":"BreadcrumbList","@id":"https:\/\/innow.pl\/produkt\/sk803p-alu-inox-stojak-z-wieszakiem-na-kroplowki-ze-stali-nierdzewnej-podstawa-z-aluminium-stali-chromowanej\/#breadcrumb","itemListElement":[{"@type":"ListItem","position":1,"name":"INNOW","item":"https:\/\/innow.pl\/fr\/"},{"@type":"ListItem","position":2,"name":"Produkty","item":"https:\/\/innow.pl\/produkty\/"},{"@type":"ListItem","position":3,"name":"Meble medyczne","item":"https:\/\/innow.pl\/produkty\/meble-medyczne\/"},{"@type":"ListItem","position":4,"name":"Stojaki, wieszaki na kropl\u00f3wki","item":"https:\/\/innow.pl\/produkty\/meble-medyczne\/stojaki-wieszaki-na-kroplowki\/"},{"@type":"ListItem","position":5,"name":"SK803P [CH INOX] &#8211; Stojak z wieszakiem na kropl\u00f3wki ze stali nierdzewnej na 5 k\u00f3\u0142kach &#8211; podstawa ze stali chromowanej"}]},{"@type":"WebSite","@id":"https:\/\/innow.pl\/#website","url":"https:\/\/innow.pl\/","name":"INNOW","description":"","potentialAction":[{"@type":"SearchAction","target":{"@type":"EntryPoint","urlTemplate":"https:\/\/innow.pl\/?s={search_term_string}"},"query-input":{"@type":"PropertyValueSpecification","valueRequired":true,"valueName":"search_term_string"}}],"inLanguage":"fr-FR"}]}},"_links":{"self":[{"href":"https:\/\/innow.pl\/fr\/wp-json\/wp\/v2\/product\/28427","targetHints":{"allow":["GET"]}}],"collection":[{"href":"https:\/\/innow.pl\/fr\/wp-json\/wp\/v2\/product"}],"about":[{"href":"https:\/\/innow.pl\/fr\/wp-json\/wp\/v2\/types\/product"}],"replies":[{"embeddable":true,"href":"https:\/\/innow.pl\/fr\/wp-json\/wp\/v2\/comments?post=28427"}],"wp:featuredmedia":[{"embeddable":true,"href":"https:\/\/innow.pl\/fr\/wp-json\/wp\/v2\/media\/28429"}],"wp:attachment":[{"href":"https:\/\/innow.pl\/fr\/wp-json\/wp\/v2\/media?parent=28427"}],"wp:term":[{"taxonomy":"product_brand","embeddable":true,"href":"https:\/\/innow.pl\/fr\/wp-json\/wp\/v2\/product_brand?post=28427"},{"taxonomy":"product_cat","embeddable":true,"href":"https:\/\/innow.pl\/fr\/wp-json\/wp\/v2\/product_cat?post=28427"},{"taxonomy":"product_tag","embeddable":true,"href":"https:\/\/innow.pl\/fr\/wp-json\/wp\/v2\/product_tag?post=28427"}],"curies":[{"name":"wp","href":"https:\/\/api.w.org\/{rel}","templated":true}]}}