{"id":28355,"date":"2018-12-10T13:02:56","date_gmt":"2018-12-10T12:02:56","guid":{"rendered":"https:\/\/innow.pl\/produkt\/r-fastinn-system-pasow-bezpieczenstwa\/"},"modified":"2025-02-17T12:29:44","modified_gmt":"2025-02-17T11:29:44","slug":"r-fastinn-system-pasow-bezpieczenstwa","status":"publish","type":"product","link":"https:\/\/innow.pl\/fr\/produkt\/r-fastinn-system-pasow-bezpieczenstwa\/","title":{"rendered":"R-FASTINN &#8211; System pas\u00f3w bezpiecze\u0144stwa"},"content":{"rendered":"<p>Innowacyjne urz\u0105dzenie zapewniaj\u0105ce bezpieczne unieruchomienie pacjenta na noszach ratunkowych. Umo\u017cliwia przeniesienie pacjenta z noszy ratunkowych na inne nosze lub \u0142\u00f3\u017cko, bez konieczno\u015bci odpinania pacjenta. Sk\u0142ada si\u0119 z odpornej i wytrzyma\u0142ej maty oraz zestawu uprz\u0119\u017cy, opasek na r\u0119ce i kostki, podw\u00f3jnie zapinanych na rzepy pas\u00f3w oraz \u015bliskiej maty umo\u017cliwiaj\u0105cej przesuwanie. Pasuje do noszy ratunkowych o szeroko\u015bci 45-60 cm. Rozmiar uniwersalny. W zestawie z pokrowcem.<\/p>\n","protected":false},"excerpt":{"rendered":"<p>Innowacyjne urz\u0105dzenie zapewniaj\u0105ce bezpieczne unieruchomienie pacjenta na noszach ratunkowych. Umo\u017cliwia przeniesienie pacjenta z noszy ratunkowych na inne nosze lub \u0142\u00f3\u017cko, bez konieczno\u015bci odpinania pacjenta. Sk\u0142ada si\u0119 z odpornej i wytrzyma\u0142ej maty oraz zestawu uprz\u0119\u017cy, opasek na r\u0119ce i kostki, podw\u00f3jnie zapinanych na rzepy pas\u00f3w oraz \u015bliskiej maty umo\u017cliwiaj\u0105cej przesuwanie. Pasuje do noszy ratunkowych o szeroko\u015bci [&hellip;]<\/p>\n","protected":false},"featured_media":28357,"comment_status":"open","ping_status":"closed","template":"","meta":{"_acf_changed":false},"product_brand":[],"product_cat":[425,392],"product_tag":[],"class_list":{"0":"post-28355","1":"product","2":"type-product","3":"status-publish","4":"has-post-thumbnail","6":"product_cat-pasy-do-przenoszenia","7":"product_cat-latwoslizgi-przemieszczanie-pacjentow","8":"pa_wymiary-maty-172-x-45-cm","9":"pa_wymiary-opasek-na-kostki-20-40-cm","10":"pa_wymiary-opasek-na-rece-15-30-cm","12":"first","13":"instock","14":"taxable","15":"shipping-taxable","16":"purchasable","17":"product-type-simple"},"acf":[],"yoast_head":"<!-- This site is optimized with the Yoast SEO plugin v27.4 - https:\/\/yoast.com\/product\/yoast-seo-wordpress\/ -->\n<title>R-FASTINN - System pas\u00f3w bezpiecze\u0144stwa - INNOW<\/title>\n<meta name=\"description\" content=\"Niezwykle wytrzyma\u0142y system pas\u00f3w bezpiecze\u0144stwa umo\u017cliwiaj\u0105cy stabilne i bezpieczne przemieszczanie pacjent\u00f3w. Uprz\u0105\u017c, pasy na kostki i r\u0119ce, mata. Zobacz!\" \/>\n<meta name=\"robots\" content=\"index, follow, max-snippet:-1, max-image-preview:large, max-video-preview:-1\" \/>\n<link rel=\"canonical\" href=\"https:\/\/innow.pl\/produkt\/r-fastinn-system-pasow-bezpieczenstwa\/\" \/>\n<meta property=\"og:locale\" content=\"fr_FR\" \/>\n<meta property=\"og:type\" content=\"article\" \/>\n<meta property=\"og:title\" content=\"R-FASTINN - System pas\u00f3w bezpiecze\u0144stwa - INNOW\" \/>\n<meta property=\"og:description\" content=\"Niezwykle wytrzyma\u0142y system pas\u00f3w bezpiecze\u0144stwa umo\u017cliwiaj\u0105cy stabilne i bezpieczne przemieszczanie pacjent\u00f3w. Uprz\u0105\u017c, pasy na kostki i r\u0119ce, mata. Zobacz!\" \/>\n<meta property=\"og:url\" content=\"https:\/\/innow.pl\/produkt\/r-fastinn-system-pasow-bezpieczenstwa\/\" \/>\n<meta property=\"og:site_name\" content=\"INNOW\" \/>\n<meta property=\"article:modified_time\" content=\"2025-02-17T11:29:44+00:00\" \/>\n<meta property=\"og:image\" content=\"https:\/\/innow.pl\/wp-content\/uploads\/2024\/11\/R-FASTINN_new_1.jpg\" \/>\n\t<meta property=\"og:image:width\" content=\"700\" \/>\n\t<meta property=\"og:image:height\" content=\"700\" \/>\n\t<meta property=\"og:image:type\" content=\"image\/jpeg\" \/>\n<meta name=\"twitter:card\" content=\"summary_large_image\" \/>\n<meta name=\"twitter:label1\" content=\"Dur\u00e9e de lecture estim\u00e9e\" \/>\n\t<meta name=\"twitter:data1\" content=\"1 minute\" \/>\n<script type=\"application\/ld+json\" class=\"yoast-schema-graph\">{\"@context\":\"https:\\\/\\\/schema.org\",\"@graph\":[{\"@type\":\"WebPage\",\"@id\":\"https:\\\/\\\/innow.pl\\\/produkt\\\/r-fastinn-system-pasow-bezpieczenstwa\\\/\",\"url\":\"https:\\\/\\\/innow.pl\\\/produkt\\\/r-fastinn-system-pasow-bezpieczenstwa\\\/\",\"name\":\"R-FASTINN - System pas\u00f3w bezpiecze\u0144stwa - INNOW\",\"isPartOf\":{\"@id\":\"https:\\\/\\\/innow.pl\\\/#website\"},\"primaryImageOfPage\":{\"@id\":\"https:\\\/\\\/innow.pl\\\/produkt\\\/r-fastinn-system-pasow-bezpieczenstwa\\\/#primaryimage\"},\"image\":{\"@id\":\"https:\\\/\\\/innow.pl\\\/produkt\\\/r-fastinn-system-pasow-bezpieczenstwa\\\/#primaryimage\"},\"thumbnailUrl\":\"https:\\\/\\\/innow.pl\\\/wp-content\\\/uploads\\\/2024\\\/11\\\/R-FASTINN_new_1.jpg\",\"datePublished\":\"2018-12-10T12:02:56+00:00\",\"dateModified\":\"2025-02-17T11:29:44+00:00\",\"description\":\"Niezwykle wytrzyma\u0142y system pas\u00f3w bezpiecze\u0144stwa umo\u017cliwiaj\u0105cy stabilne i bezpieczne przemieszczanie pacjent\u00f3w. Uprz\u0105\u017c, pasy na kostki i r\u0119ce, mata. Zobacz!\",\"breadcrumb\":{\"@id\":\"https:\\\/\\\/innow.pl\\\/produkt\\\/r-fastinn-system-pasow-bezpieczenstwa\\\/#breadcrumb\"},\"inLanguage\":\"fr-FR\",\"potentialAction\":[{\"@type\":\"ReadAction\",\"target\":[\"https:\\\/\\\/innow.pl\\\/produkt\\\/r-fastinn-system-pasow-bezpieczenstwa\\\/\"]}]},{\"@type\":\"ImageObject\",\"inLanguage\":\"fr-FR\",\"@id\":\"https:\\\/\\\/innow.pl\\\/produkt\\\/r-fastinn-system-pasow-bezpieczenstwa\\\/#primaryimage\",\"url\":\"https:\\\/\\\/innow.pl\\\/wp-content\\\/uploads\\\/2024\\\/11\\\/R-FASTINN_new_1.jpg\",\"contentUrl\":\"https:\\\/\\\/innow.pl\\\/wp-content\\\/uploads\\\/2024\\\/11\\\/R-FASTINN_new_1.jpg\",\"width\":700,\"height\":700,\"caption\":\"System pas\u00f3w bezpiecze\u0144stwa - R-FASTINN - INNOW\"},{\"@type\":\"BreadcrumbList\",\"@id\":\"https:\\\/\\\/innow.pl\\\/produkt\\\/r-fastinn-system-pasow-bezpieczenstwa\\\/#breadcrumb\",\"itemListElement\":[{\"@type\":\"ListItem\",\"position\":1,\"name\":\"INNOW\",\"item\":\"https:\\\/\\\/innow.pl\\\/fr\\\/\"},{\"@type\":\"ListItem\",\"position\":2,\"name\":\"Produkty\",\"item\":\"https:\\\/\\\/innow.pl\\\/produkty\\\/\"},{\"@type\":\"ListItem\",\"position\":3,\"name\":\"\u0141atwo\u015blizgi - przemieszczanie pacjent\u00f3w\",\"item\":\"https:\\\/\\\/innow.pl\\\/produkty\\\/latwoslizgi-przemieszczanie-pacjentow\\\/\"},{\"@type\":\"ListItem\",\"position\":4,\"name\":\"Pasy do przenoszenia\",\"item\":\"https:\\\/\\\/innow.pl\\\/produkty\\\/latwoslizgi-przemieszczanie-pacjentow\\\/pasy-do-przenoszenia\\\/\"},{\"@type\":\"ListItem\",\"position\":5,\"name\":\"R-FASTINN &#8211; System pas\u00f3w bezpiecze\u0144stwa\"}]},{\"@type\":\"WebSite\",\"@id\":\"https:\\\/\\\/innow.pl\\\/#website\",\"url\":\"https:\\\/\\\/innow.pl\\\/\",\"name\":\"INNOW\",\"description\":\"\",\"potentialAction\":[{\"@type\":\"SearchAction\",\"target\":{\"@type\":\"EntryPoint\",\"urlTemplate\":\"https:\\\/\\\/innow.pl\\\/?s={search_term_string}\"},\"query-input\":{\"@type\":\"PropertyValueSpecification\",\"valueRequired\":true,\"valueName\":\"search_term_string\"}}],\"inLanguage\":\"fr-FR\"}]}<\/script>\n<!-- \/ Yoast SEO plugin. -->","yoast_head_json":{"title":"R-FASTINN - System pas\u00f3w bezpiecze\u0144stwa - INNOW","description":"Niezwykle wytrzyma\u0142y system pas\u00f3w bezpiecze\u0144stwa umo\u017cliwiaj\u0105cy stabilne i bezpieczne przemieszczanie pacjent\u00f3w. Uprz\u0105\u017c, pasy na kostki i r\u0119ce, mata. Zobacz!","robots":{"index":"index","follow":"follow","max-snippet":"max-snippet:-1","max-image-preview":"max-image-preview:large","max-video-preview":"max-video-preview:-1"},"canonical":"https:\/\/innow.pl\/produkt\/r-fastinn-system-pasow-bezpieczenstwa\/","og_locale":"fr_FR","og_type":"article","og_title":"R-FASTINN - System pas\u00f3w bezpiecze\u0144stwa - INNOW","og_description":"Niezwykle wytrzyma\u0142y system pas\u00f3w bezpiecze\u0144stwa umo\u017cliwiaj\u0105cy stabilne i bezpieczne przemieszczanie pacjent\u00f3w. Uprz\u0105\u017c, pasy na kostki i r\u0119ce, mata. Zobacz!","og_url":"https:\/\/innow.pl\/produkt\/r-fastinn-system-pasow-bezpieczenstwa\/","og_site_name":"INNOW","article_modified_time":"2025-02-17T11:29:44+00:00","og_image":[{"width":700,"height":700,"url":"https:\/\/innow.pl\/wp-content\/uploads\/2024\/11\/R-FASTINN_new_1.jpg","type":"image\/jpeg"}],"twitter_card":"summary_large_image","twitter_misc":{"Dur\u00e9e de lecture estim\u00e9e":"1 minute"},"schema":{"@context":"https:\/\/schema.org","@graph":[{"@type":"WebPage","@id":"https:\/\/innow.pl\/produkt\/r-fastinn-system-pasow-bezpieczenstwa\/","url":"https:\/\/innow.pl\/produkt\/r-fastinn-system-pasow-bezpieczenstwa\/","name":"R-FASTINN - System pas\u00f3w bezpiecze\u0144stwa - INNOW","isPartOf":{"@id":"https:\/\/innow.pl\/#website"},"primaryImageOfPage":{"@id":"https:\/\/innow.pl\/produkt\/r-fastinn-system-pasow-bezpieczenstwa\/#primaryimage"},"image":{"@id":"https:\/\/innow.pl\/produkt\/r-fastinn-system-pasow-bezpieczenstwa\/#primaryimage"},"thumbnailUrl":"https:\/\/innow.pl\/wp-content\/uploads\/2024\/11\/R-FASTINN_new_1.jpg","datePublished":"2018-12-10T12:02:56+00:00","dateModified":"2025-02-17T11:29:44+00:00","description":"Niezwykle wytrzyma\u0142y system pas\u00f3w bezpiecze\u0144stwa umo\u017cliwiaj\u0105cy stabilne i bezpieczne przemieszczanie pacjent\u00f3w. Uprz\u0105\u017c, pasy na kostki i r\u0119ce, mata. Zobacz!","breadcrumb":{"@id":"https:\/\/innow.pl\/produkt\/r-fastinn-system-pasow-bezpieczenstwa\/#breadcrumb"},"inLanguage":"fr-FR","potentialAction":[{"@type":"ReadAction","target":["https:\/\/innow.pl\/produkt\/r-fastinn-system-pasow-bezpieczenstwa\/"]}]},{"@type":"ImageObject","inLanguage":"fr-FR","@id":"https:\/\/innow.pl\/produkt\/r-fastinn-system-pasow-bezpieczenstwa\/#primaryimage","url":"https:\/\/innow.pl\/wp-content\/uploads\/2024\/11\/R-FASTINN_new_1.jpg","contentUrl":"https:\/\/innow.pl\/wp-content\/uploads\/2024\/11\/R-FASTINN_new_1.jpg","width":700,"height":700,"caption":"System pas\u00f3w bezpiecze\u0144stwa - R-FASTINN - INNOW"},{"@type":"BreadcrumbList","@id":"https:\/\/innow.pl\/produkt\/r-fastinn-system-pasow-bezpieczenstwa\/#breadcrumb","itemListElement":[{"@type":"ListItem","position":1,"name":"INNOW","item":"https:\/\/innow.pl\/fr\/"},{"@type":"ListItem","position":2,"name":"Produkty","item":"https:\/\/innow.pl\/produkty\/"},{"@type":"ListItem","position":3,"name":"\u0141atwo\u015blizgi - przemieszczanie pacjent\u00f3w","item":"https:\/\/innow.pl\/produkty\/latwoslizgi-przemieszczanie-pacjentow\/"},{"@type":"ListItem","position":4,"name":"Pasy do przenoszenia","item":"https:\/\/innow.pl\/produkty\/latwoslizgi-przemieszczanie-pacjentow\/pasy-do-przenoszenia\/"},{"@type":"ListItem","position":5,"name":"R-FASTINN &#8211; System pas\u00f3w bezpiecze\u0144stwa"}]},{"@type":"WebSite","@id":"https:\/\/innow.pl\/#website","url":"https:\/\/innow.pl\/","name":"INNOW","description":"","potentialAction":[{"@type":"SearchAction","target":{"@type":"EntryPoint","urlTemplate":"https:\/\/innow.pl\/?s={search_term_string}"},"query-input":{"@type":"PropertyValueSpecification","valueRequired":true,"valueName":"search_term_string"}}],"inLanguage":"fr-FR"}]}},"_links":{"self":[{"href":"https:\/\/innow.pl\/fr\/wp-json\/wp\/v2\/product\/28355","targetHints":{"allow":["GET"]}}],"collection":[{"href":"https:\/\/innow.pl\/fr\/wp-json\/wp\/v2\/product"}],"about":[{"href":"https:\/\/innow.pl\/fr\/wp-json\/wp\/v2\/types\/product"}],"replies":[{"embeddable":true,"href":"https:\/\/innow.pl\/fr\/wp-json\/wp\/v2\/comments?post=28355"}],"wp:featuredmedia":[{"embeddable":true,"href":"https:\/\/innow.pl\/fr\/wp-json\/wp\/v2\/media\/28357"}],"wp:attachment":[{"href":"https:\/\/innow.pl\/fr\/wp-json\/wp\/v2\/media?parent=28355"}],"wp:term":[{"taxonomy":"product_brand","embeddable":true,"href":"https:\/\/innow.pl\/fr\/wp-json\/wp\/v2\/product_brand?post=28355"},{"taxonomy":"product_cat","embeddable":true,"href":"https:\/\/innow.pl\/fr\/wp-json\/wp\/v2\/product_cat?post=28355"},{"taxonomy":"product_tag","embeddable":true,"href":"https:\/\/innow.pl\/fr\/wp-json\/wp\/v2\/product_tag?post=28355"}],"curies":[{"name":"wp","href":"https:\/\/api.w.org\/{rel}","templated":true}]}}