{"id":28320,"date":"2017-11-27T13:17:57","date_gmt":"2017-11-27T12:17:57","guid":{"rendered":"https:\/\/innow.pl\/produkt\/materac-rehabilitacyjny-skladany-3-czesciowy\/"},"modified":"2025-02-19T08:12:26","modified_gmt":"2025-02-19T07:12:26","slug":"materac-rehabilitacyjny-skladany-3-czesciowy","status":"publish","type":"product","link":"https:\/\/innow.pl\/fr\/produkt\/materac-rehabilitacyjny-skladany-3-czesciowy\/","title":{"rendered":"Materac rehabilitacyjny sk\u0142adany 3-cz\u0119\u015bciowy"},"content":{"rendered":"<p>Materac rehabilitacyjny \u0142atwy w transporcie &#8211; posiada mo\u017cliwo\u015b\u0107 z\u0142o\u017cenia i po\u0142\u0105czenia za pomoc\u0105 rzep\u00f3w. Wykonany jest z trwa\u0142ego materia\u0142u pokryciowego, kt\u00f3ry pozwala na sprawne czyszczenie. Wewn\u0105trz znajduje si\u0119 pianka poliuretanowa.<\/p>\n","protected":false},"excerpt":{"rendered":"<p>Materac rehabilitacyjny \u0142atwy w transporcie &#8211; posiada mo\u017cliwo\u015b\u0107 z\u0142o\u017cenia i po\u0142\u0105czenia za pomoc\u0105 rzep\u00f3w. Wykonany jest z trwa\u0142ego materia\u0142u pokryciowego, kt\u00f3ry pozwala na sprawne czyszczenie. Wewn\u0105trz znajduje si\u0119 pianka poliuretanowa.<\/p>\n","protected":false},"featured_media":28323,"comment_status":"open","ping_status":"closed","template":"","meta":{"_acf_changed":false},"product_brand":[],"product_cat":[462,438,459,456],"product_tag":[],"class_list":{"0":"post-28320","1":"product","2":"type-product","3":"status-publish","4":"has-post-thumbnail","6":"product_cat-materace","7":"product_cat-pielegnacja-i-rehabilitacja","8":"product_cat-sprzet-do-kinezyterapii","9":"product_cat-urzadzenia-do-fizjoterapii","10":"pa_wymiary-materaca-195-x-100-x-5-cm","11":"pa_wymiary-materaca-195-x-85-x-5-cm","13":"first","14":"instock","15":"taxable","16":"shipping-taxable","17":"purchasable","18":"product-type-variable"},"acf":[],"yoast_head":"<!-- This site is optimized with the Yoast SEO plugin v27.4 - https:\/\/yoast.com\/product\/yoast-seo-wordpress\/ -->\n<title>Materac rehabilitacyjny sk\u0142adany 3-cz\u0119\u015bciowy - INNOW<\/title>\n<meta name=\"description\" content=\"Materac rehabilitacyjny sk\u0142adany 3-cz\u0119\u015bciowy umo\u017cliwiaj\u0105cy \u0142atwe przewo\u017cenie dzi\u0119ki niewielkim wymiarom po z\u0142o\u017ceniu. Sprawd\u017a!\" \/>\n<meta name=\"robots\" content=\"index, follow, max-snippet:-1, max-image-preview:large, max-video-preview:-1\" \/>\n<link rel=\"canonical\" href=\"https:\/\/innow.pl\/produkt\/materac-rehabilitacyjny-skladany-3-czesciowy\/\" \/>\n<meta property=\"og:locale\" content=\"fr_FR\" \/>\n<meta property=\"og:type\" content=\"article\" \/>\n<meta property=\"og:title\" content=\"Materac rehabilitacyjny sk\u0142adany 3-cz\u0119\u015bciowy - INNOW\" \/>\n<meta property=\"og:description\" content=\"Materac rehabilitacyjny sk\u0142adany 3-cz\u0119\u015bciowy umo\u017cliwiaj\u0105cy \u0142atwe przewo\u017cenie dzi\u0119ki niewielkim wymiarom po z\u0142o\u017ceniu. Sprawd\u017a!\" \/>\n<meta property=\"og:url\" content=\"https:\/\/innow.pl\/produkt\/materac-rehabilitacyjny-skladany-3-czesciowy\/\" \/>\n<meta property=\"og:site_name\" content=\"INNOW\" \/>\n<meta property=\"article:modified_time\" content=\"2025-02-19T07:12:26+00:00\" \/>\n<meta property=\"og:image\" content=\"https:\/\/innow.pl\/wp-content\/uploads\/2024\/11\/materac_3czesciowy.jpg\" \/>\n\t<meta property=\"og:image:width\" content=\"480\" \/>\n\t<meta property=\"og:image:height\" content=\"480\" \/>\n\t<meta property=\"og:image:type\" content=\"image\/jpeg\" \/>\n<meta name=\"twitter:card\" content=\"summary_large_image\" \/>\n<meta name=\"twitter:label1\" content=\"Dur\u00e9e de lecture estim\u00e9e\" \/>\n\t<meta name=\"twitter:data1\" content=\"1 minute\" \/>\n<script type=\"application\/ld+json\" class=\"yoast-schema-graph\">{\"@context\":\"https:\\\/\\\/schema.org\",\"@graph\":[{\"@type\":\"WebPage\",\"@id\":\"https:\\\/\\\/innow.pl\\\/produkt\\\/materac-rehabilitacyjny-skladany-3-czesciowy\\\/\",\"url\":\"https:\\\/\\\/innow.pl\\\/produkt\\\/materac-rehabilitacyjny-skladany-3-czesciowy\\\/\",\"name\":\"Materac rehabilitacyjny sk\u0142adany 3-cz\u0119\u015bciowy - INNOW\",\"isPartOf\":{\"@id\":\"https:\\\/\\\/innow.pl\\\/#website\"},\"primaryImageOfPage\":{\"@id\":\"https:\\\/\\\/innow.pl\\\/produkt\\\/materac-rehabilitacyjny-skladany-3-czesciowy\\\/#primaryimage\"},\"image\":{\"@id\":\"https:\\\/\\\/innow.pl\\\/produkt\\\/materac-rehabilitacyjny-skladany-3-czesciowy\\\/#primaryimage\"},\"thumbnailUrl\":\"https:\\\/\\\/innow.pl\\\/wp-content\\\/uploads\\\/2024\\\/11\\\/materac_3czesciowy.jpg\",\"datePublished\":\"2017-11-27T12:17:57+00:00\",\"dateModified\":\"2025-02-19T07:12:26+00:00\",\"description\":\"Materac rehabilitacyjny sk\u0142adany 3-cz\u0119\u015bciowy umo\u017cliwiaj\u0105cy \u0142atwe przewo\u017cenie dzi\u0119ki niewielkim wymiarom po z\u0142o\u017ceniu. Sprawd\u017a!\",\"breadcrumb\":{\"@id\":\"https:\\\/\\\/innow.pl\\\/produkt\\\/materac-rehabilitacyjny-skladany-3-czesciowy\\\/#breadcrumb\"},\"inLanguage\":\"fr-FR\",\"potentialAction\":[{\"@type\":\"ReadAction\",\"target\":[\"https:\\\/\\\/innow.pl\\\/produkt\\\/materac-rehabilitacyjny-skladany-3-czesciowy\\\/\"]}]},{\"@type\":\"ImageObject\",\"inLanguage\":\"fr-FR\",\"@id\":\"https:\\\/\\\/innow.pl\\\/produkt\\\/materac-rehabilitacyjny-skladany-3-czesciowy\\\/#primaryimage\",\"url\":\"https:\\\/\\\/innow.pl\\\/wp-content\\\/uploads\\\/2024\\\/11\\\/materac_3czesciowy.jpg\",\"contentUrl\":\"https:\\\/\\\/innow.pl\\\/wp-content\\\/uploads\\\/2024\\\/11\\\/materac_3czesciowy.jpg\",\"width\":480,\"height\":480,\"caption\":\"Materac rehabilitacyjny sk\u0142adany 3-cz\u0119\u015bciowy - INNOW\"},{\"@type\":\"BreadcrumbList\",\"@id\":\"https:\\\/\\\/innow.pl\\\/produkt\\\/materac-rehabilitacyjny-skladany-3-czesciowy\\\/#breadcrumb\",\"itemListElement\":[{\"@type\":\"ListItem\",\"position\":1,\"name\":\"INNOW\",\"item\":\"https:\\\/\\\/innow.pl\\\/fr\\\/\"},{\"@type\":\"ListItem\",\"position\":2,\"name\":\"Produkty\",\"item\":\"https:\\\/\\\/innow.pl\\\/produkty\\\/\"},{\"@type\":\"ListItem\",\"position\":3,\"name\":\"Piel\u0119gnacja i rehabilitacja\",\"item\":\"https:\\\/\\\/innow.pl\\\/produkty\\\/pielegnacja-i-rehabilitacja\\\/\"},{\"@type\":\"ListItem\",\"position\":4,\"name\":\"Urz\u0105dzenia do fizjoterapii\",\"item\":\"https:\\\/\\\/innow.pl\\\/produkty\\\/pielegnacja-i-rehabilitacja\\\/urzadzenia-do-fizjoterapii\\\/\"},{\"@type\":\"ListItem\",\"position\":5,\"name\":\"Sprz\u0119t do kinezyterapii\",\"item\":\"https:\\\/\\\/innow.pl\\\/produkty\\\/pielegnacja-i-rehabilitacja\\\/urzadzenia-do-fizjoterapii\\\/sprzet-do-kinezyterapii\\\/\"},{\"@type\":\"ListItem\",\"position\":6,\"name\":\"Materace\",\"item\":\"https:\\\/\\\/innow.pl\\\/produkty\\\/pielegnacja-i-rehabilitacja\\\/urzadzenia-do-fizjoterapii\\\/sprzet-do-kinezyterapii\\\/materace\\\/\"},{\"@type\":\"ListItem\",\"position\":7,\"name\":\"Materac rehabilitacyjny sk\u0142adany 3-cz\u0119\u015bciowy\"}]},{\"@type\":\"WebSite\",\"@id\":\"https:\\\/\\\/innow.pl\\\/#website\",\"url\":\"https:\\\/\\\/innow.pl\\\/\",\"name\":\"INNOW\",\"description\":\"\",\"potentialAction\":[{\"@type\":\"SearchAction\",\"target\":{\"@type\":\"EntryPoint\",\"urlTemplate\":\"https:\\\/\\\/innow.pl\\\/?s={search_term_string}\"},\"query-input\":{\"@type\":\"PropertyValueSpecification\",\"valueRequired\":true,\"valueName\":\"search_term_string\"}}],\"inLanguage\":\"fr-FR\"}]}<\/script>\n<!-- \/ Yoast SEO plugin. -->","yoast_head_json":{"title":"Materac rehabilitacyjny sk\u0142adany 3-cz\u0119\u015bciowy - INNOW","description":"Materac rehabilitacyjny sk\u0142adany 3-cz\u0119\u015bciowy umo\u017cliwiaj\u0105cy \u0142atwe przewo\u017cenie dzi\u0119ki niewielkim wymiarom po z\u0142o\u017ceniu. Sprawd\u017a!","robots":{"index":"index","follow":"follow","max-snippet":"max-snippet:-1","max-image-preview":"max-image-preview:large","max-video-preview":"max-video-preview:-1"},"canonical":"https:\/\/innow.pl\/produkt\/materac-rehabilitacyjny-skladany-3-czesciowy\/","og_locale":"fr_FR","og_type":"article","og_title":"Materac rehabilitacyjny sk\u0142adany 3-cz\u0119\u015bciowy - INNOW","og_description":"Materac rehabilitacyjny sk\u0142adany 3-cz\u0119\u015bciowy umo\u017cliwiaj\u0105cy \u0142atwe przewo\u017cenie dzi\u0119ki niewielkim wymiarom po z\u0142o\u017ceniu. Sprawd\u017a!","og_url":"https:\/\/innow.pl\/produkt\/materac-rehabilitacyjny-skladany-3-czesciowy\/","og_site_name":"INNOW","article_modified_time":"2025-02-19T07:12:26+00:00","og_image":[{"width":480,"height":480,"url":"https:\/\/innow.pl\/wp-content\/uploads\/2024\/11\/materac_3czesciowy.jpg","type":"image\/jpeg"}],"twitter_card":"summary_large_image","twitter_misc":{"Dur\u00e9e de lecture estim\u00e9e":"1 minute"},"schema":{"@context":"https:\/\/schema.org","@graph":[{"@type":"WebPage","@id":"https:\/\/innow.pl\/produkt\/materac-rehabilitacyjny-skladany-3-czesciowy\/","url":"https:\/\/innow.pl\/produkt\/materac-rehabilitacyjny-skladany-3-czesciowy\/","name":"Materac rehabilitacyjny sk\u0142adany 3-cz\u0119\u015bciowy - INNOW","isPartOf":{"@id":"https:\/\/innow.pl\/#website"},"primaryImageOfPage":{"@id":"https:\/\/innow.pl\/produkt\/materac-rehabilitacyjny-skladany-3-czesciowy\/#primaryimage"},"image":{"@id":"https:\/\/innow.pl\/produkt\/materac-rehabilitacyjny-skladany-3-czesciowy\/#primaryimage"},"thumbnailUrl":"https:\/\/innow.pl\/wp-content\/uploads\/2024\/11\/materac_3czesciowy.jpg","datePublished":"2017-11-27T12:17:57+00:00","dateModified":"2025-02-19T07:12:26+00:00","description":"Materac rehabilitacyjny sk\u0142adany 3-cz\u0119\u015bciowy umo\u017cliwiaj\u0105cy \u0142atwe przewo\u017cenie dzi\u0119ki niewielkim wymiarom po z\u0142o\u017ceniu. Sprawd\u017a!","breadcrumb":{"@id":"https:\/\/innow.pl\/produkt\/materac-rehabilitacyjny-skladany-3-czesciowy\/#breadcrumb"},"inLanguage":"fr-FR","potentialAction":[{"@type":"ReadAction","target":["https:\/\/innow.pl\/produkt\/materac-rehabilitacyjny-skladany-3-czesciowy\/"]}]},{"@type":"ImageObject","inLanguage":"fr-FR","@id":"https:\/\/innow.pl\/produkt\/materac-rehabilitacyjny-skladany-3-czesciowy\/#primaryimage","url":"https:\/\/innow.pl\/wp-content\/uploads\/2024\/11\/materac_3czesciowy.jpg","contentUrl":"https:\/\/innow.pl\/wp-content\/uploads\/2024\/11\/materac_3czesciowy.jpg","width":480,"height":480,"caption":"Materac rehabilitacyjny sk\u0142adany 3-cz\u0119\u015bciowy - INNOW"},{"@type":"BreadcrumbList","@id":"https:\/\/innow.pl\/produkt\/materac-rehabilitacyjny-skladany-3-czesciowy\/#breadcrumb","itemListElement":[{"@type":"ListItem","position":1,"name":"INNOW","item":"https:\/\/innow.pl\/fr\/"},{"@type":"ListItem","position":2,"name":"Produkty","item":"https:\/\/innow.pl\/produkty\/"},{"@type":"ListItem","position":3,"name":"Piel\u0119gnacja i rehabilitacja","item":"https:\/\/innow.pl\/produkty\/pielegnacja-i-rehabilitacja\/"},{"@type":"ListItem","position":4,"name":"Urz\u0105dzenia do fizjoterapii","item":"https:\/\/innow.pl\/produkty\/pielegnacja-i-rehabilitacja\/urzadzenia-do-fizjoterapii\/"},{"@type":"ListItem","position":5,"name":"Sprz\u0119t do kinezyterapii","item":"https:\/\/innow.pl\/produkty\/pielegnacja-i-rehabilitacja\/urzadzenia-do-fizjoterapii\/sprzet-do-kinezyterapii\/"},{"@type":"ListItem","position":6,"name":"Materace","item":"https:\/\/innow.pl\/produkty\/pielegnacja-i-rehabilitacja\/urzadzenia-do-fizjoterapii\/sprzet-do-kinezyterapii\/materace\/"},{"@type":"ListItem","position":7,"name":"Materac rehabilitacyjny sk\u0142adany 3-cz\u0119\u015bciowy"}]},{"@type":"WebSite","@id":"https:\/\/innow.pl\/#website","url":"https:\/\/innow.pl\/","name":"INNOW","description":"","potentialAction":[{"@type":"SearchAction","target":{"@type":"EntryPoint","urlTemplate":"https:\/\/innow.pl\/?s={search_term_string}"},"query-input":{"@type":"PropertyValueSpecification","valueRequired":true,"valueName":"search_term_string"}}],"inLanguage":"fr-FR"}]}},"_links":{"self":[{"href":"https:\/\/innow.pl\/fr\/wp-json\/wp\/v2\/product\/28320","targetHints":{"allow":["GET"]}}],"collection":[{"href":"https:\/\/innow.pl\/fr\/wp-json\/wp\/v2\/product"}],"about":[{"href":"https:\/\/innow.pl\/fr\/wp-json\/wp\/v2\/types\/product"}],"replies":[{"embeddable":true,"href":"https:\/\/innow.pl\/fr\/wp-json\/wp\/v2\/comments?post=28320"}],"wp:featuredmedia":[{"embeddable":true,"href":"https:\/\/innow.pl\/fr\/wp-json\/wp\/v2\/media\/28323"}],"wp:attachment":[{"href":"https:\/\/innow.pl\/fr\/wp-json\/wp\/v2\/media?parent=28320"}],"wp:term":[{"taxonomy":"product_brand","embeddable":true,"href":"https:\/\/innow.pl\/fr\/wp-json\/wp\/v2\/product_brand?post=28320"},{"taxonomy":"product_cat","embeddable":true,"href":"https:\/\/innow.pl\/fr\/wp-json\/wp\/v2\/product_cat?post=28320"},{"taxonomy":"product_tag","embeddable":true,"href":"https:\/\/innow.pl\/fr\/wp-json\/wp\/v2\/product_tag?post=28320"}],"curies":[{"name":"wp","href":"https:\/\/api.w.org\/{rel}","templated":true}]}}