{"id":27490,"date":"2017-09-07T11:23:32","date_gmt":"2017-09-07T09:23:32","guid":{"rendered":"https:\/\/innow.pl\/produkt\/podparcie-pod-reke-wielopozycyjne-poliuretan\/"},"modified":"2025-02-19T10:08:13","modified_gmt":"2025-02-19T09:08:13","slug":"podparcie-pod-reke-wielopozycyjne-poliuretan","status":"publish","type":"product","link":"https:\/\/innow.pl\/fr\/produkt\/podparcie-pod-reke-wielopozycyjne-poliuretan\/","title":{"rendered":"PODINN_reka &#8211; Podparcie wielopozycyjne pod r\u0119k\u0119 (poliuretan)"},"content":{"rendered":"<p lang=\"pl-PL\" align=\"left\">Podparcie pod r\u0119k\u0119 umo\u017cliwiaj\u0105ce ustawienie ko\u0144czyny g\u00f3rnej pacjenta w r\u00f3\u017cnych pozycjach do zabieg\u00f3w lub te\u017c bada\u0144 oraz zapewniaj\u0105ce pacjentowi wi\u0119ksze bezpiecze\u0144stwo i wygod\u0119.<\/p>\n<p lang=\"pl-PL\" align=\"left\">UWAGA: oferta dotyczy zakupu podparcia osobno, nie jako opcjonalnego wyposa\u017cenia sto\u0142u.<\/p>\n","protected":false},"excerpt":{"rendered":"<p>Podparcie pod r\u0119k\u0119 umo\u017cliwiaj\u0105ce ustawienie ko\u0144czyny g\u00f3rnej pacjenta w r\u00f3\u017cnych pozycjach do zabieg\u00f3w lub te\u017c bada\u0144 oraz zapewniaj\u0105ce pacjentowi wi\u0119ksze bezpiecze\u0144stwo i wygod\u0119. UWAGA: oferta dotyczy zakupu podparcia osobno, nie jako opcjonalnego wyposa\u017cenia sto\u0142u.<\/p>\n","protected":false},"featured_media":27492,"comment_status":"open","ping_status":"closed","template":"","meta":{"_acf_changed":false},"product_brand":[],"product_cat":[440,543,1281,479],"product_tag":[],"class_list":{"0":"post-27490","1":"product","2":"type-product","3":"status-publish","4":"has-post-thumbnail","6":"product_cat-meble-medyczne","7":"product_cat-osprzet-do-stolow-zabiegowych","8":"product_cat-podparcia-pod-rece-i-uda-standard","9":"product_cat-stoly-zabiegowe","11":"first","12":"instock","13":"taxable","14":"shipping-taxable","15":"purchasable","16":"product-type-simple"},"acf":[],"yoast_head":"<!-- This site is optimized with the Yoast SEO plugin v27.4 - https:\/\/yoast.com\/product\/yoast-seo-wordpress\/ -->\n<title>PODINN_reka - Podparcie wielopozycyjne pod r\u0119k\u0119 (poliuretan) - INNOW<\/title>\n<meta name=\"description\" content=\"Podparcie wielopozycyjne pod r\u0119k\u0119 (poliuretan) umo\u017cliwiaj\u0105ce u\u0142o\u017cenie r\u0119ki pacjenta w dostosowanej do danego zabiegu pozycji. Zobacz!\" \/>\n<meta name=\"robots\" content=\"index, follow, max-snippet:-1, max-image-preview:large, max-video-preview:-1\" \/>\n<link rel=\"canonical\" href=\"https:\/\/innow.pl\/produkt\/podparcie-pod-reke-wielopozycyjne-poliuretan\/\" \/>\n<meta property=\"og:locale\" content=\"fr_FR\" \/>\n<meta property=\"og:type\" content=\"article\" \/>\n<meta property=\"og:title\" content=\"PODINN_reka - Podparcie wielopozycyjne pod r\u0119k\u0119 (poliuretan) - INNOW\" \/>\n<meta property=\"og:description\" content=\"Podparcie wielopozycyjne pod r\u0119k\u0119 (poliuretan) umo\u017cliwiaj\u0105ce u\u0142o\u017cenie r\u0119ki pacjenta w dostosowanej do danego zabiegu pozycji. Zobacz!\" \/>\n<meta property=\"og:url\" content=\"https:\/\/innow.pl\/produkt\/podparcie-pod-reke-wielopozycyjne-poliuretan\/\" \/>\n<meta property=\"og:site_name\" content=\"INNOW\" \/>\n<meta property=\"article:modified_time\" content=\"2025-02-19T09:08:13+00:00\" \/>\n<meta property=\"og:image\" content=\"https:\/\/innow.pl\/wp-content\/uploads\/2024\/11\/Podparcie-pod_reke_wielopozycyjne_poliuretan-4.jpg\" \/>\n\t<meta property=\"og:image:width\" content=\"480\" \/>\n\t<meta property=\"og:image:height\" content=\"480\" \/>\n\t<meta property=\"og:image:type\" content=\"image\/jpeg\" \/>\n<meta name=\"twitter:card\" content=\"summary_large_image\" \/>\n<meta name=\"twitter:label1\" content=\"Dur\u00e9e de lecture estim\u00e9e\" \/>\n\t<meta name=\"twitter:data1\" content=\"1 minute\" \/>\n<script type=\"application\/ld+json\" class=\"yoast-schema-graph\">{\"@context\":\"https:\\\/\\\/schema.org\",\"@graph\":[{\"@type\":\"WebPage\",\"@id\":\"https:\\\/\\\/innow.pl\\\/produkt\\\/podparcie-pod-reke-wielopozycyjne-poliuretan\\\/\",\"url\":\"https:\\\/\\\/innow.pl\\\/produkt\\\/podparcie-pod-reke-wielopozycyjne-poliuretan\\\/\",\"name\":\"PODINN_reka - Podparcie wielopozycyjne pod r\u0119k\u0119 (poliuretan) - INNOW\",\"isPartOf\":{\"@id\":\"https:\\\/\\\/innow.pl\\\/#website\"},\"primaryImageOfPage\":{\"@id\":\"https:\\\/\\\/innow.pl\\\/produkt\\\/podparcie-pod-reke-wielopozycyjne-poliuretan\\\/#primaryimage\"},\"image\":{\"@id\":\"https:\\\/\\\/innow.pl\\\/produkt\\\/podparcie-pod-reke-wielopozycyjne-poliuretan\\\/#primaryimage\"},\"thumbnailUrl\":\"https:\\\/\\\/innow.pl\\\/wp-content\\\/uploads\\\/2024\\\/11\\\/Podparcie-pod_reke_wielopozycyjne_poliuretan-4.jpg\",\"datePublished\":\"2017-09-07T09:23:32+00:00\",\"dateModified\":\"2025-02-19T09:08:13+00:00\",\"description\":\"Podparcie wielopozycyjne pod r\u0119k\u0119 (poliuretan) umo\u017cliwiaj\u0105ce u\u0142o\u017cenie r\u0119ki pacjenta w dostosowanej do danego zabiegu pozycji. Zobacz!\",\"breadcrumb\":{\"@id\":\"https:\\\/\\\/innow.pl\\\/produkt\\\/podparcie-pod-reke-wielopozycyjne-poliuretan\\\/#breadcrumb\"},\"inLanguage\":\"fr-FR\",\"potentialAction\":[{\"@type\":\"ReadAction\",\"target\":[\"https:\\\/\\\/innow.pl\\\/produkt\\\/podparcie-pod-reke-wielopozycyjne-poliuretan\\\/\"]}]},{\"@type\":\"ImageObject\",\"inLanguage\":\"fr-FR\",\"@id\":\"https:\\\/\\\/innow.pl\\\/produkt\\\/podparcie-pod-reke-wielopozycyjne-poliuretan\\\/#primaryimage\",\"url\":\"https:\\\/\\\/innow.pl\\\/wp-content\\\/uploads\\\/2024\\\/11\\\/Podparcie-pod_reke_wielopozycyjne_poliuretan-4.jpg\",\"contentUrl\":\"https:\\\/\\\/innow.pl\\\/wp-content\\\/uploads\\\/2024\\\/11\\\/Podparcie-pod_reke_wielopozycyjne_poliuretan-4.jpg\",\"width\":480,\"height\":480,\"caption\":\"Podparcie pod r\u0119k\u0119 wielopozycyjne (poliuretan) - do sto\u0142\u00f3w zabiegowych - INNOW\"},{\"@type\":\"BreadcrumbList\",\"@id\":\"https:\\\/\\\/innow.pl\\\/produkt\\\/podparcie-pod-reke-wielopozycyjne-poliuretan\\\/#breadcrumb\",\"itemListElement\":[{\"@type\":\"ListItem\",\"position\":1,\"name\":\"INNOW\",\"item\":\"https:\\\/\\\/innow.pl\\\/fr\\\/\"},{\"@type\":\"ListItem\",\"position\":2,\"name\":\"Produkty\",\"item\":\"https:\\\/\\\/innow.pl\\\/produkty\\\/\"},{\"@type\":\"ListItem\",\"position\":3,\"name\":\"Meble medyczne\",\"item\":\"https:\\\/\\\/innow.pl\\\/produkty\\\/meble-medyczne\\\/\"},{\"@type\":\"ListItem\",\"position\":4,\"name\":\"Sto\u0142y zabiegowe\",\"item\":\"https:\\\/\\\/innow.pl\\\/produkty\\\/meble-medyczne\\\/stoly-zabiegowe\\\/\"},{\"@type\":\"ListItem\",\"position\":5,\"name\":\"Osprz\u0119t do sto\u0142\u00f3w zabiegowych\",\"item\":\"https:\\\/\\\/innow.pl\\\/produkty\\\/meble-medyczne\\\/stoly-zabiegowe\\\/osprzet-do-stolow-zabiegowych\\\/\"},{\"@type\":\"ListItem\",\"position\":6,\"name\":\"Podparcia pod r\u0119ce i uda - standard\",\"item\":\"https:\\\/\\\/innow.pl\\\/produkty\\\/meble-medyczne\\\/stoly-zabiegowe\\\/osprzet-do-stolow-zabiegowych\\\/podparcia-pod-rece-i-uda-standard\\\/\"},{\"@type\":\"ListItem\",\"position\":7,\"name\":\"PODINN_reka &#8211; Podparcie wielopozycyjne pod r\u0119k\u0119 (poliuretan)\"}]},{\"@type\":\"WebSite\",\"@id\":\"https:\\\/\\\/innow.pl\\\/#website\",\"url\":\"https:\\\/\\\/innow.pl\\\/\",\"name\":\"INNOW\",\"description\":\"\",\"potentialAction\":[{\"@type\":\"SearchAction\",\"target\":{\"@type\":\"EntryPoint\",\"urlTemplate\":\"https:\\\/\\\/innow.pl\\\/?s={search_term_string}\"},\"query-input\":{\"@type\":\"PropertyValueSpecification\",\"valueRequired\":true,\"valueName\":\"search_term_string\"}}],\"inLanguage\":\"fr-FR\"}]}<\/script>\n<!-- \/ Yoast SEO plugin. -->","yoast_head_json":{"title":"PODINN_reka - Podparcie wielopozycyjne pod r\u0119k\u0119 (poliuretan) - INNOW","description":"Podparcie wielopozycyjne pod r\u0119k\u0119 (poliuretan) umo\u017cliwiaj\u0105ce u\u0142o\u017cenie r\u0119ki pacjenta w dostosowanej do danego zabiegu pozycji. Zobacz!","robots":{"index":"index","follow":"follow","max-snippet":"max-snippet:-1","max-image-preview":"max-image-preview:large","max-video-preview":"max-video-preview:-1"},"canonical":"https:\/\/innow.pl\/produkt\/podparcie-pod-reke-wielopozycyjne-poliuretan\/","og_locale":"fr_FR","og_type":"article","og_title":"PODINN_reka - Podparcie wielopozycyjne pod r\u0119k\u0119 (poliuretan) - INNOW","og_description":"Podparcie wielopozycyjne pod r\u0119k\u0119 (poliuretan) umo\u017cliwiaj\u0105ce u\u0142o\u017cenie r\u0119ki pacjenta w dostosowanej do danego zabiegu pozycji. Zobacz!","og_url":"https:\/\/innow.pl\/produkt\/podparcie-pod-reke-wielopozycyjne-poliuretan\/","og_site_name":"INNOW","article_modified_time":"2025-02-19T09:08:13+00:00","og_image":[{"width":480,"height":480,"url":"https:\/\/innow.pl\/wp-content\/uploads\/2024\/11\/Podparcie-pod_reke_wielopozycyjne_poliuretan-4.jpg","type":"image\/jpeg"}],"twitter_card":"summary_large_image","twitter_misc":{"Dur\u00e9e de lecture estim\u00e9e":"1 minute"},"schema":{"@context":"https:\/\/schema.org","@graph":[{"@type":"WebPage","@id":"https:\/\/innow.pl\/produkt\/podparcie-pod-reke-wielopozycyjne-poliuretan\/","url":"https:\/\/innow.pl\/produkt\/podparcie-pod-reke-wielopozycyjne-poliuretan\/","name":"PODINN_reka - Podparcie wielopozycyjne pod r\u0119k\u0119 (poliuretan) - INNOW","isPartOf":{"@id":"https:\/\/innow.pl\/#website"},"primaryImageOfPage":{"@id":"https:\/\/innow.pl\/produkt\/podparcie-pod-reke-wielopozycyjne-poliuretan\/#primaryimage"},"image":{"@id":"https:\/\/innow.pl\/produkt\/podparcie-pod-reke-wielopozycyjne-poliuretan\/#primaryimage"},"thumbnailUrl":"https:\/\/innow.pl\/wp-content\/uploads\/2024\/11\/Podparcie-pod_reke_wielopozycyjne_poliuretan-4.jpg","datePublished":"2017-09-07T09:23:32+00:00","dateModified":"2025-02-19T09:08:13+00:00","description":"Podparcie wielopozycyjne pod r\u0119k\u0119 (poliuretan) umo\u017cliwiaj\u0105ce u\u0142o\u017cenie r\u0119ki pacjenta w dostosowanej do danego zabiegu pozycji. Zobacz!","breadcrumb":{"@id":"https:\/\/innow.pl\/produkt\/podparcie-pod-reke-wielopozycyjne-poliuretan\/#breadcrumb"},"inLanguage":"fr-FR","potentialAction":[{"@type":"ReadAction","target":["https:\/\/innow.pl\/produkt\/podparcie-pod-reke-wielopozycyjne-poliuretan\/"]}]},{"@type":"ImageObject","inLanguage":"fr-FR","@id":"https:\/\/innow.pl\/produkt\/podparcie-pod-reke-wielopozycyjne-poliuretan\/#primaryimage","url":"https:\/\/innow.pl\/wp-content\/uploads\/2024\/11\/Podparcie-pod_reke_wielopozycyjne_poliuretan-4.jpg","contentUrl":"https:\/\/innow.pl\/wp-content\/uploads\/2024\/11\/Podparcie-pod_reke_wielopozycyjne_poliuretan-4.jpg","width":480,"height":480,"caption":"Podparcie pod r\u0119k\u0119 wielopozycyjne (poliuretan) - do sto\u0142\u00f3w zabiegowych - INNOW"},{"@type":"BreadcrumbList","@id":"https:\/\/innow.pl\/produkt\/podparcie-pod-reke-wielopozycyjne-poliuretan\/#breadcrumb","itemListElement":[{"@type":"ListItem","position":1,"name":"INNOW","item":"https:\/\/innow.pl\/fr\/"},{"@type":"ListItem","position":2,"name":"Produkty","item":"https:\/\/innow.pl\/produkty\/"},{"@type":"ListItem","position":3,"name":"Meble medyczne","item":"https:\/\/innow.pl\/produkty\/meble-medyczne\/"},{"@type":"ListItem","position":4,"name":"Sto\u0142y zabiegowe","item":"https:\/\/innow.pl\/produkty\/meble-medyczne\/stoly-zabiegowe\/"},{"@type":"ListItem","position":5,"name":"Osprz\u0119t do sto\u0142\u00f3w zabiegowych","item":"https:\/\/innow.pl\/produkty\/meble-medyczne\/stoly-zabiegowe\/osprzet-do-stolow-zabiegowych\/"},{"@type":"ListItem","position":6,"name":"Podparcia pod r\u0119ce i uda - standard","item":"https:\/\/innow.pl\/produkty\/meble-medyczne\/stoly-zabiegowe\/osprzet-do-stolow-zabiegowych\/podparcia-pod-rece-i-uda-standard\/"},{"@type":"ListItem","position":7,"name":"PODINN_reka &#8211; Podparcie wielopozycyjne pod r\u0119k\u0119 (poliuretan)"}]},{"@type":"WebSite","@id":"https:\/\/innow.pl\/#website","url":"https:\/\/innow.pl\/","name":"INNOW","description":"","potentialAction":[{"@type":"SearchAction","target":{"@type":"EntryPoint","urlTemplate":"https:\/\/innow.pl\/?s={search_term_string}"},"query-input":{"@type":"PropertyValueSpecification","valueRequired":true,"valueName":"search_term_string"}}],"inLanguage":"fr-FR"}]}},"_links":{"self":[{"href":"https:\/\/innow.pl\/fr\/wp-json\/wp\/v2\/product\/27490","targetHints":{"allow":["GET"]}}],"collection":[{"href":"https:\/\/innow.pl\/fr\/wp-json\/wp\/v2\/product"}],"about":[{"href":"https:\/\/innow.pl\/fr\/wp-json\/wp\/v2\/types\/product"}],"replies":[{"embeddable":true,"href":"https:\/\/innow.pl\/fr\/wp-json\/wp\/v2\/comments?post=27490"}],"wp:featuredmedia":[{"embeddable":true,"href":"https:\/\/innow.pl\/fr\/wp-json\/wp\/v2\/media\/27492"}],"wp:attachment":[{"href":"https:\/\/innow.pl\/fr\/wp-json\/wp\/v2\/media?parent=27490"}],"wp:term":[{"taxonomy":"product_brand","embeddable":true,"href":"https:\/\/innow.pl\/fr\/wp-json\/wp\/v2\/product_brand?post=27490"},{"taxonomy":"product_cat","embeddable":true,"href":"https:\/\/innow.pl\/fr\/wp-json\/wp\/v2\/product_cat?post=27490"},{"taxonomy":"product_tag","embeddable":true,"href":"https:\/\/innow.pl\/fr\/wp-json\/wp\/v2\/product_tag?post=27490"}],"curies":[{"name":"wp","href":"https:\/\/api.w.org\/{rel}","templated":true}]}}