{"id":27440,"date":"2017-09-01T07:03:02","date_gmt":"2017-09-01T05:03:02","guid":{"rendered":"https:\/\/innow.pl\/produkt\/pod-do-fz02-finn-fz02-finn-at-podajnik-podkladow-ochronnych-nierdzewny\/"},"modified":"2025-11-27T09:55:35","modified_gmt":"2025-11-27T08:55:35","slug":"pod-do-fz02-finn-fz02-finn-at-podajnik-podkladow-ochronnych-nierdzewny","status":"publish","type":"product","link":"https:\/\/innow.pl\/fr\/produkt\/pod-do-fz02-finn-fz02-finn-at-podajnik-podkladow-ochronnych-nierdzewny\/","title":{"rendered":"POD [do FZ-02 FINN, FZ-02 FINN AT] &#8211; Podajnik podk\u0142ad\u00f3w ochronnych nierdzewny"},"content":{"rendered":"<p>Wykonany ze stali nierdzewnej podajnik medycznych podk\u0142ad\u00f3w ochronnych. Montowany do konstrukcji, u\u0142atwiaj\u0105cy u\u017cytkowanie podk\u0142ad\u00f3w. <em>Inne nazwy: podajnik podk\u0142ad\u00f3w, wieszak na r\u0119czniki.<\/em><\/p>\n","protected":false},"excerpt":{"rendered":"<p>Wykonany ze stali nierdzewnej podajnik medycznych podk\u0142ad\u00f3w ochronnych. Montowany do konstrukcji, u\u0142atwiaj\u0105cy u\u017cytkowanie podk\u0142ad\u00f3w. Inne nazwy: podajnik podk\u0142ad\u00f3w, wieszak na r\u0119czniki.<\/p>\n","protected":false},"featured_media":27442,"comment_status":"open","ping_status":"closed","template":"","meta":{"_acf_changed":false},"product_brand":[],"product_cat":[395,431],"product_tag":[],"class_list":{"0":"post-27440","1":"product","2":"type-product","3":"status-publish","4":"has-post-thumbnail","6":"product_cat-ochrona-i-dezynfekcja","7":"product_cat-podajniki-podkladow-ochronnych","9":"first","10":"instock","11":"taxable","12":"shipping-taxable","13":"purchasable","14":"product-type-simple"},"acf":[],"yoast_head":"<!-- This site is optimized with the Yoast SEO plugin v27.4 - https:\/\/yoast.com\/product\/yoast-seo-wordpress\/ -->\n<title>POD [do FZ-02 FINN, FZ-02 FINN AT] - Podajnik podk\u0142ad\u00f3w ochronnych nierdzewny - INNOW<\/title>\n<meta name=\"description\" content=\"Estetyczny, montowany do konstrukcji podajnik medycznych podk\u0142ad\u00f3w ochronnych. Umo\u017cliwia \u0142atwy dost\u0119p do rozwijanych podk\u0142ad\u00f3w. Kliknij i poznaj szczeg\u00f3\u0142y!\" \/>\n<meta name=\"robots\" content=\"index, follow, max-snippet:-1, max-image-preview:large, max-video-preview:-1\" \/>\n<link rel=\"canonical\" href=\"https:\/\/innow.pl\/produkt\/pod-do-fz02-finn-fz02-finn-at-podajnik-podkladow-ochronnych-nierdzewny\/\" \/>\n<meta property=\"og:locale\" content=\"fr_FR\" \/>\n<meta property=\"og:type\" content=\"article\" \/>\n<meta property=\"og:title\" content=\"POD [do FZ-02 FINN, FZ-02 FINN AT] - Podajnik podk\u0142ad\u00f3w ochronnych nierdzewny - INNOW\" \/>\n<meta property=\"og:description\" content=\"Estetyczny, montowany do konstrukcji podajnik medycznych podk\u0142ad\u00f3w ochronnych. Umo\u017cliwia \u0142atwy dost\u0119p do rozwijanych podk\u0142ad\u00f3w. Kliknij i poznaj szczeg\u00f3\u0142y!\" \/>\n<meta property=\"og:url\" content=\"https:\/\/innow.pl\/produkt\/pod-do-fz02-finn-fz02-finn-at-podajnik-podkladow-ochronnych-nierdzewny\/\" \/>\n<meta property=\"og:site_name\" content=\"INNOW\" \/>\n<meta property=\"article:modified_time\" content=\"2025-11-27T08:55:35+00:00\" \/>\n<meta property=\"og:image\" content=\"https:\/\/innow.pl\/wp-content\/uploads\/2024\/11\/Podajnik_podkladow_dla_FZ02FINN_i_AT_.jpg\" \/>\n\t<meta property=\"og:image:width\" content=\"480\" \/>\n\t<meta property=\"og:image:height\" content=\"480\" \/>\n\t<meta property=\"og:image:type\" content=\"image\/jpeg\" \/>\n<meta name=\"twitter:card\" content=\"summary_large_image\" \/>\n<meta name=\"twitter:label1\" content=\"Dur\u00e9e de lecture estim\u00e9e\" \/>\n\t<meta name=\"twitter:data1\" content=\"1 minute\" \/>\n<script type=\"application\/ld+json\" class=\"yoast-schema-graph\">{\"@context\":\"https:\\\/\\\/schema.org\",\"@graph\":[{\"@type\":\"WebPage\",\"@id\":\"https:\\\/\\\/innow.pl\\\/produkt\\\/pod-do-fz02-finn-fz02-finn-at-podajnik-podkladow-ochronnych-nierdzewny\\\/\",\"url\":\"https:\\\/\\\/innow.pl\\\/produkt\\\/pod-do-fz02-finn-fz02-finn-at-podajnik-podkladow-ochronnych-nierdzewny\\\/\",\"name\":\"POD [do FZ-02 FINN, FZ-02 FINN AT] - Podajnik podk\u0142ad\u00f3w ochronnych nierdzewny - INNOW\",\"isPartOf\":{\"@id\":\"https:\\\/\\\/innow.pl\\\/#website\"},\"primaryImageOfPage\":{\"@id\":\"https:\\\/\\\/innow.pl\\\/produkt\\\/pod-do-fz02-finn-fz02-finn-at-podajnik-podkladow-ochronnych-nierdzewny\\\/#primaryimage\"},\"image\":{\"@id\":\"https:\\\/\\\/innow.pl\\\/produkt\\\/pod-do-fz02-finn-fz02-finn-at-podajnik-podkladow-ochronnych-nierdzewny\\\/#primaryimage\"},\"thumbnailUrl\":\"https:\\\/\\\/innow.pl\\\/wp-content\\\/uploads\\\/2024\\\/11\\\/Podajnik_podkladow_dla_FZ02FINN_i_AT_.jpg\",\"datePublished\":\"2017-09-01T05:03:02+00:00\",\"dateModified\":\"2025-11-27T08:55:35+00:00\",\"description\":\"Estetyczny, montowany do konstrukcji podajnik medycznych podk\u0142ad\u00f3w ochronnych. Umo\u017cliwia \u0142atwy dost\u0119p do rozwijanych podk\u0142ad\u00f3w. Kliknij i poznaj szczeg\u00f3\u0142y!\",\"breadcrumb\":{\"@id\":\"https:\\\/\\\/innow.pl\\\/produkt\\\/pod-do-fz02-finn-fz02-finn-at-podajnik-podkladow-ochronnych-nierdzewny\\\/#breadcrumb\"},\"inLanguage\":\"fr-FR\",\"potentialAction\":[{\"@type\":\"ReadAction\",\"target\":[\"https:\\\/\\\/innow.pl\\\/produkt\\\/pod-do-fz02-finn-fz02-finn-at-podajnik-podkladow-ochronnych-nierdzewny\\\/\"]}]},{\"@type\":\"ImageObject\",\"inLanguage\":\"fr-FR\",\"@id\":\"https:\\\/\\\/innow.pl\\\/produkt\\\/pod-do-fz02-finn-fz02-finn-at-podajnik-podkladow-ochronnych-nierdzewny\\\/#primaryimage\",\"url\":\"https:\\\/\\\/innow.pl\\\/wp-content\\\/uploads\\\/2024\\\/11\\\/Podajnik_podkladow_dla_FZ02FINN_i_AT_.jpg\",\"contentUrl\":\"https:\\\/\\\/innow.pl\\\/wp-content\\\/uploads\\\/2024\\\/11\\\/Podajnik_podkladow_dla_FZ02FINN_i_AT_.jpg\",\"width\":480,\"height\":480},{\"@type\":\"BreadcrumbList\",\"@id\":\"https:\\\/\\\/innow.pl\\\/produkt\\\/pod-do-fz02-finn-fz02-finn-at-podajnik-podkladow-ochronnych-nierdzewny\\\/#breadcrumb\",\"itemListElement\":[{\"@type\":\"ListItem\",\"position\":1,\"name\":\"INNOW\",\"item\":\"https:\\\/\\\/innow.pl\\\/fr\\\/\"},{\"@type\":\"ListItem\",\"position\":2,\"name\":\"Produkty\",\"item\":\"https:\\\/\\\/innow.pl\\\/produkty\\\/\"},{\"@type\":\"ListItem\",\"position\":3,\"name\":\"Ochrona i dezynfekcja\",\"item\":\"https:\\\/\\\/innow.pl\\\/produkty\\\/ochrona-i-dezynfekcja\\\/\"},{\"@type\":\"ListItem\",\"position\":4,\"name\":\"Podajniki podk\u0142ad\u00f3w ochronnych\",\"item\":\"https:\\\/\\\/innow.pl\\\/produkty\\\/ochrona-i-dezynfekcja\\\/podajniki-podkladow-ochronnych\\\/\"},{\"@type\":\"ListItem\",\"position\":5,\"name\":\"POD [do FZ-02 FINN, FZ-02 FINN AT] &#8211; Podajnik podk\u0142ad\u00f3w ochronnych nierdzewny\"}]},{\"@type\":\"WebSite\",\"@id\":\"https:\\\/\\\/innow.pl\\\/#website\",\"url\":\"https:\\\/\\\/innow.pl\\\/\",\"name\":\"INNOW\",\"description\":\"\",\"potentialAction\":[{\"@type\":\"SearchAction\",\"target\":{\"@type\":\"EntryPoint\",\"urlTemplate\":\"https:\\\/\\\/innow.pl\\\/?s={search_term_string}\"},\"query-input\":{\"@type\":\"PropertyValueSpecification\",\"valueRequired\":true,\"valueName\":\"search_term_string\"}}],\"inLanguage\":\"fr-FR\"}]}<\/script>\n<!-- \/ Yoast SEO plugin. -->","yoast_head_json":{"title":"POD [do FZ-02 FINN, FZ-02 FINN AT] - Podajnik podk\u0142ad\u00f3w ochronnych nierdzewny - INNOW","description":"Estetyczny, montowany do konstrukcji podajnik medycznych podk\u0142ad\u00f3w ochronnych. Umo\u017cliwia \u0142atwy dost\u0119p do rozwijanych podk\u0142ad\u00f3w. Kliknij i poznaj szczeg\u00f3\u0142y!","robots":{"index":"index","follow":"follow","max-snippet":"max-snippet:-1","max-image-preview":"max-image-preview:large","max-video-preview":"max-video-preview:-1"},"canonical":"https:\/\/innow.pl\/produkt\/pod-do-fz02-finn-fz02-finn-at-podajnik-podkladow-ochronnych-nierdzewny\/","og_locale":"fr_FR","og_type":"article","og_title":"POD [do FZ-02 FINN, FZ-02 FINN AT] - Podajnik podk\u0142ad\u00f3w ochronnych nierdzewny - INNOW","og_description":"Estetyczny, montowany do konstrukcji podajnik medycznych podk\u0142ad\u00f3w ochronnych. Umo\u017cliwia \u0142atwy dost\u0119p do rozwijanych podk\u0142ad\u00f3w. Kliknij i poznaj szczeg\u00f3\u0142y!","og_url":"https:\/\/innow.pl\/produkt\/pod-do-fz02-finn-fz02-finn-at-podajnik-podkladow-ochronnych-nierdzewny\/","og_site_name":"INNOW","article_modified_time":"2025-11-27T08:55:35+00:00","og_image":[{"width":480,"height":480,"url":"https:\/\/innow.pl\/wp-content\/uploads\/2024\/11\/Podajnik_podkladow_dla_FZ02FINN_i_AT_.jpg","type":"image\/jpeg"}],"twitter_card":"summary_large_image","twitter_misc":{"Dur\u00e9e de lecture estim\u00e9e":"1 minute"},"schema":{"@context":"https:\/\/schema.org","@graph":[{"@type":"WebPage","@id":"https:\/\/innow.pl\/produkt\/pod-do-fz02-finn-fz02-finn-at-podajnik-podkladow-ochronnych-nierdzewny\/","url":"https:\/\/innow.pl\/produkt\/pod-do-fz02-finn-fz02-finn-at-podajnik-podkladow-ochronnych-nierdzewny\/","name":"POD [do FZ-02 FINN, FZ-02 FINN AT] - Podajnik podk\u0142ad\u00f3w ochronnych nierdzewny - INNOW","isPartOf":{"@id":"https:\/\/innow.pl\/#website"},"primaryImageOfPage":{"@id":"https:\/\/innow.pl\/produkt\/pod-do-fz02-finn-fz02-finn-at-podajnik-podkladow-ochronnych-nierdzewny\/#primaryimage"},"image":{"@id":"https:\/\/innow.pl\/produkt\/pod-do-fz02-finn-fz02-finn-at-podajnik-podkladow-ochronnych-nierdzewny\/#primaryimage"},"thumbnailUrl":"https:\/\/innow.pl\/wp-content\/uploads\/2024\/11\/Podajnik_podkladow_dla_FZ02FINN_i_AT_.jpg","datePublished":"2017-09-01T05:03:02+00:00","dateModified":"2025-11-27T08:55:35+00:00","description":"Estetyczny, montowany do konstrukcji podajnik medycznych podk\u0142ad\u00f3w ochronnych. Umo\u017cliwia \u0142atwy dost\u0119p do rozwijanych podk\u0142ad\u00f3w. Kliknij i poznaj szczeg\u00f3\u0142y!","breadcrumb":{"@id":"https:\/\/innow.pl\/produkt\/pod-do-fz02-finn-fz02-finn-at-podajnik-podkladow-ochronnych-nierdzewny\/#breadcrumb"},"inLanguage":"fr-FR","potentialAction":[{"@type":"ReadAction","target":["https:\/\/innow.pl\/produkt\/pod-do-fz02-finn-fz02-finn-at-podajnik-podkladow-ochronnych-nierdzewny\/"]}]},{"@type":"ImageObject","inLanguage":"fr-FR","@id":"https:\/\/innow.pl\/produkt\/pod-do-fz02-finn-fz02-finn-at-podajnik-podkladow-ochronnych-nierdzewny\/#primaryimage","url":"https:\/\/innow.pl\/wp-content\/uploads\/2024\/11\/Podajnik_podkladow_dla_FZ02FINN_i_AT_.jpg","contentUrl":"https:\/\/innow.pl\/wp-content\/uploads\/2024\/11\/Podajnik_podkladow_dla_FZ02FINN_i_AT_.jpg","width":480,"height":480},{"@type":"BreadcrumbList","@id":"https:\/\/innow.pl\/produkt\/pod-do-fz02-finn-fz02-finn-at-podajnik-podkladow-ochronnych-nierdzewny\/#breadcrumb","itemListElement":[{"@type":"ListItem","position":1,"name":"INNOW","item":"https:\/\/innow.pl\/fr\/"},{"@type":"ListItem","position":2,"name":"Produkty","item":"https:\/\/innow.pl\/produkty\/"},{"@type":"ListItem","position":3,"name":"Ochrona i dezynfekcja","item":"https:\/\/innow.pl\/produkty\/ochrona-i-dezynfekcja\/"},{"@type":"ListItem","position":4,"name":"Podajniki podk\u0142ad\u00f3w ochronnych","item":"https:\/\/innow.pl\/produkty\/ochrona-i-dezynfekcja\/podajniki-podkladow-ochronnych\/"},{"@type":"ListItem","position":5,"name":"POD [do FZ-02 FINN, FZ-02 FINN AT] &#8211; Podajnik podk\u0142ad\u00f3w ochronnych nierdzewny"}]},{"@type":"WebSite","@id":"https:\/\/innow.pl\/#website","url":"https:\/\/innow.pl\/","name":"INNOW","description":"","potentialAction":[{"@type":"SearchAction","target":{"@type":"EntryPoint","urlTemplate":"https:\/\/innow.pl\/?s={search_term_string}"},"query-input":{"@type":"PropertyValueSpecification","valueRequired":true,"valueName":"search_term_string"}}],"inLanguage":"fr-FR"}]}},"_links":{"self":[{"href":"https:\/\/innow.pl\/fr\/wp-json\/wp\/v2\/product\/27440","targetHints":{"allow":["GET"]}}],"collection":[{"href":"https:\/\/innow.pl\/fr\/wp-json\/wp\/v2\/product"}],"about":[{"href":"https:\/\/innow.pl\/fr\/wp-json\/wp\/v2\/types\/product"}],"replies":[{"embeddable":true,"href":"https:\/\/innow.pl\/fr\/wp-json\/wp\/v2\/comments?post=27440"}],"wp:featuredmedia":[{"embeddable":true,"href":"https:\/\/innow.pl\/fr\/wp-json\/wp\/v2\/media\/27442"}],"wp:attachment":[{"href":"https:\/\/innow.pl\/fr\/wp-json\/wp\/v2\/media?parent=27440"}],"wp:term":[{"taxonomy":"product_brand","embeddable":true,"href":"https:\/\/innow.pl\/fr\/wp-json\/wp\/v2\/product_brand?post=27440"},{"taxonomy":"product_cat","embeddable":true,"href":"https:\/\/innow.pl\/fr\/wp-json\/wp\/v2\/product_cat?post=27440"},{"taxonomy":"product_tag","embeddable":true,"href":"https:\/\/innow.pl\/fr\/wp-json\/wp\/v2\/product_tag?post=27440"}],"curies":[{"name":"wp","href":"https:\/\/api.w.org\/{rel}","templated":true}]}}