{"id":27379,"date":"2024-01-16T07:30:47","date_gmt":"2024-01-16T06:30:47","guid":{"rendered":"https:\/\/innow.pl\/produkt\/s405d-evo-at-stol-do-transportu-chorych\/"},"modified":"2026-01-30T11:04:52","modified_gmt":"2026-01-30T10:04:52","slug":"s405d-evo-at-stol-do-transportu-chorych","status":"publish","type":"product","link":"https:\/\/innow.pl\/fr\/produkt\/s405d-evo-at-stol-do-transportu-chorych\/","title":{"rendered":"S405D EVO AT &#8211; St\u00f3\u0142 do transportu chorych, barierki uchylane, Trendelenburg i anty-Trendelenburg"},"content":{"rendered":"<p>St\u00f3\u0142 transportowy (w\u00f3zek do transportu pacjent\u00f3w, \u0142\u00f3\u017cko do transferu) S405D EVO AT s\u0142u\u017cy do transportu wewn\u0119trznego w budynkach plac\u00f3wek s\u0142u\u017cby zdrowia. Usprawnia i u\u0142atwia komunikacj\u0119 pomi\u0119dzy oddzia\u0142ami i gabinetami. <em>Z okazji 35-lecia istnienia firmy INNOW, wprowadzili\u015bmy na sta\u0142e do wyposa\u017cenia podstawowego: <\/em><\/p>\n<ul>\n<li><em>barierki boczne i szczyty ze stali nierdzewnej INOX,<\/em><\/li>\n<li><em>ko\u0142o kierunkowe,<\/em><\/li>\n<li><em>obudow\u0119 ramy dolnej.<\/em><\/li>\n<\/ul>\n<p>W\u00f3zek do przewo\u017cenia chorych (pacjent\u00f3w) posiada <strong>hydrauliczn\u0105 regulacj\u0119<\/strong> wysoko\u015bci realizowan\u0105 za pomoc\u0105 d\u017awigni umieszczonych po dw\u00f3ch stronach oraz daje mo\u017cliwo\u015b\u0107 uzyskania <strong>pozycji Trendelenburga<\/strong> i <strong>anty-Trendelenburga<\/strong>. Wyposa\u017cony w:<\/p>\n<ul>\n<li>ko\u0142a z <a style=\"color: #3f5ae0;\" href=\"https:\/\/innow.pl\/produkt\/centralny-system-hamowania\/\"><span style=\"text-decoration: underline;\">centralnym systemem hamowania<\/span><\/a>,<\/li>\n<li>uchylane barierki ze stali nierdzewnej,<\/li>\n<li>barierki czo\u0142owe (w tym jedn\u0105 dzielon\u0105) ze stali nierdzewnej,<\/li>\n<li>regulowany stojak na kropl\u00f3wki,<\/li>\n<li>podg\u0142\u00f3wek\/oparcie plec\u00f3w odchylane spr\u0119\u017cyn\u0105 gazow\u0105,<\/li>\n<li>obudow\u0119 podwozia.<\/li>\n<\/ul>\n<p>Rama dolna wykonana z profili stalowych pokrytych farba proszkow\u0105, odporn\u0105 na uszkodzenia mechaniczne. Opcjonalne wyposa\u017cenie do sto\u0142u widoczne jest pod opisem. \u00a0<\/p>\n<p style=\"text-align: center;\"><a>Informacje o w\u0142a\u015bciwo\u015bciach dost\u0119pnych <strong>materia\u0142\u00f3w obiciowych<\/strong> dost\u0119pne po klikni\u0119ciu w zdj\u0119cie:<\/a> <a href=\"https:\/\/innow.pl\/publikacje\/KatalogPDF\/Pokrycia-obiciowe-tapicerki.pdf\" target=\"_blank\" rel=\"noopener\"><img decoding=\"async\" class=\"aligncenter\" src=\"https:\/\/innow.pl\/wp-content\/uploads\/2024\/11\/Tapicerki.jpg\" \/><\/a><\/p>\n","protected":false},"excerpt":{"rendered":"<p>St\u00f3\u0142 transportowy (w\u00f3zek do transportu pacjent\u00f3w, \u0142\u00f3\u017cko do transferu) S405D EVO AT s\u0142u\u017cy do transportu wewn\u0119trznego w budynkach plac\u00f3wek s\u0142u\u017cby zdrowia. Usprawnia i u\u0142atwia komunikacj\u0119 pomi\u0119dzy oddzia\u0142ami i gabinetami. Z okazji 35-lecia istnienia firmy INNOW, wprowadzili\u015bmy na sta\u0142e do wyposa\u017cenia podstawowego: barierki boczne i szczyty ze stali nierdzewnej INOX, ko\u0142o kierunkowe, obudow\u0119 ramy dolnej. W\u00f3zek [&hellip;]<\/p>\n","protected":false},"featured_media":27382,"comment_status":"open","ping_status":"closed","template":"","meta":{"_acf_changed":false},"product_brand":[],"product_cat":[521,515,439],"product_tag":[],"class_list":{"0":"post-27379","1":"product","2":"type-product","3":"status-publish","4":"has-post-thumbnail","6":"product_cat-stoly-o-regulowanej-wysokosci","7":"product_cat-stoly-do-transportu-chorych","8":"product_cat-transport","9":"pa_dlugosc-209-cm","10":"pa_dlugosc-lezyska-190-cm","11":"pa_kat-odchylenia-podglowka-0-70","12":"pa_szerokosc-lezyska-60-cm-standardowa","13":"pa_szerokosc-lezyska-za-doplata-65-cm-545-zl-netto","14":"pa_szerokosc-lezyska-za-doplata-70-cm-685-zl-netto","16":"first","17":"instock","18":"taxable","19":"shipping-taxable","20":"purchasable","21":"product-type-simple"},"acf":[],"yoast_head":"<!-- This site is optimized with the Yoast SEO plugin v27.4 - https:\/\/yoast.com\/product\/yoast-seo-wordpress\/ -->\n<title>S405D EVO AT - St\u00f3\u0142 do transportu chorych, barierki uchylane, Trendelenburg i anty-Trendelenburg - INNOW<\/title>\n<meta name=\"description\" content=\"Funkcjonalny st\u00f3\u0142 do transportu chorych (w\u00f3zek do przewo\u017cenia pacjent\u00f3w), barierki uchylane, Trendelenburg, hydrauliczna reg. wysoko\u015bci, wieszak kropl\u00f3wki.\" \/>\n<meta name=\"robots\" content=\"index, follow, max-snippet:-1, max-image-preview:large, max-video-preview:-1\" \/>\n<link rel=\"canonical\" href=\"https:\/\/innow.pl\/produkt\/s405d-evo-at-stol-do-transportu-chorych\/\" \/>\n<meta property=\"og:locale\" content=\"fr_FR\" \/>\n<meta property=\"og:type\" content=\"article\" \/>\n<meta property=\"og:title\" content=\"S405D EVO AT - St\u00f3\u0142 do transportu chorych, barierki uchylane, Trendelenburg i anty-Trendelenburg - INNOW\" \/>\n<meta property=\"og:description\" content=\"Funkcjonalny st\u00f3\u0142 do transportu chorych (w\u00f3zek do przewo\u017cenia pacjent\u00f3w), barierki uchylane, Trendelenburg, hydrauliczna reg. wysoko\u015bci, wieszak kropl\u00f3wki.\" \/>\n<meta property=\"og:url\" content=\"https:\/\/innow.pl\/produkt\/s405d-evo-at-stol-do-transportu-chorych\/\" \/>\n<meta property=\"og:site_name\" content=\"INNOW\" \/>\n<meta property=\"article:modified_time\" content=\"2026-01-30T10:04:52+00:00\" \/>\n<meta property=\"og:image\" content=\"https:\/\/innow.pl\/wp-content\/uploads\/2024\/11\/S405DEVO_stol_do_transportu_1.jpg\" \/>\n\t<meta property=\"og:image:width\" content=\"800\" \/>\n\t<meta property=\"og:image:height\" content=\"800\" \/>\n\t<meta property=\"og:image:type\" content=\"image\/jpeg\" \/>\n<meta name=\"twitter:card\" content=\"summary_large_image\" \/>\n<meta name=\"twitter:label1\" content=\"Dur\u00e9e de lecture estim\u00e9e\" \/>\n\t<meta name=\"twitter:data1\" content=\"2 minutes\" \/>\n<script type=\"application\/ld+json\" class=\"yoast-schema-graph\">{\"@context\":\"https:\\\/\\\/schema.org\",\"@graph\":[{\"@type\":\"WebPage\",\"@id\":\"https:\\\/\\\/innow.pl\\\/produkt\\\/s405d-evo-at-stol-do-transportu-chorych\\\/\",\"url\":\"https:\\\/\\\/innow.pl\\\/produkt\\\/s405d-evo-at-stol-do-transportu-chorych\\\/\",\"name\":\"S405D EVO AT - St\u00f3\u0142 do transportu chorych, barierki uchylane, Trendelenburg i anty-Trendelenburg - INNOW\",\"isPartOf\":{\"@id\":\"https:\\\/\\\/innow.pl\\\/#website\"},\"primaryImageOfPage\":{\"@id\":\"https:\\\/\\\/innow.pl\\\/produkt\\\/s405d-evo-at-stol-do-transportu-chorych\\\/#primaryimage\"},\"image\":{\"@id\":\"https:\\\/\\\/innow.pl\\\/produkt\\\/s405d-evo-at-stol-do-transportu-chorych\\\/#primaryimage\"},\"thumbnailUrl\":\"https:\\\/\\\/innow.pl\\\/wp-content\\\/uploads\\\/2024\\\/11\\\/S405DEVO_stol_do_transportu_1.jpg\",\"datePublished\":\"2024-01-16T06:30:47+00:00\",\"dateModified\":\"2026-01-30T10:04:52+00:00\",\"description\":\"Funkcjonalny st\u00f3\u0142 do transportu chorych (w\u00f3zek do przewo\u017cenia pacjent\u00f3w), barierki uchylane, Trendelenburg, hydrauliczna reg. wysoko\u015bci, wieszak kropl\u00f3wki.\",\"breadcrumb\":{\"@id\":\"https:\\\/\\\/innow.pl\\\/produkt\\\/s405d-evo-at-stol-do-transportu-chorych\\\/#breadcrumb\"},\"inLanguage\":\"fr-FR\",\"potentialAction\":[{\"@type\":\"ReadAction\",\"target\":[\"https:\\\/\\\/innow.pl\\\/produkt\\\/s405d-evo-at-stol-do-transportu-chorych\\\/\"]}]},{\"@type\":\"ImageObject\",\"inLanguage\":\"fr-FR\",\"@id\":\"https:\\\/\\\/innow.pl\\\/produkt\\\/s405d-evo-at-stol-do-transportu-chorych\\\/#primaryimage\",\"url\":\"https:\\\/\\\/innow.pl\\\/wp-content\\\/uploads\\\/2024\\\/11\\\/S405DEVO_stol_do_transportu_1.jpg\",\"contentUrl\":\"https:\\\/\\\/innow.pl\\\/wp-content\\\/uploads\\\/2024\\\/11\\\/S405DEVO_stol_do_transportu_1.jpg\",\"width\":800,\"height\":800,\"caption\":\"St\u00f3\u0142 do transportu chorych, barierki uchylane, Trendelenburg i antyTrendelenburg - S405D EVO AT - INNOW\"},{\"@type\":\"BreadcrumbList\",\"@id\":\"https:\\\/\\\/innow.pl\\\/produkt\\\/s405d-evo-at-stol-do-transportu-chorych\\\/#breadcrumb\",\"itemListElement\":[{\"@type\":\"ListItem\",\"position\":1,\"name\":\"INNOW\",\"item\":\"https:\\\/\\\/innow.pl\\\/fr\\\/\"},{\"@type\":\"ListItem\",\"position\":2,\"name\":\"Produkty\",\"item\":\"https:\\\/\\\/innow.pl\\\/produkty\\\/\"},{\"@type\":\"ListItem\",\"position\":3,\"name\":\"Transport\",\"item\":\"https:\\\/\\\/innow.pl\\\/produkty\\\/transport\\\/\"},{\"@type\":\"ListItem\",\"position\":4,\"name\":\"Sto\u0142y, w\u00f3zki do transportu chorych\",\"item\":\"https:\\\/\\\/innow.pl\\\/produkty\\\/transport\\\/stoly-do-transportu-chorych\\\/\"},{\"@type\":\"ListItem\",\"position\":5,\"name\":\"Sto\u0142y o regulowanej wysoko\u015bci\",\"item\":\"https:\\\/\\\/innow.pl\\\/produkty\\\/transport\\\/stoly-do-transportu-chorych\\\/stoly-o-regulowanej-wysokosci\\\/\"},{\"@type\":\"ListItem\",\"position\":6,\"name\":\"S405D EVO AT &#8211; St\u00f3\u0142 do transportu chorych, barierki uchylane, Trendelenburg i anty-Trendelenburg\"}]},{\"@type\":\"WebSite\",\"@id\":\"https:\\\/\\\/innow.pl\\\/#website\",\"url\":\"https:\\\/\\\/innow.pl\\\/\",\"name\":\"INNOW\",\"description\":\"\",\"potentialAction\":[{\"@type\":\"SearchAction\",\"target\":{\"@type\":\"EntryPoint\",\"urlTemplate\":\"https:\\\/\\\/innow.pl\\\/?s={search_term_string}\"},\"query-input\":{\"@type\":\"PropertyValueSpecification\",\"valueRequired\":true,\"valueName\":\"search_term_string\"}}],\"inLanguage\":\"fr-FR\"}]}<\/script>\n<!-- \/ Yoast SEO plugin. -->","yoast_head_json":{"title":"S405D EVO AT - St\u00f3\u0142 do transportu chorych, barierki uchylane, Trendelenburg i anty-Trendelenburg - INNOW","description":"Funkcjonalny st\u00f3\u0142 do transportu chorych (w\u00f3zek do przewo\u017cenia pacjent\u00f3w), barierki uchylane, Trendelenburg, hydrauliczna reg. wysoko\u015bci, wieszak kropl\u00f3wki.","robots":{"index":"index","follow":"follow","max-snippet":"max-snippet:-1","max-image-preview":"max-image-preview:large","max-video-preview":"max-video-preview:-1"},"canonical":"https:\/\/innow.pl\/produkt\/s405d-evo-at-stol-do-transportu-chorych\/","og_locale":"fr_FR","og_type":"article","og_title":"S405D EVO AT - St\u00f3\u0142 do transportu chorych, barierki uchylane, Trendelenburg i anty-Trendelenburg - INNOW","og_description":"Funkcjonalny st\u00f3\u0142 do transportu chorych (w\u00f3zek do przewo\u017cenia pacjent\u00f3w), barierki uchylane, Trendelenburg, hydrauliczna reg. wysoko\u015bci, wieszak kropl\u00f3wki.","og_url":"https:\/\/innow.pl\/produkt\/s405d-evo-at-stol-do-transportu-chorych\/","og_site_name":"INNOW","article_modified_time":"2026-01-30T10:04:52+00:00","og_image":[{"width":800,"height":800,"url":"https:\/\/innow.pl\/wp-content\/uploads\/2024\/11\/S405DEVO_stol_do_transportu_1.jpg","type":"image\/jpeg"}],"twitter_card":"summary_large_image","twitter_misc":{"Dur\u00e9e de lecture estim\u00e9e":"2 minutes"},"schema":{"@context":"https:\/\/schema.org","@graph":[{"@type":"WebPage","@id":"https:\/\/innow.pl\/produkt\/s405d-evo-at-stol-do-transportu-chorych\/","url":"https:\/\/innow.pl\/produkt\/s405d-evo-at-stol-do-transportu-chorych\/","name":"S405D EVO AT - St\u00f3\u0142 do transportu chorych, barierki uchylane, Trendelenburg i anty-Trendelenburg - INNOW","isPartOf":{"@id":"https:\/\/innow.pl\/#website"},"primaryImageOfPage":{"@id":"https:\/\/innow.pl\/produkt\/s405d-evo-at-stol-do-transportu-chorych\/#primaryimage"},"image":{"@id":"https:\/\/innow.pl\/produkt\/s405d-evo-at-stol-do-transportu-chorych\/#primaryimage"},"thumbnailUrl":"https:\/\/innow.pl\/wp-content\/uploads\/2024\/11\/S405DEVO_stol_do_transportu_1.jpg","datePublished":"2024-01-16T06:30:47+00:00","dateModified":"2026-01-30T10:04:52+00:00","description":"Funkcjonalny st\u00f3\u0142 do transportu chorych (w\u00f3zek do przewo\u017cenia pacjent\u00f3w), barierki uchylane, Trendelenburg, hydrauliczna reg. wysoko\u015bci, wieszak kropl\u00f3wki.","breadcrumb":{"@id":"https:\/\/innow.pl\/produkt\/s405d-evo-at-stol-do-transportu-chorych\/#breadcrumb"},"inLanguage":"fr-FR","potentialAction":[{"@type":"ReadAction","target":["https:\/\/innow.pl\/produkt\/s405d-evo-at-stol-do-transportu-chorych\/"]}]},{"@type":"ImageObject","inLanguage":"fr-FR","@id":"https:\/\/innow.pl\/produkt\/s405d-evo-at-stol-do-transportu-chorych\/#primaryimage","url":"https:\/\/innow.pl\/wp-content\/uploads\/2024\/11\/S405DEVO_stol_do_transportu_1.jpg","contentUrl":"https:\/\/innow.pl\/wp-content\/uploads\/2024\/11\/S405DEVO_stol_do_transportu_1.jpg","width":800,"height":800,"caption":"St\u00f3\u0142 do transportu chorych, barierki uchylane, Trendelenburg i antyTrendelenburg - S405D EVO AT - INNOW"},{"@type":"BreadcrumbList","@id":"https:\/\/innow.pl\/produkt\/s405d-evo-at-stol-do-transportu-chorych\/#breadcrumb","itemListElement":[{"@type":"ListItem","position":1,"name":"INNOW","item":"https:\/\/innow.pl\/fr\/"},{"@type":"ListItem","position":2,"name":"Produkty","item":"https:\/\/innow.pl\/produkty\/"},{"@type":"ListItem","position":3,"name":"Transport","item":"https:\/\/innow.pl\/produkty\/transport\/"},{"@type":"ListItem","position":4,"name":"Sto\u0142y, w\u00f3zki do transportu chorych","item":"https:\/\/innow.pl\/produkty\/transport\/stoly-do-transportu-chorych\/"},{"@type":"ListItem","position":5,"name":"Sto\u0142y o regulowanej wysoko\u015bci","item":"https:\/\/innow.pl\/produkty\/transport\/stoly-do-transportu-chorych\/stoly-o-regulowanej-wysokosci\/"},{"@type":"ListItem","position":6,"name":"S405D EVO AT &#8211; St\u00f3\u0142 do transportu chorych, barierki uchylane, Trendelenburg i anty-Trendelenburg"}]},{"@type":"WebSite","@id":"https:\/\/innow.pl\/#website","url":"https:\/\/innow.pl\/","name":"INNOW","description":"","potentialAction":[{"@type":"SearchAction","target":{"@type":"EntryPoint","urlTemplate":"https:\/\/innow.pl\/?s={search_term_string}"},"query-input":{"@type":"PropertyValueSpecification","valueRequired":true,"valueName":"search_term_string"}}],"inLanguage":"fr-FR"}]}},"_links":{"self":[{"href":"https:\/\/innow.pl\/fr\/wp-json\/wp\/v2\/product\/27379","targetHints":{"allow":["GET"]}}],"collection":[{"href":"https:\/\/innow.pl\/fr\/wp-json\/wp\/v2\/product"}],"about":[{"href":"https:\/\/innow.pl\/fr\/wp-json\/wp\/v2\/types\/product"}],"replies":[{"embeddable":true,"href":"https:\/\/innow.pl\/fr\/wp-json\/wp\/v2\/comments?post=27379"}],"wp:featuredmedia":[{"embeddable":true,"href":"https:\/\/innow.pl\/fr\/wp-json\/wp\/v2\/media\/27382"}],"wp:attachment":[{"href":"https:\/\/innow.pl\/fr\/wp-json\/wp\/v2\/media?parent=27379"}],"wp:term":[{"taxonomy":"product_brand","embeddable":true,"href":"https:\/\/innow.pl\/fr\/wp-json\/wp\/v2\/product_brand?post=27379"},{"taxonomy":"product_cat","embeddable":true,"href":"https:\/\/innow.pl\/fr\/wp-json\/wp\/v2\/product_cat?post=27379"},{"taxonomy":"product_tag","embeddable":true,"href":"https:\/\/innow.pl\/fr\/wp-json\/wp\/v2\/product_tag?post=27379"}],"curies":[{"name":"wp","href":"https:\/\/api.w.org\/{rel}","templated":true}]}}