{"id":27336,"date":"2017-08-30T07:53:14","date_gmt":"2017-08-30T05:53:14","guid":{"rendered":"https:\/\/innow.pl\/produkt\/barierka-czolowa-dzielona\/"},"modified":"2025-02-19T11:32:59","modified_gmt":"2025-02-19T10:32:59","slug":"barierka-czolowa-dzielona","status":"publish","type":"product","link":"https:\/\/innow.pl\/fr\/produkt\/barierka-czolowa-dzielona\/","title":{"rendered":"Barierka czo\u0142owa dzielona"},"content":{"rendered":"<p>Barierka czo\u0142owa dzielona montowana od strony g\u0142owy. Mo\u017cliwe wyposa\u017cenie w ni\u0105 tylko sto\u0142u, kt\u00f3ry posiada gazow\u0105 regulacj\u0119 podg\u0142\u00f3wka.<\/p>\n","protected":false},"excerpt":{"rendered":"<p>Barierka czo\u0142owa dzielona montowana od strony g\u0142owy. Mo\u017cliwe wyposa\u017cenie w ni\u0105 tylko sto\u0142u, kt\u00f3ry posiada gazow\u0105 regulacj\u0119 podg\u0142\u00f3wka.<\/p>\n","protected":false},"featured_media":27338,"comment_status":"open","ping_status":"closed","template":"","meta":{"_acf_changed":false},"product_brand":[],"product_cat":[49],"product_tag":[],"class_list":{"0":"post-27336","1":"product","2":"type-product","3":"status-publish","4":"has-post-thumbnail","6":"product_cat-lazienka-i-wc","8":"first","9":"instock","10":"taxable","11":"shipping-taxable","12":"purchasable","13":"product-type-simple"},"acf":[],"yoast_head":"<!-- This site is optimized with the Yoast SEO plugin v27.4 - https:\/\/yoast.com\/product\/yoast-seo-wordpress\/ -->\n<title>Barierka czo\u0142owa dzielona - INNOW<\/title>\n<meta name=\"robots\" content=\"index, follow, max-snippet:-1, max-image-preview:large, max-video-preview:-1\" \/>\n<link rel=\"canonical\" href=\"https:\/\/innow.pl\/produkt\/barierka-czolowa-dzielona\/\" \/>\n<meta property=\"og:locale\" content=\"fr_FR\" \/>\n<meta property=\"og:type\" content=\"article\" \/>\n<meta property=\"og:title\" content=\"Barierka czo\u0142owa dzielona - INNOW\" \/>\n<meta property=\"og:description\" content=\"Barierka czo\u0142owa dzielona montowana od strony g\u0142owy. Mo\u017cliwe wyposa\u017cenie w ni\u0105 tylko sto\u0142u, kt\u00f3ry posiada gazow\u0105 regulacj\u0119 podg\u0142\u00f3wka.\" \/>\n<meta property=\"og:url\" content=\"https:\/\/innow.pl\/produkt\/barierka-czolowa-dzielona\/\" \/>\n<meta property=\"og:site_name\" content=\"INNOW\" \/>\n<meta property=\"article:modified_time\" content=\"2025-02-19T10:32:59+00:00\" \/>\n<meta property=\"og:image\" content=\"https:\/\/innow.pl\/wp-content\/uploads\/2024\/11\/P1010081___szczyt-dzielony__logo.jpg\" \/>\n\t<meta property=\"og:image:width\" content=\"1969\" \/>\n\t<meta property=\"og:image:height\" content=\"1521\" \/>\n\t<meta property=\"og:image:type\" content=\"image\/jpeg\" \/>\n<meta name=\"twitter:card\" content=\"summary_large_image\" \/>\n<meta name=\"twitter:label1\" content=\"Dur\u00e9e de lecture estim\u00e9e\" \/>\n\t<meta name=\"twitter:data1\" content=\"1 minute\" \/>\n<script type=\"application\/ld+json\" class=\"yoast-schema-graph\">{\"@context\":\"https:\\\/\\\/schema.org\",\"@graph\":[{\"@type\":\"WebPage\",\"@id\":\"https:\\\/\\\/innow.pl\\\/produkt\\\/barierka-czolowa-dzielona\\\/\",\"url\":\"https:\\\/\\\/innow.pl\\\/produkt\\\/barierka-czolowa-dzielona\\\/\",\"name\":\"Barierka czo\u0142owa dzielona - INNOW\",\"isPartOf\":{\"@id\":\"https:\\\/\\\/innow.pl\\\/#website\"},\"primaryImageOfPage\":{\"@id\":\"https:\\\/\\\/innow.pl\\\/produkt\\\/barierka-czolowa-dzielona\\\/#primaryimage\"},\"image\":{\"@id\":\"https:\\\/\\\/innow.pl\\\/produkt\\\/barierka-czolowa-dzielona\\\/#primaryimage\"},\"thumbnailUrl\":\"https:\\\/\\\/innow.pl\\\/wp-content\\\/uploads\\\/2024\\\/11\\\/P1010081___szczyt-dzielony__logo.jpg\",\"datePublished\":\"2017-08-30T05:53:14+00:00\",\"dateModified\":\"2025-02-19T10:32:59+00:00\",\"breadcrumb\":{\"@id\":\"https:\\\/\\\/innow.pl\\\/produkt\\\/barierka-czolowa-dzielona\\\/#breadcrumb\"},\"inLanguage\":\"fr-FR\",\"potentialAction\":[{\"@type\":\"ReadAction\",\"target\":[\"https:\\\/\\\/innow.pl\\\/produkt\\\/barierka-czolowa-dzielona\\\/\"]}]},{\"@type\":\"ImageObject\",\"inLanguage\":\"fr-FR\",\"@id\":\"https:\\\/\\\/innow.pl\\\/produkt\\\/barierka-czolowa-dzielona\\\/#primaryimage\",\"url\":\"https:\\\/\\\/innow.pl\\\/wp-content\\\/uploads\\\/2024\\\/11\\\/P1010081___szczyt-dzielony__logo.jpg\",\"contentUrl\":\"https:\\\/\\\/innow.pl\\\/wp-content\\\/uploads\\\/2024\\\/11\\\/P1010081___szczyt-dzielony__logo.jpg\",\"width\":1969,\"height\":1521,\"caption\":\"Barierka czo\u0142owa dzielona - INNOW\"},{\"@type\":\"BreadcrumbList\",\"@id\":\"https:\\\/\\\/innow.pl\\\/produkt\\\/barierka-czolowa-dzielona\\\/#breadcrumb\",\"itemListElement\":[{\"@type\":\"ListItem\",\"position\":1,\"name\":\"INNOW\",\"item\":\"https:\\\/\\\/innow.pl\\\/fr\\\/\"},{\"@type\":\"ListItem\",\"position\":2,\"name\":\"Produkty\",\"item\":\"https:\\\/\\\/innow.pl\\\/produkty\\\/\"},{\"@type\":\"ListItem\",\"position\":3,\"name\":\"\u0141azienka i WC\",\"item\":\"https:\\\/\\\/innow.pl\\\/produkty\\\/lazienka-i-wc\\\/\"},{\"@type\":\"ListItem\",\"position\":4,\"name\":\"Barierka czo\u0142owa dzielona\"}]},{\"@type\":\"WebSite\",\"@id\":\"https:\\\/\\\/innow.pl\\\/#website\",\"url\":\"https:\\\/\\\/innow.pl\\\/\",\"name\":\"INNOW\",\"description\":\"\",\"potentialAction\":[{\"@type\":\"SearchAction\",\"target\":{\"@type\":\"EntryPoint\",\"urlTemplate\":\"https:\\\/\\\/innow.pl\\\/?s={search_term_string}\"},\"query-input\":{\"@type\":\"PropertyValueSpecification\",\"valueRequired\":true,\"valueName\":\"search_term_string\"}}],\"inLanguage\":\"fr-FR\"}]}<\/script>\n<!-- \/ Yoast SEO plugin. -->","yoast_head_json":{"title":"Barierka czo\u0142owa dzielona - INNOW","robots":{"index":"index","follow":"follow","max-snippet":"max-snippet:-1","max-image-preview":"max-image-preview:large","max-video-preview":"max-video-preview:-1"},"canonical":"https:\/\/innow.pl\/produkt\/barierka-czolowa-dzielona\/","og_locale":"fr_FR","og_type":"article","og_title":"Barierka czo\u0142owa dzielona - INNOW","og_description":"Barierka czo\u0142owa dzielona montowana od strony g\u0142owy. Mo\u017cliwe wyposa\u017cenie w ni\u0105 tylko sto\u0142u, kt\u00f3ry posiada gazow\u0105 regulacj\u0119 podg\u0142\u00f3wka.","og_url":"https:\/\/innow.pl\/produkt\/barierka-czolowa-dzielona\/","og_site_name":"INNOW","article_modified_time":"2025-02-19T10:32:59+00:00","og_image":[{"width":1969,"height":1521,"url":"https:\/\/innow.pl\/wp-content\/uploads\/2024\/11\/P1010081___szczyt-dzielony__logo.jpg","type":"image\/jpeg"}],"twitter_card":"summary_large_image","twitter_misc":{"Dur\u00e9e de lecture estim\u00e9e":"1 minute"},"schema":{"@context":"https:\/\/schema.org","@graph":[{"@type":"WebPage","@id":"https:\/\/innow.pl\/produkt\/barierka-czolowa-dzielona\/","url":"https:\/\/innow.pl\/produkt\/barierka-czolowa-dzielona\/","name":"Barierka czo\u0142owa dzielona - INNOW","isPartOf":{"@id":"https:\/\/innow.pl\/#website"},"primaryImageOfPage":{"@id":"https:\/\/innow.pl\/produkt\/barierka-czolowa-dzielona\/#primaryimage"},"image":{"@id":"https:\/\/innow.pl\/produkt\/barierka-czolowa-dzielona\/#primaryimage"},"thumbnailUrl":"https:\/\/innow.pl\/wp-content\/uploads\/2024\/11\/P1010081___szczyt-dzielony__logo.jpg","datePublished":"2017-08-30T05:53:14+00:00","dateModified":"2025-02-19T10:32:59+00:00","breadcrumb":{"@id":"https:\/\/innow.pl\/produkt\/barierka-czolowa-dzielona\/#breadcrumb"},"inLanguage":"fr-FR","potentialAction":[{"@type":"ReadAction","target":["https:\/\/innow.pl\/produkt\/barierka-czolowa-dzielona\/"]}]},{"@type":"ImageObject","inLanguage":"fr-FR","@id":"https:\/\/innow.pl\/produkt\/barierka-czolowa-dzielona\/#primaryimage","url":"https:\/\/innow.pl\/wp-content\/uploads\/2024\/11\/P1010081___szczyt-dzielony__logo.jpg","contentUrl":"https:\/\/innow.pl\/wp-content\/uploads\/2024\/11\/P1010081___szczyt-dzielony__logo.jpg","width":1969,"height":1521,"caption":"Barierka czo\u0142owa dzielona - INNOW"},{"@type":"BreadcrumbList","@id":"https:\/\/innow.pl\/produkt\/barierka-czolowa-dzielona\/#breadcrumb","itemListElement":[{"@type":"ListItem","position":1,"name":"INNOW","item":"https:\/\/innow.pl\/fr\/"},{"@type":"ListItem","position":2,"name":"Produkty","item":"https:\/\/innow.pl\/produkty\/"},{"@type":"ListItem","position":3,"name":"\u0141azienka i WC","item":"https:\/\/innow.pl\/produkty\/lazienka-i-wc\/"},{"@type":"ListItem","position":4,"name":"Barierka czo\u0142owa dzielona"}]},{"@type":"WebSite","@id":"https:\/\/innow.pl\/#website","url":"https:\/\/innow.pl\/","name":"INNOW","description":"","potentialAction":[{"@type":"SearchAction","target":{"@type":"EntryPoint","urlTemplate":"https:\/\/innow.pl\/?s={search_term_string}"},"query-input":{"@type":"PropertyValueSpecification","valueRequired":true,"valueName":"search_term_string"}}],"inLanguage":"fr-FR"}]}},"_links":{"self":[{"href":"https:\/\/innow.pl\/fr\/wp-json\/wp\/v2\/product\/27336","targetHints":{"allow":["GET"]}}],"collection":[{"href":"https:\/\/innow.pl\/fr\/wp-json\/wp\/v2\/product"}],"about":[{"href":"https:\/\/innow.pl\/fr\/wp-json\/wp\/v2\/types\/product"}],"replies":[{"embeddable":true,"href":"https:\/\/innow.pl\/fr\/wp-json\/wp\/v2\/comments?post=27336"}],"wp:featuredmedia":[{"embeddable":true,"href":"https:\/\/innow.pl\/fr\/wp-json\/wp\/v2\/media\/27338"}],"wp:attachment":[{"href":"https:\/\/innow.pl\/fr\/wp-json\/wp\/v2\/media?parent=27336"}],"wp:term":[{"taxonomy":"product_brand","embeddable":true,"href":"https:\/\/innow.pl\/fr\/wp-json\/wp\/v2\/product_brand?post=27336"},{"taxonomy":"product_cat","embeddable":true,"href":"https:\/\/innow.pl\/fr\/wp-json\/wp\/v2\/product_cat?post=27336"},{"taxonomy":"product_tag","embeddable":true,"href":"https:\/\/innow.pl\/fr\/wp-json\/wp\/v2\/product_tag?post=27336"}],"curies":[{"name":"wp","href":"https:\/\/api.w.org\/{rel}","templated":true}]}}