{"id":27310,"date":"2017-08-29T13:50:54","date_gmt":"2017-08-29T11:50:54","guid":{"rendered":"https:\/\/innow.pl\/produkt\/ms6555-platforma-obrotowa-poduszka-medinn\/"},"modified":"2025-02-19T11:34:20","modified_gmt":"2025-02-19T10:34:20","slug":"ms6555-platforma-obrotowa-poduszka-medinn","status":"publish","type":"product","link":"https:\/\/innow.pl\/fr\/produkt\/ms6555-platforma-obrotowa-poduszka-medinn\/","title":{"rendered":"MS6555 &#8211; Platforma obrotowa-poduszka MEDINN"},"content":{"rendered":"<p>Platforma obrotowa-poduszka u\u0142atwiaj\u0105ca przenoszenie osoby siedz\u0105cej w samochodzie, na \u0142\u00f3\u017cko czy krze\u015ble. Zbudowana jest z dw\u00f3ch elastycznych dysk\u00f3w charakteryzuj\u0105cych si\u0119 niskim wsp\u00f3\u0142czynnikiem tarcia, obracaj\u0105cych si\u0119 w osi \u015brodkowej. Wyr\u00f3b posiada mi\u0119kk\u0105 g\u00f3rn\u0105 powierzchni\u0119, antypo\u015blizgowe dno, jest trwa\u0142y, przeno\u015bny i mo\u017cna prac go w pralce. Poszczeg\u00f3lne cechy produkt\u00f3w mog\u0105 r\u00f3\u017cni\u0107 si\u0119 od tych na zdj\u0119ciach.<\/p>\n","protected":false},"excerpt":{"rendered":"<p>Platforma obrotowa-poduszka u\u0142atwiaj\u0105ca przenoszenie osoby siedz\u0105cej w samochodzie, na \u0142\u00f3\u017cko czy krze\u015ble. Zbudowana jest z dw\u00f3ch elastycznych dysk\u00f3w charakteryzuj\u0105cych si\u0119 niskim wsp\u00f3\u0142czynnikiem tarcia, obracaj\u0105cych si\u0119 w osi \u015brodkowej. Wyr\u00f3b posiada mi\u0119kk\u0105 g\u00f3rn\u0105 powierzchni\u0119, antypo\u015blizgowe dno, jest trwa\u0142y, przeno\u015bny i mo\u017cna prac go w pralce. Poszczeg\u00f3lne cechy produkt\u00f3w mog\u0105 r\u00f3\u017cni\u0107 si\u0119 od tych na zdj\u0119ciach.<\/p>\n","protected":false},"featured_media":27312,"comment_status":"open","ping_status":"closed","template":"","meta":{"_acf_changed":false},"product_brand":[],"product_cat":[393,427,1020,392],"product_tag":[],"class_list":{"0":"post-27310","1":"product","2":"type-product","3":"status-publish","4":"has-post-thumbnail","6":"product_cat-od-reki-w-salonie","7":"product_cat-platformy-obrotowe","8":"product_cat-przemieszczanie-pacjentow","9":"product_cat-latwoslizgi-przemieszczanie-pacjentow","10":"pa_srednica-40-cm","11":"pa_wysokosc-2-cm","13":"first","14":"instock","15":"taxable","16":"shipping-taxable","17":"purchasable","18":"product-type-simple"},"acf":[],"yoast_head":"<!-- This site is optimized with the Yoast SEO plugin v27.4 - https:\/\/yoast.com\/product\/yoast-seo-wordpress\/ -->\n<title>MS6555 - Platforma obrotowa-poduszka MEDINN - INNOW<\/title>\n<meta name=\"description\" content=\"Komfortowa i praktyczna platforma obrotowa-poduszka MEDINN z mi\u0119kk\u0105 g\u00f3rn\u0105 oraz antypo\u015blizgow\u0105 doln\u0105 powierzchni\u0105. \u0141atwy obr\u00f3t pacjenta. Sprawd\u017a!\" \/>\n<meta name=\"robots\" content=\"index, follow, max-snippet:-1, max-image-preview:large, max-video-preview:-1\" \/>\n<link rel=\"canonical\" href=\"https:\/\/innow.pl\/produkt\/ms6555-platforma-obrotowa-poduszka-medinn\/\" \/>\n<meta property=\"og:locale\" content=\"fr_FR\" \/>\n<meta property=\"og:type\" content=\"article\" \/>\n<meta property=\"og:title\" content=\"MS6555 - Platforma obrotowa-poduszka MEDINN - INNOW\" \/>\n<meta property=\"og:description\" content=\"Komfortowa i praktyczna platforma obrotowa-poduszka MEDINN z mi\u0119kk\u0105 g\u00f3rn\u0105 oraz antypo\u015blizgow\u0105 doln\u0105 powierzchni\u0105. \u0141atwy obr\u00f3t pacjenta. Sprawd\u017a!\" \/>\n<meta property=\"og:url\" content=\"https:\/\/innow.pl\/produkt\/ms6555-platforma-obrotowa-poduszka-medinn\/\" \/>\n<meta property=\"og:site_name\" content=\"INNOW\" \/>\n<meta property=\"article:modified_time\" content=\"2025-02-19T10:34:20+00:00\" \/>\n<meta property=\"og:image\" content=\"https:\/\/innow.pl\/wp-content\/uploads\/2024\/11\/MS6555_1__.jpg\" \/>\n\t<meta property=\"og:image:width\" content=\"480\" \/>\n\t<meta property=\"og:image:height\" content=\"480\" \/>\n\t<meta property=\"og:image:type\" content=\"image\/jpeg\" \/>\n<meta name=\"twitter:card\" content=\"summary_large_image\" \/>\n<meta name=\"twitter:label1\" content=\"Dur\u00e9e de lecture estim\u00e9e\" \/>\n\t<meta name=\"twitter:data1\" content=\"1 minute\" \/>\n<script type=\"application\/ld+json\" class=\"yoast-schema-graph\">{\"@context\":\"https:\\\/\\\/schema.org\",\"@graph\":[{\"@type\":\"WebPage\",\"@id\":\"https:\\\/\\\/innow.pl\\\/produkt\\\/ms6555-platforma-obrotowa-poduszka-medinn\\\/\",\"url\":\"https:\\\/\\\/innow.pl\\\/produkt\\\/ms6555-platforma-obrotowa-poduszka-medinn\\\/\",\"name\":\"MS6555 - Platforma obrotowa-poduszka MEDINN - INNOW\",\"isPartOf\":{\"@id\":\"https:\\\/\\\/innow.pl\\\/#website\"},\"primaryImageOfPage\":{\"@id\":\"https:\\\/\\\/innow.pl\\\/produkt\\\/ms6555-platforma-obrotowa-poduszka-medinn\\\/#primaryimage\"},\"image\":{\"@id\":\"https:\\\/\\\/innow.pl\\\/produkt\\\/ms6555-platforma-obrotowa-poduszka-medinn\\\/#primaryimage\"},\"thumbnailUrl\":\"https:\\\/\\\/innow.pl\\\/wp-content\\\/uploads\\\/2024\\\/11\\\/MS6555_1__.jpg\",\"datePublished\":\"2017-08-29T11:50:54+00:00\",\"dateModified\":\"2025-02-19T10:34:20+00:00\",\"description\":\"Komfortowa i praktyczna platforma obrotowa-poduszka MEDINN z mi\u0119kk\u0105 g\u00f3rn\u0105 oraz antypo\u015blizgow\u0105 doln\u0105 powierzchni\u0105. \u0141atwy obr\u00f3t pacjenta. Sprawd\u017a!\",\"breadcrumb\":{\"@id\":\"https:\\\/\\\/innow.pl\\\/produkt\\\/ms6555-platforma-obrotowa-poduszka-medinn\\\/#breadcrumb\"},\"inLanguage\":\"fr-FR\",\"potentialAction\":[{\"@type\":\"ReadAction\",\"target\":[\"https:\\\/\\\/innow.pl\\\/produkt\\\/ms6555-platforma-obrotowa-poduszka-medinn\\\/\"]}]},{\"@type\":\"ImageObject\",\"inLanguage\":\"fr-FR\",\"@id\":\"https:\\\/\\\/innow.pl\\\/produkt\\\/ms6555-platforma-obrotowa-poduszka-medinn\\\/#primaryimage\",\"url\":\"https:\\\/\\\/innow.pl\\\/wp-content\\\/uploads\\\/2024\\\/11\\\/MS6555_1__.jpg\",\"contentUrl\":\"https:\\\/\\\/innow.pl\\\/wp-content\\\/uploads\\\/2024\\\/11\\\/MS6555_1__.jpg\",\"width\":480,\"height\":480,\"caption\":\"Platforma obrotowa-poduszka MEDINN \u2013 MS6555 \u2013 INNOW\"},{\"@type\":\"BreadcrumbList\",\"@id\":\"https:\\\/\\\/innow.pl\\\/produkt\\\/ms6555-platforma-obrotowa-poduszka-medinn\\\/#breadcrumb\",\"itemListElement\":[{\"@type\":\"ListItem\",\"position\":1,\"name\":\"INNOW\",\"item\":\"https:\\\/\\\/innow.pl\\\/fr\\\/\"},{\"@type\":\"ListItem\",\"position\":2,\"name\":\"Produkty\",\"item\":\"https:\\\/\\\/innow.pl\\\/produkty\\\/\"},{\"@type\":\"ListItem\",\"position\":3,\"name\":\"\u0141atwo\u015blizgi - przemieszczanie pacjent\u00f3w\",\"item\":\"https:\\\/\\\/innow.pl\\\/produkty\\\/latwoslizgi-przemieszczanie-pacjentow\\\/\"},{\"@type\":\"ListItem\",\"position\":4,\"name\":\"Platformy obrotowe\",\"item\":\"https:\\\/\\\/innow.pl\\\/produkty\\\/latwoslizgi-przemieszczanie-pacjentow\\\/platformy-obrotowe\\\/\"},{\"@type\":\"ListItem\",\"position\":5,\"name\":\"MS6555 &#8211; Platforma obrotowa-poduszka MEDINN\"}]},{\"@type\":\"WebSite\",\"@id\":\"https:\\\/\\\/innow.pl\\\/#website\",\"url\":\"https:\\\/\\\/innow.pl\\\/\",\"name\":\"INNOW\",\"description\":\"\",\"potentialAction\":[{\"@type\":\"SearchAction\",\"target\":{\"@type\":\"EntryPoint\",\"urlTemplate\":\"https:\\\/\\\/innow.pl\\\/?s={search_term_string}\"},\"query-input\":{\"@type\":\"PropertyValueSpecification\",\"valueRequired\":true,\"valueName\":\"search_term_string\"}}],\"inLanguage\":\"fr-FR\"}]}<\/script>\n<!-- \/ Yoast SEO plugin. -->","yoast_head_json":{"title":"MS6555 - Platforma obrotowa-poduszka MEDINN - INNOW","description":"Komfortowa i praktyczna platforma obrotowa-poduszka MEDINN z mi\u0119kk\u0105 g\u00f3rn\u0105 oraz antypo\u015blizgow\u0105 doln\u0105 powierzchni\u0105. \u0141atwy obr\u00f3t pacjenta. Sprawd\u017a!","robots":{"index":"index","follow":"follow","max-snippet":"max-snippet:-1","max-image-preview":"max-image-preview:large","max-video-preview":"max-video-preview:-1"},"canonical":"https:\/\/innow.pl\/produkt\/ms6555-platforma-obrotowa-poduszka-medinn\/","og_locale":"fr_FR","og_type":"article","og_title":"MS6555 - Platforma obrotowa-poduszka MEDINN - INNOW","og_description":"Komfortowa i praktyczna platforma obrotowa-poduszka MEDINN z mi\u0119kk\u0105 g\u00f3rn\u0105 oraz antypo\u015blizgow\u0105 doln\u0105 powierzchni\u0105. \u0141atwy obr\u00f3t pacjenta. Sprawd\u017a!","og_url":"https:\/\/innow.pl\/produkt\/ms6555-platforma-obrotowa-poduszka-medinn\/","og_site_name":"INNOW","article_modified_time":"2025-02-19T10:34:20+00:00","og_image":[{"width":480,"height":480,"url":"https:\/\/innow.pl\/wp-content\/uploads\/2024\/11\/MS6555_1__.jpg","type":"image\/jpeg"}],"twitter_card":"summary_large_image","twitter_misc":{"Dur\u00e9e de lecture estim\u00e9e":"1 minute"},"schema":{"@context":"https:\/\/schema.org","@graph":[{"@type":"WebPage","@id":"https:\/\/innow.pl\/produkt\/ms6555-platforma-obrotowa-poduszka-medinn\/","url":"https:\/\/innow.pl\/produkt\/ms6555-platforma-obrotowa-poduszka-medinn\/","name":"MS6555 - Platforma obrotowa-poduszka MEDINN - INNOW","isPartOf":{"@id":"https:\/\/innow.pl\/#website"},"primaryImageOfPage":{"@id":"https:\/\/innow.pl\/produkt\/ms6555-platforma-obrotowa-poduszka-medinn\/#primaryimage"},"image":{"@id":"https:\/\/innow.pl\/produkt\/ms6555-platforma-obrotowa-poduszka-medinn\/#primaryimage"},"thumbnailUrl":"https:\/\/innow.pl\/wp-content\/uploads\/2024\/11\/MS6555_1__.jpg","datePublished":"2017-08-29T11:50:54+00:00","dateModified":"2025-02-19T10:34:20+00:00","description":"Komfortowa i praktyczna platforma obrotowa-poduszka MEDINN z mi\u0119kk\u0105 g\u00f3rn\u0105 oraz antypo\u015blizgow\u0105 doln\u0105 powierzchni\u0105. \u0141atwy obr\u00f3t pacjenta. Sprawd\u017a!","breadcrumb":{"@id":"https:\/\/innow.pl\/produkt\/ms6555-platforma-obrotowa-poduszka-medinn\/#breadcrumb"},"inLanguage":"fr-FR","potentialAction":[{"@type":"ReadAction","target":["https:\/\/innow.pl\/produkt\/ms6555-platforma-obrotowa-poduszka-medinn\/"]}]},{"@type":"ImageObject","inLanguage":"fr-FR","@id":"https:\/\/innow.pl\/produkt\/ms6555-platforma-obrotowa-poduszka-medinn\/#primaryimage","url":"https:\/\/innow.pl\/wp-content\/uploads\/2024\/11\/MS6555_1__.jpg","contentUrl":"https:\/\/innow.pl\/wp-content\/uploads\/2024\/11\/MS6555_1__.jpg","width":480,"height":480,"caption":"Platforma obrotowa-poduszka MEDINN \u2013 MS6555 \u2013 INNOW"},{"@type":"BreadcrumbList","@id":"https:\/\/innow.pl\/produkt\/ms6555-platforma-obrotowa-poduszka-medinn\/#breadcrumb","itemListElement":[{"@type":"ListItem","position":1,"name":"INNOW","item":"https:\/\/innow.pl\/fr\/"},{"@type":"ListItem","position":2,"name":"Produkty","item":"https:\/\/innow.pl\/produkty\/"},{"@type":"ListItem","position":3,"name":"\u0141atwo\u015blizgi - przemieszczanie pacjent\u00f3w","item":"https:\/\/innow.pl\/produkty\/latwoslizgi-przemieszczanie-pacjentow\/"},{"@type":"ListItem","position":4,"name":"Platformy obrotowe","item":"https:\/\/innow.pl\/produkty\/latwoslizgi-przemieszczanie-pacjentow\/platformy-obrotowe\/"},{"@type":"ListItem","position":5,"name":"MS6555 &#8211; Platforma obrotowa-poduszka MEDINN"}]},{"@type":"WebSite","@id":"https:\/\/innow.pl\/#website","url":"https:\/\/innow.pl\/","name":"INNOW","description":"","potentialAction":[{"@type":"SearchAction","target":{"@type":"EntryPoint","urlTemplate":"https:\/\/innow.pl\/?s={search_term_string}"},"query-input":{"@type":"PropertyValueSpecification","valueRequired":true,"valueName":"search_term_string"}}],"inLanguage":"fr-FR"}]}},"_links":{"self":[{"href":"https:\/\/innow.pl\/fr\/wp-json\/wp\/v2\/product\/27310","targetHints":{"allow":["GET"]}}],"collection":[{"href":"https:\/\/innow.pl\/fr\/wp-json\/wp\/v2\/product"}],"about":[{"href":"https:\/\/innow.pl\/fr\/wp-json\/wp\/v2\/types\/product"}],"replies":[{"embeddable":true,"href":"https:\/\/innow.pl\/fr\/wp-json\/wp\/v2\/comments?post=27310"}],"wp:featuredmedia":[{"embeddable":true,"href":"https:\/\/innow.pl\/fr\/wp-json\/wp\/v2\/media\/27312"}],"wp:attachment":[{"href":"https:\/\/innow.pl\/fr\/wp-json\/wp\/v2\/media?parent=27310"}],"wp:term":[{"taxonomy":"product_brand","embeddable":true,"href":"https:\/\/innow.pl\/fr\/wp-json\/wp\/v2\/product_brand?post=27310"},{"taxonomy":"product_cat","embeddable":true,"href":"https:\/\/innow.pl\/fr\/wp-json\/wp\/v2\/product_cat?post=27310"},{"taxonomy":"product_tag","embeddable":true,"href":"https:\/\/innow.pl\/fr\/wp-json\/wp\/v2\/product_tag?post=27310"}],"curies":[{"name":"wp","href":"https:\/\/api.w.org\/{rel}","templated":true}]}}