{"id":27272,"date":"2017-08-29T13:09:08","date_gmt":"2017-08-29T11:09:08","guid":{"rendered":"https:\/\/innow.pl\/produkt\/ms6220-plyta-slizgowa-krotka-z-pokrowcem-nylonowym-medinn\/"},"modified":"2025-02-19T11:44:14","modified_gmt":"2025-02-19T10:44:14","slug":"ms6220-plyta-slizgowa-krotka-z-pokrowcem-nylonowym-medinn","status":"publish","type":"product","link":"https:\/\/innow.pl\/fr\/produkt\/ms6220-plyta-slizgowa-krotka-z-pokrowcem-nylonowym-medinn\/","title":{"rendered":"MS6220 &#8211; P\u0142yta \u015blizgowa kr\u00f3tka MEDINN 90&#215;50 cm (z pokrowcem nylonowym)"},"content":{"rendered":"<p>P\u0142yta \u015blizgowa kr\u00f3tka MEDINN 90&#215;50 cm w zestawie z nylonowym wymiennym pokrowcem zapewniaj\u0105cym niskie tarcie oraz \u0142atwe utrzymanie wyrobu w czysto\u015bci. S\u0142u\u017cy do komfortowego i \u0142atwego przenoszenia pacjent\u00f3w pomi\u0119dzy \u0142\u00f3\u017ckiem a sto\u0142em operacyjnym, w\u00f3zkiem, czy meblami medycznymi. Powierzchnie, pomi\u0119dzy kt\u00f3rymi nast\u0119puje transport pacjenta, nie mog\u0105 by\u0107 oddalone od siebie o wi\u0119cej ni\u017c 20 cm oraz r\u00f3\u017cnica poziom\u00f3w pomi\u0119dzy nimi r\u00f3wnie\u017c nie mo\u017ce przekracza\u0107 20 cm.<\/p>\n","protected":false},"excerpt":{"rendered":"<p>P\u0142yta \u015blizgowa kr\u00f3tka MEDINN 90&#215;50 cm w zestawie z nylonowym wymiennym pokrowcem zapewniaj\u0105cym niskie tarcie oraz \u0142atwe utrzymanie wyrobu w czysto\u015bci. S\u0142u\u017cy do komfortowego i \u0142atwego przenoszenia pacjent\u00f3w pomi\u0119dzy \u0142\u00f3\u017ckiem a sto\u0142em operacyjnym, w\u00f3zkiem, czy meblami medycznymi. Powierzchnie, pomi\u0119dzy kt\u00f3rymi nast\u0119puje transport pacjenta, nie mog\u0105 by\u0107 oddalone od siebie o wi\u0119cej ni\u017c 20 cm oraz [&hellip;]<\/p>\n","protected":false},"featured_media":27274,"comment_status":"open","ping_status":"closed","template":"","meta":{"_acf_changed":false},"product_brand":[],"product_cat":[424,392],"product_tag":[],"class_list":{"0":"post-27272","1":"product","2":"type-product","3":"status-publish","4":"has-post-thumbnail","6":"product_cat-plyty-slizgowe","7":"product_cat-latwoslizgi-przemieszczanie-pacjentow","8":"pa_dlugosc-90-cm","9":"pa_szerokosc-50-cm","11":"first","12":"instock","13":"taxable","14":"shipping-taxable","15":"purchasable","16":"product-type-simple"},"acf":[],"yoast_head":"<!-- This site is optimized with the Yoast SEO plugin v27.4 - https:\/\/yoast.com\/product\/yoast-seo-wordpress\/ -->\n<title>MS6220 - P\u0142yta \u015blizgowa kr\u00f3tka MEDINN 90x50 cm (z pokrowcem nylonowym) - INNOW<\/title>\n<meta name=\"description\" content=\"Praktyczna p\u0142yta \u015blizgowa kr\u00f3tka MEDINN 90x50 cm (z pokrowcem nylonowym) do \u0142atwego i bezpiecznego przenoszenia pacjent\u00f3w. Kliknij!\" \/>\n<meta name=\"robots\" content=\"index, follow, max-snippet:-1, max-image-preview:large, max-video-preview:-1\" \/>\n<link rel=\"canonical\" href=\"https:\/\/innow.pl\/produkt\/ms6220-plyta-slizgowa-krotka-z-pokrowcem-nylonowym-medinn\/\" \/>\n<meta property=\"og:locale\" content=\"fr_FR\" \/>\n<meta property=\"og:type\" content=\"article\" \/>\n<meta property=\"og:title\" content=\"MS6220 - P\u0142yta \u015blizgowa kr\u00f3tka MEDINN 90x50 cm (z pokrowcem nylonowym) - INNOW\" \/>\n<meta property=\"og:description\" content=\"Praktyczna p\u0142yta \u015blizgowa kr\u00f3tka MEDINN 90x50 cm (z pokrowcem nylonowym) do \u0142atwego i bezpiecznego przenoszenia pacjent\u00f3w. Kliknij!\" \/>\n<meta property=\"og:url\" content=\"https:\/\/innow.pl\/produkt\/ms6220-plyta-slizgowa-krotka-z-pokrowcem-nylonowym-medinn\/\" \/>\n<meta property=\"og:site_name\" content=\"INNOW\" \/>\n<meta property=\"article:modified_time\" content=\"2025-02-19T10:44:14+00:00\" \/>\n<meta property=\"og:image\" content=\"https:\/\/innow.pl\/wp-content\/uploads\/2024\/11\/MS6220-new.jpg\" \/>\n\t<meta property=\"og:image:width\" content=\"400\" \/>\n\t<meta property=\"og:image:height\" content=\"400\" \/>\n\t<meta property=\"og:image:type\" content=\"image\/jpeg\" \/>\n<meta name=\"twitter:card\" content=\"summary_large_image\" \/>\n<meta name=\"twitter:label1\" content=\"Dur\u00e9e de lecture estim\u00e9e\" \/>\n\t<meta name=\"twitter:data1\" content=\"1 minute\" \/>\n<script type=\"application\/ld+json\" class=\"yoast-schema-graph\">{\"@context\":\"https:\\\/\\\/schema.org\",\"@graph\":[{\"@type\":\"WebPage\",\"@id\":\"https:\\\/\\\/innow.pl\\\/produkt\\\/ms6220-plyta-slizgowa-krotka-z-pokrowcem-nylonowym-medinn\\\/\",\"url\":\"https:\\\/\\\/innow.pl\\\/produkt\\\/ms6220-plyta-slizgowa-krotka-z-pokrowcem-nylonowym-medinn\\\/\",\"name\":\"MS6220 - P\u0142yta \u015blizgowa kr\u00f3tka MEDINN 90x50 cm (z pokrowcem nylonowym) - INNOW\",\"isPartOf\":{\"@id\":\"https:\\\/\\\/innow.pl\\\/#website\"},\"primaryImageOfPage\":{\"@id\":\"https:\\\/\\\/innow.pl\\\/produkt\\\/ms6220-plyta-slizgowa-krotka-z-pokrowcem-nylonowym-medinn\\\/#primaryimage\"},\"image\":{\"@id\":\"https:\\\/\\\/innow.pl\\\/produkt\\\/ms6220-plyta-slizgowa-krotka-z-pokrowcem-nylonowym-medinn\\\/#primaryimage\"},\"thumbnailUrl\":\"https:\\\/\\\/innow.pl\\\/wp-content\\\/uploads\\\/2024\\\/11\\\/MS6220-new.jpg\",\"datePublished\":\"2017-08-29T11:09:08+00:00\",\"dateModified\":\"2025-02-19T10:44:14+00:00\",\"description\":\"Praktyczna p\u0142yta \u015blizgowa kr\u00f3tka MEDINN 90x50 cm (z pokrowcem nylonowym) do \u0142atwego i bezpiecznego przenoszenia pacjent\u00f3w. Kliknij!\",\"breadcrumb\":{\"@id\":\"https:\\\/\\\/innow.pl\\\/produkt\\\/ms6220-plyta-slizgowa-krotka-z-pokrowcem-nylonowym-medinn\\\/#breadcrumb\"},\"inLanguage\":\"fr-FR\",\"potentialAction\":[{\"@type\":\"ReadAction\",\"target\":[\"https:\\\/\\\/innow.pl\\\/produkt\\\/ms6220-plyta-slizgowa-krotka-z-pokrowcem-nylonowym-medinn\\\/\"]}]},{\"@type\":\"ImageObject\",\"inLanguage\":\"fr-FR\",\"@id\":\"https:\\\/\\\/innow.pl\\\/produkt\\\/ms6220-plyta-slizgowa-krotka-z-pokrowcem-nylonowym-medinn\\\/#primaryimage\",\"url\":\"https:\\\/\\\/innow.pl\\\/wp-content\\\/uploads\\\/2024\\\/11\\\/MS6220-new.jpg\",\"contentUrl\":\"https:\\\/\\\/innow.pl\\\/wp-content\\\/uploads\\\/2024\\\/11\\\/MS6220-new.jpg\",\"width\":400,\"height\":400,\"caption\":\"P\u0142yta \u015blizgowa kr\u00f3tka MEDINN 90x50 cm (z pokrowcem nylonowym) \u2013 MS6220 \u2013 INNOW\"},{\"@type\":\"BreadcrumbList\",\"@id\":\"https:\\\/\\\/innow.pl\\\/produkt\\\/ms6220-plyta-slizgowa-krotka-z-pokrowcem-nylonowym-medinn\\\/#breadcrumb\",\"itemListElement\":[{\"@type\":\"ListItem\",\"position\":1,\"name\":\"INNOW\",\"item\":\"https:\\\/\\\/innow.pl\\\/fr\\\/\"},{\"@type\":\"ListItem\",\"position\":2,\"name\":\"Produkty\",\"item\":\"https:\\\/\\\/innow.pl\\\/produkty\\\/\"},{\"@type\":\"ListItem\",\"position\":3,\"name\":\"\u0141atwo\u015blizgi - przemieszczanie pacjent\u00f3w\",\"item\":\"https:\\\/\\\/innow.pl\\\/produkty\\\/latwoslizgi-przemieszczanie-pacjentow\\\/\"},{\"@type\":\"ListItem\",\"position\":4,\"name\":\"P\u0142yty \u015blizgowe\",\"item\":\"https:\\\/\\\/innow.pl\\\/produkty\\\/latwoslizgi-przemieszczanie-pacjentow\\\/plyty-slizgowe\\\/\"},{\"@type\":\"ListItem\",\"position\":5,\"name\":\"MS6220 &#8211; P\u0142yta \u015blizgowa kr\u00f3tka MEDINN 90&#215;50 cm (z pokrowcem nylonowym)\"}]},{\"@type\":\"WebSite\",\"@id\":\"https:\\\/\\\/innow.pl\\\/#website\",\"url\":\"https:\\\/\\\/innow.pl\\\/\",\"name\":\"INNOW\",\"description\":\"\",\"potentialAction\":[{\"@type\":\"SearchAction\",\"target\":{\"@type\":\"EntryPoint\",\"urlTemplate\":\"https:\\\/\\\/innow.pl\\\/?s={search_term_string}\"},\"query-input\":{\"@type\":\"PropertyValueSpecification\",\"valueRequired\":true,\"valueName\":\"search_term_string\"}}],\"inLanguage\":\"fr-FR\"}]}<\/script>\n<!-- \/ Yoast SEO plugin. -->","yoast_head_json":{"title":"MS6220 - P\u0142yta \u015blizgowa kr\u00f3tka MEDINN 90x50 cm (z pokrowcem nylonowym) - INNOW","description":"Praktyczna p\u0142yta \u015blizgowa kr\u00f3tka MEDINN 90x50 cm (z pokrowcem nylonowym) do \u0142atwego i bezpiecznego przenoszenia pacjent\u00f3w. Kliknij!","robots":{"index":"index","follow":"follow","max-snippet":"max-snippet:-1","max-image-preview":"max-image-preview:large","max-video-preview":"max-video-preview:-1"},"canonical":"https:\/\/innow.pl\/produkt\/ms6220-plyta-slizgowa-krotka-z-pokrowcem-nylonowym-medinn\/","og_locale":"fr_FR","og_type":"article","og_title":"MS6220 - P\u0142yta \u015blizgowa kr\u00f3tka MEDINN 90x50 cm (z pokrowcem nylonowym) - INNOW","og_description":"Praktyczna p\u0142yta \u015blizgowa kr\u00f3tka MEDINN 90x50 cm (z pokrowcem nylonowym) do \u0142atwego i bezpiecznego przenoszenia pacjent\u00f3w. Kliknij!","og_url":"https:\/\/innow.pl\/produkt\/ms6220-plyta-slizgowa-krotka-z-pokrowcem-nylonowym-medinn\/","og_site_name":"INNOW","article_modified_time":"2025-02-19T10:44:14+00:00","og_image":[{"width":400,"height":400,"url":"https:\/\/innow.pl\/wp-content\/uploads\/2024\/11\/MS6220-new.jpg","type":"image\/jpeg"}],"twitter_card":"summary_large_image","twitter_misc":{"Dur\u00e9e de lecture estim\u00e9e":"1 minute"},"schema":{"@context":"https:\/\/schema.org","@graph":[{"@type":"WebPage","@id":"https:\/\/innow.pl\/produkt\/ms6220-plyta-slizgowa-krotka-z-pokrowcem-nylonowym-medinn\/","url":"https:\/\/innow.pl\/produkt\/ms6220-plyta-slizgowa-krotka-z-pokrowcem-nylonowym-medinn\/","name":"MS6220 - P\u0142yta \u015blizgowa kr\u00f3tka MEDINN 90x50 cm (z pokrowcem nylonowym) - INNOW","isPartOf":{"@id":"https:\/\/innow.pl\/#website"},"primaryImageOfPage":{"@id":"https:\/\/innow.pl\/produkt\/ms6220-plyta-slizgowa-krotka-z-pokrowcem-nylonowym-medinn\/#primaryimage"},"image":{"@id":"https:\/\/innow.pl\/produkt\/ms6220-plyta-slizgowa-krotka-z-pokrowcem-nylonowym-medinn\/#primaryimage"},"thumbnailUrl":"https:\/\/innow.pl\/wp-content\/uploads\/2024\/11\/MS6220-new.jpg","datePublished":"2017-08-29T11:09:08+00:00","dateModified":"2025-02-19T10:44:14+00:00","description":"Praktyczna p\u0142yta \u015blizgowa kr\u00f3tka MEDINN 90x50 cm (z pokrowcem nylonowym) do \u0142atwego i bezpiecznego przenoszenia pacjent\u00f3w. Kliknij!","breadcrumb":{"@id":"https:\/\/innow.pl\/produkt\/ms6220-plyta-slizgowa-krotka-z-pokrowcem-nylonowym-medinn\/#breadcrumb"},"inLanguage":"fr-FR","potentialAction":[{"@type":"ReadAction","target":["https:\/\/innow.pl\/produkt\/ms6220-plyta-slizgowa-krotka-z-pokrowcem-nylonowym-medinn\/"]}]},{"@type":"ImageObject","inLanguage":"fr-FR","@id":"https:\/\/innow.pl\/produkt\/ms6220-plyta-slizgowa-krotka-z-pokrowcem-nylonowym-medinn\/#primaryimage","url":"https:\/\/innow.pl\/wp-content\/uploads\/2024\/11\/MS6220-new.jpg","contentUrl":"https:\/\/innow.pl\/wp-content\/uploads\/2024\/11\/MS6220-new.jpg","width":400,"height":400,"caption":"P\u0142yta \u015blizgowa kr\u00f3tka MEDINN 90x50 cm (z pokrowcem nylonowym) \u2013 MS6220 \u2013 INNOW"},{"@type":"BreadcrumbList","@id":"https:\/\/innow.pl\/produkt\/ms6220-plyta-slizgowa-krotka-z-pokrowcem-nylonowym-medinn\/#breadcrumb","itemListElement":[{"@type":"ListItem","position":1,"name":"INNOW","item":"https:\/\/innow.pl\/fr\/"},{"@type":"ListItem","position":2,"name":"Produkty","item":"https:\/\/innow.pl\/produkty\/"},{"@type":"ListItem","position":3,"name":"\u0141atwo\u015blizgi - przemieszczanie pacjent\u00f3w","item":"https:\/\/innow.pl\/produkty\/latwoslizgi-przemieszczanie-pacjentow\/"},{"@type":"ListItem","position":4,"name":"P\u0142yty \u015blizgowe","item":"https:\/\/innow.pl\/produkty\/latwoslizgi-przemieszczanie-pacjentow\/plyty-slizgowe\/"},{"@type":"ListItem","position":5,"name":"MS6220 &#8211; P\u0142yta \u015blizgowa kr\u00f3tka MEDINN 90&#215;50 cm (z pokrowcem nylonowym)"}]},{"@type":"WebSite","@id":"https:\/\/innow.pl\/#website","url":"https:\/\/innow.pl\/","name":"INNOW","description":"","potentialAction":[{"@type":"SearchAction","target":{"@type":"EntryPoint","urlTemplate":"https:\/\/innow.pl\/?s={search_term_string}"},"query-input":{"@type":"PropertyValueSpecification","valueRequired":true,"valueName":"search_term_string"}}],"inLanguage":"fr-FR"}]}},"_links":{"self":[{"href":"https:\/\/innow.pl\/fr\/wp-json\/wp\/v2\/product\/27272","targetHints":{"allow":["GET"]}}],"collection":[{"href":"https:\/\/innow.pl\/fr\/wp-json\/wp\/v2\/product"}],"about":[{"href":"https:\/\/innow.pl\/fr\/wp-json\/wp\/v2\/types\/product"}],"replies":[{"embeddable":true,"href":"https:\/\/innow.pl\/fr\/wp-json\/wp\/v2\/comments?post=27272"}],"wp:featuredmedia":[{"embeddable":true,"href":"https:\/\/innow.pl\/fr\/wp-json\/wp\/v2\/media\/27274"}],"wp:attachment":[{"href":"https:\/\/innow.pl\/fr\/wp-json\/wp\/v2\/media?parent=27272"}],"wp:term":[{"taxonomy":"product_brand","embeddable":true,"href":"https:\/\/innow.pl\/fr\/wp-json\/wp\/v2\/product_brand?post=27272"},{"taxonomy":"product_cat","embeddable":true,"href":"https:\/\/innow.pl\/fr\/wp-json\/wp\/v2\/product_cat?post=27272"},{"taxonomy":"product_tag","embeddable":true,"href":"https:\/\/innow.pl\/fr\/wp-json\/wp\/v2\/product_tag?post=27272"}],"curies":[{"name":"wp","href":"https:\/\/api.w.org\/{rel}","templated":true}]}}