{"id":27248,"date":"2017-08-29T12:13:56","date_gmt":"2017-08-29T10:13:56","guid":{"rendered":"https:\/\/innow.pl\/produkt\/ms6420-panel-slizgowy-podluzny-nosze-2-uchwyty\/"},"modified":"2025-02-19T11:46:47","modified_gmt":"2025-02-19T10:46:47","slug":"ms6420-panel-slizgowy-podluzny-nosze-2-uchwyty","status":"publish","type":"product","link":"https:\/\/innow.pl\/fr\/produkt\/ms6420-panel-slizgowy-podluzny-nosze-2-uchwyty\/","title":{"rendered":"MS6420 &#8211; Panel \u015blizgowy pod\u0142u\u017cny (nosze, 2 uchwyty)"},"content":{"rendered":"<p>Panel \u015blizgowy z uchwytami przy d\u0142u\u017cszych bokach. S\u0142u\u017cy do przemieszczania pacjent\u00f3w np. pomi\u0119dzy \u0142\u00f3\u017ckiem a w\u00f3zkiem inwalidzkim, czy w\u00f3zkiem a toalet\u0105. Wyr\u00f3b umo\u017cliwia bezpieczne i szybkie przetransportowanie osoby zmniejszaj\u0105c wysi\u0142ek personelu do tego potrzebny. Wykonany jest ze sprasowanego polietylenu i odporny jest na dzia\u0142anie promieniowania UV.<\/p>\n","protected":false},"excerpt":{"rendered":"<p>Panel \u015blizgowy z uchwytami przy d\u0142u\u017cszych bokach. S\u0142u\u017cy do przemieszczania pacjent\u00f3w np. pomi\u0119dzy \u0142\u00f3\u017ckiem a w\u00f3zkiem inwalidzkim, czy w\u00f3zkiem a toalet\u0105. Wyr\u00f3b umo\u017cliwia bezpieczne i szybkie przetransportowanie osoby zmniejszaj\u0105c wysi\u0142ek personelu do tego potrzebny. Wykonany jest ze sprasowanego polietylenu i odporny jest na dzia\u0142anie promieniowania UV.<\/p>\n","protected":false},"featured_media":27250,"comment_status":"open","ping_status":"closed","template":"","meta":{"_acf_changed":false},"product_brand":[],"product_cat":[421,392],"product_tag":[],"class_list":{"0":"post-27248","1":"product","2":"type-product","3":"status-publish","4":"has-post-thumbnail","6":"product_cat-panele-slizgowe","7":"product_cat-latwoslizgi-przemieszczanie-pacjentow","8":"pa_dlugosc-150-cm","9":"pa_szerokosc-65-cm","10":"pa_wysokosc-05-cm","12":"first","13":"instock","14":"taxable","15":"shipping-taxable","16":"purchasable","17":"product-type-simple"},"acf":[],"yoast_head":"<!-- This site is optimized with the Yoast SEO plugin v27.4 - https:\/\/yoast.com\/product\/yoast-seo-wordpress\/ -->\n<title>MS6420 - Panel \u015blizgowy pod\u0142u\u017cny (nosze, 2 uchwyty) - INNOW<\/title>\n<meta name=\"description\" content=\"Niedrogi panel \u015blizgowy pod\u0142u\u017cny (nosze, 2 uchwyty) do bezpiecznego i szybkiego przemieszczenia pacjenta. Zmniejszony wysi\u0142ek personelu. Sprawd\u017a!\" \/>\n<meta name=\"robots\" content=\"index, follow, max-snippet:-1, max-image-preview:large, max-video-preview:-1\" \/>\n<link rel=\"canonical\" href=\"https:\/\/innow.pl\/produkt\/ms6420-panel-slizgowy-podluzny-nosze-2-uchwyty\/\" \/>\n<meta property=\"og:locale\" content=\"fr_FR\" \/>\n<meta property=\"og:type\" content=\"article\" \/>\n<meta property=\"og:title\" content=\"MS6420 - Panel \u015blizgowy pod\u0142u\u017cny (nosze, 2 uchwyty) - INNOW\" \/>\n<meta property=\"og:description\" content=\"Niedrogi panel \u015blizgowy pod\u0142u\u017cny (nosze, 2 uchwyty) do bezpiecznego i szybkiego przemieszczenia pacjenta. Zmniejszony wysi\u0142ek personelu. Sprawd\u017a!\" \/>\n<meta property=\"og:url\" content=\"https:\/\/innow.pl\/produkt\/ms6420-panel-slizgowy-podluzny-nosze-2-uchwyty\/\" \/>\n<meta property=\"og:site_name\" content=\"INNOW\" \/>\n<meta property=\"article:modified_time\" content=\"2025-02-19T10:46:47+00:00\" \/>\n<meta property=\"og:image\" content=\"https:\/\/innow.pl\/wp-content\/uploads\/2024\/11\/MS6420_new_1.jpg\" \/>\n\t<meta property=\"og:image:width\" content=\"480\" \/>\n\t<meta property=\"og:image:height\" content=\"480\" \/>\n\t<meta property=\"og:image:type\" content=\"image\/jpeg\" \/>\n<meta name=\"twitter:card\" content=\"summary_large_image\" \/>\n<meta name=\"twitter:label1\" content=\"Dur\u00e9e de lecture estim\u00e9e\" \/>\n\t<meta name=\"twitter:data1\" content=\"1 minute\" \/>\n<script type=\"application\/ld+json\" class=\"yoast-schema-graph\">{\"@context\":\"https:\\\/\\\/schema.org\",\"@graph\":[{\"@type\":\"WebPage\",\"@id\":\"https:\\\/\\\/innow.pl\\\/produkt\\\/ms6420-panel-slizgowy-podluzny-nosze-2-uchwyty\\\/\",\"url\":\"https:\\\/\\\/innow.pl\\\/produkt\\\/ms6420-panel-slizgowy-podluzny-nosze-2-uchwyty\\\/\",\"name\":\"MS6420 - Panel \u015blizgowy pod\u0142u\u017cny (nosze, 2 uchwyty) - INNOW\",\"isPartOf\":{\"@id\":\"https:\\\/\\\/innow.pl\\\/#website\"},\"primaryImageOfPage\":{\"@id\":\"https:\\\/\\\/innow.pl\\\/produkt\\\/ms6420-panel-slizgowy-podluzny-nosze-2-uchwyty\\\/#primaryimage\"},\"image\":{\"@id\":\"https:\\\/\\\/innow.pl\\\/produkt\\\/ms6420-panel-slizgowy-podluzny-nosze-2-uchwyty\\\/#primaryimage\"},\"thumbnailUrl\":\"https:\\\/\\\/innow.pl\\\/wp-content\\\/uploads\\\/2024\\\/11\\\/MS6420_new_1.jpg\",\"datePublished\":\"2017-08-29T10:13:56+00:00\",\"dateModified\":\"2025-02-19T10:46:47+00:00\",\"description\":\"Niedrogi panel \u015blizgowy pod\u0142u\u017cny (nosze, 2 uchwyty) do bezpiecznego i szybkiego przemieszczenia pacjenta. Zmniejszony wysi\u0142ek personelu. Sprawd\u017a!\",\"breadcrumb\":{\"@id\":\"https:\\\/\\\/innow.pl\\\/produkt\\\/ms6420-panel-slizgowy-podluzny-nosze-2-uchwyty\\\/#breadcrumb\"},\"inLanguage\":\"fr-FR\",\"potentialAction\":[{\"@type\":\"ReadAction\",\"target\":[\"https:\\\/\\\/innow.pl\\\/produkt\\\/ms6420-panel-slizgowy-podluzny-nosze-2-uchwyty\\\/\"]}]},{\"@type\":\"ImageObject\",\"inLanguage\":\"fr-FR\",\"@id\":\"https:\\\/\\\/innow.pl\\\/produkt\\\/ms6420-panel-slizgowy-podluzny-nosze-2-uchwyty\\\/#primaryimage\",\"url\":\"https:\\\/\\\/innow.pl\\\/wp-content\\\/uploads\\\/2024\\\/11\\\/MS6420_new_1.jpg\",\"contentUrl\":\"https:\\\/\\\/innow.pl\\\/wp-content\\\/uploads\\\/2024\\\/11\\\/MS6420_new_1.jpg\",\"width\":480,\"height\":480,\"caption\":\"Panel \u015blizgowy pod\u0142u\u017cny (nosze, 2 uchwyty) \u2013 MS6420 \u2013 INNOW\"},{\"@type\":\"BreadcrumbList\",\"@id\":\"https:\\\/\\\/innow.pl\\\/produkt\\\/ms6420-panel-slizgowy-podluzny-nosze-2-uchwyty\\\/#breadcrumb\",\"itemListElement\":[{\"@type\":\"ListItem\",\"position\":1,\"name\":\"INNOW\",\"item\":\"https:\\\/\\\/innow.pl\\\/fr\\\/\"},{\"@type\":\"ListItem\",\"position\":2,\"name\":\"Produkty\",\"item\":\"https:\\\/\\\/innow.pl\\\/produkty\\\/\"},{\"@type\":\"ListItem\",\"position\":3,\"name\":\"Glide aids \u2013 patient transfer\",\"item\":\"https:\\\/\\\/innow.pl\\\/en\\\/produkty\\\/glide-aids-patient-transfer\\\/\"},{\"@type\":\"ListItem\",\"position\":4,\"name\":\"Sliding panels\",\"item\":\"https:\\\/\\\/innow.pl\\\/en\\\/produkty\\\/glide-aids-patient-transfer\\\/sliding-panels\\\/\"},{\"@type\":\"ListItem\",\"position\":5,\"name\":\"MS6420 &#8211; Panel \u015blizgowy pod\u0142u\u017cny (nosze, 2 uchwyty)\"}]},{\"@type\":\"WebSite\",\"@id\":\"https:\\\/\\\/innow.pl\\\/#website\",\"url\":\"https:\\\/\\\/innow.pl\\\/\",\"name\":\"INNOW\",\"description\":\"\",\"potentialAction\":[{\"@type\":\"SearchAction\",\"target\":{\"@type\":\"EntryPoint\",\"urlTemplate\":\"https:\\\/\\\/innow.pl\\\/?s={search_term_string}\"},\"query-input\":{\"@type\":\"PropertyValueSpecification\",\"valueRequired\":true,\"valueName\":\"search_term_string\"}}],\"inLanguage\":\"fr-FR\"}]}<\/script>\n<!-- \/ Yoast SEO plugin. -->","yoast_head_json":{"title":"MS6420 - Panel \u015blizgowy pod\u0142u\u017cny (nosze, 2 uchwyty) - INNOW","description":"Niedrogi panel \u015blizgowy pod\u0142u\u017cny (nosze, 2 uchwyty) do bezpiecznego i szybkiego przemieszczenia pacjenta. Zmniejszony wysi\u0142ek personelu. Sprawd\u017a!","robots":{"index":"index","follow":"follow","max-snippet":"max-snippet:-1","max-image-preview":"max-image-preview:large","max-video-preview":"max-video-preview:-1"},"canonical":"https:\/\/innow.pl\/produkt\/ms6420-panel-slizgowy-podluzny-nosze-2-uchwyty\/","og_locale":"fr_FR","og_type":"article","og_title":"MS6420 - Panel \u015blizgowy pod\u0142u\u017cny (nosze, 2 uchwyty) - INNOW","og_description":"Niedrogi panel \u015blizgowy pod\u0142u\u017cny (nosze, 2 uchwyty) do bezpiecznego i szybkiego przemieszczenia pacjenta. Zmniejszony wysi\u0142ek personelu. Sprawd\u017a!","og_url":"https:\/\/innow.pl\/produkt\/ms6420-panel-slizgowy-podluzny-nosze-2-uchwyty\/","og_site_name":"INNOW","article_modified_time":"2025-02-19T10:46:47+00:00","og_image":[{"width":480,"height":480,"url":"https:\/\/innow.pl\/wp-content\/uploads\/2024\/11\/MS6420_new_1.jpg","type":"image\/jpeg"}],"twitter_card":"summary_large_image","twitter_misc":{"Dur\u00e9e de lecture estim\u00e9e":"1 minute"},"schema":{"@context":"https:\/\/schema.org","@graph":[{"@type":"WebPage","@id":"https:\/\/innow.pl\/produkt\/ms6420-panel-slizgowy-podluzny-nosze-2-uchwyty\/","url":"https:\/\/innow.pl\/produkt\/ms6420-panel-slizgowy-podluzny-nosze-2-uchwyty\/","name":"MS6420 - Panel \u015blizgowy pod\u0142u\u017cny (nosze, 2 uchwyty) - INNOW","isPartOf":{"@id":"https:\/\/innow.pl\/#website"},"primaryImageOfPage":{"@id":"https:\/\/innow.pl\/produkt\/ms6420-panel-slizgowy-podluzny-nosze-2-uchwyty\/#primaryimage"},"image":{"@id":"https:\/\/innow.pl\/produkt\/ms6420-panel-slizgowy-podluzny-nosze-2-uchwyty\/#primaryimage"},"thumbnailUrl":"https:\/\/innow.pl\/wp-content\/uploads\/2024\/11\/MS6420_new_1.jpg","datePublished":"2017-08-29T10:13:56+00:00","dateModified":"2025-02-19T10:46:47+00:00","description":"Niedrogi panel \u015blizgowy pod\u0142u\u017cny (nosze, 2 uchwyty) do bezpiecznego i szybkiego przemieszczenia pacjenta. Zmniejszony wysi\u0142ek personelu. Sprawd\u017a!","breadcrumb":{"@id":"https:\/\/innow.pl\/produkt\/ms6420-panel-slizgowy-podluzny-nosze-2-uchwyty\/#breadcrumb"},"inLanguage":"fr-FR","potentialAction":[{"@type":"ReadAction","target":["https:\/\/innow.pl\/produkt\/ms6420-panel-slizgowy-podluzny-nosze-2-uchwyty\/"]}]},{"@type":"ImageObject","inLanguage":"fr-FR","@id":"https:\/\/innow.pl\/produkt\/ms6420-panel-slizgowy-podluzny-nosze-2-uchwyty\/#primaryimage","url":"https:\/\/innow.pl\/wp-content\/uploads\/2024\/11\/MS6420_new_1.jpg","contentUrl":"https:\/\/innow.pl\/wp-content\/uploads\/2024\/11\/MS6420_new_1.jpg","width":480,"height":480,"caption":"Panel \u015blizgowy pod\u0142u\u017cny (nosze, 2 uchwyty) \u2013 MS6420 \u2013 INNOW"},{"@type":"BreadcrumbList","@id":"https:\/\/innow.pl\/produkt\/ms6420-panel-slizgowy-podluzny-nosze-2-uchwyty\/#breadcrumb","itemListElement":[{"@type":"ListItem","position":1,"name":"INNOW","item":"https:\/\/innow.pl\/fr\/"},{"@type":"ListItem","position":2,"name":"Produkty","item":"https:\/\/innow.pl\/produkty\/"},{"@type":"ListItem","position":3,"name":"Glide aids \u2013 patient transfer","item":"https:\/\/innow.pl\/en\/produkty\/glide-aids-patient-transfer\/"},{"@type":"ListItem","position":4,"name":"Sliding panels","item":"https:\/\/innow.pl\/en\/produkty\/glide-aids-patient-transfer\/sliding-panels\/"},{"@type":"ListItem","position":5,"name":"MS6420 &#8211; Panel \u015blizgowy pod\u0142u\u017cny (nosze, 2 uchwyty)"}]},{"@type":"WebSite","@id":"https:\/\/innow.pl\/#website","url":"https:\/\/innow.pl\/","name":"INNOW","description":"","potentialAction":[{"@type":"SearchAction","target":{"@type":"EntryPoint","urlTemplate":"https:\/\/innow.pl\/?s={search_term_string}"},"query-input":{"@type":"PropertyValueSpecification","valueRequired":true,"valueName":"search_term_string"}}],"inLanguage":"fr-FR"}]}},"_links":{"self":[{"href":"https:\/\/innow.pl\/fr\/wp-json\/wp\/v2\/product\/27248","targetHints":{"allow":["GET"]}}],"collection":[{"href":"https:\/\/innow.pl\/fr\/wp-json\/wp\/v2\/product"}],"about":[{"href":"https:\/\/innow.pl\/fr\/wp-json\/wp\/v2\/types\/product"}],"replies":[{"embeddable":true,"href":"https:\/\/innow.pl\/fr\/wp-json\/wp\/v2\/comments?post=27248"}],"wp:featuredmedia":[{"embeddable":true,"href":"https:\/\/innow.pl\/fr\/wp-json\/wp\/v2\/media\/27250"}],"wp:attachment":[{"href":"https:\/\/innow.pl\/fr\/wp-json\/wp\/v2\/media?parent=27248"}],"wp:term":[{"taxonomy":"product_brand","embeddable":true,"href":"https:\/\/innow.pl\/fr\/wp-json\/wp\/v2\/product_brand?post=27248"},{"taxonomy":"product_cat","embeddable":true,"href":"https:\/\/innow.pl\/fr\/wp-json\/wp\/v2\/product_cat?post=27248"},{"taxonomy":"product_tag","embeddable":true,"href":"https:\/\/innow.pl\/fr\/wp-json\/wp\/v2\/product_tag?post=27248"}],"curies":[{"name":"wp","href":"https:\/\/api.w.org\/{rel}","templated":true}]}}