{"id":27217,"date":"2017-08-29T06:53:50","date_gmt":"2017-08-29T04:53:50","guid":{"rendered":"https:\/\/innow.pl\/produkt\/s422h-evo-eu-stol-rehabilitacyjny-wzmocniony-eureka-z-hydrauliczna-reg-wys\/"},"modified":"2025-10-02T14:44:52","modified_gmt":"2025-10-02T12:44:52","slug":"s422h-evo-eu-stol-rehabilitacyjny-wzmocniony-eureka-z-hydrauliczna-reg-wys","status":"publish","type":"product","link":"https:\/\/innow.pl\/fr\/produkt\/s422h-evo-eu-stol-rehabilitacyjny-wzmocniony-eureka-z-hydrauliczna-reg-wys\/","title":{"rendered":"S422 EVO EU H &#8211; St\u00f3\u0142 rehabilitacyjny wzmocniony EUREKA z hydrauliczn\u0105 regulacj\u0105 wysoko\u015bci"},"content":{"rendered":"<p>St\u00f3\u0142 rehabilitacyjny o wysoko\u015bci regulowanej hydraulicznie oraz niezale\u017cnej ramie dolnej i r\u00f3wnolegle podnoszonej ramie g\u00f3rnej. Dzi\u0119ki bardzo stabilnej oraz solidnej konstrukcji, st\u00f3\u0142 mo\u017cna wykorzystywa\u0107 jako fotel. Mo\u017cliwe jest to w przypadku dokupienia opcji 3-cz\u0119\u015bciowego le\u017cyska, pozwalaj\u0105cego przyj\u0105\u0107 przez pacjenta komfortow\u0105 pozycj\u0119 siedz\u0105c\u0105. <strong>Wyposa\u017cenie w wersji podstawowej:<\/strong><\/p>\n<ul>\n<li>le\u017cysko dwucz\u0119\u015bciowe z podg\u0142\u00f3wkiem,<\/li>\n<li>regulacja podg\u0142\u00f3wka spr\u0119\u017cyn\u0105 gazow\u0105.<\/li>\n<\/ul>\n<p style=\"text-align: left\"><em>Na zdj\u0119ciu widoczna jest podstawowa wersja sto\u0142u. <\/em> Wyposa\u017cenie opcjonalne do dokupienia widoczne jest pod opisem.<\/p>\n<p style=\"text-align: left\"><a>Informacje o w\u0142a\u015bciwo\u015bciach dost\u0119pnych <strong>materia\u0142\u00f3w obiciowych<\/strong> dost\u0119pne po klikni\u0119ciu w zdj\u0119cie:<\/a><\/p>\n<p style=\"text-align: left\"><a href=\"https:\/\/innow.pl\/publikacje\/KatalogPDF\/Pokrycia-obiciowe-tapicerki.pdf\" target=\"_blank\" rel=\"noopener\"><img decoding=\"async\" src=\"https:\/\/innow.pl\/wp-content\/uploads\/2024\/11\/Tapicerki.jpg\" \/><\/a><\/p>\n<hr \/>\n<div style=\"flex-wrap: nowrap;align-items: center;justify-content: center;padding: 12px 0 4px 0\"><img decoding=\"async\" style=\"max-width: 100px;margin-right: 18px;border: 0\" src=\"https:\/\/innow.pl\/wp-content\/uploads\/2024\/11\/Ohim_logo_wzor_zastrzezony-16.png\" \/><\/p>\n<p style=\"text-align: center\"><em>Niniejszy wyr\u00f3b podlega ochronie na podstawie \u015bwiadectwa wystawionego <\/em> <em> przez Urz\u0105d Harmonizacji Rynku Wewn\u0119trznego Unii Europejskiej OHIM jako <\/em> <em> zastrze\u017cony wz\u00f3r u\u017cytkowy.<\/em><\/p>\n<\/div>\n<hr \/>\n<div style=\"text-align: center\">\u00a0<\/div>\n","protected":false},"excerpt":{"rendered":"<p>St\u00f3\u0142 rehabilitacyjny o wysoko\u015bci regulowanej hydraulicznie oraz niezale\u017cnej ramie dolnej i r\u00f3wnolegle podnoszonej ramie g\u00f3rnej. Dzi\u0119ki bardzo stabilnej oraz solidnej konstrukcji, st\u00f3\u0142 mo\u017cna wykorzystywa\u0107 jako fotel. Mo\u017cliwe jest to w przypadku dokupienia opcji 3-cz\u0119\u015bciowego le\u017cyska, pozwalaj\u0105cego przyj\u0105\u0107 przez pacjenta komfortow\u0105 pozycj\u0119 siedz\u0105c\u0105. Wyposa\u017cenie w wersji podstawowej: le\u017cysko dwucz\u0119\u015bciowe z podg\u0142\u00f3wkiem, regulacja podg\u0142\u00f3wka spr\u0119\u017cyn\u0105 gazow\u0105. Na [&hellip;]<\/p>\n","protected":false},"featured_media":27221,"comment_status":"open","ping_status":"closed","template":"","meta":{"_acf_changed":false},"product_brand":[],"product_cat":[406,501,454],"product_tag":[],"class_list":{"0":"post-27217","1":"product","2":"type-product","3":"status-publish","4":"has-post-thumbnail","6":"product_cat-stoly-rehabilitacyjne","7":"product_cat-stoly-hydrauliczne-na-wahaczach","8":"product_cat-stoly-z-hydrauliczna-regulacja-wysokosci","9":"pa_dlugosc-200-cm","10":"pa_regulacja-podglowka-w-dol-591","11":"pa_regulacja-podglowka-w-gore-631","12":"pa_szerokosc-standardowa-70-cm","13":"pa_szerokosc-za-doplata-65-cm-i-75-cm-430-zl-netto-80-cm-610-zl-netto-90-cm-755-zl-netto","14":"pa_wysokosc-55-88-cm","15":"pa_wytrzymalosc-200-kg","17":"first","18":"instock","19":"taxable","20":"shipping-taxable","21":"purchasable","22":"product-type-simple"},"acf":[],"yoast_head":"<!-- This site is optimized with the Yoast SEO plugin v27.4 - https:\/\/yoast.com\/product\/yoast-seo-wordpress\/ -->\n<title>S422 EVO EU H - St\u00f3\u0142 rehabilitacyjny wzmocniony EUREKA z hydrauliczn\u0105 regulacj\u0105 wysoko\u015bci - INNOW<\/title>\n<meta name=\"description\" content=\"Super jako\u015b\u0107! St\u00f3\u0142 rehabilitacyjny wzmocniony EUREKA z hydrauliczn\u0105 regulacj\u0105 wysoko\u015bci i 2-cz\u0119\u015bciowym le\u017cyskiem. Sprawd\u017a szczeg\u00f3\u0142y!\" \/>\n<meta name=\"robots\" content=\"index, follow, max-snippet:-1, max-image-preview:large, max-video-preview:-1\" \/>\n<link rel=\"canonical\" href=\"https:\/\/innow.pl\/produkt\/s422h-evo-eu-stol-rehabilitacyjny-wzmocniony-eureka-z-hydrauliczna-reg-wys\/\" \/>\n<meta property=\"og:locale\" content=\"fr_FR\" \/>\n<meta property=\"og:type\" content=\"article\" \/>\n<meta property=\"og:title\" content=\"S422 EVO EU H - St\u00f3\u0142 rehabilitacyjny wzmocniony EUREKA z hydrauliczn\u0105 regulacj\u0105 wysoko\u015bci - INNOW\" \/>\n<meta property=\"og:description\" content=\"Super jako\u015b\u0107! St\u00f3\u0142 rehabilitacyjny wzmocniony EUREKA z hydrauliczn\u0105 regulacj\u0105 wysoko\u015bci i 2-cz\u0119\u015bciowym le\u017cyskiem. Sprawd\u017a szczeg\u00f3\u0142y!\" \/>\n<meta property=\"og:url\" content=\"https:\/\/innow.pl\/produkt\/s422h-evo-eu-stol-rehabilitacyjny-wzmocniony-eureka-z-hydrauliczna-reg-wys\/\" \/>\n<meta property=\"og:site_name\" content=\"INNOW\" \/>\n<meta property=\"article:modified_time\" content=\"2025-10-02T12:44:52+00:00\" \/>\n<meta property=\"og:image\" content=\"https:\/\/innow.pl\/wp-content\/uploads\/2024\/11\/S442-EVO-EU-H-2022.jpg\" \/>\n\t<meta property=\"og:image:width\" content=\"800\" \/>\n\t<meta property=\"og:image:height\" content=\"800\" \/>\n\t<meta property=\"og:image:type\" content=\"image\/jpeg\" \/>\n<meta name=\"twitter:card\" content=\"summary_large_image\" \/>\n<meta name=\"twitter:label1\" content=\"Dur\u00e9e de lecture estim\u00e9e\" \/>\n\t<meta name=\"twitter:data1\" content=\"2 minutes\" \/>\n<script type=\"application\/ld+json\" class=\"yoast-schema-graph\">{\"@context\":\"https:\\\/\\\/schema.org\",\"@graph\":[{\"@type\":\"WebPage\",\"@id\":\"https:\\\/\\\/innow.pl\\\/produkt\\\/s422h-evo-eu-stol-rehabilitacyjny-wzmocniony-eureka-z-hydrauliczna-reg-wys\\\/\",\"url\":\"https:\\\/\\\/innow.pl\\\/produkt\\\/s422h-evo-eu-stol-rehabilitacyjny-wzmocniony-eureka-z-hydrauliczna-reg-wys\\\/\",\"name\":\"S422 EVO EU H - St\u00f3\u0142 rehabilitacyjny wzmocniony EUREKA z hydrauliczn\u0105 regulacj\u0105 wysoko\u015bci - INNOW\",\"isPartOf\":{\"@id\":\"https:\\\/\\\/innow.pl\\\/#website\"},\"primaryImageOfPage\":{\"@id\":\"https:\\\/\\\/innow.pl\\\/produkt\\\/s422h-evo-eu-stol-rehabilitacyjny-wzmocniony-eureka-z-hydrauliczna-reg-wys\\\/#primaryimage\"},\"image\":{\"@id\":\"https:\\\/\\\/innow.pl\\\/produkt\\\/s422h-evo-eu-stol-rehabilitacyjny-wzmocniony-eureka-z-hydrauliczna-reg-wys\\\/#primaryimage\"},\"thumbnailUrl\":\"https:\\\/\\\/innow.pl\\\/wp-content\\\/uploads\\\/2024\\\/11\\\/S442-EVO-EU-H-2022.jpg\",\"datePublished\":\"2017-08-29T04:53:50+00:00\",\"dateModified\":\"2025-10-02T12:44:52+00:00\",\"description\":\"Super jako\u015b\u0107! St\u00f3\u0142 rehabilitacyjny wzmocniony EUREKA z hydrauliczn\u0105 regulacj\u0105 wysoko\u015bci i 2-cz\u0119\u015bciowym le\u017cyskiem. Sprawd\u017a szczeg\u00f3\u0142y!\",\"breadcrumb\":{\"@id\":\"https:\\\/\\\/innow.pl\\\/produkt\\\/s422h-evo-eu-stol-rehabilitacyjny-wzmocniony-eureka-z-hydrauliczna-reg-wys\\\/#breadcrumb\"},\"inLanguage\":\"fr-FR\",\"potentialAction\":[{\"@type\":\"ReadAction\",\"target\":[\"https:\\\/\\\/innow.pl\\\/produkt\\\/s422h-evo-eu-stol-rehabilitacyjny-wzmocniony-eureka-z-hydrauliczna-reg-wys\\\/\"]}]},{\"@type\":\"ImageObject\",\"inLanguage\":\"fr-FR\",\"@id\":\"https:\\\/\\\/innow.pl\\\/produkt\\\/s422h-evo-eu-stol-rehabilitacyjny-wzmocniony-eureka-z-hydrauliczna-reg-wys\\\/#primaryimage\",\"url\":\"https:\\\/\\\/innow.pl\\\/wp-content\\\/uploads\\\/2024\\\/11\\\/S442-EVO-EU-H-2022.jpg\",\"contentUrl\":\"https:\\\/\\\/innow.pl\\\/wp-content\\\/uploads\\\/2024\\\/11\\\/S442-EVO-EU-H-2022.jpg\",\"width\":800,\"height\":800,\"caption\":\"S422 EVO EU H - St\u00f3\u0142 rehabilitacyjny wzmocniony EUREKA z hydrauliczn\u0105 regulacj\u0105 wysoko\u015bci\"},{\"@type\":\"BreadcrumbList\",\"@id\":\"https:\\\/\\\/innow.pl\\\/produkt\\\/s422h-evo-eu-stol-rehabilitacyjny-wzmocniony-eureka-z-hydrauliczna-reg-wys\\\/#breadcrumb\",\"itemListElement\":[{\"@type\":\"ListItem\",\"position\":1,\"name\":\"INNOW\",\"item\":\"https:\\\/\\\/innow.pl\\\/fr\\\/\"},{\"@type\":\"ListItem\",\"position\":2,\"name\":\"Produkty\",\"item\":\"https:\\\/\\\/innow.pl\\\/produkty\\\/\"},{\"@type\":\"ListItem\",\"position\":3,\"name\":\"Sto\u0142y do masa\u017cu, rehabilitacji\",\"item\":\"https:\\\/\\\/innow.pl\\\/produkty\\\/stoly-rehabilitacyjne\\\/\"},{\"@type\":\"ListItem\",\"position\":4,\"name\":\"Sto\u0142y z hydrauliczn\u0105 regulacj\u0105 wysoko\u015bci\",\"item\":\"https:\\\/\\\/innow.pl\\\/produkty\\\/stoly-rehabilitacyjne\\\/stoly-z-hydrauliczna-regulacja-wysokosci\\\/\"},{\"@type\":\"ListItem\",\"position\":5,\"name\":\"Sto\u0142y hydrauliczne na wahaczach\",\"item\":\"https:\\\/\\\/innow.pl\\\/produkty\\\/stoly-rehabilitacyjne\\\/stoly-z-hydrauliczna-regulacja-wysokosci\\\/stoly-hydrauliczne-na-wahaczach\\\/\"},{\"@type\":\"ListItem\",\"position\":6,\"name\":\"S422 EVO EU H &#8211; St\u00f3\u0142 rehabilitacyjny wzmocniony EUREKA z hydrauliczn\u0105 regulacj\u0105 wysoko\u015bci\"}]},{\"@type\":\"WebSite\",\"@id\":\"https:\\\/\\\/innow.pl\\\/#website\",\"url\":\"https:\\\/\\\/innow.pl\\\/\",\"name\":\"INNOW\",\"description\":\"\",\"potentialAction\":[{\"@type\":\"SearchAction\",\"target\":{\"@type\":\"EntryPoint\",\"urlTemplate\":\"https:\\\/\\\/innow.pl\\\/?s={search_term_string}\"},\"query-input\":{\"@type\":\"PropertyValueSpecification\",\"valueRequired\":true,\"valueName\":\"search_term_string\"}}],\"inLanguage\":\"fr-FR\"}]}<\/script>\n<!-- \/ Yoast SEO plugin. -->","yoast_head_json":{"title":"S422 EVO EU H - St\u00f3\u0142 rehabilitacyjny wzmocniony EUREKA z hydrauliczn\u0105 regulacj\u0105 wysoko\u015bci - INNOW","description":"Super jako\u015b\u0107! St\u00f3\u0142 rehabilitacyjny wzmocniony EUREKA z hydrauliczn\u0105 regulacj\u0105 wysoko\u015bci i 2-cz\u0119\u015bciowym le\u017cyskiem. Sprawd\u017a szczeg\u00f3\u0142y!","robots":{"index":"index","follow":"follow","max-snippet":"max-snippet:-1","max-image-preview":"max-image-preview:large","max-video-preview":"max-video-preview:-1"},"canonical":"https:\/\/innow.pl\/produkt\/s422h-evo-eu-stol-rehabilitacyjny-wzmocniony-eureka-z-hydrauliczna-reg-wys\/","og_locale":"fr_FR","og_type":"article","og_title":"S422 EVO EU H - St\u00f3\u0142 rehabilitacyjny wzmocniony EUREKA z hydrauliczn\u0105 regulacj\u0105 wysoko\u015bci - INNOW","og_description":"Super jako\u015b\u0107! St\u00f3\u0142 rehabilitacyjny wzmocniony EUREKA z hydrauliczn\u0105 regulacj\u0105 wysoko\u015bci i 2-cz\u0119\u015bciowym le\u017cyskiem. Sprawd\u017a szczeg\u00f3\u0142y!","og_url":"https:\/\/innow.pl\/produkt\/s422h-evo-eu-stol-rehabilitacyjny-wzmocniony-eureka-z-hydrauliczna-reg-wys\/","og_site_name":"INNOW","article_modified_time":"2025-10-02T12:44:52+00:00","og_image":[{"width":800,"height":800,"url":"https:\/\/innow.pl\/wp-content\/uploads\/2024\/11\/S442-EVO-EU-H-2022.jpg","type":"image\/jpeg"}],"twitter_card":"summary_large_image","twitter_misc":{"Dur\u00e9e de lecture estim\u00e9e":"2 minutes"},"schema":{"@context":"https:\/\/schema.org","@graph":[{"@type":"WebPage","@id":"https:\/\/innow.pl\/produkt\/s422h-evo-eu-stol-rehabilitacyjny-wzmocniony-eureka-z-hydrauliczna-reg-wys\/","url":"https:\/\/innow.pl\/produkt\/s422h-evo-eu-stol-rehabilitacyjny-wzmocniony-eureka-z-hydrauliczna-reg-wys\/","name":"S422 EVO EU H - St\u00f3\u0142 rehabilitacyjny wzmocniony EUREKA z hydrauliczn\u0105 regulacj\u0105 wysoko\u015bci - INNOW","isPartOf":{"@id":"https:\/\/innow.pl\/#website"},"primaryImageOfPage":{"@id":"https:\/\/innow.pl\/produkt\/s422h-evo-eu-stol-rehabilitacyjny-wzmocniony-eureka-z-hydrauliczna-reg-wys\/#primaryimage"},"image":{"@id":"https:\/\/innow.pl\/produkt\/s422h-evo-eu-stol-rehabilitacyjny-wzmocniony-eureka-z-hydrauliczna-reg-wys\/#primaryimage"},"thumbnailUrl":"https:\/\/innow.pl\/wp-content\/uploads\/2024\/11\/S442-EVO-EU-H-2022.jpg","datePublished":"2017-08-29T04:53:50+00:00","dateModified":"2025-10-02T12:44:52+00:00","description":"Super jako\u015b\u0107! St\u00f3\u0142 rehabilitacyjny wzmocniony EUREKA z hydrauliczn\u0105 regulacj\u0105 wysoko\u015bci i 2-cz\u0119\u015bciowym le\u017cyskiem. Sprawd\u017a szczeg\u00f3\u0142y!","breadcrumb":{"@id":"https:\/\/innow.pl\/produkt\/s422h-evo-eu-stol-rehabilitacyjny-wzmocniony-eureka-z-hydrauliczna-reg-wys\/#breadcrumb"},"inLanguage":"fr-FR","potentialAction":[{"@type":"ReadAction","target":["https:\/\/innow.pl\/produkt\/s422h-evo-eu-stol-rehabilitacyjny-wzmocniony-eureka-z-hydrauliczna-reg-wys\/"]}]},{"@type":"ImageObject","inLanguage":"fr-FR","@id":"https:\/\/innow.pl\/produkt\/s422h-evo-eu-stol-rehabilitacyjny-wzmocniony-eureka-z-hydrauliczna-reg-wys\/#primaryimage","url":"https:\/\/innow.pl\/wp-content\/uploads\/2024\/11\/S442-EVO-EU-H-2022.jpg","contentUrl":"https:\/\/innow.pl\/wp-content\/uploads\/2024\/11\/S442-EVO-EU-H-2022.jpg","width":800,"height":800,"caption":"S422 EVO EU H - St\u00f3\u0142 rehabilitacyjny wzmocniony EUREKA z hydrauliczn\u0105 regulacj\u0105 wysoko\u015bci"},{"@type":"BreadcrumbList","@id":"https:\/\/innow.pl\/produkt\/s422h-evo-eu-stol-rehabilitacyjny-wzmocniony-eureka-z-hydrauliczna-reg-wys\/#breadcrumb","itemListElement":[{"@type":"ListItem","position":1,"name":"INNOW","item":"https:\/\/innow.pl\/fr\/"},{"@type":"ListItem","position":2,"name":"Produkty","item":"https:\/\/innow.pl\/produkty\/"},{"@type":"ListItem","position":3,"name":"Sto\u0142y do masa\u017cu, rehabilitacji","item":"https:\/\/innow.pl\/produkty\/stoly-rehabilitacyjne\/"},{"@type":"ListItem","position":4,"name":"Sto\u0142y z hydrauliczn\u0105 regulacj\u0105 wysoko\u015bci","item":"https:\/\/innow.pl\/produkty\/stoly-rehabilitacyjne\/stoly-z-hydrauliczna-regulacja-wysokosci\/"},{"@type":"ListItem","position":5,"name":"Sto\u0142y hydrauliczne na wahaczach","item":"https:\/\/innow.pl\/produkty\/stoly-rehabilitacyjne\/stoly-z-hydrauliczna-regulacja-wysokosci\/stoly-hydrauliczne-na-wahaczach\/"},{"@type":"ListItem","position":6,"name":"S422 EVO EU H &#8211; St\u00f3\u0142 rehabilitacyjny wzmocniony EUREKA z hydrauliczn\u0105 regulacj\u0105 wysoko\u015bci"}]},{"@type":"WebSite","@id":"https:\/\/innow.pl\/#website","url":"https:\/\/innow.pl\/","name":"INNOW","description":"","potentialAction":[{"@type":"SearchAction","target":{"@type":"EntryPoint","urlTemplate":"https:\/\/innow.pl\/?s={search_term_string}"},"query-input":{"@type":"PropertyValueSpecification","valueRequired":true,"valueName":"search_term_string"}}],"inLanguage":"fr-FR"}]}},"_links":{"self":[{"href":"https:\/\/innow.pl\/fr\/wp-json\/wp\/v2\/product\/27217","targetHints":{"allow":["GET"]}}],"collection":[{"href":"https:\/\/innow.pl\/fr\/wp-json\/wp\/v2\/product"}],"about":[{"href":"https:\/\/innow.pl\/fr\/wp-json\/wp\/v2\/types\/product"}],"replies":[{"embeddable":true,"href":"https:\/\/innow.pl\/fr\/wp-json\/wp\/v2\/comments?post=27217"}],"wp:featuredmedia":[{"embeddable":true,"href":"https:\/\/innow.pl\/fr\/wp-json\/wp\/v2\/media\/27221"}],"wp:attachment":[{"href":"https:\/\/innow.pl\/fr\/wp-json\/wp\/v2\/media?parent=27217"}],"wp:term":[{"taxonomy":"product_brand","embeddable":true,"href":"https:\/\/innow.pl\/fr\/wp-json\/wp\/v2\/product_brand?post=27217"},{"taxonomy":"product_cat","embeddable":true,"href":"https:\/\/innow.pl\/fr\/wp-json\/wp\/v2\/product_cat?post=27217"},{"taxonomy":"product_tag","embeddable":true,"href":"https:\/\/innow.pl\/fr\/wp-json\/wp\/v2\/product_tag?post=27217"}],"curies":[{"name":"wp","href":"https:\/\/api.w.org\/{rel}","templated":true}]}}