{"id":27174,"date":"2017-08-25T11:35:14","date_gmt":"2017-08-25T09:35:14","guid":{"rendered":"https:\/\/innow.pl\/produkt\/sl300-szafa-lekarska-dwuczesciowa-drzwi-szklone-dzielona-metalowa\/"},"modified":"2025-02-24T07:48:18","modified_gmt":"2025-02-24T06:48:18","slug":"sl300-szafa-lekarska-dwuczesciowa-drzwi-szklone-dzielona-metalowa","status":"publish","type":"product","link":"https:\/\/innow.pl\/fr\/produkt\/sl300-szafa-lekarska-dwuczesciowa-drzwi-szklone-dzielona-metalowa\/","title":{"rendered":"SL300 &#8211; Szafa lekarska dwucz\u0119\u015bciowa (drzwi szklone), dzielona, metalowa"},"content":{"rendered":"<p>Czterodrzwiowa, szafa lekarska dwucz\u0119\u015bciowa (drzwi szklone). Zawiera zar\u00f3wno przeszklone, jak i metalowe drzwi, co podnosi komfort u\u017cytkowania. Szaf\u0119 mo\u017cna wykona\u0107 w jednym z kolor\u00f3w widocznych na drugim zdj\u0119ciu. UWAGA: Ze wzgl\u0119du na wyposa\u017cenie szaf w szk\u0142o, zaleca si\u0119 ich odbi\u00f3r osobisty. W przypadku wysy\u0142ki spedycyjnej, koszt mo\u017ce wynie\u015b\u0107 ok. 200-300 z\u0142 netto \/ palet\u0119 (+ 23% VAT). Ostateczna, wi\u0105\u017c\u0105ca wycena dokonywana jest indywidualnie w zale\u017cno\u015bci od odleg\u0142o\u015bci i aktualnych zada\u0144 logistycznych w firmie. Ko\u0142a, widoczne na zdj\u0119ciu, stanowi\u0105 wyposa\u017cenie opcjonalne. DOSTAWA SZAF MO\u017bE SI\u0118 WI\u0104ZA\u0106 SI\u0118 Z KONIECZNO\u015aCI\u0104 ODBIORU PRZESY\u0141KI WPROST Z POJAZDU DOSTAWCZEGO (tzw. odbi\u00f3r z ulicy), Z MIEJSCA DO JAKIEGO POJAZD B\u0118DZIE M\u00d3G\u0141 DOJECHA\u0106.<\/p>\n","protected":false},"excerpt":{"rendered":"<p>Czterodrzwiowa, szafa lekarska dwucz\u0119\u015bciowa (drzwi szklone). Zawiera zar\u00f3wno przeszklone, jak i metalowe drzwi, co podnosi komfort u\u017cytkowania. Szaf\u0119 mo\u017cna wykona\u0107 w jednym z kolor\u00f3w widocznych na drugim zdj\u0119ciu. UWAGA: Ze wzgl\u0119du na wyposa\u017cenie szaf w szk\u0142o, zaleca si\u0119 ich odbi\u00f3r osobisty. W przypadku wysy\u0142ki spedycyjnej, koszt mo\u017ce wynie\u015b\u0107 ok. 200-300 z\u0142 netto \/ palet\u0119 (+ [&hellip;]<\/p>\n","protected":false},"featured_media":27176,"comment_status":"open","ping_status":"closed","template":"","meta":{"_acf_changed":false},"product_brand":[],"product_cat":[440,452],"product_tag":[],"class_list":{"0":"post-27174","1":"product","2":"type-product","3":"status-publish","4":"has-post-thumbnail","6":"product_cat-meble-medyczne","7":"product_cat-szafy-lekarskie-i-kartotekowe","8":"pa_glebokosc-435-cm","9":"pa_szerokosc-80-cm","10":"pa_wysokosc-180-cm","12":"first","13":"instock","14":"taxable","15":"shipping-taxable","16":"purchasable","17":"product-type-simple"},"acf":[],"yoast_head":"<!-- This site is optimized with the Yoast SEO plugin v27.4 - https:\/\/yoast.com\/product\/yoast-seo-wordpress\/ -->\n<title>SL300 - Szafa lekarska dwucz\u0119\u015bciowa (drzwi szklone), dzielona, metalowa - INNOW<\/title>\n<meta name=\"description\" content=\"Szafa lekarska dwucz\u0119\u015bciowa (drzwi szklone) o du\u017cej pojemno\u015bci. Wybierz kolor szafy spo\u015br\u00f3d wielu dost\u0119pnych w ofercie. Sprawd\u017a!\" \/>\n<meta name=\"robots\" content=\"index, follow, max-snippet:-1, max-image-preview:large, max-video-preview:-1\" \/>\n<link rel=\"canonical\" href=\"https:\/\/innow.pl\/produkt\/sl300-szafa-lekarska-dwuczesciowa-drzwi-szklone-dzielona-metalowa\/\" \/>\n<meta property=\"og:locale\" content=\"fr_FR\" \/>\n<meta property=\"og:type\" content=\"article\" \/>\n<meta property=\"og:title\" content=\"SL300 - Szafa lekarska dwucz\u0119\u015bciowa (drzwi szklone), dzielona, metalowa - INNOW\" \/>\n<meta property=\"og:description\" content=\"Szafa lekarska dwucz\u0119\u015bciowa (drzwi szklone) o du\u017cej pojemno\u015bci. Wybierz kolor szafy spo\u015br\u00f3d wielu dost\u0119pnych w ofercie. Sprawd\u017a!\" \/>\n<meta property=\"og:url\" content=\"https:\/\/innow.pl\/produkt\/sl300-szafa-lekarska-dwuczesciowa-drzwi-szklone-dzielona-metalowa\/\" \/>\n<meta property=\"og:site_name\" content=\"INNOW\" \/>\n<meta property=\"article:modified_time\" content=\"2025-02-24T06:48:18+00:00\" \/>\n<meta property=\"og:image\" content=\"https:\/\/innow.pl\/wp-content\/uploads\/2024\/11\/SL300_1_new.jpg\" \/>\n\t<meta property=\"og:image:width\" content=\"480\" \/>\n\t<meta property=\"og:image:height\" content=\"480\" \/>\n\t<meta property=\"og:image:type\" content=\"image\/jpeg\" \/>\n<meta name=\"twitter:card\" content=\"summary_large_image\" \/>\n<meta name=\"twitter:label1\" content=\"Dur\u00e9e de lecture estim\u00e9e\" \/>\n\t<meta name=\"twitter:data1\" content=\"1 minute\" \/>\n<script type=\"application\/ld+json\" class=\"yoast-schema-graph\">{\"@context\":\"https:\\\/\\\/schema.org\",\"@graph\":[{\"@type\":\"WebPage\",\"@id\":\"https:\\\/\\\/innow.pl\\\/produkt\\\/sl300-szafa-lekarska-dwuczesciowa-drzwi-szklone-dzielona-metalowa\\\/\",\"url\":\"https:\\\/\\\/innow.pl\\\/produkt\\\/sl300-szafa-lekarska-dwuczesciowa-drzwi-szklone-dzielona-metalowa\\\/\",\"name\":\"SL300 - Szafa lekarska dwucz\u0119\u015bciowa (drzwi szklone), dzielona, metalowa - INNOW\",\"isPartOf\":{\"@id\":\"https:\\\/\\\/innow.pl\\\/#website\"},\"primaryImageOfPage\":{\"@id\":\"https:\\\/\\\/innow.pl\\\/produkt\\\/sl300-szafa-lekarska-dwuczesciowa-drzwi-szklone-dzielona-metalowa\\\/#primaryimage\"},\"image\":{\"@id\":\"https:\\\/\\\/innow.pl\\\/produkt\\\/sl300-szafa-lekarska-dwuczesciowa-drzwi-szklone-dzielona-metalowa\\\/#primaryimage\"},\"thumbnailUrl\":\"https:\\\/\\\/innow.pl\\\/wp-content\\\/uploads\\\/2024\\\/11\\\/SL300_1_new.jpg\",\"datePublished\":\"2017-08-25T09:35:14+00:00\",\"dateModified\":\"2025-02-24T06:48:18+00:00\",\"description\":\"Szafa lekarska dwucz\u0119\u015bciowa (drzwi szklone) o du\u017cej pojemno\u015bci. Wybierz kolor szafy spo\u015br\u00f3d wielu dost\u0119pnych w ofercie. Sprawd\u017a!\",\"breadcrumb\":{\"@id\":\"https:\\\/\\\/innow.pl\\\/produkt\\\/sl300-szafa-lekarska-dwuczesciowa-drzwi-szklone-dzielona-metalowa\\\/#breadcrumb\"},\"inLanguage\":\"fr-FR\",\"potentialAction\":[{\"@type\":\"ReadAction\",\"target\":[\"https:\\\/\\\/innow.pl\\\/produkt\\\/sl300-szafa-lekarska-dwuczesciowa-drzwi-szklone-dzielona-metalowa\\\/\"]}]},{\"@type\":\"ImageObject\",\"inLanguage\":\"fr-FR\",\"@id\":\"https:\\\/\\\/innow.pl\\\/produkt\\\/sl300-szafa-lekarska-dwuczesciowa-drzwi-szklone-dzielona-metalowa\\\/#primaryimage\",\"url\":\"https:\\\/\\\/innow.pl\\\/wp-content\\\/uploads\\\/2024\\\/11\\\/SL300_1_new.jpg\",\"contentUrl\":\"https:\\\/\\\/innow.pl\\\/wp-content\\\/uploads\\\/2024\\\/11\\\/SL300_1_new.jpg\",\"width\":480,\"height\":480,\"caption\":\"Szafa lekarska dwucz\u0119\u015bciowa (drzwi szklone), dzielona, metalowa \u2013 SL300 \u2013 INNOW\"},{\"@type\":\"BreadcrumbList\",\"@id\":\"https:\\\/\\\/innow.pl\\\/produkt\\\/sl300-szafa-lekarska-dwuczesciowa-drzwi-szklone-dzielona-metalowa\\\/#breadcrumb\",\"itemListElement\":[{\"@type\":\"ListItem\",\"position\":1,\"name\":\"INNOW\",\"item\":\"https:\\\/\\\/innow.pl\\\/fr\\\/\"},{\"@type\":\"ListItem\",\"position\":2,\"name\":\"Produkty\",\"item\":\"https:\\\/\\\/innow.pl\\\/produkty\\\/\"},{\"@type\":\"ListItem\",\"position\":3,\"name\":\"Meble medyczne\",\"item\":\"https:\\\/\\\/innow.pl\\\/produkty\\\/meble-medyczne\\\/\"},{\"@type\":\"ListItem\",\"position\":4,\"name\":\"Szafy lekarskie i kartotekowe\",\"item\":\"https:\\\/\\\/innow.pl\\\/produkty\\\/meble-medyczne\\\/szafy-lekarskie-i-kartotekowe\\\/\"},{\"@type\":\"ListItem\",\"position\":5,\"name\":\"SL300 &#8211; Szafa lekarska dwucz\u0119\u015bciowa (drzwi szklone), dzielona, metalowa\"}]},{\"@type\":\"WebSite\",\"@id\":\"https:\\\/\\\/innow.pl\\\/#website\",\"url\":\"https:\\\/\\\/innow.pl\\\/\",\"name\":\"INNOW\",\"description\":\"\",\"potentialAction\":[{\"@type\":\"SearchAction\",\"target\":{\"@type\":\"EntryPoint\",\"urlTemplate\":\"https:\\\/\\\/innow.pl\\\/?s={search_term_string}\"},\"query-input\":{\"@type\":\"PropertyValueSpecification\",\"valueRequired\":true,\"valueName\":\"search_term_string\"}}],\"inLanguage\":\"fr-FR\"}]}<\/script>\n<!-- \/ Yoast SEO plugin. -->","yoast_head_json":{"title":"SL300 - Szafa lekarska dwucz\u0119\u015bciowa (drzwi szklone), dzielona, metalowa - INNOW","description":"Szafa lekarska dwucz\u0119\u015bciowa (drzwi szklone) o du\u017cej pojemno\u015bci. Wybierz kolor szafy spo\u015br\u00f3d wielu dost\u0119pnych w ofercie. Sprawd\u017a!","robots":{"index":"index","follow":"follow","max-snippet":"max-snippet:-1","max-image-preview":"max-image-preview:large","max-video-preview":"max-video-preview:-1"},"canonical":"https:\/\/innow.pl\/produkt\/sl300-szafa-lekarska-dwuczesciowa-drzwi-szklone-dzielona-metalowa\/","og_locale":"fr_FR","og_type":"article","og_title":"SL300 - Szafa lekarska dwucz\u0119\u015bciowa (drzwi szklone), dzielona, metalowa - INNOW","og_description":"Szafa lekarska dwucz\u0119\u015bciowa (drzwi szklone) o du\u017cej pojemno\u015bci. Wybierz kolor szafy spo\u015br\u00f3d wielu dost\u0119pnych w ofercie. Sprawd\u017a!","og_url":"https:\/\/innow.pl\/produkt\/sl300-szafa-lekarska-dwuczesciowa-drzwi-szklone-dzielona-metalowa\/","og_site_name":"INNOW","article_modified_time":"2025-02-24T06:48:18+00:00","og_image":[{"width":480,"height":480,"url":"https:\/\/innow.pl\/wp-content\/uploads\/2024\/11\/SL300_1_new.jpg","type":"image\/jpeg"}],"twitter_card":"summary_large_image","twitter_misc":{"Dur\u00e9e de lecture estim\u00e9e":"1 minute"},"schema":{"@context":"https:\/\/schema.org","@graph":[{"@type":"WebPage","@id":"https:\/\/innow.pl\/produkt\/sl300-szafa-lekarska-dwuczesciowa-drzwi-szklone-dzielona-metalowa\/","url":"https:\/\/innow.pl\/produkt\/sl300-szafa-lekarska-dwuczesciowa-drzwi-szklone-dzielona-metalowa\/","name":"SL300 - Szafa lekarska dwucz\u0119\u015bciowa (drzwi szklone), dzielona, metalowa - INNOW","isPartOf":{"@id":"https:\/\/innow.pl\/#website"},"primaryImageOfPage":{"@id":"https:\/\/innow.pl\/produkt\/sl300-szafa-lekarska-dwuczesciowa-drzwi-szklone-dzielona-metalowa\/#primaryimage"},"image":{"@id":"https:\/\/innow.pl\/produkt\/sl300-szafa-lekarska-dwuczesciowa-drzwi-szklone-dzielona-metalowa\/#primaryimage"},"thumbnailUrl":"https:\/\/innow.pl\/wp-content\/uploads\/2024\/11\/SL300_1_new.jpg","datePublished":"2017-08-25T09:35:14+00:00","dateModified":"2025-02-24T06:48:18+00:00","description":"Szafa lekarska dwucz\u0119\u015bciowa (drzwi szklone) o du\u017cej pojemno\u015bci. Wybierz kolor szafy spo\u015br\u00f3d wielu dost\u0119pnych w ofercie. Sprawd\u017a!","breadcrumb":{"@id":"https:\/\/innow.pl\/produkt\/sl300-szafa-lekarska-dwuczesciowa-drzwi-szklone-dzielona-metalowa\/#breadcrumb"},"inLanguage":"fr-FR","potentialAction":[{"@type":"ReadAction","target":["https:\/\/innow.pl\/produkt\/sl300-szafa-lekarska-dwuczesciowa-drzwi-szklone-dzielona-metalowa\/"]}]},{"@type":"ImageObject","inLanguage":"fr-FR","@id":"https:\/\/innow.pl\/produkt\/sl300-szafa-lekarska-dwuczesciowa-drzwi-szklone-dzielona-metalowa\/#primaryimage","url":"https:\/\/innow.pl\/wp-content\/uploads\/2024\/11\/SL300_1_new.jpg","contentUrl":"https:\/\/innow.pl\/wp-content\/uploads\/2024\/11\/SL300_1_new.jpg","width":480,"height":480,"caption":"Szafa lekarska dwucz\u0119\u015bciowa (drzwi szklone), dzielona, metalowa \u2013 SL300 \u2013 INNOW"},{"@type":"BreadcrumbList","@id":"https:\/\/innow.pl\/produkt\/sl300-szafa-lekarska-dwuczesciowa-drzwi-szklone-dzielona-metalowa\/#breadcrumb","itemListElement":[{"@type":"ListItem","position":1,"name":"INNOW","item":"https:\/\/innow.pl\/fr\/"},{"@type":"ListItem","position":2,"name":"Produkty","item":"https:\/\/innow.pl\/produkty\/"},{"@type":"ListItem","position":3,"name":"Meble medyczne","item":"https:\/\/innow.pl\/produkty\/meble-medyczne\/"},{"@type":"ListItem","position":4,"name":"Szafy lekarskie i kartotekowe","item":"https:\/\/innow.pl\/produkty\/meble-medyczne\/szafy-lekarskie-i-kartotekowe\/"},{"@type":"ListItem","position":5,"name":"SL300 &#8211; Szafa lekarska dwucz\u0119\u015bciowa (drzwi szklone), dzielona, metalowa"}]},{"@type":"WebSite","@id":"https:\/\/innow.pl\/#website","url":"https:\/\/innow.pl\/","name":"INNOW","description":"","potentialAction":[{"@type":"SearchAction","target":{"@type":"EntryPoint","urlTemplate":"https:\/\/innow.pl\/?s={search_term_string}"},"query-input":{"@type":"PropertyValueSpecification","valueRequired":true,"valueName":"search_term_string"}}],"inLanguage":"fr-FR"}]}},"_links":{"self":[{"href":"https:\/\/innow.pl\/fr\/wp-json\/wp\/v2\/product\/27174","targetHints":{"allow":["GET"]}}],"collection":[{"href":"https:\/\/innow.pl\/fr\/wp-json\/wp\/v2\/product"}],"about":[{"href":"https:\/\/innow.pl\/fr\/wp-json\/wp\/v2\/types\/product"}],"replies":[{"embeddable":true,"href":"https:\/\/innow.pl\/fr\/wp-json\/wp\/v2\/comments?post=27174"}],"wp:featuredmedia":[{"embeddable":true,"href":"https:\/\/innow.pl\/fr\/wp-json\/wp\/v2\/media\/27176"}],"wp:attachment":[{"href":"https:\/\/innow.pl\/fr\/wp-json\/wp\/v2\/media?parent=27174"}],"wp:term":[{"taxonomy":"product_brand","embeddable":true,"href":"https:\/\/innow.pl\/fr\/wp-json\/wp\/v2\/product_brand?post=27174"},{"taxonomy":"product_cat","embeddable":true,"href":"https:\/\/innow.pl\/fr\/wp-json\/wp\/v2\/product_cat?post=27174"},{"taxonomy":"product_tag","embeddable":true,"href":"https:\/\/innow.pl\/fr\/wp-json\/wp\/v2\/product_tag?post=27174"}],"curies":[{"name":"wp","href":"https:\/\/api.w.org\/{rel}","templated":true}]}}