{"id":27145,"date":"2017-08-25T08:15:16","date_gmt":"2017-08-25T06:15:16","guid":{"rendered":"https:\/\/innow.pl\/produkt\/s406d-eu-stol-rehabilitacyjny-drewniany-do-fizykoterapii-eureka\/"},"modified":"2025-11-27T09:39:20","modified_gmt":"2025-11-27T08:39:20","slug":"s406d-eu-stol-rehabilitacyjny-drewniany-do-fizykoterapii-eureka","status":"publish","type":"product","link":"https:\/\/innow.pl\/fr\/produkt\/s406d-eu-stol-rehabilitacyjny-drewniany-do-fizykoterapii-eureka\/","title":{"rendered":"S406D EU \u2013 St\u00f3\u0142 rehabilitacyjny drewniany (do fizykoterapii) EUREKA"},"content":{"rendered":"<p>St\u00f3\u0142 (le\u017canka drewniana, kozetka drewniana, kozetka zabiegowa) maj\u0105cy zastosowanie m.in. w szpitalach czy plac\u00f3wkach rehabilitacyjnych do wykonywania np. zabieg\u00f3w usprawniaj\u0105cych, w terapii pourazowej. Cechuje si\u0119 regulacj\u0105 podg\u0142\u00f3wka w spos\u00f3b mechaniczny do +40\u00b0, a jego walory estetyczne s\u0105 znacznie powi\u0119kszone dzi\u0119ki innowacyjnemu ukszta\u0142towaniu drewnianej konstrukcji. Do sto\u0142u dokupi\u0107 mo\u017cna, widoczny pod opisem, podajnik podk\u0142ad\u00f3w. \u00a0<\/p>\n<p style=\"text-align: left\"><a>Informacje o w\u0142a\u015bciwo\u015bciach dost\u0119pnych <strong>materia\u0142\u00f3w<\/strong> <strong>obiciowych<\/strong> dost\u0119pne po klikni\u0119ciu w zdj\u0119cie:<\/a><\/p>\n<p style=\"text-align: left\"><a href=\"https:\/\/innow.pl\/publikacje\/KatalogPDF\/Pokrycia-obiciowe-tapicerki.pdf\" target=\"_blank\" rel=\"noopener\"><img decoding=\"async\" src=\"https:\/\/innow.pl\/wp-content\/uploads\/2024\/11\/Tapicerki.jpg\" \/><\/a><\/p>\n","protected":false},"excerpt":{"rendered":"<p>St\u00f3\u0142 (le\u017canka drewniana, kozetka drewniana, kozetka zabiegowa) maj\u0105cy zastosowanie m.in. w szpitalach czy plac\u00f3wkach rehabilitacyjnych do wykonywania np. zabieg\u00f3w usprawniaj\u0105cych, w terapii pourazowej. Cechuje si\u0119 regulacj\u0105 podg\u0142\u00f3wka w spos\u00f3b mechaniczny do +40\u00b0, a jego walory estetyczne s\u0105 znacznie powi\u0119kszone dzi\u0119ki innowacyjnemu ukszta\u0142towaniu drewnianej konstrukcji. Do sto\u0142u dokupi\u0107 mo\u017cna, widoczny pod opisem, podajnik podk\u0142ad\u00f3w. \u00a0 Informacje [&hellip;]<\/p>\n","protected":false},"featured_media":75108,"comment_status":"open","ping_status":"closed","template":"","meta":{"_acf_changed":false},"product_brand":[],"product_cat":[463,468,440],"product_tag":[],"class_list":{"0":"post-27145","1":"product","2":"type-product","3":"status-publish","4":"has-post-thumbnail","6":"product_cat-kozetki","7":"product_cat-kozetki-drewniane","8":"product_cat-meble-medyczne","9":"pa_dlugosc-200-cm","10":"pa_regulacja-podglowka-w-gore-728","11":"pa_szerokosc-70-cm","12":"pa_wysokosc-65-cm","14":"first","15":"instock","16":"taxable","17":"shipping-taxable","18":"purchasable","19":"product-type-simple"},"acf":[],"yoast_head":"<!-- This site is optimized with the Yoast SEO plugin v27.4 - https:\/\/yoast.com\/product\/yoast-seo-wordpress\/ -->\n<title>S406D EU \u2013 St\u00f3\u0142 rehabilitacyjny drewniany (do fizykoterapii) EUREKA - INNOW<\/title>\n<meta name=\"description\" content=\"St\u00f3\u0142 rehabilitacyjny drewniany o innowacyjnej konstrukcji przeznaczony do wykonywania zabieg\u00f3w usprawniaj\u0105cych. Wyb\u00f3r kolor\u00f3w tapicerki. Sprawd\u017a!\" \/>\n<meta name=\"robots\" content=\"index, follow, max-snippet:-1, max-image-preview:large, max-video-preview:-1\" \/>\n<link rel=\"canonical\" href=\"https:\/\/innow.pl\/produkt\/s406d-eu-stol-rehabilitacyjny-drewniany-do-fizykoterapii-eureka\/\" \/>\n<meta property=\"og:locale\" content=\"fr_FR\" \/>\n<meta property=\"og:type\" content=\"article\" \/>\n<meta property=\"og:title\" content=\"S406D EU \u2013 St\u00f3\u0142 rehabilitacyjny drewniany (do fizykoterapii) EUREKA - INNOW\" \/>\n<meta property=\"og:description\" content=\"St\u00f3\u0142 rehabilitacyjny drewniany o innowacyjnej konstrukcji przeznaczony do wykonywania zabieg\u00f3w usprawniaj\u0105cych. Wyb\u00f3r kolor\u00f3w tapicerki. Sprawd\u017a!\" \/>\n<meta property=\"og:url\" content=\"https:\/\/innow.pl\/produkt\/s406d-eu-stol-rehabilitacyjny-drewniany-do-fizykoterapii-eureka\/\" \/>\n<meta property=\"og:site_name\" content=\"INNOW\" \/>\n<meta property=\"article:modified_time\" content=\"2025-11-27T08:39:20+00:00\" \/>\n<meta property=\"og:image\" content=\"https:\/\/innow.pl\/wp-content\/uploads\/2017\/08\/S406DEU.jpg\" \/>\n\t<meta property=\"og:image:width\" content=\"1000\" \/>\n\t<meta property=\"og:image:height\" content=\"1000\" \/>\n\t<meta property=\"og:image:type\" content=\"image\/jpeg\" \/>\n<meta name=\"twitter:card\" content=\"summary_large_image\" \/>\n<meta name=\"twitter:label1\" content=\"Dur\u00e9e de lecture estim\u00e9e\" \/>\n\t<meta name=\"twitter:data1\" content=\"1 minute\" \/>\n<script type=\"application\/ld+json\" class=\"yoast-schema-graph\">{\"@context\":\"https:\\\/\\\/schema.org\",\"@graph\":[{\"@type\":\"WebPage\",\"@id\":\"https:\\\/\\\/innow.pl\\\/produkt\\\/s406d-eu-stol-rehabilitacyjny-drewniany-do-fizykoterapii-eureka\\\/\",\"url\":\"https:\\\/\\\/innow.pl\\\/produkt\\\/s406d-eu-stol-rehabilitacyjny-drewniany-do-fizykoterapii-eureka\\\/\",\"name\":\"S406D EU \u2013 St\u00f3\u0142 rehabilitacyjny drewniany (do fizykoterapii) EUREKA - INNOW\",\"isPartOf\":{\"@id\":\"https:\\\/\\\/innow.pl\\\/#website\"},\"primaryImageOfPage\":{\"@id\":\"https:\\\/\\\/innow.pl\\\/produkt\\\/s406d-eu-stol-rehabilitacyjny-drewniany-do-fizykoterapii-eureka\\\/#primaryimage\"},\"image\":{\"@id\":\"https:\\\/\\\/innow.pl\\\/produkt\\\/s406d-eu-stol-rehabilitacyjny-drewniany-do-fizykoterapii-eureka\\\/#primaryimage\"},\"thumbnailUrl\":\"https:\\\/\\\/innow.pl\\\/wp-content\\\/uploads\\\/2017\\\/08\\\/S406DEU.jpg\",\"datePublished\":\"2017-08-25T06:15:16+00:00\",\"dateModified\":\"2025-11-27T08:39:20+00:00\",\"description\":\"St\u00f3\u0142 rehabilitacyjny drewniany o innowacyjnej konstrukcji przeznaczony do wykonywania zabieg\u00f3w usprawniaj\u0105cych. Wyb\u00f3r kolor\u00f3w tapicerki. Sprawd\u017a!\",\"breadcrumb\":{\"@id\":\"https:\\\/\\\/innow.pl\\\/produkt\\\/s406d-eu-stol-rehabilitacyjny-drewniany-do-fizykoterapii-eureka\\\/#breadcrumb\"},\"inLanguage\":\"fr-FR\",\"potentialAction\":[{\"@type\":\"ReadAction\",\"target\":[\"https:\\\/\\\/innow.pl\\\/produkt\\\/s406d-eu-stol-rehabilitacyjny-drewniany-do-fizykoterapii-eureka\\\/\"]}]},{\"@type\":\"ImageObject\",\"inLanguage\":\"fr-FR\",\"@id\":\"https:\\\/\\\/innow.pl\\\/produkt\\\/s406d-eu-stol-rehabilitacyjny-drewniany-do-fizykoterapii-eureka\\\/#primaryimage\",\"url\":\"https:\\\/\\\/innow.pl\\\/wp-content\\\/uploads\\\/2017\\\/08\\\/S406DEU.jpg\",\"contentUrl\":\"https:\\\/\\\/innow.pl\\\/wp-content\\\/uploads\\\/2017\\\/08\\\/S406DEU.jpg\",\"width\":1000,\"height\":1000,\"caption\":\"St\u00f3\u0142 rehabilitacyjny drewniany (do fizykoterapii) EUREKA \u2013 S406D EU \u2013 INNOW\"},{\"@type\":\"BreadcrumbList\",\"@id\":\"https:\\\/\\\/innow.pl\\\/produkt\\\/s406d-eu-stol-rehabilitacyjny-drewniany-do-fizykoterapii-eureka\\\/#breadcrumb\",\"itemListElement\":[{\"@type\":\"ListItem\",\"position\":1,\"name\":\"INNOW\",\"item\":\"https:\\\/\\\/innow.pl\\\/fr\\\/\"},{\"@type\":\"ListItem\",\"position\":2,\"name\":\"Produkty\",\"item\":\"https:\\\/\\\/innow.pl\\\/produkty\\\/\"},{\"@type\":\"ListItem\",\"position\":3,\"name\":\"Meble medyczne\",\"item\":\"https:\\\/\\\/innow.pl\\\/produkty\\\/meble-medyczne\\\/\"},{\"@type\":\"ListItem\",\"position\":4,\"name\":\"Kozetki\",\"item\":\"https:\\\/\\\/innow.pl\\\/produkty\\\/meble-medyczne\\\/kozetki\\\/\"},{\"@type\":\"ListItem\",\"position\":5,\"name\":\"Kozetki drewniane\",\"item\":\"https:\\\/\\\/innow.pl\\\/produkty\\\/meble-medyczne\\\/kozetki\\\/kozetki-drewniane\\\/\"},{\"@type\":\"ListItem\",\"position\":6,\"name\":\"S406D EU \u2013 St\u00f3\u0142 rehabilitacyjny drewniany (do fizykoterapii) EUREKA\"}]},{\"@type\":\"WebSite\",\"@id\":\"https:\\\/\\\/innow.pl\\\/#website\",\"url\":\"https:\\\/\\\/innow.pl\\\/\",\"name\":\"INNOW\",\"description\":\"\",\"potentialAction\":[{\"@type\":\"SearchAction\",\"target\":{\"@type\":\"EntryPoint\",\"urlTemplate\":\"https:\\\/\\\/innow.pl\\\/?s={search_term_string}\"},\"query-input\":{\"@type\":\"PropertyValueSpecification\",\"valueRequired\":true,\"valueName\":\"search_term_string\"}}],\"inLanguage\":\"fr-FR\"}]}<\/script>\n<!-- \/ Yoast SEO plugin. -->","yoast_head_json":{"title":"S406D EU \u2013 St\u00f3\u0142 rehabilitacyjny drewniany (do fizykoterapii) EUREKA - INNOW","description":"St\u00f3\u0142 rehabilitacyjny drewniany o innowacyjnej konstrukcji przeznaczony do wykonywania zabieg\u00f3w usprawniaj\u0105cych. Wyb\u00f3r kolor\u00f3w tapicerki. Sprawd\u017a!","robots":{"index":"index","follow":"follow","max-snippet":"max-snippet:-1","max-image-preview":"max-image-preview:large","max-video-preview":"max-video-preview:-1"},"canonical":"https:\/\/innow.pl\/produkt\/s406d-eu-stol-rehabilitacyjny-drewniany-do-fizykoterapii-eureka\/","og_locale":"fr_FR","og_type":"article","og_title":"S406D EU \u2013 St\u00f3\u0142 rehabilitacyjny drewniany (do fizykoterapii) EUREKA - INNOW","og_description":"St\u00f3\u0142 rehabilitacyjny drewniany o innowacyjnej konstrukcji przeznaczony do wykonywania zabieg\u00f3w usprawniaj\u0105cych. Wyb\u00f3r kolor\u00f3w tapicerki. Sprawd\u017a!","og_url":"https:\/\/innow.pl\/produkt\/s406d-eu-stol-rehabilitacyjny-drewniany-do-fizykoterapii-eureka\/","og_site_name":"INNOW","article_modified_time":"2025-11-27T08:39:20+00:00","og_image":[{"width":1000,"height":1000,"url":"https:\/\/innow.pl\/wp-content\/uploads\/2017\/08\/S406DEU.jpg","type":"image\/jpeg"}],"twitter_card":"summary_large_image","twitter_misc":{"Dur\u00e9e de lecture estim\u00e9e":"1 minute"},"schema":{"@context":"https:\/\/schema.org","@graph":[{"@type":"WebPage","@id":"https:\/\/innow.pl\/produkt\/s406d-eu-stol-rehabilitacyjny-drewniany-do-fizykoterapii-eureka\/","url":"https:\/\/innow.pl\/produkt\/s406d-eu-stol-rehabilitacyjny-drewniany-do-fizykoterapii-eureka\/","name":"S406D EU \u2013 St\u00f3\u0142 rehabilitacyjny drewniany (do fizykoterapii) EUREKA - INNOW","isPartOf":{"@id":"https:\/\/innow.pl\/#website"},"primaryImageOfPage":{"@id":"https:\/\/innow.pl\/produkt\/s406d-eu-stol-rehabilitacyjny-drewniany-do-fizykoterapii-eureka\/#primaryimage"},"image":{"@id":"https:\/\/innow.pl\/produkt\/s406d-eu-stol-rehabilitacyjny-drewniany-do-fizykoterapii-eureka\/#primaryimage"},"thumbnailUrl":"https:\/\/innow.pl\/wp-content\/uploads\/2017\/08\/S406DEU.jpg","datePublished":"2017-08-25T06:15:16+00:00","dateModified":"2025-11-27T08:39:20+00:00","description":"St\u00f3\u0142 rehabilitacyjny drewniany o innowacyjnej konstrukcji przeznaczony do wykonywania zabieg\u00f3w usprawniaj\u0105cych. Wyb\u00f3r kolor\u00f3w tapicerki. Sprawd\u017a!","breadcrumb":{"@id":"https:\/\/innow.pl\/produkt\/s406d-eu-stol-rehabilitacyjny-drewniany-do-fizykoterapii-eureka\/#breadcrumb"},"inLanguage":"fr-FR","potentialAction":[{"@type":"ReadAction","target":["https:\/\/innow.pl\/produkt\/s406d-eu-stol-rehabilitacyjny-drewniany-do-fizykoterapii-eureka\/"]}]},{"@type":"ImageObject","inLanguage":"fr-FR","@id":"https:\/\/innow.pl\/produkt\/s406d-eu-stol-rehabilitacyjny-drewniany-do-fizykoterapii-eureka\/#primaryimage","url":"https:\/\/innow.pl\/wp-content\/uploads\/2017\/08\/S406DEU.jpg","contentUrl":"https:\/\/innow.pl\/wp-content\/uploads\/2017\/08\/S406DEU.jpg","width":1000,"height":1000,"caption":"St\u00f3\u0142 rehabilitacyjny drewniany (do fizykoterapii) EUREKA \u2013 S406D EU \u2013 INNOW"},{"@type":"BreadcrumbList","@id":"https:\/\/innow.pl\/produkt\/s406d-eu-stol-rehabilitacyjny-drewniany-do-fizykoterapii-eureka\/#breadcrumb","itemListElement":[{"@type":"ListItem","position":1,"name":"INNOW","item":"https:\/\/innow.pl\/fr\/"},{"@type":"ListItem","position":2,"name":"Produkty","item":"https:\/\/innow.pl\/produkty\/"},{"@type":"ListItem","position":3,"name":"Meble medyczne","item":"https:\/\/innow.pl\/produkty\/meble-medyczne\/"},{"@type":"ListItem","position":4,"name":"Kozetki","item":"https:\/\/innow.pl\/produkty\/meble-medyczne\/kozetki\/"},{"@type":"ListItem","position":5,"name":"Kozetki drewniane","item":"https:\/\/innow.pl\/produkty\/meble-medyczne\/kozetki\/kozetki-drewniane\/"},{"@type":"ListItem","position":6,"name":"S406D EU \u2013 St\u00f3\u0142 rehabilitacyjny drewniany (do fizykoterapii) EUREKA"}]},{"@type":"WebSite","@id":"https:\/\/innow.pl\/#website","url":"https:\/\/innow.pl\/","name":"INNOW","description":"","potentialAction":[{"@type":"SearchAction","target":{"@type":"EntryPoint","urlTemplate":"https:\/\/innow.pl\/?s={search_term_string}"},"query-input":{"@type":"PropertyValueSpecification","valueRequired":true,"valueName":"search_term_string"}}],"inLanguage":"fr-FR"}]}},"_links":{"self":[{"href":"https:\/\/innow.pl\/fr\/wp-json\/wp\/v2\/product\/27145","targetHints":{"allow":["GET"]}}],"collection":[{"href":"https:\/\/innow.pl\/fr\/wp-json\/wp\/v2\/product"}],"about":[{"href":"https:\/\/innow.pl\/fr\/wp-json\/wp\/v2\/types\/product"}],"replies":[{"embeddable":true,"href":"https:\/\/innow.pl\/fr\/wp-json\/wp\/v2\/comments?post=27145"}],"wp:featuredmedia":[{"embeddable":true,"href":"https:\/\/innow.pl\/fr\/wp-json\/wp\/v2\/media\/75108"}],"wp:attachment":[{"href":"https:\/\/innow.pl\/fr\/wp-json\/wp\/v2\/media?parent=27145"}],"wp:term":[{"taxonomy":"product_brand","embeddable":true,"href":"https:\/\/innow.pl\/fr\/wp-json\/wp\/v2\/product_brand?post=27145"},{"taxonomy":"product_cat","embeddable":true,"href":"https:\/\/innow.pl\/fr\/wp-json\/wp\/v2\/product_cat?post=27145"},{"taxonomy":"product_tag","embeddable":true,"href":"https:\/\/innow.pl\/fr\/wp-json\/wp\/v2\/product_tag?post=27145"}],"curies":[{"name":"wp","href":"https:\/\/api.w.org\/{rel}","templated":true}]}}