{"id":27118,"date":"2017-01-22T12:10:47","date_gmt":"2017-01-22T11:10:47","guid":{"rendered":"https:\/\/innow.pl\/produkt\/c202c-krzeslo-sedesowe-z-poreczami-stalymi-tapicerowane\/"},"modified":"2025-03-27T07:36:40","modified_gmt":"2025-03-27T06:36:40","slug":"c202c-krzeslo-sedesowe-z-poreczami-stalymi-tapicerowane","status":"publish","type":"product","link":"https:\/\/innow.pl\/fr\/produkt\/c202c-krzeslo-sedesowe-z-poreczami-stalymi-tapicerowane\/","title":{"rendered":"C202C &#8211; Krzes\u0142o sedesowe z por\u0119czami sta\u0142ymi tapicerowane"},"content":{"rendered":"<p>Krzes\u0142o sedesowe o konstrukcji stalowej lakierowanej proszkowo. Wyposa\u017cone jest w tapicerowane siedzisko, oparcie oraz pod\u0142okietniki (nieodchylane). W siedzisku znajduje si\u0119 otw\u00f3r, pod kt\u00f3rym znajduje si\u0119 wymienny pojemnik (w komplecie).<\/p>\n","protected":false},"excerpt":{"rendered":"<p>Krzes\u0142o sedesowe o konstrukcji stalowej lakierowanej proszkowo. Wyposa\u017cone jest w tapicerowane siedzisko, oparcie oraz pod\u0142okietniki (nieodchylane). W siedzisku znajduje si\u0119 otw\u00f3r, pod kt\u00f3rym znajduje si\u0119 wymienny pojemnik (w komplecie).<\/p>\n","protected":false},"featured_media":27120,"comment_status":"open","ping_status":"closed","template":"","meta":{"_acf_changed":false},"product_brand":[],"product_cat":[477,437,49],"product_tag":[],"class_list":{"0":"post-27118","1":"product","2":"type-product","3":"status-publish","4":"has-post-thumbnail","6":"product_cat-krzesla-sedesowe","7":"product_cat-urzadzenia-toaletowe-i-prysznicowe","8":"product_cat-lazienka-i-wc","9":"pa_glebokosc-siedziska-40-cm","10":"pa_glebokosc-siedziska-do-oparcia-45-cm","11":"pa_wysokosc-85-cm","12":"pa_wysokosc-siedziska-51-cm","14":"first","15":"instock","16":"taxable","17":"shipping-taxable","18":"purchasable","19":"product-type-simple"},"acf":[],"yoast_head":"<!-- This site is optimized with the Yoast SEO plugin v27.4 - https:\/\/yoast.com\/product\/yoast-seo-wordpress\/ -->\n<title>C202C - Krzes\u0142o sedesowe z por\u0119czami sta\u0142ymi tapicerowane - INNOW<\/title>\n<meta name=\"description\" content=\"Komfortowe krzes\u0142o sedesowe z por\u0119czami sta\u0142ymi, pokryte tapicerk\u0105, z otworem, nak\u0142adk\u0105 oraz wymiennym pojemnikiem. Sprawd\u017a szczeg\u00f3\u0142y!\" \/>\n<meta name=\"robots\" content=\"index, follow, max-snippet:-1, max-image-preview:large, max-video-preview:-1\" \/>\n<link rel=\"canonical\" href=\"https:\/\/innow.pl\/produkt\/c202c-krzeslo-sedesowe-z-poreczami-stalymi-tapicerowane\/\" \/>\n<meta property=\"og:locale\" content=\"fr_FR\" \/>\n<meta property=\"og:type\" content=\"article\" \/>\n<meta property=\"og:title\" content=\"C202C - Krzes\u0142o sedesowe z por\u0119czami sta\u0142ymi tapicerowane - INNOW\" \/>\n<meta property=\"og:description\" content=\"Komfortowe krzes\u0142o sedesowe z por\u0119czami sta\u0142ymi, pokryte tapicerk\u0105, z otworem, nak\u0142adk\u0105 oraz wymiennym pojemnikiem. Sprawd\u017a szczeg\u00f3\u0142y!\" \/>\n<meta property=\"og:url\" content=\"https:\/\/innow.pl\/produkt\/c202c-krzeslo-sedesowe-z-poreczami-stalymi-tapicerowane\/\" \/>\n<meta property=\"og:site_name\" content=\"INNOW\" \/>\n<meta property=\"article:modified_time\" content=\"2025-03-27T06:36:40+00:00\" \/>\n<meta property=\"og:image\" content=\"https:\/\/innow.pl\/wp-content\/uploads\/2024\/11\/C202C_ORWS_1.jpg\" \/>\n\t<meta property=\"og:image:width\" content=\"480\" \/>\n\t<meta property=\"og:image:height\" content=\"559\" \/>\n\t<meta property=\"og:image:type\" content=\"image\/jpeg\" \/>\n<meta name=\"twitter:card\" content=\"summary_large_image\" \/>\n<meta name=\"twitter:label1\" content=\"Dur\u00e9e de lecture estim\u00e9e\" \/>\n\t<meta name=\"twitter:data1\" content=\"1 minute\" \/>\n<script type=\"application\/ld+json\" class=\"yoast-schema-graph\">{\"@context\":\"https:\\\/\\\/schema.org\",\"@graph\":[{\"@type\":\"WebPage\",\"@id\":\"https:\\\/\\\/innow.pl\\\/produkt\\\/c202c-krzeslo-sedesowe-z-poreczami-stalymi-tapicerowane\\\/\",\"url\":\"https:\\\/\\\/innow.pl\\\/produkt\\\/c202c-krzeslo-sedesowe-z-poreczami-stalymi-tapicerowane\\\/\",\"name\":\"C202C - Krzes\u0142o sedesowe z por\u0119czami sta\u0142ymi tapicerowane - INNOW\",\"isPartOf\":{\"@id\":\"https:\\\/\\\/innow.pl\\\/#website\"},\"primaryImageOfPage\":{\"@id\":\"https:\\\/\\\/innow.pl\\\/produkt\\\/c202c-krzeslo-sedesowe-z-poreczami-stalymi-tapicerowane\\\/#primaryimage\"},\"image\":{\"@id\":\"https:\\\/\\\/innow.pl\\\/produkt\\\/c202c-krzeslo-sedesowe-z-poreczami-stalymi-tapicerowane\\\/#primaryimage\"},\"thumbnailUrl\":\"https:\\\/\\\/innow.pl\\\/wp-content\\\/uploads\\\/2024\\\/11\\\/C202C_ORWS_1.jpg\",\"datePublished\":\"2017-01-22T11:10:47+00:00\",\"dateModified\":\"2025-03-27T06:36:40+00:00\",\"description\":\"Komfortowe krzes\u0142o sedesowe z por\u0119czami sta\u0142ymi, pokryte tapicerk\u0105, z otworem, nak\u0142adk\u0105 oraz wymiennym pojemnikiem. Sprawd\u017a szczeg\u00f3\u0142y!\",\"breadcrumb\":{\"@id\":\"https:\\\/\\\/innow.pl\\\/produkt\\\/c202c-krzeslo-sedesowe-z-poreczami-stalymi-tapicerowane\\\/#breadcrumb\"},\"inLanguage\":\"fr-FR\",\"potentialAction\":[{\"@type\":\"ReadAction\",\"target\":[\"https:\\\/\\\/innow.pl\\\/produkt\\\/c202c-krzeslo-sedesowe-z-poreczami-stalymi-tapicerowane\\\/\"]}]},{\"@type\":\"ImageObject\",\"inLanguage\":\"fr-FR\",\"@id\":\"https:\\\/\\\/innow.pl\\\/produkt\\\/c202c-krzeslo-sedesowe-z-poreczami-stalymi-tapicerowane\\\/#primaryimage\",\"url\":\"https:\\\/\\\/innow.pl\\\/wp-content\\\/uploads\\\/2024\\\/11\\\/C202C_ORWS_1.jpg\",\"contentUrl\":\"https:\\\/\\\/innow.pl\\\/wp-content\\\/uploads\\\/2024\\\/11\\\/C202C_ORWS_1.jpg\",\"width\":480,\"height\":559,\"caption\":\"Krzes\u0142o sedesowe z por\u0119czami sta\u0142ymi tapicerowane - C202C [ORWS] - INNOW\"},{\"@type\":\"BreadcrumbList\",\"@id\":\"https:\\\/\\\/innow.pl\\\/produkt\\\/c202c-krzeslo-sedesowe-z-poreczami-stalymi-tapicerowane\\\/#breadcrumb\",\"itemListElement\":[{\"@type\":\"ListItem\",\"position\":1,\"name\":\"INNOW\",\"item\":\"https:\\\/\\\/innow.pl\\\/fr\\\/\"},{\"@type\":\"ListItem\",\"position\":2,\"name\":\"Produkty\",\"item\":\"https:\\\/\\\/innow.pl\\\/produkty\\\/\"},{\"@type\":\"ListItem\",\"position\":3,\"name\":\"\u0141azienka i WC\",\"item\":\"https:\\\/\\\/innow.pl\\\/produkty\\\/lazienka-i-wc\\\/\"},{\"@type\":\"ListItem\",\"position\":4,\"name\":\"Urz\u0105dzenia toaletowe i prysznicowe\",\"item\":\"https:\\\/\\\/innow.pl\\\/produkty\\\/lazienka-i-wc\\\/urzadzenia-toaletowe-i-prysznicowe\\\/\"},{\"@type\":\"ListItem\",\"position\":5,\"name\":\"Krzes\u0142a toaletowe\",\"item\":\"https:\\\/\\\/innow.pl\\\/produkty\\\/lazienka-i-wc\\\/urzadzenia-toaletowe-i-prysznicowe\\\/krzesla-sedesowe\\\/\"},{\"@type\":\"ListItem\",\"position\":6,\"name\":\"C202C &#8211; Krzes\u0142o sedesowe z por\u0119czami sta\u0142ymi tapicerowane\"}]},{\"@type\":\"WebSite\",\"@id\":\"https:\\\/\\\/innow.pl\\\/#website\",\"url\":\"https:\\\/\\\/innow.pl\\\/\",\"name\":\"INNOW\",\"description\":\"\",\"potentialAction\":[{\"@type\":\"SearchAction\",\"target\":{\"@type\":\"EntryPoint\",\"urlTemplate\":\"https:\\\/\\\/innow.pl\\\/?s={search_term_string}\"},\"query-input\":{\"@type\":\"PropertyValueSpecification\",\"valueRequired\":true,\"valueName\":\"search_term_string\"}}],\"inLanguage\":\"fr-FR\"}]}<\/script>\n<!-- \/ Yoast SEO plugin. -->","yoast_head_json":{"title":"C202C - Krzes\u0142o sedesowe z por\u0119czami sta\u0142ymi tapicerowane - INNOW","description":"Komfortowe krzes\u0142o sedesowe z por\u0119czami sta\u0142ymi, pokryte tapicerk\u0105, z otworem, nak\u0142adk\u0105 oraz wymiennym pojemnikiem. Sprawd\u017a szczeg\u00f3\u0142y!","robots":{"index":"index","follow":"follow","max-snippet":"max-snippet:-1","max-image-preview":"max-image-preview:large","max-video-preview":"max-video-preview:-1"},"canonical":"https:\/\/innow.pl\/produkt\/c202c-krzeslo-sedesowe-z-poreczami-stalymi-tapicerowane\/","og_locale":"fr_FR","og_type":"article","og_title":"C202C - Krzes\u0142o sedesowe z por\u0119czami sta\u0142ymi tapicerowane - INNOW","og_description":"Komfortowe krzes\u0142o sedesowe z por\u0119czami sta\u0142ymi, pokryte tapicerk\u0105, z otworem, nak\u0142adk\u0105 oraz wymiennym pojemnikiem. Sprawd\u017a szczeg\u00f3\u0142y!","og_url":"https:\/\/innow.pl\/produkt\/c202c-krzeslo-sedesowe-z-poreczami-stalymi-tapicerowane\/","og_site_name":"INNOW","article_modified_time":"2025-03-27T06:36:40+00:00","og_image":[{"width":480,"height":559,"url":"https:\/\/innow.pl\/wp-content\/uploads\/2024\/11\/C202C_ORWS_1.jpg","type":"image\/jpeg"}],"twitter_card":"summary_large_image","twitter_misc":{"Dur\u00e9e de lecture estim\u00e9e":"1 minute"},"schema":{"@context":"https:\/\/schema.org","@graph":[{"@type":"WebPage","@id":"https:\/\/innow.pl\/produkt\/c202c-krzeslo-sedesowe-z-poreczami-stalymi-tapicerowane\/","url":"https:\/\/innow.pl\/produkt\/c202c-krzeslo-sedesowe-z-poreczami-stalymi-tapicerowane\/","name":"C202C - Krzes\u0142o sedesowe z por\u0119czami sta\u0142ymi tapicerowane - INNOW","isPartOf":{"@id":"https:\/\/innow.pl\/#website"},"primaryImageOfPage":{"@id":"https:\/\/innow.pl\/produkt\/c202c-krzeslo-sedesowe-z-poreczami-stalymi-tapicerowane\/#primaryimage"},"image":{"@id":"https:\/\/innow.pl\/produkt\/c202c-krzeslo-sedesowe-z-poreczami-stalymi-tapicerowane\/#primaryimage"},"thumbnailUrl":"https:\/\/innow.pl\/wp-content\/uploads\/2024\/11\/C202C_ORWS_1.jpg","datePublished":"2017-01-22T11:10:47+00:00","dateModified":"2025-03-27T06:36:40+00:00","description":"Komfortowe krzes\u0142o sedesowe z por\u0119czami sta\u0142ymi, pokryte tapicerk\u0105, z otworem, nak\u0142adk\u0105 oraz wymiennym pojemnikiem. Sprawd\u017a szczeg\u00f3\u0142y!","breadcrumb":{"@id":"https:\/\/innow.pl\/produkt\/c202c-krzeslo-sedesowe-z-poreczami-stalymi-tapicerowane\/#breadcrumb"},"inLanguage":"fr-FR","potentialAction":[{"@type":"ReadAction","target":["https:\/\/innow.pl\/produkt\/c202c-krzeslo-sedesowe-z-poreczami-stalymi-tapicerowane\/"]}]},{"@type":"ImageObject","inLanguage":"fr-FR","@id":"https:\/\/innow.pl\/produkt\/c202c-krzeslo-sedesowe-z-poreczami-stalymi-tapicerowane\/#primaryimage","url":"https:\/\/innow.pl\/wp-content\/uploads\/2024\/11\/C202C_ORWS_1.jpg","contentUrl":"https:\/\/innow.pl\/wp-content\/uploads\/2024\/11\/C202C_ORWS_1.jpg","width":480,"height":559,"caption":"Krzes\u0142o sedesowe z por\u0119czami sta\u0142ymi tapicerowane - C202C [ORWS] - INNOW"},{"@type":"BreadcrumbList","@id":"https:\/\/innow.pl\/produkt\/c202c-krzeslo-sedesowe-z-poreczami-stalymi-tapicerowane\/#breadcrumb","itemListElement":[{"@type":"ListItem","position":1,"name":"INNOW","item":"https:\/\/innow.pl\/fr\/"},{"@type":"ListItem","position":2,"name":"Produkty","item":"https:\/\/innow.pl\/produkty\/"},{"@type":"ListItem","position":3,"name":"\u0141azienka i WC","item":"https:\/\/innow.pl\/produkty\/lazienka-i-wc\/"},{"@type":"ListItem","position":4,"name":"Urz\u0105dzenia toaletowe i prysznicowe","item":"https:\/\/innow.pl\/produkty\/lazienka-i-wc\/urzadzenia-toaletowe-i-prysznicowe\/"},{"@type":"ListItem","position":5,"name":"Krzes\u0142a toaletowe","item":"https:\/\/innow.pl\/produkty\/lazienka-i-wc\/urzadzenia-toaletowe-i-prysznicowe\/krzesla-sedesowe\/"},{"@type":"ListItem","position":6,"name":"C202C &#8211; Krzes\u0142o sedesowe z por\u0119czami sta\u0142ymi tapicerowane"}]},{"@type":"WebSite","@id":"https:\/\/innow.pl\/#website","url":"https:\/\/innow.pl\/","name":"INNOW","description":"","potentialAction":[{"@type":"SearchAction","target":{"@type":"EntryPoint","urlTemplate":"https:\/\/innow.pl\/?s={search_term_string}"},"query-input":{"@type":"PropertyValueSpecification","valueRequired":true,"valueName":"search_term_string"}}],"inLanguage":"fr-FR"}]}},"_links":{"self":[{"href":"https:\/\/innow.pl\/fr\/wp-json\/wp\/v2\/product\/27118","targetHints":{"allow":["GET"]}}],"collection":[{"href":"https:\/\/innow.pl\/fr\/wp-json\/wp\/v2\/product"}],"about":[{"href":"https:\/\/innow.pl\/fr\/wp-json\/wp\/v2\/types\/product"}],"replies":[{"embeddable":true,"href":"https:\/\/innow.pl\/fr\/wp-json\/wp\/v2\/comments?post=27118"}],"wp:featuredmedia":[{"embeddable":true,"href":"https:\/\/innow.pl\/fr\/wp-json\/wp\/v2\/media\/27120"}],"wp:attachment":[{"href":"https:\/\/innow.pl\/fr\/wp-json\/wp\/v2\/media?parent=27118"}],"wp:term":[{"taxonomy":"product_brand","embeddable":true,"href":"https:\/\/innow.pl\/fr\/wp-json\/wp\/v2\/product_brand?post=27118"},{"taxonomy":"product_cat","embeddable":true,"href":"https:\/\/innow.pl\/fr\/wp-json\/wp\/v2\/product_cat?post=27118"},{"taxonomy":"product_tag","embeddable":true,"href":"https:\/\/innow.pl\/fr\/wp-json\/wp\/v2\/product_tag?post=27118"}],"curies":[{"name":"wp","href":"https:\/\/api.w.org\/{rel}","templated":true}]}}