{"id":27040,"date":"2024-01-16T08:00:49","date_gmt":"2024-01-16T07:00:49","guid":{"rendered":"https:\/\/innow.pl\/produkt\/wozek-transportowo-kapielowy-z-hydrauliczna-regulacja-wysokosci-wozek-wanna-do-kapieli\/"},"modified":"2026-04-15T13:10:20","modified_gmt":"2026-04-15T11:10:20","slug":"wozek-transportowo-kapielowy-z-hydrauliczna-regulacja-wysokosci-wozek-wanna-do-kapieli","status":"publish","type":"product","link":"https:\/\/innow.pl\/fr\/produkt\/wozek-transportowo-kapielowy-z-hydrauliczna-regulacja-wysokosci-wozek-wanna-do-kapieli\/","title":{"rendered":"C213 EVO &#8211; W\u00f3zek transportowo-k\u0105pielowy z hydrauliczn\u0105 regulacj\u0105 wysoko\u015bci"},"content":{"rendered":"<p style=\"text-align: left;\" align=\"justify\">W\u00f3zki transportowo-k\u0105pielowe produkowane s\u0105 przez INNOW od <strong>1997<\/strong> <strong>roku<\/strong>!<\/p>\n<p align=\"justify\"><strong>W\u00f3zek transportowo-k\u0105pielowy C213 EVO (zintegrowany system do higieny cia\u0142a pacjenta, \u0142\u00f3\u017ckowanna, mobilna wanna, wanna na k\u00f3\u0142kach)<\/strong> przeznaczony jest do <strong>transportu i k\u0105pieli<\/strong> os\u00f3b <strong>niepe\u0142nosprawnych ruchowo<\/strong> oraz ze <strong>schorzeniami neurologicznymi. <\/strong><\/p>\n<p align=\"justify\">Dedykowany do opieki nad osobami, kt\u00f3re nie potrafi\u0105 samodzielnie wstawa\u0107 i korzysta\u0107 ze standardowej wanny k\u0105pielowej i prysznica. Jego obs\u0142uga jest <strong>bardzo prosta<\/strong>, a <strong>solidna konstrukcja <\/strong>zapewnia <strong>wieloletnie<\/strong> u\u017cytkowanie.<\/p>\n<p align=\"justify\">W\u00f3zki k\u0105pielowe (\u0142\u00f3\u017cka prysznicowe szpitalne, w\u00f3zki do mycia pacjent\u00f3w w pozycji le\u017c\u0105cej) przeznaczone s\u0105 do transportu w obiektach zamkni\u0119tych (wewn\u0105trz budynku).<\/p>\n<p><em>Z okazji 35-lecia istnienia firmy INNOW, wprowadzili\u015bmy na sta\u0142e do wyposa\u017cenia podstawowego: <\/em><\/p>\n<ul>\n<li><em>barierki boczne i szczyty ze stali nierdzewnej INOX,<\/em><\/li>\n<li><em>ko\u0142o kierunkowe,<\/em><\/li>\n<li><em>obudow\u0119 podwozia.<\/em><\/li>\n<\/ul>\n<p><strong>Podstawowe wyposa\u017cenie w\u00f3zk\u00f3w k\u0105pielowych:<\/strong><\/p>\n<ul>\n<li>konstrukcja stalowa &#8211; kolor bia\u0142y (lakierowana proszkowo),<\/li>\n<li>wanna wykonana z PCV,<\/li>\n<li>wodoodporna poduszka,<\/li>\n<li>odp\u0142yw,<\/li>\n<li>4 odbojniki,<\/li>\n<li>odchylane barierki boczne ze stali nierdzewnej,<\/li>\n<li>barierki czo\u0142owe ze stali nierdzewnej,<\/li>\n<li>regulacja wysoko\u015bci z zastosowaniem si\u0142ownika hydraulicznego,<\/li>\n<li>ko\u0142a z <a style=\"color: #3f5ae0;\" href=\"https:\/\/innow.pl\/produkt\/centralny-system-hamowania\/\">centralnym systemem hamowania<\/a>,<\/li>\n<li>obudowa ramy dolnej.<\/li>\n<\/ul>\n<div>\n<p style=\"text-align: left;\">Polecamy produkty do <strong>\u0142atwego przemieszczania pacjent\u00f3w<\/strong>.<\/p>\n<h3 style=\"text-align: left;\"><strong><a href=\"https:\/\/innow.pl\/kategoria-produktu\/latwoslizgi-przemieszczanie-pacjentow\/\"><span style=\"color: #3300ff;\">&gt; Sprawd\u017a! &lt;<\/span><\/a><\/strong><\/h3>\n<\/div>\n","protected":false},"excerpt":{"rendered":"<p>W\u00f3zki transportowo-k\u0105pielowe produkowane s\u0105 przez INNOW od 1997 roku! W\u00f3zek transportowo-k\u0105pielowy C213 EVO (zintegrowany system do higieny cia\u0142a pacjenta, \u0142\u00f3\u017ckowanna, mobilna wanna, wanna na k\u00f3\u0142kach) przeznaczony jest do transportu i k\u0105pieli os\u00f3b niepe\u0142nosprawnych ruchowo oraz ze schorzeniami neurologicznymi. Dedykowany do opieki nad osobami, kt\u00f3re nie potrafi\u0105 samodzielnie wstawa\u0107 i korzysta\u0107 ze standardowej wanny k\u0105pielowej i [&hellip;]<\/p>\n","protected":false},"featured_media":77266,"comment_status":"open","ping_status":"closed","template":"","meta":{"_acf_changed":false},"product_brand":[],"product_cat":[444,445,434],"product_tag":[],"class_list":{"0":"post-27040","1":"product","2":"type-product","3":"status-publish","4":"has-post-thumbnail","6":"product_cat-komfortka-wyposazenie","7":"product_cat-komfortka-stacjonarna","8":"product_cat-wozki-kapielowe-wozkowanny","9":"pa_dlugosc-calkowita-203-cm","10":"pa_dlugosc-dna-wanny-186-cm","11":"pa_srednica-kol-20-cm","12":"pa_szerokosc-calkowita-73-cm","13":"pa_szerokosc-dna-wanny-56-cm","14":"pa_waga-70-kg","15":"pa_wysokosc-calkowita-815-120-cm","16":"pa_wysokosc-do-dna-wanny-475-86-cm","18":"first","19":"instock","20":"taxable","21":"shipping-taxable","22":"purchasable","23":"product-type-simple"},"acf":[],"yoast_head":"<!-- This site is optimized with the Yoast SEO plugin v27.4 - https:\/\/yoast.com\/product\/yoast-seo-wordpress\/ -->\n<title>C213 EVO - W\u00f3zek transportowo-k\u0105pielowy z hydrauliczn\u0105 regulacj\u0105 wysoko\u015bci - INNOW<\/title>\n<meta name=\"description\" content=\"W\u00f3zek transportowo-k\u0105pielowy z hydrauliczn\u0105 regulacj\u0105 wysoko\u015bci z wann\u0105 z PCV i odp\u0142ywem - bogate wyposa\u017cenie opcjonalne! Zobacz nasz w\u00f3zek k\u0105pielowy!\" \/>\n<meta name=\"robots\" content=\"index, follow, max-snippet:-1, max-image-preview:large, max-video-preview:-1\" \/>\n<link rel=\"canonical\" href=\"https:\/\/innow.pl\/produkt\/wozek-transportowo-kapielowy-z-hydrauliczna-regulacja-wysokosci-wozek-wanna-do-kapieli\/\" \/>\n<meta property=\"og:locale\" content=\"fr_FR\" \/>\n<meta property=\"og:type\" content=\"article\" \/>\n<meta property=\"og:title\" content=\"C213 EVO - W\u00f3zek transportowo-k\u0105pielowy z hydrauliczn\u0105 regulacj\u0105 wysoko\u015bci - INNOW\" \/>\n<meta property=\"og:description\" content=\"W\u00f3zek transportowo-k\u0105pielowy z hydrauliczn\u0105 regulacj\u0105 wysoko\u015bci z wann\u0105 z PCV i odp\u0142ywem - bogate wyposa\u017cenie opcjonalne! Zobacz nasz w\u00f3zek k\u0105pielowy!\" \/>\n<meta property=\"og:url\" content=\"https:\/\/innow.pl\/produkt\/wozek-transportowo-kapielowy-z-hydrauliczna-regulacja-wysokosci-wozek-wanna-do-kapieli\/\" \/>\n<meta property=\"og:site_name\" content=\"INNOW\" \/>\n<meta property=\"article:modified_time\" content=\"2026-04-15T11:10:20+00:00\" \/>\n<meta property=\"og:image\" content=\"https:\/\/innow.pl\/wp-content\/uploads\/2024\/01\/C213EVO_2026_3.jpg\" \/>\n\t<meta property=\"og:image:width\" content=\"1000\" \/>\n\t<meta property=\"og:image:height\" content=\"1000\" \/>\n\t<meta property=\"og:image:type\" content=\"image\/jpeg\" \/>\n<meta name=\"twitter:card\" content=\"summary_large_image\" \/>\n<meta name=\"twitter:label1\" content=\"Dur\u00e9e de lecture estim\u00e9e\" \/>\n\t<meta name=\"twitter:data1\" content=\"2 minutes\" \/>\n<script type=\"application\/ld+json\" class=\"yoast-schema-graph\">{\"@context\":\"https:\\\/\\\/schema.org\",\"@graph\":[{\"@type\":\"WebPage\",\"@id\":\"https:\\\/\\\/innow.pl\\\/produkt\\\/wozek-transportowo-kapielowy-z-hydrauliczna-regulacja-wysokosci-wozek-wanna-do-kapieli\\\/\",\"url\":\"https:\\\/\\\/innow.pl\\\/produkt\\\/wozek-transportowo-kapielowy-z-hydrauliczna-regulacja-wysokosci-wozek-wanna-do-kapieli\\\/\",\"name\":\"C213 EVO - W\u00f3zek transportowo-k\u0105pielowy z hydrauliczn\u0105 regulacj\u0105 wysoko\u015bci - INNOW\",\"isPartOf\":{\"@id\":\"https:\\\/\\\/innow.pl\\\/#website\"},\"primaryImageOfPage\":{\"@id\":\"https:\\\/\\\/innow.pl\\\/produkt\\\/wozek-transportowo-kapielowy-z-hydrauliczna-regulacja-wysokosci-wozek-wanna-do-kapieli\\\/#primaryimage\"},\"image\":{\"@id\":\"https:\\\/\\\/innow.pl\\\/produkt\\\/wozek-transportowo-kapielowy-z-hydrauliczna-regulacja-wysokosci-wozek-wanna-do-kapieli\\\/#primaryimage\"},\"thumbnailUrl\":\"https:\\\/\\\/innow.pl\\\/wp-content\\\/uploads\\\/2024\\\/01\\\/C213EVO_2026_3.jpg\",\"datePublished\":\"2024-01-16T07:00:49+00:00\",\"dateModified\":\"2026-04-15T11:10:20+00:00\",\"description\":\"W\u00f3zek transportowo-k\u0105pielowy z hydrauliczn\u0105 regulacj\u0105 wysoko\u015bci z wann\u0105 z PCV i odp\u0142ywem - bogate wyposa\u017cenie opcjonalne! Zobacz nasz w\u00f3zek k\u0105pielowy!\",\"breadcrumb\":{\"@id\":\"https:\\\/\\\/innow.pl\\\/produkt\\\/wozek-transportowo-kapielowy-z-hydrauliczna-regulacja-wysokosci-wozek-wanna-do-kapieli\\\/#breadcrumb\"},\"inLanguage\":\"fr-FR\",\"potentialAction\":[{\"@type\":\"ReadAction\",\"target\":[\"https:\\\/\\\/innow.pl\\\/produkt\\\/wozek-transportowo-kapielowy-z-hydrauliczna-regulacja-wysokosci-wozek-wanna-do-kapieli\\\/\"]}]},{\"@type\":\"ImageObject\",\"inLanguage\":\"fr-FR\",\"@id\":\"https:\\\/\\\/innow.pl\\\/produkt\\\/wozek-transportowo-kapielowy-z-hydrauliczna-regulacja-wysokosci-wozek-wanna-do-kapieli\\\/#primaryimage\",\"url\":\"https:\\\/\\\/innow.pl\\\/wp-content\\\/uploads\\\/2024\\\/01\\\/C213EVO_2026_3.jpg\",\"contentUrl\":\"https:\\\/\\\/innow.pl\\\/wp-content\\\/uploads\\\/2024\\\/01\\\/C213EVO_2026_3.jpg\",\"width\":1000,\"height\":1000,\"caption\":\"C213 EVO - W\u00f3zek transportowo-k\u0105pielowy z hydrauliczn\u0105 regulacj\u0105 wysoko\u015bci\"},{\"@type\":\"BreadcrumbList\",\"@id\":\"https:\\\/\\\/innow.pl\\\/produkt\\\/wozek-transportowo-kapielowy-z-hydrauliczna-regulacja-wysokosci-wozek-wanna-do-kapieli\\\/#breadcrumb\",\"itemListElement\":[{\"@type\":\"ListItem\",\"position\":1,\"name\":\"INNOW\",\"item\":\"https:\\\/\\\/innow.pl\\\/fr\\\/\"},{\"@type\":\"ListItem\",\"position\":2,\"name\":\"Produkty\",\"item\":\"https:\\\/\\\/innow.pl\\\/produkty\\\/\"},{\"@type\":\"ListItem\",\"position\":3,\"name\":\"Komfortka - wyposa\u017cenie\",\"item\":\"https:\\\/\\\/innow.pl\\\/produkty\\\/komfortka-wyposazenie\\\/\"},{\"@type\":\"ListItem\",\"position\":4,\"name\":\"Komfortka stacjonarna\",\"item\":\"https:\\\/\\\/innow.pl\\\/produkty\\\/komfortka-wyposazenie\\\/komfortka-stacjonarna\\\/\"},{\"@type\":\"ListItem\",\"position\":5,\"name\":\"C213 EVO &#8211; W\u00f3zek transportowo-k\u0105pielowy z hydrauliczn\u0105 regulacj\u0105 wysoko\u015bci\"}]},{\"@type\":\"WebSite\",\"@id\":\"https:\\\/\\\/innow.pl\\\/#website\",\"url\":\"https:\\\/\\\/innow.pl\\\/\",\"name\":\"INNOW\",\"description\":\"\",\"potentialAction\":[{\"@type\":\"SearchAction\",\"target\":{\"@type\":\"EntryPoint\",\"urlTemplate\":\"https:\\\/\\\/innow.pl\\\/?s={search_term_string}\"},\"query-input\":{\"@type\":\"PropertyValueSpecification\",\"valueRequired\":true,\"valueName\":\"search_term_string\"}}],\"inLanguage\":\"fr-FR\"}]}<\/script>\n<!-- \/ Yoast SEO plugin. -->","yoast_head_json":{"title":"C213 EVO - W\u00f3zek transportowo-k\u0105pielowy z hydrauliczn\u0105 regulacj\u0105 wysoko\u015bci - INNOW","description":"W\u00f3zek transportowo-k\u0105pielowy z hydrauliczn\u0105 regulacj\u0105 wysoko\u015bci z wann\u0105 z PCV i odp\u0142ywem - bogate wyposa\u017cenie opcjonalne! Zobacz nasz w\u00f3zek k\u0105pielowy!","robots":{"index":"index","follow":"follow","max-snippet":"max-snippet:-1","max-image-preview":"max-image-preview:large","max-video-preview":"max-video-preview:-1"},"canonical":"https:\/\/innow.pl\/produkt\/wozek-transportowo-kapielowy-z-hydrauliczna-regulacja-wysokosci-wozek-wanna-do-kapieli\/","og_locale":"fr_FR","og_type":"article","og_title":"C213 EVO - W\u00f3zek transportowo-k\u0105pielowy z hydrauliczn\u0105 regulacj\u0105 wysoko\u015bci - INNOW","og_description":"W\u00f3zek transportowo-k\u0105pielowy z hydrauliczn\u0105 regulacj\u0105 wysoko\u015bci z wann\u0105 z PCV i odp\u0142ywem - bogate wyposa\u017cenie opcjonalne! Zobacz nasz w\u00f3zek k\u0105pielowy!","og_url":"https:\/\/innow.pl\/produkt\/wozek-transportowo-kapielowy-z-hydrauliczna-regulacja-wysokosci-wozek-wanna-do-kapieli\/","og_site_name":"INNOW","article_modified_time":"2026-04-15T11:10:20+00:00","og_image":[{"width":1000,"height":1000,"url":"https:\/\/innow.pl\/wp-content\/uploads\/2024\/01\/C213EVO_2026_3.jpg","type":"image\/jpeg"}],"twitter_card":"summary_large_image","twitter_misc":{"Dur\u00e9e de lecture estim\u00e9e":"2 minutes"},"schema":{"@context":"https:\/\/schema.org","@graph":[{"@type":"WebPage","@id":"https:\/\/innow.pl\/produkt\/wozek-transportowo-kapielowy-z-hydrauliczna-regulacja-wysokosci-wozek-wanna-do-kapieli\/","url":"https:\/\/innow.pl\/produkt\/wozek-transportowo-kapielowy-z-hydrauliczna-regulacja-wysokosci-wozek-wanna-do-kapieli\/","name":"C213 EVO - W\u00f3zek transportowo-k\u0105pielowy z hydrauliczn\u0105 regulacj\u0105 wysoko\u015bci - INNOW","isPartOf":{"@id":"https:\/\/innow.pl\/#website"},"primaryImageOfPage":{"@id":"https:\/\/innow.pl\/produkt\/wozek-transportowo-kapielowy-z-hydrauliczna-regulacja-wysokosci-wozek-wanna-do-kapieli\/#primaryimage"},"image":{"@id":"https:\/\/innow.pl\/produkt\/wozek-transportowo-kapielowy-z-hydrauliczna-regulacja-wysokosci-wozek-wanna-do-kapieli\/#primaryimage"},"thumbnailUrl":"https:\/\/innow.pl\/wp-content\/uploads\/2024\/01\/C213EVO_2026_3.jpg","datePublished":"2024-01-16T07:00:49+00:00","dateModified":"2026-04-15T11:10:20+00:00","description":"W\u00f3zek transportowo-k\u0105pielowy z hydrauliczn\u0105 regulacj\u0105 wysoko\u015bci z wann\u0105 z PCV i odp\u0142ywem - bogate wyposa\u017cenie opcjonalne! Zobacz nasz w\u00f3zek k\u0105pielowy!","breadcrumb":{"@id":"https:\/\/innow.pl\/produkt\/wozek-transportowo-kapielowy-z-hydrauliczna-regulacja-wysokosci-wozek-wanna-do-kapieli\/#breadcrumb"},"inLanguage":"fr-FR","potentialAction":[{"@type":"ReadAction","target":["https:\/\/innow.pl\/produkt\/wozek-transportowo-kapielowy-z-hydrauliczna-regulacja-wysokosci-wozek-wanna-do-kapieli\/"]}]},{"@type":"ImageObject","inLanguage":"fr-FR","@id":"https:\/\/innow.pl\/produkt\/wozek-transportowo-kapielowy-z-hydrauliczna-regulacja-wysokosci-wozek-wanna-do-kapieli\/#primaryimage","url":"https:\/\/innow.pl\/wp-content\/uploads\/2024\/01\/C213EVO_2026_3.jpg","contentUrl":"https:\/\/innow.pl\/wp-content\/uploads\/2024\/01\/C213EVO_2026_3.jpg","width":1000,"height":1000,"caption":"C213 EVO - W\u00f3zek transportowo-k\u0105pielowy z hydrauliczn\u0105 regulacj\u0105 wysoko\u015bci"},{"@type":"BreadcrumbList","@id":"https:\/\/innow.pl\/produkt\/wozek-transportowo-kapielowy-z-hydrauliczna-regulacja-wysokosci-wozek-wanna-do-kapieli\/#breadcrumb","itemListElement":[{"@type":"ListItem","position":1,"name":"INNOW","item":"https:\/\/innow.pl\/fr\/"},{"@type":"ListItem","position":2,"name":"Produkty","item":"https:\/\/innow.pl\/produkty\/"},{"@type":"ListItem","position":3,"name":"Komfortka - wyposa\u017cenie","item":"https:\/\/innow.pl\/produkty\/komfortka-wyposazenie\/"},{"@type":"ListItem","position":4,"name":"Komfortka stacjonarna","item":"https:\/\/innow.pl\/produkty\/komfortka-wyposazenie\/komfortka-stacjonarna\/"},{"@type":"ListItem","position":5,"name":"C213 EVO &#8211; W\u00f3zek transportowo-k\u0105pielowy z hydrauliczn\u0105 regulacj\u0105 wysoko\u015bci"}]},{"@type":"WebSite","@id":"https:\/\/innow.pl\/#website","url":"https:\/\/innow.pl\/","name":"INNOW","description":"","potentialAction":[{"@type":"SearchAction","target":{"@type":"EntryPoint","urlTemplate":"https:\/\/innow.pl\/?s={search_term_string}"},"query-input":{"@type":"PropertyValueSpecification","valueRequired":true,"valueName":"search_term_string"}}],"inLanguage":"fr-FR"}]}},"_links":{"self":[{"href":"https:\/\/innow.pl\/fr\/wp-json\/wp\/v2\/product\/27040","targetHints":{"allow":["GET"]}}],"collection":[{"href":"https:\/\/innow.pl\/fr\/wp-json\/wp\/v2\/product"}],"about":[{"href":"https:\/\/innow.pl\/fr\/wp-json\/wp\/v2\/types\/product"}],"replies":[{"embeddable":true,"href":"https:\/\/innow.pl\/fr\/wp-json\/wp\/v2\/comments?post=27040"}],"wp:featuredmedia":[{"embeddable":true,"href":"https:\/\/innow.pl\/fr\/wp-json\/wp\/v2\/media\/77266"}],"wp:attachment":[{"href":"https:\/\/innow.pl\/fr\/wp-json\/wp\/v2\/media?parent=27040"}],"wp:term":[{"taxonomy":"product_brand","embeddable":true,"href":"https:\/\/innow.pl\/fr\/wp-json\/wp\/v2\/product_brand?post=27040"},{"taxonomy":"product_cat","embeddable":true,"href":"https:\/\/innow.pl\/fr\/wp-json\/wp\/v2\/product_cat?post=27040"},{"taxonomy":"product_tag","embeddable":true,"href":"https:\/\/innow.pl\/fr\/wp-json\/wp\/v2\/product_tag?post=27040"}],"curies":[{"name":"wp","href":"https:\/\/api.w.org\/{rel}","templated":true}]}}