{"id":27034,"date":"2017-08-16T13:00:37","date_gmt":"2017-08-16T11:00:37","guid":{"rendered":"https:\/\/innow.pl\/produkt\/gwizdze-na-wszystko-dvd-2\/"},"modified":"2025-01-27T11:10:27","modified_gmt":"2025-01-27T10:10:27","slug":"gwizdze-na-wszystko-dvd-2","status":"publish","type":"product","link":"https:\/\/innow.pl\/fr\/produkt\/gwizdze-na-wszystko-dvd-2\/","title":{"rendered":"Gwi\u017cd\u017c\u0119 na wszystko &#8211; DVD"},"content":{"rendered":"<p>Z wielka przyjemno\u015bci\u0105 przekazujemy Pa\u0144stwu zapis ca\u0142ego koncertu \u00ab\u00a0Gwi\u017cd\u017c\u0119 na wszystko\u00a0\u00bb w formacie DVD. Koncert wype\u0142niony piosenkami retro, zagrany w stylu wyst\u0119p\u00f3w na \u017cywo artyst\u00f3w, gwiazd 20-lecia mi\u0119dzywojennego ma bardzo ciekaw\u0105 opraw\u0119 wizualn\u0105. Sceneria przedwojennego cafe-cabaret i wy\u015bwietlane na telebimie fotosy ukazuj\u0105ce przedwojenn\u0105 Warszaw\u0119 tworz\u0105 idealny klimat dla wykonywanych przez muzyk\u00f3w utwor\u00f3w.  \u015apiewa z uczuciem i werw\u0105 Jan Wyci\u015blik (tenor), akompaniuje z wielkim stylem i wyczuciem zesp\u00f3\u0142 Maestrio pod kierownictwem Marzeny Miku\u0142y-Drabek.  Kilkadziesi\u0105t minut wspomnie\u0144 i dobrej zabawy &#8211; warto mie\u0107 ten koncert w swojej kolekcji.  Uwaga: &#8211; ograniczona edycja wydawnictwa (prosz\u0119 dopyta\u0107 o dost\u0119pno\u015b\u0107) &#8211; wysy\u0142ka tylko na pisemne zam\u00f3wienie &#8211; koszt do uzgodnienia (do zap\u0142aty tylko kwota za transport)<\/p>\n","protected":false},"excerpt":{"rendered":"<p>Z wielka przyjemno\u015bci\u0105 przekazujemy Pa\u0144stwu zapis ca\u0142ego koncertu \u00ab\u00a0Gwi\u017cd\u017c\u0119 na wszystko\u00a0\u00bb w formacie DVD. Koncert wype\u0142niony piosenkami retro, zagrany w stylu wyst\u0119p\u00f3w na \u017cywo artyst\u00f3w, gwiazd 20-lecia mi\u0119dzywojennego ma bardzo ciekaw\u0105 opraw\u0119 wizualn\u0105. Sceneria przedwojennego cafe-cabaret i wy\u015bwietlane na telebimie fotosy ukazuj\u0105ce przedwojenn\u0105 Warszaw\u0119 tworz\u0105 idealny klimat dla wykonywanych przez muzyk\u00f3w utwor\u00f3w. \u015apiewa z uczuciem [&hellip;]<\/p>\n","protected":false},"featured_media":27036,"comment_status":"open","ping_status":"open","template":"","meta":{"_acf_changed":false},"product_brand":[],"product_cat":[404,403,394],"product_tag":[],"class_list":{"0":"post-27034","1":"product","2":"type-product","3":"status-publish","4":"has-post-thumbnail","6":"product_cat-innow-retro","7":"product_cat-plyty-dvd","8":"product_cat-sklepik-z-kultura","10":"first","11":"instock","12":"taxable","13":"shipping-taxable","14":"purchasable","15":"product-type-simple"},"acf":[],"yoast_head":"<!-- This site is optimized with the Yoast SEO plugin v27.4 - https:\/\/yoast.com\/product\/yoast-seo-wordpress\/ -->\n<title>Gwi\u017cd\u017c\u0119 na wszystko - DVD - INNOW<\/title>\n<meta name=\"description\" content=\"Znakomity koncert piosenek retro Gwi\u017cd\u017c\u0119 na wszystko - DVD, w stylu wyst\u0119p\u00f3w gwiazd 20-lecia mi\u0119dzywojennego. \u015apiewa Jan Wyci\u015blik (tenor). Zobacz!\" \/>\n<meta name=\"robots\" content=\"index, follow, max-snippet:-1, max-image-preview:large, max-video-preview:-1\" \/>\n<link rel=\"canonical\" href=\"https:\/\/innow.pl\/produkt\/gwizdze-na-wszystko-dvd-2\/\" \/>\n<meta property=\"og:locale\" content=\"fr_FR\" \/>\n<meta property=\"og:type\" content=\"article\" \/>\n<meta property=\"og:title\" content=\"Gwi\u017cd\u017c\u0119 na wszystko - DVD - INNOW\" \/>\n<meta property=\"og:description\" content=\"Znakomity koncert piosenek retro Gwi\u017cd\u017c\u0119 na wszystko - DVD, w stylu wyst\u0119p\u00f3w gwiazd 20-lecia mi\u0119dzywojennego. \u015apiewa Jan Wyci\u015blik (tenor). Zobacz!\" \/>\n<meta property=\"og:url\" content=\"https:\/\/innow.pl\/produkt\/gwizdze-na-wszystko-dvd-2\/\" \/>\n<meta property=\"og:site_name\" content=\"INNOW\" \/>\n<meta property=\"article:modified_time\" content=\"2025-01-27T10:10:27+00:00\" \/>\n<meta property=\"og:image\" content=\"https:\/\/innow.pl\/wp-content\/uploads\/2024\/11\/Gwizdze-DVD-1.jpg\" \/>\n\t<meta property=\"og:image:width\" content=\"343\" \/>\n\t<meta property=\"og:image:height\" content=\"480\" \/>\n\t<meta property=\"og:image:type\" content=\"image\/jpeg\" \/>\n<meta name=\"twitter:card\" content=\"summary_large_image\" \/>\n<meta name=\"twitter:label1\" content=\"Dur\u00e9e de lecture estim\u00e9e\" \/>\n\t<meta name=\"twitter:data1\" content=\"1 minute\" \/>\n<script type=\"application\/ld+json\" class=\"yoast-schema-graph\">{\"@context\":\"https:\\\/\\\/schema.org\",\"@graph\":[{\"@type\":\"WebPage\",\"@id\":\"https:\\\/\\\/innow.pl\\\/produkt\\\/gwizdze-na-wszystko-dvd-2\\\/\",\"url\":\"https:\\\/\\\/innow.pl\\\/produkt\\\/gwizdze-na-wszystko-dvd-2\\\/\",\"name\":\"Gwi\u017cd\u017c\u0119 na wszystko - DVD - INNOW\",\"isPartOf\":{\"@id\":\"https:\\\/\\\/innow.pl\\\/#website\"},\"primaryImageOfPage\":{\"@id\":\"https:\\\/\\\/innow.pl\\\/produkt\\\/gwizdze-na-wszystko-dvd-2\\\/#primaryimage\"},\"image\":{\"@id\":\"https:\\\/\\\/innow.pl\\\/produkt\\\/gwizdze-na-wszystko-dvd-2\\\/#primaryimage\"},\"thumbnailUrl\":\"https:\\\/\\\/innow.pl\\\/wp-content\\\/uploads\\\/2024\\\/11\\\/Gwizdze-DVD-1.jpg\",\"datePublished\":\"2017-08-16T11:00:37+00:00\",\"dateModified\":\"2025-01-27T10:10:27+00:00\",\"description\":\"Znakomity koncert piosenek retro Gwi\u017cd\u017c\u0119 na wszystko - DVD, w stylu wyst\u0119p\u00f3w gwiazd 20-lecia mi\u0119dzywojennego. \u015apiewa Jan Wyci\u015blik (tenor). Zobacz!\",\"breadcrumb\":{\"@id\":\"https:\\\/\\\/innow.pl\\\/produkt\\\/gwizdze-na-wszystko-dvd-2\\\/#breadcrumb\"},\"inLanguage\":\"fr-FR\",\"potentialAction\":[{\"@type\":\"ReadAction\",\"target\":[\"https:\\\/\\\/innow.pl\\\/produkt\\\/gwizdze-na-wszystko-dvd-2\\\/\"]}]},{\"@type\":\"ImageObject\",\"inLanguage\":\"fr-FR\",\"@id\":\"https:\\\/\\\/innow.pl\\\/produkt\\\/gwizdze-na-wszystko-dvd-2\\\/#primaryimage\",\"url\":\"https:\\\/\\\/innow.pl\\\/wp-content\\\/uploads\\\/2024\\\/11\\\/Gwizdze-DVD-1.jpg\",\"contentUrl\":\"https:\\\/\\\/innow.pl\\\/wp-content\\\/uploads\\\/2024\\\/11\\\/Gwizdze-DVD-1.jpg\",\"width\":343,\"height\":480,\"caption\":\"Gwi\u017cd\u017c\u0119 na wszystko - DVD - INNOW\"},{\"@type\":\"BreadcrumbList\",\"@id\":\"https:\\\/\\\/innow.pl\\\/produkt\\\/gwizdze-na-wszystko-dvd-2\\\/#breadcrumb\",\"itemListElement\":[{\"@type\":\"ListItem\",\"position\":1,\"name\":\"INNOW\",\"item\":\"https:\\\/\\\/innow.pl\\\/fr\\\/\"},{\"@type\":\"ListItem\",\"position\":2,\"name\":\"Produkty\",\"item\":\"https:\\\/\\\/innow.pl\\\/produkty\\\/\"},{\"@type\":\"ListItem\",\"position\":3,\"name\":\"Culture corner\",\"item\":\"https:\\\/\\\/innow.pl\\\/en\\\/produkty\\\/culture-corner\\\/\"},{\"@type\":\"ListItem\",\"position\":4,\"name\":\"DVDs\",\"item\":\"https:\\\/\\\/innow.pl\\\/en\\\/produkty\\\/culture-corner\\\/dvds\\\/\"},{\"@type\":\"ListItem\",\"position\":5,\"name\":\"INNOW-Retro\",\"item\":\"https:\\\/\\\/innow.pl\\\/produkty\\\/sklepik-z-kultura\\\/plyty-dvd\\\/innow-retro\\\/\"},{\"@type\":\"ListItem\",\"position\":6,\"name\":\"Gwi\u017cd\u017c\u0119 na wszystko &#8211; DVD\"}]},{\"@type\":\"WebSite\",\"@id\":\"https:\\\/\\\/innow.pl\\\/#website\",\"url\":\"https:\\\/\\\/innow.pl\\\/\",\"name\":\"INNOW\",\"description\":\"\",\"potentialAction\":[{\"@type\":\"SearchAction\",\"target\":{\"@type\":\"EntryPoint\",\"urlTemplate\":\"https:\\\/\\\/innow.pl\\\/?s={search_term_string}\"},\"query-input\":{\"@type\":\"PropertyValueSpecification\",\"valueRequired\":true,\"valueName\":\"search_term_string\"}}],\"inLanguage\":\"fr-FR\"}]}<\/script>\n<!-- \/ Yoast SEO plugin. -->","yoast_head_json":{"title":"Gwi\u017cd\u017c\u0119 na wszystko - DVD - INNOW","description":"Znakomity koncert piosenek retro Gwi\u017cd\u017c\u0119 na wszystko - DVD, w stylu wyst\u0119p\u00f3w gwiazd 20-lecia mi\u0119dzywojennego. \u015apiewa Jan Wyci\u015blik (tenor). Zobacz!","robots":{"index":"index","follow":"follow","max-snippet":"max-snippet:-1","max-image-preview":"max-image-preview:large","max-video-preview":"max-video-preview:-1"},"canonical":"https:\/\/innow.pl\/produkt\/gwizdze-na-wszystko-dvd-2\/","og_locale":"fr_FR","og_type":"article","og_title":"Gwi\u017cd\u017c\u0119 na wszystko - DVD - INNOW","og_description":"Znakomity koncert piosenek retro Gwi\u017cd\u017c\u0119 na wszystko - DVD, w stylu wyst\u0119p\u00f3w gwiazd 20-lecia mi\u0119dzywojennego. \u015apiewa Jan Wyci\u015blik (tenor). Zobacz!","og_url":"https:\/\/innow.pl\/produkt\/gwizdze-na-wszystko-dvd-2\/","og_site_name":"INNOW","article_modified_time":"2025-01-27T10:10:27+00:00","og_image":[{"width":343,"height":480,"url":"https:\/\/innow.pl\/wp-content\/uploads\/2024\/11\/Gwizdze-DVD-1.jpg","type":"image\/jpeg"}],"twitter_card":"summary_large_image","twitter_misc":{"Dur\u00e9e de lecture estim\u00e9e":"1 minute"},"schema":{"@context":"https:\/\/schema.org","@graph":[{"@type":"WebPage","@id":"https:\/\/innow.pl\/produkt\/gwizdze-na-wszystko-dvd-2\/","url":"https:\/\/innow.pl\/produkt\/gwizdze-na-wszystko-dvd-2\/","name":"Gwi\u017cd\u017c\u0119 na wszystko - DVD - INNOW","isPartOf":{"@id":"https:\/\/innow.pl\/#website"},"primaryImageOfPage":{"@id":"https:\/\/innow.pl\/produkt\/gwizdze-na-wszystko-dvd-2\/#primaryimage"},"image":{"@id":"https:\/\/innow.pl\/produkt\/gwizdze-na-wszystko-dvd-2\/#primaryimage"},"thumbnailUrl":"https:\/\/innow.pl\/wp-content\/uploads\/2024\/11\/Gwizdze-DVD-1.jpg","datePublished":"2017-08-16T11:00:37+00:00","dateModified":"2025-01-27T10:10:27+00:00","description":"Znakomity koncert piosenek retro Gwi\u017cd\u017c\u0119 na wszystko - DVD, w stylu wyst\u0119p\u00f3w gwiazd 20-lecia mi\u0119dzywojennego. \u015apiewa Jan Wyci\u015blik (tenor). Zobacz!","breadcrumb":{"@id":"https:\/\/innow.pl\/produkt\/gwizdze-na-wszystko-dvd-2\/#breadcrumb"},"inLanguage":"fr-FR","potentialAction":[{"@type":"ReadAction","target":["https:\/\/innow.pl\/produkt\/gwizdze-na-wszystko-dvd-2\/"]}]},{"@type":"ImageObject","inLanguage":"fr-FR","@id":"https:\/\/innow.pl\/produkt\/gwizdze-na-wszystko-dvd-2\/#primaryimage","url":"https:\/\/innow.pl\/wp-content\/uploads\/2024\/11\/Gwizdze-DVD-1.jpg","contentUrl":"https:\/\/innow.pl\/wp-content\/uploads\/2024\/11\/Gwizdze-DVD-1.jpg","width":343,"height":480,"caption":"Gwi\u017cd\u017c\u0119 na wszystko - DVD - INNOW"},{"@type":"BreadcrumbList","@id":"https:\/\/innow.pl\/produkt\/gwizdze-na-wszystko-dvd-2\/#breadcrumb","itemListElement":[{"@type":"ListItem","position":1,"name":"INNOW","item":"https:\/\/innow.pl\/fr\/"},{"@type":"ListItem","position":2,"name":"Produkty","item":"https:\/\/innow.pl\/produkty\/"},{"@type":"ListItem","position":3,"name":"Culture corner","item":"https:\/\/innow.pl\/en\/produkty\/culture-corner\/"},{"@type":"ListItem","position":4,"name":"DVDs","item":"https:\/\/innow.pl\/en\/produkty\/culture-corner\/dvds\/"},{"@type":"ListItem","position":5,"name":"INNOW-Retro","item":"https:\/\/innow.pl\/produkty\/sklepik-z-kultura\/plyty-dvd\/innow-retro\/"},{"@type":"ListItem","position":6,"name":"Gwi\u017cd\u017c\u0119 na wszystko &#8211; DVD"}]},{"@type":"WebSite","@id":"https:\/\/innow.pl\/#website","url":"https:\/\/innow.pl\/","name":"INNOW","description":"","potentialAction":[{"@type":"SearchAction","target":{"@type":"EntryPoint","urlTemplate":"https:\/\/innow.pl\/?s={search_term_string}"},"query-input":{"@type":"PropertyValueSpecification","valueRequired":true,"valueName":"search_term_string"}}],"inLanguage":"fr-FR"}]}},"_links":{"self":[{"href":"https:\/\/innow.pl\/fr\/wp-json\/wp\/v2\/product\/27034","targetHints":{"allow":["GET"]}}],"collection":[{"href":"https:\/\/innow.pl\/fr\/wp-json\/wp\/v2\/product"}],"about":[{"href":"https:\/\/innow.pl\/fr\/wp-json\/wp\/v2\/types\/product"}],"replies":[{"embeddable":true,"href":"https:\/\/innow.pl\/fr\/wp-json\/wp\/v2\/comments?post=27034"}],"wp:featuredmedia":[{"embeddable":true,"href":"https:\/\/innow.pl\/fr\/wp-json\/wp\/v2\/media\/27036"}],"wp:attachment":[{"href":"https:\/\/innow.pl\/fr\/wp-json\/wp\/v2\/media?parent=27034"}],"wp:term":[{"taxonomy":"product_brand","embeddable":true,"href":"https:\/\/innow.pl\/fr\/wp-json\/wp\/v2\/product_brand?post=27034"},{"taxonomy":"product_cat","embeddable":true,"href":"https:\/\/innow.pl\/fr\/wp-json\/wp\/v2\/product_cat?post=27034"},{"taxonomy":"product_tag","embeddable":true,"href":"https:\/\/innow.pl\/fr\/wp-json\/wp\/v2\/product_tag?post=27034"}],"curies":[{"name":"wp","href":"https:\/\/api.w.org\/{rel}","templated":true}]}}