{"id":27024,"date":"2017-01-11T14:42:40","date_gmt":"2017-01-11T13:42:40","guid":{"rendered":"https:\/\/innow.pl\/produkt\/twoim-jest-serce-me\/"},"modified":"2025-01-27T11:10:27","modified_gmt":"2025-01-27T10:10:27","slug":"twoim-jest-serce-me","status":"publish","type":"product","link":"https:\/\/innow.pl\/fr\/produkt\/twoim-jest-serce-me\/","title":{"rendered":"Twoim jest serce me"},"content":{"rendered":"<p><p align=\"left\">Koszty transportu dla p\u0142yt CD wynosz\u0105:<\/p>\n<p align=\"left\">&#8211; list polecony 8,50 z\u0142<\/p>\n<p align=\"left\">&#8211; przesy\u0142ka kurierska 19, 50 z\u0142<\/p>\n<p> P\u0142yta zawiera popularne i lubiane melodie z oper i operetek w wykonaniu tenora opery wiede\u0144skiej Jana Wyci\u015blika. To prawdziwa gratka dla mi\u0142o\u015bnik\u00f3w Jana Kiepury, kt\u00f3rego \u015bladami pod\u0105\u017ca wykonawca. W\u015br\u00f3d utwor\u00f3w znajduj\u0105 si\u0119 kompozycje: Lehara, Kalmana, Zellera, Stolza, Schuberta. <\/p>\n<div>\n<div>\n<div>Kilku utwor\u00f3w z p\u0142yty (\u00ab\u00a0Brunetki, blondynki\u00a0\u00bb, \u00ab\u00a0Twoim jest serce me\u00a0\u00bb, \u00ab\u00a0Graj cyganie\u00a0\u00bb) mo\u017cna ods\u0142ucha\u0107 na oficjalnej stronie internetowej wykonawcy lub w\u0142\u0105czy\u0107 <a href=\"http:\/\/music.myspace.com\/janwyc\"><strong>SZAF\u0118 GRAJ\u0104C\u0104 &gt;&gt;&gt;<\/strong><\/a><\/div>\n<\/p><\/div>\n<\/p><\/div>\n<div><\/div>\n<div>UWAGA: dost\u0119pne ju\u017c tylko ostatnie sztuki&#8230;<\/div><\/p>\n","protected":false},"excerpt":{"rendered":"<p>Koszty transportu dla p\u0142yt CD wynosz\u0105: &#8211; list polecony 8,50 z\u0142 &#8211; przesy\u0142ka kurierska 19, 50 z\u0142 P\u0142yta zawiera popularne i lubiane melodie z oper i operetek w wykonaniu tenora opery wiede\u0144skiej Jana Wyci\u015blika. To prawdziwa gratka dla mi\u0142o\u015bnik\u00f3w Jana Kiepury, kt\u00f3rego \u015bladami pod\u0105\u017ca wykonawca. W\u015br\u00f3d utwor\u00f3w znajduj\u0105 si\u0119 kompozycje: Lehara, Kalmana, Zellera, Stolza, Schuberta. [&hellip;]<\/p>\n","protected":false},"featured_media":27026,"comment_status":"open","ping_status":"open","template":"","meta":{"_acf_changed":false},"product_brand":[],"product_cat":[405,400,394],"product_tag":[],"class_list":{"0":"post-27024","1":"product","2":"type-product","3":"status-publish","4":"has-post-thumbnail","6":"product_cat-innow-retro-plyty-cd","7":"product_cat-plyty-cd","8":"product_cat-sklepik-z-kultura","10":"first","11":"instock","12":"taxable","13":"shipping-taxable","14":"purchasable","15":"product-type-simple"},"acf":[],"yoast_head":"<!-- This site is optimized with the Yoast SEO plugin v27.4 - https:\/\/yoast.com\/product\/yoast-seo-wordpress\/ -->\n<title>Twoim jest serce me - INNOW<\/title>\n<meta name=\"description\" content=\"P\u0142yta &quot;Twoim jest serce me&quot; zawieraj\u0105ca utwory z oper i operetek w wykonaniu Jana Wyci\u015blika. Polecana dla mi\u0142o\u015bnik\u00f3w Jana Kiepury! Zam\u00f3w ju\u017c dzi\u015b!\" \/>\n<meta name=\"robots\" content=\"index, follow, max-snippet:-1, max-image-preview:large, max-video-preview:-1\" \/>\n<link rel=\"canonical\" href=\"https:\/\/innow.pl\/produkt\/twoim-jest-serce-me\/\" \/>\n<meta property=\"og:locale\" content=\"fr_FR\" \/>\n<meta property=\"og:type\" content=\"article\" \/>\n<meta property=\"og:title\" content=\"Twoim jest serce me - INNOW\" \/>\n<meta property=\"og:description\" content=\"P\u0142yta &quot;Twoim jest serce me&quot; zawieraj\u0105ca utwory z oper i operetek w wykonaniu Jana Wyci\u015blika. Polecana dla mi\u0142o\u015bnik\u00f3w Jana Kiepury! Zam\u00f3w ju\u017c dzi\u015b!\" \/>\n<meta property=\"og:url\" content=\"https:\/\/innow.pl\/produkt\/twoim-jest-serce-me\/\" \/>\n<meta property=\"og:site_name\" content=\"INNOW\" \/>\n<meta property=\"article:modified_time\" content=\"2025-01-27T10:10:27+00:00\" \/>\n<meta property=\"og:image\" content=\"https:\/\/innow.pl\/wp-content\/uploads\/2024\/11\/Twoim-jest-serce-me-1.jpg\" \/>\n\t<meta property=\"og:image:width\" content=\"487\" \/>\n\t<meta property=\"og:image:height\" content=\"480\" \/>\n\t<meta property=\"og:image:type\" content=\"image\/jpeg\" \/>\n<meta name=\"twitter:card\" content=\"summary_large_image\" \/>\n<meta name=\"twitter:label1\" content=\"Dur\u00e9e de lecture estim\u00e9e\" \/>\n\t<meta name=\"twitter:data1\" content=\"1 minute\" \/>\n<script type=\"application\/ld+json\" class=\"yoast-schema-graph\">{\"@context\":\"https:\\\/\\\/schema.org\",\"@graph\":[{\"@type\":\"WebPage\",\"@id\":\"https:\\\/\\\/innow.pl\\\/produkt\\\/twoim-jest-serce-me\\\/\",\"url\":\"https:\\\/\\\/innow.pl\\\/produkt\\\/twoim-jest-serce-me\\\/\",\"name\":\"Twoim jest serce me - INNOW\",\"isPartOf\":{\"@id\":\"https:\\\/\\\/innow.pl\\\/#website\"},\"primaryImageOfPage\":{\"@id\":\"https:\\\/\\\/innow.pl\\\/produkt\\\/twoim-jest-serce-me\\\/#primaryimage\"},\"image\":{\"@id\":\"https:\\\/\\\/innow.pl\\\/produkt\\\/twoim-jest-serce-me\\\/#primaryimage\"},\"thumbnailUrl\":\"https:\\\/\\\/innow.pl\\\/wp-content\\\/uploads\\\/2024\\\/11\\\/Twoim-jest-serce-me-1.jpg\",\"datePublished\":\"2017-01-11T13:42:40+00:00\",\"dateModified\":\"2025-01-27T10:10:27+00:00\",\"description\":\"P\u0142yta \\\"Twoim jest serce me\\\" zawieraj\u0105ca utwory z oper i operetek w wykonaniu Jana Wyci\u015blika. Polecana dla mi\u0142o\u015bnik\u00f3w Jana Kiepury! Zam\u00f3w ju\u017c dzi\u015b!\",\"breadcrumb\":{\"@id\":\"https:\\\/\\\/innow.pl\\\/produkt\\\/twoim-jest-serce-me\\\/#breadcrumb\"},\"inLanguage\":\"fr-FR\",\"potentialAction\":[{\"@type\":\"ReadAction\",\"target\":[\"https:\\\/\\\/innow.pl\\\/produkt\\\/twoim-jest-serce-me\\\/\"]}]},{\"@type\":\"ImageObject\",\"inLanguage\":\"fr-FR\",\"@id\":\"https:\\\/\\\/innow.pl\\\/produkt\\\/twoim-jest-serce-me\\\/#primaryimage\",\"url\":\"https:\\\/\\\/innow.pl\\\/wp-content\\\/uploads\\\/2024\\\/11\\\/Twoim-jest-serce-me-1.jpg\",\"contentUrl\":\"https:\\\/\\\/innow.pl\\\/wp-content\\\/uploads\\\/2024\\\/11\\\/Twoim-jest-serce-me-1.jpg\",\"width\":487,\"height\":480,\"caption\":\"Twoim jest serce me \u2013 INNOW\"},{\"@type\":\"BreadcrumbList\",\"@id\":\"https:\\\/\\\/innow.pl\\\/produkt\\\/twoim-jest-serce-me\\\/#breadcrumb\",\"itemListElement\":[{\"@type\":\"ListItem\",\"position\":1,\"name\":\"INNOW\",\"item\":\"https:\\\/\\\/innow.pl\\\/fr\\\/\"},{\"@type\":\"ListItem\",\"position\":2,\"name\":\"Produkty\",\"item\":\"https:\\\/\\\/innow.pl\\\/produkty\\\/\"},{\"@type\":\"ListItem\",\"position\":3,\"name\":\"Sklepik z kultur\u0105\",\"item\":\"https:\\\/\\\/innow.pl\\\/produkty\\\/sklepik-z-kultura\\\/\"},{\"@type\":\"ListItem\",\"position\":4,\"name\":\"P\u0142yty CD\",\"item\":\"https:\\\/\\\/innow.pl\\\/produkty\\\/sklepik-z-kultura\\\/plyty-cd\\\/\"},{\"@type\":\"ListItem\",\"position\":5,\"name\":\"INNOW-Retro\",\"item\":\"https:\\\/\\\/innow.pl\\\/produkty\\\/sklepik-z-kultura\\\/plyty-cd\\\/innow-retro-plyty-cd\\\/\"},{\"@type\":\"ListItem\",\"position\":6,\"name\":\"Twoim jest serce me\"}]},{\"@type\":\"WebSite\",\"@id\":\"https:\\\/\\\/innow.pl\\\/#website\",\"url\":\"https:\\\/\\\/innow.pl\\\/\",\"name\":\"INNOW\",\"description\":\"\",\"potentialAction\":[{\"@type\":\"SearchAction\",\"target\":{\"@type\":\"EntryPoint\",\"urlTemplate\":\"https:\\\/\\\/innow.pl\\\/?s={search_term_string}\"},\"query-input\":{\"@type\":\"PropertyValueSpecification\",\"valueRequired\":true,\"valueName\":\"search_term_string\"}}],\"inLanguage\":\"fr-FR\"}]}<\/script>\n<!-- \/ Yoast SEO plugin. -->","yoast_head_json":{"title":"Twoim jest serce me - INNOW","description":"P\u0142yta \"Twoim jest serce me\" zawieraj\u0105ca utwory z oper i operetek w wykonaniu Jana Wyci\u015blika. Polecana dla mi\u0142o\u015bnik\u00f3w Jana Kiepury! Zam\u00f3w ju\u017c dzi\u015b!","robots":{"index":"index","follow":"follow","max-snippet":"max-snippet:-1","max-image-preview":"max-image-preview:large","max-video-preview":"max-video-preview:-1"},"canonical":"https:\/\/innow.pl\/produkt\/twoim-jest-serce-me\/","og_locale":"fr_FR","og_type":"article","og_title":"Twoim jest serce me - INNOW","og_description":"P\u0142yta \"Twoim jest serce me\" zawieraj\u0105ca utwory z oper i operetek w wykonaniu Jana Wyci\u015blika. Polecana dla mi\u0142o\u015bnik\u00f3w Jana Kiepury! Zam\u00f3w ju\u017c dzi\u015b!","og_url":"https:\/\/innow.pl\/produkt\/twoim-jest-serce-me\/","og_site_name":"INNOW","article_modified_time":"2025-01-27T10:10:27+00:00","og_image":[{"width":487,"height":480,"url":"https:\/\/innow.pl\/wp-content\/uploads\/2024\/11\/Twoim-jest-serce-me-1.jpg","type":"image\/jpeg"}],"twitter_card":"summary_large_image","twitter_misc":{"Dur\u00e9e de lecture estim\u00e9e":"1 minute"},"schema":{"@context":"https:\/\/schema.org","@graph":[{"@type":"WebPage","@id":"https:\/\/innow.pl\/produkt\/twoim-jest-serce-me\/","url":"https:\/\/innow.pl\/produkt\/twoim-jest-serce-me\/","name":"Twoim jest serce me - INNOW","isPartOf":{"@id":"https:\/\/innow.pl\/#website"},"primaryImageOfPage":{"@id":"https:\/\/innow.pl\/produkt\/twoim-jest-serce-me\/#primaryimage"},"image":{"@id":"https:\/\/innow.pl\/produkt\/twoim-jest-serce-me\/#primaryimage"},"thumbnailUrl":"https:\/\/innow.pl\/wp-content\/uploads\/2024\/11\/Twoim-jest-serce-me-1.jpg","datePublished":"2017-01-11T13:42:40+00:00","dateModified":"2025-01-27T10:10:27+00:00","description":"P\u0142yta \"Twoim jest serce me\" zawieraj\u0105ca utwory z oper i operetek w wykonaniu Jana Wyci\u015blika. Polecana dla mi\u0142o\u015bnik\u00f3w Jana Kiepury! Zam\u00f3w ju\u017c dzi\u015b!","breadcrumb":{"@id":"https:\/\/innow.pl\/produkt\/twoim-jest-serce-me\/#breadcrumb"},"inLanguage":"fr-FR","potentialAction":[{"@type":"ReadAction","target":["https:\/\/innow.pl\/produkt\/twoim-jest-serce-me\/"]}]},{"@type":"ImageObject","inLanguage":"fr-FR","@id":"https:\/\/innow.pl\/produkt\/twoim-jest-serce-me\/#primaryimage","url":"https:\/\/innow.pl\/wp-content\/uploads\/2024\/11\/Twoim-jest-serce-me-1.jpg","contentUrl":"https:\/\/innow.pl\/wp-content\/uploads\/2024\/11\/Twoim-jest-serce-me-1.jpg","width":487,"height":480,"caption":"Twoim jest serce me \u2013 INNOW"},{"@type":"BreadcrumbList","@id":"https:\/\/innow.pl\/produkt\/twoim-jest-serce-me\/#breadcrumb","itemListElement":[{"@type":"ListItem","position":1,"name":"INNOW","item":"https:\/\/innow.pl\/fr\/"},{"@type":"ListItem","position":2,"name":"Produkty","item":"https:\/\/innow.pl\/produkty\/"},{"@type":"ListItem","position":3,"name":"Sklepik z kultur\u0105","item":"https:\/\/innow.pl\/produkty\/sklepik-z-kultura\/"},{"@type":"ListItem","position":4,"name":"P\u0142yty CD","item":"https:\/\/innow.pl\/produkty\/sklepik-z-kultura\/plyty-cd\/"},{"@type":"ListItem","position":5,"name":"INNOW-Retro","item":"https:\/\/innow.pl\/produkty\/sklepik-z-kultura\/plyty-cd\/innow-retro-plyty-cd\/"},{"@type":"ListItem","position":6,"name":"Twoim jest serce me"}]},{"@type":"WebSite","@id":"https:\/\/innow.pl\/#website","url":"https:\/\/innow.pl\/","name":"INNOW","description":"","potentialAction":[{"@type":"SearchAction","target":{"@type":"EntryPoint","urlTemplate":"https:\/\/innow.pl\/?s={search_term_string}"},"query-input":{"@type":"PropertyValueSpecification","valueRequired":true,"valueName":"search_term_string"}}],"inLanguage":"fr-FR"}]}},"_links":{"self":[{"href":"https:\/\/innow.pl\/fr\/wp-json\/wp\/v2\/product\/27024","targetHints":{"allow":["GET"]}}],"collection":[{"href":"https:\/\/innow.pl\/fr\/wp-json\/wp\/v2\/product"}],"about":[{"href":"https:\/\/innow.pl\/fr\/wp-json\/wp\/v2\/types\/product"}],"replies":[{"embeddable":true,"href":"https:\/\/innow.pl\/fr\/wp-json\/wp\/v2\/comments?post=27024"}],"wp:featuredmedia":[{"embeddable":true,"href":"https:\/\/innow.pl\/fr\/wp-json\/wp\/v2\/media\/27026"}],"wp:attachment":[{"href":"https:\/\/innow.pl\/fr\/wp-json\/wp\/v2\/media?parent=27024"}],"wp:term":[{"taxonomy":"product_brand","embeddable":true,"href":"https:\/\/innow.pl\/fr\/wp-json\/wp\/v2\/product_brand?post=27024"},{"taxonomy":"product_cat","embeddable":true,"href":"https:\/\/innow.pl\/fr\/wp-json\/wp\/v2\/product_cat?post=27024"},{"taxonomy":"product_tag","embeddable":true,"href":"https:\/\/innow.pl\/fr\/wp-json\/wp\/v2\/product_tag?post=27024"}],"curies":[{"name":"wp","href":"https:\/\/api.w.org\/{rel}","templated":true}]}}