{"id":27004,"date":"2017-12-11T14:28:34","date_gmt":"2017-12-11T13:28:34","guid":{"rendered":"https:\/\/innow.pl\/produkt\/gwizdze-na-wszystko-maestrio-jan-wycislik\/"},"modified":"2025-01-27T11:10:26","modified_gmt":"2025-01-27T10:10:26","slug":"gwizdze-na-wszystko-maestrio-jan-wycislik","status":"publish","type":"product","link":"https:\/\/innow.pl\/fr\/produkt\/gwizdze-na-wszystko-maestrio-jan-wycislik\/","title":{"rendered":"Gwi\u017cd\u017c\u0119 na wszystko &#8211; MAESTRIO &#038; Jan Wyci\u015blik"},"content":{"rendered":"<p><p align=\"left\">Koszty transportu dla p\u0142yt CD wynosz\u0105:<\/p>\n<p align=\"left\">&#8211; list polecony 8,50 z\u0142<\/p>\n<p align=\"left\">&#8211; przesy\u0142ka kurierska 19, 50 z\u0142<\/p>\n<p> Album \u00ab\u00a0Gwi\u017cd\u017c\u0119 na wszystko\u00a0\u00bb zawiera\u00a0piosenki\u00a0najznamienitszych polskich tw\u00f3rc\u00f3w dwudziestolecia mi\u0119dzywojennego. Te do dzi\u015b znane i lubiane utwory w stylowych aran\u017cacjach Marzeny Miku\u0142y-Drabek, zosta\u0142y zagrane z\u00a0wielkim wyczuciem klimatu i ducha epoki. \u015apiew Jana Wyci\u015blika\u00a0przywodzi na my\u015bl przedwojenne kawiarenki, teatry i kino.  Zawarto\u015b\u0107 p\u0142yty: 1. Gwi\u017cd\u017c\u0119 na wszystko \u2013 Markowski\/Lipczy\u0144ski 3\u201930 2. Ka\u017cdemu wolno kocha\u0107 \u2013 Karasi\u0144ski\/Kataszek\/Szlechter 3\u201925 3. Zawsze b\u0119dzie czego\u015b ci brak \u2013 Markowski\/Osierowski\/St\u0119pie\u0144 2\u201950 4. M\u0142odym by\u0107 i wi\u0119cej nic \u2013 Petersburski\/Starski\/Szlechter 3\u201920 5. Ca\u0142uj\u0119 twoj\u0105 d\u0142o\u0144 madam \u2013 Erwin\/Rotter\/Brull 2\u201920 6. Podzi\u0119kuj \u2013 Musia\u0142owski\/Grygolunas-Buczek 4\u201903 7. Ma\u0142y bia\u0142y domek \u2013 Lewandowski\/Gen 3\u201956 8. Przemin\u0119\u0142o z wiatrem \u2013 Lewandowski\/Sewer-Czerwni\u0144ski 3\u201915 9. Francois \u2013 Karasi\u0144ski\/W\u0142ast 3\u201912 10. M\u00f3w do mnie o mi\u0142o\u015bci \u2013 Bixio\/Neri 2\u201940 11. Carissima \u2013 Lewandowski\/Drabik 4\u201916 12. Chryzantemy \u2013 Zbigniew Maciejowski 3\u201910 13. Um\u00f3wi\u0142em si\u0119 z ni\u0105 na dziewi\u0105t\u0105 &#8211; Wars\/Szlechter\u00a0 1:45  Wykonawcy: Jan Wyci\u015blik z zespo\u0142em MAESTRIO.  &nbsp;  <a href=\"http:\/\/www.myspace.com\/janwyc\/music\/playlists\/jan-wycislik-s-playlist-316123\">SZAFA GRAJ\u0104CA<\/a>, czyli wybrane utwory do ods\u0142uchania<\/p>\n","protected":false},"excerpt":{"rendered":"<p>Koszty transportu dla p\u0142yt CD wynosz\u0105: &#8211; list polecony 8,50 z\u0142 &#8211; przesy\u0142ka kurierska 19, 50 z\u0142 Album \u00ab\u00a0Gwi\u017cd\u017c\u0119 na wszystko\u00a0\u00bb zawiera\u00a0piosenki\u00a0najznamienitszych polskich tw\u00f3rc\u00f3w dwudziestolecia mi\u0119dzywojennego. Te do dzi\u015b znane i lubiane utwory w stylowych aran\u017cacjach Marzeny Miku\u0142y-Drabek, zosta\u0142y zagrane z\u00a0wielkim wyczuciem klimatu i ducha epoki. \u015apiew Jana Wyci\u015blika\u00a0przywodzi na my\u015bl przedwojenne kawiarenki, teatry i [&hellip;]<\/p>\n","protected":false},"featured_media":27006,"comment_status":"open","ping_status":"open","template":"","meta":{"_acf_changed":false},"product_brand":[],"product_cat":[405,400,394],"product_tag":[],"class_list":{"0":"post-27004","1":"product","2":"type-product","3":"status-publish","4":"has-post-thumbnail","6":"product_cat-innow-retro-plyty-cd","7":"product_cat-plyty-cd","8":"product_cat-sklepik-z-kultura","10":"first","11":"instock","12":"taxable","13":"shipping-taxable","14":"purchasable","15":"product-type-simple"},"acf":[],"yoast_head":"<!-- This site is optimized with the Yoast SEO plugin v27.4 - https:\/\/yoast.com\/product\/yoast-seo-wordpress\/ -->\n<title>Gwi\u017cd\u017c\u0119 na wszystko - MAESTRIO &amp; Jan Wyci\u015blik - INNOW<\/title>\n<meta name=\"description\" content=\"P\u0142yta Gwi\u017cd\u017c\u0119 na wszystko - MAESTRIO &amp; Jan Wyci\u015blik zawieraj\u0105ca utwory artyst\u00f3w 20-lecia mi\u0119dzywojennego w wykonaniu Jana Wyci\u015blika. Dowiedz si\u0119 wi\u0119cej!\" \/>\n<meta name=\"robots\" content=\"index, follow, max-snippet:-1, max-image-preview:large, max-video-preview:-1\" \/>\n<link rel=\"canonical\" href=\"https:\/\/innow.pl\/produkt\/gwizdze-na-wszystko-maestrio-jan-wycislik\/\" \/>\n<meta property=\"og:locale\" content=\"fr_FR\" \/>\n<meta property=\"og:type\" content=\"article\" \/>\n<meta property=\"og:title\" content=\"Gwi\u017cd\u017c\u0119 na wszystko - MAESTRIO &amp; Jan Wyci\u015blik - INNOW\" \/>\n<meta property=\"og:description\" content=\"P\u0142yta Gwi\u017cd\u017c\u0119 na wszystko - MAESTRIO &amp; Jan Wyci\u015blik zawieraj\u0105ca utwory artyst\u00f3w 20-lecia mi\u0119dzywojennego w wykonaniu Jana Wyci\u015blika. Dowiedz si\u0119 wi\u0119cej!\" \/>\n<meta property=\"og:url\" content=\"https:\/\/innow.pl\/produkt\/gwizdze-na-wszystko-maestrio-jan-wycislik\/\" \/>\n<meta property=\"og:site_name\" content=\"INNOW\" \/>\n<meta property=\"article:modified_time\" content=\"2025-01-27T10:10:26+00:00\" \/>\n<meta property=\"og:image\" content=\"https:\/\/innow.pl\/wp-content\/uploads\/2024\/11\/Gwizdze-na-wszystko-\u2013-CD-1.jpg\" \/>\n\t<meta property=\"og:image:width\" content=\"500\" \/>\n\t<meta property=\"og:image:height\" content=\"500\" \/>\n\t<meta property=\"og:image:type\" content=\"image\/jpeg\" \/>\n<meta name=\"twitter:card\" content=\"summary_large_image\" \/>\n<meta name=\"twitter:label1\" content=\"Dur\u00e9e de lecture estim\u00e9e\" \/>\n\t<meta name=\"twitter:data1\" content=\"1 minute\" \/>\n<script type=\"application\/ld+json\" class=\"yoast-schema-graph\">{\"@context\":\"https:\\\/\\\/schema.org\",\"@graph\":[{\"@type\":\"WebPage\",\"@id\":\"https:\\\/\\\/innow.pl\\\/produkt\\\/gwizdze-na-wszystko-maestrio-jan-wycislik\\\/\",\"url\":\"https:\\\/\\\/innow.pl\\\/produkt\\\/gwizdze-na-wszystko-maestrio-jan-wycislik\\\/\",\"name\":\"Gwi\u017cd\u017c\u0119 na wszystko - MAESTRIO & Jan Wyci\u015blik - INNOW\",\"isPartOf\":{\"@id\":\"https:\\\/\\\/innow.pl\\\/#website\"},\"primaryImageOfPage\":{\"@id\":\"https:\\\/\\\/innow.pl\\\/produkt\\\/gwizdze-na-wszystko-maestrio-jan-wycislik\\\/#primaryimage\"},\"image\":{\"@id\":\"https:\\\/\\\/innow.pl\\\/produkt\\\/gwizdze-na-wszystko-maestrio-jan-wycislik\\\/#primaryimage\"},\"thumbnailUrl\":\"https:\\\/\\\/innow.pl\\\/wp-content\\\/uploads\\\/2024\\\/11\\\/Gwizdze-na-wszystko-\u2013-CD-1.jpg\",\"datePublished\":\"2017-12-11T13:28:34+00:00\",\"dateModified\":\"2025-01-27T10:10:26+00:00\",\"description\":\"P\u0142yta Gwi\u017cd\u017c\u0119 na wszystko - MAESTRIO & Jan Wyci\u015blik zawieraj\u0105ca utwory artyst\u00f3w 20-lecia mi\u0119dzywojennego w wykonaniu Jana Wyci\u015blika. Dowiedz si\u0119 wi\u0119cej!\",\"breadcrumb\":{\"@id\":\"https:\\\/\\\/innow.pl\\\/produkt\\\/gwizdze-na-wszystko-maestrio-jan-wycislik\\\/#breadcrumb\"},\"inLanguage\":\"fr-FR\",\"potentialAction\":[{\"@type\":\"ReadAction\",\"target\":[\"https:\\\/\\\/innow.pl\\\/produkt\\\/gwizdze-na-wszystko-maestrio-jan-wycislik\\\/\"]}]},{\"@type\":\"ImageObject\",\"inLanguage\":\"fr-FR\",\"@id\":\"https:\\\/\\\/innow.pl\\\/produkt\\\/gwizdze-na-wszystko-maestrio-jan-wycislik\\\/#primaryimage\",\"url\":\"https:\\\/\\\/innow.pl\\\/wp-content\\\/uploads\\\/2024\\\/11\\\/Gwizdze-na-wszystko-\u2013-CD-1.jpg\",\"contentUrl\":\"https:\\\/\\\/innow.pl\\\/wp-content\\\/uploads\\\/2024\\\/11\\\/Gwizdze-na-wszystko-\u2013-CD-1.jpg\",\"width\":500,\"height\":500,\"caption\":\"Gwi\u017cd\u017c\u0119 na wszystko \u2013 MAESTRIO & Jan Wyci\u015blik \u2013 INNOW\"},{\"@type\":\"BreadcrumbList\",\"@id\":\"https:\\\/\\\/innow.pl\\\/produkt\\\/gwizdze-na-wszystko-maestrio-jan-wycislik\\\/#breadcrumb\",\"itemListElement\":[{\"@type\":\"ListItem\",\"position\":1,\"name\":\"INNOW\",\"item\":\"https:\\\/\\\/innow.pl\\\/fr\\\/\"},{\"@type\":\"ListItem\",\"position\":2,\"name\":\"Produkty\",\"item\":\"https:\\\/\\\/innow.pl\\\/produkty\\\/\"},{\"@type\":\"ListItem\",\"position\":3,\"name\":\"Culture corner\",\"item\":\"https:\\\/\\\/innow.pl\\\/en\\\/produkty\\\/culture-corner\\\/\"},{\"@type\":\"ListItem\",\"position\":4,\"name\":\"CD's\",\"item\":\"https:\\\/\\\/innow.pl\\\/en\\\/produkty\\\/culture-corner\\\/cds\\\/\"},{\"@type\":\"ListItem\",\"position\":5,\"name\":\"INNOW-Retro\",\"item\":\"https:\\\/\\\/innow.pl\\\/en\\\/produkty\\\/culture-corner\\\/cds\\\/innow-retro-en-2\\\/\"},{\"@type\":\"ListItem\",\"position\":6,\"name\":\"Gwi\u017cd\u017c\u0119 na wszystko &#8211; MAESTRIO &#038; Jan Wyci\u015blik\"}]},{\"@type\":\"WebSite\",\"@id\":\"https:\\\/\\\/innow.pl\\\/#website\",\"url\":\"https:\\\/\\\/innow.pl\\\/\",\"name\":\"INNOW\",\"description\":\"\",\"potentialAction\":[{\"@type\":\"SearchAction\",\"target\":{\"@type\":\"EntryPoint\",\"urlTemplate\":\"https:\\\/\\\/innow.pl\\\/?s={search_term_string}\"},\"query-input\":{\"@type\":\"PropertyValueSpecification\",\"valueRequired\":true,\"valueName\":\"search_term_string\"}}],\"inLanguage\":\"fr-FR\"}]}<\/script>\n<!-- \/ Yoast SEO plugin. -->","yoast_head_json":{"title":"Gwi\u017cd\u017c\u0119 na wszystko - MAESTRIO & Jan Wyci\u015blik - INNOW","description":"P\u0142yta Gwi\u017cd\u017c\u0119 na wszystko - MAESTRIO & Jan Wyci\u015blik zawieraj\u0105ca utwory artyst\u00f3w 20-lecia mi\u0119dzywojennego w wykonaniu Jana Wyci\u015blika. Dowiedz si\u0119 wi\u0119cej!","robots":{"index":"index","follow":"follow","max-snippet":"max-snippet:-1","max-image-preview":"max-image-preview:large","max-video-preview":"max-video-preview:-1"},"canonical":"https:\/\/innow.pl\/produkt\/gwizdze-na-wszystko-maestrio-jan-wycislik\/","og_locale":"fr_FR","og_type":"article","og_title":"Gwi\u017cd\u017c\u0119 na wszystko - MAESTRIO & Jan Wyci\u015blik - INNOW","og_description":"P\u0142yta Gwi\u017cd\u017c\u0119 na wszystko - MAESTRIO & Jan Wyci\u015blik zawieraj\u0105ca utwory artyst\u00f3w 20-lecia mi\u0119dzywojennego w wykonaniu Jana Wyci\u015blika. Dowiedz si\u0119 wi\u0119cej!","og_url":"https:\/\/innow.pl\/produkt\/gwizdze-na-wszystko-maestrio-jan-wycislik\/","og_site_name":"INNOW","article_modified_time":"2025-01-27T10:10:26+00:00","og_image":[{"width":500,"height":500,"url":"https:\/\/innow.pl\/wp-content\/uploads\/2024\/11\/Gwizdze-na-wszystko-\u2013-CD-1.jpg","type":"image\/jpeg"}],"twitter_card":"summary_large_image","twitter_misc":{"Dur\u00e9e de lecture estim\u00e9e":"1 minute"},"schema":{"@context":"https:\/\/schema.org","@graph":[{"@type":"WebPage","@id":"https:\/\/innow.pl\/produkt\/gwizdze-na-wszystko-maestrio-jan-wycislik\/","url":"https:\/\/innow.pl\/produkt\/gwizdze-na-wszystko-maestrio-jan-wycislik\/","name":"Gwi\u017cd\u017c\u0119 na wszystko - MAESTRIO & Jan Wyci\u015blik - INNOW","isPartOf":{"@id":"https:\/\/innow.pl\/#website"},"primaryImageOfPage":{"@id":"https:\/\/innow.pl\/produkt\/gwizdze-na-wszystko-maestrio-jan-wycislik\/#primaryimage"},"image":{"@id":"https:\/\/innow.pl\/produkt\/gwizdze-na-wszystko-maestrio-jan-wycislik\/#primaryimage"},"thumbnailUrl":"https:\/\/innow.pl\/wp-content\/uploads\/2024\/11\/Gwizdze-na-wszystko-\u2013-CD-1.jpg","datePublished":"2017-12-11T13:28:34+00:00","dateModified":"2025-01-27T10:10:26+00:00","description":"P\u0142yta Gwi\u017cd\u017c\u0119 na wszystko - MAESTRIO & Jan Wyci\u015blik zawieraj\u0105ca utwory artyst\u00f3w 20-lecia mi\u0119dzywojennego w wykonaniu Jana Wyci\u015blika. Dowiedz si\u0119 wi\u0119cej!","breadcrumb":{"@id":"https:\/\/innow.pl\/produkt\/gwizdze-na-wszystko-maestrio-jan-wycislik\/#breadcrumb"},"inLanguage":"fr-FR","potentialAction":[{"@type":"ReadAction","target":["https:\/\/innow.pl\/produkt\/gwizdze-na-wszystko-maestrio-jan-wycislik\/"]}]},{"@type":"ImageObject","inLanguage":"fr-FR","@id":"https:\/\/innow.pl\/produkt\/gwizdze-na-wszystko-maestrio-jan-wycislik\/#primaryimage","url":"https:\/\/innow.pl\/wp-content\/uploads\/2024\/11\/Gwizdze-na-wszystko-\u2013-CD-1.jpg","contentUrl":"https:\/\/innow.pl\/wp-content\/uploads\/2024\/11\/Gwizdze-na-wszystko-\u2013-CD-1.jpg","width":500,"height":500,"caption":"Gwi\u017cd\u017c\u0119 na wszystko \u2013 MAESTRIO & Jan Wyci\u015blik \u2013 INNOW"},{"@type":"BreadcrumbList","@id":"https:\/\/innow.pl\/produkt\/gwizdze-na-wszystko-maestrio-jan-wycislik\/#breadcrumb","itemListElement":[{"@type":"ListItem","position":1,"name":"INNOW","item":"https:\/\/innow.pl\/fr\/"},{"@type":"ListItem","position":2,"name":"Produkty","item":"https:\/\/innow.pl\/produkty\/"},{"@type":"ListItem","position":3,"name":"Culture corner","item":"https:\/\/innow.pl\/en\/produkty\/culture-corner\/"},{"@type":"ListItem","position":4,"name":"CD's","item":"https:\/\/innow.pl\/en\/produkty\/culture-corner\/cds\/"},{"@type":"ListItem","position":5,"name":"INNOW-Retro","item":"https:\/\/innow.pl\/en\/produkty\/culture-corner\/cds\/innow-retro-en-2\/"},{"@type":"ListItem","position":6,"name":"Gwi\u017cd\u017c\u0119 na wszystko &#8211; MAESTRIO &#038; Jan Wyci\u015blik"}]},{"@type":"WebSite","@id":"https:\/\/innow.pl\/#website","url":"https:\/\/innow.pl\/","name":"INNOW","description":"","potentialAction":[{"@type":"SearchAction","target":{"@type":"EntryPoint","urlTemplate":"https:\/\/innow.pl\/?s={search_term_string}"},"query-input":{"@type":"PropertyValueSpecification","valueRequired":true,"valueName":"search_term_string"}}],"inLanguage":"fr-FR"}]}},"_links":{"self":[{"href":"https:\/\/innow.pl\/fr\/wp-json\/wp\/v2\/product\/27004","targetHints":{"allow":["GET"]}}],"collection":[{"href":"https:\/\/innow.pl\/fr\/wp-json\/wp\/v2\/product"}],"about":[{"href":"https:\/\/innow.pl\/fr\/wp-json\/wp\/v2\/types\/product"}],"replies":[{"embeddable":true,"href":"https:\/\/innow.pl\/fr\/wp-json\/wp\/v2\/comments?post=27004"}],"wp:featuredmedia":[{"embeddable":true,"href":"https:\/\/innow.pl\/fr\/wp-json\/wp\/v2\/media\/27006"}],"wp:attachment":[{"href":"https:\/\/innow.pl\/fr\/wp-json\/wp\/v2\/media?parent=27004"}],"wp:term":[{"taxonomy":"product_brand","embeddable":true,"href":"https:\/\/innow.pl\/fr\/wp-json\/wp\/v2\/product_brand?post=27004"},{"taxonomy":"product_cat","embeddable":true,"href":"https:\/\/innow.pl\/fr\/wp-json\/wp\/v2\/product_cat?post=27004"},{"taxonomy":"product_tag","embeddable":true,"href":"https:\/\/innow.pl\/fr\/wp-json\/wp\/v2\/product_tag?post=27004"}],"curies":[{"name":"wp","href":"https:\/\/api.w.org\/{rel}","templated":true}]}}