{"id":26996,"date":"2017-08-11T12:37:02","date_gmt":"2017-08-11T10:37:02","guid":{"rendered":"https:\/\/innow.pl\/produkt\/s-l-weiss-ars-melancholiae-jose-miguel-moreno\/"},"modified":"2025-01-27T11:10:26","modified_gmt":"2025-01-27T10:10:26","slug":"s-l-weiss-ars-melancholiae-jose-miguel-moreno","status":"publish","type":"product","link":"https:\/\/innow.pl\/fr\/produkt\/s-l-weiss-ars-melancholiae-jose-miguel-moreno\/","title":{"rendered":"S. L. Weiss \u00ab\u00a0Ars Melancholiae\u00a0\u00bb &#8211; Jos\u00e9 Miguel Moreno"},"content":{"rendered":"<p><p align=\"left\">Koszty transportu dla p\u0142yt CD wynosz\u0105:<\/p>\n<p align=\"left\">&#8211; list polecony 8,50 z\u0142<\/p>\n<p align=\"left\">&#8211; przesy\u0142ka kurierska 19, 50 z\u0142<\/p>\n<p> <span style=\"font-size: medium;\">Sylvius Leopold WEISS<\/span>  <span style=\"font-size: medium;\">Ars Melancholiae<\/span>  <span style=\"font-size: medium;\">Jos\u00e9 Miguel Moreno<\/span>  <span style=\"font-size: medium;\">GCD C80102<\/span>  &nbsp;  Uwagi: p\u0142yta jest trudno dost\u0119pna, prosimy o kontakt przed zam\u00f3wieniem<\/p>\n","protected":false},"excerpt":{"rendered":"<p>Koszty transportu dla p\u0142yt CD wynosz\u0105: &#8211; list polecony 8,50 z\u0142 &#8211; przesy\u0142ka kurierska 19, 50 z\u0142 Sylvius Leopold WEISS Ars Melancholiae Jos\u00e9 Miguel Moreno GCD C80102 &nbsp; Uwagi: p\u0142yta jest trudno dost\u0119pna, prosimy o kontakt przed zam\u00f3wieniem<\/p>\n","protected":false},"featured_media":26998,"comment_status":"open","ping_status":"open","template":"","meta":{"_acf_changed":false},"product_brand":[],"product_cat":[401,400,394],"product_tag":[],"class_list":{"0":"post-26996","1":"product","2":"type-product","3":"status-publish","4":"has-post-thumbnail","6":"product_cat-innow-classic","7":"product_cat-plyty-cd","8":"product_cat-sklepik-z-kultura","10":"first","11":"instock","12":"taxable","13":"shipping-taxable","14":"purchasable","15":"product-type-simple"},"acf":[],"yoast_head":"<!-- This site is optimized with the Yoast SEO plugin v27.4 - https:\/\/yoast.com\/product\/yoast-seo-wordpress\/ -->\n<title>S. L. Weiss &quot;Ars Melancholiae&quot; - Jos\u00e9 Miguel Moreno - INNOW<\/title>\n<meta name=\"description\" content=\"P\u0142yta Sylvius Leopold WEISS &quot;Ars Melancholiae&quot; - Jos\u00e9 Miguel Moreno. Kliknij, by dowiedzie\u0107 si\u0119 wi\u0119cej na temat produktu!\" \/>\n<meta name=\"robots\" content=\"index, follow, max-snippet:-1, max-image-preview:large, max-video-preview:-1\" \/>\n<link rel=\"canonical\" href=\"https:\/\/innow.pl\/produkt\/s-l-weiss-ars-melancholiae-jose-miguel-moreno\/\" \/>\n<meta property=\"og:locale\" content=\"fr_FR\" \/>\n<meta property=\"og:type\" content=\"article\" \/>\n<meta property=\"og:title\" content=\"S. L. Weiss &quot;Ars Melancholiae&quot; - Jos\u00e9 Miguel Moreno - INNOW\" \/>\n<meta property=\"og:description\" content=\"P\u0142yta Sylvius Leopold WEISS &quot;Ars Melancholiae&quot; - Jos\u00e9 Miguel Moreno. Kliknij, by dowiedzie\u0107 si\u0119 wi\u0119cej na temat produktu!\" \/>\n<meta property=\"og:url\" content=\"https:\/\/innow.pl\/produkt\/s-l-weiss-ars-melancholiae-jose-miguel-moreno\/\" \/>\n<meta property=\"og:site_name\" content=\"INNOW\" \/>\n<meta property=\"article:modified_time\" content=\"2025-01-27T10:10:26+00:00\" \/>\n<meta property=\"og:image\" content=\"https:\/\/innow.pl\/wp-content\/uploads\/2024\/11\/S.-L.-Weiss-Ars-Melancholiae-Jose-Miguel-Moreno.jpg\" \/>\n\t<meta property=\"og:image:width\" content=\"467\" \/>\n\t<meta property=\"og:image:height\" content=\"480\" \/>\n\t<meta property=\"og:image:type\" content=\"image\/jpeg\" \/>\n<meta name=\"twitter:card\" content=\"summary_large_image\" \/>\n<script type=\"application\/ld+json\" class=\"yoast-schema-graph\">{\"@context\":\"https:\\\/\\\/schema.org\",\"@graph\":[{\"@type\":\"WebPage\",\"@id\":\"https:\\\/\\\/innow.pl\\\/produkt\\\/s-l-weiss-ars-melancholiae-jose-miguel-moreno\\\/\",\"url\":\"https:\\\/\\\/innow.pl\\\/produkt\\\/s-l-weiss-ars-melancholiae-jose-miguel-moreno\\\/\",\"name\":\"S. L. Weiss \\\"Ars Melancholiae\\\" - Jos\u00e9 Miguel Moreno - INNOW\",\"isPartOf\":{\"@id\":\"https:\\\/\\\/innow.pl\\\/#website\"},\"primaryImageOfPage\":{\"@id\":\"https:\\\/\\\/innow.pl\\\/produkt\\\/s-l-weiss-ars-melancholiae-jose-miguel-moreno\\\/#primaryimage\"},\"image\":{\"@id\":\"https:\\\/\\\/innow.pl\\\/produkt\\\/s-l-weiss-ars-melancholiae-jose-miguel-moreno\\\/#primaryimage\"},\"thumbnailUrl\":\"https:\\\/\\\/innow.pl\\\/wp-content\\\/uploads\\\/2024\\\/11\\\/S.-L.-Weiss-Ars-Melancholiae-Jose-Miguel-Moreno.jpg\",\"datePublished\":\"2017-08-11T10:37:02+00:00\",\"dateModified\":\"2025-01-27T10:10:26+00:00\",\"description\":\"P\u0142yta Sylvius Leopold WEISS \\\"Ars Melancholiae\\\" - Jos\u00e9 Miguel Moreno. Kliknij, by dowiedzie\u0107 si\u0119 wi\u0119cej na temat produktu!\",\"breadcrumb\":{\"@id\":\"https:\\\/\\\/innow.pl\\\/produkt\\\/s-l-weiss-ars-melancholiae-jose-miguel-moreno\\\/#breadcrumb\"},\"inLanguage\":\"fr-FR\",\"potentialAction\":[{\"@type\":\"ReadAction\",\"target\":[\"https:\\\/\\\/innow.pl\\\/produkt\\\/s-l-weiss-ars-melancholiae-jose-miguel-moreno\\\/\"]}]},{\"@type\":\"ImageObject\",\"inLanguage\":\"fr-FR\",\"@id\":\"https:\\\/\\\/innow.pl\\\/produkt\\\/s-l-weiss-ars-melancholiae-jose-miguel-moreno\\\/#primaryimage\",\"url\":\"https:\\\/\\\/innow.pl\\\/wp-content\\\/uploads\\\/2024\\\/11\\\/S.-L.-Weiss-Ars-Melancholiae-Jose-Miguel-Moreno.jpg\",\"contentUrl\":\"https:\\\/\\\/innow.pl\\\/wp-content\\\/uploads\\\/2024\\\/11\\\/S.-L.-Weiss-Ars-Melancholiae-Jose-Miguel-Moreno.jpg\",\"width\":467,\"height\":480,\"caption\":\"S. L. Weiss \\\"Ars Melancholiae\\\" - Jos\u00e9 Miguel Moreno - INNOW\"},{\"@type\":\"BreadcrumbList\",\"@id\":\"https:\\\/\\\/innow.pl\\\/produkt\\\/s-l-weiss-ars-melancholiae-jose-miguel-moreno\\\/#breadcrumb\",\"itemListElement\":[{\"@type\":\"ListItem\",\"position\":1,\"name\":\"INNOW\",\"item\":\"https:\\\/\\\/innow.pl\\\/fr\\\/\"},{\"@type\":\"ListItem\",\"position\":2,\"name\":\"Produkty\",\"item\":\"https:\\\/\\\/innow.pl\\\/produkty\\\/\"},{\"@type\":\"ListItem\",\"position\":3,\"name\":\"Culture corner\",\"item\":\"https:\\\/\\\/innow.pl\\\/en\\\/produkty\\\/culture-corner\\\/\"},{\"@type\":\"ListItem\",\"position\":4,\"name\":\"CD's\",\"item\":\"https:\\\/\\\/innow.pl\\\/en\\\/produkty\\\/culture-corner\\\/cds\\\/\"},{\"@type\":\"ListItem\",\"position\":5,\"name\":\"INNOW-Classic\",\"item\":\"https:\\\/\\\/innow.pl\\\/en\\\/produkty\\\/culture-corner\\\/cds\\\/innow-classic-en\\\/\"},{\"@type\":\"ListItem\",\"position\":6,\"name\":\"S. L. Weiss &#8220;Ars Melancholiae&#8221; &#8211; Jos\u00e9 Miguel Moreno\"}]},{\"@type\":\"WebSite\",\"@id\":\"https:\\\/\\\/innow.pl\\\/#website\",\"url\":\"https:\\\/\\\/innow.pl\\\/\",\"name\":\"INNOW\",\"description\":\"\",\"potentialAction\":[{\"@type\":\"SearchAction\",\"target\":{\"@type\":\"EntryPoint\",\"urlTemplate\":\"https:\\\/\\\/innow.pl\\\/?s={search_term_string}\"},\"query-input\":{\"@type\":\"PropertyValueSpecification\",\"valueRequired\":true,\"valueName\":\"search_term_string\"}}],\"inLanguage\":\"fr-FR\"}]}<\/script>\n<!-- \/ Yoast SEO plugin. -->","yoast_head_json":{"title":"S. L. Weiss \"Ars Melancholiae\" - Jos\u00e9 Miguel Moreno - INNOW","description":"P\u0142yta Sylvius Leopold WEISS \"Ars Melancholiae\" - Jos\u00e9 Miguel Moreno. Kliknij, by dowiedzie\u0107 si\u0119 wi\u0119cej na temat produktu!","robots":{"index":"index","follow":"follow","max-snippet":"max-snippet:-1","max-image-preview":"max-image-preview:large","max-video-preview":"max-video-preview:-1"},"canonical":"https:\/\/innow.pl\/produkt\/s-l-weiss-ars-melancholiae-jose-miguel-moreno\/","og_locale":"fr_FR","og_type":"article","og_title":"S. L. Weiss \"Ars Melancholiae\" - Jos\u00e9 Miguel Moreno - INNOW","og_description":"P\u0142yta Sylvius Leopold WEISS \"Ars Melancholiae\" - Jos\u00e9 Miguel Moreno. Kliknij, by dowiedzie\u0107 si\u0119 wi\u0119cej na temat produktu!","og_url":"https:\/\/innow.pl\/produkt\/s-l-weiss-ars-melancholiae-jose-miguel-moreno\/","og_site_name":"INNOW","article_modified_time":"2025-01-27T10:10:26+00:00","og_image":[{"width":467,"height":480,"url":"https:\/\/innow.pl\/wp-content\/uploads\/2024\/11\/S.-L.-Weiss-Ars-Melancholiae-Jose-Miguel-Moreno.jpg","type":"image\/jpeg"}],"twitter_card":"summary_large_image","schema":{"@context":"https:\/\/schema.org","@graph":[{"@type":"WebPage","@id":"https:\/\/innow.pl\/produkt\/s-l-weiss-ars-melancholiae-jose-miguel-moreno\/","url":"https:\/\/innow.pl\/produkt\/s-l-weiss-ars-melancholiae-jose-miguel-moreno\/","name":"S. L. Weiss \"Ars Melancholiae\" - Jos\u00e9 Miguel Moreno - INNOW","isPartOf":{"@id":"https:\/\/innow.pl\/#website"},"primaryImageOfPage":{"@id":"https:\/\/innow.pl\/produkt\/s-l-weiss-ars-melancholiae-jose-miguel-moreno\/#primaryimage"},"image":{"@id":"https:\/\/innow.pl\/produkt\/s-l-weiss-ars-melancholiae-jose-miguel-moreno\/#primaryimage"},"thumbnailUrl":"https:\/\/innow.pl\/wp-content\/uploads\/2024\/11\/S.-L.-Weiss-Ars-Melancholiae-Jose-Miguel-Moreno.jpg","datePublished":"2017-08-11T10:37:02+00:00","dateModified":"2025-01-27T10:10:26+00:00","description":"P\u0142yta Sylvius Leopold WEISS \"Ars Melancholiae\" - Jos\u00e9 Miguel Moreno. Kliknij, by dowiedzie\u0107 si\u0119 wi\u0119cej na temat produktu!","breadcrumb":{"@id":"https:\/\/innow.pl\/produkt\/s-l-weiss-ars-melancholiae-jose-miguel-moreno\/#breadcrumb"},"inLanguage":"fr-FR","potentialAction":[{"@type":"ReadAction","target":["https:\/\/innow.pl\/produkt\/s-l-weiss-ars-melancholiae-jose-miguel-moreno\/"]}]},{"@type":"ImageObject","inLanguage":"fr-FR","@id":"https:\/\/innow.pl\/produkt\/s-l-weiss-ars-melancholiae-jose-miguel-moreno\/#primaryimage","url":"https:\/\/innow.pl\/wp-content\/uploads\/2024\/11\/S.-L.-Weiss-Ars-Melancholiae-Jose-Miguel-Moreno.jpg","contentUrl":"https:\/\/innow.pl\/wp-content\/uploads\/2024\/11\/S.-L.-Weiss-Ars-Melancholiae-Jose-Miguel-Moreno.jpg","width":467,"height":480,"caption":"S. L. Weiss \"Ars Melancholiae\" - Jos\u00e9 Miguel Moreno - INNOW"},{"@type":"BreadcrumbList","@id":"https:\/\/innow.pl\/produkt\/s-l-weiss-ars-melancholiae-jose-miguel-moreno\/#breadcrumb","itemListElement":[{"@type":"ListItem","position":1,"name":"INNOW","item":"https:\/\/innow.pl\/fr\/"},{"@type":"ListItem","position":2,"name":"Produkty","item":"https:\/\/innow.pl\/produkty\/"},{"@type":"ListItem","position":3,"name":"Culture corner","item":"https:\/\/innow.pl\/en\/produkty\/culture-corner\/"},{"@type":"ListItem","position":4,"name":"CD's","item":"https:\/\/innow.pl\/en\/produkty\/culture-corner\/cds\/"},{"@type":"ListItem","position":5,"name":"INNOW-Classic","item":"https:\/\/innow.pl\/en\/produkty\/culture-corner\/cds\/innow-classic-en\/"},{"@type":"ListItem","position":6,"name":"S. L. Weiss &#8220;Ars Melancholiae&#8221; &#8211; Jos\u00e9 Miguel Moreno"}]},{"@type":"WebSite","@id":"https:\/\/innow.pl\/#website","url":"https:\/\/innow.pl\/","name":"INNOW","description":"","potentialAction":[{"@type":"SearchAction","target":{"@type":"EntryPoint","urlTemplate":"https:\/\/innow.pl\/?s={search_term_string}"},"query-input":{"@type":"PropertyValueSpecification","valueRequired":true,"valueName":"search_term_string"}}],"inLanguage":"fr-FR"}]}},"_links":{"self":[{"href":"https:\/\/innow.pl\/fr\/wp-json\/wp\/v2\/product\/26996","targetHints":{"allow":["GET"]}}],"collection":[{"href":"https:\/\/innow.pl\/fr\/wp-json\/wp\/v2\/product"}],"about":[{"href":"https:\/\/innow.pl\/fr\/wp-json\/wp\/v2\/types\/product"}],"replies":[{"embeddable":true,"href":"https:\/\/innow.pl\/fr\/wp-json\/wp\/v2\/comments?post=26996"}],"wp:featuredmedia":[{"embeddable":true,"href":"https:\/\/innow.pl\/fr\/wp-json\/wp\/v2\/media\/26998"}],"wp:attachment":[{"href":"https:\/\/innow.pl\/fr\/wp-json\/wp\/v2\/media?parent=26996"}],"wp:term":[{"taxonomy":"product_brand","embeddable":true,"href":"https:\/\/innow.pl\/fr\/wp-json\/wp\/v2\/product_brand?post=26996"},{"taxonomy":"product_cat","embeddable":true,"href":"https:\/\/innow.pl\/fr\/wp-json\/wp\/v2\/product_cat?post=26996"},{"taxonomy":"product_tag","embeddable":true,"href":"https:\/\/innow.pl\/fr\/wp-json\/wp\/v2\/product_tag?post=26996"}],"curies":[{"name":"wp","href":"https:\/\/api.w.org\/{rel}","templated":true}]}}