{"id":26992,"date":"2017-08-11T12:30:21","date_gmt":"2017-08-11T10:30:21","guid":{"rendered":"https:\/\/innow.pl\/produkt\/the-sound-of-cultures-bohemia-gunar-letzbor-ars-antiqua-austria\/"},"modified":"2025-01-27T11:10:26","modified_gmt":"2025-01-27T10:10:26","slug":"the-sound-of-cultures-bohemia-gunar-letzbor-ars-antiqua-austria","status":"publish","type":"product","link":"https:\/\/innow.pl\/fr\/produkt\/the-sound-of-cultures-bohemia-gunar-letzbor-ars-antiqua-austria\/","title":{"rendered":"The sound of cultures Bohemia &#8211; Gunar Letzbor (Ars Antiqua Austria)"},"content":{"rendered":"<p><p align=\"left\">Koszty transportu dla p\u0142yt CD wynosz\u0105:<\/p>\n<p align=\"left\">&#8211; list polecony 8,50 z\u0142<\/p>\n<p align=\"left\">&#8211; przesy\u0142ka kurierska 19, 50 z\u0142<\/p>\n<p align=\"left\">The Sound of Cultures vol. 5 &#8211; Bohemia<\/p>\n<p align=\"left\">(m.in. St\u00f6lzel, Vivaldi, Losy, Habemann, &#8230;)<\/p>\n<p align=\"left\">Ars Antiqua Austria, Gunar Letzbor<\/p>\n<p align=\"left\">SY 05216<\/p>\n<p align=\"left\">Uwaga: nak\u0142ad na wyczerpaniu<\/p><\/p>\n","protected":false},"excerpt":{"rendered":"<p>Koszty transportu dla p\u0142yt CD wynosz\u0105: &#8211; list polecony 8,50 z\u0142 &#8211; przesy\u0142ka kurierska 19, 50 z\u0142 The Sound of Cultures vol. 5 &#8211; Bohemia (m.in. St\u00f6lzel, Vivaldi, Losy, Habemann, &#8230;) Ars Antiqua Austria, Gunar Letzbor SY 05216 Uwaga: nak\u0142ad na wyczerpaniu<\/p>\n","protected":false},"featured_media":26994,"comment_status":"open","ping_status":"open","template":"","meta":{"_acf_changed":false},"product_brand":[],"product_cat":[401,400,394],"product_tag":[],"class_list":{"0":"post-26992","1":"product","2":"type-product","3":"status-publish","4":"has-post-thumbnail","6":"product_cat-innow-classic","7":"product_cat-plyty-cd","8":"product_cat-sklepik-z-kultura","10":"first","11":"instock","12":"taxable","13":"shipping-taxable","14":"purchasable","15":"product-type-simple"},"acf":[],"yoast_head":"<!-- This site is optimized with the Yoast SEO plugin v27.4 - https:\/\/yoast.com\/product\/yoast-seo-wordpress\/ -->\n<title>The sound of cultures Bohemia - Gunar Letzbor (Ars Antiqua Austria) - INNOW<\/title>\n<meta name=\"description\" content=\"Niesamowita p\u0142yta The sound of cultures Bohemia - Gunar Letzbor (Ars Antiqua Austria) z mo\u017cliwo\u015bci\u0105 wysy\u0142ki. Poznaj szczeg\u00f3\u0142y!\" \/>\n<meta name=\"robots\" content=\"index, follow, max-snippet:-1, max-image-preview:large, max-video-preview:-1\" \/>\n<link rel=\"canonical\" href=\"https:\/\/innow.pl\/produkt\/the-sound-of-cultures-bohemia-gunar-letzbor-ars-antiqua-austria\/\" \/>\n<meta property=\"og:locale\" content=\"fr_FR\" \/>\n<meta property=\"og:type\" content=\"article\" \/>\n<meta property=\"og:title\" content=\"The sound of cultures Bohemia - Gunar Letzbor (Ars Antiqua Austria) - INNOW\" \/>\n<meta property=\"og:description\" content=\"Niesamowita p\u0142yta The sound of cultures Bohemia - Gunar Letzbor (Ars Antiqua Austria) z mo\u017cliwo\u015bci\u0105 wysy\u0142ki. Poznaj szczeg\u00f3\u0142y!\" \/>\n<meta property=\"og:url\" content=\"https:\/\/innow.pl\/produkt\/the-sound-of-cultures-bohemia-gunar-letzbor-ars-antiqua-austria\/\" \/>\n<meta property=\"og:site_name\" content=\"INNOW\" \/>\n<meta property=\"article:modified_time\" content=\"2025-01-27T10:10:26+00:00\" \/>\n<meta property=\"og:image\" content=\"https:\/\/innow.pl\/wp-content\/uploads\/2024\/11\/The-sound-of-cultures-Bohemia-Gunar-Letzbor.jpg\" \/>\n\t<meta property=\"og:image:width\" content=\"550\" \/>\n\t<meta property=\"og:image:height\" content=\"480\" \/>\n\t<meta property=\"og:image:type\" content=\"image\/jpeg\" \/>\n<meta name=\"twitter:card\" content=\"summary_large_image\" \/>\n<script type=\"application\/ld+json\" class=\"yoast-schema-graph\">{\"@context\":\"https:\\\/\\\/schema.org\",\"@graph\":[{\"@type\":\"WebPage\",\"@id\":\"https:\\\/\\\/innow.pl\\\/produkt\\\/the-sound-of-cultures-bohemia-gunar-letzbor-ars-antiqua-austria\\\/\",\"url\":\"https:\\\/\\\/innow.pl\\\/produkt\\\/the-sound-of-cultures-bohemia-gunar-letzbor-ars-antiqua-austria\\\/\",\"name\":\"The sound of cultures Bohemia - Gunar Letzbor (Ars Antiqua Austria) - INNOW\",\"isPartOf\":{\"@id\":\"https:\\\/\\\/innow.pl\\\/#website\"},\"primaryImageOfPage\":{\"@id\":\"https:\\\/\\\/innow.pl\\\/produkt\\\/the-sound-of-cultures-bohemia-gunar-letzbor-ars-antiqua-austria\\\/#primaryimage\"},\"image\":{\"@id\":\"https:\\\/\\\/innow.pl\\\/produkt\\\/the-sound-of-cultures-bohemia-gunar-letzbor-ars-antiqua-austria\\\/#primaryimage\"},\"thumbnailUrl\":\"https:\\\/\\\/innow.pl\\\/wp-content\\\/uploads\\\/2024\\\/11\\\/The-sound-of-cultures-Bohemia-Gunar-Letzbor.jpg\",\"datePublished\":\"2017-08-11T10:30:21+00:00\",\"dateModified\":\"2025-01-27T10:10:26+00:00\",\"description\":\"Niesamowita p\u0142yta The sound of cultures Bohemia - Gunar Letzbor (Ars Antiqua Austria) z mo\u017cliwo\u015bci\u0105 wysy\u0142ki. Poznaj szczeg\u00f3\u0142y!\",\"breadcrumb\":{\"@id\":\"https:\\\/\\\/innow.pl\\\/produkt\\\/the-sound-of-cultures-bohemia-gunar-letzbor-ars-antiqua-austria\\\/#breadcrumb\"},\"inLanguage\":\"fr-FR\",\"potentialAction\":[{\"@type\":\"ReadAction\",\"target\":[\"https:\\\/\\\/innow.pl\\\/produkt\\\/the-sound-of-cultures-bohemia-gunar-letzbor-ars-antiqua-austria\\\/\"]}]},{\"@type\":\"ImageObject\",\"inLanguage\":\"fr-FR\",\"@id\":\"https:\\\/\\\/innow.pl\\\/produkt\\\/the-sound-of-cultures-bohemia-gunar-letzbor-ars-antiqua-austria\\\/#primaryimage\",\"url\":\"https:\\\/\\\/innow.pl\\\/wp-content\\\/uploads\\\/2024\\\/11\\\/The-sound-of-cultures-Bohemia-Gunar-Letzbor.jpg\",\"contentUrl\":\"https:\\\/\\\/innow.pl\\\/wp-content\\\/uploads\\\/2024\\\/11\\\/The-sound-of-cultures-Bohemia-Gunar-Letzbor.jpg\",\"width\":550,\"height\":480,\"caption\":\"The sound of cultures Bohemia - Gunar Letzbor (Ars Antiqua Austria) - INNOW\"},{\"@type\":\"BreadcrumbList\",\"@id\":\"https:\\\/\\\/innow.pl\\\/produkt\\\/the-sound-of-cultures-bohemia-gunar-letzbor-ars-antiqua-austria\\\/#breadcrumb\",\"itemListElement\":[{\"@type\":\"ListItem\",\"position\":1,\"name\":\"INNOW\",\"item\":\"https:\\\/\\\/innow.pl\\\/fr\\\/\"},{\"@type\":\"ListItem\",\"position\":2,\"name\":\"Produkty\",\"item\":\"https:\\\/\\\/innow.pl\\\/produkty\\\/\"},{\"@type\":\"ListItem\",\"position\":3,\"name\":\"Sklepik z kultur\u0105\",\"item\":\"https:\\\/\\\/innow.pl\\\/produkty\\\/sklepik-z-kultura\\\/\"},{\"@type\":\"ListItem\",\"position\":4,\"name\":\"P\u0142yty CD\",\"item\":\"https:\\\/\\\/innow.pl\\\/produkty\\\/sklepik-z-kultura\\\/plyty-cd\\\/\"},{\"@type\":\"ListItem\",\"position\":5,\"name\":\"INNOW-Classic\",\"item\":\"https:\\\/\\\/innow.pl\\\/produkty\\\/sklepik-z-kultura\\\/plyty-cd\\\/innow-classic\\\/\"},{\"@type\":\"ListItem\",\"position\":6,\"name\":\"The sound of cultures Bohemia &#8211; Gunar Letzbor (Ars Antiqua Austria)\"}]},{\"@type\":\"WebSite\",\"@id\":\"https:\\\/\\\/innow.pl\\\/#website\",\"url\":\"https:\\\/\\\/innow.pl\\\/\",\"name\":\"INNOW\",\"description\":\"\",\"potentialAction\":[{\"@type\":\"SearchAction\",\"target\":{\"@type\":\"EntryPoint\",\"urlTemplate\":\"https:\\\/\\\/innow.pl\\\/?s={search_term_string}\"},\"query-input\":{\"@type\":\"PropertyValueSpecification\",\"valueRequired\":true,\"valueName\":\"search_term_string\"}}],\"inLanguage\":\"fr-FR\"}]}<\/script>\n<!-- \/ Yoast SEO plugin. -->","yoast_head_json":{"title":"The sound of cultures Bohemia - Gunar Letzbor (Ars Antiqua Austria) - INNOW","description":"Niesamowita p\u0142yta The sound of cultures Bohemia - Gunar Letzbor (Ars Antiqua Austria) z mo\u017cliwo\u015bci\u0105 wysy\u0142ki. Poznaj szczeg\u00f3\u0142y!","robots":{"index":"index","follow":"follow","max-snippet":"max-snippet:-1","max-image-preview":"max-image-preview:large","max-video-preview":"max-video-preview:-1"},"canonical":"https:\/\/innow.pl\/produkt\/the-sound-of-cultures-bohemia-gunar-letzbor-ars-antiqua-austria\/","og_locale":"fr_FR","og_type":"article","og_title":"The sound of cultures Bohemia - Gunar Letzbor (Ars Antiqua Austria) - INNOW","og_description":"Niesamowita p\u0142yta The sound of cultures Bohemia - Gunar Letzbor (Ars Antiqua Austria) z mo\u017cliwo\u015bci\u0105 wysy\u0142ki. Poznaj szczeg\u00f3\u0142y!","og_url":"https:\/\/innow.pl\/produkt\/the-sound-of-cultures-bohemia-gunar-letzbor-ars-antiqua-austria\/","og_site_name":"INNOW","article_modified_time":"2025-01-27T10:10:26+00:00","og_image":[{"width":550,"height":480,"url":"https:\/\/innow.pl\/wp-content\/uploads\/2024\/11\/The-sound-of-cultures-Bohemia-Gunar-Letzbor.jpg","type":"image\/jpeg"}],"twitter_card":"summary_large_image","schema":{"@context":"https:\/\/schema.org","@graph":[{"@type":"WebPage","@id":"https:\/\/innow.pl\/produkt\/the-sound-of-cultures-bohemia-gunar-letzbor-ars-antiqua-austria\/","url":"https:\/\/innow.pl\/produkt\/the-sound-of-cultures-bohemia-gunar-letzbor-ars-antiqua-austria\/","name":"The sound of cultures Bohemia - Gunar Letzbor (Ars Antiqua Austria) - INNOW","isPartOf":{"@id":"https:\/\/innow.pl\/#website"},"primaryImageOfPage":{"@id":"https:\/\/innow.pl\/produkt\/the-sound-of-cultures-bohemia-gunar-letzbor-ars-antiqua-austria\/#primaryimage"},"image":{"@id":"https:\/\/innow.pl\/produkt\/the-sound-of-cultures-bohemia-gunar-letzbor-ars-antiqua-austria\/#primaryimage"},"thumbnailUrl":"https:\/\/innow.pl\/wp-content\/uploads\/2024\/11\/The-sound-of-cultures-Bohemia-Gunar-Letzbor.jpg","datePublished":"2017-08-11T10:30:21+00:00","dateModified":"2025-01-27T10:10:26+00:00","description":"Niesamowita p\u0142yta The sound of cultures Bohemia - Gunar Letzbor (Ars Antiqua Austria) z mo\u017cliwo\u015bci\u0105 wysy\u0142ki. Poznaj szczeg\u00f3\u0142y!","breadcrumb":{"@id":"https:\/\/innow.pl\/produkt\/the-sound-of-cultures-bohemia-gunar-letzbor-ars-antiqua-austria\/#breadcrumb"},"inLanguage":"fr-FR","potentialAction":[{"@type":"ReadAction","target":["https:\/\/innow.pl\/produkt\/the-sound-of-cultures-bohemia-gunar-letzbor-ars-antiqua-austria\/"]}]},{"@type":"ImageObject","inLanguage":"fr-FR","@id":"https:\/\/innow.pl\/produkt\/the-sound-of-cultures-bohemia-gunar-letzbor-ars-antiqua-austria\/#primaryimage","url":"https:\/\/innow.pl\/wp-content\/uploads\/2024\/11\/The-sound-of-cultures-Bohemia-Gunar-Letzbor.jpg","contentUrl":"https:\/\/innow.pl\/wp-content\/uploads\/2024\/11\/The-sound-of-cultures-Bohemia-Gunar-Letzbor.jpg","width":550,"height":480,"caption":"The sound of cultures Bohemia - Gunar Letzbor (Ars Antiqua Austria) - INNOW"},{"@type":"BreadcrumbList","@id":"https:\/\/innow.pl\/produkt\/the-sound-of-cultures-bohemia-gunar-letzbor-ars-antiqua-austria\/#breadcrumb","itemListElement":[{"@type":"ListItem","position":1,"name":"INNOW","item":"https:\/\/innow.pl\/fr\/"},{"@type":"ListItem","position":2,"name":"Produkty","item":"https:\/\/innow.pl\/produkty\/"},{"@type":"ListItem","position":3,"name":"Sklepik z kultur\u0105","item":"https:\/\/innow.pl\/produkty\/sklepik-z-kultura\/"},{"@type":"ListItem","position":4,"name":"P\u0142yty CD","item":"https:\/\/innow.pl\/produkty\/sklepik-z-kultura\/plyty-cd\/"},{"@type":"ListItem","position":5,"name":"INNOW-Classic","item":"https:\/\/innow.pl\/produkty\/sklepik-z-kultura\/plyty-cd\/innow-classic\/"},{"@type":"ListItem","position":6,"name":"The sound of cultures Bohemia &#8211; Gunar Letzbor (Ars Antiqua Austria)"}]},{"@type":"WebSite","@id":"https:\/\/innow.pl\/#website","url":"https:\/\/innow.pl\/","name":"INNOW","description":"","potentialAction":[{"@type":"SearchAction","target":{"@type":"EntryPoint","urlTemplate":"https:\/\/innow.pl\/?s={search_term_string}"},"query-input":{"@type":"PropertyValueSpecification","valueRequired":true,"valueName":"search_term_string"}}],"inLanguage":"fr-FR"}]}},"_links":{"self":[{"href":"https:\/\/innow.pl\/fr\/wp-json\/wp\/v2\/product\/26992","targetHints":{"allow":["GET"]}}],"collection":[{"href":"https:\/\/innow.pl\/fr\/wp-json\/wp\/v2\/product"}],"about":[{"href":"https:\/\/innow.pl\/fr\/wp-json\/wp\/v2\/types\/product"}],"replies":[{"embeddable":true,"href":"https:\/\/innow.pl\/fr\/wp-json\/wp\/v2\/comments?post=26992"}],"wp:featuredmedia":[{"embeddable":true,"href":"https:\/\/innow.pl\/fr\/wp-json\/wp\/v2\/media\/26994"}],"wp:attachment":[{"href":"https:\/\/innow.pl\/fr\/wp-json\/wp\/v2\/media?parent=26992"}],"wp:term":[{"taxonomy":"product_brand","embeddable":true,"href":"https:\/\/innow.pl\/fr\/wp-json\/wp\/v2\/product_brand?post=26992"},{"taxonomy":"product_cat","embeddable":true,"href":"https:\/\/innow.pl\/fr\/wp-json\/wp\/v2\/product_cat?post=26992"},{"taxonomy":"product_tag","embeddable":true,"href":"https:\/\/innow.pl\/fr\/wp-json\/wp\/v2\/product_tag?post=26992"}],"curies":[{"name":"wp","href":"https:\/\/api.w.org\/{rel}","templated":true}]}}