{"id":26984,"date":"2018-12-11T09:05:12","date_gmt":"2018-12-11T08:05:12","guid":{"rendered":"https:\/\/innow.pl\/produkt\/musica-sarmatica-contra-bellum\/"},"modified":"2025-01-27T11:10:25","modified_gmt":"2025-01-27T10:10:25","slug":"musica-sarmatica-contra-bellum","status":"publish","type":"product","link":"https:\/\/innow.pl\/fr\/produkt\/musica-sarmatica-contra-bellum\/","title":{"rendered":"MUSICA SARMATICA &#8211; Contra belluM"},"content":{"rendered":"<p>Koszty transportu dla p\u0142yt CD: <\/p>\n<ul>\n<li>list polecony 8,60 z\u0142<\/li>\n<li>przesy\u0142ka kurierska 15,99 z\u0142<\/li>\n<\/ul>\n<p> <a><strong>MUSICA SARMATICA<\/strong> \/ MUZYKA SARMACKA<\/a>  P\u0142yta \u00ab\u00a0Musica Sarmatica\u00a0\u00bb jest muzyczn\u0105 w\u0119dr\u00f3wk\u0105 i opowie\u015bci\u0105 o Sarmacji. Zawiera 30 utwor\u00f3w, w\u015br\u00f3d kt\u00f3rych znajduj\u0105 si\u0119 r\u00f3wnie\u017c dotychczas nigdy nie rejestrowane, cz\u0119sto zapomniane, staropolskie pie\u015bni i muzyka instrumentalna.  P\u0142yta ma tak\u017ce walory edukacyjne i poznawcze, do\u0142\u0105czono bowiem sporych rozmiar\u00f3w booklet w j\u0119zykach: polskim i angielskim. Om\u00f3wione zosta\u0142y tam wszystkie utwory wraz z kontekstem historycznym i notami biograficznymi tw\u00f3rc\u00f3w.  Zawarto\u015b\u0107 p\u0142yty obejmuje nast\u0119puj\u0105ce cz\u0119\u015bci w uj\u0119ciu chronologicznym:  1. \u00ab\u00a0Z\u0142oty czas srebrnego wieku Rzeczpospolitej\u00a0\u00bb Sk\u0142ada si\u0119 z utwor\u00f3w powsta\u0142ych kiedy Rzeczpospolita by\u0142a u szczytu swego rozwoju ustrojowego, kiedy odnosi\u0142a sukcesy militarne i ekonomiczne, kiedy by\u0142a celem emigracji ludno\u015bci z r\u00f3\u017cnych kra\u0144c\u00f3w Europy, gdzie szlacheckie spo\u0142ecze\u0144stwo cieszy\u0142o si\u0119 wolno\u015bci\u0105 niespotykan\u0105 w innych krajach (utwory: Wac\u0142awa z Szamotu\u0142, Wojciecha D\u0142ugoraja, Krzysztofa Klabona).  2. \u00ab\u00a0Lutnia, na frasunki i troski&#8230;\u00a0\u00bb Po\u015bwi\u0119cona jest instrumentowi, kt\u00f3ry stanowi\u0142 narz\u0119dzie rozrywki godne Sarmaty, na r\u00f3wni z poezj\u0105 (utwory Antoine&rsquo;a Gallot na lutni\u0119).  3. \u00ab\u00a0Od Rzymu do Wersalu\u00a0\u00bb Obrazuje obecno\u015b\u0107 i popularno\u015b\u0107 w Rzeczpospolitej muzyki zachodnioeuropejskiej (utwory: John&rsquo;a Dowland&rsquo;a, Claudio Monteverdiego oraz anonimowa pie\u015b\u0144 francuska)  4. \u00ab\u00a0Nieprzyjaciel w granicach\u00a0\u00bb Nawi\u0105zuje do wojen toczonych przez Rzeczpospolit\u0105 od po\u0142owy XVII wieku, obrony Cz\u0119stochowy, zbrojnych konfederacji szlacheckich, rozsta\u0144, t\u0119sknoty i \u017calu po zmar\u0142ych (anonimowe pie\u015bni polskie).  5. \u00ab\u00a0Tryumf Sarmacji &#8211; Victoria Jana III Sobieskiego\u00a0\u00bb To obrazy z czas\u00f3w panowania najbardziej zas\u0142u\u017conego w\u0142adcy Sarmacji: od krotochwili i weso\u0142ego ta\u0144ca w gwarnej karczmie, przez mi\u0142osne rozterki i wzdychania, muzyk\u0119 francusk\u0105 lubian\u0105 nie tylko w Wilanowie, a\u017c po wojenne odg\u0142osy odsieczy wiede\u0144skiej (anonimowe pie\u015bni polskie oraz utw\u00f3r Robert&rsquo;a de Visee na lutni\u0119).  6 \u2018Sarmackie ostatki, czyli muzyka we dworze\u2019 Kryje w sobie uroki \u017cycia w szlacheckim domu: konkury zakochanych i nak\u0142anianych do zam\u0119\u015bcia mimo woli, patriotyczne i historyczne nauki dawane dziatkom, odwieczne matek o c\u00f3rki starania, a\u017c wreszcie biesiada co polonezem si\u0119 ko\u0144czy (utwory: Jana Stefaniego, Karola Kurpi\u0144skiego, anonimowe).  &nbsp;  Wykonawca: zesp\u00f3\u0142 sarmackiej muzyki dawnej CONTRA BELLUM, <a href=\"https:\/\/www.contrabellum.pl\/\">www.contrabellum.pl<\/a>  Instrumentarium: lutnia, basetla, liuto-forte, kobza, instr. perkusyjne, g\u0142osy: sopran i baryton  <a href=\"https:\/\/www.youtube.com\/channel\/UCn8d73BV3uwXmhi6wVQs5Gw\"><strong> Nagrania do ods\u0142uchu<\/strong><\/a>  &nbsp;  _________________________________________________________________________________________________  TAGI: zesp\u00f3\u0142 muzyki dawnej Contra belluM, muzyka sarmacka, lutnia, basetla, polska muzyka dawna<\/p>\n","protected":false},"excerpt":{"rendered":"<p>Koszty transportu dla p\u0142yt CD: list polecony 8,60 z\u0142 przesy\u0142ka kurierska 15,99 z\u0142 MUSICA SARMATICA \/ MUZYKA SARMACKA P\u0142yta \u00ab\u00a0Musica Sarmatica\u00a0\u00bb jest muzyczn\u0105 w\u0119dr\u00f3wk\u0105 i opowie\u015bci\u0105 o Sarmacji. Zawiera 30 utwor\u00f3w, w\u015br\u00f3d kt\u00f3rych znajduj\u0105 si\u0119 r\u00f3wnie\u017c dotychczas nigdy nie rejestrowane, cz\u0119sto zapomniane, staropolskie pie\u015bni i muzyka instrumentalna. P\u0142yta ma tak\u017ce walory edukacyjne i poznawcze, do\u0142\u0105czono [&hellip;]<\/p>\n","protected":false},"featured_media":26986,"comment_status":"open","ping_status":"open","template":"","meta":{"_acf_changed":false},"product_brand":[],"product_cat":[401,400,441,394],"product_tag":[],"class_list":{"0":"post-26984","1":"product","2":"type-product","3":"status-publish","4":"has-post-thumbnail","6":"product_cat-innow-classic","7":"product_cat-plyty-cd","8":"product_cat-sarmacja","9":"product_cat-sklepik-z-kultura","11":"first","12":"instock","13":"taxable","14":"shipping-taxable","15":"purchasable","16":"product-type-simple"},"acf":[],"yoast_head":"<!-- This site is optimized with the Yoast SEO plugin v27.4 - https:\/\/yoast.com\/product\/yoast-seo-wordpress\/ -->\n<title>MUSICA SARMATICA - Contra belluM - INNOW<\/title>\n<meta name=\"description\" content=\"P\u0142yta MUSICA SARMATICA - Contra belluM z utworami o Sarmacji. Zawiera r\u00f3wnie\u017c staropolskie pie\u015bni i muzyk\u0119 instrumentaln\u0105. Booklet z informacjami. Sprawd\u017a!\" \/>\n<meta name=\"robots\" content=\"index, follow, max-snippet:-1, max-image-preview:large, max-video-preview:-1\" \/>\n<link rel=\"canonical\" href=\"https:\/\/innow.pl\/produkt\/musica-sarmatica-contra-bellum\/\" \/>\n<meta property=\"og:locale\" content=\"fr_FR\" \/>\n<meta property=\"og:type\" content=\"article\" \/>\n<meta property=\"og:title\" content=\"MUSICA SARMATICA - Contra belluM - INNOW\" \/>\n<meta property=\"og:description\" content=\"P\u0142yta MUSICA SARMATICA - Contra belluM z utworami o Sarmacji. Zawiera r\u00f3wnie\u017c staropolskie pie\u015bni i muzyk\u0119 instrumentaln\u0105. Booklet z informacjami. Sprawd\u017a!\" \/>\n<meta property=\"og:url\" content=\"https:\/\/innow.pl\/produkt\/musica-sarmatica-contra-bellum\/\" \/>\n<meta property=\"og:site_name\" content=\"INNOW\" \/>\n<meta property=\"article:modified_time\" content=\"2025-01-27T10:10:25+00:00\" \/>\n<meta property=\"og:image\" content=\"https:\/\/innow.pl\/wp-content\/uploads\/2024\/11\/Musica-Sarmatica-Contra-belluM-kwadrat.png\" \/>\n\t<meta property=\"og:image:width\" content=\"500\" \/>\n\t<meta property=\"og:image:height\" content=\"500\" \/>\n\t<meta property=\"og:image:type\" content=\"image\/png\" \/>\n<meta name=\"twitter:card\" content=\"summary_large_image\" \/>\n<meta name=\"twitter:label1\" content=\"Dur\u00e9e de lecture estim\u00e9e\" \/>\n\t<meta name=\"twitter:data1\" content=\"2 minutes\" \/>\n<script type=\"application\/ld+json\" class=\"yoast-schema-graph\">{\"@context\":\"https:\\\/\\\/schema.org\",\"@graph\":[{\"@type\":\"WebPage\",\"@id\":\"https:\\\/\\\/innow.pl\\\/produkt\\\/musica-sarmatica-contra-bellum\\\/\",\"url\":\"https:\\\/\\\/innow.pl\\\/produkt\\\/musica-sarmatica-contra-bellum\\\/\",\"name\":\"MUSICA SARMATICA - Contra belluM - INNOW\",\"isPartOf\":{\"@id\":\"https:\\\/\\\/innow.pl\\\/#website\"},\"primaryImageOfPage\":{\"@id\":\"https:\\\/\\\/innow.pl\\\/produkt\\\/musica-sarmatica-contra-bellum\\\/#primaryimage\"},\"image\":{\"@id\":\"https:\\\/\\\/innow.pl\\\/produkt\\\/musica-sarmatica-contra-bellum\\\/#primaryimage\"},\"thumbnailUrl\":\"https:\\\/\\\/innow.pl\\\/wp-content\\\/uploads\\\/2024\\\/11\\\/Musica-Sarmatica-Contra-belluM-kwadrat.png\",\"datePublished\":\"2018-12-11T08:05:12+00:00\",\"dateModified\":\"2025-01-27T10:10:25+00:00\",\"description\":\"P\u0142yta MUSICA SARMATICA - Contra belluM z utworami o Sarmacji. Zawiera r\u00f3wnie\u017c staropolskie pie\u015bni i muzyk\u0119 instrumentaln\u0105. Booklet z informacjami. Sprawd\u017a!\",\"breadcrumb\":{\"@id\":\"https:\\\/\\\/innow.pl\\\/produkt\\\/musica-sarmatica-contra-bellum\\\/#breadcrumb\"},\"inLanguage\":\"fr-FR\",\"potentialAction\":[{\"@type\":\"ReadAction\",\"target\":[\"https:\\\/\\\/innow.pl\\\/produkt\\\/musica-sarmatica-contra-bellum\\\/\"]}]},{\"@type\":\"ImageObject\",\"inLanguage\":\"fr-FR\",\"@id\":\"https:\\\/\\\/innow.pl\\\/produkt\\\/musica-sarmatica-contra-bellum\\\/#primaryimage\",\"url\":\"https:\\\/\\\/innow.pl\\\/wp-content\\\/uploads\\\/2024\\\/11\\\/Musica-Sarmatica-Contra-belluM-kwadrat.png\",\"contentUrl\":\"https:\\\/\\\/innow.pl\\\/wp-content\\\/uploads\\\/2024\\\/11\\\/Musica-Sarmatica-Contra-belluM-kwadrat.png\",\"width\":500,\"height\":500,\"caption\":\"Musica Sarmatica \u2013 INNOW\"},{\"@type\":\"BreadcrumbList\",\"@id\":\"https:\\\/\\\/innow.pl\\\/produkt\\\/musica-sarmatica-contra-bellum\\\/#breadcrumb\",\"itemListElement\":[{\"@type\":\"ListItem\",\"position\":1,\"name\":\"INNOW\",\"item\":\"https:\\\/\\\/innow.pl\\\/fr\\\/\"},{\"@type\":\"ListItem\",\"position\":2,\"name\":\"Produkty\",\"item\":\"https:\\\/\\\/innow.pl\\\/produkty\\\/\"},{\"@type\":\"ListItem\",\"position\":3,\"name\":\"Sklepik z kultur\u0105\",\"item\":\"https:\\\/\\\/innow.pl\\\/produkty\\\/sklepik-z-kultura\\\/\"},{\"@type\":\"ListItem\",\"position\":4,\"name\":\"P\u0142yty CD\",\"item\":\"https:\\\/\\\/innow.pl\\\/produkty\\\/sklepik-z-kultura\\\/plyty-cd\\\/\"},{\"@type\":\"ListItem\",\"position\":5,\"name\":\"INNOW-Classic\",\"item\":\"https:\\\/\\\/innow.pl\\\/produkty\\\/sklepik-z-kultura\\\/plyty-cd\\\/innow-classic\\\/\"},{\"@type\":\"ListItem\",\"position\":6,\"name\":\"MUSICA SARMATICA &#8211; Contra belluM\"}]},{\"@type\":\"WebSite\",\"@id\":\"https:\\\/\\\/innow.pl\\\/#website\",\"url\":\"https:\\\/\\\/innow.pl\\\/\",\"name\":\"INNOW\",\"description\":\"\",\"potentialAction\":[{\"@type\":\"SearchAction\",\"target\":{\"@type\":\"EntryPoint\",\"urlTemplate\":\"https:\\\/\\\/innow.pl\\\/?s={search_term_string}\"},\"query-input\":{\"@type\":\"PropertyValueSpecification\",\"valueRequired\":true,\"valueName\":\"search_term_string\"}}],\"inLanguage\":\"fr-FR\"}]}<\/script>\n<!-- \/ Yoast SEO plugin. -->","yoast_head_json":{"title":"MUSICA SARMATICA - Contra belluM - INNOW","description":"P\u0142yta MUSICA SARMATICA - Contra belluM z utworami o Sarmacji. Zawiera r\u00f3wnie\u017c staropolskie pie\u015bni i muzyk\u0119 instrumentaln\u0105. Booklet z informacjami. Sprawd\u017a!","robots":{"index":"index","follow":"follow","max-snippet":"max-snippet:-1","max-image-preview":"max-image-preview:large","max-video-preview":"max-video-preview:-1"},"canonical":"https:\/\/innow.pl\/produkt\/musica-sarmatica-contra-bellum\/","og_locale":"fr_FR","og_type":"article","og_title":"MUSICA SARMATICA - Contra belluM - INNOW","og_description":"P\u0142yta MUSICA SARMATICA - Contra belluM z utworami o Sarmacji. Zawiera r\u00f3wnie\u017c staropolskie pie\u015bni i muzyk\u0119 instrumentaln\u0105. Booklet z informacjami. Sprawd\u017a!","og_url":"https:\/\/innow.pl\/produkt\/musica-sarmatica-contra-bellum\/","og_site_name":"INNOW","article_modified_time":"2025-01-27T10:10:25+00:00","og_image":[{"width":500,"height":500,"url":"https:\/\/innow.pl\/wp-content\/uploads\/2024\/11\/Musica-Sarmatica-Contra-belluM-kwadrat.png","type":"image\/png"}],"twitter_card":"summary_large_image","twitter_misc":{"Dur\u00e9e de lecture estim\u00e9e":"2 minutes"},"schema":{"@context":"https:\/\/schema.org","@graph":[{"@type":"WebPage","@id":"https:\/\/innow.pl\/produkt\/musica-sarmatica-contra-bellum\/","url":"https:\/\/innow.pl\/produkt\/musica-sarmatica-contra-bellum\/","name":"MUSICA SARMATICA - Contra belluM - INNOW","isPartOf":{"@id":"https:\/\/innow.pl\/#website"},"primaryImageOfPage":{"@id":"https:\/\/innow.pl\/produkt\/musica-sarmatica-contra-bellum\/#primaryimage"},"image":{"@id":"https:\/\/innow.pl\/produkt\/musica-sarmatica-contra-bellum\/#primaryimage"},"thumbnailUrl":"https:\/\/innow.pl\/wp-content\/uploads\/2024\/11\/Musica-Sarmatica-Contra-belluM-kwadrat.png","datePublished":"2018-12-11T08:05:12+00:00","dateModified":"2025-01-27T10:10:25+00:00","description":"P\u0142yta MUSICA SARMATICA - Contra belluM z utworami o Sarmacji. Zawiera r\u00f3wnie\u017c staropolskie pie\u015bni i muzyk\u0119 instrumentaln\u0105. Booklet z informacjami. Sprawd\u017a!","breadcrumb":{"@id":"https:\/\/innow.pl\/produkt\/musica-sarmatica-contra-bellum\/#breadcrumb"},"inLanguage":"fr-FR","potentialAction":[{"@type":"ReadAction","target":["https:\/\/innow.pl\/produkt\/musica-sarmatica-contra-bellum\/"]}]},{"@type":"ImageObject","inLanguage":"fr-FR","@id":"https:\/\/innow.pl\/produkt\/musica-sarmatica-contra-bellum\/#primaryimage","url":"https:\/\/innow.pl\/wp-content\/uploads\/2024\/11\/Musica-Sarmatica-Contra-belluM-kwadrat.png","contentUrl":"https:\/\/innow.pl\/wp-content\/uploads\/2024\/11\/Musica-Sarmatica-Contra-belluM-kwadrat.png","width":500,"height":500,"caption":"Musica Sarmatica \u2013 INNOW"},{"@type":"BreadcrumbList","@id":"https:\/\/innow.pl\/produkt\/musica-sarmatica-contra-bellum\/#breadcrumb","itemListElement":[{"@type":"ListItem","position":1,"name":"INNOW","item":"https:\/\/innow.pl\/fr\/"},{"@type":"ListItem","position":2,"name":"Produkty","item":"https:\/\/innow.pl\/produkty\/"},{"@type":"ListItem","position":3,"name":"Sklepik z kultur\u0105","item":"https:\/\/innow.pl\/produkty\/sklepik-z-kultura\/"},{"@type":"ListItem","position":4,"name":"P\u0142yty CD","item":"https:\/\/innow.pl\/produkty\/sklepik-z-kultura\/plyty-cd\/"},{"@type":"ListItem","position":5,"name":"INNOW-Classic","item":"https:\/\/innow.pl\/produkty\/sklepik-z-kultura\/plyty-cd\/innow-classic\/"},{"@type":"ListItem","position":6,"name":"MUSICA SARMATICA &#8211; Contra belluM"}]},{"@type":"WebSite","@id":"https:\/\/innow.pl\/#website","url":"https:\/\/innow.pl\/","name":"INNOW","description":"","potentialAction":[{"@type":"SearchAction","target":{"@type":"EntryPoint","urlTemplate":"https:\/\/innow.pl\/?s={search_term_string}"},"query-input":{"@type":"PropertyValueSpecification","valueRequired":true,"valueName":"search_term_string"}}],"inLanguage":"fr-FR"}]}},"_links":{"self":[{"href":"https:\/\/innow.pl\/fr\/wp-json\/wp\/v2\/product\/26984","targetHints":{"allow":["GET"]}}],"collection":[{"href":"https:\/\/innow.pl\/fr\/wp-json\/wp\/v2\/product"}],"about":[{"href":"https:\/\/innow.pl\/fr\/wp-json\/wp\/v2\/types\/product"}],"replies":[{"embeddable":true,"href":"https:\/\/innow.pl\/fr\/wp-json\/wp\/v2\/comments?post=26984"}],"wp:featuredmedia":[{"embeddable":true,"href":"https:\/\/innow.pl\/fr\/wp-json\/wp\/v2\/media\/26986"}],"wp:attachment":[{"href":"https:\/\/innow.pl\/fr\/wp-json\/wp\/v2\/media?parent=26984"}],"wp:term":[{"taxonomy":"product_brand","embeddable":true,"href":"https:\/\/innow.pl\/fr\/wp-json\/wp\/v2\/product_brand?post=26984"},{"taxonomy":"product_cat","embeddable":true,"href":"https:\/\/innow.pl\/fr\/wp-json\/wp\/v2\/product_cat?post=26984"},{"taxonomy":"product_tag","embeddable":true,"href":"https:\/\/innow.pl\/fr\/wp-json\/wp\/v2\/product_tag?post=26984"}],"curies":[{"name":"wp","href":"https:\/\/api.w.org\/{rel}","templated":true}]}}