{"id":26946,"date":"2017-01-11T08:04:19","date_gmt":"2017-01-11T07:04:19","guid":{"rendered":"https:\/\/innow.pl\/produkt\/che775-taboret-prysznicowy-z-okraglym-pelnym-siedziskiem-i-regulacja-wysokosci\/"},"modified":"2025-03-27T07:37:36","modified_gmt":"2025-03-27T06:37:36","slug":"che775-taboret-prysznicowy-z-okraglym-pelnym-siedziskiem-i-regulacja-wysokosci","status":"publish","type":"product","link":"https:\/\/innow.pl\/fr\/produkt\/che775-taboret-prysznicowy-z-okraglym-pelnym-siedziskiem-i-regulacja-wysokosci\/","title":{"rendered":"CHE775 &#8211; Taboret prysznicowy z okr\u0105g\u0142ym, pe\u0142nym siedziskiem i regulacj\u0105 wysoko\u015bci"},"content":{"rendered":"<p>Taboret prysznicowy s\u0142u\u017c\u0105cy u\u0142atwieniu k\u0105pieli pod prysznicem osobom maj\u0105cym problem z poruszaniem si\u0119 i d\u0142ugim pozostawaniem w pozycji stoj\u0105cej. Wyposa\u017cony jest w pe\u0142ne, okr\u0105g\u0142e siedzisko, a konstrukcja n\u00f3g taboretu zawiera regulacj\u0119 jego wysoko\u015bci.<\/p>\n","protected":false},"excerpt":{"rendered":"<p>Taboret prysznicowy s\u0142u\u017c\u0105cy u\u0142atwieniu k\u0105pieli pod prysznicem osobom maj\u0105cym problem z poruszaniem si\u0119 i d\u0142ugim pozostawaniem w pozycji stoj\u0105cej. Wyposa\u017cony jest w pe\u0142ne, okr\u0105g\u0142e siedzisko, a konstrukcja n\u00f3g taboretu zawiera regulacj\u0119 jego wysoko\u015bci.<\/p>\n","protected":false},"featured_media":26948,"comment_status":"open","ping_status":"closed","template":"","meta":{"_acf_changed":false},"product_brand":[],"product_cat":[436,512,49],"product_tag":[],"class_list":{"0":"post-26946","1":"product","2":"type-product","3":"status-publish","4":"has-post-thumbnail","6":"product_cat-siodelka-siedziska-i-taborety","7":"product_cat-taborety-prysznicowe","8":"product_cat-lazienka-i-wc","9":"pa_srednica-32-cm","10":"pa_wysokosc-35-51-cm","12":"first","13":"instock","14":"taxable","15":"shipping-taxable","16":"purchasable","17":"product-type-simple"},"acf":[],"yoast_head":"<!-- This site is optimized with the Yoast SEO plugin v27.4 - https:\/\/yoast.com\/product\/yoast-seo-wordpress\/ -->\n<title>CHE775 - Taboret prysznicowy z okr\u0105g\u0142ym, pe\u0142nym siedziskiem i regulacj\u0105 wysoko\u015bci - INNOW<\/title>\n<meta name=\"description\" content=\"Funkcjonalny taboret prysznicowy z okr\u0105g\u0142ym, pe\u0142nym siedziskiem i regulacj\u0105 wysoko\u015bci. Dostosuj wysoko\u015b\u0107 taboretu do potrzeb. Dowiedz si\u0119 wi\u0119cej!\" \/>\n<meta name=\"robots\" content=\"index, follow, max-snippet:-1, max-image-preview:large, max-video-preview:-1\" \/>\n<link rel=\"canonical\" href=\"https:\/\/innow.pl\/produkt\/che775-taboret-prysznicowy-z-okraglym-pelnym-siedziskiem-i-regulacja-wysokosci\/\" \/>\n<meta property=\"og:locale\" content=\"fr_FR\" \/>\n<meta property=\"og:type\" content=\"article\" \/>\n<meta property=\"og:title\" content=\"CHE775 - Taboret prysznicowy z okr\u0105g\u0142ym, pe\u0142nym siedziskiem i regulacj\u0105 wysoko\u015bci - INNOW\" \/>\n<meta property=\"og:description\" content=\"Funkcjonalny taboret prysznicowy z okr\u0105g\u0142ym, pe\u0142nym siedziskiem i regulacj\u0105 wysoko\u015bci. Dostosuj wysoko\u015b\u0107 taboretu do potrzeb. Dowiedz si\u0119 wi\u0119cej!\" \/>\n<meta property=\"og:url\" content=\"https:\/\/innow.pl\/produkt\/che775-taboret-prysznicowy-z-okraglym-pelnym-siedziskiem-i-regulacja-wysokosci\/\" \/>\n<meta property=\"og:site_name\" content=\"INNOW\" \/>\n<meta property=\"article:modified_time\" content=\"2025-03-27T06:37:36+00:00\" \/>\n<meta property=\"og:image\" content=\"https:\/\/innow.pl\/wp-content\/uploads\/2024\/11\/CHE775-new.jpg\" \/>\n\t<meta property=\"og:image:width\" content=\"600\" \/>\n\t<meta property=\"og:image:height\" content=\"600\" \/>\n\t<meta property=\"og:image:type\" content=\"image\/jpeg\" \/>\n<meta name=\"twitter:card\" content=\"summary_large_image\" \/>\n<meta name=\"twitter:label1\" content=\"Dur\u00e9e de lecture estim\u00e9e\" \/>\n\t<meta name=\"twitter:data1\" content=\"1 minute\" \/>\n<script type=\"application\/ld+json\" class=\"yoast-schema-graph\">{\"@context\":\"https:\\\/\\\/schema.org\",\"@graph\":[{\"@type\":\"WebPage\",\"@id\":\"https:\\\/\\\/innow.pl\\\/produkt\\\/che775-taboret-prysznicowy-z-okraglym-pelnym-siedziskiem-i-regulacja-wysokosci\\\/\",\"url\":\"https:\\\/\\\/innow.pl\\\/produkt\\\/che775-taboret-prysznicowy-z-okraglym-pelnym-siedziskiem-i-regulacja-wysokosci\\\/\",\"name\":\"CHE775 - Taboret prysznicowy z okr\u0105g\u0142ym, pe\u0142nym siedziskiem i regulacj\u0105 wysoko\u015bci - INNOW\",\"isPartOf\":{\"@id\":\"https:\\\/\\\/innow.pl\\\/#website\"},\"primaryImageOfPage\":{\"@id\":\"https:\\\/\\\/innow.pl\\\/produkt\\\/che775-taboret-prysznicowy-z-okraglym-pelnym-siedziskiem-i-regulacja-wysokosci\\\/#primaryimage\"},\"image\":{\"@id\":\"https:\\\/\\\/innow.pl\\\/produkt\\\/che775-taboret-prysznicowy-z-okraglym-pelnym-siedziskiem-i-regulacja-wysokosci\\\/#primaryimage\"},\"thumbnailUrl\":\"https:\\\/\\\/innow.pl\\\/wp-content\\\/uploads\\\/2024\\\/11\\\/CHE775-new.jpg\",\"datePublished\":\"2017-01-11T07:04:19+00:00\",\"dateModified\":\"2025-03-27T06:37:36+00:00\",\"description\":\"Funkcjonalny taboret prysznicowy z okr\u0105g\u0142ym, pe\u0142nym siedziskiem i regulacj\u0105 wysoko\u015bci. Dostosuj wysoko\u015b\u0107 taboretu do potrzeb. Dowiedz si\u0119 wi\u0119cej!\",\"breadcrumb\":{\"@id\":\"https:\\\/\\\/innow.pl\\\/produkt\\\/che775-taboret-prysznicowy-z-okraglym-pelnym-siedziskiem-i-regulacja-wysokosci\\\/#breadcrumb\"},\"inLanguage\":\"fr-FR\",\"potentialAction\":[{\"@type\":\"ReadAction\",\"target\":[\"https:\\\/\\\/innow.pl\\\/produkt\\\/che775-taboret-prysznicowy-z-okraglym-pelnym-siedziskiem-i-regulacja-wysokosci\\\/\"]}]},{\"@type\":\"ImageObject\",\"inLanguage\":\"fr-FR\",\"@id\":\"https:\\\/\\\/innow.pl\\\/produkt\\\/che775-taboret-prysznicowy-z-okraglym-pelnym-siedziskiem-i-regulacja-wysokosci\\\/#primaryimage\",\"url\":\"https:\\\/\\\/innow.pl\\\/wp-content\\\/uploads\\\/2024\\\/11\\\/CHE775-new.jpg\",\"contentUrl\":\"https:\\\/\\\/innow.pl\\\/wp-content\\\/uploads\\\/2024\\\/11\\\/CHE775-new.jpg\",\"width\":600,\"height\":600,\"caption\":\"Taboret prysznicowy z okr\u0105g\u0142ym, pe\u0142nym siedziskiem i regulacj\u0105 wysoko\u015bci \u2013 C220E \u2013 INNOW\"},{\"@type\":\"BreadcrumbList\",\"@id\":\"https:\\\/\\\/innow.pl\\\/produkt\\\/che775-taboret-prysznicowy-z-okraglym-pelnym-siedziskiem-i-regulacja-wysokosci\\\/#breadcrumb\",\"itemListElement\":[{\"@type\":\"ListItem\",\"position\":1,\"name\":\"INNOW\",\"item\":\"https:\\\/\\\/innow.pl\\\/fr\\\/\"},{\"@type\":\"ListItem\",\"position\":2,\"name\":\"Produkty\",\"item\":\"https:\\\/\\\/innow.pl\\\/produkty\\\/\"},{\"@type\":\"ListItem\",\"position\":3,\"name\":\"\u0141azienka i WC\",\"item\":\"https:\\\/\\\/innow.pl\\\/produkty\\\/lazienka-i-wc\\\/\"},{\"@type\":\"ListItem\",\"position\":4,\"name\":\"Siode\u0142ka, siedziska i taborety\",\"item\":\"https:\\\/\\\/innow.pl\\\/produkty\\\/lazienka-i-wc\\\/siodelka-siedziska-i-taborety\\\/\"},{\"@type\":\"ListItem\",\"position\":5,\"name\":\"Taborety prysznicowe\",\"item\":\"https:\\\/\\\/innow.pl\\\/produkty\\\/lazienka-i-wc\\\/siodelka-siedziska-i-taborety\\\/taborety-prysznicowe\\\/\"},{\"@type\":\"ListItem\",\"position\":6,\"name\":\"CHE775 &#8211; Taboret prysznicowy z okr\u0105g\u0142ym, pe\u0142nym siedziskiem i regulacj\u0105 wysoko\u015bci\"}]},{\"@type\":\"WebSite\",\"@id\":\"https:\\\/\\\/innow.pl\\\/#website\",\"url\":\"https:\\\/\\\/innow.pl\\\/\",\"name\":\"INNOW\",\"description\":\"\",\"potentialAction\":[{\"@type\":\"SearchAction\",\"target\":{\"@type\":\"EntryPoint\",\"urlTemplate\":\"https:\\\/\\\/innow.pl\\\/?s={search_term_string}\"},\"query-input\":{\"@type\":\"PropertyValueSpecification\",\"valueRequired\":true,\"valueName\":\"search_term_string\"}}],\"inLanguage\":\"fr-FR\"}]}<\/script>\n<!-- \/ Yoast SEO plugin. -->","yoast_head_json":{"title":"CHE775 - Taboret prysznicowy z okr\u0105g\u0142ym, pe\u0142nym siedziskiem i regulacj\u0105 wysoko\u015bci - INNOW","description":"Funkcjonalny taboret prysznicowy z okr\u0105g\u0142ym, pe\u0142nym siedziskiem i regulacj\u0105 wysoko\u015bci. Dostosuj wysoko\u015b\u0107 taboretu do potrzeb. Dowiedz si\u0119 wi\u0119cej!","robots":{"index":"index","follow":"follow","max-snippet":"max-snippet:-1","max-image-preview":"max-image-preview:large","max-video-preview":"max-video-preview:-1"},"canonical":"https:\/\/innow.pl\/produkt\/che775-taboret-prysznicowy-z-okraglym-pelnym-siedziskiem-i-regulacja-wysokosci\/","og_locale":"fr_FR","og_type":"article","og_title":"CHE775 - Taboret prysznicowy z okr\u0105g\u0142ym, pe\u0142nym siedziskiem i regulacj\u0105 wysoko\u015bci - INNOW","og_description":"Funkcjonalny taboret prysznicowy z okr\u0105g\u0142ym, pe\u0142nym siedziskiem i regulacj\u0105 wysoko\u015bci. Dostosuj wysoko\u015b\u0107 taboretu do potrzeb. Dowiedz si\u0119 wi\u0119cej!","og_url":"https:\/\/innow.pl\/produkt\/che775-taboret-prysznicowy-z-okraglym-pelnym-siedziskiem-i-regulacja-wysokosci\/","og_site_name":"INNOW","article_modified_time":"2025-03-27T06:37:36+00:00","og_image":[{"width":600,"height":600,"url":"https:\/\/innow.pl\/wp-content\/uploads\/2024\/11\/CHE775-new.jpg","type":"image\/jpeg"}],"twitter_card":"summary_large_image","twitter_misc":{"Dur\u00e9e de lecture estim\u00e9e":"1 minute"},"schema":{"@context":"https:\/\/schema.org","@graph":[{"@type":"WebPage","@id":"https:\/\/innow.pl\/produkt\/che775-taboret-prysznicowy-z-okraglym-pelnym-siedziskiem-i-regulacja-wysokosci\/","url":"https:\/\/innow.pl\/produkt\/che775-taboret-prysznicowy-z-okraglym-pelnym-siedziskiem-i-regulacja-wysokosci\/","name":"CHE775 - Taboret prysznicowy z okr\u0105g\u0142ym, pe\u0142nym siedziskiem i regulacj\u0105 wysoko\u015bci - INNOW","isPartOf":{"@id":"https:\/\/innow.pl\/#website"},"primaryImageOfPage":{"@id":"https:\/\/innow.pl\/produkt\/che775-taboret-prysznicowy-z-okraglym-pelnym-siedziskiem-i-regulacja-wysokosci\/#primaryimage"},"image":{"@id":"https:\/\/innow.pl\/produkt\/che775-taboret-prysznicowy-z-okraglym-pelnym-siedziskiem-i-regulacja-wysokosci\/#primaryimage"},"thumbnailUrl":"https:\/\/innow.pl\/wp-content\/uploads\/2024\/11\/CHE775-new.jpg","datePublished":"2017-01-11T07:04:19+00:00","dateModified":"2025-03-27T06:37:36+00:00","description":"Funkcjonalny taboret prysznicowy z okr\u0105g\u0142ym, pe\u0142nym siedziskiem i regulacj\u0105 wysoko\u015bci. Dostosuj wysoko\u015b\u0107 taboretu do potrzeb. Dowiedz si\u0119 wi\u0119cej!","breadcrumb":{"@id":"https:\/\/innow.pl\/produkt\/che775-taboret-prysznicowy-z-okraglym-pelnym-siedziskiem-i-regulacja-wysokosci\/#breadcrumb"},"inLanguage":"fr-FR","potentialAction":[{"@type":"ReadAction","target":["https:\/\/innow.pl\/produkt\/che775-taboret-prysznicowy-z-okraglym-pelnym-siedziskiem-i-regulacja-wysokosci\/"]}]},{"@type":"ImageObject","inLanguage":"fr-FR","@id":"https:\/\/innow.pl\/produkt\/che775-taboret-prysznicowy-z-okraglym-pelnym-siedziskiem-i-regulacja-wysokosci\/#primaryimage","url":"https:\/\/innow.pl\/wp-content\/uploads\/2024\/11\/CHE775-new.jpg","contentUrl":"https:\/\/innow.pl\/wp-content\/uploads\/2024\/11\/CHE775-new.jpg","width":600,"height":600,"caption":"Taboret prysznicowy z okr\u0105g\u0142ym, pe\u0142nym siedziskiem i regulacj\u0105 wysoko\u015bci \u2013 C220E \u2013 INNOW"},{"@type":"BreadcrumbList","@id":"https:\/\/innow.pl\/produkt\/che775-taboret-prysznicowy-z-okraglym-pelnym-siedziskiem-i-regulacja-wysokosci\/#breadcrumb","itemListElement":[{"@type":"ListItem","position":1,"name":"INNOW","item":"https:\/\/innow.pl\/fr\/"},{"@type":"ListItem","position":2,"name":"Produkty","item":"https:\/\/innow.pl\/produkty\/"},{"@type":"ListItem","position":3,"name":"\u0141azienka i WC","item":"https:\/\/innow.pl\/produkty\/lazienka-i-wc\/"},{"@type":"ListItem","position":4,"name":"Siode\u0142ka, siedziska i taborety","item":"https:\/\/innow.pl\/produkty\/lazienka-i-wc\/siodelka-siedziska-i-taborety\/"},{"@type":"ListItem","position":5,"name":"Taborety prysznicowe","item":"https:\/\/innow.pl\/produkty\/lazienka-i-wc\/siodelka-siedziska-i-taborety\/taborety-prysznicowe\/"},{"@type":"ListItem","position":6,"name":"CHE775 &#8211; Taboret prysznicowy z okr\u0105g\u0142ym, pe\u0142nym siedziskiem i regulacj\u0105 wysoko\u015bci"}]},{"@type":"WebSite","@id":"https:\/\/innow.pl\/#website","url":"https:\/\/innow.pl\/","name":"INNOW","description":"","potentialAction":[{"@type":"SearchAction","target":{"@type":"EntryPoint","urlTemplate":"https:\/\/innow.pl\/?s={search_term_string}"},"query-input":{"@type":"PropertyValueSpecification","valueRequired":true,"valueName":"search_term_string"}}],"inLanguage":"fr-FR"}]}},"_links":{"self":[{"href":"https:\/\/innow.pl\/fr\/wp-json\/wp\/v2\/product\/26946","targetHints":{"allow":["GET"]}}],"collection":[{"href":"https:\/\/innow.pl\/fr\/wp-json\/wp\/v2\/product"}],"about":[{"href":"https:\/\/innow.pl\/fr\/wp-json\/wp\/v2\/types\/product"}],"replies":[{"embeddable":true,"href":"https:\/\/innow.pl\/fr\/wp-json\/wp\/v2\/comments?post=26946"}],"wp:featuredmedia":[{"embeddable":true,"href":"https:\/\/innow.pl\/fr\/wp-json\/wp\/v2\/media\/26948"}],"wp:attachment":[{"href":"https:\/\/innow.pl\/fr\/wp-json\/wp\/v2\/media?parent=26946"}],"wp:term":[{"taxonomy":"product_brand","embeddable":true,"href":"https:\/\/innow.pl\/fr\/wp-json\/wp\/v2\/product_brand?post=26946"},{"taxonomy":"product_cat","embeddable":true,"href":"https:\/\/innow.pl\/fr\/wp-json\/wp\/v2\/product_cat?post=26946"},{"taxonomy":"product_tag","embeddable":true,"href":"https:\/\/innow.pl\/fr\/wp-json\/wp\/v2\/product_tag?post=26946"}],"curies":[{"name":"wp","href":"https:\/\/api.w.org\/{rel}","templated":true}]}}