{"id":26925,"date":"2017-07-10T08:50:22","date_gmt":"2017-07-10T06:50:22","guid":{"rendered":"https:\/\/innow.pl\/produkt\/s432h-eu-stol-rehabilitacyjny-eureka-z-hydrauliczna-reg-wys\/"},"modified":"2025-05-19T12:18:18","modified_gmt":"2025-05-19T10:18:18","slug":"s432h-eu-stol-rehabilitacyjny-eureka-z-hydrauliczna-reg-wys","status":"publish","type":"product","link":"https:\/\/innow.pl\/fr\/produkt\/s432h-eu-stol-rehabilitacyjny-eureka-z-hydrauliczna-reg-wys\/","title":{"rendered":"S432H EU &#8211; St\u00f3\u0142 rehabilitacyjny EUREKA z hydrauliczn\u0105 regulacj\u0105 wysoko\u015bci"},"content":{"rendered":"<p>St\u00f3\u0142 o hydraulicznej regulacji wysoko\u015bci w systemie no\u017cycowym, umo\u017cliwiaj\u0105cym eliminacj\u0119 bocznych przesuni\u0119\u0107 le\u017cyska. Zawiera konstrukcj\u0119 podstawy o ciekawym kszta\u0142cie z mo\u017cliwo\u015bci\u0105 zamontowania ozdobnej p\u0142yty zewn\u0119trznej. Znajduje zastosowanie w terapii ruchowej oraz masa\u017cu. Zawiera le\u017cysko 2-cz\u0119\u015bciowe z podg\u0142\u00f3wkiem, kt\u00f3rego po\u0142o\u017cenie reguluje si\u0119 za pomoc\u0105 spr\u0119\u017cyny gazowej. <em>St\u00f3\u0142 na zdj\u0119ciu stanowi wersj\u0119 podstawow\u0105 + podajnik podk\u0142ad\u00f3w + 2 ko\u0142a-rolki do przesuwania sto\u0142u. <\/em> Zapraszamy do zapoznania si\u0119 z wyposa\u017ceniem dodatkowym znajduj\u0105cym si\u0119 pod opisem. \u00a0<\/p>\n<p style=\"text-align: left;\"><a>Informacje o w\u0142a\u015bciwo\u015bciach dost\u0119pnych <strong>materia\u0142\u00f3w obiciowych<\/strong> dost\u0119pne po klikni\u0119ciu w zdj\u0119cie:<\/a><\/p>\n<p style=\"text-align: left;\"><a href=\"https:\/\/innow.pl\/publikacje\/KatalogPDF\/Pokrycia-obiciowe-tapicerki.pdf\" target=\"_blank\" rel=\"noopener\"><img decoding=\"async\" src=\"https:\/\/innow.pl\/wp-content\/uploads\/2024\/11\/Tapicerki.jpg\" \/><\/a><\/p>\n<hr \/>\n<div style=\"flex-wrap: nowrap; align-items: center; justify-content: center; padding: 12px 0 4px 0;\"><img decoding=\"async\" style=\"max-width: 100px; margin-right: 18px; border: 0;\" src=\"https:\/\/innow.pl\/wp-content\/uploads\/2024\/11\/Ohim_logo_wzor_zastrzezony-14.png\" \/><\/p>\n<p style=\"text-align: center;\"><em>Niniejszy wyr\u00f3b podlega ochronie na podstawie \u015bwiadectwa wystawionego <\/em> <em> przez Urz\u0105d Harmonizacji Rynku Wewn\u0119trznego Unii Europejskiej OHIM jako <\/em> <em> zastrze\u017cony wz\u00f3r u\u017cytkowy.<\/em><\/p>\n<\/div>\n<hr \/>\n","protected":false},"excerpt":{"rendered":"<p>St\u00f3\u0142 o hydraulicznej regulacji wysoko\u015bci w systemie no\u017cycowym, umo\u017cliwiaj\u0105cym eliminacj\u0119 bocznych przesuni\u0119\u0107 le\u017cyska. Zawiera konstrukcj\u0119 podstawy o ciekawym kszta\u0142cie z mo\u017cliwo\u015bci\u0105 zamontowania ozdobnej p\u0142yty zewn\u0119trznej. Znajduje zastosowanie w terapii ruchowej oraz masa\u017cu. Zawiera le\u017cysko 2-cz\u0119\u015bciowe z podg\u0142\u00f3wkiem, kt\u00f3rego po\u0142o\u017cenie reguluje si\u0119 za pomoc\u0105 spr\u0119\u017cyny gazowej. St\u00f3\u0142 na zdj\u0119ciu stanowi wersj\u0119 podstawow\u0105 + podajnik podk\u0142ad\u00f3w + [&hellip;]<\/p>\n","protected":false},"featured_media":26929,"comment_status":"open","ping_status":"closed","template":"","meta":{"_acf_changed":false},"product_brand":[],"product_cat":[406,514,454],"product_tag":[],"class_list":{"0":"post-26925","1":"product","2":"type-product","3":"status-publish","4":"has-post-thumbnail","6":"product_cat-stoly-rehabilitacyjne","7":"product_cat-stoly-hydrauliczne-krzyzak-na-ramie","8":"product_cat-stoly-z-hydrauliczna-regulacja-wysokosci","9":"pa_dlugosc-200-cm","10":"pa_regulacja-podglowka-w-dol-591","11":"pa_regulacja-podglowka-w-gore-631","12":"pa_szerokosc-standardowa-70-cm","13":"pa_szerokosc-za-doplata-65-cm-i-75-cm-430-zl-netto-80-cm-610-zl-netto-90-cm-755-zl-netto","14":"pa_wysokosc-57-91-cm","15":"pa_wytrzymalosc-200-kg","17":"first","18":"instock","19":"taxable","20":"shipping-taxable","21":"purchasable","22":"product-type-simple"},"acf":[],"yoast_head":"<!-- This site is optimized with the Yoast SEO plugin v27.4 - https:\/\/yoast.com\/product\/yoast-seo-wordpress\/ -->\n<title>S432H EU - St\u00f3\u0142 rehabilitacyjny EUREKA z hydrauliczn\u0105 regulacj\u0105 wysoko\u015bci - INNOW<\/title>\n<meta name=\"description\" content=\"Stabilny st\u00f3\u0142 rehabilitacyjny EUREKA z hydrauliczn\u0105 regulacj\u0105 wysoko\u015bci - mo\u017cliwo\u015b\u0107 monta\u017cu ozdobnej p\u0142yty! Sprawd\u017a szczeg\u00f3\u0142y!\" \/>\n<meta name=\"robots\" content=\"index, follow, max-snippet:-1, max-image-preview:large, max-video-preview:-1\" \/>\n<link rel=\"canonical\" href=\"https:\/\/innow.pl\/produkt\/s432h-eu-stol-rehabilitacyjny-eureka-z-hydrauliczna-reg-wys\/\" \/>\n<meta property=\"og:locale\" content=\"fr_FR\" \/>\n<meta property=\"og:type\" content=\"article\" \/>\n<meta property=\"og:title\" content=\"S432H EU - St\u00f3\u0142 rehabilitacyjny EUREKA z hydrauliczn\u0105 regulacj\u0105 wysoko\u015bci - INNOW\" \/>\n<meta property=\"og:description\" content=\"Stabilny st\u00f3\u0142 rehabilitacyjny EUREKA z hydrauliczn\u0105 regulacj\u0105 wysoko\u015bci - mo\u017cliwo\u015b\u0107 monta\u017cu ozdobnej p\u0142yty! Sprawd\u017a szczeg\u00f3\u0142y!\" \/>\n<meta property=\"og:url\" content=\"https:\/\/innow.pl\/produkt\/s432h-eu-stol-rehabilitacyjny-eureka-z-hydrauliczna-reg-wys\/\" \/>\n<meta property=\"og:site_name\" content=\"INNOW\" \/>\n<meta property=\"article:modified_time\" content=\"2025-05-19T10:18:18+00:00\" \/>\n<meta property=\"og:image\" content=\"https:\/\/innow.pl\/wp-content\/uploads\/2024\/11\/S432EUH.jpg\" \/>\n\t<meta property=\"og:image:width\" content=\"800\" \/>\n\t<meta property=\"og:image:height\" content=\"800\" \/>\n\t<meta property=\"og:image:type\" content=\"image\/jpeg\" \/>\n<meta name=\"twitter:card\" content=\"summary_large_image\" \/>\n<meta name=\"twitter:label1\" content=\"Dur\u00e9e de lecture estim\u00e9e\" \/>\n\t<meta name=\"twitter:data1\" content=\"2 minutes\" \/>\n<script type=\"application\/ld+json\" class=\"yoast-schema-graph\">{\"@context\":\"https:\\\/\\\/schema.org\",\"@graph\":[{\"@type\":\"WebPage\",\"@id\":\"https:\\\/\\\/innow.pl\\\/produkt\\\/s432h-eu-stol-rehabilitacyjny-eureka-z-hydrauliczna-reg-wys\\\/\",\"url\":\"https:\\\/\\\/innow.pl\\\/produkt\\\/s432h-eu-stol-rehabilitacyjny-eureka-z-hydrauliczna-reg-wys\\\/\",\"name\":\"S432H EU - St\u00f3\u0142 rehabilitacyjny EUREKA z hydrauliczn\u0105 regulacj\u0105 wysoko\u015bci - INNOW\",\"isPartOf\":{\"@id\":\"https:\\\/\\\/innow.pl\\\/#website\"},\"primaryImageOfPage\":{\"@id\":\"https:\\\/\\\/innow.pl\\\/produkt\\\/s432h-eu-stol-rehabilitacyjny-eureka-z-hydrauliczna-reg-wys\\\/#primaryimage\"},\"image\":{\"@id\":\"https:\\\/\\\/innow.pl\\\/produkt\\\/s432h-eu-stol-rehabilitacyjny-eureka-z-hydrauliczna-reg-wys\\\/#primaryimage\"},\"thumbnailUrl\":\"https:\\\/\\\/innow.pl\\\/wp-content\\\/uploads\\\/2024\\\/11\\\/S432EUH.jpg\",\"datePublished\":\"2017-07-10T06:50:22+00:00\",\"dateModified\":\"2025-05-19T10:18:18+00:00\",\"description\":\"Stabilny st\u00f3\u0142 rehabilitacyjny EUREKA z hydrauliczn\u0105 regulacj\u0105 wysoko\u015bci - mo\u017cliwo\u015b\u0107 monta\u017cu ozdobnej p\u0142yty! Sprawd\u017a szczeg\u00f3\u0142y!\",\"breadcrumb\":{\"@id\":\"https:\\\/\\\/innow.pl\\\/produkt\\\/s432h-eu-stol-rehabilitacyjny-eureka-z-hydrauliczna-reg-wys\\\/#breadcrumb\"},\"inLanguage\":\"fr-FR\",\"potentialAction\":[{\"@type\":\"ReadAction\",\"target\":[\"https:\\\/\\\/innow.pl\\\/produkt\\\/s432h-eu-stol-rehabilitacyjny-eureka-z-hydrauliczna-reg-wys\\\/\"]}]},{\"@type\":\"ImageObject\",\"inLanguage\":\"fr-FR\",\"@id\":\"https:\\\/\\\/innow.pl\\\/produkt\\\/s432h-eu-stol-rehabilitacyjny-eureka-z-hydrauliczna-reg-wys\\\/#primaryimage\",\"url\":\"https:\\\/\\\/innow.pl\\\/wp-content\\\/uploads\\\/2024\\\/11\\\/S432EUH.jpg\",\"contentUrl\":\"https:\\\/\\\/innow.pl\\\/wp-content\\\/uploads\\\/2024\\\/11\\\/S432EUH.jpg\",\"width\":800,\"height\":800,\"caption\":\"St\u00f3\u0142 rehabilitacyjny EUREKA z hydrauliczn\u0105 regulacj\u0105 wysoko\u015bci \u2013 S432H EU \u2013 INNOW\"},{\"@type\":\"BreadcrumbList\",\"@id\":\"https:\\\/\\\/innow.pl\\\/produkt\\\/s432h-eu-stol-rehabilitacyjny-eureka-z-hydrauliczna-reg-wys\\\/#breadcrumb\",\"itemListElement\":[{\"@type\":\"ListItem\",\"position\":1,\"name\":\"INNOW\",\"item\":\"https:\\\/\\\/innow.pl\\\/fr\\\/\"},{\"@type\":\"ListItem\",\"position\":2,\"name\":\"Produkty\",\"item\":\"https:\\\/\\\/innow.pl\\\/produkty\\\/\"},{\"@type\":\"ListItem\",\"position\":3,\"name\":\"Sto\u0142y do masa\u017cu, rehabilitacji\",\"item\":\"https:\\\/\\\/innow.pl\\\/produkty\\\/stoly-rehabilitacyjne\\\/\"},{\"@type\":\"ListItem\",\"position\":4,\"name\":\"Sto\u0142y z hydrauliczn\u0105 regulacj\u0105 wysoko\u015bci\",\"item\":\"https:\\\/\\\/innow.pl\\\/produkty\\\/stoly-rehabilitacyjne\\\/stoly-z-hydrauliczna-regulacja-wysokosci\\\/\"},{\"@type\":\"ListItem\",\"position\":5,\"name\":\"Sto\u0142y hydrauliczne - krzy\u017cak na ramie\",\"item\":\"https:\\\/\\\/innow.pl\\\/produkty\\\/stoly-rehabilitacyjne\\\/stoly-z-hydrauliczna-regulacja-wysokosci\\\/stoly-hydrauliczne-krzyzak-na-ramie\\\/\"},{\"@type\":\"ListItem\",\"position\":6,\"name\":\"S432H EU &#8211; St\u00f3\u0142 rehabilitacyjny EUREKA z hydrauliczn\u0105 regulacj\u0105 wysoko\u015bci\"}]},{\"@type\":\"WebSite\",\"@id\":\"https:\\\/\\\/innow.pl\\\/#website\",\"url\":\"https:\\\/\\\/innow.pl\\\/\",\"name\":\"INNOW\",\"description\":\"\",\"potentialAction\":[{\"@type\":\"SearchAction\",\"target\":{\"@type\":\"EntryPoint\",\"urlTemplate\":\"https:\\\/\\\/innow.pl\\\/?s={search_term_string}\"},\"query-input\":{\"@type\":\"PropertyValueSpecification\",\"valueRequired\":true,\"valueName\":\"search_term_string\"}}],\"inLanguage\":\"fr-FR\"}]}<\/script>\n<!-- \/ Yoast SEO plugin. -->","yoast_head_json":{"title":"S432H EU - St\u00f3\u0142 rehabilitacyjny EUREKA z hydrauliczn\u0105 regulacj\u0105 wysoko\u015bci - INNOW","description":"Stabilny st\u00f3\u0142 rehabilitacyjny EUREKA z hydrauliczn\u0105 regulacj\u0105 wysoko\u015bci - mo\u017cliwo\u015b\u0107 monta\u017cu ozdobnej p\u0142yty! Sprawd\u017a szczeg\u00f3\u0142y!","robots":{"index":"index","follow":"follow","max-snippet":"max-snippet:-1","max-image-preview":"max-image-preview:large","max-video-preview":"max-video-preview:-1"},"canonical":"https:\/\/innow.pl\/produkt\/s432h-eu-stol-rehabilitacyjny-eureka-z-hydrauliczna-reg-wys\/","og_locale":"fr_FR","og_type":"article","og_title":"S432H EU - St\u00f3\u0142 rehabilitacyjny EUREKA z hydrauliczn\u0105 regulacj\u0105 wysoko\u015bci - INNOW","og_description":"Stabilny st\u00f3\u0142 rehabilitacyjny EUREKA z hydrauliczn\u0105 regulacj\u0105 wysoko\u015bci - mo\u017cliwo\u015b\u0107 monta\u017cu ozdobnej p\u0142yty! Sprawd\u017a szczeg\u00f3\u0142y!","og_url":"https:\/\/innow.pl\/produkt\/s432h-eu-stol-rehabilitacyjny-eureka-z-hydrauliczna-reg-wys\/","og_site_name":"INNOW","article_modified_time":"2025-05-19T10:18:18+00:00","og_image":[{"width":800,"height":800,"url":"https:\/\/innow.pl\/wp-content\/uploads\/2024\/11\/S432EUH.jpg","type":"image\/jpeg"}],"twitter_card":"summary_large_image","twitter_misc":{"Dur\u00e9e de lecture estim\u00e9e":"2 minutes"},"schema":{"@context":"https:\/\/schema.org","@graph":[{"@type":"WebPage","@id":"https:\/\/innow.pl\/produkt\/s432h-eu-stol-rehabilitacyjny-eureka-z-hydrauliczna-reg-wys\/","url":"https:\/\/innow.pl\/produkt\/s432h-eu-stol-rehabilitacyjny-eureka-z-hydrauliczna-reg-wys\/","name":"S432H EU - St\u00f3\u0142 rehabilitacyjny EUREKA z hydrauliczn\u0105 regulacj\u0105 wysoko\u015bci - INNOW","isPartOf":{"@id":"https:\/\/innow.pl\/#website"},"primaryImageOfPage":{"@id":"https:\/\/innow.pl\/produkt\/s432h-eu-stol-rehabilitacyjny-eureka-z-hydrauliczna-reg-wys\/#primaryimage"},"image":{"@id":"https:\/\/innow.pl\/produkt\/s432h-eu-stol-rehabilitacyjny-eureka-z-hydrauliczna-reg-wys\/#primaryimage"},"thumbnailUrl":"https:\/\/innow.pl\/wp-content\/uploads\/2024\/11\/S432EUH.jpg","datePublished":"2017-07-10T06:50:22+00:00","dateModified":"2025-05-19T10:18:18+00:00","description":"Stabilny st\u00f3\u0142 rehabilitacyjny EUREKA z hydrauliczn\u0105 regulacj\u0105 wysoko\u015bci - mo\u017cliwo\u015b\u0107 monta\u017cu ozdobnej p\u0142yty! Sprawd\u017a szczeg\u00f3\u0142y!","breadcrumb":{"@id":"https:\/\/innow.pl\/produkt\/s432h-eu-stol-rehabilitacyjny-eureka-z-hydrauliczna-reg-wys\/#breadcrumb"},"inLanguage":"fr-FR","potentialAction":[{"@type":"ReadAction","target":["https:\/\/innow.pl\/produkt\/s432h-eu-stol-rehabilitacyjny-eureka-z-hydrauliczna-reg-wys\/"]}]},{"@type":"ImageObject","inLanguage":"fr-FR","@id":"https:\/\/innow.pl\/produkt\/s432h-eu-stol-rehabilitacyjny-eureka-z-hydrauliczna-reg-wys\/#primaryimage","url":"https:\/\/innow.pl\/wp-content\/uploads\/2024\/11\/S432EUH.jpg","contentUrl":"https:\/\/innow.pl\/wp-content\/uploads\/2024\/11\/S432EUH.jpg","width":800,"height":800,"caption":"St\u00f3\u0142 rehabilitacyjny EUREKA z hydrauliczn\u0105 regulacj\u0105 wysoko\u015bci \u2013 S432H EU \u2013 INNOW"},{"@type":"BreadcrumbList","@id":"https:\/\/innow.pl\/produkt\/s432h-eu-stol-rehabilitacyjny-eureka-z-hydrauliczna-reg-wys\/#breadcrumb","itemListElement":[{"@type":"ListItem","position":1,"name":"INNOW","item":"https:\/\/innow.pl\/fr\/"},{"@type":"ListItem","position":2,"name":"Produkty","item":"https:\/\/innow.pl\/produkty\/"},{"@type":"ListItem","position":3,"name":"Sto\u0142y do masa\u017cu, rehabilitacji","item":"https:\/\/innow.pl\/produkty\/stoly-rehabilitacyjne\/"},{"@type":"ListItem","position":4,"name":"Sto\u0142y z hydrauliczn\u0105 regulacj\u0105 wysoko\u015bci","item":"https:\/\/innow.pl\/produkty\/stoly-rehabilitacyjne\/stoly-z-hydrauliczna-regulacja-wysokosci\/"},{"@type":"ListItem","position":5,"name":"Sto\u0142y hydrauliczne - krzy\u017cak na ramie","item":"https:\/\/innow.pl\/produkty\/stoly-rehabilitacyjne\/stoly-z-hydrauliczna-regulacja-wysokosci\/stoly-hydrauliczne-krzyzak-na-ramie\/"},{"@type":"ListItem","position":6,"name":"S432H EU &#8211; St\u00f3\u0142 rehabilitacyjny EUREKA z hydrauliczn\u0105 regulacj\u0105 wysoko\u015bci"}]},{"@type":"WebSite","@id":"https:\/\/innow.pl\/#website","url":"https:\/\/innow.pl\/","name":"INNOW","description":"","potentialAction":[{"@type":"SearchAction","target":{"@type":"EntryPoint","urlTemplate":"https:\/\/innow.pl\/?s={search_term_string}"},"query-input":{"@type":"PropertyValueSpecification","valueRequired":true,"valueName":"search_term_string"}}],"inLanguage":"fr-FR"}]}},"_links":{"self":[{"href":"https:\/\/innow.pl\/fr\/wp-json\/wp\/v2\/product\/26925","targetHints":{"allow":["GET"]}}],"collection":[{"href":"https:\/\/innow.pl\/fr\/wp-json\/wp\/v2\/product"}],"about":[{"href":"https:\/\/innow.pl\/fr\/wp-json\/wp\/v2\/types\/product"}],"replies":[{"embeddable":true,"href":"https:\/\/innow.pl\/fr\/wp-json\/wp\/v2\/comments?post=26925"}],"wp:featuredmedia":[{"embeddable":true,"href":"https:\/\/innow.pl\/fr\/wp-json\/wp\/v2\/media\/26929"}],"wp:attachment":[{"href":"https:\/\/innow.pl\/fr\/wp-json\/wp\/v2\/media?parent=26925"}],"wp:term":[{"taxonomy":"product_brand","embeddable":true,"href":"https:\/\/innow.pl\/fr\/wp-json\/wp\/v2\/product_brand?post=26925"},{"taxonomy":"product_cat","embeddable":true,"href":"https:\/\/innow.pl\/fr\/wp-json\/wp\/v2\/product_cat?post=26925"},{"taxonomy":"product_tag","embeddable":true,"href":"https:\/\/innow.pl\/fr\/wp-json\/wp\/v2\/product_tag?post=26925"}],"curies":[{"name":"wp","href":"https:\/\/api.w.org\/{rel}","templated":true}]}}