{"id":26837,"date":"2017-07-10T06:59:11","date_gmt":"2017-07-10T04:59:11","guid":{"rendered":"https:\/\/innow.pl\/produkt\/s412e-stol-rehabilitacyjny-z-elektryczna-reg-wys\/"},"modified":"2025-12-02T09:50:30","modified_gmt":"2025-12-02T08:50:30","slug":"s412e-stol-rehabilitacyjny-z-elektryczna-reg-wys","status":"publish","type":"product","link":"https:\/\/innow.pl\/fr\/produkt\/s412e-stol-rehabilitacyjny-z-elektryczna-reg-wys\/","title":{"rendered":"S412E &#8211; St\u00f3\u0142 rehabilitacyjny z elektryczn\u0105 regulacj\u0105 wysoko\u015bci"},"content":{"rendered":"<p>St\u00f3\u0142 o stalowej konstrukcji z no\u017cycowym systemem podnoszenia g\u00f3rnej ramy. Zapewnia to prostopad\u0142\u0105 regulacj\u0119 wysoko\u015bci (brak przesuni\u0119cia le\u017ca na boki przy podnoszeniu lub opuszczaniu). Za jego pomoc\u0105 mo\u017cna przeprowadzi\u0107 terapi\u0119 ruchow\u0105 czy masa\u017c. <strong>Do wyposa\u017cenia podstawowego nale\u017c\u0105:<\/strong><\/p>\n<ul>\n<li>le\u017cysko 2-cz\u0119\u015bciowe z podg\u0142\u00f3wkiem,<\/li>\n<li>regulacja podg\u0142\u00f3wka spr\u0119\u017cyn\u0105 gazow\u0105,<\/li>\n<li>elektryczna regulacja wysoko\u015bci,<\/li>\n<li>2 ko\u0142a-rolki do przesuwania sto\u0142u,<\/li>\n<li>komplet blach do podwozia.<\/li>\n<\/ul>\n<p>Wyposa\u017cenie opcjonalne dost\u0119pne pod opisem. <span style=\"text-decoration: underline\">W przypadku zakupu <a style=\"color: #00c6e5;text-decoration: underline\" href=\"https:\/\/innow.pl\/produkt\/pilot-nozny\/\">pilota no\u017cnego<\/a>, niezb\u0119dne jest doposa\u017cenie sto\u0142u w <a style=\"color: #00c6e5;text-decoration: underline\" href=\"https:\/\/innow.pl\/produkt\/wylacznik-bezpieczenstwa\/\">\u00ab\u00a0Wy\u0142\u0105cznik bezpiecze\u0144stwa\u00a0\u00bb<\/a> mocowany do ramy.<\/span> <em>Na zdj\u0119ciu 1 widoczny jest st\u00f3\u0142 w wersji podstawowej + podajnik podk\u0142ad\u00f3w. <\/em> <em>St\u00f3\u0142 na zdj\u0119ciu 2 posiada: 3-cz\u0119\u015bciowe le\u017cysko, <span lang=\"en-US\">podg\u0142\u00f3wek z podparciem przedramion<\/span>, podajnik podk\u0142ad\u00f3w. Na zdj\u0119ciu 2 nie jest widoczny komplet blach do podwozia, kt\u00f3ry aktualnie jest montowany w standardzie.<\/em> \u00a0<\/p>\n<p style=\"text-align: left\"><a>Informacje o w\u0142a\u015bciwo\u015bciach dost\u0119pnych<strong> materia\u0142\u00f3w obiciowych<\/strong> dost\u0119pne po klikni\u0119ciu w zdj\u0119cie:<\/a><\/p>\n<p style=\"text-align: left\"><a href=\"https:\/\/innow.pl\/publikacje\/KatalogPDF\/Pokrycia-obiciowe-tapicerki.pdf\" target=\"_blank\" rel=\"noopener\"><img decoding=\"async\" src=\"https:\/\/innow.pl\/wp-content\/uploads\/2024\/11\/Tapicerki.jpg\" \/><\/a><\/p>\n","protected":false},"excerpt":{"rendered":"<p>St\u00f3\u0142 o stalowej konstrukcji z no\u017cycowym systemem podnoszenia g\u00f3rnej ramy. Zapewnia to prostopad\u0142\u0105 regulacj\u0119 wysoko\u015bci (brak przesuni\u0119cia le\u017ca na boki przy podnoszeniu lub opuszczaniu). Za jego pomoc\u0105 mo\u017cna przeprowadzi\u0107 terapi\u0119 ruchow\u0105 czy masa\u017c. Do wyposa\u017cenia podstawowego nale\u017c\u0105: le\u017cysko 2-cz\u0119\u015bciowe z podg\u0142\u00f3wkiem, regulacja podg\u0142\u00f3wka spr\u0119\u017cyn\u0105 gazow\u0105, elektryczna regulacja wysoko\u015bci, 2 ko\u0142a-rolki do przesuwania sto\u0142u, komplet blach [&hellip;]<\/p>\n","protected":false},"featured_media":26840,"comment_status":"open","ping_status":"closed","template":"","meta":{"_acf_changed":false},"product_brand":[],"product_cat":[406,561,453],"product_tag":[],"class_list":{"0":"post-26837","1":"product","2":"type-product","3":"status-publish","4":"has-post-thumbnail","6":"product_cat-stoly-rehabilitacyjne","7":"product_cat-stoly-elektryczne-na-krzyzakach-stoly-z-elektryczna-regulacja-wysokosci-stoly-rehabilitacyjne","8":"product_cat-stoly-z-elektryczna-regulacja-wysokosci","9":"pa_dlugosc-200-cm","10":"pa_regulacja-podglowka-w-dol-591","11":"pa_regulacja-podglowka-w-gore-631","12":"pa_szerokosc-standardowa-70-cm","13":"pa_szerokosc-za-doplata-65-cm-i-75-cm-430-zl-netto-80-cm-610-zl-netto-90-cm-755-zl-netto","14":"pa_wysokosc-45-96-cm","15":"pa_wytrzymalosc-200-kg","17":"first","18":"instock","19":"taxable","20":"shipping-taxable","21":"purchasable","22":"product-type-simple"},"acf":[],"yoast_head":"<!-- This site is optimized with the Yoast SEO plugin v27.4 - https:\/\/yoast.com\/product\/yoast-seo-wordpress\/ -->\n<title>S412E - St\u00f3\u0142 rehabilitacyjny z elektryczn\u0105 regulacj\u0105 wysoko\u015bci - INNOW<\/title>\n<meta name=\"description\" content=\"Funkcjonalny st\u00f3\u0142 rehabilitacyjny z elektryczn\u0105 regulacj\u0105 wysoko\u015bci i systemem podnoszenia ramy g\u00f3rnej niweluj\u0105cym przesuni\u0119cia le\u017cyska na boki. Zobacz!\" \/>\n<meta name=\"robots\" content=\"index, follow, max-snippet:-1, max-image-preview:large, max-video-preview:-1\" \/>\n<link rel=\"canonical\" href=\"https:\/\/innow.pl\/produkt\/s412e-stol-rehabilitacyjny-z-elektryczna-reg-wys\/\" \/>\n<meta property=\"og:locale\" content=\"fr_FR\" \/>\n<meta property=\"og:type\" content=\"article\" \/>\n<meta property=\"og:title\" content=\"S412E - St\u00f3\u0142 rehabilitacyjny z elektryczn\u0105 regulacj\u0105 wysoko\u015bci - INNOW\" \/>\n<meta property=\"og:description\" content=\"Funkcjonalny st\u00f3\u0142 rehabilitacyjny z elektryczn\u0105 regulacj\u0105 wysoko\u015bci i systemem podnoszenia ramy g\u00f3rnej niweluj\u0105cym przesuni\u0119cia le\u017cyska na boki. Zobacz!\" \/>\n<meta property=\"og:url\" content=\"https:\/\/innow.pl\/produkt\/s412e-stol-rehabilitacyjny-z-elektryczna-reg-wys\/\" \/>\n<meta property=\"og:site_name\" content=\"INNOW\" \/>\n<meta property=\"article:modified_time\" content=\"2025-12-02T08:50:30+00:00\" \/>\n<meta property=\"og:image\" content=\"https:\/\/innow.pl\/wp-content\/uploads\/2024\/11\/S412E-new-1.jpg\" \/>\n\t<meta property=\"og:image:width\" content=\"800\" \/>\n\t<meta property=\"og:image:height\" content=\"800\" \/>\n\t<meta property=\"og:image:type\" content=\"image\/jpeg\" \/>\n<meta name=\"twitter:card\" content=\"summary_large_image\" \/>\n<meta name=\"twitter:label1\" content=\"Dur\u00e9e de lecture estim\u00e9e\" \/>\n\t<meta name=\"twitter:data1\" content=\"2 minutes\" \/>\n<script type=\"application\/ld+json\" class=\"yoast-schema-graph\">{\"@context\":\"https:\\\/\\\/schema.org\",\"@graph\":[{\"@type\":\"WebPage\",\"@id\":\"https:\\\/\\\/innow.pl\\\/produkt\\\/s412e-stol-rehabilitacyjny-z-elektryczna-reg-wys\\\/\",\"url\":\"https:\\\/\\\/innow.pl\\\/produkt\\\/s412e-stol-rehabilitacyjny-z-elektryczna-reg-wys\\\/\",\"name\":\"S412E - St\u00f3\u0142 rehabilitacyjny z elektryczn\u0105 regulacj\u0105 wysoko\u015bci - INNOW\",\"isPartOf\":{\"@id\":\"https:\\\/\\\/innow.pl\\\/#website\"},\"primaryImageOfPage\":{\"@id\":\"https:\\\/\\\/innow.pl\\\/produkt\\\/s412e-stol-rehabilitacyjny-z-elektryczna-reg-wys\\\/#primaryimage\"},\"image\":{\"@id\":\"https:\\\/\\\/innow.pl\\\/produkt\\\/s412e-stol-rehabilitacyjny-z-elektryczna-reg-wys\\\/#primaryimage\"},\"thumbnailUrl\":\"https:\\\/\\\/innow.pl\\\/wp-content\\\/uploads\\\/2024\\\/11\\\/S412E-new-1.jpg\",\"datePublished\":\"2017-07-10T04:59:11+00:00\",\"dateModified\":\"2025-12-02T08:50:30+00:00\",\"description\":\"Funkcjonalny st\u00f3\u0142 rehabilitacyjny z elektryczn\u0105 regulacj\u0105 wysoko\u015bci i systemem podnoszenia ramy g\u00f3rnej niweluj\u0105cym przesuni\u0119cia le\u017cyska na boki. Zobacz!\",\"breadcrumb\":{\"@id\":\"https:\\\/\\\/innow.pl\\\/produkt\\\/s412e-stol-rehabilitacyjny-z-elektryczna-reg-wys\\\/#breadcrumb\"},\"inLanguage\":\"fr-FR\",\"potentialAction\":[{\"@type\":\"ReadAction\",\"target\":[\"https:\\\/\\\/innow.pl\\\/produkt\\\/s412e-stol-rehabilitacyjny-z-elektryczna-reg-wys\\\/\"]}]},{\"@type\":\"ImageObject\",\"inLanguage\":\"fr-FR\",\"@id\":\"https:\\\/\\\/innow.pl\\\/produkt\\\/s412e-stol-rehabilitacyjny-z-elektryczna-reg-wys\\\/#primaryimage\",\"url\":\"https:\\\/\\\/innow.pl\\\/wp-content\\\/uploads\\\/2024\\\/11\\\/S412E-new-1.jpg\",\"contentUrl\":\"https:\\\/\\\/innow.pl\\\/wp-content\\\/uploads\\\/2024\\\/11\\\/S412E-new-1.jpg\",\"width\":800,\"height\":800,\"caption\":\"St\u00f3\u0142 rehabilitacyjny z elektryczn\u0105 regulacj\u0105 wysoko\u015bci \u2013 S412E \u2013 INNOW\"},{\"@type\":\"BreadcrumbList\",\"@id\":\"https:\\\/\\\/innow.pl\\\/produkt\\\/s412e-stol-rehabilitacyjny-z-elektryczna-reg-wys\\\/#breadcrumb\",\"itemListElement\":[{\"@type\":\"ListItem\",\"position\":1,\"name\":\"INNOW\",\"item\":\"https:\\\/\\\/innow.pl\\\/fr\\\/\"},{\"@type\":\"ListItem\",\"position\":2,\"name\":\"Produkty\",\"item\":\"https:\\\/\\\/innow.pl\\\/produkty\\\/\"},{\"@type\":\"ListItem\",\"position\":3,\"name\":\"Sto\u0142y do masa\u017cu, rehabilitacji\",\"item\":\"https:\\\/\\\/innow.pl\\\/produkty\\\/stoly-rehabilitacyjne\\\/\"},{\"@type\":\"ListItem\",\"position\":4,\"name\":\"Sto\u0142y z elektryczn\u0105 regulacj\u0105 wysoko\u015bci\",\"item\":\"https:\\\/\\\/innow.pl\\\/produkty\\\/stoly-rehabilitacyjne\\\/stoly-z-elektryczna-regulacja-wysokosci\\\/\"},{\"@type\":\"ListItem\",\"position\":5,\"name\":\"Sto\u0142y elektryczne na krzy\u017cakach\",\"item\":\"https:\\\/\\\/innow.pl\\\/produkty\\\/stoly-rehabilitacyjne\\\/stoly-z-elektryczna-regulacja-wysokosci\\\/stoly-elektryczne-na-krzyzakach-stoly-z-elektryczna-regulacja-wysokosci-stoly-rehabilitacyjne\\\/\"},{\"@type\":\"ListItem\",\"position\":6,\"name\":\"S412E &#8211; St\u00f3\u0142 rehabilitacyjny z elektryczn\u0105 regulacj\u0105 wysoko\u015bci\"}]},{\"@type\":\"WebSite\",\"@id\":\"https:\\\/\\\/innow.pl\\\/#website\",\"url\":\"https:\\\/\\\/innow.pl\\\/\",\"name\":\"INNOW\",\"description\":\"\",\"potentialAction\":[{\"@type\":\"SearchAction\",\"target\":{\"@type\":\"EntryPoint\",\"urlTemplate\":\"https:\\\/\\\/innow.pl\\\/?s={search_term_string}\"},\"query-input\":{\"@type\":\"PropertyValueSpecification\",\"valueRequired\":true,\"valueName\":\"search_term_string\"}}],\"inLanguage\":\"fr-FR\"}]}<\/script>\n<!-- \/ Yoast SEO plugin. -->","yoast_head_json":{"title":"S412E - St\u00f3\u0142 rehabilitacyjny z elektryczn\u0105 regulacj\u0105 wysoko\u015bci - INNOW","description":"Funkcjonalny st\u00f3\u0142 rehabilitacyjny z elektryczn\u0105 regulacj\u0105 wysoko\u015bci i systemem podnoszenia ramy g\u00f3rnej niweluj\u0105cym przesuni\u0119cia le\u017cyska na boki. Zobacz!","robots":{"index":"index","follow":"follow","max-snippet":"max-snippet:-1","max-image-preview":"max-image-preview:large","max-video-preview":"max-video-preview:-1"},"canonical":"https:\/\/innow.pl\/produkt\/s412e-stol-rehabilitacyjny-z-elektryczna-reg-wys\/","og_locale":"fr_FR","og_type":"article","og_title":"S412E - St\u00f3\u0142 rehabilitacyjny z elektryczn\u0105 regulacj\u0105 wysoko\u015bci - INNOW","og_description":"Funkcjonalny st\u00f3\u0142 rehabilitacyjny z elektryczn\u0105 regulacj\u0105 wysoko\u015bci i systemem podnoszenia ramy g\u00f3rnej niweluj\u0105cym przesuni\u0119cia le\u017cyska na boki. Zobacz!","og_url":"https:\/\/innow.pl\/produkt\/s412e-stol-rehabilitacyjny-z-elektryczna-reg-wys\/","og_site_name":"INNOW","article_modified_time":"2025-12-02T08:50:30+00:00","og_image":[{"width":800,"height":800,"url":"https:\/\/innow.pl\/wp-content\/uploads\/2024\/11\/S412E-new-1.jpg","type":"image\/jpeg"}],"twitter_card":"summary_large_image","twitter_misc":{"Dur\u00e9e de lecture estim\u00e9e":"2 minutes"},"schema":{"@context":"https:\/\/schema.org","@graph":[{"@type":"WebPage","@id":"https:\/\/innow.pl\/produkt\/s412e-stol-rehabilitacyjny-z-elektryczna-reg-wys\/","url":"https:\/\/innow.pl\/produkt\/s412e-stol-rehabilitacyjny-z-elektryczna-reg-wys\/","name":"S412E - St\u00f3\u0142 rehabilitacyjny z elektryczn\u0105 regulacj\u0105 wysoko\u015bci - INNOW","isPartOf":{"@id":"https:\/\/innow.pl\/#website"},"primaryImageOfPage":{"@id":"https:\/\/innow.pl\/produkt\/s412e-stol-rehabilitacyjny-z-elektryczna-reg-wys\/#primaryimage"},"image":{"@id":"https:\/\/innow.pl\/produkt\/s412e-stol-rehabilitacyjny-z-elektryczna-reg-wys\/#primaryimage"},"thumbnailUrl":"https:\/\/innow.pl\/wp-content\/uploads\/2024\/11\/S412E-new-1.jpg","datePublished":"2017-07-10T04:59:11+00:00","dateModified":"2025-12-02T08:50:30+00:00","description":"Funkcjonalny st\u00f3\u0142 rehabilitacyjny z elektryczn\u0105 regulacj\u0105 wysoko\u015bci i systemem podnoszenia ramy g\u00f3rnej niweluj\u0105cym przesuni\u0119cia le\u017cyska na boki. Zobacz!","breadcrumb":{"@id":"https:\/\/innow.pl\/produkt\/s412e-stol-rehabilitacyjny-z-elektryczna-reg-wys\/#breadcrumb"},"inLanguage":"fr-FR","potentialAction":[{"@type":"ReadAction","target":["https:\/\/innow.pl\/produkt\/s412e-stol-rehabilitacyjny-z-elektryczna-reg-wys\/"]}]},{"@type":"ImageObject","inLanguage":"fr-FR","@id":"https:\/\/innow.pl\/produkt\/s412e-stol-rehabilitacyjny-z-elektryczna-reg-wys\/#primaryimage","url":"https:\/\/innow.pl\/wp-content\/uploads\/2024\/11\/S412E-new-1.jpg","contentUrl":"https:\/\/innow.pl\/wp-content\/uploads\/2024\/11\/S412E-new-1.jpg","width":800,"height":800,"caption":"St\u00f3\u0142 rehabilitacyjny z elektryczn\u0105 regulacj\u0105 wysoko\u015bci \u2013 S412E \u2013 INNOW"},{"@type":"BreadcrumbList","@id":"https:\/\/innow.pl\/produkt\/s412e-stol-rehabilitacyjny-z-elektryczna-reg-wys\/#breadcrumb","itemListElement":[{"@type":"ListItem","position":1,"name":"INNOW","item":"https:\/\/innow.pl\/fr\/"},{"@type":"ListItem","position":2,"name":"Produkty","item":"https:\/\/innow.pl\/produkty\/"},{"@type":"ListItem","position":3,"name":"Sto\u0142y do masa\u017cu, rehabilitacji","item":"https:\/\/innow.pl\/produkty\/stoly-rehabilitacyjne\/"},{"@type":"ListItem","position":4,"name":"Sto\u0142y z elektryczn\u0105 regulacj\u0105 wysoko\u015bci","item":"https:\/\/innow.pl\/produkty\/stoly-rehabilitacyjne\/stoly-z-elektryczna-regulacja-wysokosci\/"},{"@type":"ListItem","position":5,"name":"Sto\u0142y elektryczne na krzy\u017cakach","item":"https:\/\/innow.pl\/produkty\/stoly-rehabilitacyjne\/stoly-z-elektryczna-regulacja-wysokosci\/stoly-elektryczne-na-krzyzakach-stoly-z-elektryczna-regulacja-wysokosci-stoly-rehabilitacyjne\/"},{"@type":"ListItem","position":6,"name":"S412E &#8211; St\u00f3\u0142 rehabilitacyjny z elektryczn\u0105 regulacj\u0105 wysoko\u015bci"}]},{"@type":"WebSite","@id":"https:\/\/innow.pl\/#website","url":"https:\/\/innow.pl\/","name":"INNOW","description":"","potentialAction":[{"@type":"SearchAction","target":{"@type":"EntryPoint","urlTemplate":"https:\/\/innow.pl\/?s={search_term_string}"},"query-input":{"@type":"PropertyValueSpecification","valueRequired":true,"valueName":"search_term_string"}}],"inLanguage":"fr-FR"}]}},"_links":{"self":[{"href":"https:\/\/innow.pl\/fr\/wp-json\/wp\/v2\/product\/26837","targetHints":{"allow":["GET"]}}],"collection":[{"href":"https:\/\/innow.pl\/fr\/wp-json\/wp\/v2\/product"}],"about":[{"href":"https:\/\/innow.pl\/fr\/wp-json\/wp\/v2\/types\/product"}],"replies":[{"embeddable":true,"href":"https:\/\/innow.pl\/fr\/wp-json\/wp\/v2\/comments?post=26837"}],"wp:featuredmedia":[{"embeddable":true,"href":"https:\/\/innow.pl\/fr\/wp-json\/wp\/v2\/media\/26840"}],"wp:attachment":[{"href":"https:\/\/innow.pl\/fr\/wp-json\/wp\/v2\/media?parent=26837"}],"wp:term":[{"taxonomy":"product_brand","embeddable":true,"href":"https:\/\/innow.pl\/fr\/wp-json\/wp\/v2\/product_brand?post=26837"},{"taxonomy":"product_cat","embeddable":true,"href":"https:\/\/innow.pl\/fr\/wp-json\/wp\/v2\/product_cat?post=26837"},{"taxonomy":"product_tag","embeddable":true,"href":"https:\/\/innow.pl\/fr\/wp-json\/wp\/v2\/product_tag?post=26837"}],"curies":[{"name":"wp","href":"https:\/\/api.w.org\/{rel}","templated":true}]}}