{"id":26778,"date":"2017-07-07T06:40:38","date_gmt":"2017-07-07T04:40:38","guid":{"rendered":"https:\/\/innow.pl\/produkt\/sb01-suchy-basen-200x200-cm-z-mata-podlogowa\/"},"modified":"2025-02-27T09:15:30","modified_gmt":"2025-02-27T08:15:30","slug":"sb01-suchy-basen-200x200-cm-z-mata-podlogowa","status":"publish","type":"product","link":"https:\/\/innow.pl\/fr\/produkt\/sb01-suchy-basen-200x200-cm-z-mata-podlogowa\/","title":{"rendered":"SB01 &#8211; Suchy basen 200&#215;200 cm z mat\u0105 pod\u0142ogow\u0105"},"content":{"rendered":"<p>Basem wykonany z twardej pianki poliuretanowej przeznaczony do rehabilitacji dzieci z urazami i upo\u015bledzeniami. Umo\u017cliwia przeprowadzanie aktywnej rehabilitacji oraz przeprowadzania \u0107wicze\u0144 wspomagaj\u0105cych leczenie. Basen wype\u0142niony jest pi\u0142eczkami wytworzonymi z tworzywa sztucznego. Mo\u017cliwe jest wykonane basenu o innych, wybranych wymiarach. Przedstawione na zdj\u0119ciu schody stanowi\u0105 dodatkowe wyposa\u017cenie.<\/p>\n","protected":false},"excerpt":{"rendered":"<p>Basem wykonany z twardej pianki poliuretanowej przeznaczony do rehabilitacji dzieci z urazami i upo\u015bledzeniami. Umo\u017cliwia przeprowadzanie aktywnej rehabilitacji oraz przeprowadzania \u0107wicze\u0144 wspomagaj\u0105cych leczenie. Basen wype\u0142niony jest pi\u0142eczkami wytworzonymi z tworzywa sztucznego. Mo\u017cliwe jest wykonane basenu o innych, wybranych wymiarach. Przedstawione na zdj\u0119ciu schody stanowi\u0105 dodatkowe wyposa\u017cenie.<\/p>\n","protected":false},"featured_media":26780,"comment_status":"open","ping_status":"closed","template":"","meta":{"_acf_changed":false},"product_brand":[],"product_cat":[438,549,456,484],"product_tag":[],"class_list":{"0":"post-26778","1":"product","2":"type-product","3":"status-publish","4":"has-post-thumbnail","6":"product_cat-pielegnacja-i-rehabilitacja","7":"product_cat-sprzet-rehabilitacyjny-dla-dzieci","8":"product_cat-urzadzenia-do-fizjoterapii","9":"product_cat-usprawnienie-lecznicze","10":"pa_dlugosc-200-cm","11":"pa_glebokosc-60-cm","12":"pa_szerokosc-200-cm","14":"first","15":"instock","16":"taxable","17":"shipping-taxable","18":"purchasable","19":"product-type-simple"},"acf":[],"yoast_head":"<!-- This site is optimized with the Yoast SEO plugin v27.4 - https:\/\/yoast.com\/product\/yoast-seo-wordpress\/ -->\n<title>SB01 - Suchy basen 200x200 cm z mat\u0105 pod\u0142ogow\u0105 - % INNOW<\/title>\n<meta name=\"description\" content=\"Suchy basen 200x200 cm z mat\u0105 pod\u0142ogow\u0105 i pi\u0142eczkami z tworzywa. Zestaw sprawia, \u017ce rehabilitacja dzieci staje si\u0119 dla nich zabaw\u0105! Poznaj szczeg\u00f3\u0142y!\" \/>\n<meta name=\"robots\" content=\"index, follow, max-snippet:-1, max-image-preview:large, max-video-preview:-1\" \/>\n<link rel=\"canonical\" href=\"https:\/\/innow.pl\/produkt\/sb01-suchy-basen-200x200-cm-z-mata-podlogowa\/\" \/>\n<meta property=\"og:locale\" content=\"fr_FR\" \/>\n<meta property=\"og:type\" content=\"article\" \/>\n<meta property=\"og:title\" content=\"SB01 - Suchy basen 200x200 cm z mat\u0105 pod\u0142ogow\u0105 - % INNOW\" \/>\n<meta property=\"og:description\" content=\"Suchy basen 200x200 cm z mat\u0105 pod\u0142ogow\u0105 i pi\u0142eczkami z tworzywa. Zestaw sprawia, \u017ce rehabilitacja dzieci staje si\u0119 dla nich zabaw\u0105! Poznaj szczeg\u00f3\u0142y!\" \/>\n<meta property=\"og:url\" content=\"https:\/\/innow.pl\/produkt\/sb01-suchy-basen-200x200-cm-z-mata-podlogowa\/\" \/>\n<meta property=\"og:site_name\" content=\"INNOW\" \/>\n<meta property=\"article:modified_time\" content=\"2025-02-27T08:15:30+00:00\" \/>\n<meta property=\"og:image\" content=\"https:\/\/innow.pl\/wp-content\/uploads\/2024\/11\/suchy_basen.jpg\" \/>\n\t<meta property=\"og:image:width\" content=\"600\" \/>\n\t<meta property=\"og:image:height\" content=\"600\" \/>\n\t<meta property=\"og:image:type\" content=\"image\/jpeg\" \/>\n<meta name=\"twitter:card\" content=\"summary_large_image\" \/>\n<meta name=\"twitter:label1\" content=\"Dur\u00e9e de lecture estim\u00e9e\" \/>\n\t<meta name=\"twitter:data1\" content=\"1 minute\" \/>\n<script type=\"application\/ld+json\" class=\"yoast-schema-graph\">{\"@context\":\"https:\\\/\\\/schema.org\",\"@graph\":[{\"@type\":\"WebPage\",\"@id\":\"https:\\\/\\\/innow.pl\\\/produkt\\\/sb01-suchy-basen-200x200-cm-z-mata-podlogowa\\\/\",\"url\":\"https:\\\/\\\/innow.pl\\\/produkt\\\/sb01-suchy-basen-200x200-cm-z-mata-podlogowa\\\/\",\"name\":\"SB01 - Suchy basen 200x200 cm z mat\u0105 pod\u0142ogow\u0105 - % INNOW\",\"isPartOf\":{\"@id\":\"https:\\\/\\\/innow.pl\\\/#website\"},\"primaryImageOfPage\":{\"@id\":\"https:\\\/\\\/innow.pl\\\/produkt\\\/sb01-suchy-basen-200x200-cm-z-mata-podlogowa\\\/#primaryimage\"},\"image\":{\"@id\":\"https:\\\/\\\/innow.pl\\\/produkt\\\/sb01-suchy-basen-200x200-cm-z-mata-podlogowa\\\/#primaryimage\"},\"thumbnailUrl\":\"https:\\\/\\\/innow.pl\\\/wp-content\\\/uploads\\\/2024\\\/11\\\/suchy_basen.jpg\",\"datePublished\":\"2017-07-07T04:40:38+00:00\",\"dateModified\":\"2025-02-27T08:15:30+00:00\",\"description\":\"Suchy basen 200x200 cm z mat\u0105 pod\u0142ogow\u0105 i pi\u0142eczkami z tworzywa. Zestaw sprawia, \u017ce rehabilitacja dzieci staje si\u0119 dla nich zabaw\u0105! Poznaj szczeg\u00f3\u0142y!\",\"breadcrumb\":{\"@id\":\"https:\\\/\\\/innow.pl\\\/produkt\\\/sb01-suchy-basen-200x200-cm-z-mata-podlogowa\\\/#breadcrumb\"},\"inLanguage\":\"fr-FR\",\"potentialAction\":[{\"@type\":\"ReadAction\",\"target\":[\"https:\\\/\\\/innow.pl\\\/produkt\\\/sb01-suchy-basen-200x200-cm-z-mata-podlogowa\\\/\"]}]},{\"@type\":\"ImageObject\",\"inLanguage\":\"fr-FR\",\"@id\":\"https:\\\/\\\/innow.pl\\\/produkt\\\/sb01-suchy-basen-200x200-cm-z-mata-podlogowa\\\/#primaryimage\",\"url\":\"https:\\\/\\\/innow.pl\\\/wp-content\\\/uploads\\\/2024\\\/11\\\/suchy_basen.jpg\",\"contentUrl\":\"https:\\\/\\\/innow.pl\\\/wp-content\\\/uploads\\\/2024\\\/11\\\/suchy_basen.jpg\",\"width\":600,\"height\":600,\"caption\":\"Suchy basen 200x200 cm z mat\u0105 pod\u0142ogow\u0105 \u2013 SB01 \u2013 INNOW\"},{\"@type\":\"BreadcrumbList\",\"@id\":\"https:\\\/\\\/innow.pl\\\/produkt\\\/sb01-suchy-basen-200x200-cm-z-mata-podlogowa\\\/#breadcrumb\",\"itemListElement\":[{\"@type\":\"ListItem\",\"position\":1,\"name\":\"INNOW\",\"item\":\"https:\\\/\\\/innow.pl\\\/fr\\\/\"},{\"@type\":\"ListItem\",\"position\":2,\"name\":\"Produkty\",\"item\":\"https:\\\/\\\/innow.pl\\\/produkty\\\/\"},{\"@type\":\"ListItem\",\"position\":3,\"name\":\"Piel\u0119gnacja i rehabilitacja\",\"item\":\"https:\\\/\\\/innow.pl\\\/produkty\\\/pielegnacja-i-rehabilitacja\\\/\"},{\"@type\":\"ListItem\",\"position\":4,\"name\":\"Urz\u0105dzenia do fizjoterapii\",\"item\":\"https:\\\/\\\/innow.pl\\\/produkty\\\/pielegnacja-i-rehabilitacja\\\/urzadzenia-do-fizjoterapii\\\/\"},{\"@type\":\"ListItem\",\"position\":5,\"name\":\"Usprawnienie lecznicze\",\"item\":\"https:\\\/\\\/innow.pl\\\/produkty\\\/pielegnacja-i-rehabilitacja\\\/urzadzenia-do-fizjoterapii\\\/usprawnienie-lecznicze\\\/\"},{\"@type\":\"ListItem\",\"position\":6,\"name\":\"Sprz\u0119t rehabilitacyjny dla dzieci\",\"item\":\"https:\\\/\\\/innow.pl\\\/produkty\\\/pielegnacja-i-rehabilitacja\\\/urzadzenia-do-fizjoterapii\\\/usprawnienie-lecznicze\\\/sprzet-rehabilitacyjny-dla-dzieci\\\/\"},{\"@type\":\"ListItem\",\"position\":7,\"name\":\"SB01 &#8211; Suchy basen 200&#215;200 cm z mat\u0105 pod\u0142ogow\u0105\"}]},{\"@type\":\"WebSite\",\"@id\":\"https:\\\/\\\/innow.pl\\\/#website\",\"url\":\"https:\\\/\\\/innow.pl\\\/\",\"name\":\"INNOW\",\"description\":\"\",\"potentialAction\":[{\"@type\":\"SearchAction\",\"target\":{\"@type\":\"EntryPoint\",\"urlTemplate\":\"https:\\\/\\\/innow.pl\\\/?s={search_term_string}\"},\"query-input\":{\"@type\":\"PropertyValueSpecification\",\"valueRequired\":true,\"valueName\":\"search_term_string\"}}],\"inLanguage\":\"fr-FR\"}]}<\/script>\n<!-- \/ Yoast SEO plugin. -->","yoast_head_json":{"title":"SB01 - Suchy basen 200x200 cm z mat\u0105 pod\u0142ogow\u0105 - % INNOW","description":"Suchy basen 200x200 cm z mat\u0105 pod\u0142ogow\u0105 i pi\u0142eczkami z tworzywa. Zestaw sprawia, \u017ce rehabilitacja dzieci staje si\u0119 dla nich zabaw\u0105! Poznaj szczeg\u00f3\u0142y!","robots":{"index":"index","follow":"follow","max-snippet":"max-snippet:-1","max-image-preview":"max-image-preview:large","max-video-preview":"max-video-preview:-1"},"canonical":"https:\/\/innow.pl\/produkt\/sb01-suchy-basen-200x200-cm-z-mata-podlogowa\/","og_locale":"fr_FR","og_type":"article","og_title":"SB01 - Suchy basen 200x200 cm z mat\u0105 pod\u0142ogow\u0105 - % INNOW","og_description":"Suchy basen 200x200 cm z mat\u0105 pod\u0142ogow\u0105 i pi\u0142eczkami z tworzywa. Zestaw sprawia, \u017ce rehabilitacja dzieci staje si\u0119 dla nich zabaw\u0105! Poznaj szczeg\u00f3\u0142y!","og_url":"https:\/\/innow.pl\/produkt\/sb01-suchy-basen-200x200-cm-z-mata-podlogowa\/","og_site_name":"INNOW","article_modified_time":"2025-02-27T08:15:30+00:00","og_image":[{"width":600,"height":600,"url":"https:\/\/innow.pl\/wp-content\/uploads\/2024\/11\/suchy_basen.jpg","type":"image\/jpeg"}],"twitter_card":"summary_large_image","twitter_misc":{"Dur\u00e9e de lecture estim\u00e9e":"1 minute"},"schema":{"@context":"https:\/\/schema.org","@graph":[{"@type":"WebPage","@id":"https:\/\/innow.pl\/produkt\/sb01-suchy-basen-200x200-cm-z-mata-podlogowa\/","url":"https:\/\/innow.pl\/produkt\/sb01-suchy-basen-200x200-cm-z-mata-podlogowa\/","name":"SB01 - Suchy basen 200x200 cm z mat\u0105 pod\u0142ogow\u0105 - % INNOW","isPartOf":{"@id":"https:\/\/innow.pl\/#website"},"primaryImageOfPage":{"@id":"https:\/\/innow.pl\/produkt\/sb01-suchy-basen-200x200-cm-z-mata-podlogowa\/#primaryimage"},"image":{"@id":"https:\/\/innow.pl\/produkt\/sb01-suchy-basen-200x200-cm-z-mata-podlogowa\/#primaryimage"},"thumbnailUrl":"https:\/\/innow.pl\/wp-content\/uploads\/2024\/11\/suchy_basen.jpg","datePublished":"2017-07-07T04:40:38+00:00","dateModified":"2025-02-27T08:15:30+00:00","description":"Suchy basen 200x200 cm z mat\u0105 pod\u0142ogow\u0105 i pi\u0142eczkami z tworzywa. Zestaw sprawia, \u017ce rehabilitacja dzieci staje si\u0119 dla nich zabaw\u0105! Poznaj szczeg\u00f3\u0142y!","breadcrumb":{"@id":"https:\/\/innow.pl\/produkt\/sb01-suchy-basen-200x200-cm-z-mata-podlogowa\/#breadcrumb"},"inLanguage":"fr-FR","potentialAction":[{"@type":"ReadAction","target":["https:\/\/innow.pl\/produkt\/sb01-suchy-basen-200x200-cm-z-mata-podlogowa\/"]}]},{"@type":"ImageObject","inLanguage":"fr-FR","@id":"https:\/\/innow.pl\/produkt\/sb01-suchy-basen-200x200-cm-z-mata-podlogowa\/#primaryimage","url":"https:\/\/innow.pl\/wp-content\/uploads\/2024\/11\/suchy_basen.jpg","contentUrl":"https:\/\/innow.pl\/wp-content\/uploads\/2024\/11\/suchy_basen.jpg","width":600,"height":600,"caption":"Suchy basen 200x200 cm z mat\u0105 pod\u0142ogow\u0105 \u2013 SB01 \u2013 INNOW"},{"@type":"BreadcrumbList","@id":"https:\/\/innow.pl\/produkt\/sb01-suchy-basen-200x200-cm-z-mata-podlogowa\/#breadcrumb","itemListElement":[{"@type":"ListItem","position":1,"name":"INNOW","item":"https:\/\/innow.pl\/fr\/"},{"@type":"ListItem","position":2,"name":"Produkty","item":"https:\/\/innow.pl\/produkty\/"},{"@type":"ListItem","position":3,"name":"Piel\u0119gnacja i rehabilitacja","item":"https:\/\/innow.pl\/produkty\/pielegnacja-i-rehabilitacja\/"},{"@type":"ListItem","position":4,"name":"Urz\u0105dzenia do fizjoterapii","item":"https:\/\/innow.pl\/produkty\/pielegnacja-i-rehabilitacja\/urzadzenia-do-fizjoterapii\/"},{"@type":"ListItem","position":5,"name":"Usprawnienie lecznicze","item":"https:\/\/innow.pl\/produkty\/pielegnacja-i-rehabilitacja\/urzadzenia-do-fizjoterapii\/usprawnienie-lecznicze\/"},{"@type":"ListItem","position":6,"name":"Sprz\u0119t rehabilitacyjny dla dzieci","item":"https:\/\/innow.pl\/produkty\/pielegnacja-i-rehabilitacja\/urzadzenia-do-fizjoterapii\/usprawnienie-lecznicze\/sprzet-rehabilitacyjny-dla-dzieci\/"},{"@type":"ListItem","position":7,"name":"SB01 &#8211; Suchy basen 200&#215;200 cm z mat\u0105 pod\u0142ogow\u0105"}]},{"@type":"WebSite","@id":"https:\/\/innow.pl\/#website","url":"https:\/\/innow.pl\/","name":"INNOW","description":"","potentialAction":[{"@type":"SearchAction","target":{"@type":"EntryPoint","urlTemplate":"https:\/\/innow.pl\/?s={search_term_string}"},"query-input":{"@type":"PropertyValueSpecification","valueRequired":true,"valueName":"search_term_string"}}],"inLanguage":"fr-FR"}]}},"_links":{"self":[{"href":"https:\/\/innow.pl\/fr\/wp-json\/wp\/v2\/product\/26778","targetHints":{"allow":["GET"]}}],"collection":[{"href":"https:\/\/innow.pl\/fr\/wp-json\/wp\/v2\/product"}],"about":[{"href":"https:\/\/innow.pl\/fr\/wp-json\/wp\/v2\/types\/product"}],"replies":[{"embeddable":true,"href":"https:\/\/innow.pl\/fr\/wp-json\/wp\/v2\/comments?post=26778"}],"wp:featuredmedia":[{"embeddable":true,"href":"https:\/\/innow.pl\/fr\/wp-json\/wp\/v2\/media\/26780"}],"wp:attachment":[{"href":"https:\/\/innow.pl\/fr\/wp-json\/wp\/v2\/media?parent=26778"}],"wp:term":[{"taxonomy":"product_brand","embeddable":true,"href":"https:\/\/innow.pl\/fr\/wp-json\/wp\/v2\/product_brand?post=26778"},{"taxonomy":"product_cat","embeddable":true,"href":"https:\/\/innow.pl\/fr\/wp-json\/wp\/v2\/product_cat?post=26778"},{"taxonomy":"product_tag","embeddable":true,"href":"https:\/\/innow.pl\/fr\/wp-json\/wp\/v2\/product_tag?post=26778"}],"curies":[{"name":"wp","href":"https:\/\/api.w.org\/{rel}","templated":true}]}}