{"id":26758,"date":"2017-07-06T09:58:09","date_gmt":"2017-07-06T07:58:09","guid":{"rendered":"https:\/\/innow.pl\/produkt\/aptinn5-rotor-elektryczny-do-k-dolnych-i-gornych-z-elektron-panelem-sterowania\/"},"modified":"2025-02-27T09:22:00","modified_gmt":"2025-02-27T08:22:00","slug":"aptinn5-rotor-elektryczny-do-k-dolnych-i-gornych-z-elektron-panelem-sterowania","status":"publish","type":"product","link":"https:\/\/innow.pl\/fr\/produkt\/aptinn5-rotor-elektryczny-do-k-dolnych-i-gornych-z-elektron-panelem-sterowania\/","title":{"rendered":"APTINN5 &#8211; Rotor elektryczny do ko\u0144czyn dolnych i g\u00f3rnych z elektronicznym panelem sterowania"},"content":{"rendered":"<p>Rotor do \u0107wicze\u0144 biernych i czynnych ko\u0144czyn dolnych i g\u00f3rnych z regulacj\u0105 pr\u0119dko\u015bci obrotowej umo\u017cliwiaj\u0105cy ustawienie zmiennego obci\u0105\u017cenia i ruchu w obu kierunkach. Istnieje mo\u017cliwo\u015b\u0107 \u0142\u0105czenia przez pacjenta obu rodzaj\u00f3w \u0107wicze\u0144. W przypadku zatrzymania ruchu rotora spowodowanego zbyt du\u017cym napi\u0119ciem mi\u0119\u015bni pacjenta, urz\u0105dzenie automatycznie zmienia kierunek ruchu. Aparat jest prosty w obs\u0142udze i dodatkowo umo\u017cliwia mierzenie oraz kontrolowanie czasu, a tak\u017ce obrot\u00f3w. Opcjonalnie jest mo\u017cliwo\u015b\u0107 pomiaru i kontroli t\u0119tna u\u017cytkownika oraz pilot pacjenta. W podstawowej wersji rotor wyposa\u017cony jest w proste uchwyty ko\u0144czyn dolnych oraz podn\u00f3\u017cek. <strong>Opcjonalne wyposa\u017cenie:<\/strong><\/p>\n<ul>\n<li>uchwyt sko\u015bny d\u0142oni- dop\u0142ata 600 z\u0142 netto\/ para<\/li>\n<li>regulowane podparcia pod uda- dop\u0142ata 500 z\u0142 netto\/ para<\/li>\n<li>podn\u00f3\u017cki standard- dop\u0142ata 700 z\u0142 netto\/ para<\/li>\n<li>uchwyty proste- dop\u0142ata 500 z\u0142 netto\/ para<\/li>\n<li>r\u0119kawice stabilizuj\u0105ce- dop\u0142ata 44 z\u0142 netto\/ szt.<\/li>\n<\/ul>\n","protected":false},"excerpt":{"rendered":"<p>Rotor do \u0107wicze\u0144 biernych i czynnych ko\u0144czyn dolnych i g\u00f3rnych z regulacj\u0105 pr\u0119dko\u015bci obrotowej umo\u017cliwiaj\u0105cy ustawienie zmiennego obci\u0105\u017cenia i ruchu w obu kierunkach. Istnieje mo\u017cliwo\u015b\u0107 \u0142\u0105czenia przez pacjenta obu rodzaj\u00f3w \u0107wicze\u0144. W przypadku zatrzymania ruchu rotora spowodowanego zbyt du\u017cym napi\u0119ciem mi\u0119\u015bni pacjenta, urz\u0105dzenie automatycznie zmienia kierunek ruchu. Aparat jest prosty w obs\u0142udze i dodatkowo umo\u017cliwia [&hellip;]<\/p>\n","protected":false},"featured_media":26760,"comment_status":"open","ping_status":"closed","template":"","meta":{"_acf_changed":false},"product_brand":[],"product_cat":[438,546,456,484],"product_tag":[],"class_list":{"0":"post-26758","1":"product","2":"type-product","3":"status-publish","4":"has-post-thumbnail","6":"product_cat-pielegnacja-i-rehabilitacja","7":"product_cat-rotory","8":"product_cat-urzadzenia-do-fizjoterapii","9":"product_cat-usprawnienie-lecznicze","10":"pa_dlugosc-60-cm","11":"pa_szerokosc-26-cm","12":"pa_wysokosc-16-cm","14":"first","15":"instock","16":"taxable","17":"shipping-taxable","18":"purchasable","19":"product-type-simple"},"acf":[],"yoast_head":"<!-- This site is optimized with the Yoast SEO plugin v27.4 - https:\/\/yoast.com\/product\/yoast-seo-wordpress\/ -->\n<title>APTINN5 - Rotor elektryczny do ko\u0144czyn dolnych i g\u00f3rnych z elektronicznym panelem sterowania - INNOW<\/title>\n<meta name=\"description\" content=\"Funkcjonalny rotor elektryczny do ko\u0144czyn dolnych i g\u00f3rnych z elektronicznym panelem sterowania. Regulacja pr\u0119dko\u015bci obrotowej. Uchwyty ko\u0144czyn dolnych.\" \/>\n<meta name=\"robots\" content=\"index, follow, max-snippet:-1, max-image-preview:large, max-video-preview:-1\" \/>\n<link rel=\"canonical\" href=\"https:\/\/innow.pl\/produkt\/aptinn5-rotor-elektryczny-do-k-dolnych-i-gornych-z-elektron-panelem-sterowania\/\" \/>\n<meta property=\"og:locale\" content=\"fr_FR\" \/>\n<meta property=\"og:type\" content=\"article\" \/>\n<meta property=\"og:title\" content=\"APTINN5 - Rotor elektryczny do ko\u0144czyn dolnych i g\u00f3rnych z elektronicznym panelem sterowania - INNOW\" \/>\n<meta property=\"og:description\" content=\"Funkcjonalny rotor elektryczny do ko\u0144czyn dolnych i g\u00f3rnych z elektronicznym panelem sterowania. Regulacja pr\u0119dko\u015bci obrotowej. Uchwyty ko\u0144czyn dolnych.\" \/>\n<meta property=\"og:url\" content=\"https:\/\/innow.pl\/produkt\/aptinn5-rotor-elektryczny-do-k-dolnych-i-gornych-z-elektron-panelem-sterowania\/\" \/>\n<meta property=\"og:site_name\" content=\"INNOW\" \/>\n<meta property=\"article:modified_time\" content=\"2025-02-27T08:22:00+00:00\" \/>\n<meta property=\"og:image\" content=\"https:\/\/innow.pl\/wp-content\/uploads\/2024\/11\/APTINN5_1.jpg\" \/>\n\t<meta property=\"og:image:width\" content=\"480\" \/>\n\t<meta property=\"og:image:height\" content=\"480\" \/>\n\t<meta property=\"og:image:type\" content=\"image\/jpeg\" \/>\n<meta name=\"twitter:card\" content=\"summary_large_image\" \/>\n<meta name=\"twitter:label1\" content=\"Dur\u00e9e de lecture estim\u00e9e\" \/>\n\t<meta name=\"twitter:data1\" content=\"1 minute\" \/>\n<script type=\"application\/ld+json\" class=\"yoast-schema-graph\">{\"@context\":\"https:\\\/\\\/schema.org\",\"@graph\":[{\"@type\":\"WebPage\",\"@id\":\"https:\\\/\\\/innow.pl\\\/produkt\\\/aptinn5-rotor-elektryczny-do-k-dolnych-i-gornych-z-elektron-panelem-sterowania\\\/\",\"url\":\"https:\\\/\\\/innow.pl\\\/produkt\\\/aptinn5-rotor-elektryczny-do-k-dolnych-i-gornych-z-elektron-panelem-sterowania\\\/\",\"name\":\"APTINN5 - Rotor elektryczny do ko\u0144czyn dolnych i g\u00f3rnych z elektronicznym panelem sterowania - INNOW\",\"isPartOf\":{\"@id\":\"https:\\\/\\\/innow.pl\\\/#website\"},\"primaryImageOfPage\":{\"@id\":\"https:\\\/\\\/innow.pl\\\/produkt\\\/aptinn5-rotor-elektryczny-do-k-dolnych-i-gornych-z-elektron-panelem-sterowania\\\/#primaryimage\"},\"image\":{\"@id\":\"https:\\\/\\\/innow.pl\\\/produkt\\\/aptinn5-rotor-elektryczny-do-k-dolnych-i-gornych-z-elektron-panelem-sterowania\\\/#primaryimage\"},\"thumbnailUrl\":\"https:\\\/\\\/innow.pl\\\/wp-content\\\/uploads\\\/2024\\\/11\\\/APTINN5_1.jpg\",\"datePublished\":\"2017-07-06T07:58:09+00:00\",\"dateModified\":\"2025-02-27T08:22:00+00:00\",\"description\":\"Funkcjonalny rotor elektryczny do ko\u0144czyn dolnych i g\u00f3rnych z elektronicznym panelem sterowania. Regulacja pr\u0119dko\u015bci obrotowej. Uchwyty ko\u0144czyn dolnych.\",\"breadcrumb\":{\"@id\":\"https:\\\/\\\/innow.pl\\\/produkt\\\/aptinn5-rotor-elektryczny-do-k-dolnych-i-gornych-z-elektron-panelem-sterowania\\\/#breadcrumb\"},\"inLanguage\":\"fr-FR\",\"potentialAction\":[{\"@type\":\"ReadAction\",\"target\":[\"https:\\\/\\\/innow.pl\\\/produkt\\\/aptinn5-rotor-elektryczny-do-k-dolnych-i-gornych-z-elektron-panelem-sterowania\\\/\"]}]},{\"@type\":\"ImageObject\",\"inLanguage\":\"fr-FR\",\"@id\":\"https:\\\/\\\/innow.pl\\\/produkt\\\/aptinn5-rotor-elektryczny-do-k-dolnych-i-gornych-z-elektron-panelem-sterowania\\\/#primaryimage\",\"url\":\"https:\\\/\\\/innow.pl\\\/wp-content\\\/uploads\\\/2024\\\/11\\\/APTINN5_1.jpg\",\"contentUrl\":\"https:\\\/\\\/innow.pl\\\/wp-content\\\/uploads\\\/2024\\\/11\\\/APTINN5_1.jpg\",\"width\":480,\"height\":480,\"caption\":\"Rotor elektryczny do ko\u0144czyn dolnych i g\u00f3rnych z elektronicznym panelem sterowania \u2013 APTINN5 \u2013 INNOW\"},{\"@type\":\"BreadcrumbList\",\"@id\":\"https:\\\/\\\/innow.pl\\\/produkt\\\/aptinn5-rotor-elektryczny-do-k-dolnych-i-gornych-z-elektron-panelem-sterowania\\\/#breadcrumb\",\"itemListElement\":[{\"@type\":\"ListItem\",\"position\":1,\"name\":\"INNOW\",\"item\":\"https:\\\/\\\/innow.pl\\\/fr\\\/\"},{\"@type\":\"ListItem\",\"position\":2,\"name\":\"Produkty\",\"item\":\"https:\\\/\\\/innow.pl\\\/produkty\\\/\"},{\"@type\":\"ListItem\",\"position\":3,\"name\":\"Piel\u0119gnacja i rehabilitacja\",\"item\":\"https:\\\/\\\/innow.pl\\\/produkty\\\/pielegnacja-i-rehabilitacja\\\/\"},{\"@type\":\"ListItem\",\"position\":4,\"name\":\"Urz\u0105dzenia do fizjoterapii\",\"item\":\"https:\\\/\\\/innow.pl\\\/produkty\\\/pielegnacja-i-rehabilitacja\\\/urzadzenia-do-fizjoterapii\\\/\"},{\"@type\":\"ListItem\",\"position\":5,\"name\":\"Usprawnienie lecznicze\",\"item\":\"https:\\\/\\\/innow.pl\\\/produkty\\\/pielegnacja-i-rehabilitacja\\\/urzadzenia-do-fizjoterapii\\\/usprawnienie-lecznicze\\\/\"},{\"@type\":\"ListItem\",\"position\":6,\"name\":\"Rotory\",\"item\":\"https:\\\/\\\/innow.pl\\\/produkty\\\/pielegnacja-i-rehabilitacja\\\/urzadzenia-do-fizjoterapii\\\/usprawnienie-lecznicze\\\/rotory\\\/\"},{\"@type\":\"ListItem\",\"position\":7,\"name\":\"APTINN5 &#8211; Rotor elektryczny do ko\u0144czyn dolnych i g\u00f3rnych z elektronicznym panelem sterowania\"}]},{\"@type\":\"WebSite\",\"@id\":\"https:\\\/\\\/innow.pl\\\/#website\",\"url\":\"https:\\\/\\\/innow.pl\\\/\",\"name\":\"INNOW\",\"description\":\"\",\"potentialAction\":[{\"@type\":\"SearchAction\",\"target\":{\"@type\":\"EntryPoint\",\"urlTemplate\":\"https:\\\/\\\/innow.pl\\\/?s={search_term_string}\"},\"query-input\":{\"@type\":\"PropertyValueSpecification\",\"valueRequired\":true,\"valueName\":\"search_term_string\"}}],\"inLanguage\":\"fr-FR\"}]}<\/script>\n<!-- \/ Yoast SEO plugin. -->","yoast_head_json":{"title":"APTINN5 - Rotor elektryczny do ko\u0144czyn dolnych i g\u00f3rnych z elektronicznym panelem sterowania - INNOW","description":"Funkcjonalny rotor elektryczny do ko\u0144czyn dolnych i g\u00f3rnych z elektronicznym panelem sterowania. Regulacja pr\u0119dko\u015bci obrotowej. Uchwyty ko\u0144czyn dolnych.","robots":{"index":"index","follow":"follow","max-snippet":"max-snippet:-1","max-image-preview":"max-image-preview:large","max-video-preview":"max-video-preview:-1"},"canonical":"https:\/\/innow.pl\/produkt\/aptinn5-rotor-elektryczny-do-k-dolnych-i-gornych-z-elektron-panelem-sterowania\/","og_locale":"fr_FR","og_type":"article","og_title":"APTINN5 - Rotor elektryczny do ko\u0144czyn dolnych i g\u00f3rnych z elektronicznym panelem sterowania - INNOW","og_description":"Funkcjonalny rotor elektryczny do ko\u0144czyn dolnych i g\u00f3rnych z elektronicznym panelem sterowania. Regulacja pr\u0119dko\u015bci obrotowej. Uchwyty ko\u0144czyn dolnych.","og_url":"https:\/\/innow.pl\/produkt\/aptinn5-rotor-elektryczny-do-k-dolnych-i-gornych-z-elektron-panelem-sterowania\/","og_site_name":"INNOW","article_modified_time":"2025-02-27T08:22:00+00:00","og_image":[{"width":480,"height":480,"url":"https:\/\/innow.pl\/wp-content\/uploads\/2024\/11\/APTINN5_1.jpg","type":"image\/jpeg"}],"twitter_card":"summary_large_image","twitter_misc":{"Dur\u00e9e de lecture estim\u00e9e":"1 minute"},"schema":{"@context":"https:\/\/schema.org","@graph":[{"@type":"WebPage","@id":"https:\/\/innow.pl\/produkt\/aptinn5-rotor-elektryczny-do-k-dolnych-i-gornych-z-elektron-panelem-sterowania\/","url":"https:\/\/innow.pl\/produkt\/aptinn5-rotor-elektryczny-do-k-dolnych-i-gornych-z-elektron-panelem-sterowania\/","name":"APTINN5 - Rotor elektryczny do ko\u0144czyn dolnych i g\u00f3rnych z elektronicznym panelem sterowania - INNOW","isPartOf":{"@id":"https:\/\/innow.pl\/#website"},"primaryImageOfPage":{"@id":"https:\/\/innow.pl\/produkt\/aptinn5-rotor-elektryczny-do-k-dolnych-i-gornych-z-elektron-panelem-sterowania\/#primaryimage"},"image":{"@id":"https:\/\/innow.pl\/produkt\/aptinn5-rotor-elektryczny-do-k-dolnych-i-gornych-z-elektron-panelem-sterowania\/#primaryimage"},"thumbnailUrl":"https:\/\/innow.pl\/wp-content\/uploads\/2024\/11\/APTINN5_1.jpg","datePublished":"2017-07-06T07:58:09+00:00","dateModified":"2025-02-27T08:22:00+00:00","description":"Funkcjonalny rotor elektryczny do ko\u0144czyn dolnych i g\u00f3rnych z elektronicznym panelem sterowania. Regulacja pr\u0119dko\u015bci obrotowej. Uchwyty ko\u0144czyn dolnych.","breadcrumb":{"@id":"https:\/\/innow.pl\/produkt\/aptinn5-rotor-elektryczny-do-k-dolnych-i-gornych-z-elektron-panelem-sterowania\/#breadcrumb"},"inLanguage":"fr-FR","potentialAction":[{"@type":"ReadAction","target":["https:\/\/innow.pl\/produkt\/aptinn5-rotor-elektryczny-do-k-dolnych-i-gornych-z-elektron-panelem-sterowania\/"]}]},{"@type":"ImageObject","inLanguage":"fr-FR","@id":"https:\/\/innow.pl\/produkt\/aptinn5-rotor-elektryczny-do-k-dolnych-i-gornych-z-elektron-panelem-sterowania\/#primaryimage","url":"https:\/\/innow.pl\/wp-content\/uploads\/2024\/11\/APTINN5_1.jpg","contentUrl":"https:\/\/innow.pl\/wp-content\/uploads\/2024\/11\/APTINN5_1.jpg","width":480,"height":480,"caption":"Rotor elektryczny do ko\u0144czyn dolnych i g\u00f3rnych z elektronicznym panelem sterowania \u2013 APTINN5 \u2013 INNOW"},{"@type":"BreadcrumbList","@id":"https:\/\/innow.pl\/produkt\/aptinn5-rotor-elektryczny-do-k-dolnych-i-gornych-z-elektron-panelem-sterowania\/#breadcrumb","itemListElement":[{"@type":"ListItem","position":1,"name":"INNOW","item":"https:\/\/innow.pl\/fr\/"},{"@type":"ListItem","position":2,"name":"Produkty","item":"https:\/\/innow.pl\/produkty\/"},{"@type":"ListItem","position":3,"name":"Piel\u0119gnacja i rehabilitacja","item":"https:\/\/innow.pl\/produkty\/pielegnacja-i-rehabilitacja\/"},{"@type":"ListItem","position":4,"name":"Urz\u0105dzenia do fizjoterapii","item":"https:\/\/innow.pl\/produkty\/pielegnacja-i-rehabilitacja\/urzadzenia-do-fizjoterapii\/"},{"@type":"ListItem","position":5,"name":"Usprawnienie lecznicze","item":"https:\/\/innow.pl\/produkty\/pielegnacja-i-rehabilitacja\/urzadzenia-do-fizjoterapii\/usprawnienie-lecznicze\/"},{"@type":"ListItem","position":6,"name":"Rotory","item":"https:\/\/innow.pl\/produkty\/pielegnacja-i-rehabilitacja\/urzadzenia-do-fizjoterapii\/usprawnienie-lecznicze\/rotory\/"},{"@type":"ListItem","position":7,"name":"APTINN5 &#8211; Rotor elektryczny do ko\u0144czyn dolnych i g\u00f3rnych z elektronicznym panelem sterowania"}]},{"@type":"WebSite","@id":"https:\/\/innow.pl\/#website","url":"https:\/\/innow.pl\/","name":"INNOW","description":"","potentialAction":[{"@type":"SearchAction","target":{"@type":"EntryPoint","urlTemplate":"https:\/\/innow.pl\/?s={search_term_string}"},"query-input":{"@type":"PropertyValueSpecification","valueRequired":true,"valueName":"search_term_string"}}],"inLanguage":"fr-FR"}]}},"_links":{"self":[{"href":"https:\/\/innow.pl\/fr\/wp-json\/wp\/v2\/product\/26758","targetHints":{"allow":["GET"]}}],"collection":[{"href":"https:\/\/innow.pl\/fr\/wp-json\/wp\/v2\/product"}],"about":[{"href":"https:\/\/innow.pl\/fr\/wp-json\/wp\/v2\/types\/product"}],"replies":[{"embeddable":true,"href":"https:\/\/innow.pl\/fr\/wp-json\/wp\/v2\/comments?post=26758"}],"wp:featuredmedia":[{"embeddable":true,"href":"https:\/\/innow.pl\/fr\/wp-json\/wp\/v2\/media\/26760"}],"wp:attachment":[{"href":"https:\/\/innow.pl\/fr\/wp-json\/wp\/v2\/media?parent=26758"}],"wp:term":[{"taxonomy":"product_brand","embeddable":true,"href":"https:\/\/innow.pl\/fr\/wp-json\/wp\/v2\/product_brand?post=26758"},{"taxonomy":"product_cat","embeddable":true,"href":"https:\/\/innow.pl\/fr\/wp-json\/wp\/v2\/product_cat?post=26758"},{"taxonomy":"product_tag","embeddable":true,"href":"https:\/\/innow.pl\/fr\/wp-json\/wp\/v2\/product_tag?post=26758"}],"curies":[{"name":"wp","href":"https:\/\/api.w.org\/{rel}","templated":true}]}}