{"id":26754,"date":"2017-07-06T09:54:36","date_gmt":"2017-07-06T07:54:36","guid":{"rendered":"https:\/\/innow.pl\/produkt\/aptinn-st1-rotor-elektryczny-do-konczyn-dolnych-i-gornych-ze-statywem\/"},"modified":"2025-02-27T09:24:22","modified_gmt":"2025-02-27T08:24:22","slug":"aptinn-st1-rotor-elektryczny-do-konczyn-dolnych-i-gornych-ze-statywem","status":"publish","type":"product","link":"https:\/\/innow.pl\/fr\/produkt\/aptinn-st1-rotor-elektryczny-do-konczyn-dolnych-i-gornych-ze-statywem\/","title":{"rendered":"APTINN ST1 &#8211; Rotor elektryczny do ko\u0144czyn dolnych i g\u00f3rnych ze statywem"},"content":{"rendered":"<p>Rotor zasilany elektrycznie, stosowany do \u0107wicze\u0144 ko\u0144czyn g\u00f3rnych i dolnych. Pozwala na wykonywanie \u0107wicze\u0144 czynnych (ruch w obu kierunkach) oraz biernych (regulowana pr\u0119dko\u015b\u0107 obrotowa). Rotor umo\u017cliwia po\u0142\u0105czenie tych dw\u00f3ch rodzaj\u00f3w \u0107wicze\u0144. Urz\u0105dzenie posiada r\u00f3wnie\u017c funkcj\u0119 automatycznej zmiany kierunku ruchu po zatrzymaniu spowodowany wzmo\u017conym napi\u0119ciem mi\u0119\u015bni pacjenta. Dost\u0119pna szeroka gama wyposa\u017cenia opcjonalnego sprawia, \u017ce rotor mo\u017ce by\u0107 stosowany przez osoby cierpi\u0105ce na r\u00f3\u017cne schorzenia, dopasowuj\u0105c odpowiednie uchwyty do ich potrzeb. Rotor w zestawie posiada proste uchwyty d\u0142oni, podn\u00f3\u017cki oraz statyw , dzi\u0119ki kt\u00f3remu mo\u017cliwe \u0107wiczenia pacjent\u00f3w siedz\u0105cych na krze\u015ble, a tak\u017ce podjazd w\u00f3zkiem inwalidzkim. Zakres ruchu regulowany jest poprzez wyb\u00f3r jednego z trzech poziom\u00f3w. W danych technicznych podano wymiaru po z\u0142o\u017ceniu. <strong>Dodatkowe wyposa\u017cenie: <\/strong><\/p>\n<ul>\n<li>uchwyt sko\u015bny d\u0142oni &#8211; dop\u0142ata 600 z\u0142 netto\/para,<\/li>\n<li>regulowane podparcia pod uda &#8211; dop\u0142ata 500 z\u0142 netto\/para,<\/li>\n<li>podn\u00f3\u017cki standard &#8211; dop\u0142ata 700 z\u0142 netto\/para,<\/li>\n<li>uchwyty proste &#8211; dop\u0142ata 500 z\u0142 netto\/para,<\/li>\n<li>r\u0119kawice stabilizuj\u0105ce &#8211; dop\u0142ata 44 z\u0142 netto\/sztuka.<\/li>\n<\/ul>\n","protected":false},"excerpt":{"rendered":"<p>Rotor zasilany elektrycznie, stosowany do \u0107wicze\u0144 ko\u0144czyn g\u00f3rnych i dolnych. Pozwala na wykonywanie \u0107wicze\u0144 czynnych (ruch w obu kierunkach) oraz biernych (regulowana pr\u0119dko\u015b\u0107 obrotowa). Rotor umo\u017cliwia po\u0142\u0105czenie tych dw\u00f3ch rodzaj\u00f3w \u0107wicze\u0144. Urz\u0105dzenie posiada r\u00f3wnie\u017c funkcj\u0119 automatycznej zmiany kierunku ruchu po zatrzymaniu spowodowany wzmo\u017conym napi\u0119ciem mi\u0119\u015bni pacjenta. Dost\u0119pna szeroka gama wyposa\u017cenia opcjonalnego sprawia, \u017ce rotor mo\u017ce [&hellip;]<\/p>\n","protected":false},"featured_media":26756,"comment_status":"open","ping_status":"closed","template":"","meta":{"_acf_changed":false},"product_brand":[],"product_cat":[438,546,456,484],"product_tag":[],"class_list":{"0":"post-26754","1":"product","2":"type-product","3":"status-publish","4":"has-post-thumbnail","6":"product_cat-pielegnacja-i-rehabilitacja","7":"product_cat-rotory","8":"product_cat-urzadzenia-do-fizjoterapii","9":"product_cat-usprawnienie-lecznicze","10":"pa_dlugosc-60-cm","11":"pa_szerokosc-26-cm","12":"pa_wysokosc-16-cm","14":"first","15":"instock","16":"taxable","17":"shipping-taxable","18":"purchasable","19":"product-type-simple"},"acf":[],"yoast_head":"<!-- This site is optimized with the Yoast SEO plugin v27.4 - https:\/\/yoast.com\/product\/yoast-seo-wordpress\/ -->\n<title>APTINN ST1 - Rotor elektryczny do ko\u0144czyn dolnych i g\u00f3rnych ze statywem - INNOW<\/title>\n<meta name=\"description\" content=\"Umo\u017cliwiaj\u0105cy wykonywanie \u0107wicze\u0144 biernych i czynnych rotor elektryczny do ko\u0144czyn dolnych i g\u00f3rnych ze statywem. Mo\u017cliwo\u015b\u0107 \u0107wicze\u0144 w pozycji siedz\u0105cej!\" \/>\n<meta name=\"robots\" content=\"index, follow, max-snippet:-1, max-image-preview:large, max-video-preview:-1\" \/>\n<link rel=\"canonical\" href=\"https:\/\/innow.pl\/produkt\/aptinn-st1-rotor-elektryczny-do-konczyn-dolnych-i-gornych-ze-statywem\/\" \/>\n<meta property=\"og:locale\" content=\"fr_FR\" \/>\n<meta property=\"og:type\" content=\"article\" \/>\n<meta property=\"og:title\" content=\"APTINN ST1 - Rotor elektryczny do ko\u0144czyn dolnych i g\u00f3rnych ze statywem - INNOW\" \/>\n<meta property=\"og:description\" content=\"Umo\u017cliwiaj\u0105cy wykonywanie \u0107wicze\u0144 biernych i czynnych rotor elektryczny do ko\u0144czyn dolnych i g\u00f3rnych ze statywem. Mo\u017cliwo\u015b\u0107 \u0107wicze\u0144 w pozycji siedz\u0105cej!\" \/>\n<meta property=\"og:url\" content=\"https:\/\/innow.pl\/produkt\/aptinn-st1-rotor-elektryczny-do-konczyn-dolnych-i-gornych-ze-statywem\/\" \/>\n<meta property=\"og:site_name\" content=\"INNOW\" \/>\n<meta property=\"article:modified_time\" content=\"2025-02-27T08:24:22+00:00\" \/>\n<meta property=\"og:image\" content=\"https:\/\/innow.pl\/wp-content\/uploads\/2024\/11\/APTINNST1_1.jpg\" \/>\n\t<meta property=\"og:image:width\" content=\"480\" \/>\n\t<meta property=\"og:image:height\" content=\"480\" \/>\n\t<meta property=\"og:image:type\" content=\"image\/jpeg\" \/>\n<meta name=\"twitter:card\" content=\"summary_large_image\" \/>\n<meta name=\"twitter:label1\" content=\"Dur\u00e9e de lecture estim\u00e9e\" \/>\n\t<meta name=\"twitter:data1\" content=\"2 minutes\" \/>\n<script type=\"application\/ld+json\" class=\"yoast-schema-graph\">{\"@context\":\"https:\\\/\\\/schema.org\",\"@graph\":[{\"@type\":\"WebPage\",\"@id\":\"https:\\\/\\\/innow.pl\\\/produkt\\\/aptinn-st1-rotor-elektryczny-do-konczyn-dolnych-i-gornych-ze-statywem\\\/\",\"url\":\"https:\\\/\\\/innow.pl\\\/produkt\\\/aptinn-st1-rotor-elektryczny-do-konczyn-dolnych-i-gornych-ze-statywem\\\/\",\"name\":\"APTINN ST1 - Rotor elektryczny do ko\u0144czyn dolnych i g\u00f3rnych ze statywem - INNOW\",\"isPartOf\":{\"@id\":\"https:\\\/\\\/innow.pl\\\/#website\"},\"primaryImageOfPage\":{\"@id\":\"https:\\\/\\\/innow.pl\\\/produkt\\\/aptinn-st1-rotor-elektryczny-do-konczyn-dolnych-i-gornych-ze-statywem\\\/#primaryimage\"},\"image\":{\"@id\":\"https:\\\/\\\/innow.pl\\\/produkt\\\/aptinn-st1-rotor-elektryczny-do-konczyn-dolnych-i-gornych-ze-statywem\\\/#primaryimage\"},\"thumbnailUrl\":\"https:\\\/\\\/innow.pl\\\/wp-content\\\/uploads\\\/2024\\\/11\\\/APTINNST1_1.jpg\",\"datePublished\":\"2017-07-06T07:54:36+00:00\",\"dateModified\":\"2025-02-27T08:24:22+00:00\",\"description\":\"Umo\u017cliwiaj\u0105cy wykonywanie \u0107wicze\u0144 biernych i czynnych rotor elektryczny do ko\u0144czyn dolnych i g\u00f3rnych ze statywem. Mo\u017cliwo\u015b\u0107 \u0107wicze\u0144 w pozycji siedz\u0105cej!\",\"breadcrumb\":{\"@id\":\"https:\\\/\\\/innow.pl\\\/produkt\\\/aptinn-st1-rotor-elektryczny-do-konczyn-dolnych-i-gornych-ze-statywem\\\/#breadcrumb\"},\"inLanguage\":\"fr-FR\",\"potentialAction\":[{\"@type\":\"ReadAction\",\"target\":[\"https:\\\/\\\/innow.pl\\\/produkt\\\/aptinn-st1-rotor-elektryczny-do-konczyn-dolnych-i-gornych-ze-statywem\\\/\"]}]},{\"@type\":\"ImageObject\",\"inLanguage\":\"fr-FR\",\"@id\":\"https:\\\/\\\/innow.pl\\\/produkt\\\/aptinn-st1-rotor-elektryczny-do-konczyn-dolnych-i-gornych-ze-statywem\\\/#primaryimage\",\"url\":\"https:\\\/\\\/innow.pl\\\/wp-content\\\/uploads\\\/2024\\\/11\\\/APTINNST1_1.jpg\",\"contentUrl\":\"https:\\\/\\\/innow.pl\\\/wp-content\\\/uploads\\\/2024\\\/11\\\/APTINNST1_1.jpg\",\"width\":480,\"height\":480,\"caption\":\"Rotor elektryczny do ko\u0144czyn dolnych i g\u00f3rnych ze statywem \u2013 APTINN ST1 \u2013 INNOW\"},{\"@type\":\"BreadcrumbList\",\"@id\":\"https:\\\/\\\/innow.pl\\\/produkt\\\/aptinn-st1-rotor-elektryczny-do-konczyn-dolnych-i-gornych-ze-statywem\\\/#breadcrumb\",\"itemListElement\":[{\"@type\":\"ListItem\",\"position\":1,\"name\":\"INNOW\",\"item\":\"https:\\\/\\\/innow.pl\\\/fr\\\/\"},{\"@type\":\"ListItem\",\"position\":2,\"name\":\"Produkty\",\"item\":\"https:\\\/\\\/innow.pl\\\/produkty\\\/\"},{\"@type\":\"ListItem\",\"position\":3,\"name\":\"Piel\u0119gnacja i rehabilitacja\",\"item\":\"https:\\\/\\\/innow.pl\\\/produkty\\\/pielegnacja-i-rehabilitacja\\\/\"},{\"@type\":\"ListItem\",\"position\":4,\"name\":\"Urz\u0105dzenia do fizjoterapii\",\"item\":\"https:\\\/\\\/innow.pl\\\/produkty\\\/pielegnacja-i-rehabilitacja\\\/urzadzenia-do-fizjoterapii\\\/\"},{\"@type\":\"ListItem\",\"position\":5,\"name\":\"Usprawnienie lecznicze\",\"item\":\"https:\\\/\\\/innow.pl\\\/produkty\\\/pielegnacja-i-rehabilitacja\\\/urzadzenia-do-fizjoterapii\\\/usprawnienie-lecznicze\\\/\"},{\"@type\":\"ListItem\",\"position\":6,\"name\":\"Rotory\",\"item\":\"https:\\\/\\\/innow.pl\\\/produkty\\\/pielegnacja-i-rehabilitacja\\\/urzadzenia-do-fizjoterapii\\\/usprawnienie-lecznicze\\\/rotory\\\/\"},{\"@type\":\"ListItem\",\"position\":7,\"name\":\"APTINN ST1 &#8211; Rotor elektryczny do ko\u0144czyn dolnych i g\u00f3rnych ze statywem\"}]},{\"@type\":\"WebSite\",\"@id\":\"https:\\\/\\\/innow.pl\\\/#website\",\"url\":\"https:\\\/\\\/innow.pl\\\/\",\"name\":\"INNOW\",\"description\":\"\",\"potentialAction\":[{\"@type\":\"SearchAction\",\"target\":{\"@type\":\"EntryPoint\",\"urlTemplate\":\"https:\\\/\\\/innow.pl\\\/?s={search_term_string}\"},\"query-input\":{\"@type\":\"PropertyValueSpecification\",\"valueRequired\":true,\"valueName\":\"search_term_string\"}}],\"inLanguage\":\"fr-FR\"}]}<\/script>\n<!-- \/ Yoast SEO plugin. -->","yoast_head_json":{"title":"APTINN ST1 - Rotor elektryczny do ko\u0144czyn dolnych i g\u00f3rnych ze statywem - INNOW","description":"Umo\u017cliwiaj\u0105cy wykonywanie \u0107wicze\u0144 biernych i czynnych rotor elektryczny do ko\u0144czyn dolnych i g\u00f3rnych ze statywem. Mo\u017cliwo\u015b\u0107 \u0107wicze\u0144 w pozycji siedz\u0105cej!","robots":{"index":"index","follow":"follow","max-snippet":"max-snippet:-1","max-image-preview":"max-image-preview:large","max-video-preview":"max-video-preview:-1"},"canonical":"https:\/\/innow.pl\/produkt\/aptinn-st1-rotor-elektryczny-do-konczyn-dolnych-i-gornych-ze-statywem\/","og_locale":"fr_FR","og_type":"article","og_title":"APTINN ST1 - Rotor elektryczny do ko\u0144czyn dolnych i g\u00f3rnych ze statywem - INNOW","og_description":"Umo\u017cliwiaj\u0105cy wykonywanie \u0107wicze\u0144 biernych i czynnych rotor elektryczny do ko\u0144czyn dolnych i g\u00f3rnych ze statywem. Mo\u017cliwo\u015b\u0107 \u0107wicze\u0144 w pozycji siedz\u0105cej!","og_url":"https:\/\/innow.pl\/produkt\/aptinn-st1-rotor-elektryczny-do-konczyn-dolnych-i-gornych-ze-statywem\/","og_site_name":"INNOW","article_modified_time":"2025-02-27T08:24:22+00:00","og_image":[{"width":480,"height":480,"url":"https:\/\/innow.pl\/wp-content\/uploads\/2024\/11\/APTINNST1_1.jpg","type":"image\/jpeg"}],"twitter_card":"summary_large_image","twitter_misc":{"Dur\u00e9e de lecture estim\u00e9e":"2 minutes"},"schema":{"@context":"https:\/\/schema.org","@graph":[{"@type":"WebPage","@id":"https:\/\/innow.pl\/produkt\/aptinn-st1-rotor-elektryczny-do-konczyn-dolnych-i-gornych-ze-statywem\/","url":"https:\/\/innow.pl\/produkt\/aptinn-st1-rotor-elektryczny-do-konczyn-dolnych-i-gornych-ze-statywem\/","name":"APTINN ST1 - Rotor elektryczny do ko\u0144czyn dolnych i g\u00f3rnych ze statywem - INNOW","isPartOf":{"@id":"https:\/\/innow.pl\/#website"},"primaryImageOfPage":{"@id":"https:\/\/innow.pl\/produkt\/aptinn-st1-rotor-elektryczny-do-konczyn-dolnych-i-gornych-ze-statywem\/#primaryimage"},"image":{"@id":"https:\/\/innow.pl\/produkt\/aptinn-st1-rotor-elektryczny-do-konczyn-dolnych-i-gornych-ze-statywem\/#primaryimage"},"thumbnailUrl":"https:\/\/innow.pl\/wp-content\/uploads\/2024\/11\/APTINNST1_1.jpg","datePublished":"2017-07-06T07:54:36+00:00","dateModified":"2025-02-27T08:24:22+00:00","description":"Umo\u017cliwiaj\u0105cy wykonywanie \u0107wicze\u0144 biernych i czynnych rotor elektryczny do ko\u0144czyn dolnych i g\u00f3rnych ze statywem. Mo\u017cliwo\u015b\u0107 \u0107wicze\u0144 w pozycji siedz\u0105cej!","breadcrumb":{"@id":"https:\/\/innow.pl\/produkt\/aptinn-st1-rotor-elektryczny-do-konczyn-dolnych-i-gornych-ze-statywem\/#breadcrumb"},"inLanguage":"fr-FR","potentialAction":[{"@type":"ReadAction","target":["https:\/\/innow.pl\/produkt\/aptinn-st1-rotor-elektryczny-do-konczyn-dolnych-i-gornych-ze-statywem\/"]}]},{"@type":"ImageObject","inLanguage":"fr-FR","@id":"https:\/\/innow.pl\/produkt\/aptinn-st1-rotor-elektryczny-do-konczyn-dolnych-i-gornych-ze-statywem\/#primaryimage","url":"https:\/\/innow.pl\/wp-content\/uploads\/2024\/11\/APTINNST1_1.jpg","contentUrl":"https:\/\/innow.pl\/wp-content\/uploads\/2024\/11\/APTINNST1_1.jpg","width":480,"height":480,"caption":"Rotor elektryczny do ko\u0144czyn dolnych i g\u00f3rnych ze statywem \u2013 APTINN ST1 \u2013 INNOW"},{"@type":"BreadcrumbList","@id":"https:\/\/innow.pl\/produkt\/aptinn-st1-rotor-elektryczny-do-konczyn-dolnych-i-gornych-ze-statywem\/#breadcrumb","itemListElement":[{"@type":"ListItem","position":1,"name":"INNOW","item":"https:\/\/innow.pl\/fr\/"},{"@type":"ListItem","position":2,"name":"Produkty","item":"https:\/\/innow.pl\/produkty\/"},{"@type":"ListItem","position":3,"name":"Piel\u0119gnacja i rehabilitacja","item":"https:\/\/innow.pl\/produkty\/pielegnacja-i-rehabilitacja\/"},{"@type":"ListItem","position":4,"name":"Urz\u0105dzenia do fizjoterapii","item":"https:\/\/innow.pl\/produkty\/pielegnacja-i-rehabilitacja\/urzadzenia-do-fizjoterapii\/"},{"@type":"ListItem","position":5,"name":"Usprawnienie lecznicze","item":"https:\/\/innow.pl\/produkty\/pielegnacja-i-rehabilitacja\/urzadzenia-do-fizjoterapii\/usprawnienie-lecznicze\/"},{"@type":"ListItem","position":6,"name":"Rotory","item":"https:\/\/innow.pl\/produkty\/pielegnacja-i-rehabilitacja\/urzadzenia-do-fizjoterapii\/usprawnienie-lecznicze\/rotory\/"},{"@type":"ListItem","position":7,"name":"APTINN ST1 &#8211; Rotor elektryczny do ko\u0144czyn dolnych i g\u00f3rnych ze statywem"}]},{"@type":"WebSite","@id":"https:\/\/innow.pl\/#website","url":"https:\/\/innow.pl\/","name":"INNOW","description":"","potentialAction":[{"@type":"SearchAction","target":{"@type":"EntryPoint","urlTemplate":"https:\/\/innow.pl\/?s={search_term_string}"},"query-input":{"@type":"PropertyValueSpecification","valueRequired":true,"valueName":"search_term_string"}}],"inLanguage":"fr-FR"}]}},"_links":{"self":[{"href":"https:\/\/innow.pl\/fr\/wp-json\/wp\/v2\/product\/26754","targetHints":{"allow":["GET"]}}],"collection":[{"href":"https:\/\/innow.pl\/fr\/wp-json\/wp\/v2\/product"}],"about":[{"href":"https:\/\/innow.pl\/fr\/wp-json\/wp\/v2\/types\/product"}],"replies":[{"embeddable":true,"href":"https:\/\/innow.pl\/fr\/wp-json\/wp\/v2\/comments?post=26754"}],"wp:featuredmedia":[{"embeddable":true,"href":"https:\/\/innow.pl\/fr\/wp-json\/wp\/v2\/media\/26756"}],"wp:attachment":[{"href":"https:\/\/innow.pl\/fr\/wp-json\/wp\/v2\/media?parent=26754"}],"wp:term":[{"taxonomy":"product_brand","embeddable":true,"href":"https:\/\/innow.pl\/fr\/wp-json\/wp\/v2\/product_brand?post=26754"},{"taxonomy":"product_cat","embeddable":true,"href":"https:\/\/innow.pl\/fr\/wp-json\/wp\/v2\/product_cat?post=26754"},{"taxonomy":"product_tag","embeddable":true,"href":"https:\/\/innow.pl\/fr\/wp-json\/wp\/v2\/product_tag?post=26754"}],"curies":[{"name":"wp","href":"https:\/\/api.w.org\/{rel}","templated":true}]}}